{"id":958,"date":"2023-09-20T15:52:03","date_gmt":"2023-09-20T06:52:03","guid":{"rendered":"https:\/\/bitwallet.com\/?page_id=958"},"modified":"2024-01-10T14:02:43","modified_gmt":"2024-01-10T05:02:43","slug":"payment","status":"publish","type":"page","link":"https:\/\/bitwallet.com\/vi\/aboutus\/payment\/","title":{"rendered":"Gi\u1ea3i ph\u00e1p thanh to\u00e1n"},"content":{"rendered":"<div class=\"wp-block-cover alignwide header\"><span aria-hidden=\"true\" class=\"wp-block-cover__background has-black-background-color has-background-dim-0 has-background-dim\"><\/span><img loading=\"lazy\" decoding=\"async\" width=\"2000\" height=\"360\" class=\"wp-block-cover__image-background wp-image-962\" alt=\"\" src=\"https:\/\/bitwallet.com\/wp-content\/uploads\/2023\/09\/mv-aboutus-payment-jpg.webp\" data-object-fit=\"cover\"\/><div class=\"wp-block-cover__inner-container has-global-padding is-layout-constrained wp-block-cover-is-layout-constrained\">\n<h1 class=\"wp-block-heading has-text-align-left effect00\">Gi\u1ea3i ph\u00e1p thanh to\u00e1n<\/h1>\n\n\n\n<p class=\"effect00 fadeTimeA\">Gi\u1ea3i ph\u00e1p thanh to\u00e1n to\u00e0n c\u1ea7u t\u1ea1i bitwallet<\/p>\n<\/div><\/div>\n\n\n\n<h2 class=\"wp-block-heading effect00\">Gi\u1ea3i Ph\u00e1p Thanh To\u00e1n bitwallet<\/h2>\n\n\n\n<p class=\"effect00 fadeTimeA\">bitwallet \u0111\u00e3 v\u00e0 \u0111ang cung c\u1ea5p gi\u1ea3i ph\u00e1p thanh to\u00e1n h\u01b0\u1edbng \u0111\u1ebfn kinh doanh tr\u1ef1c tuy\u1ebfn, \u0111\u1ea3m b\u1ea3o h\u00e0ng tri\u1ec7u giao d\u1ecbch \u0111\u01b0\u1ee3c x\u1eed l\u00fd an to\u00e0n tr\u00ean n\u1ec1n t\u1ea3ng c\u1ee7a ch\u00fang t\u00f4i. C\u01a1 s\u1edf h\u1ea1 t\u1ea7ng thanh to\u00e1n c\u1ee7a ch\u00fang t\u00f4i bao g\u1ed3m d\u1ecbch v\u1ee5 thu n\u1ee3 thanh to\u00e1n b\u1eb1ng th\u1ebb t\u00edn d\u1ee5ng, t\u00edch h\u1ee3p v\u00ed API, D\u1ecbch v\u1ee5 c\u1ed5ng \u1ee7y quy\u1ec1n.<\/p>\n\n\n\n<div class=\"wp-block-group box effect00 fadeTimeB has-global-padding is-layout-constrained wp-block-group-is-layout-constrained\">\n<h3 class=\"wp-block-heading\">T\u1ea5t c\u1ea3 c\u00e1c gi\u1ea3i ph\u00e1p thanh to\u00e1n<\/h3>\n\n\n\n<div class=\"wp-block-columns payment-solution is-layout-flex wp-container-core-columns-is-layout-9d6595d7 wp-block-columns-is-layout-flex\">\n<div class=\"wp-block-column is-layout-flow wp-block-column-is-layout-flow\">\n<div class=\"wp-block-columns is-layout-flex wp-container-core-columns-is-layout-9d6595d7 wp-block-columns-is-layout-flex\">\n<div class=\"wp-block-column is-layout-flow wp-block-column-is-layout-flow\">\n<h4 class=\"wp-block-heading has-text-align-center\">D\u1ecbch v\u1ee5 thu h\u1ed9 thanh to\u00e1n th\u1ebb t\u00edn d\u1ee5ng<\/h4>\n<\/div>\n\n\n\n<div class=\"wp-block-column is-layout-flow wp-block-column-is-layout-flow\">\n<div class=\"wp-block-cover is-light has-custom-content-position is-position-top-center\"><span aria-hidden=\"true\" class=\"wp-block-cover__background has-black-background-color has-background-dim-10 has-background-dim\"><\/span><img loading=\"lazy\" decoding=\"async\" width=\"566\" height=\"326\" class=\"wp-block-cover__image-background wp-image-1621\" alt=\"\" src=\"https:\/\/bitwallet.com\/wp-content\/uploads\/2023\/10\/payment_solution_img01-jpg.webp\" data-object-fit=\"cover\"\/><div class=\"wp-block-cover__inner-container has-global-padding is-layout-constrained wp-block-cover-is-layout-constrained\">\n<h5 class=\"wp-block-heading has-text-align-center\">D\u1ecbch v\u1ee5 thu h\u1ed9 thanh to\u00e1n th\u1ebb t\u00edn d\u1ee5ng<\/h5>\n\n\n\n<p>bitwallet cung c\u1ea5p h\u1ed7 tr\u1ee3 thanh to\u00e1n c\u1ea3 m\u1eb7t tr\u01b0\u1edbc v\u00e0 m\u1eb7t sau cho kh\u00e1ch h\u00e0ng v\u00e0 ng\u01b0\u1eddi b\u00e1n th\u01b0\u01a1ng m\u1ea1i \u0111i\u1ec7n t\u1eed, \u0111\u1ed3ng th\u1eddi d\u1ecbch v\u1ee5 th\u1ebb t\u00edn d\u1ee5ng c\u1ee7a ch\u00fang t\u00f4i ch\u1ea5p nh\u1eadn th\u1ebb t\u00edn d\u1ee5ng h\u1ed7 tr\u1ee3 c\u00e1c th\u01b0\u01a1ng hi\u1ec7u qu\u1ed1c t\u1ebf nh\u01b0 Visa, MasterCard, American Express, Diners Club International, Discover v\u00e0 JCB.<\/p>\n\n\n\n<div class=\"wp-block-buttons is-content-justification-center is-layout-flex wp-container-core-buttons-is-layout-16018d1d wp-block-buttons-is-layout-flex\">\n<div class=\"wp-block-button only-en\"><a class=\"wp-block-button__link wp-element-button\" href=\"https:\/\/bitwallet.com\/vi\/support\/contact\/\">T\u00ecm hi\u1ec3u th\u00eam<\/a><\/div>\n\n\n\n<div class=\"wp-block-button only-ja\"><a class=\"wp-block-button__link wp-element-button\" href=\"https:\/\/bitwallet.com\/vi\/support\/contact\/\">\u30da\u30a4\u30e1\u30f3\u30c8\u30bd\u30ea\u30e5\u30fc\u30b7\u30e7\u30f3 \u304a\u554f\u3044\u5408\u308f\u305b<\/a><\/div>\n<\/div>\n\n\n\n<div class=\"wp-block-columns are-vertically-aligned-center is-not-stacked-on-mobile is-layout-flex wp-container-core-columns-is-layout-9d6595d7 wp-block-columns-is-layout-flex\">\n<div class=\"wp-block-column is-vertically-aligned-center is-layout-flow wp-block-column-is-layout-flow\" style=\"flex-basis:70px\">\n<figure class=\"wp-block-image size-full is-resized\"><img loading=\"lazy\" decoding=\"async\" width=\"172\" height=\"66\" src=\"https:\/\/bitwallet.com\/wp-content\/uploads\/2023\/10\/logo_pcidss-wh.png\" alt=\"\" class=\"wp-image-1619\" style=\"width:70px\"\/><\/figure>\n<\/div>\n\n\n\n<div class=\"wp-block-column is-vertically-aligned-center is-layout-flow wp-block-column-is-layout-flow\">\n<p class=\"has-small-font-size\">Tu\u00e2n th\u1ee7 \u0111\u1ea7y \u0111\u1ee7 PCI DSS Phi\u00ean b\u1ea3n 3.2 \u0111\u00e3 \u0111\u01b0\u1ee3c ph\u00ea duy\u1ec7t<\/p>\n<\/div>\n<\/div>\n<\/div><\/div>\n<\/div>\n<\/div>\n<\/div>\n\n\n\n<div class=\"wp-block-column is-layout-flow wp-block-column-is-layout-flow\">\n<div class=\"wp-block-columns is-layout-flex wp-container-core-columns-is-layout-9d6595d7 wp-block-columns-is-layout-flex\">\n<div class=\"wp-block-column is-layout-flow wp-block-column-is-layout-flow\">\n<h4 class=\"wp-block-heading has-text-align-center\">T\u00edch h\u1ee3p v\u00ed API<\/h4>\n<\/div>\n\n\n\n<div class=\"wp-block-column is-layout-flow wp-block-column-is-layout-flow\">\n<div class=\"wp-block-cover has-custom-content-position is-position-top-center\"><span aria-hidden=\"true\" class=\"wp-block-cover__background has-pale-pink-background-color has-background-dim-0 has-background-dim\"><\/span><img loading=\"lazy\" decoding=\"async\" width=\"566\" height=\"326\" class=\"wp-block-cover__image-background wp-image-1623\" alt=\"\" src=\"https:\/\/bitwallet.com\/wp-content\/uploads\/2023\/10\/payment_solution_img02-jpg.webp\" data-object-fit=\"cover\"\/><div class=\"wp-block-cover__inner-container has-global-padding is-layout-constrained wp-block-cover-is-layout-constrained\">\n<h5 class=\"wp-block-heading has-text-align-center\">T\u00edch h\u1ee3p v\u00ed API<\/h5>\n\n\n\n<p>bitwallet h\u1ed7 tr\u1ee3 t\u00edch h\u1ee3p li\u1ec1n m\u1ea1ch API d\u1ecbch v\u1ee5 thanh to\u00e1n v\u00e0o ho\u1ea1t \u0111\u1ed9ng kinh doanh tr\u1ef1c tuy\u1ebfn c\u1ee7a b\u1ea1n, cho ph\u00e9p nhi\u1ec1u t\u00ednh n\u0103ng tr\u1ef1c ti\u1ebfp kh\u00e1c nhau nh\u01b0 th\u1ebb t\u00edn d\u1ee5ng v\u00e0 thanh to\u00e1n ng\u00e2n h\u00e0ng, n\u1ec1n t\u1ea3ng thanh to\u00e1n t\u1ea5t c\u1ea3 trong m\u1ed9t.<\/p>\n\n\n\n<div class=\"wp-block-buttons is-content-justification-center is-layout-flex wp-container-core-buttons-is-layout-16018d1d wp-block-buttons-is-layout-flex\">\n<div class=\"wp-block-button only-en\"><a class=\"wp-block-button__link wp-element-button\" href=\"https:\/\/bitwallet.com\/vi\/support\/contact\/\">T\u00ecm hi\u1ec3u th\u00eam<\/a><\/div>\n\n\n\n<div class=\"wp-block-button only-ja\"><a class=\"wp-block-button__link wp-element-button\" href=\"https:\/\/bitwallet.com\/vi\/support\/contact\/\">\u30da\u30a4\u30e1\u30f3\u30c8\u30bd\u30ea\u30e5\u30fc\u30b7\u30e7\u30f3 \u304a\u554f\u3044\u5408\u308f\u305b<\/a><\/div>\n<\/div>\n<\/div><\/div>\n<\/div>\n<\/div>\n<\/div>\n<\/div>\n<\/div>","protected":false},"excerpt":{"rendered":"<p>Discover bitwallet, nh\u00e0 cung c\u1ea5p v\u00ed k\u1ef9 thu\u1eadt s\u1ed1 nhanh ch\u00f3ng, an to\u00e0n v\u00e0 ti\u1ec7n l\u1ee3i. Ch\u00fang t\u00f4i cung c\u1ea5p gi\u1ea3i ph\u00e1p thanh to\u00e1n cho giao d\u1ecbch c\u1ee7a b\u1ea1n. \u0110\u0103ng k\u00fd m\u1ed9t t\u00e0i kho\u1ea3n mi\u1ec5n ph\u00ed ngay b\u00e2y gi\u1edd.<\/p>","protected":false},"author":5,"featured_media":0,"parent":322,"menu_order":8,"comment_status":"closed","ping_status":"closed","template":"","meta":{"footnotes":""},"class_list":["post-958","page","type-page","status-publish","hentry"],"_links":{"self":[{"href":"https:\/\/bitwallet.com\/vi\/wp-json\/wp\/v2\/pages\/958","targetHints":{"allow":["GET"]}}],"collection":[{"href":"https:\/\/bitwallet.com\/vi\/wp-json\/wp\/v2\/pages"}],"about":[{"href":"https:\/\/bitwallet.com\/vi\/wp-json\/wp\/v2\/types\/page"}],"author":[{"embeddable":true,"href":"https:\/\/bitwallet.com\/vi\/wp-json\/wp\/v2\/users\/5"}],"replies":[{"embeddable":true,"href":"https:\/\/bitwallet.com\/vi\/wp-json\/wp\/v2\/comments?post=958"}],"version-history":[{"count":36,"href":"https:\/\/bitwallet.com\/vi\/wp-json\/wp\/v2\/pages\/958\/revisions"}],"predecessor-version":[{"id":3175,"href":"https:\/\/bitwallet.com\/vi\/wp-json\/wp\/v2\/pages\/958\/revisions\/3175"}],"up":[{"embeddable":true,"href":"https:\/\/bitwallet.com\/vi\/wp-json\/wp\/v2\/pages\/322"}],"wp:attachment":[{"href":"https:\/\/bitwallet.com\/vi\/wp-json\/wp\/v2\/media?parent=958"}],"curies":[{"name":"wp","href":"https:\/\/api.w.org\/{rel}","templated":true}]}}