{"id":948,"date":"2023-09-20T15:36:40","date_gmt":"2023-09-20T06:36:40","guid":{"rendered":"https:\/\/bitwallet.com\/?page_id=948"},"modified":"2024-03-19T16:21:20","modified_gmt":"2024-03-19T07:21:20","slug":"company","status":"publish","type":"page","link":"https:\/\/bitwallet.com\/vi\/aboutus\/company\/","title":{"rendered":"C\u00f4ng ty"},"content":{"rendered":"<div class=\"wp-block-cover alignwide header\"><span aria-hidden=\"true\" class=\"wp-block-cover__background has-black-background-color has-background-dim-0 has-background-dim\"><\/span><img loading=\"lazy\" decoding=\"async\" width=\"2000\" height=\"360\" class=\"wp-block-cover__image-background wp-image-956\" alt=\"\" src=\"https:\/\/bitwallet.com\/wp-content\/uploads\/2023\/09\/mv-aboutus-company-jpg.webp\" data-object-fit=\"cover\"\/><div class=\"wp-block-cover__inner-container has-global-padding is-layout-constrained wp-block-cover-is-layout-constrained\">\n<h1 class=\"wp-block-heading has-text-align-left\">C\u00f4ng ty<\/h1>\n\n\n\n<p>Th\u00f4ng tin c\u00f4ng ty to\u00e0n c\u1ea7u<\/p>\n<\/div><\/div>\n\n\n\n<div class=\"wp-block-group box has-global-padding is-layout-constrained wp-block-group-is-layout-constrained\">\n<h3 class=\"wp-block-heading\">V\u1ec1 ch\u00fang t\u00f4i<\/h3>\n\n\n\n<p>K\u1ec3 t\u1eeb khi th\u00e0nh l\u1eadp t\u1ea1i Singapore v\u00e0o n\u0103m 2012, ch\u00fang t\u00f4i \u0111\u00e3 cung c\u1ea5p nhi\u1ec1u lo\u1ea1i d\u1ecbch v\u1ee5 thanh to\u00e1n cho c\u00e1c n\u01b0\u1edbc ch\u00e2u \u00c1 v\u00e0 c\u00e1c n\u01b0\u1edbc kh\u00e1c tr\u00ean th\u1ebf gi\u1edbi. Ch\u00fang t\u00f4i \u0111\u00e3 ti\u1ebfp t\u1ee5c theo \u0111u\u1ed5i c\u00e1c kh\u1ea3 n\u0103ng cung c\u1ea5p gi\u1ea3i ph\u00e1p thanh to\u00e1n t\u1ed1t h\u01a1n cho ng\u01b0\u1eddi b\u00e1n v\u00e0 kh\u00e1ch h\u00e0ng c\u1ee7a h\u1ecd, \u0111\u1ed3ng th\u1eddi ch\u00fang t\u00f4i \u0111\u00e3 b\u1eaft \u0111\u1ea7u cung c\u1ea5p d\u1ecbch v\u1ee5 \u201cbitwallet\u201d \u0111\u1ed3ng th\u1eddi n\u00e2ng c\u1ea5p d\u1ecbch v\u1ee5 c\u1ee7a m\u00ecnh. Ch\u00fang t\u00f4i hi\u1ec3u v\u00e0 l\u00e0m quen v\u1edbi nh\u1eefng kh\u00e1c bi\u1ec7t gi\u1eefa c\u00e1c ph\u01b0\u01a1ng th\u1ee9c thanh to\u00e1n qu\u1ed1c t\u1ebf tr\u1ef1c tuy\u1ebfn v\u00e0 ng\u00e0nh c\u00f4ng ngh\u1ec7 tr\u00ean th\u1ecb tr\u01b0\u1eddng t\u00e0i ch\u00ednh, \u0111\u1ed3ng th\u1eddi nh\u1eadn ra r\u1eb1ng s\u1ee9 m\u1ec7nh c\u1ee7a ch\u00fang t\u00f4i l\u00e0 t\u1ea1o ra v\u00e0 cung c\u1ea5p n\u1ec1n t\u1ea3ng thanh to\u00e1n li\u1ec1n m\u1ea1ch cho t\u1ea5t c\u1ea3 ch\u1ee7 doanh nghi\u1ec7p v\u00e0 kh\u00e1ch h\u00e0ng c\u1ee7a h\u1ecd tr\u00ean to\u00e0n th\u1ebf gi\u1edbi.<\/p>\n<\/div>\n\n\n\n<p>N\u1ebfu b\u1ea1n c\u00f3 b\u1ea5t k\u1ef3 c\u00e2u h\u1ecfi n\u00e0o li\u00ean quan \u0111\u1ebfn d\u1ecbch v\u1ee5 bitwallet, vui l\u00f2ng li\u00ean h\u1ec7 v\u1edbi ch\u00fang t\u00f4i b\u1eb1ng c\u00e1ch ch\u1ecdn c\u00e1c t\u00f9y ch\u1ecdn sau.<\/p>\n\n\n\n<div class=\"wp-block-group box has-global-padding is-layout-constrained wp-block-group-is-layout-constrained\">\n<h3 class=\"wp-block-heading\">\u0110\u1ec3 \u0111\u01b0\u1ee3c h\u1ed7 tr\u1ee3 kh\u00e1ch h\u00e0ng<\/h3>\n\n\n\n<p>N\u1ebfu b\u1ea1n c\u00f3 b\u1ea5t k\u1ef3 c\u00e2u h\u1ecfi n\u00e0o li\u00ean quan \u0111\u1ebfn vi\u1ec7c m\u1edf t\u00e0i kho\u1ea3n, c\u00e1ch s\u1eed d\u1ee5ng t\u00e0i kho\u1ea3n ho\u1eb7c d\u1ecbch v\u1ee5 c\u1ee7a ch\u00fang t\u00f4i, vui l\u00f2ng li\u00ean h\u1ec7 v\u1edbi ch\u00fang t\u00f4i t\u1ea1i \u0111\u00e2y.<\/p>\n\n\n\n<div class=\"wp-block-buttons is-content-justification-center is-layout-flex wp-container-core-buttons-is-layout-16018d1d wp-block-buttons-is-layout-flex\">\n<div class=\"wp-block-button effect01\"><a class=\"wp-block-button__link wp-element-button\" href=\"\/vi\/support\/contact\/customer-inquiry\/\">\u0110\u1ec3 \u0111\u01b0\u1ee3c h\u1ed7 tr\u1ee3 kh\u00e1ch h\u00e0ng<\/a><\/div>\n<\/div>\n<\/div>\n\n\n\n<div class=\"wp-block-group box has-global-padding is-layout-constrained wp-block-group-is-layout-constrained\">\n<h3 class=\"wp-block-heading\">D\u00e0nh cho th\u01b0\u01a1ng gia<\/h3>\n\n\n\n<p>N\u1ebfu b\u1ea1n l\u00e0 th\u00e0nh vi\u00ean c\u1ee7a ng\u01b0\u1eddi b\u00e1n ho\u1eb7c \u0111ang c\u00e2n nh\u1eafc \u0111\u0103ng k\u00fd l\u00e0m ng\u01b0\u1eddi b\u00e1n, vui l\u00f2ng li\u00ean h\u1ec7 v\u1edbi ch\u00fang t\u00f4i t\u1ea1i \u0111\u00e2y.<\/p>\n\n\n\n<div class=\"wp-block-buttons is-content-justification-center is-layout-flex wp-container-core-buttons-is-layout-16018d1d wp-block-buttons-is-layout-flex\">\n<div class=\"wp-block-button effect01\"><a class=\"wp-block-button__link wp-element-button\" href=\"\/vi\/support\/contact\/merchant-inquiry\/\">D\u00e0nh cho th\u01b0\u01a1ng gia<\/a><\/div>\n<\/div>\n<\/div>\n\n\n\n<div class=\"wp-block-group box has-global-padding is-layout-constrained wp-block-group-is-layout-constrained\">\n<h3 class=\"wp-block-heading\">D\u00e0nh cho c\u00e1c c\u00e2u h\u1ecfi v\u1ec1 ph\u01b0\u01a1ng ti\u1ec7n truy\u1ec1n th\u00f4ng<\/h3>\n\n\n\n<p>N\u1ebfu b\u1ea1n l\u00e0 th\u00e0nh vi\u00ean c\u1ee7a gi\u1edbi truy\u1ec1n th\u00f4ng ho\u1eb7c mu\u1ed1n li\u00ean h\u1ec7 v\u00ec m\u1ee5c \u0111\u00edch truy\u1ec1n th\u00f4ng ho\u1eb7c ti\u1ebfp th\u1ecb, vui l\u00f2ng li\u00ean h\u1ec7 v\u1edbi ch\u00fang t\u00f4i.<\/p>\n\n\n\n<div class=\"wp-block-buttons is-content-justification-center is-layout-flex wp-container-core-buttons-is-layout-16018d1d wp-block-buttons-is-layout-flex\">\n<div class=\"wp-block-button effect01\"><a class=\"wp-block-button__link wp-element-button\" href=\"\/vi\/support\/contact\/media-inquiry\/\">D\u00e0nh cho c\u00e1c c\u00e2u h\u1ecfi v\u1ec1 ph\u01b0\u01a1ng ti\u1ec7n truy\u1ec1n th\u00f4ng<\/a><\/div>\n<\/div>\n<\/div>","protected":false},"excerpt":{"rendered":"<p>Gi\u1edbi thi\u1ec7u v\u1ec1 ch\u00fang t\u00f4i K\u1ec3 t\u1eeb khi th\u00e0nh l\u1eadp t\u1ea1i Singapore v\u00e0o n\u0103m 2012, ch\u00fang t\u00f4i \u0111\u00e3 cung c\u1ea5p nhi\u1ec1u lo\u1ea1i d\u1ecbch v\u1ee5 thanh to\u00e1n cho c\u00e1c n\u01b0\u1edbc ch\u00e2u \u00c1 v\u00e0 c\u00e1c n\u01b0\u1edbc kh\u00e1c tr\u00ean th\u1ebf gi\u1edbi. Ch\u00fang t\u00f4i \u0111\u00e3 ti\u1ebfp t\u1ee5c theo \u0111u\u1ed5i c\u00e1c kh\u1ea3 n\u0103ng cung c\u1ea5p gi\u1ea3i ph\u00e1p thanh to\u00e1n t\u1ed1t h\u01a1n cho ng\u01b0\u1eddi b\u00e1n v\u00e0 kh\u00e1ch h\u00e0ng c\u1ee7a h\u1ecd, \u0111\u1ed3ng th\u1eddi ch\u00fang t\u00f4i \u0111\u00e3 b\u1eaft \u0111\u1ea7u cung c\u1ea5p d\u1ecbch v\u1ee5 \u201cbitwallet\u201d \u0111\u1ed3ng th\u1eddi n\u00e2ng c\u1ea5p d\u1ecbch v\u1ee5 c\u1ee7a m\u00ecnh. Ch\u00fang t\u00f4i hi\u1ec3u v\u00e0 l\u00e0m quen v\u1edbi nh\u1eefng kh\u00e1c bi\u1ec7t gi\u1eefa c\u00e1c ph\u01b0\u01a1ng th\u1ee9c thanh to\u00e1n qu\u1ed1c t\u1ebf tr\u1ef1c tuy\u1ebfn v\u00e0 ng\u00e0nh c\u00f4ng ngh\u1ec7 tr\u00ean th\u1ecb tr\u01b0\u1eddng t\u00e0i ch\u00ednh, \u0111\u1ed3ng th\u1eddi nh\u1eadn ra r\u1eb1ng s\u1ee9 m\u1ec7nh c\u1ee7a ch\u00fang t\u00f4i l\u00e0 t\u1ea1o ra v\u00e0 cung c\u1ea5p n\u1ec1n t\u1ea3ng thanh to\u00e1n li\u1ec1n m\u1ea1ch cho t\u1ea5t c\u1ea3 ch\u1ee7 doanh nghi\u1ec7p v\u00e0 kh\u00e1ch h\u00e0ng c\u1ee7a h\u1ecd tr\u00ean to\u00e0n th\u1ebf gi\u1edbi. N\u1ebfu b\u1ea1n c\u00f3 b\u1ea5t k\u1ef3 c\u00e2u h\u1ecfi n\u00e0o v\u1ec1 d\u1ecbch v\u1ee5 bitwallet, vui l\u00f2ng li\u00ean h\u1ec7 v\u1edbi ch\u00fang t\u00f4i b\u1eb1ng c\u00e1ch ch\u1ecdn\u2026<\/p>","protected":false},"author":5,"featured_media":0,"parent":322,"menu_order":9,"comment_status":"closed","ping_status":"closed","template":"","meta":{"footnotes":""},"class_list":["post-948","page","type-page","status-publish","hentry"],"_links":{"self":[{"href":"https:\/\/bitwallet.com\/vi\/wp-json\/wp\/v2\/pages\/948","targetHints":{"allow":["GET"]}}],"collection":[{"href":"https:\/\/bitwallet.com\/vi\/wp-json\/wp\/v2\/pages"}],"about":[{"href":"https:\/\/bitwallet.com\/vi\/wp-json\/wp\/v2\/types\/page"}],"author":[{"embeddable":true,"href":"https:\/\/bitwallet.com\/vi\/wp-json\/wp\/v2\/users\/5"}],"replies":[{"embeddable":true,"href":"https:\/\/bitwallet.com\/vi\/wp-json\/wp\/v2\/comments?post=948"}],"version-history":[{"count":13,"href":"https:\/\/bitwallet.com\/vi\/wp-json\/wp\/v2\/pages\/948\/revisions"}],"predecessor-version":[{"id":4665,"href":"https:\/\/bitwallet.com\/vi\/wp-json\/wp\/v2\/pages\/948\/revisions\/4665"}],"up":[{"embeddable":true,"href":"https:\/\/bitwallet.com\/vi\/wp-json\/wp\/v2\/pages\/322"}],"wp:attachment":[{"href":"https:\/\/bitwallet.com\/vi\/wp-json\/wp\/v2\/media?parent=948"}],"curies":[{"name":"wp","href":"https:\/\/api.w.org\/{rel}","templated":true}]}}