{"id":922,"date":"2023-09-13T16:55:29","date_gmt":"2023-09-13T07:55:29","guid":{"rendered":"https:\/\/bitwallet.com\/?page_id=922"},"modified":"2024-03-25T15:11:00","modified_gmt":"2024-03-25T06:11:00","slug":"status","status":"publish","type":"page","link":"https:\/\/bitwallet.com\/vi\/service\/status\/","title":{"rendered":"T\u00ecnh tr\u1ea1ng t\u00e0i kho\u1ea3n"},"content":{"rendered":"<div class=\"wp-block-cover alignwide header\"><span aria-hidden=\"true\" class=\"wp-block-cover__background has-black-background-color has-background-dim-0 has-background-dim\"><\/span><img loading=\"lazy\" decoding=\"async\" width=\"2000\" height=\"360\" class=\"wp-block-cover__image-background wp-image-1127\" alt=\"\" src=\"https:\/\/bitwallet.com\/wp-content\/uploads\/2023\/09\/mv-serive_status-jpg.webp\" data-object-fit=\"cover\"\/><div class=\"wp-block-cover__inner-container has-global-padding is-layout-constrained wp-block-cover-is-layout-constrained\">\n<h1 class=\"wp-block-heading has-text-align-left effect00\">T\u00ecnh tr\u1ea1ng t\u00e0i kho\u1ea3n<\/h1>\n\n\n\n<p class=\"effect00 fadeTimeA\">Nhi\u1ec1u t\u00ednh n\u0103ng b\u1ed5 sung h\u01a1n c\u00f3 s\u1eb5n khi b\u1ea1n s\u1eed d\u1ee5ng<\/p>\n<\/div><\/div>\n\n\n\n<h2 class=\"wp-block-heading has-text-align-left effect00\">T\u00ecnh tr\u1ea1ng t\u00e0i kho\u1ea3n<\/h2>\n\n\n\n<p>N\u00e2ng c\u1ea5p tr\u1ea1ng th\u00e1i t\u00e0i kho\u1ea3n c\u1ee7a b\u1ea1n khi b\u1ea1n t\u1ea3i l\u00ean c\u00e1c t\u00e0i li\u1ec7u x\u00e1c minh danh t\u00ednh \u0111\u01b0\u1ee3c y\u00eau c\u1ea7u. M\u1edf r\u1ed9ng th\u00eam nhi\u1ec1u t\u00ednh n\u0103ng b\u1ed5 sung. T\u1eadn h\u01b0\u1edfng ph\u00ed g\u1eedi v\u00e0 r\u00fat ti\u1ec1n \u1edf m\u1ee9c m\u1ed9t n\u1eeda khi b\u1ea1n t\u00edch l\u0169y m\u1ee9c s\u1eed d\u1ee5ng t\u00e0i kho\u1ea3n.<\/p>\n\n\n\n<p>Tr\u1ea1ng th\u00e1i t\u00e0i kho\u1ea3n s\u1ebd thay \u0111\u1ed5i khi b\u1ea1n s\u1eed d\u1ee5ng trong n\u0103m. Nhi\u1ec1u t\u00ednh n\u0103ng b\u1ed5 sung v\u00e0 \u0111\u1eb7c quy\u1ec1n s\u1ebd \u0111\u01b0\u1ee3c cung c\u1ea5p cho b\u1ea1n.<\/p>\n\n\n\n<div class=\"wp-block-group box account-status effect00 fadeTimeB has-global-padding is-layout-constrained wp-block-group-is-layout-constrained\">\n<h3 class=\"wp-block-heading\">Xem tr\u1ea1ng th\u00e1i t\u00e0i kho\u1ea3n<\/h3>\n\n\n\n<h4 class=\"wp-block-heading\">T\u00ecnh tr\u1ea1ng \u0111\u0103ng k\u00fd v\u00e0 c\u00e1ch s\u1eed d\u1ee5ng<\/h4>\n\n\n\n<div class=\"tblScrl\">\n<!-- table start -->\n<div class=\"statusTable01 statusTable01Information01 spaceCommon04\">\n\n<!-- table header start -->\n<div class=\"flexCommon01 statusTable01Header01 statusTable01Layout01\">\n<div class=\"statusTrial01\">\n<p class=\"statusTable01Header01Name01\">S\u1ef1 th\u1eed nghi\u1ec7m<\/p>\n<p class=\"statusTable01Header01Txt01\">\nT\u00e0i kho\u1ea3n c\u1ee7a b\u1ea1n \u0111\u00e3 \u0111\u01b0\u1ee3c \u0111\u0103ng k\u00fd. Tr\u1ea1ng th\u00e1i t\u00e0i kho\u1ea3n c\u1ee7a b\u1ea1n s\u1ebd \u0111\u01b0\u1ee3c n\u00e2ng c\u1ea5p n\u1ebfu b\u1ea1n g\u1eedi t\u00e0i li\u1ec7u x\u00e1c minh.\n<\/p>\n<\/div>\n<div class=\"statusBasic01\">\n<p class=\"statusTable01Header01Name01\">N\u1ec1n t\u1ea3ng<\/p>\n<p class=\"statusTable01Header01Txt01\">\nT\u1eadn h\u01b0\u1edfng t\u1ea5t c\u1ea3 c\u00e1c t\u00ednh n\u0103ng c\u1ee7a bitwallet khi t\u1ea3i l\u00ean m\u1ecdi t\u00e0i li\u1ec7u x\u00e1c minh.\n<\/p>\n<\/div>\n<div class=\"statusPro01\">\n<p class=\"statusTable01Header01Name01\">chuy\u00ean nghi\u1ec7p<\/p>\n<p class=\"statusTable01Header01Txt01 translation-block\">Ng\u01b0\u1eddi d\u00f9ng c\u00f3 kho\u1ea3n ti\u1ec1n g\u1eedi c\u1ed1 \u0111\u1ecbnh s\u1ebd \u0111\u01b0\u1ee3c r\u00fat ti\u1ec1n v\u1edbi m\u1ee9c ph\u00ed th\u1ea5p h\u01a1n 25% so v\u1edbi m\u1ee9c ph\u00ed th\u00f4ng th\u01b0\u1eddng. <span class=\"pl10 fs07\">(\u203b1)<\/span><\/p>\n<\/div>\n<div class=\"statusUnlimited01\">\n<p class=\"statusTable01Header01Name01\"><span class=\"only-en\">V\u00f4 h\u1ea1n<\/span><span class=\"only-ja\">\u30a2\u30f3\u30ea\u30df\u30c6\u30c3\u30c9<\/span><\/p>\n<p class=\"statusTable01Header01Txt01 translation-block\">T\u1eadn h\u01b0\u1edfng ph\u00ed r\u00fat ti\u1ec1n \u00edt h\u01a1n 50% khi b\u1ea1n s\u1eed d\u1ee5ng nhi\u1ec1u h\u01a1n. <span class=\"pl10 fs07\">(\u203b1)<\/span><\/p>\n<\/div>\n<\/div>\n<!-- table header end -->\n\n<!-- table body start -->\n<div class=\"statusTable01Body01 statusTable01Layout01\">\n<div class=\"statusTable01Body01Inner01 statusTable01Layout01\">\n<div class=\"statusTable01Body01Inner02 statusTable01Layout01\">\n<div class=\"statusTable01Body01Inner03 statusTable01Layout01\">\n\n<ul class=\"listLayout30\">\n\n<!-- table tbody start -->\n<li class=\"statusTable01Tbody01\">\n\n<!-- table tbody chapter start -->\n<p class=\"statusTable01Tbody01Name02 chapterCommon01 styleA fcBlue01\">\nG\u1eedi t\u00e0i li\u1ec7u x\u00e1c minh\n<\/p>\n<!-- table tbody chapter end -->\n\n<ul class=\"listLayout15\">\n\n<!-- table tr start -->\n<li class=\"statusTable01Tr01\">\n<div class=\"statusTable01Tr01Name01\"><p>\nX\u00e1c minh \u1ea3nh selfie ID \u0111\u00e3 ho\u00e0n t\u1ea5t\n<\/p><\/div>\n<p class=\"statusTable01Td01 tdColspan3 tdStart2\"><\/p>\n<\/li>\n<!-- table tr end -->\n\n<!-- table tr start -->\n<li class=\"statusTable01Tr01\">\n<div class=\"statusTable01Tr01Name01\"><p>\nB\u1eb1ng ch\u1ee9ng x\u00e1c minh n\u01a1i c\u01b0 tr\u00fa hi\u1ec7n t\u1ea1i \u0111\u00e3 ho\u00e0n th\u00e0nh (\u0111\u01b0\u1ee3c c\u1ea5p trong v\u00f2ng 3 th\u00e1ng)\n<\/p><\/div>\n<p class=\"statusTable01Td01 tdColspan3 tdStart2\"><\/p>\n<\/li>\n<!-- table tr end -->\n\n<\/ul>\n\n<\/li>\n<!-- table tbody end -->\n\n<!-- table tbody start -->\n<li class=\"statusTable01Tbody01\">\n\n<!-- table tbody chapter start -->\n<p class=\"chapterCommon01 styleA fcBlue01 mb15\">\n<span class=\"only-en\">B\u1ea3o v\u1ec7<\/span><span class=\"only-ja\">\u30bb\u30ad\u30e5\u30ea\u30c6\u30a3<\/span>\n<\/p>\n<!-- table tbody chapter end -->\n\n<ul class=\"listLayout15\">\n\n<!-- table tr start -->\n<li class=\"statusTable01Tr01\">\n<div class=\"statusTable01Tr01Name01\"><p>\n\u0110\u00e3 ho\u00e0n t\u1ea5t th\u00e0nh c\u00f4ng x\u00e1c th\u1ef1c hai y\u1ebfu t\u1ed1 b\u1eb1ng m\u00e3 th\u00f4ng b\u00e1o\n<\/p><\/div>\n<p class=\"statusTable01Td01 tdColspan3 tdStart2\"><\/p>\n<\/li>\n<!-- table tr end -->\n\n<\/ul>\n\n<\/li>\n<!-- table tbody end -->\n\n<!-- table tbody start -->\n<li class=\"statusTable01Tbody01\">\n\n<!-- table tbody chapter start -->\n<p class=\"chapterCommon01 styleA fcBlue01 mb15\">\nC\u00e1ch s\u1eed d\u1ee5ng\n<\/p>\n<!-- table tbody chapter end -->\n\n<ul class=\"listLayout15\">\n\n<!-- table tr start -->\n<li class=\"statusTable01Tr01\">\n<div class=\"statusTable01Tr01Name01\"><p>\nS\u1ed1 ti\u1ec1n \u0111\u1eb7t c\u1ecdc trong v\u00f2ng m\u1ed9t n\u0103m\n<\/p><\/div>\n<p class=\"statusTable01Td01 tdColspan1 tdStart3\">\n10.000 USD tr\u1edf l\u00ean\n<\/p>\n<p class=\"statusTable01Td01 tdColspan1 tdStart4\">\n30.000 USD tr\u1edf l\u00ean\n<\/p>\n<\/li>\n<!-- table tr end -->\n\n<!-- table tr start -->\n<li class=\"statusTable01Tr01\">\n<div class=\"statusTable01Tr01Name01\"><p>\nTh\u1eddi gian g\u1eedi, r\u00fat v\u00e0 g\u1eedi giao d\u1ecbch trong v\u00f2ng m\u1ed9t n\u0103m\n<\/p><\/div>\n<p class=\"statusTable01Td01 tdColspan1 tdStart3\">\n10 l\u1ea7n tr\u1edf l\u00ean\n<\/p>\n<p class=\"statusTable01Td01 tdColspan1 tdStart4\">\n30 l\u1ea7n tr\u1edf l\u00ean\n<\/p>\n<\/li>\n<!-- table tr end -->\n\n<\/ul>\n\n<\/li>\n<!-- table tbody end -->\n\n<\/ul>\n\n<\/div>\n<\/div>\n<\/div>\n<\/div>\n<!-- table body end -->\n\n<\/div>\n<!-- table end -->\n<\/div>\n\n\n\n<ul class=\"note kome wp-block-list\">\n<li>Vi\u1ec7c gi\u1ea3m gi\u00e1 ch\u1ec9 \u00e1p d\u1ee5ng cho ph\u00ed r\u00fat ti\u1ec1n c\u1ed1 \u0111\u1ecbnh.<\/li>\n<\/ul>\n\n\n\n<h4 class=\"wp-block-heading\">D\u1ecbch v\u1ee5 c\u00f3 s\u1eb5n<\/h4>\n\n\n\n<div class=\"tblScrl\">\n<!-- table start -->\n<div class=\"statusTable01 statusTable01Service01 spaceCommon04\">\n\n<!-- table header start -->\n<div class=\"flexCommon01 statusTable01Header01 statusTable01Layout01\">\n<div class=\"statusTrial01\">\n<p class=\"statusTable01Header01Name02\">S\u1ef1 th\u1eed nghi\u1ec7m<span class=\"pl10 fs07\">(\u203b)<\/span><\/p>\n<\/div>\n<div class=\"statusBasic01\">\n<p class=\"statusTable01Header01Name02\">N\u1ec1n t\u1ea3ng<\/p>\n<\/div>\n<div class=\"statusPro01\">\n<p class=\"statusTable01Header01Name02\">chuy\u00ean nghi\u1ec7p<\/p>\n<\/div>\n<div class=\"statusUnlimited01\">\n<p class=\"statusTable01Header01Name02\"><span class=\"only-en\">V\u00f4 h\u1ea1n<\/span><span class=\"only-ja\">\u30a2\u30f3\u30ea\u30df\u30c6\u30c3\u30c9<\/span><\/p>\n<\/div>\n<\/div>\n<!-- table header end -->\n\n<!-- table body start -->\n<div class=\"statusTable01Body01 statusTable01Layout01\">\n<div class=\"statusTable01Body01Inner01 statusTable01Layout01\">\n<div class=\"statusTable01Body01Inner02 statusTable01Layout01\">\n<div class=\"statusTable01Body01Inner03 statusTable01Layout01\">\n\n<ul class=\"listLayout30\">\n\n<!-- table tbody start -->\n<li class=\"statusTable01Tbody01\">\n\n<!-- table tbody chapter start -->\n<p class=\"statusTable01Tbody01Name01 chapterCommon01 styleA fcBlue01\">\n<span class=\"only-en\">Ti\u1ec1n g\u1eedi<\/span><span class=\"only-ja\">\u3054\u5165\u91d1<\/span>\n<\/p>\n<!-- table tbody chapter end -->\n\n<ul class=\"listLayout15\">\n\n<!-- table tr start -->\n<li class=\"statusTable01Tr01\">\n<div class=\"statusTable01Tr01Name01\"><p>\nG\u1eedi ti\u1ec1n b\u1eb1ng t\u1ea5t c\u1ea3 c\u00e1c th\u1ebb t\u00edn d\u1ee5ng\/th\u1ebb ghi n\u1ee3\n<span class=\"pl10 fs07\">(\u203b1)<\/span><\/p><\/div>\n<p class=\"statusTable01Td01 tdColspan1 tdStart2\">\nGi\u1edbi h\u1ea1n 25.000 USD\/th\u00e1ng\n<\/p>\n<p class=\"statusTable01Td01 tdColspan1 tdStart3\">\nGi\u1edbi h\u1ea1n 50.000 USD\/th\u00e1ng\n<\/p>\n<p class=\"statusTable01Td01 tdColspan1 tdStart4\">V\u00f4 h\u1ea1n<\/p>\n<\/li>\n<!-- table tr end -->\n\n<!-- table tr start -->\n<li class=\"statusTable01Tr01\">\n<div class=\"statusTable01Tr01Name01\"><p>\nG\u1eedi ti\u1ec1n b\u1eb1ng chuy\u1ec3n kho\u1ea3n ng\u00e2n h\u00e0ng\n<\/p><\/div>\n<p class=\"statusTable01Td01 tdColspan3 tdStart2\">V\u00f4 h\u1ea1n<\/p>\n<\/li>\n<!-- table tr end -->\n\t\n<\/ul>\n\n<\/li>\n<!-- table tbody end -->\n\n<!-- table tbody start -->\n<li class=\"statusTable01Tbody01\">\n\n<!-- table tbody chapter start -->\n<p class=\"chapterCommon01 styleA fcBlue01 mb15\">\n<span class=\"only-en\">R\u00fat<\/span><span class=\"only-ja\">\u3054\u51fa\u91d1<\/span>\n<\/p>\n<!-- table tbody chapter end -->\n\n<ul class=\"listLayout15\">\n\n<!-- table tr start -->\n<li class=\"statusTable01Tr01\">\n<div class=\"statusTable01Tr01Name01\"><p>\nR\u00fat ti\u1ec1n b\u1eb1ng chuy\u1ec3n kho\u1ea3n ng\u00e2n h\u00e0ng<\/p><\/div>\n<p class=\"statusTable01Td01 tdColspan1 tdStart2\">V\u00f4 h\u1ea1n<span class=\"fs07\">(\u203b2)<\/span><\/p>\n<p class=\"statusTable01Td01 tdColspan1 tdStart3\">\nV\u00f4 h\u1ea1n<span class=\"fs07\">(\u203b2)<\/span> &amp; Gi\u1ea3m 25% ph\u00ed\n<\/p>\n<p class=\"statusTable01Td01 tdColspan1 tdStart4\">\nV\u00f4 h\u1ea1n<span class=\"fs07\">(\u203b2)<\/span> &amp; 50% \u00edt ph\u00ed h\u01a1n\n<\/p>\n<\/li>\n<!-- table tr end -->\n\n<\/ul>\n\n<\/li>\n<!-- table tbody end -->\n\n<!-- table tbody start -->\n<li class=\"statusTable01Tbody01\">\n\n<!-- table tbody chapter start -->\n<p class=\"chapterCommon01 styleA fcBlue01 mb15\">\n<span class=\"only-en\">S\u1ef1 chi tr\u1ea3<\/span><span class=\"only-ja\">\u304a\u652f\u6255<\/span>\n<\/p>\n<!-- table tbody chapter end -->\n\n<ul class=\"listLayout15\">\n\n<!-- table tr start -->\n<li class=\"statusTable01Tr01\">\n<div class=\"statusTable01Tr01Name01\"><p>\nG\u1eedi ti\u1ec1n gi\u1eefa nh\u1eefng ng\u01b0\u1eddi d\u00f9ng bitwallet\n<\/p><\/div>\n<p class=\"statusTable01Td01 tdColspan3 tdStart2\">V\u00f4 h\u1ea1n<\/p>\n<\/li>\n<!-- table tr end -->\n\n<\/ul>\n\n<\/li>\n<!-- table tbody end -->\n\n<!-- table tbody start -->\n<li class=\"statusTable01Tbody01\">\n\n<!-- table tbody chapter start -->\n<p class=\"chapterCommon01 styleA fcBlue01 mb15\">\n<span class=\"only-en\">Trao \u0111\u1ed5i<\/span><span class=\"only-ja\">\u4e21\u66ff<\/span>\n<\/p>\n<!-- table tbody chapter end -->\n\n<ul class=\"listLayout15\">\n\n<!-- table tr start -->\n<li class=\"statusTable01Tr01\">\n<div class=\"statusTable01Tr01Name01\"><p>\nTrao \u0111\u1ed5i gi\u1eefa c\u00e1c lo\u1ea1i ti\u1ec1n t\u1ec7\n<\/p><\/div>\n<p class=\"statusTable01Td01 tdColspan3 tdStart2\">V\u00f4 h\u1ea1n<\/p>\n<\/li>\n<!-- table tr end -->\n\n<\/ul>\n\n<\/li>\n<!-- table tbody end -->\n\n<\/ul>\n\n<\/div>\n<\/div>\n<\/div>\n<\/div>\n<!-- table body end -->\n\n<\/div>\n<!-- table end -->\n<\/div>\n\n\n\n<ul class=\"note kome wp-block-list\">\n<li class=\"nonum\">C\u00f3 th\u1ec3 truy c\u1eadp c\u00e1c t\u00ednh n\u0103ng h\u1ea1n ch\u1ebf c\u1ee7a bitwallet.<\/li>\n<\/ul>\n\n\n\n<ul class=\"note kome wp-block-list\">\n<li>Sau khi ho\u00e0n t\u1ea5t qu\u00e1 tr\u00ecnh ph\u00ea duy\u1ec7t (t\u1ea3i \u1ea3nh th\u1ebb l\u00ean), b\u1ea1n c\u00f3 th\u1ec3 s\u1eed d\u1ee5ng th\u1ebb.<\/li>\n\n\n\n<li>\u0110\u1ed1i v\u1edbi t\u00e0i kho\u1ea3n c\u00e1 nh\u00e2n (c\u00e1 nh\u00e2n), s\u1ed1 ti\u1ec1n r\u00fat t\u1ed1i \u0111a l\u00e0 US$5.000 m\u1ed9t l\u1ea7n v\u00e0 US$20.000 m\u1ed7i ng\u00e0y. \u0110i\u1ec1u ki\u1ec7n r\u00fat ti\u1ec1n c\u00f3 th\u1ec3 kh\u00e1c nhau t\u00f9y thu\u1ed9c v\u00e0o qu\u1ed1c gia v\u00e0 lo\u1ea1i ti\u1ec1n t\u1ec7.<\/li>\n\n\n\n<li class=\"only-ja\">\u53d7\u53d6\u4eba\u306f\u3001\u767b\u9332\u306e\u3042\u308b\u6cd5\u4eba\u3082\u3057\u304f\u306f\u500b\u4eba\u4e8b\u696d\u4e3b\u3067\u3001\u30d3\u30b8\u30cd\u30b9\u76ee\u7684\u3067\u306e\u53d7\u53d6\u308a\u306b\u306b\u9650\u3089\u308c\u307e\u3059\u3002<\/li>\n<\/ul>\n<\/div>\n\n\n\n<div class=\"wp-block-cover alignwide is-light help\"><span aria-hidden=\"true\" class=\"wp-block-cover__background has-background-dim-0 has-background-dim\"><\/span><img loading=\"lazy\" decoding=\"async\" width=\"2048\" height=\"336\" class=\"wp-block-cover__image-background wp-image-289\" alt=\"\" src=\"https:\/\/bitwallet.com\/wp-content\/uploads\/2023\/06\/mv-support-jpg.webp\" style=\"object-position:50% 50%\" data-object-fit=\"cover\" data-object-position=\"50% 50%\"\/><div class=\"wp-block-cover__inner-container has-global-padding is-layout-constrained wp-block-cover-is-layout-constrained\">\n<p class=\"has-large-font-size translation-block\"><strong>B\u1ea1n c\u1ea7n gi\u00fap \u0111\u1ee1?<\/strong><br> <strong>Ch\u00fang t\u00f4i \u1edf \u0111\u00e2y \u0111\u1ec3 h\u1ed7 tr\u1ee3.<\/strong><\/p>\n\n\n\n<p class=\"translation-block\">Nh\u00f3m h\u1ed7 tr\u1ee3 c\u1ee7a ch\u00fang t\u00f4i t\u1eadn t\u00e2m ph\u1ee5c v\u1ee5 b\u1ea1n.<br> H\u00e3y li\u00ean h\u1ec7 v\u1edbi ch\u00fang t\u00f4i n\u1ebfu b\u1ea1n c\u00f3 b\u1ea5t k\u1ef3 c\u00e2u h\u1ecfi n\u00e0o li\u00ean quan \u0111\u1ebfn d\u1ecbch v\u1ee5 c\u1ee7a ch\u00fang t\u00f4i.<\/p>\n\n\n\n<div class=\"wp-block-buttons is-layout-flex wp-block-buttons-is-layout-flex\">\n<div class=\"wp-block-button\"><a class=\"wp-block-button__link wp-element-button\" href=\"\/vi\/support\/contact\/\">Li\u00ean h\u1ec7 ch\u00fang t\u00f4i<\/a><\/div>\n<\/div>\n<\/div><\/div>","protected":false},"excerpt":{"rendered":"<p>\u0110\u01b0\u1ee3c n\u00e2ng c\u1ea5p l\u00ean c\u1ea5p tr\u1ea1ng th\u00e1i t\u00e0i kho\u1ea3n cao h\u01a1n \u0111\u1ec3 \u0111\u01b0\u1ee3c h\u01b0\u1edfng chi\u1ebft kh\u1ea5u v\u1ec1 ph\u00ed r\u00fat ti\u1ec1n. Gi\u00e1m s\u00e1t ti\u1ec1n g\u1eedi v\u00e0 giao d\u1ecbch c\u1ee7a b\u1ea1n m\u1ed9t c\u00e1ch d\u1ec5 d\u00e0ng. \u0110\u0103ng k\u00fd mi\u1ec5n ph\u00ed ngay h\u00f4m nay.<\/p>","protected":false},"author":5,"featured_media":0,"parent":32,"menu_order":19,"comment_status":"closed","ping_status":"closed","template":"","meta":{"footnotes":""},"class_list":["post-922","page","type-page","status-publish","hentry"],"_links":{"self":[{"href":"https:\/\/bitwallet.com\/vi\/wp-json\/wp\/v2\/pages\/922","targetHints":{"allow":["GET"]}}],"collection":[{"href":"https:\/\/bitwallet.com\/vi\/wp-json\/wp\/v2\/pages"}],"about":[{"href":"https:\/\/bitwallet.com\/vi\/wp-json\/wp\/v2\/types\/page"}],"author":[{"embeddable":true,"href":"https:\/\/bitwallet.com\/vi\/wp-json\/wp\/v2\/users\/5"}],"replies":[{"embeddable":true,"href":"https:\/\/bitwallet.com\/vi\/wp-json\/wp\/v2\/comments?post=922"}],"version-history":[{"count":39,"href":"https:\/\/bitwallet.com\/vi\/wp-json\/wp\/v2\/pages\/922\/revisions"}],"predecessor-version":[{"id":4701,"href":"https:\/\/bitwallet.com\/vi\/wp-json\/wp\/v2\/pages\/922\/revisions\/4701"}],"up":[{"embeddable":true,"href":"https:\/\/bitwallet.com\/vi\/wp-json\/wp\/v2\/pages\/32"}],"wp:attachment":[{"href":"https:\/\/bitwallet.com\/vi\/wp-json\/wp\/v2\/media?parent=922"}],"curies":[{"name":"wp","href":"https:\/\/api.w.org\/{rel}","templated":true}]}}