{"id":80,"date":"2023-05-10T16:18:02","date_gmt":"2023-05-10T07:18:02","guid":{"rendered":"https:\/\/bitwallet.com\/?page_id=80"},"modified":"2026-01-08T10:28:41","modified_gmt":"2026-01-08T01:28:41","slug":"handling-fee","status":"publish","type":"page","link":"https:\/\/bitwallet.com\/vi\/service\/handling-fee\/","title":{"rendered":"T\u1ea5t c\u1ea3 c\u00e1c kho\u1ea3n ph\u00ed"},"content":{"rendered":"<div class=\"wp-block-cover alignwide header\"><img loading=\"lazy\" decoding=\"async\" width=\"2000\" height=\"360\" class=\"wp-block-cover__image-background wp-image-92\" alt=\"\" src=\"https:\/\/bitwallet.com\/wp-content\/uploads\/2023\/05\/handlingfee_visual01-jpg.webp\" data-object-fit=\"cover\"\/><span aria-hidden=\"true\" class=\"wp-block-cover__background has-black-background-color has-background-dim-0 has-background-dim\"><\/span><div class=\"wp-block-cover__inner-container has-global-padding is-layout-constrained wp-block-cover-is-layout-constrained\">\n<h1 class=\"wp-block-heading has-text-align-left effect00\">T\u1ea5t c\u1ea3 c\u00e1c kho\u1ea3n ph\u00ed<\/h1>\n\n\n\n<p class=\"effect00 fadeTimeA\">Danh s\u00e1ch ph\u00ed \u00e1p d\u1ee5ng<\/p>\n<\/div><\/div>\n\n\n\n<h2 class=\"wp-block-heading effect00\">Ph\u00ed cho c\u00e1c lo\u1ea1i t\u00e0i kho\u1ea3n kh\u00e1c nhau<\/h2>\n\n\n\n<p>C\u00e1c kho\u1ea3n ph\u00ed sau s\u1ebd \u0111\u01b0\u1ee3c \u00e1p d\u1ee5ng t\u00f9y theo lo\u1ea1i t\u00e0i kho\u1ea3n c\u1ee7a b\u1ea1n (t\u00e0i kho\u1ea3n C\u00e1 nh\u00e2n, Doanh nghi\u1ec7p v\u00e0 Th\u01b0\u01a1ng gia) khi s\u1eed d\u1ee5ng d\u1ecbch v\u1ee5 bitwallet c\u1ee7a ch\u00fang t\u00f4i.<\/p>\n\n\n\n<div class=\"wp-block-group box effect00 fadeTimeB has-global-padding is-layout-constrained wp-block-group-is-layout-constrained\">\n<h3 class=\"wp-block-heading\">Danh s\u00e1ch ph\u00ed \u00e1p d\u1ee5ng<\/h3>\n\n\n\n<h4 class=\"wp-block-heading only-en\">CHU\u1ea8N B\u1eca THANH TO\u00c1N<\/h4>\n\n\n\n<h4 class=\"wp-block-heading only-ja\">\u304a\u652f\u6255\u6e96\u5099<\/h4>\n\n\n\n<div class=\"wp-block-group tblScrl has-global-padding is-layout-constrained wp-block-group-is-layout-constrained\">\n<table style=\"width: 100%; height: 64px;\">\n<tbody>\n<tr style=\"height: 41px;\">\n<th class=\"w30p\" style=\"height: 41px;\"><span class=\"only-en\">Ph\u01b0\u01a1ng ph\u00e1p<\/span><span class=\"only-ja\">Tin t\u1ee9c<span><\/th>\n<th class=\"w20p\" style=\"height: 41px;\">K\u00eanh<\/th>\n<th class=\"w25p bl translation-block\" style=\"height: 41px;\">C\u00e1 nh\u00e2n\/Doanh nghi\u1ec7p<br> T\u00e0i kho\u1ea3n<\/th>\n<th class=\"w25p bl translation-block\" style=\"height: 41px;\">Th\u01b0\u01a1ng gia<br> T\u00e0i kho\u1ea3n<\/th>\n<\/tr>\n<tr style=\"height: 23px;\">\n<td style=\"height: 23px;\" class=\"translation-block\">Chuy\u1ec3n kho\u1ea3n <sub>\uff08\u203b1\uff09<\/sub><\/td>\n<td style=\"height: 23px;\" class=\"translation-block\">th\u00f4ng qua nhi\u1ec1u ng\u00e2n h\u00e0ng \u0111\u1ecba ph\u01b0\u01a1ng kh\u00e1c nhau <sub>\uff08\u203b2\uff09<\/sub><\/td>\n<td style=\"height: 23px;\" colspan=\"2\">T\u1eeb $0 t\u00f9y theo qu\u1ed1c gia<sub>\uff08\u203b2)<\/sub><\/td>\n<\/tr>\n<\/tbody>\n<\/table>\n<\/div>\n\n\n\n<ul class=\"wp-block-list note kome\">\n<li>Ph\u1ee5 ph\u00ed \u00e1p d\u1ee5ng cho chuy\u1ec3n kho\u1ea3n ng\u00e2n h\u00e0ng ho\u1eb7c ph\u00ed chuy\u1ec3n kho\u1ea3n ng\u00e2n h\u00e0ng trung gian.<\/li>\n\n\n\n<li>Th\u00f4ng tin th\u00eam c\u00f3 th\u1ec3 \u0111\u01b0\u1ee3c t\u00ecm th\u1ea5y khi \u0111\u0103ng nh\u1eadp v\u00e0o t\u00e0i kho\u1ea3n c\u1ee7a b\u1ea1n.<\/li>\n<\/ul>\n\n\n\n<h4 class=\"wp-block-heading only-en\">S\u1ef0 CHI TR\u1ea2<\/h4>\n\n\n\n<h4 class=\"wp-block-heading only-ja\">\u304a\u652f\u6255<\/h4>\n\n\n\n<div class=\"wp-block-group tblScrl has-global-padding is-layout-constrained wp-block-group-is-layout-constrained\">\n<table style=\"width: 100%; height: 128px;\">\n<tbody>\n<tr style=\"height: 20px;\">\n<th class=\"w30p\" style=\"height: 20px;\">Ph\u01b0\u01a1ng ph\u00e1p<\/th>\n<th class=\"w20p\" style=\"height: 20px;\">Th\u01b0\u01a1ng hi\u1ec7u\/Ti\u1ec1n t\u1ec7<\/th>\n<th class=\"w25p bl translation-block\" style=\"height: 20px;\">C\u00e1 nh\u00e2n\/Doanh nghi\u1ec7p<br> T\u00e0i kho\u1ea3n<\/th>\n<th class=\"w25p bl translation-block\" style=\"height: 20px;\">Th\u01b0\u01a1ng gia<br> T\u00e0i kho\u1ea3n<\/th>\n<\/tr>\n<tr style=\"height: 88px;\">\n<td style=\"height: 88px;\">Thanh to\u00e1n bitwallet<\/td>\n<td style=\"height: 88px;\">T\u1ea5t c\u1ea3 c\u00e1c lo\u1ea1i ti\u1ec1n t\u1ec7 c\u00f3 s\u1eb5n<\/td>\n<td style=\"height: 88px;\" colspan=\"2\">\n<p>Th\u1ea5p t\u1edbi $0<\/p>\n<\/td>\n<\/tr>\n<tr style=\"height: 20px;\">\n<td style=\"height: 20px;\">Th\u1ebb t\u00edn d\u1ee5ng\/th\u1ebb ghi n\u1ee3<\/td>\n<td style=\"height: 20px;\">T\u1ea5t c\u1ea3 c\u00e1c th\u1ebb ch\u00ednh<\/td>\n<td style=\"height: 20px;\" colspan=\"2\">T\u00f9y thu\u1ed9c v\u00e0o th\u01b0\u01a1ng hi\u1ec7u th\u1ebb<\/td>\n<\/tr>\n<\/tbody>\n<\/table>\n<\/div>\n\n\n\n<h4 class=\"wp-block-heading only-en\">NH\u1eacN THANH TO\u00c1N<\/h4>\n\n\n\n<h4 class=\"wp-block-heading only-ja\">\u304a\u53d7\u53d6<\/h4>\n\n\n\n<div class=\"wp-block-group tblScrl has-global-padding is-layout-constrained wp-block-group-is-layout-constrained\">\n<table style=\"width: 100%; height: 222px;\">\n<tbody>\n<tr style=\"height: 62px;\">\n<th class=\"w30p\" style=\"height: 62px;\">Ph\u01b0\u01a1ng ph\u00e1p<\/th>\n<th class=\"w20p\" style=\"height: 62px;\"><span class=\"only-en\">Ti\u1ec1n t\u1ec7<\/span><span class=\"only-ja\">\u901a\u8ca8<\/span><\/th>\n<th class=\"w30p\" style=\"height: 62px;\">Ph\u00ed<\/th>\n<th class=\"w20p\" style=\"height: 62px;\"><span class=\"only-en\">T\u1ed1i thi\u1ec3u<br>s\u1ef1 chi tr\u1ea3<br>s\u1ed1 l\u01b0\u1ee3ng<\/span><span class=\"only-ja\">\u304a\u53d7\u53d6\u6700\u4f4e\u91d1\u984d<\/span><\/th>\n<\/tr>\n<tr style=\"height: 20px;\">\n<td style=\"height: 80px;\" rowspan=\"4\" class=\"translation-block\">Chuy\u1ec3n kho\u1ea3n cho<br> c\u00e1 nh\u00e2n<br> <sub>\uff08\u203b1\uff09<\/sub><\/td>\n<td style=\"height: 20px;\">USD<\/td>\n<td style=\"height: 80px;\" rowspan=\"4\" class=\"translation-block\">USD 10 ho\u1eb7c s\u1ed1 ti\u1ec1n t\u01b0\u01a1ng \u0111\u01b0\u01a1ng t\u00f9y theo qu\u1ed1c gia <sub>\uff08\u203b2\uff09<\/sub><\/td>\n<td style=\"height: 20px;\">USD 10<\/td>\n<\/tr>\n<tr style=\"height: 20px;\">\n<td class=\"notfC\" style=\"height: 20px;\">EUR<\/td>\n<td style=\"height: 20px;\">EUR 10<\/td>\n<\/tr>\n<tr style=\"height: 20px;\">\n<td class=\"notfC\" style=\"height: 20px;\">JPY<\/td>\n<td style=\"height: 20px;\">JPY 1.000<\/td>\n<\/tr>\n<tr style=\"height: 20px;\">\n<td class=\"notfC\" style=\"height: 20px;\">AUD<\/td>\n<td style=\"height: 20px;\">AUD 10<\/td>\n<\/tr>\n<tr style=\"height: 20px;\">\n<td class=\"lRfC translation-block\" style=\"height: 80px;\" rowspan=\"4\">Chuy\u1ec3n kho\u1ea3n<br> d\u00e0nh cho doanh nghi\u1ec7p <sub>\uff08\u203b1\uff09<\/sub><\/td>\n<td style=\"height: 20px;\">USD<\/td>\n<td style=\"height: 80px;\" rowspan=\"4\" class=\"translation-block\">0,8% tr\u1edf \u0111i, t\u00f9y thu\u1ed9c v\u00e0o lo\u1ea1i h\u00ecnh kinh doanh <sub>\uff08\u203b2\uff09<\/sub> &amp; <sub>\uff08\u203b3\uff09<\/sub><\/td>\n<td style=\"height: 20px;\">USD 10<\/td>\n<\/tr>\n<tr style=\"height: 20px;\">\n<td class=\"notfC\" style=\"height: 20px;\">EUR<\/td>\n<td style=\"height: 20px;\">EUR 10<\/td>\n<\/tr>\n<tr style=\"height: 20px;\">\n<td class=\"notfC\" style=\"height: 20px;\">JPY<\/td>\n<td style=\"height: 20px;\">JPY 1.000<\/td>\n<\/tr>\n<tr style=\"height: 20px;\">\n<td class=\"notfC\" style=\"height: 20px;\">AUD<\/td>\n<td style=\"height: 20px;\">AUD 10<\/td>\n<\/tr>\n<\/tbody>\n<\/table>\n<\/div>\n\n\n\n<ul class=\"wp-block-list note kome\">\n<li>Ph\u1ee5 ph\u00ed \u00e1p d\u1ee5ng cho chuy\u1ec3n kho\u1ea3n ng\u00e2n h\u00e0ng ho\u1eb7c ph\u00ed chuy\u1ec3n kho\u1ea3n ng\u00e2n h\u00e0ng trung gian.<\/li>\n\n\n\n<li>Th\u00f4ng tin th\u00eam c\u00f3 th\u1ec3 \u0111\u01b0\u1ee3c t\u00ecm th\u1ea5y khi \u0111\u0103ng nh\u1eadp v\u00e0o t\u00e0i kho\u1ea3n c\u1ee7a b\u1ea1n.<\/li>\n\n\n\n<li>\u0110\u1ed1i v\u1edbi ph\u00ed t\u00e0i kho\u1ea3n doanh nghi\u1ec7p v\u00e0 t\u00e0i kho\u1ea3n ng\u01b0\u1eddi b\u00e1n, vui l\u00f2ng g\u1eedi y\u00eau c\u1ea7u cho ch\u00fang t\u00f4i sau khi \u0111\u0103ng nh\u1eadp v\u00e0o t\u00e0i kho\u1ea3n c\u1ee7a b\u1ea1n.<\/li>\n\n\n\n<li class=\"only-ja nothonyaku\" data-no-translation=\"\">\u53d7\u53d6\u9280\u884c\u307e\u305f\u306f\u4e2d\u7d99\u9280\u884c\u306b\u3088\u3063\u3066\u306f10\u65e5\u4ee5\u4e0a\u304b\u304b\u308b\u5834\u5408\u3082\u3054\u3056\u3044\u307e\u3059\u3002<\/li>\n\n\n\n<li class=\"nonum\">\u0110\u1ec3 ng\u0103n ch\u1eb7n c\u00e1c h\u00e0nh vi gian l\u1eadn nh\u01b0 r\u1eeda ti\u1ec1n, l\u1ea1m d\u1ee5ng th\u1ebb t\u00edn d\u1ee5ng v\u00e0 t\u1ea1m \u1ee9ng ti\u1ec1n m\u1eb7t, c\u00e1c kho\u1ea3n thanh to\u00e1n v\u00e0 g\u1eedi ti\u1ec1n b\u1eb1ng th\u1ebb t\u00edn d\u1ee5ng v\u00e0 th\u1ebb tr\u1ea3 tr\u01b0\u1edbc trong th\u1eddi gian m\u1ed9t th\u00e1ng s\u1ebd \u0111\u01b0\u1ee3c xem x\u00e9t c\u1ea9n th\u1eadn v\u00e0 chuy\u1ec3n \u0111\u1ebfn t\u00e0i kho\u1ea3n ng\u00e2n h\u00e0ng c\u1ee7a ng\u01b0\u1eddi nh\u1eadn theo quy\u1ebft \u0111\u1ecbnh c\u1ee7a bitwallet. C\u00f3 th\u1ec3 c\u1ea7n th\u00eam th\u1eddi gian \u0111\u1ec3 x\u1eed l\u00fd.<\/li>\n\n\n\n<li class=\"nonum translation-block\">B\u1ea1n kh\u00f4ng th\u1ec3 chuy\u1ec3n ti\u1ec1n \u0111\u1ebfn ng\u00e2n h\u00e0ng \u1edf nh\u1eefng qu\u1ed1c gia b\u1ecb c\u1ea5m chuy\u1ec3n ti\u1ec1n sau \u0111\u00e2y.<br> M\u1ed9t s\u1ed1 qu\u1ed1c gia kh\u00f4ng c\u00f3 trong danh s\u00e1ch n\u00e0y s\u1ebd \u0111\u01b0\u1ee3c xem x\u00e9t t\u1eebng tr\u01b0\u1eddng h\u1ee3p c\u1ee5 th\u1ec3.<br> Afghanistan, Benin, Bonaire, Burundi, C\u1ed9ng h\u00f2a Trung Phi, Tchad, Congo, Crimea, Cuba, Djibouti, Guinea X\u00edch \u0110\u1ea1o, Eritrea, Gabon, Gambia, Guinea, Guinea-Bissau, Guyana, Iran, Iraq, Kazakhstan, Kyrgyzstan, C\u1ed9ng h\u00f2a D\u00e2n ch\u1ee7 Nh\u00e2n d\u00e2n L\u00e0o, Liberia, Libya Madagascar, Malawi, Mali, Mauritania, Montserrat, Myanmar, Nauru, Niger, \u0110\u1ea3o Norfolk, B\u1eafc Tri\u1ec1u Ti\u00ean, Palau, Papua New Guinea, St. \u0110\u1ea3o Barth\u00e9lemy, St. Kitts v\u00e0 Nevis, St. Martin, \u0110\u1ea3o Sint Maarten, Sierra Leone, Sudan (B\u1eafc v\u00e0 Nam), Suriname, Syria, Tajikistan, \u0110\u00f4ng Timor, Togo, Turkmenistan, Uzbekistan, T\u00e2y Sahara, Yemen, Nga, Peru, Nam Phi, Bangladesh, Georgia<\/li>\n<\/ul>\n\n\n\n<h4 class=\"wp-block-heading only-en\">TRAO \u0110\u1ed4I<\/h4>\n\n\n\n<h4 class=\"wp-block-heading only-ja\">\u4e21\u66ff<\/h4>\n\n\n\n<div class=\"wp-block-group tblScrl has-global-padding is-layout-constrained wp-block-group-is-layout-constrained\">\n<table style=\"width: 100%; height: 61px;\">\n<tbody>\n<tr style=\"height: 41px;\">\n<th class=\"w50p\" style=\"height: 41px;\">Ph\u01b0\u01a1ng ph\u00e1p<\/th>\n<th class=\"w25p bl translation-block\" style=\"height: 41px;\">C\u00e1 nh\u00e2n\/Doanh nghi\u1ec7p<br> T\u00e0i kho\u1ea3n<\/th>\n<th class=\"w25p bl translation-block\" style=\"height: 41px;\">Th\u01b0\u01a1ng gia<br> T\u00e0i kho\u1ea3n<\/th>\n<\/tr>\n<tr style=\"height: 20px;\">\n<td style=\"height: 20px;\">Thu \u0111\u1ed5i ngo\u1ea1i t\u1ec7<\/td>\n<td style=\"height: 20px;\" colspan=\"2\">Tham kh\u1ea3o t\u1ef7 gi\u00e1 sau khi \u0111\u0103ng nh\u1eadp t\u00e0i kho\u1ea3n<\/td>\n<\/tr>\n<\/tbody>\n<\/table>\n<\/div>\n<\/div>\n\n\n\n<div class=\"wp-block-cover alignwide is-light help\"><span aria-hidden=\"true\" class=\"wp-block-cover__background has-background-dim-0 has-background-dim\"><\/span><img loading=\"lazy\" decoding=\"async\" width=\"2048\" height=\"336\" class=\"wp-block-cover__image-background wp-image-289\" alt=\"\" src=\"https:\/\/bitwallet.com\/wp-content\/uploads\/2023\/06\/mv-support-jpg.webp\" style=\"object-position:50% 50%\" data-object-fit=\"cover\" data-object-position=\"50% 50%\"\/><div class=\"wp-block-cover__inner-container has-global-padding is-layout-constrained wp-block-cover-is-layout-constrained\">\n<p class=\"has-large-font-size translation-block\"><strong>B\u1ea1n c\u1ea7n gi\u00fap \u0111\u1ee1?<\/strong><br> <strong>Ch\u00fang t\u00f4i \u1edf \u0111\u00e2y \u0111\u1ec3 h\u1ed7 tr\u1ee3.<\/strong><\/p>\n\n\n\n<p class=\"translation-block\">Nh\u00f3m h\u1ed7 tr\u1ee3 c\u1ee7a ch\u00fang t\u00f4i t\u1eadn t\u00e2m ph\u1ee5c v\u1ee5 b\u1ea1n.<br> H\u00e3y li\u00ean h\u1ec7 v\u1edbi ch\u00fang t\u00f4i n\u1ebfu b\u1ea1n c\u00f3 b\u1ea5t k\u1ef3 c\u00e2u h\u1ecfi n\u00e0o li\u00ean quan \u0111\u1ebfn d\u1ecbch v\u1ee5 c\u1ee7a ch\u00fang t\u00f4i.<\/p>\n\n\n\n<div class=\"wp-block-buttons is-layout-flex wp-block-buttons-is-layout-flex\">\n<div class=\"wp-block-button\"><a class=\"wp-block-button__link wp-element-button\" href=\"\/vi\/support\/contact\/\">Li\u00ean h\u1ec7 ch\u00fang t\u00f4i<\/a><\/div>\n<\/div>\n<\/div><\/div>","protected":false},"excerpt":{"rendered":"<p>Ph\u00ed x\u1eed l\u00fd minh b\u1ea1ch v\u00e0 ph\u1ea3i ch\u0103ng v\u1edbi bitwallet. \u0110\u0103ng k\u00ed \u0111\u1ec3 c\u00f3 t\u00e0i kho\u1ea3n mi\u1ec5n ph\u00ed h\u00f4m nay! Tr\u1ea3i nghi\u1ec7m d\u1ecbch v\u1ee5 \u0111\u00e1ng tin c\u1eady v\u1edbi bitwallet.<\/p>","protected":false},"author":5,"featured_media":0,"parent":32,"menu_order":27,"comment_status":"closed","ping_status":"closed","template":"","meta":{"footnotes":""},"class_list":["post-80","page","type-page","status-publish","hentry"],"_links":{"self":[{"href":"https:\/\/bitwallet.com\/vi\/wp-json\/wp\/v2\/pages\/80","targetHints":{"allow":["GET"]}}],"collection":[{"href":"https:\/\/bitwallet.com\/vi\/wp-json\/wp\/v2\/pages"}],"about":[{"href":"https:\/\/bitwallet.com\/vi\/wp-json\/wp\/v2\/types\/page"}],"author":[{"embeddable":true,"href":"https:\/\/bitwallet.com\/vi\/wp-json\/wp\/v2\/users\/5"}],"replies":[{"embeddable":true,"href":"https:\/\/bitwallet.com\/vi\/wp-json\/wp\/v2\/comments?post=80"}],"version-history":[{"count":97,"href":"https:\/\/bitwallet.com\/vi\/wp-json\/wp\/v2\/pages\/80\/revisions"}],"predecessor-version":[{"id":5764,"href":"https:\/\/bitwallet.com\/vi\/wp-json\/wp\/v2\/pages\/80\/revisions\/5764"}],"up":[{"embeddable":true,"href":"https:\/\/bitwallet.com\/vi\/wp-json\/wp\/v2\/pages\/32"}],"wp:attachment":[{"href":"https:\/\/bitwallet.com\/vi\/wp-json\/wp\/v2\/media?parent=80"}],"curies":[{"name":"wp","href":"https:\/\/api.w.org\/{rel}","templated":true}]}}