{"id":78,"date":"2023-05-10T16:14:10","date_gmt":"2023-05-10T07:14:10","guid":{"rendered":"https:\/\/bitwallet.com\/?page_id=78"},"modified":"2025-09-17T16:28:16","modified_gmt":"2025-09-17T07:28:16","slug":"account-open","status":"publish","type":"page","link":"https:\/\/bitwallet.com\/vi\/service\/account-open\/","title":{"rendered":"T\u00e0i kho\u1ea3n m\u1edbi"},"content":{"rendered":"<div class=\"wp-block-cover alignwide is-light header\"><img loading=\"lazy\" decoding=\"async\" width=\"2000\" height=\"360\" class=\"wp-block-cover__image-background wp-image-1125\" alt=\"\" src=\"https:\/\/bitwallet.com\/wp-content\/uploads\/2023\/09\/mv-serivice_account-open-jpg.webp\" data-object-fit=\"cover\"\/><span aria-hidden=\"true\" class=\"wp-block-cover__background has-black-background-color has-background-dim-0 has-background-dim\"><\/span><div class=\"wp-block-cover__inner-container has-global-padding is-layout-constrained wp-block-cover-is-layout-constrained\">\n<h1 class=\"wp-block-heading has-text-align-left effect00\">T\u00e0i kho\u1ea3n m\u1edbi<\/h1>\n\n\n\n<p class=\"effect00 fadeTimeA\">\u0110\u0103ng k\u00fd t\u00e0i kho\u1ea3n bitwallet<\/p>\n<\/div><\/div>\n\n\n\n<h2 class=\"wp-block-heading effect00\">M\u1edf t\u00e0i kho\u1ea3n v\u1edbi bitwallet: Y\u00eau c\u1ea7u c\u01a1 b\u1ea3n<\/h2>\n\n\n\n<p class=\"effect00 fadeTimeA\">\u0110\u1ec3 \u0111\u0103ng k\u00fd t\u00e0i kho\u1ea3n bitwallet, b\u1ea1n s\u1ebd c\u1ea7n ph\u1ea3i th\u1ef1c hi\u1ec7n theo c\u00e1c y\u00eau c\u1ea7u b\u00ean d\u01b0\u1edbi.<\/p>\n\n\n\n<div class=\"wp-block-group effect00 fadeTimeB has-global-padding is-layout-constrained wp-block-group-is-layout-constrained\">\n<h4 class=\"wp-block-heading\">\u1ee8ng d\u1ee5ng t\u00e0i kho\u1ea3n c\u00e1 nh\u00e2n<\/h4>\n\n\n\n<ul class=\"wp-block-list account-open\">\n<li>Ng\u01b0\u1eddi n\u1ed9p \u0111\u01a1n t\u1eeb 20 tu\u1ed5i tr\u1edf l\u00ean.<\/li>\n\n\n\n<li>Ng\u01b0\u1eddi n\u1ed9p \u0111\u01a1n kh\u00f4ng ph\u1ea3i l\u00e0 ng\u01b0\u1eddi thi\u1ebfu n\u0103ng l\u1ef1c (c\u00f3 kh\u1ea3 n\u0103ng t\u1ef1 \u0111\u01b0a ra quy\u1ebft \u0111\u1ecbnh).<\/li>\n\n\n\n<li>Ng\u01b0\u1eddi n\u1ed9p \u0111\u01a1n kh\u00f4ng c\u01b0 tr\u00fa t\u1ea1i Hoa K\u1ef3 ho\u1eb7c c\u00e1c qu\u1ed1c gia kh\u00e1c n\u01a1i vi\u1ec7c s\u1eed d\u1ee5ng d\u1ecbch v\u1ee5 c\u1ee7a ch\u00fang t\u00f4i b\u1ecb h\u1ea1n ch\u1ebf.<\/li>\n\n\n\n<li>Th\u00f4ng tin c\u01a1 b\u1ea3n b\u1ea1n \u0111\u00e3 \u0111\u0103ng k\u00fd kh\u00f4ng kh\u1edbp v\u1edbi nh\u1eefng ng\u01b0\u1eddi d\u00f9ng kh\u00e1c<\/li>\n\n\n\n<li>Ng\u01b0\u1eddi n\u1ed9p \u0111\u01a1n kh\u00f4ng ph\u1ea3i l\u00e0 Ng\u01b0\u1eddi n\u01b0\u1edbc ngo\u00e0i c\u00f3 \u1ea3nh h\u01b0\u1edfng ch\u00ednh tr\u1ecb (PEP n\u01b0\u1edbc ngo\u00e0i).<\/li>\n\n\n\n<li>Ng\u01b0\u1eddi n\u1ed9p \u0111\u01a1n kh\u00f4ng thu\u1ed9c ho\u1eb7c c\u00f3 li\u00ean quan \u0111\u1ebfn L\u1ef1c l\u01b0\u1ee3ng ch\u1ed1ng x\u00e3 h\u1ed9i.<\/li>\n<\/ul>\n\n\n\n<h4 class=\"wp-block-heading\">\u1ee8ng d\u1ee5ng t\u00e0i kho\u1ea3n doanh nghi\u1ec7p<\/h4>\n\n\n\n<ul class=\"wp-block-list account-open\">\n<li>C\u00f4ng ty \u0111\u00e3 \u0111\u01b0\u1ee3c \u0111\u0103ng k\u00fd h\u1ee3p ph\u00e1p v\u00e0 c\u00f3 th\u1ec3 g\u1eedi b\u1eb1ng ch\u1ee9ng (t\u00e0i li\u1ec7u) \u0111\u1ec3 h\u1ed7 tr\u1ee3.<\/li>\n\n\n\n<li>Ng\u01b0\u1eddi ph\u1ee5 tr\u00e1ch ph\u1ea3i t\u1eeb 20 tu\u1ed5i tr\u1edf l\u00ean v\u00e0o th\u1eddi \u0111i\u1ec3m n\u1ed9p \u0111\u01a1n.<\/li>\n\n\n\n<li>Ng\u01b0\u1eddi ph\u1ee5 tr\u00e1ch kh\u00f4ng ph\u1ea3i l\u00e0 ng\u01b0\u1eddi thi\u1ebfu n\u0103ng l\u1ef1c (c\u00f3 kh\u1ea3 n\u0103ng t\u1ef1 quy\u1ebft \u0111\u1ecbnh).<\/li>\n\n\n\n<li>Ng\u01b0\u1eddi ph\u1ee5 tr\u00e1ch kh\u00f4ng c\u01b0 tr\u00fa t\u1ea1i Hoa K\u1ef3 ho\u1eb7c c\u00e1c qu\u1ed1c gia kh\u00e1c n\u01a1i vi\u1ec7c s\u1eed d\u1ee5ng d\u1ecbch v\u1ee5 c\u1ee7a ch\u00fang t\u00f4i b\u1ecb h\u1ea1n ch\u1ebf.<\/li>\n\n\n\n<li>Ng\u01b0\u1eddi ph\u1ee5 tr\u00e1ch kh\u00f4ng c\u00f3 m\u1eb7t \u1edf Hoa K\u1ef3 ho\u1eb7c c\u00e1c qu\u1ed1c gia kh\u00e1c n\u01a1i vi\u1ec7c s\u1eed d\u1ee5ng d\u1ecbch v\u1ee5 c\u1ee7a ch\u00fang t\u00f4i b\u1ecb h\u1ea1n ch\u1ebf.<\/li>\n\n\n\n<li>Ng\u01b0\u1eddi ph\u1ee5 tr\u00e1ch kh\u00f4ng s\u1eed d\u1ee5ng th\u00f4ng tin li\u00ean h\u1ec7 gi\u1ed1ng h\u1ec7t (\u0111\u1ecba ch\u1ec9 email, s\u1ed1 \u0111i\u1ec7n tho\u1ea1i, v.v.) nh\u01b0 nh\u1eefng ng\u01b0\u1eddi d\u00f9ng bitwallet kh\u00e1c trong qu\u00e1 tr\u00ecnh \u0111\u0103ng k\u00fd.<\/li>\n\n\n\n<li>Ng\u01b0\u1eddi ph\u1ee5 tr\u00e1ch kh\u00f4ng ph\u1ea3i l\u00e0 Ng\u01b0\u1eddi n\u01b0\u1edbc ngo\u00e0i c\u00f3 \u1ea3nh h\u01b0\u1edfng ch\u00ednh tr\u1ecb (PEP n\u01b0\u1edbc ngo\u00e0i)<\/li>\n\n\n\n<li>C\u00f4ng ty v\u00e0 ng\u01b0\u1eddi ph\u1ee5 tr\u00e1ch kh\u00f4ng thu\u1ed9c ho\u1eb7c li\u00ean quan \u0111\u1ebfn L\u1ef1c l\u01b0\u1ee3ng ch\u1ed1ng \u0111\u1ed1i x\u00e3 h\u1ed9i.<\/li>\n\n\n\n<li>C\u00f4ng ty kh\u00f4ng ph\u1ea3i \u0111\u1ed1i m\u1eb7t v\u1edbi t\u00ecnh tr\u1ea1ng m\u1ea5t kh\u1ea3 n\u0103ng thanh to\u00e1n ho\u1eb7c m\u1ea5t kh\u1ea3 n\u0103ng thanh to\u00e1n.<\/li>\n<\/ul>\n<\/div>\n\n\n\n<h2 class=\"wp-block-heading effect01\" id=\"certificate\">T\u00e0i li\u1ec7u c\u1ea7n thi\u1ebft cho t\u00e0i kho\u1ea3n Wallet<\/h2>\n\n\n\n<p class=\"effect01 fadeTimeA\">\u0110\u1ec3 s\u1eed d\u1ee5ng v\u00ed c\u1ee7a b\u1ea1n, b\u1ea1n s\u1ebd c\u1ea7n g\u1eedi c\u00e1c t\u00e0i li\u1ec7u c\u1ea7n thi\u1ebft b\u00ean d\u01b0\u1edbi.<\/p>\n\n\n\n<div class=\"wp-block-group box effect01 fadeTimeB has-global-padding is-layout-constrained wp-block-group-is-layout-constrained\">\n<h3 class=\"wp-block-heading\">X\u00e1c minh danh t\u00ednh c\u1ee7a b\u1ea1n tr\u00ean bitwallet: Y\u00eau c\u1ea7u v\u1ec1 t\u00e0i li\u1ec7u<\/h3>\n\n\n\n<p>Theo \u201c\u0110\u1ea1o lu\u1eadt ng\u0103n ch\u1eb7n chuy\u1ec3n ti\u1ec1n h\u00ecnh s\u1ef1\u201d, bitwallet y\u00eau c\u1ea7u x\u00e1c minh danh t\u00ednh k\u1ef9 l\u01b0\u1ee1ng \u0111\u1ec3 b\u1ea3o v\u1ec7 t\u00e0i s\u1ea3n c\u00f3 gi\u00e1 tr\u1ecb c\u1ee7a b\u1ea1n. Do \u0111\u00f3, ch\u00fang t\u00f4i y\u00eau c\u1ea7u b\u1ea1n g\u1eedi \u201cT\u00e0i li\u1ec7u x\u00e1c minh danh t\u00ednh\u201d v\u00e0 \u201cT\u00e0i li\u1ec7u x\u00e1c minh \u0111\u1ecba ch\u1ec9 hi\u1ec7n t\u1ea1i\u201d.<\/p>\n\n\n\n<hr class=\"wp-block-separator has-alpha-channel-opacity\"\/>\n\n\n\n<p>Vui l\u00f2ng tham kh\u1ea3o danh s\u00e1ch b\u00ean d\u01b0\u1edbi \u0111\u1ec3 bi\u1ebft t\u1ed5ng quan v\u1ec1 danh s\u00e1ch c\u00e1c ch\u1ee9ng ch\u1ec9 b\u1ea1n s\u1ebd c\u1ea7n g\u1eedi.<br>B\u1ea1n c\u00f3 th\u1ec3 ki\u1ec3m tra chi ti\u1ebft c\u00e1c t\u00e0i li\u1ec7u \u0111\u00e3 g\u1eedi trong t\u00e0i kho\u1ea3n c\u1ee7a m\u00ecnh sau khi m\u1edf v\u00ed m\u1edbi.<\/p>\n\n\n\n<hr class=\"wp-block-separator has-alpha-channel-opacity\"\/>\n\n\n\n<h4 class=\"wp-block-heading\">1\uff0e Gi\u1ea5y t\u1edd x\u00e1c minh danh t\u00ednh<\/h4>\n\n\n\n<p>Ch\u00fang t\u00f4i s\u1ebd y\u00eau c\u1ea7u b\u1ea1n g\u1eedi gi\u1ea5y t\u1edd t\u00f9y th\u00e2n c\u00f3 \u1ea3nh c\u1ee7a ng\u01b0\u1eddi \u0111\u0103ng k\u00fd v\u00ed (c\u00e1 nh\u00e2n) v\u00e0 \u1ea3nh selfie (nh\u1eadn d\u1ea1ng khu\u00f4n m\u1eb7t).<\/p>\n\n\n\n<p>Ch\u00fang t\u00f4i \u0111\u00e3 gi\u1edbi thi\u1ec7u \u1ea3nh t\u1ef1 ch\u1ee5p (nh\u1eadn d\u1ea1ng khu\u00f4n m\u1eb7t) \u0111\u1ec3 x\u00e1c nh\u1eadn vi\u1ec7c g\u1eedi c\u1ee7a b\u1ea1n. \u0110i\u1ec1u n\u00e0y cho ph\u00e9p b\u1ea1n nh\u1eadn d\u1ea1ng b\u1ea3n th\u00e2n ch\u1eb7t ch\u1ebd h\u01a1n so v\u1edbi g\u1eb7p m\u1eb7t tr\u1ef1c ti\u1ebfp, th\u1eadm ch\u00ed l\u00e0 tr\u1ef1c tuy\u1ebfn.<\/p>\n\n\n\n<hr class=\"wp-block-separator has-alpha-channel-opacity\"\/>\n\n\n\n<h4 class=\"wp-block-heading\">2\uff0e B\u1eb1ng ch\u1ee9ng v\u1ec1 \u0111\u1ecba ch\u1ec9 hi\u1ec7n t\u1ea1i<\/h4>\n\n\n\n<p>Vui l\u00f2ng g\u1eedi t\u00e0i li\u1ec7u c\u00f3 \u0111\u1ecba ch\u1ec9 hi\u1ec7n t\u1ea1i c\u1ee7a ng\u01b0\u1eddi s\u00e1ng l\u1eadp v\u00ed (c\u00e1 nh\u00e2n).<br>N\u00f3 ph\u1ea3i trong v\u00f2ng 3 th\u00e1ng k\u1ec3 t\u1eeb h\u00f3a \u0111\u01a1n ti\u1ec7n \u00edch c\u00f4ng c\u1ed9ng, bi\u00ean lai, t\u00e0i li\u1ec7u do c\u01a1 quan ch\u00ednh ph\u1ee7 ph\u00e1t h\u00e0nh, v.v.<\/p>\n\n\n\n<hr class=\"wp-block-separator has-alpha-channel-opacity\"\/>\n\n\n\n<h4 class=\"wp-block-heading anchor\" id=\"company01\">3\uff0e T\u00e0i li\u1ec7u c\u1ea7n thi\u1ebft cho ng\u01b0\u1eddi d\u00f9ng doanh nghi\u1ec7p (ch\u1ec9 t\u00e0i kho\u1ea3n doanh nghi\u1ec7p)<\/h4>\n\n\n\n<p>Ch\u00fang t\u00f4i y\u00eau c\u1ea7u b\u1ea1n g\u1eedi t\u00e0i li\u1ec7u li\u00ean quan \u0111\u1ebfn \u0111\u0103ng k\u00fd c\u00f4ng ty c\u1ee7a ng\u01b0\u1eddi s\u00e1ng l\u1eadp v\u00ed (c\u00f4ng ty).<\/p>\n\n\n\n<hr class=\"wp-block-separator has-alpha-channel-opacity\"\/>\n\n\n\n<h4 class=\"wp-block-heading\">4. Gi\u1ea5y ch\u1ee9ng nh\u1eadn c\u00f3 con d\u1ea5u ch\u00ednh th\u1ee9c (ch\u1ec9 d\u00e0nh cho T\u00e0i kho\u1ea3n doanh nghi\u1ec7p)<\/h4>\n\n\n\n<p>Vui l\u00f2ng g\u1eedi t\u00e0i li\u1ec7u x\u00e1c nh\u1eadn con d\u1ea5u c\u00f4ng ty c\u1ee7a ng\u01b0\u1eddi s\u00e1ng l\u1eadp v\u00ed (c\u00f4ng ty).<\/p>\n\n\n\n<hr class=\"wp-block-separator has-alpha-channel-opacity\"\/>\n\n\n\n<h4 class=\"wp-block-heading\">5\uff0e B\u1eb1ng ch\u1ee9ng v\u1ec1 \u0111\u1ecba ch\u1ec9 c\u00f4ng ty hi\u1ec7n t\u1ea1i (T\u00e0i kho\u1ea3n doanh nghi\u1ec7p)<\/h4>\n\n\n\n<p>Vui l\u00f2ng g\u1eedi t\u00e0i li\u1ec7u c\u00f3 t\u00ean c\u1ee7a ng\u01b0\u1eddi s\u00e1ng l\u1eadp v\u00ed (c\u00f4ng ty) v\u00e0 \u0111\u1ecba ch\u1ec9 hi\u1ec7n t\u1ea1i c\u1ee7a ng\u01b0\u1eddi \u0111\u00f3.<\/p>\n\n\n\n<hr class=\"wp-block-separator has-alpha-channel-opacity\"\/>\n\n\n\n<h4 class=\"wp-block-heading\">6\uff0e Tuy\u00ean b\u1ed1 v\u1ec1 quy\u1ec1n s\u1edf h\u1eefu l\u1ee3i \u00edch (Ch\u1ec9 d\u00e0nh cho t\u00e0i kho\u1ea3n Doanh nghi\u1ec7p)<\/h4>\n\n\n\n<p>Ch\u00fang t\u00f4i y\u00eau c\u1ea7u b\u1ea1n g\u1eedi m\u1ed9t s\u1ed1 t\u00e0i li\u1ec7u v\u1ec1 th\u01b0\u1edbc \u0111o th\u1ef1c ch\u1ea5t.<\/p>\n<\/div>\n\n\n\n<h2 class=\"wp-block-heading effect01\">\u0110\u0103ng k\u00fd t\u00e0i kho\u1ea3n<\/h2>\n\n\n\n<p class=\"effect01 fadeTimeA\">Quy tr\u00ecnh \u0111\u0103ng k\u00fd t\u00e0i kho\u1ea3n bitwallet nh\u01b0 sau:<\/p>\n\n\n\n<div class=\"wp-block-group box account-open effect01 fadeTimeB has-global-padding is-layout-constrained wp-block-group-is-layout-constrained\">\n<h3 class=\"wp-block-heading\">Quy tr\u00ecnh \u0111\u0103ng k\u00fd t\u00e0i kho\u1ea3n<\/h3>\n\n\n\n<div class=\"wp-block-group has-global-padding is-layout-constrained wp-block-group-is-layout-constrained\">\n<h4 class=\"wp-block-heading\"><strong>B\u01af\u1edaC 1<\/strong><\/h4>\n\n\n\n<figure class=\"wp-block-image size-full\"><img loading=\"lazy\" decoding=\"async\" width=\"321\" height=\"321\" src=\"https:\/\/bitwallet.com\/wp-content\/uploads\/2023\/06\/icon_step1.png\" alt=\"\" class=\"wp-image-190\"\/><\/figure>\n\n\n\n<p>\u0110\u0103ng k\u00fd t\u1eeb b\u1ea5t k\u1ef3 thi\u1ebft b\u1ecb n\u00e0o. Nh\u1eadp th\u00f4ng tin c\u01a1 b\u1ea3n c\u1ee7a b\u1ea1n tr\u00ean trang \u0111\u0103ng k\u00fd \u0111\u1ec3 b\u1eaft \u0111\u1ea7u.<\/p>\n\n\n\n<figure class=\"wp-block-image size-full is-resized\"><img loading=\"lazy\" decoding=\"async\" width=\"1440\" height=\"886\" src=\"https:\/\/bitwallet.com\/wp-content\/uploads\/2024\/01\/STEP1en.webp\" alt=\"\" class=\"wp-image-3134\" style=\"width:1000px;height:undefinedpx\"\/><\/figure>\n<\/div>\n\n\n\n<div class=\"wp-block-group has-global-padding is-layout-constrained wp-block-group-is-layout-constrained\">\n<h4 class=\"wp-block-heading\"><strong>B\u01af\u1edaC 2<\/strong><\/h4>\n\n\n\n<figure class=\"wp-block-image size-full\"><img loading=\"lazy\" decoding=\"async\" width=\"321\" height=\"321\" src=\"https:\/\/bitwallet.com\/wp-content\/uploads\/2023\/06\/icon_step2.png\" alt=\"\" class=\"wp-image-191\"\/><\/figure>\n\n\n\n<p>Nh\u1eadp c\u00e1c th\u00f4ng tin c\u1ea7n thi\u1ebft kh\u00e1c \u0111\u1ec3 ti\u1ebfp t\u1ee5c.<\/p>\n\n\n\n<figure class=\"wp-block-image size-full is-resized\"><img loading=\"lazy\" decoding=\"async\" width=\"1440\" height=\"1308\" src=\"https:\/\/bitwallet.com\/wp-content\/uploads\/2024\/01\/STEP2en.webp\" alt=\"\" class=\"wp-image-3135\" style=\"width:1000px;height:undefinedpx\"\/><\/figure>\n<\/div>\n\n\n\n<div class=\"wp-block-group has-global-padding is-layout-constrained wp-block-group-is-layout-constrained\">\n<h4 class=\"wp-block-heading\"><strong>B\u01af\u1edaC 3<\/strong><\/h4>\n\n\n\n<figure class=\"wp-block-image size-full\"><img loading=\"lazy\" decoding=\"async\" width=\"321\" height=\"321\" src=\"https:\/\/bitwallet.com\/wp-content\/uploads\/2023\/06\/icon_step3.png\" alt=\"\" class=\"wp-image-192\"\/><\/figure>\n\n\n\n<p>\u0110\u0103ng nh\u1eadp v\u00e0 t\u1ea3i l\u00ean c\u00e1c t\u00e0i li\u1ec7u x\u00e1c minh danh t\u00ednh c\u1ee7a b\u1ea1n, b\u1eb1ng ch\u1ee9ng v\u1ec1 \u0111\u1ecba ch\u1ec9 c\u01b0 tr\u00fa v\u00e0 \u1ea2nh selfie ID tr\u00ean trang G\u1eedi t\u00e0i li\u1ec7u x\u00e1c minh.<\/p>\n\n\n\n<figure class=\"wp-block-image size-full is-resized\"><img loading=\"lazy\" decoding=\"async\" width=\"1074\" height=\"245\" src=\"https:\/\/bitwallet.com\/wp-content\/uploads\/2024\/01\/STEP3en.webp\" alt=\"\" class=\"wp-image-3136\" style=\"width:1000px;height:undefinedpx\"\/><\/figure>\n<\/div>\n\n\n\n<div class=\"wp-block-group has-global-padding is-layout-constrained wp-block-group-is-layout-constrained\">\n<h4 class=\"wp-block-heading\"><strong>B\u01af\u1edaC 4<\/strong><\/h4>\n\n\n\n<figure class=\"wp-block-image size-full\"><img loading=\"lazy\" decoding=\"async\" width=\"321\" height=\"321\" src=\"https:\/\/bitwallet.com\/wp-content\/uploads\/2023\/06\/icon_step4.png\" alt=\"\" class=\"wp-image-193\"\/><\/figure>\n\n\n\n<p>\u0110\u01a1n \u0111\u0103ng k\u00fd s\u1ebd \u0111\u01b0\u1ee3c x\u1eed l\u00fd trong v\u00f2ng kho\u1ea3ng 24 gi\u1edd v\u00e0o c\u00e1c ng\u00e0y l\u00e0m vi\u1ec7c. Khi n\u00f3 \u0111\u00e3 \u0111\u01b0\u1ee3c x\u00e1c minh v\u00e0 ph\u00ea duy\u1ec7t, th\u00f4ng tin t\u00e0i kho\u1ea3n c\u1ee7a b\u1ea1n s\u1ebd \u0111\u01b0\u1ee3c g\u1eedi cho b\u1ea1n qua e-mail.<br>\u203bC\u00f3 th\u1ec3 m\u1ea5t m\u1ed9t ch\u00fat th\u1eddi gian t\u00f9y thu\u1ed9c v\u00e0o tr\u1ea1ng th\u00e1i \u1ee9ng d\u1ee5ng.<\/p>\n\n\n\n<p>v\u00e0 th\u1ebf l\u00e0 xong! Nhanh ch\u00f3ng v\u00e0 d\u1ec5 d\u00e0ng.<\/p>\n\n\n\n<p class=\"logo-bw step-goal\"><strong><em>bitwallet<\/em> B\u1eaft \u0111\u1ea7u s\u1eed d\u1ee5ng ngay b\u00e2y gi\u1edd!<\/strong><\/p>\n<\/div>\n<\/div>\n\n\n\n<div class=\"wp-block-cover alignwide is-light help\"><img loading=\"lazy\" decoding=\"async\" width=\"2048\" height=\"336\" class=\"wp-block-cover__image-background wp-image-289\" alt=\"\" src=\"https:\/\/bitwallet.com\/wp-content\/uploads\/2023\/06\/mv-support-jpg.webp\" style=\"object-position:50% 50%\" data-object-fit=\"cover\" data-object-position=\"50% 50%\"\/><span aria-hidden=\"true\" class=\"wp-block-cover__background has-background-dim-0 has-background-dim\"><\/span><div class=\"wp-block-cover__inner-container has-global-padding is-layout-constrained wp-block-cover-is-layout-constrained\">\n<p class=\"has-large-font-size translation-block\"><strong>B\u1ea1n c\u1ea7n gi\u00fap \u0111\u1ee1?<\/strong><br> <strong>Ch\u00fang t\u00f4i \u1edf \u0111\u00e2y \u0111\u1ec3 h\u1ed7 tr\u1ee3.<\/strong><\/p>\n\n\n\n<p class=\"translation-block\">Nh\u00f3m h\u1ed7 tr\u1ee3 c\u1ee7a ch\u00fang t\u00f4i t\u1eadn t\u00e2m ph\u1ee5c v\u1ee5 b\u1ea1n.<br> H\u00e3y li\u00ean h\u1ec7 v\u1edbi ch\u00fang t\u00f4i n\u1ebfu b\u1ea1n c\u00f3 b\u1ea5t k\u1ef3 c\u00e2u h\u1ecfi n\u00e0o li\u00ean quan \u0111\u1ebfn d\u1ecbch v\u1ee5 c\u1ee7a ch\u00fang t\u00f4i.<\/p>\n\n\n\n<div class=\"wp-block-buttons is-layout-flex wp-block-buttons-is-layout-flex\">\n<div class=\"wp-block-button\"><a class=\"wp-block-button__link wp-element-button\" href=\"\/vi\/support\/contact\/\">Li\u00ean h\u1ec7 ch\u00fang t\u00f4i<\/a><\/div>\n<\/div>\n<\/div><\/div>","protected":false},"excerpt":{"rendered":"<p>M\u1edf t\u00e0i kho\u1ea3n Bitwallet ngay h\u00f4m nay v\u00e0 t\u1eadn h\u01b0\u1edfng c\u00e1c giao d\u1ecbch nhanh ch\u00f3ng, an to\u00e0n v\u00e0 thu\u1eadn ti\u1ec7n. Ch\u00fang t\u00f4i h\u1ed7 tr\u1ee3 c\u00e1c lo\u1ea1i ti\u1ec1n t\u1ec7 USD, JPY, EUR v\u00e0 AUD. \u0110\u0103ng k\u00fd ngay!<\/p>","protected":false},"author":5,"featured_media":0,"parent":32,"menu_order":28,"comment_status":"closed","ping_status":"closed","template":"","meta":{"footnotes":""},"class_list":["post-78","page","type-page","status-publish","hentry"],"_links":{"self":[{"href":"https:\/\/bitwallet.com\/vi\/wp-json\/wp\/v2\/pages\/78","targetHints":{"allow":["GET"]}}],"collection":[{"href":"https:\/\/bitwallet.com\/vi\/wp-json\/wp\/v2\/pages"}],"about":[{"href":"https:\/\/bitwallet.com\/vi\/wp-json\/wp\/v2\/types\/page"}],"author":[{"embeddable":true,"href":"https:\/\/bitwallet.com\/vi\/wp-json\/wp\/v2\/users\/5"}],"replies":[{"embeddable":true,"href":"https:\/\/bitwallet.com\/vi\/wp-json\/wp\/v2\/comments?post=78"}],"version-history":[{"count":56,"href":"https:\/\/bitwallet.com\/vi\/wp-json\/wp\/v2\/pages\/78\/revisions"}],"predecessor-version":[{"id":5205,"href":"https:\/\/bitwallet.com\/vi\/wp-json\/wp\/v2\/pages\/78\/revisions\/5205"}],"up":[{"embeddable":true,"href":"https:\/\/bitwallet.com\/vi\/wp-json\/wp\/v2\/pages\/32"}],"wp:attachment":[{"href":"https:\/\/bitwallet.com\/vi\/wp-json\/wp\/v2\/media?parent=78"}],"curies":[{"name":"wp","href":"https:\/\/api.w.org\/{rel}","templated":true}]}}