{"id":76,"date":"2023-05-10T16:11:50","date_gmt":"2023-05-10T07:11:50","guid":{"rendered":"https:\/\/bitwallet.com\/?page_id=76"},"modified":"2024-12-02T08:52:20","modified_gmt":"2024-12-01T23:52:20","slug":"exchange","status":"publish","type":"page","link":"https:\/\/bitwallet.com\/vi\/service\/exchange\/","title":{"rendered":"THANH TO\u00c1N B\u1eb0NG LO\u1ea0I TI\u1ec0N KH\u00c1C"},"content":{"rendered":"<div class=\"wp-block-cover alignwide is-light header\"><span aria-hidden=\"true\" class=\"wp-block-cover__background has-background-dim-0 has-background-dim\"><\/span><img loading=\"lazy\" decoding=\"async\" width=\"2000\" height=\"360\" class=\"wp-block-cover__image-background wp-image-874\" alt=\"\" src=\"https:\/\/bitwallet.com\/wp-content\/uploads\/2023\/09\/mv-service_exchange-jpg.webp\" data-object-fit=\"cover\"\/><div class=\"wp-block-cover__inner-container has-global-padding is-layout-constrained wp-block-cover-is-layout-constrained\">\n<h1 class=\"wp-block-heading\">THANH TO\u00c1N B\u1eb0NG LO\u1ea0I TI\u1ec0N KH\u00c1C<\/h1>\n\n\n\n<p>\u0110\u1ed5i ti\u1ec1n \u0111\u1ec3 thanh to\u00e1n d\u1ec5 d\u00e0ng<\/p>\n<\/div><\/div>\n\n\n\n<h2 class=\"wp-block-heading cur effect00\">Trao \u0111\u1ed5i v\u1edbi t\u1ef7 gi\u00e1 t\u1ed1t nh\u1ea5t <sup><span class=\"only-en\">TRAO \u0110\u1ed4I<\/span><span class=\"only-ja\">\u4e21\u66ff<\/span><\/sup><\/h2>\n\n\n\n<div class=\"wp-block-columns fdCRsp effect00 fadeTimeA is-layout-flex wp-container-core-columns-is-layout-9d6595d7 wp-block-columns-is-layout-flex\">\n<div class=\"wp-block-column is-layout-flow wp-block-column-is-layout-flow\">\n<p>V\u1edbi bitwallet, gi\u1edd \u0111\u00e2y b\u1ea1n c\u00f3 th\u1ec3 \u0111\u1ed5i ti\u1ec1n t\u1ec7 USD, JPY, EUR, AUD sang ng\u01b0\u1eddi kh\u00e1c v\u1edbi t\u1ef7 gi\u00e1 h\u00e0i l\u00f2ng nh\u1ea5t.<\/p>\n\n\n\n<p>Gi\u1ea3 s\u1eed b\u1ea1n \u0111ang r\u00fat ti\u1ec1n v\u1ec1 Ng\u00e2n h\u00e0ng Nh\u1eadt B\u1ea3n nh\u01b0ng lo\u1ea1i ti\u1ec1n duy nh\u1ea5t b\u1ea1n c\u00f3 l\u00e0 USD. \u0110\u01a1n gi\u1ea3n ch\u1ec9 c\u1ea7n trao \u0111\u1ed5i \u1edf m\u1ee9c bitwallet \u0111\u1ec3 tr\u00e1nh ph\u00e1t sinh ph\u00ed trao \u0111\u1ed5i cao t\u1eeb ng\u00e2n h\u00e0ng. C\u00f3 s\u1eb5n b\u1eb1ng c\u1ea3 4 lo\u1ea1i ti\u1ec1n t\u1ec7, 24\/7, x\u1eed l\u00fd theo th\u1eddi gian th\u1ef1c.<\/p>\n<\/div>\n\n\n\n<div class=\"wp-block-column fb180pxtb is-layout-flow wp-block-column-is-layout-flow\">\n<figure class=\"wp-block-image aligncenter size-large w180pxtb\"><img loading=\"lazy\" decoding=\"async\" width=\"1024\" height=\"458\" src=\"https:\/\/bitwallet.com\/wp-content\/uploads\/2023\/07\/img_exchange-1024x458.png\" alt=\"\" class=\"wp-image-430\"\/><\/figure>\n<\/div>\n<\/div>\n\n\n\n<h4 class=\"wp-block-heading circle\">T\u1ef7 l\u1ec7 \u01b0u \u0111\u00e3i cho ti\u1ec1n t\u1ec7<\/h4>\n\n\n\r\n<link rel=\"stylesheet\" type=\"text\/css\" href=\"\/common\/select\/nice-select.css\">\r\n<link rel=\"stylesheet\" type=\"text\/css\" href=\"https:\/\/bitwallet.com\/wp-content\/themes\/bw2024\/assets\/css\/filter_structure.css\">\r\n<link rel=\"stylesheet\" type=\"text\/css\" href=\"https:\/\/bitwallet.com\/wp-content\/themes\/bw2024\/assets\/css\/filter_basis_select_parts.css\">\r\n\r\n    <div class=\"exchangeBox02 effect01 fadeTimeA\" data-no-translation=\"\">\r\n<div class=\"clearfix spaceCommon02\">\r\n<div class=\"dispTable fr\">\r\n<p><img decoding=\"async\" src=\"\/common\/images\/common\/icon_time01.png\" alt=\"Time\" class=\"vm\"><\/p>\r\n<p class=\"pl10 pt02 fs09p\"><span class=\"timeUpdate\"><\/span> Now<\/p>\r\n<\/div>\r\n<\/div>\r\n<div>\r\n<table class=\"tableCommon01 styleA tableExchange02 tableExchange02Layout01 tableExchangeCurrency02USDJPY\">\r\n<thead>\r\n<tr>\r\n<td class=\"tc\">\r\n<div class=\"dispTablePU mlaPU mraPU\">\r\n<p>\r\nCurrency Pair\r\n<span class=\"dispNonePO\">:<\/span><\/p>\r\n<div class=\"dispNonePO w180px pl10pu\">\r\n<select class=\"selectNice01 selectStyle01 w100 fs11s tableExchange02Select01\">\r\n<option value=\"tableExchangeCurrency02USDJPY\" selected>USD \/ JPY<\/option>\r\n<option value=\"tableExchangeCurrency02AUDJPY\">AUD \/ JPY<\/option>\r\n<option value=\"tableExchangeCurrency02EURJPY\">EUR \/ JPY<\/option>\r\n<option value=\"tableExchangeCurrency02EURUSD\">EUR \/ USD<\/option>\r\n<option value=\"tableExchangeCurrency02AUDUSD\">AUD \/ USD<\/option>\r\n<option value=\"tableExchangeCurrency02AUDEUR\">AUD \/ EUR<\/option>\r\n<\/select>\r\n<\/div>\r\n<\/div>\r\n<\/td>\r\n<td class=\"cellExchange02bPO tc\">Sell<\/td>\r\n<td class=\"tc\">Buy<\/td>\r\n<td class=\"tc\">Spread<\/td>\r\n<\/tr>\r\n<\/thead>\r\n<tbody>\r\n<tr class=\"exchangePair01 exchangeUSDJPY\">\r\n<td class=\"tc\"><div class=\"dispTablePO\"><div class=\"pr10po mb05pu\"><div class=\"iconCommon06\"><img decoding=\"async\" src=\"\/common\/images\/common\/icon_currency_usd02.png\" alt=\"USD\" class=\"flag01\"><img decoding=\"async\" src=\"\/common\/images\/common\/icon_currency_jpy02.png\" alt=\"JPY\" class=\"flag02\"><\/div><\/div><p>USD \/ JPY<\/p><\/div><\/td>\r\n<td class=\"cellExchange02bPO cellExchange03\" id=\"EXCHANGE_BID_USDJPY\"><p class=\"cellExchange03Arrow01\" id=\"ICON_EXCHANGE_BID_USDJPY\"><\/p><p id=\"PRICE_BID_USDJPY\">0<\/p><\/td>\r\n<td class=\"cellExchange03\" id=\"EXCHANGE_ASK_USDJPY\"><p class=\"cellExchange03Arrow01\" id=\"ICON_EXCHANGE_ASK_USDJPY\"><\/p><p id=\"PRICE_ASK_USDJPY\">0<\/p><\/td>\r\n<td class=\"cellExchange03\"><p id=\"SPREAD_USDJPY\">0<\/p><\/td>\r\n<\/tr>\r\n<tr class=\"exchangePair01 exchangeEURJPY\">\r\n<td class=\"tc\"><div class=\"dispTablePO\"><div class=\"pr10po mb05pu\"><div class=\"iconCommon06\"><img decoding=\"async\" src=\"\/common\/images\/common\/icon_currency_eur02.png\" alt=\"EUR\" class=\"flag01\"><img decoding=\"async\" src=\"\/common\/images\/common\/icon_currency_jpy02.png\" alt=\"JPY\" class=\"flag02\"><\/div><\/div><p>EUR \/ JPY<\/p><\/div><\/td>\r\n<td class=\"cellExchange02bPO cellExchange03\" id=\"EXCHANGE_BID_EURJPY\"><p class=\"cellExchange03Arrow01\" id=\"ICON_EXCHANGE_BID_EURJPY\"><\/p><p id=\"PRICE_BID_EURJPY\">0<\/p><\/td>\r\n<td class=\"cellExchange03\" id=\"EXCHANGE_ASK_EURJPY\"><p class=\"cellExchange03Arrow01\" id=\"ICON_EXCHANGE_ASK_EURJPY\"><\/p><p id=\"PRICE_ASK_EURJPY\">0<\/p><\/td>\r\n<td class=\"cellExchange03\"><p id=\"SPREAD_EURJPY\">0<\/p><\/td>\r\n<\/tr>\r\n<tr class=\"exchangePair01 exchangeAUDJPY\">\r\n<td class=\"tc\"><div class=\"dispTablePO\"><div class=\"pr10po mb05pu\"><div class=\"iconCommon06\"><img decoding=\"async\" src=\"\/common\/images\/common\/icon_currency_aud02.png\" alt=\"AUD\" class=\"flag01\"><img decoding=\"async\" src=\"\/common\/images\/common\/icon_currency_jpy02.png\" alt=\"JPY\" class=\"flag02\"><\/div><\/div><p>AUD \/ JPY<\/p><\/div><\/td>\r\n<td class=\"cellExchange02bPO cellExchange03\" id=\"EXCHANGE_BID_AUDJPY\"><p class=\"cellExchange03Arrow01\" id=\"ICON_EXCHANGE_BID_AUDJPY\"><\/p><p id=\"PRICE_BID_AUDJPY\">0<\/p><\/td>\r\n<td class=\"cellExchange03\" id=\"EXCHANGE_ASK_AUDJPY\"><p class=\"cellExchange03Arrow01\" id=\"ICON_EXCHANGE_ASK_AUDJPY\"><\/p><p id=\"PRICE_ASK_AUDJPY\">0<\/p><\/td>\r\n<td class=\"cellExchange03\"><p id=\"SPREAD_AUDJPY\">0<\/p><\/td>\r\n<\/tr>\r\n\r\n<tr class=\"exchangePair01 exchangeEURUSD\">\r\n<td class=\"tc\"><div class=\"dispTablePO\"><div class=\"pr10po mb05pu\"><div class=\"iconCommon06\"><img decoding=\"async\" src=\"\/common\/images\/common\/icon_currency_eur02.png\" alt=\"EUR\" class=\"flag01\"><img decoding=\"async\" src=\"\/common\/images\/common\/icon_currency_usd02.png\" alt=\"USD\" class=\"flag02\"><\/div><\/div><p>EUR \/ USD<\/p><\/div><\/td>\r\n<td class=\"cellExchange02bPO cellExchange03\" id=\"EXCHANGE_BID_EURUSD\"><p class=\"cellExchange03Arrow01\" id=\"ICON_EXCHANGE_BID_EURUSD\"><\/p><p id=\"PRICE_BID_EURUSD\">0<\/p><\/td>\r\n<td class=\"cellExchange03\" id=\"EXCHANGE_ASK_EURUSD\"><p class=\"cellExchange03Arrow01\" id=\"ICON_EXCHANGE_ASK_EURUSD\"><\/p><p id=\"PRICE_ASK_EURUSD\">0<\/p><\/td>\r\n<td class=\"cellExchange03\"><p id=\"SPREAD_EURUSD\">0<\/p><\/td>\r\n<\/tr>\r\n<tr class=\"exchangePair01 exchangeAUDUSD\">\r\n<td class=\"tc\"><div class=\"dispTablePO\"><div class=\"pr10po mb05pu\"><div class=\"iconCommon06\"><img decoding=\"async\" src=\"\/common\/images\/common\/icon_currency_aud02.png\" alt=\"AUD\" class=\"flag01\"><img decoding=\"async\" src=\"\/common\/images\/common\/icon_currency_usd02.png\" alt=\"USD\" class=\"flag02\"><\/div><\/div><p>AUD \/ USD<\/p><\/div><\/td>\r\n<td class=\"cellExchange02bPO cellExchange03\" id=\"EXCHANGE_BID_AUDUSD\"><p class=\"cellExchange03Arrow01\" id=\"ICON_EXCHANGE_BID_AUDUSD\"><\/p><p id=\"PRICE_BID_AUDUSD\">0<\/p><\/td>\r\n<td class=\"cellExchange03\" id=\"EXCHANGE_ASK_AUDUSD\"><p class=\"cellExchange03Arrow01\" id=\"ICON_EXCHANGE_ASK_AUDUSD\"><\/p><p id=\"PRICE_ASK_AUDUSD\">0<\/p><\/td>\r\n<td class=\"cellExchange03\"><p id=\"SPREAD_AUDUSD\">0<\/p><\/td>\r\n<\/tr>\r\n\r\n<tr class=\"exchangePair01 exchangeAUDEUR\">\r\n<td class=\"tc\"><div class=\"dispTablePO\"><div class=\"pr10po mb05pu\"><div class=\"iconCommon06\"><img decoding=\"async\" src=\"\/common\/images\/common\/icon_currency_aud02.png\" alt=\"AUD\" class=\"flag01\"><img decoding=\"async\" src=\"\/common\/images\/common\/icon_currency_eur02.png\" alt=\"EUR\" class=\"flag02\"><\/div><\/div><p>AUD \/ EUR<\/p><\/div><\/td>\r\n<td class=\"cellExchange02bPO cellExchange03\" id=\"EXCHANGE_BID_AUDEUR\"><p class=\"cellExchange03Arrow01\" id=\"ICON_EXCHANGE_BID_AUDEUR\"><\/p><p id=\"PRICE_BID_AUDEUR\">0<\/p><\/td>\r\n<td class=\"cellExchange03\" id=\"EXCHANGE_ASK_AUDEUR\"><p class=\"cellExchange03Arrow01\" id=\"ICON_EXCHANGE_ASK_AUDEUR\"><\/p><p id=\"PRICE_ASK_AUDEUR\">0<\/p><\/td>\r\n<td class=\"cellExchange03\"><p id=\"SPREAD_AUDEUR\">0<\/p><\/td>\r\n<\/tr>\r\n\r\n<\/tbody>\r\n<\/table>\r\n<\/div>\r\n<\/div>\r\n\r\n\r\n\r\n<script src=\"https:\/\/bitwallet.com\/wp-content\/themes\/bw2024\/assets\/js\/calc.js\"><\/script>\r\n<script src=\"\/common\/select\/jquery.nice-select.js\"><\/script>\r\n<script src=\"https:\/\/cdnjs.cloudflare.com\/ajax\/libs\/socket.io\/1.7.2\/socket.io.js\"><\/script>\r\n<script src=\"https:\/\/code.jquery.com\/ui\/1.12.1\/jquery-ui.js\"><\/script>\r\n<script src=\"\/common\/js\/pi\/live.js?v20200722001\"><\/script>\r\n\n\n\n\n<div class=\"wp-block-cover alignwide is-light service\" style=\"min-height:255px;aspect-ratio:unset;\"><span aria-hidden=\"true\" class=\"wp-block-cover__background has-background-dim-0 has-background-dim\"><\/span><img loading=\"lazy\" decoding=\"async\" width=\"2000\" height=\"390\" class=\"wp-block-cover__image-background wp-image-873\" alt=\"\" src=\"https:\/\/bitwallet.com\/wp-content\/uploads\/2023\/09\/mv-service_exchange2-jpg.webp\" data-object-fit=\"cover\"\/><div class=\"wp-block-cover__inner-container has-global-padding is-layout-constrained wp-block-cover-is-layout-constrained\">\n<h2 class=\"wp-block-heading\" id=\"effect01\">Giao d\u1ecbch ngo\u00e0i mong \u0111\u1ee3i<\/h2>\n\n\n\n<p>bitwallet, v\u00ed k\u1ef9 thu\u1eadt s\u1ed1 ch\u01b0a t\u1eebng c\u00f3 tr\u01b0\u1edbc \u0111\u00e2y. \u0110\u01b0\u1ee3c \u0111\u00f3ng g\u00f3i v\u1edbi c\u00e1c t\u00ednh n\u0103ng trao \u0111\u1ed5i ti\u1ec1n t\u1ec7 v\u00e0 h\u01a1n th\u1ebf n\u1eefa.<\/p>\n<\/div><\/div>\n\n\n\n<div class=\"wp-block-cover alignwide is-light help\"><span aria-hidden=\"true\" class=\"wp-block-cover__background has-background-dim-0 has-background-dim\"><\/span><img loading=\"lazy\" decoding=\"async\" width=\"2048\" height=\"336\" class=\"wp-block-cover__image-background wp-image-289\" alt=\"\" src=\"https:\/\/bitwallet.com\/wp-content\/uploads\/2023\/06\/mv-support-jpg.webp\" style=\"object-position:50% 50%\" data-object-fit=\"cover\" data-object-position=\"50% 50%\"\/><div class=\"wp-block-cover__inner-container has-global-padding is-layout-constrained wp-block-cover-is-layout-constrained\">\n<p class=\"has-large-font-size translation-block\"><strong>B\u1ea1n c\u1ea7n gi\u00fap \u0111\u1ee1?<\/strong><br> <strong>Ch\u00fang t\u00f4i \u1edf \u0111\u00e2y \u0111\u1ec3 h\u1ed7 tr\u1ee3.<\/strong><\/p>\n\n\n\n<p class=\"translation-block\">Nh\u00f3m h\u1ed7 tr\u1ee3 c\u1ee7a ch\u00fang t\u00f4i t\u1eadn t\u00e2m ph\u1ee5c v\u1ee5 b\u1ea1n.<br> H\u00e3y li\u00ean h\u1ec7 v\u1edbi ch\u00fang t\u00f4i n\u1ebfu b\u1ea1n c\u00f3 b\u1ea5t k\u1ef3 c\u00e2u h\u1ecfi n\u00e0o li\u00ean quan \u0111\u1ebfn d\u1ecbch v\u1ee5 c\u1ee7a ch\u00fang t\u00f4i.<\/p>\n\n\n\n<div class=\"wp-block-buttons is-layout-flex wp-block-buttons-is-layout-flex\">\n<div class=\"wp-block-button\"><a class=\"wp-block-button__link wp-element-button\" href=\"\/vi\/support\/contact\/\">Li\u00ean h\u1ec7 ch\u00fang t\u00f4i<\/a><\/div>\n<\/div>\n<\/div><\/div>","protected":false},"excerpt":{"rendered":"<p>\u0110\u1ed5i v\u1edbi t\u1ef7 gi\u00e1 t\u1ed1t nh\u1ea5t TRAO \u0110\u1ed4I\u4e21\u66ff V\u1edbi bitwallet, gi\u1edd \u0111\u00e2y b\u1ea1n c\u00f3 th\u1ec3 \u0111\u1ed5i ti\u1ec1n t\u1ec7 \u1edf USD, JPY, EUR, AUD sang nh\u1eefng ng\u01b0\u1eddi kh\u00e1c v\u1edbi t\u1ef7 gi\u00e1 h\u00e0i l\u00f2ng nh\u1ea5t. Gi\u1ea3 s\u1eed b\u1ea1n \u0111ang r\u00fat ti\u1ec1n v\u1ec1 Ng\u00e2n h\u00e0ng Nh\u1eadt B\u1ea3n nh\u01b0ng lo\u1ea1i ti\u1ec1n t\u1ec7 duy nh\u1ea5t b\u1ea1n c\u00f3 l\u00e0 USD. Ch\u1ec9 c\u1ea7n \u0111\u1ed5i \u1edf bitwallet \u0111\u1ec3 tr\u00e1nh ph\u1ea3i ch\u1ecbu ph\u00ed \u0111\u1ed5i ti\u1ec1n cao t\u1eeb ng\u00e2n h\u00e0ng. C\u00f3 s\u1eb5n \u1edf t\u1ea5t c\u1ea3 4 lo\u1ea1i ti\u1ec1n t\u1ec7, x\u1eed l\u00fd 24\/7, theo th\u1eddi gian th\u1ef1c. T\u1ef7 gi\u00e1 \u0111\u1eb7c quy\u1ec1n cho lo\u1ea1i ti\u1ec1n t\u1ec7<\/p>","protected":false},"author":5,"featured_media":0,"parent":32,"menu_order":24,"comment_status":"closed","ping_status":"closed","template":"","meta":{"footnotes":""},"class_list":["post-76","page","type-page","status-publish","hentry"],"_links":{"self":[{"href":"https:\/\/bitwallet.com\/vi\/wp-json\/wp\/v2\/pages\/76","targetHints":{"allow":["GET"]}}],"collection":[{"href":"https:\/\/bitwallet.com\/vi\/wp-json\/wp\/v2\/pages"}],"about":[{"href":"https:\/\/bitwallet.com\/vi\/wp-json\/wp\/v2\/types\/page"}],"author":[{"embeddable":true,"href":"https:\/\/bitwallet.com\/vi\/wp-json\/wp\/v2\/users\/5"}],"replies":[{"embeddable":true,"href":"https:\/\/bitwallet.com\/vi\/wp-json\/wp\/v2\/comments?post=76"}],"version-history":[{"count":40,"href":"https:\/\/bitwallet.com\/vi\/wp-json\/wp\/v2\/pages\/76\/revisions"}],"predecessor-version":[{"id":4956,"href":"https:\/\/bitwallet.com\/vi\/wp-json\/wp\/v2\/pages\/76\/revisions\/4956"}],"up":[{"embeddable":true,"href":"https:\/\/bitwallet.com\/vi\/wp-json\/wp\/v2\/pages\/32"}],"wp:attachment":[{"href":"https:\/\/bitwallet.com\/vi\/wp-json\/wp\/v2\/media?parent=76"}],"curies":[{"name":"wp","href":"https:\/\/api.w.org\/{rel}","templated":true}]}}