{"id":74,"date":"2023-05-10T16:11:03","date_gmt":"2023-05-10T07:11:03","guid":{"rendered":"https:\/\/bitwallet.com\/?page_id=74"},"modified":"2024-12-04T10:53:08","modified_gmt":"2024-12-04T01:53:08","slug":"payment","status":"publish","type":"page","link":"https:\/\/bitwallet.com\/vi\/service\/payment\/","title":{"rendered":"THANH TO\u00c1N TR\u1ef0C TUY\u1ebeN"},"content":{"rendered":"<div class=\"wp-block-cover alignwide is-light header\"><span aria-hidden=\"true\" class=\"wp-block-cover__background has-background-dim-0 has-background-dim\"><\/span><img loading=\"lazy\" decoding=\"async\" width=\"2000\" height=\"360\" class=\"wp-block-cover__image-background wp-image-863\" alt=\"\" src=\"https:\/\/bitwallet.com\/wp-content\/uploads\/2023\/09\/mv-service_payment-jpg.webp\" data-object-fit=\"cover\"\/><div class=\"wp-block-cover__inner-container has-global-padding is-layout-constrained wp-block-cover-is-layout-constrained\">\n<h1 class=\"wp-block-heading effect00\">THANH TO\u00c1N TR\u1ef0C TUY\u1ebeN<\/h1>\n\n\n\n<p class=\"effect00 fadeTimeA\">\u0110\u1ed9c \u0111\u00e1o c\u1ee7a ch\u00fang t\u00f4i: Thanh to\u00e1n OneClick<\/p>\n<\/div><\/div>\n\n\n\n<h2 class=\"wp-block-heading cur effect00\" id=\"fiat\">Thanh to\u00e1n d\u1ec5 d\u00e0ng 24\/7 theo th\u1eddi gian th\u1ef1c <sup><span class=\"only-en\">S\u1ef0 CHI TR\u1ea2<\/span><span class=\"only-ja\">\u304a\u652f\u6255<\/span><\/sup><\/h2>\n\n\n\n<div class=\"wp-block-columns fdCRsp effect00 fadeTimeA is-layout-flex wp-container-core-columns-is-layout-9d6595d7 wp-block-columns-is-layout-flex\">\n<div class=\"wp-block-column is-layout-flow wp-block-column-is-layout-flow\">\n<p>V\u1edbi bitwallet, b\u1ea1n c\u00f3 th\u1ec3 d\u1ec5 d\u00e0ng thanh to\u00e1n USD, JPY, EUR ho\u1eb7c AUD cho ng\u01b0\u1eddi d\u00f9ng kh\u00e1c ch\u1ec9 b\u1eb1ng m\u1ed9t c\u00fa nh\u1ea5p chu\u1ed9t.<\/p>\n\n\n\n<p>X\u1eed l\u00fd theo th\u1eddi gian th\u1ef1c 24 gi\u1edd, 365 ng\u00e0y.<\/p>\n\n\n\n<ul class=\"wp-block-list note kome mt2em\">\n<li class=\"only-ja\">\u53d7\u53d6\u4eba\u306f\u3001\u767b\u9332\u306e\u3042\u308b\u6cd5\u4eba\u3082\u3057\u304f\u306f\u500b\u4eba\u4e8b\u696d\u4e3b\u3067\u3001\u30d3\u30b8\u30cd\u30b9\u76ee\u7684\u3067\u306e\u53d7\u53d6\u308a\u306b\u306b\u9650\u3089\u308c\u307e\u3059\u3002<\/li>\n<\/ul>\n\n\n\n<div class=\"wp-block-columns are-vertically-aligned-center is-not-stacked-on-mobile oneclick payment is-layout-flex wp-container-core-columns-is-layout-9d6595d7 wp-block-columns-is-layout-flex\">\n<div class=\"wp-block-column is-vertically-aligned-center icon is-layout-flow wp-block-column-is-layout-flow\">\n<figure class=\"wp-block-image size-full is-resized\"><img loading=\"lazy\" decoding=\"async\" width=\"336\" height=\"235\" src=\"https:\/\/bitwallet.com\/wp-content\/uploads\/2024\/08\/icon_oneclickpayment.png\" alt=\"\" class=\"wp-image-4911\" style=\"width:80px\"\/><\/figure>\n<\/div>\n\n\n\n<div class=\"wp-block-column is-vertically-aligned-center text is-layout-flow wp-block-column-is-layout-flow\">\n<p class=\"has-small-font-size\">OneClick Payment l\u00e0 nh\u00e3n hi\u1ec7u c\u1ee7a Bitwallet Service Group.<\/p>\n<\/div>\n<\/div>\n<\/div>\n\n\n\n<div class=\"wp-block-column fb280pxtb is-layout-flow wp-block-column-is-layout-flow\">\n<div class=\"wp-block-group service-payment-diagram has-global-padding is-layout-constrained wp-block-group-is-layout-constrained\">\n<figure class=\"wp-block-image aligncenter size-large\"><img decoding=\"async\" src=\"https:\/\/bitwallet.com\/wp-content\/uploads\/2023\/09\/transfer_img01.png?1\" alt=\"\"\/><\/figure>\n\n\n\n<h4 class=\"wp-block-heading has-text-align-center\"><strong>Thanh to\u00e1n OneClick\u2122<\/strong><\/h4>\n<\/div>\n<\/div>\n<\/div>\n\n\n\n<div class=\"wp-block-cover alignwide is-light service\" style=\"min-height:255px;aspect-ratio:unset;\"><span aria-hidden=\"true\" class=\"wp-block-cover__background has-background-dim-0 has-background-dim\"><\/span><img loading=\"lazy\" decoding=\"async\" width=\"2000\" height=\"390\" class=\"wp-block-cover__image-background wp-image-864\" alt=\"\" src=\"https:\/\/bitwallet.com\/wp-content\/uploads\/2023\/09\/mv-service_payment2-jpg.webp\" data-object-fit=\"cover\"\/><div class=\"wp-block-cover__inner-container has-global-padding is-layout-constrained wp-block-cover-is-layout-constrained\">\n<h2 class=\"wp-block-heading effect01\">Kh\u00f4ng c\u00f3 ph\u00ed thanh to\u00e1n<\/h2>\n\n\n\n<p class=\"effect01 fadeTimeA\">B\u1ea1n c\u00f3 th\u1ec3 thanh to\u00e1n cho c\u00e1c giao d\u1ecbch mua b\u1eaft \u0111\u1ea7u m\u00e0 kh\u00f4ng ph\u1ea3i tr\u1ea3 ph\u00ed ph\u00e1t sinh.<\/p>\n<\/div><\/div>\n\n\n\n<div class=\"wp-block-group box effect01 has-global-padding is-layout-constrained wp-block-group-is-layout-constrained\">\n<h3 class=\"wp-block-heading\">Chi ti\u1ebft<\/h3>\n\n\n\n<div class=\"wp-block-group flex service-payout-select has-global-padding is-layout-constrained wp-block-group-is-layout-constrained\">\n<h4 class=\"wp-block-heading\">S\u1ef0 CHI TR\u1ea2<\/h4>\n\n\n\n<!--div>\n<label for=\"currency\">Shown\uff1a<\/label>\n<select name=\"currency\" id=\"currency\" class=\"selectNice01\">\n  <option value=\"USD\">USD<\/option>\n  <option value=\"JPY\" selected>JPY<\/option>\n  <option value=\"EUR\">EUR<\/option>\n  <option value=\"AUD\">AUD<\/option>\n<\/select>\n<\/div-->\n<\/div>\n\n\n\n<div class=\"wp-block-group tblScrl has-global-padding is-layout-constrained wp-block-group-is-layout-constrained\">\n<table id=\"tbl-payment\" style=\"width:100%;\">\n    <tbody>\n        <tr>\n            <th><span class=\"only-en\">Ph\u01b0\u01a1ng ph\u00e1p<\/span><span class=\"only-ja\">Tin t\u1ee9c<span><\/th>\n            <th><span class=\"only-en\">Ph\u00ed<\/span><span class=\"only-ja\">Tin t\u1ee9c<span><\/th>\n            <th><span class=\"only-en\">S\u1ed1 l\u01b0\u1ee3ng<\/span><span class=\"only-ja\">\u304a\u652f\u6255\u53ef\u80fd\u91d1\u984d<span><\/th>\n            <th>Th\u1eddi gian \u0111\u1ec3 ph\u1ea3n \u00e1nh<\/th>\n        <\/tr>\n        <tr>\n            <td>Thanh to\u00e1n bitwallet<\/td>\n            <td>Th\u1ea5p t\u1edbi $0<\/td>\n            <td class=\"amount\">\n                <table class=\"tbl-payment-inner\">\n                    <tr><th>USD<\/th><td>1.00 USD \uff5e Kh\u00f4ng gi\u1edbi h\u1ea1n<\/td><\/tr>\n                    <tr><th>JPY<\/th><td>100 JPY \uff5e Kh\u00f4ng gi\u1edbi h\u1ea1n<\/td><\/tr>\n                    <tr><th>EUR<\/th><td>1.00 EUR \uff5e Kh\u00f4ng gi\u1edbi h\u1ea1n<\/td><\/tr>\n                    <tr><th>AUD<\/th><td>1.00 AUD \uff5e Kh\u00f4ng gi\u1edbi h\u1ea1n<\/td><\/tr>\n                <\/table>\n            <\/td>\n            <td><img loading=\"lazy\" decoding=\"async\" class=\"alignnone size-full wp-image-861\" src=\"\/wp-content\/uploads\/2023\/09\/icon_pay_realtime01.png\" alt=\"\" width=\"135\" height=\"33\"><\/td>\n        <\/tr>\n    <\/tbody>\n<\/table>\n<style>\n    #tbl-payment td > table.tbl-payment-inner { width: auto !important; min-width: unset !important; margin: 1em auto !important; }\n    table.tbl-payment-inner th, table.tbl-payment-inner td { border: none !important; position: relative; }\n    table.tbl-payment-inner th { text-align: center !important; background-color: transparent !important; padding-right: 1em !important; }\n    table.tbl-payment-inner th::after { content: ':'; position: absolute; right: 0; }\n    table.tbl-payment-inner td { text-align: right !important; }\n<\/style>\n<\/div>\n<\/div>\n\n\n\n<div class=\"wp-block-cover alignwide is-light help\"><span aria-hidden=\"true\" class=\"wp-block-cover__background has-background-dim-0 has-background-dim\"><\/span><img loading=\"lazy\" decoding=\"async\" width=\"2048\" height=\"336\" class=\"wp-block-cover__image-background wp-image-289\" alt=\"\" src=\"https:\/\/bitwallet.com\/wp-content\/uploads\/2023\/06\/mv-support-jpg.webp\" style=\"object-position:50% 50%\" data-object-fit=\"cover\" data-object-position=\"50% 50%\"\/><div class=\"wp-block-cover__inner-container has-global-padding is-layout-constrained wp-block-cover-is-layout-constrained\">\n<p class=\"has-large-font-size translation-block\"><strong>B\u1ea1n c\u1ea7n gi\u00fap \u0111\u1ee1?<\/strong><br> <strong>Ch\u00fang t\u00f4i \u1edf \u0111\u00e2y \u0111\u1ec3 h\u1ed7 tr\u1ee3.<\/strong><\/p>\n\n\n\n<p class=\"translation-block\">Nh\u00f3m h\u1ed7 tr\u1ee3 c\u1ee7a ch\u00fang t\u00f4i t\u1eadn t\u00e2m ph\u1ee5c v\u1ee5 b\u1ea1n.<br> H\u00e3y li\u00ean h\u1ec7 v\u1edbi ch\u00fang t\u00f4i n\u1ebfu b\u1ea1n c\u00f3 b\u1ea5t k\u1ef3 c\u00e2u h\u1ecfi n\u00e0o li\u00ean quan \u0111\u1ebfn d\u1ecbch v\u1ee5 c\u1ee7a ch\u00fang t\u00f4i.<\/p>\n\n\n\n<div class=\"wp-block-buttons is-layout-flex wp-block-buttons-is-layout-flex\">\n<div class=\"wp-block-button\"><a class=\"wp-block-button__link wp-element-button\" href=\"\/vi\/support\/contact\/\">Li\u00ean h\u1ec7 ch\u00fang t\u00f4i<\/a><\/div>\n<\/div>\n<\/div><\/div>","protected":false},"excerpt":{"rendered":"<p>Thanh to\u00e1n qu\u1ed1c t\u1ebf \u0111\u01b0\u1ee3c th\u1ef1c hi\u1ec7n d\u1ec5 d\u00e0ng v\u1edbi bitwallet cho c\u00e1c doanh nghi\u1ec7p v\u00e0 ng\u01b0\u1eddi b\u00e1n b\u1eb1ng d\u1ecbch v\u1ee5 thanh to\u00e1n nhanh ch\u00f3ng v\u00e0 an to\u00e0n c\u1ee7a ch\u00fang t\u00f4i. \u0110\u0103ng k\u00ed \u0111\u1ec3 c\u00f3 t\u00e0i kho\u1ea3n mi\u1ec5n ph\u00ed h\u00f4m nay.<\/p>","protected":false},"author":5,"featured_media":0,"parent":32,"menu_order":25,"comment_status":"closed","ping_status":"closed","template":"","meta":{"footnotes":""},"class_list":["post-74","page","type-page","status-publish","hentry"],"_links":{"self":[{"href":"https:\/\/bitwallet.com\/vi\/wp-json\/wp\/v2\/pages\/74","targetHints":{"allow":["GET"]}}],"collection":[{"href":"https:\/\/bitwallet.com\/vi\/wp-json\/wp\/v2\/pages"}],"about":[{"href":"https:\/\/bitwallet.com\/vi\/wp-json\/wp\/v2\/types\/page"}],"author":[{"embeddable":true,"href":"https:\/\/bitwallet.com\/vi\/wp-json\/wp\/v2\/users\/5"}],"replies":[{"embeddable":true,"href":"https:\/\/bitwallet.com\/vi\/wp-json\/wp\/v2\/comments?post=74"}],"version-history":[{"count":83,"href":"https:\/\/bitwallet.com\/vi\/wp-json\/wp\/v2\/pages\/74\/revisions"}],"predecessor-version":[{"id":5045,"href":"https:\/\/bitwallet.com\/vi\/wp-json\/wp\/v2\/pages\/74\/revisions\/5045"}],"up":[{"embeddable":true,"href":"https:\/\/bitwallet.com\/vi\/wp-json\/wp\/v2\/pages\/32"}],"wp:attachment":[{"href":"https:\/\/bitwallet.com\/vi\/wp-json\/wp\/v2\/media?parent=74"}],"curies":[{"name":"wp","href":"https:\/\/api.w.org\/{rel}","templated":true}]}}