{"id":72,"date":"2023-05-10T16:08:34","date_gmt":"2023-05-10T07:08:34","guid":{"rendered":"https:\/\/bitwallet.com\/?page_id=72"},"modified":"2026-01-08T10:42:10","modified_gmt":"2026-01-08T01:42:10","slug":"receive","status":"publish","type":"page","link":"https:\/\/bitwallet.com\/vi\/service\/receive\/","title":{"rendered":"NH\u1eacN THANH TO\u00c1N"},"content":{"rendered":"<div class=\"wp-block-cover alignwide is-light header\"><img loading=\"lazy\" decoding=\"async\" width=\"2000\" height=\"360\" class=\"wp-block-cover__image-background wp-image-934\" alt=\"\" src=\"https:\/\/bitwallet.com\/wp-content\/uploads\/2023\/09\/mv-service_payout-jpg.webp\" data-object-fit=\"cover\"\/><span aria-hidden=\"true\" class=\"wp-block-cover__background has-background-dim-0 has-background-dim\"><\/span><div class=\"wp-block-cover__inner-container has-global-padding is-layout-constrained wp-block-cover-is-layout-constrained\">\n<h1 class=\"wp-block-heading effect00\">NH\u1eacN THANH TO\u00c1N<\/h1>\n\n\n\n<p class=\"effect00 fadeTimeA\">Nh\u1eadn thanh to\u00e1n t\u1eeb ch\u00fang t\u00f4i<\/p>\n<\/div><\/div>\n\n\n\n<h2 class=\"wp-block-heading cur effect00\">Nh\u1eadn thanh to\u00e1n cho t\u1ed5 ch\u1ee9c t\u00e0i ch\u00ednh c\u1ee7a b\u1ea1n tr\u00ean to\u00e0n th\u1ebf gi\u1edbi<sup><span class=\"only-en\">NH\u1eacN \u0110\u01af\u1ee2C<\/span><span class=\"only-ja\">\u304a\u53d7\u53d6<\/span><\/sup><\/h2>\n\n\n\n<div class=\"wp-block-columns fdCRsp effect00 fadeTimeA is-layout-flex wp-container-core-columns-is-layout-9d6595d7 wp-block-columns-is-layout-flex\">\n<div class=\"wp-block-column is-layout-flow wp-block-column-is-layout-flow\">\n<p>V\u1edbi bitwallet, ch\u00fang t\u00f4i s\u1ebd nhanh ch\u00f3ng x\u1eed l\u00fd y\u00eau c\u1ea7u r\u00fat ti\u1ec1n c\u1ee7a b\u1ea1n b\u1eb1ng \u0111\u00f4 la M\u1ef9, y\u00ean Nh\u1eadt, euro ch\u00e2u \u00c2u v\u00e0 \u0111\u00f4 la \u00dac.<\/p>\n\n\n\n<p>\u0110\u1ec3 \u0111\u1ea3m b\u1ea3o ng\u01b0\u1eddi d\u00f9ng c\u00f3 th\u1ec3 nh\u1eadn \u0111\u01b0\u1ee3c thanh to\u00e1n ngay l\u1eadp t\u1ee9c, ch\u00fang t\u00f4i k\u1ebft n\u1ed1i v\u1edbi c\u00e1c ng\u00e2n h\u00e0ng l\u1edbn tr\u00ean to\u00e0n th\u1ebf gi\u1edbi, cho ph\u00e9p x\u1eed l\u00fd giao d\u1ecbch nhanh ch\u00f3ng.<\/p>\n\n\n\n<div class=\"wp-block-columns is-not-stacked-on-mobile cssctrl gap20 mt2em is-layout-flex wp-container-core-columns-is-layout-9d6595d7 wp-block-columns-is-layout-flex\">\n<div class=\"wp-block-column flexShrink0 is-layout-flow wp-block-column-is-layout-flow\" style=\"flex-basis:148px\">\n<figure class=\"wp-block-image size-full is-resized w100\"><img loading=\"lazy\" decoding=\"async\" width=\"148\" height=\"75\" src=\"https:\/\/bitwallet.com\/wp-content\/uploads\/2023\/07\/logo_aml01.png\" alt=\"\" class=\"wp-image-469\" style=\"width:148px;height:undefinedpx\"\/><\/figure>\n<\/div>\n\n\n\n<div class=\"wp-block-column is-layout-flow wp-block-column-is-layout-flow\">\n<ul class=\"wp-block-list note kome\">\n<li>C\u00f4ng ty ch\u00fang t\u00f4i l\u00e0m vi\u1ec7c nghi\u00eam t\u00fac nh\u1eb1m ng\u0103n ch\u1eb7n ho\u1ea1t \u0111\u1ed9ng r\u1eeda ti\u1ec1n. Do \u0111\u00f3, tr\u01b0\u1edbc ti\u00ean ng\u01b0\u1eddi d\u00f9ng ph\u1ea3i x\u00e1c minh danh t\u00ednh c\u1ee7a m\u00ecnh b\u1eb1ng c\u00e1c t\u00e0i li\u1ec7u nh\u1eadn d\u1ea1ng h\u1ed7 tr\u1ee3 v\u00e0 b\u1eb1ng ch\u1ee9ng \u0111\u1ecba ch\u1ec9 trong qu\u00e1 tr\u00ecnh thu th\u1eadp Th\u00f4ng tin kh\u00e1ch h\u00e0ng (KYC). Ng\u01b0\u1eddi d\u00f9ng c\u0169ng c\u00f3 th\u1ec3 ph\u1ea3i g\u1eedi b\u1ea3n sao th\u1ebb t\u00edn d\u1ee5ng v\u00e0 th\u00f4ng tin t\u00e0i kho\u1ea3n ng\u00e2n h\u00e0ng c\u1ee7a ng\u01b0\u1eddi nh\u1eadn tr\u01b0\u1edbc khi k\u00edch ho\u1ea1t t\u00e0i kho\u1ea3n.<\/li>\n<\/ul>\n<\/div>\n<\/div>\n<\/div>\n\n\n\n<div class=\"wp-block-column fb280pxtb is-layout-flow wp-block-column-is-layout-flow\">\n<figure class=\"wp-block-image aligncenter size-full\"><img loading=\"lazy\" decoding=\"async\" width=\"800\" height=\"325\" src=\"https:\/\/bitwallet.com\/wp-content\/uploads\/2024\/12\/service_img_withdrawal_.png\" alt=\"\" class=\"wp-image-4965\"\/><\/figure>\n<\/div>\n<\/div>\n\n\n\n<div class=\"wp-block-cover alignwide is-light service\" style=\"min-height:255px;aspect-ratio:unset;\"><img loading=\"lazy\" decoding=\"async\" width=\"2000\" height=\"390\" class=\"wp-block-cover__image-background wp-image-838\" alt=\"\" src=\"https:\/\/bitwallet.com\/wp-content\/uploads\/2023\/09\/mv-service_payout2-jpg.webp\" data-object-fit=\"cover\"\/><span aria-hidden=\"true\" class=\"wp-block-cover__background has-background-dim-0 has-background-dim\"><\/span><div class=\"wp-block-cover__inner-container has-global-padding is-layout-constrained wp-block-cover-is-layout-constrained\">\n<h2 class=\"wp-block-heading effect01\">Ph\u00ed r\u00fat ti\u1ec1n ph\u1ea3i ch\u0103ng<\/h2>\n\n\n\n<p class=\"effect01 fadeTimeA\">Ph\u00ed Bitwallet c\u00f3 th\u1ec3 th\u1ea5p t\u1edbi 10 USD.<\/p>\n<\/div><\/div>\n\n\n\n<div class=\"wp-block-group box effect01 has-global-padding is-layout-constrained wp-block-group-is-layout-constrained\">\n<h3 class=\"wp-block-heading\"><span class=\"only-en\">Chi ti\u1ebft<\/span><span class=\"only-ja\">\u4ed5\u69d8<\/span><\/h3>\n\n\n\n<h4 class=\"wp-block-heading\"><span class=\"only-en\">NH\u1eacN THANH TO\u00c1N<\/span><span class=\"only-ja\">\u304a\u53d7\u53d6<\/span><\/h4>\n\n\n\n<div class=\"wp-block-group tblScrl has-global-padding is-layout-constrained wp-block-group-is-layout-constrained\">\n<table>\n<tbody>\n<tr>\n<th class=\"w30p\">Ph\u01b0\u01a1ng ph\u00e1p<\/th>\n<th class=\"w20p\">Ti\u1ec1n t\u1ec7<\/th>\n<th class=\"w30p\">Ph\u00ed<\/th>\n<th class=\"w20p\"><span class=\"only-en\">T\u1ed1i thi\u1ec3u<br \/>s\u1ef1 chi tr\u1ea3<br \/>s\u1ed1 l\u01b0\u1ee3ng<\/span><span class=\"only-ja\">\u304a\u53d7\u53d6\u6700\u4f4e\u91d1\u984d<\/span><\/th>\n<\/tr>\n<tr>\n<td rowspan=\"4\" class=\"translation-block\">Chuy\u1ec3n kho\u1ea3n cho<br> c\u00e1 nh\u00e2n<br> <sub>\uff08\u203b1\uff09<\/sub><\/td>\n<td>USD<\/td>\n<td rowspan=\"4\" class=\"translation-block\">USD 10 ho\u1eb7c s\u1ed1 ti\u1ec1n t\u01b0\u01a1ng \u0111\u01b0\u01a1ng t\u00f9y theo qu\u1ed1c gia <sub>\uff08\u203b2\uff09<\/sub><\/td>\n<td>USD 10<\/td>\n<\/tr>\n<tr>\n<td class=\"notfC\">EUR<\/td>\n<td>EUR 10<\/td>\n<\/tr>\n<tr>\n<td class=\"notfC\">JPY<\/td>\n<td>JPY 1.000<\/td>\n<\/tr>\n<tr>\n<td class=\"notfC\">AUD<\/td>\n<td>AUD 10<\/td>\n<\/tr>\n<tr>\n<td class=\"lRfC translation-block\" rowspan=\"4\">Chuy\u1ec3n kho\u1ea3n<br> d\u00e0nh cho doanh nghi\u1ec7p <sub>\uff08\u203b1\uff09<\/sub><\/td>\n<td>USD<\/td>\n<td rowspan=\"4\" class=\"translation-block\">0,8% tr\u1edf \u0111i, t\u00f9y thu\u1ed9c v\u00e0o lo\u1ea1i h\u00ecnh kinh doanh <sub>\uff08\u203b2\uff09<\/sub> &amp; <sub>\uff08\u203b3\uff09<\/sub><\/td>\n<td>USD 10<\/td>\n<\/tr>\n<tr>\n<td class=\"notfC\">EUR<\/td>\n<td>EUR 10<\/td>\n<\/tr>\n<tr>\n<td class=\"notfC\">JPY<\/td>\n<td>JPY 1.000<\/td>\n<\/tr>\n<tr>\n<td class=\"notfC\">AUD<\/td>\n<td>AUD 10<\/td>\n<\/tr>\n<\/tbody>\n<\/table>\n<\/div>\n\n\n\n<ul class=\"wp-block-list note kome\">\n<li>Ph\u1ee5 ph\u00ed \u00e1p d\u1ee5ng cho chuy\u1ec3n kho\u1ea3n ng\u00e2n h\u00e0ng ho\u1eb7c ph\u00ed chuy\u1ec3n kho\u1ea3n ng\u00e2n h\u00e0ng trung gian.<\/li>\n\n\n\n<li>Th\u00f4ng tin th\u00eam c\u00f3 th\u1ec3 \u0111\u01b0\u1ee3c t\u00ecm th\u1ea5y khi \u0111\u0103ng nh\u1eadp v\u00e0o t\u00e0i kho\u1ea3n c\u1ee7a b\u1ea1n.<\/li>\n\n\n\n<li>\u0110\u1ed1i v\u1edbi ph\u00ed t\u00e0i kho\u1ea3n doanh nghi\u1ec7p v\u00e0 t\u00e0i kho\u1ea3n ng\u01b0\u1eddi b\u00e1n, vui l\u00f2ng g\u1eedi y\u00eau c\u1ea7u cho ch\u00fang t\u00f4i sau khi \u0111\u0103ng nh\u1eadp v\u00e0o t\u00e0i kho\u1ea3n c\u1ee7a b\u1ea1n.<\/li>\n\n\n\n<li class=\"nonum\">\u0110\u1ec3 ng\u0103n ch\u1eb7n c\u00e1c h\u00e0nh vi gian l\u1eadn nh\u01b0 r\u1eeda ti\u1ec1n, l\u1ea1m d\u1ee5ng th\u1ebb t\u00edn d\u1ee5ng v\u00e0 t\u1ea1m \u1ee9ng ti\u1ec1n m\u1eb7t, c\u00e1c kho\u1ea3n thanh to\u00e1n v\u00e0 g\u1eedi ti\u1ec1n b\u1eb1ng th\u1ebb t\u00edn d\u1ee5ng v\u00e0 th\u1ebb tr\u1ea3 tr\u01b0\u1edbc trong th\u1eddi gian m\u1ed9t th\u00e1ng s\u1ebd \u0111\u01b0\u1ee3c xem x\u00e9t c\u1ea9n th\u1eadn v\u00e0 chuy\u1ec3n \u0111\u1ebfn t\u00e0i kho\u1ea3n ng\u00e2n h\u00e0ng c\u1ee7a ng\u01b0\u1eddi nh\u1eadn theo quy\u1ebft \u0111\u1ecbnh c\u1ee7a bitwallet. C\u00f3 th\u1ec3 c\u1ea7n th\u00eam th\u1eddi gian \u0111\u1ec3 x\u1eed l\u00fd.<\/li>\n\n\n\n<li class=\"nonum translation-block\">B\u1ea1n kh\u00f4ng th\u1ec3 chuy\u1ec3n ti\u1ec1n \u0111\u1ebfn ng\u00e2n h\u00e0ng \u1edf nh\u1eefng qu\u1ed1c gia b\u1ecb c\u1ea5m chuy\u1ec3n ti\u1ec1n sau \u0111\u00e2y.<br> M\u1ed9t s\u1ed1 qu\u1ed1c gia kh\u00f4ng c\u00f3 trong danh s\u00e1ch n\u00e0y s\u1ebd \u0111\u01b0\u1ee3c xem x\u00e9t t\u1eebng tr\u01b0\u1eddng h\u1ee3p c\u1ee5 th\u1ec3.<br> Afghanistan, Benin, Bonaire, Burundi, C\u1ed9ng h\u00f2a Trung Phi, Tchad, Congo, Crimea, Cuba, Djibouti, Guinea X\u00edch \u0110\u1ea1o, Eritrea, Gabon, Gambia, Guinea, Guinea-Bissau, Guyana, Iran, Iraq, Kazakhstan, Kyrgyzstan, C\u1ed9ng h\u00f2a D\u00e2n ch\u1ee7 Nh\u00e2n d\u00e2n L\u00e0o, Liberia, Libya Madagascar, Malawi, Mali, Mauritania, Montserrat, Myanmar, Nauru, Niger, \u0110\u1ea3o Norfolk, B\u1eafc Tri\u1ec1u Ti\u00ean, Palau, Papua New Guinea, St. \u0110\u1ea3o Barth\u00e9lemy, St. Kitts v\u00e0 Nevis, St. Martin, \u0110\u1ea3o Sint Maarten, Sierra Leone, Sudan (B\u1eafc v\u00e0 Nam), Suriname, Syria, Tajikistan, \u0110\u00f4ng Timor, Togo, Turkmenistan, Uzbekistan, T\u00e2y Sahara, Yemen, Nga, Peru, Nam Phi, Bangladesh, Georgia<\/li>\n<\/ul>\n<\/div>\n\n\n\n<div class=\"wp-block-cover alignwide is-light help\"><img loading=\"lazy\" decoding=\"async\" width=\"2048\" height=\"336\" class=\"wp-block-cover__image-background wp-image-289\" alt=\"\" src=\"https:\/\/bitwallet.com\/wp-content\/uploads\/2023\/06\/mv-support-jpg.webp\" style=\"object-position:50% 50%\" data-object-fit=\"cover\" data-object-position=\"50% 50%\"\/><span aria-hidden=\"true\" class=\"wp-block-cover__background has-background-dim-0 has-background-dim\"><\/span><div class=\"wp-block-cover__inner-container has-global-padding is-layout-constrained wp-block-cover-is-layout-constrained\">\n<p class=\"has-large-font-size translation-block\"><strong>B\u1ea1n c\u1ea7n gi\u00fap \u0111\u1ee1?<\/strong><br> <strong>Ch\u00fang t\u00f4i \u1edf \u0111\u00e2y \u0111\u1ec3 h\u1ed7 tr\u1ee3.<\/strong><\/p>\n\n\n\n<p class=\"translation-block\">Nh\u00f3m h\u1ed7 tr\u1ee3 c\u1ee7a ch\u00fang t\u00f4i t\u1eadn t\u00e2m ph\u1ee5c v\u1ee5 b\u1ea1n.<br> H\u00e3y li\u00ean h\u1ec7 v\u1edbi ch\u00fang t\u00f4i n\u1ebfu b\u1ea1n c\u00f3 b\u1ea5t k\u1ef3 c\u00e2u h\u1ecfi n\u00e0o li\u00ean quan \u0111\u1ebfn d\u1ecbch v\u1ee5 c\u1ee7a ch\u00fang t\u00f4i.<\/p>\n\n\n\n<div class=\"wp-block-buttons is-layout-flex wp-block-buttons-is-layout-flex\">\n<div class=\"wp-block-button\"><a class=\"wp-block-button__link wp-element-button\" href=\"\/vi\/support\/contact\/\">Li\u00ean h\u1ec7 ch\u00fang t\u00f4i<\/a><\/div>\n<\/div>\n<\/div><\/div>","protected":false},"excerpt":{"rendered":"<p>\u0110\u0103ng k\u00fd t\u00e0i kho\u1ea3n ngay h\u00f4m nay! Ch\u00fang t\u00f4i cung c\u1ea5p c\u00e1c ph\u01b0\u01a1ng th\u1ee9c r\u00fat ti\u1ec1n nhanh ch\u00f3ng, an to\u00e0n v\u00e0 thu\u1eadn ti\u1ec7n tr\u1ef1c ti\u1ebfp v\u00e0o t\u00e0i kho\u1ea3n ng\u00e2n h\u00e0ng c\u1ee7a b\u1ea1n. Tr\u1ea3i nghi\u1ec7m thanh to\u00e1n k\u1ef9 thu\u1eadt s\u1ed1 m\u1edbi.<\/p>","protected":false},"author":5,"featured_media":0,"parent":32,"menu_order":20,"comment_status":"closed","ping_status":"closed","template":"","meta":{"footnotes":""},"class_list":["post-72","page","type-page","status-publish","hentry"],"_links":{"self":[{"href":"https:\/\/bitwallet.com\/vi\/wp-json\/wp\/v2\/pages\/72","targetHints":{"allow":["GET"]}}],"collection":[{"href":"https:\/\/bitwallet.com\/vi\/wp-json\/wp\/v2\/pages"}],"about":[{"href":"https:\/\/bitwallet.com\/vi\/wp-json\/wp\/v2\/types\/page"}],"author":[{"embeddable":true,"href":"https:\/\/bitwallet.com\/vi\/wp-json\/wp\/v2\/users\/5"}],"replies":[{"embeddable":true,"href":"https:\/\/bitwallet.com\/vi\/wp-json\/wp\/v2\/comments?post=72"}],"version-history":[{"count":76,"href":"https:\/\/bitwallet.com\/vi\/wp-json\/wp\/v2\/pages\/72\/revisions"}],"predecessor-version":[{"id":5765,"href":"https:\/\/bitwallet.com\/vi\/wp-json\/wp\/v2\/pages\/72\/revisions\/5765"}],"up":[{"embeddable":true,"href":"https:\/\/bitwallet.com\/vi\/wp-json\/wp\/v2\/pages\/32"}],"wp:attachment":[{"href":"https:\/\/bitwallet.com\/vi\/wp-json\/wp\/v2\/media?parent=72"}],"curies":[{"name":"wp","href":"https:\/\/api.w.org\/{rel}","templated":true}]}}