{"id":70,"date":"2023-05-10T16:07:16","date_gmt":"2023-05-10T07:07:16","guid":{"rendered":"https:\/\/bitwallet.com\/?page_id=70"},"modified":"2024-12-02T13:15:18","modified_gmt":"2024-12-02T04:15:18","slug":"prepare","status":"publish","type":"page","link":"https:\/\/bitwallet.com\/vi\/service\/prepare\/","title":{"rendered":"CHU\u1ea8N B\u1eca THANH TO\u00c1N"},"content":{"rendered":"<div class=\"wp-block-cover alignwide header\"><span aria-hidden=\"true\" class=\"wp-block-cover__background has-background-dim-0 has-background-dim\"><\/span><img loading=\"lazy\" decoding=\"async\" width=\"2000\" height=\"360\" class=\"wp-block-cover__image-background wp-image-728\" alt=\"\" src=\"https:\/\/bitwallet.com\/wp-content\/uploads\/2023\/08\/mv-service_payin-jpg.webp\" data-object-fit=\"cover\"\/><div class=\"wp-block-cover__inner-container has-global-padding is-layout-constrained wp-block-cover-is-layout-constrained\">\n<h1 class=\"wp-block-heading effect00\">CHU\u1ea8N B\u1eca THANH TO\u00c1N<\/h1>\n\n\n\n<p class=\"effect00 fadeTimeA\">C\u00e1ch n\u1ea1p ti\u1ec1n \u0111\u1ec3 thanh to\u00e1n<\/p>\n<\/div><\/div>\n\n\n\n<h2 class=\"wp-block-heading cur effect00\" id=\"fiat\">N\u1ea1p ti\u1ec1n \u0111\u1ec3 thanh to\u00e1n b\u1eb1ng nhi\u1ec1u c\u00e1ch kh\u00e1c nhau <sup><span class=\"only-en\">CHU\u1ea8N B\u1eca<\/span><span class=\"only-ja\">\u3054\u6e96\u5099<\/span><\/sup><\/h2>\n\n\n\n<div class=\"wp-block-columns fdCRsp effect00 fadeTimeA&quot;&gt; is-layout-flex wp-container-core-columns-is-layout-9d6595d7 wp-block-columns-is-layout-flex\">\n<div class=\"wp-block-column is-layout-flow wp-block-column-is-layout-flow\">\n<p>bitwallet h\u1ed7 tr\u1ee3 nhi\u1ec1u ph\u01b0\u01a1ng th\u1ee9c chuy\u1ec3n kho\u1ea3n ng\u00e2n h\u00e0ng kh\u00e1c nhau, th\u1ef1c hi\u1ec7n thanh to\u00e1n t\u1eeb t\u00e0i kho\u1ea3n ng\u00e2n h\u00e0ng c\u1ee7a b\u1ea1n cho ng\u01b0\u1eddi b\u00e1n m\u1ed9t c\u00e1ch li\u1ec1n m\u1ea1ch v\u00e0 d\u1ec5 d\u00e0ng.<\/p>\n\n\n\n<p>bitwallet c\u0169ng tu\u00e2n th\u1ee7 PCI DSS(*1) khi x\u1eed l\u00fd t\u1ea5t c\u1ea3 d\u1eef li\u1ec7u thanh to\u00e1n c\u1ee7a b\u1ea1n, \u0111\u1ea3m b\u1ea3o t\u00ednh b\u1ea3o m\u1eadt v\u00e0 b\u1ea3o v\u1ec7 th\u00f4ng tin t\u00e0i ch\u00ednh c\u1ee7a b\u1ea1n.<\/p>\n\n\n\n<div class=\"wp-block-columns gap10 mt2em is-layout-flex wp-container-core-columns-is-layout-9d6595d7 wp-block-columns-is-layout-flex\">\n<div class=\"wp-block-column is-layout-flow wp-block-column-is-layout-flow\" style=\"flex-basis:130px\">\n<figure class=\"wp-block-image size-full taCsp\"><img loading=\"lazy\" decoding=\"async\" width=\"130\" height=\"50\" src=\"https:\/\/bitwallet.com\/wp-content\/uploads\/2023\/11\/logo_pcidss.png\" alt=\"\" class=\"wp-image-2039\"\/><\/figure>\n<\/div>\n\n\n\n<div class=\"wp-block-column is-layout-flow wp-block-column-is-layout-flow\">\n<ul class=\"wp-block-list note kome\">\n<li>PCI DSS (Payment Card Industry Data Security Standard) \u0111\u01b0\u1ee3c th\u00e0nh l\u1eadp b\u1edfi American Express, Discover, JCB, Mastercard v\u00e0 VISA v\u00e0 h\u1ecd chia s\u1ebb nh\u01b0 nhau trong vi\u1ec7c duy tr\u00ec v\u00e0 b\u1ea3o m\u1eadt d\u1eef li\u1ec7u ch\u1ee7 th\u1ebb.<\/li>\n<\/ul>\n<\/div>\n<\/div>\n<\/div>\n\n\n\n<div class=\"wp-block-column fb180pxtb is-layout-flow wp-block-column-is-layout-flow\">\n<figure class=\"wp-block-image aligncenter size-full is-resized w180pxtb\"><img loading=\"lazy\" decoding=\"async\" width=\"630\" height=\"540\" src=\"https:\/\/bitwallet.com\/wp-content\/uploads\/2023\/09\/img_prepare.png\" alt=\"\" class=\"wp-image-756\" style=\"width:420px\"\/><\/figure>\n<\/div>\n<\/div>\n\n\n\n<h2 class=\"wp-block-heading cur effect01\" id=\"both\">Ph\u1ea3n \u00e1nh ngay l\u1eadp t\u1ee9c! <sup><span class=\"only-en\">CHU\u1ea8N B\u1eca<\/span><span class=\"only-ja\">\u3054\u6e96\u5099<\/span><\/sup><\/h2>\n\n\n\n<p class=\"effect01\">V\u1edbi bitwallet, ch\u00fang t\u00f4i cam k\u1ebft n\u1ea1p ti\u1ec1n v\u00e0o t\u00e0i kho\u1ea3n c\u1ee7a b\u1ea1n theo th\u1eddi gian th\u1ef1c cho m\u1ecdi giao d\u1ecbch thanh to\u00e1n.<\/p>\n\n\n\n<div class=\"wp-block-cover alignwide is-light service only-ja\" style=\"min-height:255px;aspect-ratio:unset;\"><span aria-hidden=\"true\" class=\"wp-block-cover__background has-background-dim-0 has-background-dim\"><\/span><img loading=\"lazy\" decoding=\"async\" width=\"2000\" height=\"390\" class=\"wp-block-cover__image-background wp-image-750\" alt=\"\" src=\"https:\/\/bitwallet.com\/wp-content\/uploads\/2023\/09\/mv-service_payin2-jpg.webp\" data-object-fit=\"cover\"\/><div class=\"wp-block-cover__inner-container has-global-padding is-layout-constrained wp-block-cover-is-layout-constrained\">\n<h2 class=\"wp-block-heading effect01\">bitwallet\u306a\u3089\u3001\u7121\u6599\u3067\u901a\u8ca8\u30a6\u30a9\u30ec\u30c3\u30c8\u304c\u5229\u7528\u3067\u304d\u307e\u3059<\/h2>\n\n\n\n<p class=\"effect01 fadeTimeA nothonyaku\" data-no-translation=\"\">bitwallet\u306f\u3001\u591a\u901a\u8ca8\u30aa\u30f3\u30e9\u30a4\u30f3\u30a6\u30a9\u30ec\u30c3\u30c8\u3068\u3057\u3066\u3001\u4e16\u754c\u6700\u9ad8\u6c34\u6e96\u306e\u30bb\u30ad\u30e5\u30ea\u30c6\u30a3\u3068\u3001\u9ad8\u3044\u67d4\u8edf\u6027\u3092\u5099\u3048\u3066\u3044\u307e\u3059\u3002\u5f53\u793e\u3067\u306f\u3001\u304a\u5ba2\u69d8\u306e\u5927\u5207\u306a\u901a\u8ca8\u3092\u3001\u5916\u90e8\u74b0\u5883\u306b\u3055\u3089\u3055\u308c\u308b\u3053\u3068\u306a\u304f\u3001\u5b89\u5168\u304b\u3064\u4fbf\u5229\u306b\u7ba1\u7406\u3059\u308b\u30d7\u30e9\u30c3\u30c8\u30d5\u30a9\u30fc\u30e0\u3092\u63d0\u4f9b\u3057\u3066\u3044\u307e\u3059\u3002<\/p>\n<\/div><\/div>\n\n\n\n<div class=\"wp-block-group box effect01 has-global-padding is-layout-constrained wp-block-group-is-layout-constrained\">\n<h3 class=\"wp-block-heading\"><span class=\"only-en\">Chi ti\u1ebft<\/span><span class=\"only-ja\">\u4ed5\u69d8<\/span><\/h3>\n\n\n\n<h4 class=\"wp-block-heading\"><span class=\"only-en\">CHU\u1ea8N B\u1eca THANH TO\u00c1N<\/span><span class=\"only-ja\">\u304a\u652f\u6255\u306e\u6e96\u5099<\/span><\/h4>\n\n\n\n<div class=\"wp-block-group tblScrl has-global-padding is-layout-constrained wp-block-group-is-layout-constrained\">\n<table style=\"width: 100%; height: 64px;\">\n<tbody>\n<tr style=\"height: 41px;\">\n<th style=\"height: 41px; width: 28.7692%;\"><span class=\"only-en\">Ph\u01b0\u01a1ng ph\u00e1p<\/span><span class=\"only-ja\">Tin t\u1ee9c<span><\/th>\n<th style=\"height: 41px; width: 20.5385%;\">K\u00eanh<\/th>\n<th style=\"height: 41px; width: 33.2308%;\">Ph\u00ed<\/th>\n<th style=\"height: 41px; width: 16.5385%;\" class=\"translation-block\">S\u1ed1 ti\u1ec1n gi\u1edbi h\u1ea1n n\u1ea1p ti\u1ec1n<br> m\u1ed7i giao d\u1ecbch<\/th>\n<\/tr>\n<tr style=\"height: 23px;\">\n<td style=\"height: 23px; width: 28.7692%;\">Chuy\u1ec3n kho\u1ea3n<sub>(\u203b1)<\/sub><\/td>\n<td style=\"height: 23px; width: 20.5385%;\" class=\"translation-block\">th\u00f4ng qua nhi\u1ec1u ng\u00e2n h\u00e0ng \u0111\u1ecba ph\u01b0\u01a1ng kh\u00e1c nhau <sub>(\u203b2)<\/sub><\/td>\n<td class=\"notlC\" style=\"height: 23px; width: 33.2308%;\">T\u1eeb $0 t\u00f9y theo qu\u1ed1c gia<sub>(\u203b2)<\/sub><\/td>\n<td class=\"lRlC\" style=\"height: 23px; width: 16.5385%;\"><sub>(\u203b2)<\/sub><\/td>\n<\/tr>\n<\/tbody>\n<\/table>\n<\/div>\n\n\n\n<ul class=\"wp-block-list note kome\">\n<li>Ph\u1ee5 ph\u00ed \u00e1p d\u1ee5ng cho chuy\u1ec3n kho\u1ea3n ng\u00e2n h\u00e0ng ho\u1eb7c ph\u00ed chuy\u1ec3n kho\u1ea3n ng\u00e2n h\u00e0ng trung gian.<\/li>\n\n\n\n<li>Th\u00f4ng tin th\u00eam c\u00f3 th\u1ec3 \u0111\u01b0\u1ee3c t\u00ecm th\u1ea5y khi \u0111\u0103ng nh\u1eadp v\u00e0o t\u00e0i kho\u1ea3n c\u1ee7a b\u1ea1n.<\/li>\n<\/ul>\n<\/div>\n\n\n\n<div class=\"wp-block-cover alignwide is-light help\"><span aria-hidden=\"true\" class=\"wp-block-cover__background has-background-dim-0 has-background-dim\"><\/span><img loading=\"lazy\" decoding=\"async\" width=\"2048\" height=\"336\" class=\"wp-block-cover__image-background wp-image-289\" alt=\"\" src=\"https:\/\/bitwallet.com\/wp-content\/uploads\/2023\/06\/mv-support-jpg.webp\" style=\"object-position:50% 50%\" data-object-fit=\"cover\" data-object-position=\"50% 50%\"\/><div class=\"wp-block-cover__inner-container has-global-padding is-layout-constrained wp-block-cover-is-layout-constrained\">\n<p class=\"has-large-font-size translation-block\"><strong>B\u1ea1n c\u1ea7n gi\u00fap \u0111\u1ee1?<\/strong><br> <strong>Ch\u00fang t\u00f4i \u1edf \u0111\u00e2y \u0111\u1ec3 h\u1ed7 tr\u1ee3.<\/strong><\/p>\n\n\n\n<p class=\"translation-block\">Nh\u00f3m h\u1ed7 tr\u1ee3 c\u1ee7a ch\u00fang t\u00f4i t\u1eadn t\u00e2m ph\u1ee5c v\u1ee5 b\u1ea1n.<br> H\u00e3y li\u00ean h\u1ec7 v\u1edbi ch\u00fang t\u00f4i n\u1ebfu b\u1ea1n c\u00f3 b\u1ea5t k\u1ef3 c\u00e2u h\u1ecfi n\u00e0o li\u00ean quan \u0111\u1ebfn d\u1ecbch v\u1ee5 c\u1ee7a ch\u00fang t\u00f4i.<\/p>\n\n\n\n<div class=\"wp-block-buttons is-layout-flex wp-block-buttons-is-layout-flex\">\n<div class=\"wp-block-button\"><a class=\"wp-block-button__link wp-element-button\" href=\"\/vi\/support\/contact\/\">Li\u00ean h\u1ec7 ch\u00fang t\u00f4i<\/a><\/div>\n<\/div>\n<\/div><\/div>","protected":false},"excerpt":{"rendered":"<p>Gi\u1ea3i ph\u00e1p thanh to\u00e1n tr\u1ef1c tuy\u1ebfn nhanh ch\u00f3ng v\u00e0 an to\u00e0n cho c\u00e1 nh\u00e2n v\u00e0 doanh nghi\u1ec7p. \u0110\u0103ng k\u00fd ngay \u0111\u1ec3 t\u1eadn h\u01b0\u1edfng d\u1ecbch v\u1ee5 g\u1eedi ti\u1ec1n nhanh ch\u00f3ng v\u1edbi Bitwallet!<\/p>","protected":false},"author":5,"featured_media":0,"parent":32,"menu_order":23,"comment_status":"closed","ping_status":"closed","template":"","meta":{"footnotes":""},"class_list":["post-70","page","type-page","status-publish","hentry"],"_links":{"self":[{"href":"https:\/\/bitwallet.com\/vi\/wp-json\/wp\/v2\/pages\/70","targetHints":{"allow":["GET"]}}],"collection":[{"href":"https:\/\/bitwallet.com\/vi\/wp-json\/wp\/v2\/pages"}],"about":[{"href":"https:\/\/bitwallet.com\/vi\/wp-json\/wp\/v2\/types\/page"}],"author":[{"embeddable":true,"href":"https:\/\/bitwallet.com\/vi\/wp-json\/wp\/v2\/users\/5"}],"replies":[{"embeddable":true,"href":"https:\/\/bitwallet.com\/vi\/wp-json\/wp\/v2\/comments?post=70"}],"version-history":[{"count":214,"href":"https:\/\/bitwallet.com\/vi\/wp-json\/wp\/v2\/pages\/70\/revisions"}],"predecessor-version":[{"id":5024,"href":"https:\/\/bitwallet.com\/vi\/wp-json\/wp\/v2\/pages\/70\/revisions\/5024"}],"up":[{"embeddable":true,"href":"https:\/\/bitwallet.com\/vi\/wp-json\/wp\/v2\/pages\/32"}],"wp:attachment":[{"href":"https:\/\/bitwallet.com\/vi\/wp-json\/wp\/v2\/media?parent=70"}],"curies":[{"name":"wp","href":"https:\/\/api.w.org\/{rel}","templated":true}]}}