{"id":62,"date":"2023-05-10T13:51:53","date_gmt":"2023-05-10T04:51:53","guid":{"rendered":"https:\/\/bitwallet.com\/?page_id=62"},"modified":"2024-02-21T13:46:11","modified_gmt":"2024-02-21T04:46:11","slug":"merchant","status":"publish","type":"page","link":"https:\/\/bitwallet.com\/vi\/feature\/merchant\/","title":{"rendered":"T\u00e0i kho\u1ea3n ng\u01b0\u1eddi b\u00e1n"},"content":{"rendered":"<div class=\"wp-block-cover alignwide is-light header\"><span aria-hidden=\"true\" class=\"wp-block-cover__background has-background-dim-0 has-background-dim\"><\/span><img loading=\"lazy\" decoding=\"async\" width=\"2000\" height=\"518\" class=\"wp-block-cover__image-background wp-image-1138\" alt=\"\" src=\"https:\/\/bitwallet.com\/wp-content\/uploads\/2023\/09\/mv-feature-merchant-jpg.webp\" data-object-fit=\"cover\"\/><div class=\"wp-block-cover__inner-container has-global-padding is-layout-constrained wp-block-cover-is-layout-constrained\">\n<h1 class=\"wp-block-heading has-text-align-left effect00\">T\u00e0i kho\u1ea3n ng\u01b0\u1eddi b\u00e1n<\/h1>\n\n\n\n<p class=\"effect00 fadeTimeA\">N\u00e2ng cao d\u1ecbch v\u1ee5 g\u1eedi v\u00e0 r\u00fat ti\u1ec1n hi\u1ec7n t\u1ea1i c\u1ee7a b\u1ea1n b\u1eb1ng c\u00e1ch t\u00edch h\u1ee3p gi\u1ea3i ph\u00e1p thanh to\u00e1n c\u1ee7a ch\u00fang t\u00f4i v\u00e0o trang web c\u1ee7a b\u1ea1n. Qu\u1ea3n l\u00fd giao d\u1ecbch \u0111\u01b0\u1ee3c th\u1ef1c hi\u1ec7n \u0111\u01a1n gi\u1ea3n h\u01a1n v\u1edbi bitwallet.<\/p>\n\n\n\n<div class=\"wp-block-buttons effect00 fadeTimeB is-layout-flex wp-block-buttons-is-layout-flex\">\n<div class=\"wp-block-button btn-merchant\"><a class=\"wp-block-button__link wp-element-button\" href=\"\/vi\/support\/contact\/\">H\u1ecfi th\u0103m ngay<\/a><\/div>\n<\/div>\n<\/div><\/div>\n\n\n\n<div class=\"wp-block-cover alignwide is-light headcopy\" style=\"min-height:138px;aspect-ratio:unset;\" id=\"maincontetnts\"><span aria-hidden=\"true\" class=\"wp-block-cover__background has-background-dim-100 has-background-dim\" style=\"background-color:#f7f7f7\"><\/span><div class=\"wp-block-cover__inner-container has-global-padding is-layout-constrained wp-block-cover-is-layout-constrained\">\n<p class=\"has-text-align-center effect00\">Xin ch\u00e0o s\u1ef1 \u0111\u01a1n gi\u1ea3n, t\u1ea1m bi\u1ec7t s\u1ef1 ph\u1ee9c t\u1ea1p.<br>T\u1ea5t c\u1ea3 nh\u1eefng g\u00ec b\u1ea1n c\u1ea7n trong bitwallet.<\/p>\n<\/div><\/div>\n\n\n\n<div class=\"wp-block-cover alignwide is-light case-merchant\"><span aria-hidden=\"true\" class=\"wp-block-cover__background has-background-dim-0 has-background-dim\"><\/span><div class=\"wp-block-cover__inner-container has-global-padding is-layout-constrained wp-block-cover-is-layout-constrained\">\n<h2 class=\"wp-block-heading has-text-align-center effect00\"><strong>H\u1ed7 tr\u1ee3 thanh to\u00e1n kinh doanh tuy\u1ec7t \u0111\u1ed1i c\u1ee7a b\u1ea1n<\/strong><\/h2>\n\n\n\n<div class=\"wp-block-columns is-layout-flex wp-container-core-columns-is-layout-9d6595d7 wp-block-columns-is-layout-flex\">\n<div class=\"wp-block-column effect00 fadeTimeA is-layout-flow wp-block-column-is-layout-flow\">\n<div class=\"wp-block-group has-global-padding is-layout-constrained wp-block-group-is-layout-constrained\">\n<h3 class=\"wp-block-heading has-text-align-center\"><strong><strong><strong>Ng\u01b0\u1eddi d\u00f9ng<\/strong><\/strong><\/strong><\/h3>\n\n\n\n<figure class=\"wp-block-image aligncenter size-full\"><img loading=\"lazy\" decoding=\"async\" width=\"373\" height=\"209\" src=\"https:\/\/bitwallet.com\/wp-content\/uploads\/2023\/10\/service_merchant_case1.png\" alt=\"\" class=\"wp-image-1367\"\/><\/figure>\n\n\n\n<p>Cung c\u1ea5p th\u00f4ng tin c\u00e1 nh\u00e2n \u0111\u1ec3 \u0111\u0103ng k\u00fd t\u00e0i kho\u1ea3n tr\u00ean website d\u1ecbch v\u1ee5 tr\u1ef1c tuy\u1ebfn c\u1ee7a b\u1ea1n.<\/p>\n<\/div>\n<\/div>\n\n\n\n<div class=\"wp-block-column effect00 fadeTimeB is-layout-flow wp-block-column-is-layout-flow\">\n<div class=\"wp-block-group has-global-padding is-layout-constrained wp-block-group-is-layout-constrained\">\n<h3 class=\"wp-block-heading has-text-align-center\"><strong><strong><strong>D\u1ecbch v\u1ee5 tr\u1ef1c tuy\u1ebfn c\u1ee7a b\u1ea1n<\/strong><\/strong><\/strong><\/h3>\n\n\n\n<figure class=\"wp-block-image aligncenter size-full\"><img loading=\"lazy\" decoding=\"async\" width=\"373\" height=\"209\" src=\"https:\/\/bitwallet.com\/wp-content\/uploads\/2023\/10\/service_merchant_case2.png\" alt=\"\" class=\"wp-image-1369\"\/><\/figure>\n\n\n\n<p>X\u00e1c minh th\u00f4ng tin c\u01a1 b\u1ea3n v\u00e0 t\u00e0i kho\u1ea3n c\u1ee7a ng\u01b0\u1eddi d\u00f9ng tr\u01b0\u1edbc khi ph\u00ea duy\u1ec7t \u0111\u0103ng k\u00fd.<\/p>\n<\/div>\n<\/div>\n\n\n\n<div class=\"wp-block-column effect00 fadeTimeC is-layout-flow wp-block-column-is-layout-flow\">\n<div class=\"wp-block-group has-global-padding is-layout-constrained wp-block-group-is-layout-constrained\">\n<h3 class=\"wp-block-heading has-text-align-center\"><strong><strong><strong>Thanh to\u00e1n v\u00e0 r\u00fat ti\u1ec1n<\/strong><\/strong><\/strong><\/h3>\n\n\n\n<figure class=\"wp-block-image aligncenter size-full\"><img loading=\"lazy\" decoding=\"async\" width=\"373\" height=\"209\" src=\"https:\/\/bitwallet.com\/wp-content\/uploads\/2023\/10\/service_merchant_case3.png\" alt=\"\" class=\"wp-image-1370\"\/><\/figure>\n\n\n\n<p>Thu ti\u1ec1n thanh to\u00e1n bao g\u1ed3m ph\u00ed d\u1ecbch v\u1ee5 v\u00e0 h\u00e0ng h\u00f3a, x\u1eed l\u00fd m\u1ecdi kho\u1ea3n ho\u00e0n tr\u1ea3 v\u00e0 r\u00fat ti\u1ec1n \u0111\u1eb7t c\u1ecdc.<\/p>\n<\/div>\n<\/div>\n<\/div>\n<\/div><\/div>\n\n\n\n<div class=\"wp-block-cover alignwide is-light available\"><span aria-hidden=\"true\" class=\"wp-block-cover__background has-background-dim-0 has-background-dim\"><\/span><div class=\"wp-block-cover__inner-container has-global-padding is-layout-constrained wp-block-cover-is-layout-constrained\">\n<h2 class=\"wp-block-heading has-text-align-center effect01\"><strong>T\u1eadn h\u01b0\u1edfng c\u00e1c d\u1ecbch v\u1ee5 sau khi b\u1ea1n n\u00e2ng c\u1ea5p l\u00ean t\u00e0i kho\u1ea3n ng\u01b0\u1eddi b\u00e1n<\/strong><\/h2>\n\n\n\n<div class=\"wp-block-columns is-layout-flex wp-container-core-columns-is-layout-9d6595d7 wp-block-columns-is-layout-flex\">\n<div class=\"wp-block-column is-vertically-aligned-center is-layout-flow wp-block-column-is-layout-flow\" style=\"flex-basis:320px\">\n<figure class=\"wp-block-image aligncenter size-full is-resized\"><img loading=\"lazy\" decoding=\"async\" width=\"409\" height=\"85\" src=\"https:\/\/bitwallet.com\/wp-content\/uploads\/2023\/09\/guideline_img01.png\" alt=\"\" class=\"wp-image-1115\" style=\"width:200px;height:undefinedpx\"\/><\/figure>\n\n\n\n<h3 class=\"wp-block-heading has-text-align-center\">Gi\u1ea3i ph\u00e1p ho\u00e0n h\u1ea3o, \u0111\u01b0\u1ee3c thi\u1ebft k\u1ebf cho ng\u01b0\u1eddi b\u00e1n<\/h3>\n\n\n\n<figure class=\"wp-block-image aligncenter size-full\"><img loading=\"lazy\" decoding=\"async\" width=\"100\" height=\"109\" src=\"https:\/\/bitwallet.com\/wp-content\/uploads\/2023\/10\/service_merchant_available.png\" alt=\"\" class=\"wp-image-1379\"\/><\/figure>\n<\/div>\n\n\n\n<div class=\"wp-block-column is-layout-flow wp-block-column-is-layout-flow\">\n<div class=\"wp-block-columns is-layout-flex wp-container-core-columns-is-layout-9d6595d7 wp-block-columns-is-layout-flex\">\n<div class=\"wp-block-column effect01 fadeTimeA is-layout-flow wp-block-column-is-layout-flow\">\n<h4 class=\"wp-block-heading has-text-align-center\"><strong>X\u00e1c minh danh t\u00ednh<\/strong><\/h4>\n\n\n\n<p>C\u00e1c gi\u1ea5y t\u1edd nh\u1eadn d\u1ea1ng \u0111\u00e3 t\u1ea3i l\u00ean v\u00e0 b\u1eb1ng ch\u1ee9ng v\u1ec1 \u0111\u1ecba ch\u1ec9 s\u1ebd \u0111\u01b0\u1ee3c xem x\u00e9t c\u1ea9n th\u1eadn v\u00e0 ph\u1ea3n \u00e1nh danh t\u00ednh \u0111\u00e3 \u0111\u01b0\u1ee3c ch\u1ee9ng minh tr\u01b0\u1edbc khi s\u1eed d\u1ee5ng.<\/p>\n<\/div>\n\n\n\n<div class=\"wp-block-column effect01 fadeTimeB is-layout-flow wp-block-column-is-layout-flow\">\n<h4 class=\"wp-block-heading has-text-align-center\"><strong>API v\u00ed<\/strong><\/h4>\n\n\n\n<p>T\u00edch h\u1ee3p API v\u00ed t\u00f9y ch\u1ec9nh cung c\u1ea5p d\u1ecbch v\u1ee5 g\u1eedi v\u00e0 r\u00fat ti\u1ec1n ph\u1ee5c v\u1ee5 cho th\u01b0\u01a1ng hi\u1ec7u s\u1ea3n ph\u1ea9m c\u1ee7a b\u1ea1n.<\/p>\n<\/div>\n\n\n\n<div class=\"wp-block-column effect01 fadeTimeC is-layout-flow wp-block-column-is-layout-flow\">\n<h4 class=\"wp-block-heading has-text-align-center\"><strong>D\u1ecbch v\u1ee5 thu ti\u1ec1n thanh to\u00e1n<\/strong><\/h4>\n\n\n\n<p>H\u1ed7 tr\u1ee3 nhi\u1ec1u gi\u1ea3i ph\u00e1p thanh to\u00e1n \u0111a d\u1ea1ng tr\u00ean n\u1ec1n t\u1ea3ng: thanh to\u00e1n b\u1eb1ng th\u1ebb t\u00edn d\u1ee5ng v\u00e0 chuy\u1ec3n kho\u1ea3n ng\u00e2n h\u00e0ng.<\/p>\n<\/div>\n<\/div>\n\n\n\n<div class=\"wp-block-columns is-layout-flex wp-container-core-columns-is-layout-9d6595d7 wp-block-columns-is-layout-flex\">\n<div class=\"wp-block-column effect01 fadeTimeD is-layout-flow wp-block-column-is-layout-flow\">\n<h4 class=\"wp-block-heading has-text-align-center\"><strong>\u0110\u0103ng nh\u1eadp m\u1ed9t l\u1ea7n (SSO)<\/strong><\/h4>\n\n\n\n<p>Truy c\u1eadp nhi\u1ec1u \u1ee9ng d\u1ee5ng v\u1edbi b\u1ed9 th\u00f4ng tin \u0111\u0103ng nh\u1eadp \u0111\u01b0\u1ee3c x\u00e1c th\u1ef1c bitwallet. Gi\u00fap gi\u00e1m s\u00e1t v\u00e0 t\u1ed5 ch\u1ee9c c\u00e1c ho\u1ea1t \u0111\u1ed9ng t\u00e0i kho\u1ea3n ng\u01b0\u1eddi d\u00f9ng.<\/p>\n<\/div>\n\n\n\n<div class=\"wp-block-column effect01 fadeTimeE is-layout-flow wp-block-column-is-layout-flow\">\n<h4 class=\"wp-block-heading has-text-align-center\"><strong>T\u00e0i kho\u1ea3n ng\u00e2n h\u00e0ng thanh to\u00e1n<\/strong><\/h4>\n\n\n\n<p>T\u00e0i kho\u1ea3n ng\u00e2n h\u00e0ng \u0111\u01b0\u1ee3c ch\u1ec9 \u0111\u1ecbnh cho ng\u01b0\u1eddi b\u00e1n d\u1ef1a tr\u00ean khu v\u1ef1c ho\u1ea1t \u0111\u1ed9ng c\u1ee7a h\u1ecd.<\/p>\n<\/div>\n\n\n\n<div class=\"wp-block-column effect01 fadeTimeF is-layout-flow wp-block-column-is-layout-flow\">\n<h4 class=\"wp-block-heading has-text-align-center\"><strong>H\u1ec7 th\u1ed1ng ch\u1ed1ng gian l\u1eadn<\/strong><\/h4>\n\n\n\n<p>Thu th\u1eadp v\u00e0 cung c\u1ea5p th\u00f4ng tin ng\u01b0\u1eddi d\u00f9ng cho b\u1ea5t k\u1ef3 tr\u01b0\u1eddng h\u1ee3p l\u1ea1m d\u1ee5ng th\u1ebb t\u00edn d\u1ee5ng n\u00e0o nh\u01b0 gian l\u1eadn th\u1ebb t\u00edn d\u1ee5ng v\u00e0 l\u1ea5y ti\u1ec1n m\u1eb7t t\u1eeb th\u1ebb t\u00edn d\u1ee5ng.<\/p>\n<\/div>\n<\/div>\n<\/div>\n<\/div>\n<\/div><\/div>\n\n\n\n<div class=\"wp-block-cover alignwide has-parallax footer-mercahnt\"><span aria-hidden=\"true\" class=\"wp-block-cover__background has-cyan-bluish-gray-background-color has-background-dim-0 has-background-dim\"><\/span><div role=\"img\" class=\"wp-block-cover__image-background wp-image-1146 has-parallax\" style=\"background-position:50% 50%;background-image:url(https:\/\/bitwallet.com\/wp-content\/uploads\/2023\/09\/mv-feature-merchant-bg-jpg.webp)\"><\/div><div class=\"wp-block-cover__inner-container has-global-padding is-layout-constrained wp-block-cover-is-layout-constrained\">\n<p class=\"has-text-align-center effect01\">bitwallet \u0111\u01b0\u1ee3c t\u1ea1o ra \u0111\u1ec3 h\u1ed7 tr\u1ee3 v\u00e0 t\u0103ng hi\u1ec7u qu\u1ea3 c\u1ee7a d\u1ecbch v\u1ee5 g\u1eedi v\u00e0 r\u00fat ti\u1ec1n to\u00e0n c\u1ea7u.<\/p>\n\n\n\n<p class=\"has-text-align-center effect01 fadeTimeA\">Li\u00ean h\u1ec7 v\u1edbi ch\u00fang t\u00f4i \u0111\u1ec3 chuy\u1ec3n sang t\u00e0i kho\u1ea3n ng\u01b0\u1eddi b\u00e1n. Ch\u1ec9 tr\u1ea3i nghi\u1ec7m b\u1ea3n cao c\u1ea5p.<\/p>\n\n\n\n<div class=\"wp-block-buttons effect01 fadeTimeB is-content-justification-center is-layout-flex wp-container-core-buttons-is-layout-16018d1d wp-block-buttons-is-layout-flex\">\n<div class=\"wp-block-button btn-merchant\"><a class=\"wp-block-button__link wp-element-button\" href=\"\/vi\/support\/contact\/\">H\u1ecfi th\u0103m ngay<\/a><\/div>\n<\/div>\n<\/div><\/div>","protected":false},"excerpt":{"rendered":"","protected":false},"author":5,"featured_media":0,"parent":24,"menu_order":34,"comment_status":"closed","ping_status":"closed","template":"","meta":{"footnotes":""},"class_list":["post-62","page","type-page","status-publish","hentry"],"_links":{"self":[{"href":"https:\/\/bitwallet.com\/vi\/wp-json\/wp\/v2\/pages\/62","targetHints":{"allow":["GET"]}}],"collection":[{"href":"https:\/\/bitwallet.com\/vi\/wp-json\/wp\/v2\/pages"}],"about":[{"href":"https:\/\/bitwallet.com\/vi\/wp-json\/wp\/v2\/types\/page"}],"author":[{"embeddable":true,"href":"https:\/\/bitwallet.com\/vi\/wp-json\/wp\/v2\/users\/5"}],"replies":[{"embeddable":true,"href":"https:\/\/bitwallet.com\/vi\/wp-json\/wp\/v2\/comments?post=62"}],"version-history":[{"count":45,"href":"https:\/\/bitwallet.com\/vi\/wp-json\/wp\/v2\/pages\/62\/revisions"}],"predecessor-version":[{"id":4468,"href":"https:\/\/bitwallet.com\/vi\/wp-json\/wp\/v2\/pages\/62\/revisions\/4468"}],"up":[{"embeddable":true,"href":"https:\/\/bitwallet.com\/vi\/wp-json\/wp\/v2\/pages\/24"}],"wp:attachment":[{"href":"https:\/\/bitwallet.com\/vi\/wp-json\/wp\/v2\/media?parent=62"}],"curies":[{"name":"wp","href":"https:\/\/api.w.org\/{rel}","templated":true}]}}