{"id":322,"date":"2023-06-16T15:54:40","date_gmt":"2023-06-16T06:54:40","guid":{"rendered":"https:\/\/bitwallet.com\/?page_id=322"},"modified":"2024-03-06T11:05:40","modified_gmt":"2024-03-06T02:05:40","slug":"aboutus","status":"publish","type":"page","link":"https:\/\/bitwallet.com\/vi\/aboutus\/","title":{"rendered":"V\u1ec1 ch\u00fang t\u00f4i"},"content":{"rendered":"<div class=\"wp-block-cover alignwide is-light header\"><span aria-hidden=\"true\" class=\"wp-block-cover__background has-background-dim-0 has-background-dim\"><\/span><div class=\"wp-block-cover__inner-container has-global-padding is-layout-constrained wp-block-cover-is-layout-constrained\">\n<h1 class=\"wp-block-heading has-text-align-left effect00 has-large-font-size\">V\u1ec1 ch\u00fang t\u00f4i<\/h1>\n\n\n\n<p class=\"effect00 fadeTimeA\">H\u1ed3 s\u01a1 c\u00f4ng ty v\u00e0 d\u1ecbch v\u1ee5<\/p>\n<\/div><\/div>\n\n\n\n<div class=\"wp-block-group menu-button has-global-padding is-layout-constrained wp-block-group-is-layout-constrained\">\n<div class=\"wp-block-buttons is-content-justification-left is-layout-flex wp-container-core-buttons-is-layout-fdcfc74e wp-block-buttons-is-layout-flex\">\n<div class=\"wp-block-button has-custom-width wp-block-button__width-50 effect00\"><a class=\"wp-block-button__link wp-element-button\" href=\"https:\/\/bitwallet.com\/vi\/aboutus\/company\/\"><img loading=\"lazy\" decoding=\"async\" width=\"150\" height=\"27\" class=\"wp-image-329\" style=\"width: 150px;\" src=\"https:\/\/bitwallet.com\/wp-content\/uploads\/2023\/06\/company_visual01-jpg.webp\" alt=\"\"><br><strong>C\u00f4ng ty<\/strong><br>Th\u00f4ng tin c\u00f4ng ty to\u00e0n c\u1ea7u<\/a><\/div>\n\n\n\n<div class=\"wp-block-button has-custom-width wp-block-button__width-50 effect00 fadeTime2A\"><a class=\"wp-block-button__link wp-element-button\" href=\"https:\/\/bitwallet.com\/vi\/aboutus\/payment\/\" rel=\"\"><img loading=\"lazy\" decoding=\"async\" width=\"150\" height=\"27\" class=\"wp-image-330\" style=\"width: 150px;\" src=\"https:\/\/bitwallet.com\/wp-content\/uploads\/2023\/06\/payment_visual01-jpg.webp\" alt=\"\"><br><strong>Gi\u1ea3i ph\u00e1p thanh to\u00e1n<\/strong><br>Gi\u1ea3i ph\u00e1p thanh to\u00e1n to\u00e0n c\u1ea7u t\u1ea1i bitwallet<\/a><\/div>\n<\/div>\n\n\n\n<div class=\"wp-block-buttons is-content-justification-left is-layout-flex wp-container-core-buttons-is-layout-fdcfc74e wp-block-buttons-is-layout-flex\">\n<div class=\"wp-block-button has-custom-width wp-block-button__width-50 effect00 fadeTime2B\"><a class=\"wp-block-button__link wp-element-button\" href=\"https:\/\/bitwallet.com\/vi\/aboutus\/terms\/\"><strong>\u0110i\u1ec1u ki\u1ec7n<\/strong><br>\u0110i\u1ec1u kho\u1ea3n s\u1eed d\u1ee5ng d\u1ecbch v\u1ee5 bitwallet<\/a><\/div>\n\n\n\n<div class=\"wp-block-button has-custom-width wp-block-button__width-50 effect00 fadeTime2C\"><a class=\"wp-block-button__link wp-element-button\" href=\"https:\/\/bitwallet.com\/vi\/aboutus\/privacy\/\"><strong>Ch\u00ednh s\u00e1ch b\u1ea3o m\u1eadt<\/strong><br>Ch\u00ednh s\u00e1ch b\u1ea3o m\u1eadt c\u1ee7a D\u1ecbch v\u1ee5 bitwallet<\/a><\/div>\n<\/div>\n\n\n\n<div class=\"wp-block-buttons is-content-justification-left is-layout-flex wp-container-core-buttons-is-layout-fdcfc74e wp-block-buttons-is-layout-flex\">\n<div class=\"wp-block-button has-custom-width wp-block-button__width-50 effect00 fadeTime2E\"><a class=\"wp-block-button__link wp-element-button\" href=\"https:\/\/bitwallet.com\/vi\/aboutus\/sitemap\/\"><strong>S\u01a1 \u0111\u1ed3 trang web<\/strong><br>T\u1ed5ng quan<\/a><\/div>\n<\/div>\n<\/div>","protected":false},"excerpt":{"rendered":"","protected":false},"author":5,"featured_media":0,"parent":0,"menu_order":2,"comment_status":"closed","ping_status":"closed","template":"","meta":{"footnotes":""},"class_list":["post-322","page","type-page","status-publish","hentry"],"_links":{"self":[{"href":"https:\/\/bitwallet.com\/vi\/wp-json\/wp\/v2\/pages\/322","targetHints":{"allow":["GET"]}}],"collection":[{"href":"https:\/\/bitwallet.com\/vi\/wp-json\/wp\/v2\/pages"}],"about":[{"href":"https:\/\/bitwallet.com\/vi\/wp-json\/wp\/v2\/types\/page"}],"author":[{"embeddable":true,"href":"https:\/\/bitwallet.com\/vi\/wp-json\/wp\/v2\/users\/5"}],"replies":[{"embeddable":true,"href":"https:\/\/bitwallet.com\/vi\/wp-json\/wp\/v2\/comments?post=322"}],"version-history":[{"count":27,"href":"https:\/\/bitwallet.com\/vi\/wp-json\/wp\/v2\/pages\/322\/revisions"}],"predecessor-version":[{"id":4637,"href":"https:\/\/bitwallet.com\/vi\/wp-json\/wp\/v2\/pages\/322\/revisions\/4637"}],"wp:attachment":[{"href":"https:\/\/bitwallet.com\/vi\/wp-json\/wp\/v2\/media?parent=322"}],"curies":[{"name":"wp","href":"https:\/\/api.w.org\/{rel}","templated":true}]}}