{"id":32,"date":"2023-05-10T02:48:24","date_gmt":"2023-05-10T02:48:24","guid":{"rendered":"https:\/\/bitwallet.com\/?page_id=32"},"modified":"2026-04-07T14:41:32","modified_gmt":"2026-04-07T05:41:32","slug":"service","status":"publish","type":"page","link":"https:\/\/bitwallet.com\/vi\/service\/","title":{"rendered":"D\u1ecbch v\u1ee5"},"content":{"rendered":"<div class=\"wp-block-cover alignwide is-light header\"><span aria-hidden=\"true\" class=\"wp-block-cover__background has-background-dim-0 has-background-dim\"><\/span><div class=\"wp-block-cover__inner-container has-global-padding is-layout-constrained wp-block-cover-is-layout-constrained\">\n<h1 class=\"wp-block-heading has-text-align-left effect00 has-large-font-size\">D\u1ecbch v\u1ee5<\/h1>\n\n\n\n<p class=\"effect00 fadeTimeA\">Gi\u1edbi thi\u1ec7u d\u1ecbch v\u1ee5 bitwallet<\/p>\n<\/div><\/div>\n\n\n\n<div class=\"wp-block-group alignfull menu has-global-padding is-layout-constrained wp-block-group-is-layout-constrained\">\n<div class=\"wp-block-cover alignwide\"><span aria-hidden=\"true\" class=\"wp-block-cover__background has-background-dim-100 has-background-dim\" style=\"background-color:#003f97\"><\/span><div class=\"wp-block-cover__inner-container has-global-padding is-layout-constrained wp-block-cover-is-layout-constrained\">\n<div class=\"wp-block-columns is-layout-flex wp-container-core-columns-is-layout-9d6595d7 wp-block-columns-is-layout-flex\">\n<div class=\"wp-block-column img is-layout-flow wp-block-column-is-layout-flow\" style=\"flex-basis:50%\">\n<p class=\"has-text-align-center effect00\"><a href=\"https:\/\/bitwallet.com\/vi\/service\/prepare\/\" data-type=\"link\" data-id=\"https:\/\/bitwallet.com\/service\/deposit\/\"><img loading=\"lazy\" decoding=\"async\" width=\"150\" height=\"27\" class=\"wp-image-728\" style=\"width: 150px;\" src=\"https:\/\/bitwallet.com\/wp-content\/uploads\/2023\/08\/mv-service_payin-jpg.webp\" alt=\"\"><\/a><\/p>\n<\/div>\n\n\n\n<div class=\"wp-block-column effect00 fadeTimeA is-layout-flow wp-block-column-is-layout-flow\" style=\"flex-basis:50%\">\n<h2 class=\"wp-block-heading\"><a href=\"https:\/\/bitwallet.com\/vi\/service\/prepare\/\" data-type=\"page\" data-id=\"70\">CHU\u1ea8N B\u1eca THANH TO\u00c1N<\/a><\/h2>\n\n\n\n<p>C\u00e1ch n\u1ea1p ti\u1ec1n \u0111\u1ec3 thanh to\u00e1n<\/p>\n\n\n\n<ul class=\"wp-block-list\">\n<li><a href=\"https:\/\/bitwallet.com\/vi\/service\/prepare\/#fiat\" data-type=\"link\" data-id=\"https:\/\/bitwallet.com\/service\/deposit\/#fiat\">N\u1ea1p ti\u1ec1n \u0111\u1ec3 thanh to\u00e1n b\u1eb1ng nhi\u1ec1u c\u00e1ch kh\u00e1c nhau<\/a><\/li>\n\n\n\n<li><a href=\"https:\/\/bitwallet.com\/vi\/service\/prepare\/#both\" data-type=\"link\" data-id=\"https:\/\/bitwallet.com\/service\/payin\/#both\">Ph\u1ea3n \u00e1nh ngay l\u1eadp t\u1ee9c!<\/a><\/li>\n<\/ul>\n<\/div>\n<\/div>\n<\/div><\/div>\n\n\n\n<div class=\"wp-block-cover alignwide\"><span aria-hidden=\"true\" class=\"wp-block-cover__background has-background-dim-100 has-background-dim\" style=\"background-color:#15305b\"><\/span><div class=\"wp-block-cover__inner-container has-global-padding is-layout-constrained wp-block-cover-is-layout-constrained\">\n<div class=\"wp-block-columns is-layout-flex wp-container-core-columns-is-layout-9d6595d7 wp-block-columns-is-layout-flex\">\n<div class=\"wp-block-column effect01 fadeTimeA is-layout-flow wp-block-column-is-layout-flow\" style=\"flex-basis:50%\">\n<h2 class=\"wp-block-heading\"><a href=\"https:\/\/bitwallet.com\/vi\/service\/payment\/\" data-type=\"page\" data-id=\"74\">THANH TO\u00c1N TR\u1ef0C TUY\u1ebeN<\/a><\/h2>\n\n\n\n<p>\u0110\u1ed9c \u0111\u00e1o c\u1ee7a ch\u00fang t\u00f4i: Thanh to\u00e1n OneClick<\/p>\n\n\n\n<ul class=\"wp-block-list\">\n<li><a href=\"https:\/\/bitwallet.com\/vi\/service\/payment\/#both\">Thanh to\u00e1n d\u1ec5 d\u00e0ng 24\/7 theo th\u1eddi gian th\u1ef1c<\/a><\/li>\n<\/ul>\n<\/div>\n\n\n\n<div class=\"wp-block-column img is-layout-flow wp-block-column-is-layout-flow\" style=\"flex-basis:50%\">\n<p class=\"has-text-align-center effect01\"><a href=\"https:\/\/bitwallet.com\/vi\/service\/payment\/\" data-type=\"link\" data-id=\"https:\/\/bitwallet.com\/service\/payment\/\"><img loading=\"lazy\" decoding=\"async\" width=\"150\" height=\"27\" class=\"wp-image-863\" style=\"width: 150px;\" src=\"https:\/\/bitwallet.com\/wp-content\/uploads\/2023\/09\/mv-service_payment-jpg.webp\" alt=\"\"><\/a><\/p>\n<\/div>\n<\/div>\n<\/div><\/div>\n\n\n\n<div class=\"wp-block-cover alignwide is-light\"><span aria-hidden=\"true\" class=\"wp-block-cover__background has-background-dim-100 has-background-dim\" style=\"background-color:#2bc0ef\"><\/span><div class=\"wp-block-cover__inner-container has-global-padding is-layout-constrained wp-block-cover-is-layout-constrained\">\n<div class=\"wp-block-columns is-layout-flex wp-container-core-columns-is-layout-9d6595d7 wp-block-columns-is-layout-flex\">\n<div class=\"wp-block-column img is-layout-flow wp-block-column-is-layout-flow\" style=\"flex-basis:50%\">\n<p class=\"has-text-align-center effect00 fadeTimeC\"><a href=\"https:\/\/bitwallet.com\/vi\/service\/receive\/\" data-type=\"link\" data-id=\"https:\/\/bitwallet.com\/service\/withdrawal\/\"><img loading=\"lazy\" decoding=\"async\" width=\"150\" height=\"27\" class=\"wp-image-934\" style=\"width: 150px;\" src=\"https:\/\/bitwallet.com\/wp-content\/uploads\/2023\/09\/mv-service_payout-jpg.webp\" alt=\"\"><\/a><\/p>\n<\/div>\n\n\n\n<div class=\"wp-block-column effect00 fadeTimeB is-layout-flow wp-block-column-is-layout-flow\" style=\"flex-basis:50%\">\n<h2 class=\"wp-block-heading\"><a href=\"https:\/\/bitwallet.com\/vi\/service\/receive\/\" data-type=\"page\" data-id=\"72\">NH\u1eacN THANH TO\u00c1N<\/a><\/h2>\n\n\n\n<p>Nh\u1eadn thanh to\u00e1n t\u1eeb ch\u00fang t\u00f4i<\/p>\n\n\n\n<ul class=\"wp-block-list\">\n<li><a href=\"https:\/\/bitwallet.com\/vi\/service\/receive\/#fiat\" data-type=\"link\" data-id=\"https:\/\/bitwallet.com\/service\/withdrawal\/#fiat\">Nh\u1eadn thanh to\u00e1n cho t\u1ed5 ch\u1ee9c t\u00e0i ch\u00ednh c\u1ee7a b\u1ea1n tr\u00ean to\u00e0n th\u1ebf gi\u1edbi<\/a><\/li>\n<\/ul>\n<\/div>\n<\/div>\n<\/div><\/div>\n\n\n\n<div class=\"wp-block-cover alignwide\"><span aria-hidden=\"true\" class=\"wp-block-cover__background has-background-dim-100 has-background-dim\" style=\"background-color:#003f97\"><\/span><div class=\"wp-block-cover__inner-container has-global-padding is-layout-constrained wp-block-cover-is-layout-constrained\">\n<div class=\"wp-block-columns is-layout-flex wp-container-core-columns-is-layout-9d6595d7 wp-block-columns-is-layout-flex\">\n<div class=\"wp-block-column effect01 fadeTimeA is-layout-flow wp-block-column-is-layout-flow\" style=\"flex-basis:50%\">\n<h2 class=\"wp-block-heading\"><a href=\"https:\/\/bitwallet.com\/vi\/service\/exchange\/\" data-type=\"page\" data-id=\"76\">THANH TO\u00c1N B\u1eb0NG LO\u1ea0I TI\u1ec0N KH\u00c1C<\/a><\/h2>\n\n\n\n<p>\u0110\u1ed5i ti\u1ec1n \u0111\u1ec3 thanh to\u00e1n d\u1ec5 d\u00e0ng<\/p>\n\n\n\n<ul class=\"wp-block-list\">\n<li><a href=\"https:\/\/bitwallet.com\/vi\/service\/exchange\/#fiat\">Trao \u0111\u1ed5i v\u1edbi t\u1ef7 gi\u00e1 t\u1ed1t nh\u1ea5t<\/a><\/li>\n<\/ul>\n<\/div>\n\n\n\n<div class=\"wp-block-column img is-layout-flow wp-block-column-is-layout-flow\" style=\"flex-basis:50%\">\n<p class=\"has-text-align-center effect01\"><a href=\"https:\/\/bitwallet.com\/vi\/service\/exchange\/\" data-type=\"page\" data-id=\"76\"><img loading=\"lazy\" decoding=\"async\" width=\"150\" height=\"27\" class=\"wp-image-874\" style=\"width: 150px;\" src=\"https:\/\/bitwallet.com\/wp-content\/uploads\/2023\/09\/mv-service_exchange-jpg.webp\" alt=\"\"><\/a><\/p>\n<\/div>\n<\/div>\n<\/div><\/div>\n<\/div>\n\n\n\n<div class=\"wp-block-group menu-button has-global-padding is-layout-constrained wp-block-group-is-layout-constrained\">\n<div class=\"wp-block-buttons is-content-justification-left is-layout-flex wp-container-core-buttons-is-layout-fdcfc74e wp-block-buttons-is-layout-flex\">\n<div class=\"wp-block-button has-custom-width wp-block-button__width-50\"><a class=\"wp-block-button__link wp-element-button\" href=\"https:\/\/bitwallet.com\/vi\/service\/account-open\/\"><img loading=\"lazy\" decoding=\"async\" width=\"150\" height=\"27\" class=\"wp-image-1125\" style=\"width: 150px;\" src=\"https:\/\/bitwallet.com\/wp-content\/uploads\/2023\/09\/mv-serivice_account-open-jpg.webp\" alt=\"\"><br><strong>T\u00e0i kho\u1ea3n m\u1edbi<\/strong><br>\u0110\u0103ng k\u00fd t\u00e0i kho\u1ea3n bitwallet<\/a><\/div>\n\n\n\n<div class=\"wp-block-button has-custom-width wp-block-button__width-50\"><a class=\"wp-block-button__link wp-element-button\" href=\"https:\/\/bitwallet.com\/vi\/service\/handling-fee\/\"><img loading=\"lazy\" decoding=\"async\" width=\"150\" height=\"27\" class=\"wp-image-92\" style=\"width: 150px;\" src=\"https:\/\/bitwallet.com\/wp-content\/uploads\/2023\/05\/handlingfee_visual01-jpg.webp\" alt=\"\"><br><strong>T\u1ea5t c\u1ea3 ph\u00ed<\/strong><br>Danh s\u00e1ch ph\u00ed \u00e1p d\u1ee5ng<\/a><\/div>\n<\/div>\n\n\n\n<div class=\"wp-block-buttons is-content-justification-left is-layout-flex wp-container-core-buttons-is-layout-fdcfc74e wp-block-buttons-is-layout-flex\">\n<div class=\"wp-block-button has-custom-width wp-block-button__width-50\"><a class=\"wp-block-button__link wp-element-button\" href=\"https:\/\/bitwallet.com\/vi\/service\/status\/\"><img loading=\"lazy\" decoding=\"async\" width=\"150\" height=\"27\" class=\"wp-image-1127\" style=\"width: 150px;\" src=\"https:\/\/bitwallet.com\/wp-content\/uploads\/2023\/09\/mv-serive_status-jpg.webp\" alt=\"\"><br><strong>T\u00ecnh tr\u1ea1ng t\u00e0i kho\u1ea3n<\/strong><br>Nhi\u1ec1u t\u00ednh n\u0103ng b\u1ed5 sung h\u01a1n c\u00f3 s\u1eb5n khi b\u1ea1n s\u1eed d\u1ee5ng<\/a><\/div>\n\n\n\n<div class=\"wp-block-button has-custom-width wp-block-button__width-50\"><a class=\"wp-block-button__link wp-element-button\" href=\"https:\/\/bitwallet.com\/vi\/service\/real-time-currency-chart\/\"><img loading=\"lazy\" decoding=\"async\" width=\"150\" height=\"27\" class=\"wp-image-1129\" style=\"width: 150px;\" src=\"https:\/\/bitwallet.com\/wp-content\/uploads\/2023\/09\/mv-service_realtimecurrencychart-jpg.webp\" alt=\"\"><br><strong>Bi\u1ec3u \u0111\u1ed3 ti\u1ec1n t\u1ec7 theo th\u1eddi gian th\u1ef1c<\/strong><br>Xem t\u1ea5t c\u1ea3 s\u1ea3n ph\u1ea9m giao d\u1ecbch (ti\u1ec1n t\u1ec7)<\/a><\/div>\n<\/div>\n\n\n\n<div class=\"wp-block-buttons is-content-justification-left is-layout-flex wp-container-core-buttons-is-layout-fdcfc74e wp-block-buttons-is-layout-flex\">\n<div class=\"wp-block-button has-custom-width wp-block-button__width-50\"><a class=\"wp-block-button__link wp-element-button\" href=\"https:\/\/bitwallet.com\/vi\/service\/security\/\"><img loading=\"lazy\" decoding=\"async\" width=\"150\" height=\"27\" class=\"wp-image-2022\" style=\"width: 150px;\" src=\"https:\/\/bitwallet.com\/wp-content\/uploads\/2023\/11\/mv-service_security-jpg.webp\" alt=\"\"><br><strong>B\u1ea3o v\u1ec7<\/strong><br>T\u1ed5ng quan v\u1ec1 b\u1ea3o m\u1eadt c\u1ee7a ch\u00fang t\u00f4i<\/a><\/div>\n<\/div>\n<\/div>","protected":false},"excerpt":{"rendered":"","protected":false},"author":5,"featured_media":0,"parent":0,"menu_order":18,"comment_status":"closed","ping_status":"closed","template":"","meta":{"footnotes":""},"class_list":["post-32","page","type-page","status-publish","hentry"],"_links":{"self":[{"href":"https:\/\/bitwallet.com\/vi\/wp-json\/wp\/v2\/pages\/32","targetHints":{"allow":["GET"]}}],"collection":[{"href":"https:\/\/bitwallet.com\/vi\/wp-json\/wp\/v2\/pages"}],"about":[{"href":"https:\/\/bitwallet.com\/vi\/wp-json\/wp\/v2\/types\/page"}],"author":[{"embeddable":true,"href":"https:\/\/bitwallet.com\/vi\/wp-json\/wp\/v2\/users\/5"}],"replies":[{"embeddable":true,"href":"https:\/\/bitwallet.com\/vi\/wp-json\/wp\/v2\/comments?post=32"}],"version-history":[{"count":85,"href":"https:\/\/bitwallet.com\/vi\/wp-json\/wp\/v2\/pages\/32\/revisions"}],"predecessor-version":[{"id":5778,"href":"https:\/\/bitwallet.com\/vi\/wp-json\/wp\/v2\/pages\/32\/revisions\/5778"}],"wp:attachment":[{"href":"https:\/\/bitwallet.com\/vi\/wp-json\/wp\/v2\/media?parent=32"}],"curies":[{"name":"wp","href":"https:\/\/api.w.org\/{rel}","templated":true}]}}