{"id":310,"date":"2023-06-15T13:50:38","date_gmt":"2023-06-15T04:50:38","guid":{"rendered":"https:\/\/bitwallet.com\/?page_id=310"},"modified":"2024-02-21T13:33:05","modified_gmt":"2024-02-21T04:33:05","slug":"support","status":"publish","type":"page","link":"https:\/\/bitwallet.com\/vi\/support\/","title":{"rendered":"\u1ee6ng h\u1ed9"},"content":{"rendered":"<div class=\"wp-block-cover alignwide is-light header\"><span aria-hidden=\"true\" class=\"wp-block-cover__background has-background-dim-0 has-background-dim\"><\/span><div class=\"wp-block-cover__inner-container has-global-padding is-layout-constrained wp-block-cover-is-layout-constrained\">\n<h1 class=\"wp-block-heading has-text-align-left has-large-font-size\">\u1ee6ng h\u1ed9<\/h1>\n\n\n\n<p>B\u1ed9 ph\u1eadn tr\u1ee3 gi\u00fap bitwallet<\/p>\n<\/div><\/div>\n\n\n\n<div class=\"wp-block-group menu-button has-global-padding is-layout-constrained wp-block-group-is-layout-constrained\">\n<div class=\"wp-block-buttons is-content-justification-left is-layout-flex wp-container-core-buttons-is-layout-fdcfc74e wp-block-buttons-is-layout-flex\">\n<div class=\"wp-block-button has-custom-width wp-block-button__width-50\"><a class=\"wp-block-button__link wp-element-button\" href=\"https:\/\/bitwallet.com\/vi\/support\/contact\/\"><img loading=\"lazy\" decoding=\"async\" width=\"150\" height=\"27\" class=\"wp-image-385\" style=\"width: 150px;\" src=\"https:\/\/bitwallet.com\/wp-content\/uploads\/2023\/06\/contact_visual01-jpg.webp\" alt=\"\"><br><strong>Li\u00ean h\u1ec7 ch\u00fang t\u00f4i<\/strong><br>Y\u00eau c\u1ea7u d\u1ecbch v\u1ee5<\/a><\/div>\n\n\n\n<div class=\"wp-block-button has-custom-width wp-block-button__width-50\"><a class=\"wp-block-button__link wp-element-button\" href=\"\/vi\/support\/faq\/\" rel=\"\"><img loading=\"lazy\" decoding=\"async\" width=\"150\" height=\"27\" class=\"wp-image-321\" style=\"width: 150px;\" src=\"https:\/\/bitwallet.com\/wp-content\/uploads\/2023\/06\/faq_visual01-jpg.webp\" alt=\"\"><br><strong>C\u00e2u h\u1ecfi th\u01b0\u1eddng g\u1eb7p<\/strong><br>C\u00e1c c\u00e2u h\u1ecfi th\u01b0\u1eddng g\u1eb7p v\u1ec1 bitwallet \u1edf d\u1ea1ng C\u00e2u h\u1ecfi th\u01b0\u1eddng g\u1eb7p.<\/a><\/div>\n<\/div>\n\n\n\n<div class=\"wp-block-buttons is-content-justification-left is-layout-flex wp-container-core-buttons-is-layout-fdcfc74e wp-block-buttons-is-layout-flex\">\n<div class=\"wp-block-button has-custom-width wp-block-button__width-50\"><a class=\"wp-block-button__link wp-element-button\" href=\"\/vi\/support\/guide\/\"><img loading=\"lazy\" decoding=\"async\" width=\"150\" height=\"27\" class=\"wp-image-364\" style=\"width: 150px;\" src=\"https:\/\/bitwallet.com\/wp-content\/uploads\/2023\/06\/guide_visual01-jpg.webp\" alt=\"\"><br><strong>H\u01b0\u1edbng d\u1eabn<\/strong><br>H\u01b0\u1edbng d\u1eabn c\u00e1ch s\u1eed d\u1ee5ng bitwallet<\/a><\/div>\n\n\n\n<div class=\"wp-block-button has-custom-width wp-block-button__width-50\"><a class=\"wp-block-button__link wp-element-button\" href=\"\/vi\/support\/glossary\/\" rel=\"\"><img loading=\"lazy\" decoding=\"async\" width=\"150\" height=\"27\" class=\"wp-image-387\" style=\"width: 150px;\" src=\"https:\/\/bitwallet.com\/wp-content\/uploads\/2023\/06\/glossary_visual01-jpg.webp\" alt=\"\"><br><strong>B\u1ea3ng ch\u00fa gi\u1ea3i<\/strong><br>B\u1ea3ng ch\u00fa gi\u1ea3i c\u00e1c thu\u1eadt ng\u1eef th\u01b0\u1eddng d\u00f9ng trong V\u00ed<\/a><\/div>\n<\/div>\n\n\n\n<div class=\"wp-block-buttons is-content-justification-left is-layout-flex wp-container-core-buttons-is-layout-fdcfc74e wp-block-buttons-is-layout-flex\">\n<div class=\"wp-block-button has-custom-width wp-block-button__width-50\"><a class=\"wp-block-button__link wp-element-button\" href=\"https:\/\/bitwallet.com\/vi\/support\/api\/\" rel=\"\"><img loading=\"lazy\" decoding=\"async\" width=\"150\" height=\"27\" class=\"wp-image-392\" style=\"width: 150px;\" src=\"https:\/\/bitwallet.com\/wp-content\/uploads\/2023\/06\/api_visual01-jpg.webp\" alt=\"\"><br><strong>\u0110\u1eb7c t\u1ea3 API<\/strong><br>\u0110\u1eb7c t\u1ea3 ch\u01b0\u01a1ng tr\u00ecnh d\u00e0nh cho nh\u00e0 ph\u00e1t tri\u1ec3n<\/a><\/div>\n<\/div>\n<\/div>","protected":false},"excerpt":{"rendered":"","protected":false},"author":5,"featured_media":0,"parent":0,"menu_order":10,"comment_status":"closed","ping_status":"closed","template":"","meta":{"footnotes":""},"class_list":["post-310","page","type-page","status-publish","hentry"],"_links":{"self":[{"href":"https:\/\/bitwallet.com\/vi\/wp-json\/wp\/v2\/pages\/310","targetHints":{"allow":["GET"]}}],"collection":[{"href":"https:\/\/bitwallet.com\/vi\/wp-json\/wp\/v2\/pages"}],"about":[{"href":"https:\/\/bitwallet.com\/vi\/wp-json\/wp\/v2\/types\/page"}],"author":[{"embeddable":true,"href":"https:\/\/bitwallet.com\/vi\/wp-json\/wp\/v2\/users\/5"}],"replies":[{"embeddable":true,"href":"https:\/\/bitwallet.com\/vi\/wp-json\/wp\/v2\/comments?post=310"}],"version-history":[{"count":16,"href":"https:\/\/bitwallet.com\/vi\/wp-json\/wp\/v2\/pages\/310\/revisions"}],"predecessor-version":[{"id":4452,"href":"https:\/\/bitwallet.com\/vi\/wp-json\/wp\/v2\/pages\/310\/revisions\/4452"}],"wp:attachment":[{"href":"https:\/\/bitwallet.com\/vi\/wp-json\/wp\/v2\/media?parent=310"}],"curies":[{"name":"wp","href":"https:\/\/api.w.org\/{rel}","templated":true}]}}