{"id":26,"date":"2023-05-10T02:44:42","date_gmt":"2023-05-10T02:44:42","guid":{"rendered":"https:\/\/bitwallet.com\/?page_id=26"},"modified":"2025-10-27T11:14:43","modified_gmt":"2025-10-27T02:14:43","slug":"personal","status":"publish","type":"page","link":"https:\/\/bitwallet.com\/vi\/feature\/personal\/","title":{"rendered":"T\u00e0i kho\u1ea3n c\u00e1 nh\u00e2n"},"content":{"rendered":"<div class=\"wp-block-cover alignwide is-light header\"><img loading=\"lazy\" decoding=\"async\" width=\"2048\" height=\"518\" class=\"wp-block-cover__image-background wp-image-105\" alt=\"\" src=\"https:\/\/bitwallet.com\/wp-content\/uploads\/2023\/05\/mv-feature-personal-jpg.webp\" style=\"object-position:76% 41%\" data-object-fit=\"cover\" data-object-position=\"76% 41%\"\/><span aria-hidden=\"true\" class=\"wp-block-cover__background has-background-dim-0 has-background-dim\"><\/span><div class=\"wp-block-cover__inner-container has-global-padding is-layout-constrained wp-block-cover-is-layout-constrained\">\n<h1 class=\"wp-block-heading has-text-align-left effect00\">T\u00e0i kho\u1ea3n c\u00e1 nh\u00e2n<\/h1>\n\n\n\n<p class=\"effect00 fadeTimeA\">Discover mang l\u1ea1i tr\u1ea3i nghi\u1ec7m d\u1ec5 d\u00e0ng v\u00e0 li\u1ec1n m\u1ea1ch khi b\u1ea1n thanh to\u00e1n cho ng\u01b0\u1eddi d\u00f9ng ho\u1eb7c ng\u01b0\u1eddi b\u00e1n b\u1eb1ng bitwallet. T\u00e0i kho\u1ea3n v\u00ed ti\u1ec1n c\u00e1 nh\u00e2n c\u1ee7a b\u1ea1n \u0111\u01b0\u1ee3c trang b\u1ecb ti\u00eau chu\u1ea9n b\u1ea3o m\u1eadt cao nh\u1ea5t trong ng\u00e0nh.<\/p>\n\n\n\n<div class=\"wp-block-buttons is-layout-flex wp-block-buttons-is-layout-flex\">\n<div class=\"wp-block-button btn-signup effect00 fadeTimeB\"><a class=\"wp-block-button__link wp-element-button\" href=\"https:\/\/secure.bitwallet.com\/signup\/certification?lang=en\" target=\"_blank\" rel=\"noreferrer noopener\">T\u1ea1o v\u00ed<\/a><\/div>\n<\/div>\n<\/div><\/div>\n\n\n\n<div class=\"wp-block-cover alignwide is-light headcopy\" style=\"min-height:138px;aspect-ratio:unset;\" id=\"maincontetnts\"><span aria-hidden=\"true\" class=\"wp-block-cover__background has-background-dim-100 has-background-dim\" style=\"background-color:#f7f7f7\"><\/span><div class=\"wp-block-cover__inner-container has-global-padding is-layout-constrained wp-block-cover-is-layout-constrained\">\n<p class=\"has-text-align-center effect00\">bitwallet, cung c\u1ea5p gi\u1ea3i ph\u00e1p thanh to\u00e1n b\u1eb1ng 4 lo\u1ea1i ti\u1ec1n t\u1ec7 \u0111\u01b0\u1ee3c giao d\u1ecbch h\u00e0ng \u0111\u1ea7u (USD, JPY, EUR v\u00e0 AUD). M\u1ed9t v\u00ed k\u1ef9 thu\u1eadt s\u1ed1 \u0111\u01b0\u1ee3c trang b\u1ecb b\u1ea3o m\u1eadt \u0111\u1eb3ng c\u1ea5p th\u1ebf gi\u1edbi.<\/p>\n<\/div><\/div>\n\n\n\n<div class=\"wp-block-cover alignwide is-light\"><span aria-hidden=\"true\" class=\"wp-block-cover__background has-background-dim-0 has-background-dim\"><\/span><div class=\"wp-block-cover__inner-container has-global-padding is-layout-constrained wp-block-cover-is-layout-constrained\">\n<div class=\"wp-block-group swiper feature effect01 fadeTimeA has-global-padding is-layout-constrained wp-block-group-is-layout-constrained\">\n<div class=\"wp-block-group swiper-wrapper has-global-padding is-layout-constrained wp-block-group-is-layout-constrained\">\n<div class=\"wp-block-columns swiper-slide is-layout-flex wp-container-core-columns-is-layout-9d6595d7 wp-block-columns-is-layout-flex\">\n<div class=\"wp-block-column is-layout-flow wp-block-column-is-layout-flow\">\n<figure class=\"wp-block-image size-full personalAnime01\"><img loading=\"lazy\" decoding=\"async\" width=\"616\" height=\"492\" src=\"https:\/\/bitwallet.com\/wp-content\/uploads\/2023\/06\/personal_quality_img01.png\" alt=\"\" class=\"wp-image-195\"\/><\/figure>\n<\/div>\n\n\n\n<div class=\"wp-block-column is-layout-flow wp-block-column-is-layout-flow\">\n<h2 class=\"wp-block-heading personalAnime02\">V\u00ed tr\u1ef1c quan nh\u1ea5t<\/h2>\n\n\n\n<p class=\"personalAnime03\">bitwallet cho ph\u00e9p ng\u01b0\u1eddi d\u00f9ng giao d\u1ecbch b\u1eb1ng nhi\u1ec1u lo\u1ea1i ti\u1ec1n t\u1ec7 kh\u00e1c nhau. D\u1ecbch v\u1ee5 v\u00ed k\u1ef9 thu\u1eadt s\u1ed1 an to\u00e0n v\u00e0 linh ho\u1ea1t nh\u1ea5t.<\/p>\n\n\n\n<p class=\"personalAnime03\">bitwallet ho\u00e0n to\u00e0n tu\u00e2n th\u1ee7 PCI DSS(*) v\u00e0 tu\u00e2n th\u1ee7 nghi\u00eam ng\u1eb7t Ti\u00eau chu\u1ea9n PCI trong vi\u1ec7c cung c\u1ea5p m\u1ee9c \u0111\u1ed9 b\u1ea3o m\u1eadt d\u1eef li\u1ec7u cao h\u01a1n v\u00e0 b\u1ea3o v\u1ec7 th\u00f4ng tin ng\u01b0\u1eddi d\u00f9ng tr\u00ean n\u1ec1n t\u1ea3ng thanh to\u00e1n. G\u1eedi ti\u1ec1n b\u1eb1ng 4 lo\u1ea1i ti\u1ec1n t\u1ec7 ch\u00ednh (USD, JPY, EUR, AUD) m\u1ed9t c\u00e1ch an to\u00e0n.<\/p>\n\n\n\n<div class=\"wp-block-columns is-not-stacked-on-mobile gap20 mt2em personalAnime04 is-layout-flex wp-container-core-columns-is-layout-9d6595d7 wp-block-columns-is-layout-flex\">\n<div class=\"wp-block-column is-layout-flow wp-block-column-is-layout-flow\" style=\"flex-basis:95px\">\n<figure class=\"wp-block-image size-full w100\"><img loading=\"lazy\" decoding=\"async\" width=\"95\" height=\"37\" src=\"https:\/\/bitwallet.com\/wp-content\/uploads\/2023\/06\/icon_pci01.png\" alt=\"\" class=\"wp-image-205\"\/><\/figure>\n<\/div>\n\n\n\n<div class=\"wp-block-column is-layout-flow wp-block-column-is-layout-flow\">\n<p class=\"note has-small-font-size\">PCI DSS (Payment Card Industry Data Security Standard) l\u00e0 ti\u00eau chu\u1ea9n b\u1ea3o m\u1eadt th\u1ebb to\u00e0n c\u1ea7u v\u00e0 \u0111\u01b0\u1ee3c ph\u00e1t tri\u1ec3n v\u00e0 duy tr\u00ec b\u1edfi 5 th\u01b0\u01a1ng hi\u1ec7u th\u1ebb t\u00edn d\u1ee5ng qu\u1ed1c t\u1ebf l\u1edbn: American Express, Discover, JCB, Mastercard v\u00e0 VISA nh\u1eb1m t\u0103ng c\u01b0\u1eddng b\u1ea3o m\u1eadt d\u1eef li\u1ec7u ch\u1ee7 th\u1ebb.<\/p>\n<\/div>\n<\/div>\n<\/div>\n<\/div>\n\n\n\n<div class=\"wp-block-columns swiper-slide is-layout-flex wp-container-core-columns-is-layout-9d6595d7 wp-block-columns-is-layout-flex\">\n<div class=\"wp-block-column is-layout-flow wp-block-column-is-layout-flow\">\n<figure class=\"wp-block-image size-full personalAnime01\"><img loading=\"lazy\" decoding=\"async\" width=\"690\" height=\"490\" src=\"https:\/\/bitwallet.com\/wp-content\/uploads\/2023\/06\/personal_quality_img03.png\" alt=\"\" class=\"wp-image-199\"\/><\/figure>\n<\/div>\n\n\n\n<div class=\"wp-block-column is-layout-flow wp-block-column-is-layout-flow\">\n<h2 class=\"wp-block-heading personalAnime02\">Nhi\u1ec1u l\u1ef1a ch\u1ecdn thanh to\u00e1n kh\u00e1c nhau<\/h2>\n\n\n\n<p class=\"personalAnime03\">bitwallet h\u1ed7 tr\u1ee3 nhi\u1ec1u ph\u01b0\u01a1ng th\u1ee9c chuy\u1ec3n kho\u1ea3n ng\u00e2n h\u00e0ng kh\u00e1c nhau, th\u1ef1c hi\u1ec7n thanh to\u00e1n t\u1eeb t\u00e0i kho\u1ea3n ng\u00e2n h\u00e0ng c\u1ee7a b\u1ea1n cho ng\u01b0\u1eddi b\u00e1n m\u1ed9t c\u00e1ch li\u1ec1n m\u1ea1ch v\u00e0 d\u1ec5 d\u00e0ng.<\/p>\n\n\n\n<p class=\"personalAnime03\">V\u1edbi bitwallet, b\u1ea1n c\u00f3 th\u1ec3 th\u1ef1c hi\u1ec7n v\u00e0 nh\u1eadn thanh to\u00e1n nhanh ch\u00f3ng v\u1edbi m\u1ee9c ph\u00ed c\u1ea1nh tranh.<\/p>\n<\/div>\n<\/div>\n<\/div>\n<\/div>\n\n<\/div><\/div>\n\n\n\n<div class=\"wp-block-cover alignwide is-light info-feature\" style=\"min-height:140px;aspect-ratio:unset;\"><span aria-hidden=\"true\" class=\"wp-block-cover__background has-background-dim-100 has-background-dim\" style=\"background-color:#f1f1f1\"><\/span><div class=\"wp-block-cover__inner-container has-global-padding is-layout-constrained wp-block-cover-is-layout-constrained\">\n<div class=\"wp-block-columns is-layout-flex wp-container-core-columns-is-layout-9d6595d7 wp-block-columns-is-layout-flex\">\n<div class=\"wp-block-column effect01 is-layout-flow wp-block-column-is-layout-flow\" style=\"flex-basis:25%\">\n<div class=\"wp-block-buttons is-horizontal is-content-justification-center is-layout-flex wp-container-core-buttons-is-layout-499968f5 wp-block-buttons-is-layout-flex\">\n<div class=\"wp-block-button is-style-fill only-en\"><a class=\"wp-block-button__link wp-element-button\" href=\"https:\/\/bitwallet.com\/vi\/service\/deposit\/\" style=\"border-radius:0px\"><img loading=\"lazy\" decoding=\"async\" width=\"180\" height=\"128\" class=\"wp-image-5015\" style=\"width: 180px;\" src=\"https:\/\/bitwallet.com\/wp-content\/uploads\/2024\/12\/icon_personal_prepare.png\" alt=\"\"><br>CHU\u1ea8N B\u1eca<\/a><\/div>\n\n\n\n<div class=\"wp-block-button is-style-fill only-ja\"><a class=\"wp-block-button__link wp-element-button\" href=\"https:\/\/bitwallet.com\/vi\/service\/prepare\/\" style=\"border-radius:0px\"><img loading=\"lazy\" decoding=\"async\" width=\"180\" height=\"128\" class=\"wp-image-5015\" style=\"width: 180px;\" src=\"https:\/\/bitwallet.com\/wp-content\/uploads\/2024\/12\/icon_personal_prepare.png\" alt=\"\"><br>\u3054\u6e96\u5099<\/a><\/div>\n<\/div>\n\n\n\n<p>H\u1ed7 tr\u1ee3 ph\u01b0\u01a1ng th\u1ee9c thanh to\u00e1n d\u1ec5 d\u00e0ng qua th\u1ebb t\u00edn d\u1ee5ng, ng\u00e2n h\u00e0ng tr\u1ef1c tuy\u1ebfn v\u00e0 ATM t\u1eeb c\u00e1c t\u1ed5 ch\u1ee9c t\u00e0i ch\u00ednh tr\u00ean to\u00e0n th\u1ebf gi\u1edbi.<\/p>\n<\/div>\n\n\n\n<div class=\"wp-block-column effect01 fadeTimeB is-layout-flow wp-block-column-is-layout-flow\" style=\"flex-basis:25%\">\n<div class=\"wp-block-buttons is-horizontal is-content-justification-center is-layout-flex wp-container-core-buttons-is-layout-499968f5 wp-block-buttons-is-layout-flex\">\n<div class=\"wp-block-button is-style-fill only-en\"><a class=\"wp-block-button__link wp-element-button\" href=\"https:\/\/bitwallet.com\/vi\/service\/payment\/\" style=\"border-radius:0px\"><img loading=\"lazy\" decoding=\"async\" width=\"180\" height=\"128\" class=\"wp-image-5014\" style=\"width: 180px;\" src=\"https:\/\/bitwallet.com\/wp-content\/uploads\/2024\/12\/icon_personal_payment.png\" alt=\"\"><br>S\u1ef0 CHI TR\u1ea2<\/a><\/div>\n\n\n\n<div class=\"wp-block-button is-style-fill only-ja\"><a class=\"wp-block-button__link wp-element-button\" href=\"https:\/\/bitwallet.com\/vi\/service\/payment\/\" style=\"border-radius:0px\"><img loading=\"lazy\" decoding=\"async\" width=\"180\" height=\"128\" class=\"wp-image-5014\" style=\"width: 180px;\" src=\"https:\/\/bitwallet.com\/wp-content\/uploads\/2024\/12\/icon_personal_payment.png\" alt=\"\"><br>\u304a\u652f\u6255<\/a><\/div>\n<\/div>\n\n\n\n<p>V\u1edbi bitwallet, b\u1ea1n c\u00f3 th\u1ec3 d\u1ec5 d\u00e0ng thanh to\u00e1n USD, JPY, EUR ho\u1eb7c AUD cho ng\u01b0\u1eddi d\u00f9ng kh\u00e1c ch\u1ec9 b\u1eb1ng m\u1ed9t c\u00fa nh\u1ea5p chu\u1ed9t. Giao d\u1ecbch \u0111\u01b0\u1ee3c x\u1eed l\u00fd 24\/7, 365 ng\u00e0y.<\/p>\n<\/div>\n\n\n\n<div class=\"wp-block-column effect01 fadeTimeA is-layout-flow wp-block-column-is-layout-flow\" style=\"flex-basis:25%\">\n<div class=\"wp-block-buttons is-horizontal is-content-justification-center is-layout-flex wp-container-core-buttons-is-layout-499968f5 wp-block-buttons-is-layout-flex\">\n<div class=\"wp-block-button is-style-fill only-en\"><a class=\"wp-block-button__link wp-element-button\" href=\"https:\/\/bitwallet.com\/vi\/service\/receive\/\" style=\"border-radius:0px\"><img loading=\"lazy\" decoding=\"async\" width=\"180\" height=\"128\" class=\"wp-image-5012\" style=\"width: 180px;\" src=\"https:\/\/bitwallet.com\/wp-content\/uploads\/2024\/12\/icon_personal_recieve.png\" alt=\"\"><br>NH\u1eacN \u0110\u01af\u1ee2C<\/a><\/div>\n\n\n\n<div class=\"wp-block-button is-style-fill only-ja\"><a class=\"wp-block-button__link wp-element-button\" href=\"https:\/\/bitwallet.com\/vi\/service\/receive\/\" style=\"border-radius:0px\"><img loading=\"lazy\" decoding=\"async\" width=\"180\" height=\"128\" class=\"wp-image-5012\" style=\"width: 180px;\" src=\"https:\/\/bitwallet.com\/wp-content\/uploads\/2024\/12\/icon_personal_recieve.png\" alt=\"\"><br>\u304a\u53d7\u53d6<\/a><\/div>\n<\/div>\n\n\n\n<p>R\u00fat ti\u1ec1n v\u1ec1 t\u00e0i kho\u1ea3n ng\u00e2n h\u00e0ng \u0111\u01b0\u1ee3c ch\u1ec9 \u0111\u1ecbnh c\u1ee7a b\u1ea1n b\u1eb1ng c\u00e1c lo\u1ea1i ti\u1ec1n kh\u1ea3 d\u1ee5ng: USD, JPY, EUR, AUD(\u203b1).<\/p>\n<\/div>\n\n\n\n<div class=\"wp-block-column effect01 fadeTimeC is-layout-flow wp-block-column-is-layout-flow\" style=\"flex-basis:25%\">\n<div class=\"wp-block-buttons is-horizontal is-content-justification-center is-layout-flex wp-container-core-buttons-is-layout-499968f5 wp-block-buttons-is-layout-flex\">\n<div class=\"wp-block-button is-style-fill only-en\"><a class=\"wp-block-button__link wp-element-button\" href=\"https:\/\/bitwallet.com\/vi\/service\/exchange\/\" style=\"border-radius:0px\"><img loading=\"lazy\" decoding=\"async\" width=\"180\" height=\"128\" class=\"wp-image-5013\" style=\"width: 180px;\" src=\"https:\/\/bitwallet.com\/wp-content\/uploads\/2024\/12\/icon_personal_exchange.png\" alt=\"\"><br>TRAO \u0110\u1ed4I<\/a><\/div>\n\n\n\n<div class=\"wp-block-button is-style-fill only-ja\"><a class=\"wp-block-button__link wp-element-button\" href=\"https:\/\/bitwallet.com\/vi\/service\/exchange\/\" style=\"border-radius:0px\"><img loading=\"lazy\" decoding=\"async\" width=\"180\" height=\"128\" class=\"wp-image-5013\" style=\"width: 180px;\" src=\"https:\/\/bitwallet.com\/wp-content\/uploads\/2024\/12\/icon_personal_exchange.png\" alt=\"\"><br>\u4e21\u66ff<\/a><\/div>\n<\/div>\n\n\n\n<p>\u0110\u1ed5i ti\u1ec1n v\u1edbi t\u1ef7 gi\u00e1 \u01b0u \u0111\u00e3i. bitwallet cung c\u1ea5p d\u1ecbch v\u1ee5 trao \u0111\u1ed5i ti\u1ec1n t\u1ec7 USD, JPY, EUR v\u00e0 AUD su\u1ed1t ng\u00e0y \u0111\u00eam. X\u1eed l\u00fd trao \u0111\u1ed5i theo th\u1eddi gian th\u1ef1c 24\/7.<\/p>\n<\/div>\n<\/div>\n\n\n\n<ul class=\"wp-block-list note mt2em\">\n<li class=\"has-small-font-size\">(\u203b1) Ch\u1ec9 kh\u1ea3 d\u1ee5ng trong gi\u1edd l\u00e0m vi\u1ec7c th\u00f4ng th\u01b0\u1eddng c\u1ee7a ng\u00e2n h\u00e0ng.<\/li>\n<\/ul>\n<\/div><\/div>\n\n\n\n<div class=\"wp-block-cover alignwide is-light point-personal1 effect01\"><img loading=\"lazy\" decoding=\"async\" width=\"3000\" height=\"525\" class=\"wp-block-cover__image-background wp-image-127\" alt=\"\" src=\"https:\/\/bitwallet.com\/wp-content\/uploads\/2023\/05\/mv-feature-personal1.jpg\" data-object-fit=\"cover\"\/><span aria-hidden=\"true\" class=\"wp-block-cover__background has-background-dim-0 has-background-dim\"><\/span><div class=\"wp-block-cover__inner-container has-global-padding is-layout-constrained wp-block-cover-is-layout-constrained\">\n<p class=\"has-text-align-left has-large-font-size\">Trao \u0111\u1ed5i ti\u1ec1n t\u1ec7 to\u00e0n c\u1ea7u ngay l\u1eadp t\u1ee9c<\/p>\n\n\n\n<p>Chia tay ph\u00ed trao \u0111\u1ed5i t\u1ed1n k\u00e9m. Tr\u1ea3i nghi\u1ec7m d\u1ecbch v\u1ee5 \u0111\u1ed5i ti\u1ec1n bitwallet mi\u1ec5n ph\u00ed.<\/p>\n<\/div><\/div>\n\n\n\n<div class=\"wp-block-cover alignwide is-light point-personal2 effect01\"><img loading=\"lazy\" decoding=\"async\" width=\"3000\" height=\"525\" class=\"wp-block-cover__image-background wp-image-129\" alt=\"\" src=\"https:\/\/bitwallet.com\/wp-content\/uploads\/2023\/05\/mv-feature-personal2-jpg.webp\" data-object-fit=\"cover\"\/><span aria-hidden=\"true\" class=\"wp-block-cover__background has-background-dim-0 has-background-dim\"><\/span><div class=\"wp-block-cover__inner-container has-global-padding is-layout-constrained wp-block-cover-is-layout-constrained\">\n<p class=\"has-text-align-left has-large-font-size\">N\u1ec1n t\u1ea3ng \u01b0a th\u00edch nh\u1ea5t cho thanh to\u00e1n \u1edf n\u01b0\u1edbc ngo\u00e0i.<\/p>\n\n\n\n<p>bitwallet \u0111\u01b0\u1ee3c nhi\u1ec1u c\u00e1 nh\u00e2n l\u1ef1a ch\u1ecdn l\u00e0 gi\u1ea3i ph\u00e1p thanh to\u00e1n l\u00fd t\u01b0\u1edfng nh\u1ea5t v\u00ec cung c\u1ea5p d\u1ecbch v\u1ee5 g\u1eedi v\u00e0 r\u00fat ti\u1ec1n nhanh ch\u00f3ng.<\/p>\n<\/div><\/div>\n\n\n\n<div class=\"wp-block-cover alignwide is-light point-personal3 effect01\" style=\"min-height:430px;aspect-ratio:unset;\"><img loading=\"lazy\" decoding=\"async\" width=\"3000\" height=\"525\" class=\"wp-block-cover__image-background wp-image-130\" alt=\"\" src=\"https:\/\/bitwallet.com\/wp-content\/uploads\/2023\/05\/mv-feature-personal3-jpg.webp\" data-object-fit=\"cover\"\/><span aria-hidden=\"true\" class=\"wp-block-cover__background has-background-dim-0 has-background-dim\"><\/span><div class=\"wp-block-cover__inner-container has-global-padding is-layout-constrained wp-block-cover-is-layout-constrained\">\n<p class=\"has-text-align-left has-large-font-size\">R\u00fat ti\u1ec1n t\u1eeb b\u1ea5t c\u1ee9 \u0111\u00e2u<\/p>\n\n\n\n<p>R\u00fat v\u1ec1 b\u1ea5t k\u1ef3 t\u00e0i kho\u1ea3n ng\u00e2n h\u00e0ng n\u00e0o v\u00e0 nh\u1eadn trong v\u00f2ng 1 ng\u00e0y l\u00e0m vi\u1ec7c. Chuy\u1ec3n \u0111\u1ebfn b\u1ea5t k\u1ef3 qu\u1ed1c gia \u01b0a th\u00edch n\u00e0o theo t\u1ef7 l\u1ec7 b\u1ea1n mu\u1ed1n.<\/p>\n<\/div><\/div>\n\n\n\n<div class=\"wp-block-group alignwide info-lets is-layout-flow wp-block-group-is-layout-flow\">\n<p class=\"has-text-align-center effect01\">Tr\u1ea3i nghi\u1ec7m v\u00ed k\u1ef9 thu\u1eadt s\u1ed1 h\u00e0ng \u0111\u1ea7u th\u1ebf gi\u1edbi<\/p>\n\n\n\n<h2 class=\"wp-block-heading has-text-align-center effect01\">Tham gia c\u00f9ng ch\u00fang t\u00f4i ngay<\/h2>\n\n\n\n<div class=\"wp-block-columns alignwide are-vertically-aligned-center is-not-stacked-on-mobile effect01 fadeTimeB is-layout-flex wp-container-core-columns-is-layout-9d6595d7 wp-block-columns-is-layout-flex\">\n<div class=\"wp-block-column is-vertically-aligned-center has-vivid-cyan-blue-background-color has-background is-layout-flow wp-block-column-is-layout-flow\">\n<p class=\"has-text-align-right translation-block\">Ph\u00ed \u0111\u0103ng k\u00fd<br> Ph\u00ed h\u00e0ng th\u00e1ng<\/p>\n<\/div>\n\n\n\n<div class=\"wp-block-column is-vertically-aligned-center has-pale-cyan-blue-background-color has-background is-layout-flow wp-block-column-is-layout-flow\">\n<p>0Y\u00ean<\/p>\n<\/div>\n<\/div>\n<\/div>\n\n\n\n<div class=\"wp-block-cover alignwide is-light info-step\"><span aria-hidden=\"true\" class=\"wp-block-cover__background has-background-dim-0 has-background-dim\"><\/span><div class=\"wp-block-cover__inner-container has-global-padding is-layout-constrained wp-block-cover-is-layout-constrained\">\n<h3 class=\"wp-block-heading has-text-align-center effect01\"><strong>Ch\u1ec9 c\u1ea7n 4 b\u01b0\u1edbc \u0111\u01a1n gi\u1ea3n.<\/strong><br> <strong>V\u00ed c\u1ea7n \u00edt nh\u1ea5t 30 ph\u00fat \u0111\u1ec3 s\u1eb5n s\u00e0ng.<\/strong><\/h3>\n\n\n\n<div class=\"wp-block-columns step is-layout-flex wp-container-core-columns-is-layout-9d6595d7 wp-block-columns-is-layout-flex\">\n<div class=\"wp-block-column effect01 is-layout-flow wp-block-column-is-layout-flow\">\n<p class=\"has-text-align-center\"><strong>B\u01af\u1edaC 1<\/strong><\/p>\n\n\n\n<figure class=\"wp-block-image aligncenter size-full\"><img loading=\"lazy\" decoding=\"async\" width=\"321\" height=\"321\" src=\"https:\/\/bitwallet.com\/wp-content\/uploads\/2023\/06\/icon_step1.png\" alt=\"\" class=\"wp-image-190\"\/><\/figure>\n\n\n\n<p>\u0110\u0103ng k\u00fd t\u1eeb b\u1ea5t k\u1ef3 thi\u1ebft b\u1ecb n\u00e0o. Nh\u1eadp th\u00f4ng tin c\u01a1 b\u1ea3n c\u1ee7a b\u1ea1n tr\u00ean trang \u0111\u0103ng k\u00fd \u0111\u1ec3 b\u1eaft \u0111\u1ea7u.<\/p>\n<\/div>\n\n\n\n<div class=\"wp-block-column effect01 fadeTimeA is-layout-flow wp-block-column-is-layout-flow\">\n<p class=\"has-text-align-center\"><strong>B\u01af\u1edaC 2<\/strong><\/p>\n\n\n\n<figure class=\"wp-block-image aligncenter size-full\"><img loading=\"lazy\" decoding=\"async\" width=\"321\" height=\"321\" src=\"https:\/\/bitwallet.com\/wp-content\/uploads\/2023\/06\/icon_step2.png\" alt=\"\" class=\"wp-image-191\"\/><\/figure>\n\n\n\n<p>M\u1ed9t li\u00ean k\u1ebft x\u00e1c minh s\u1ebd \u0111\u01b0\u1ee3c g\u1eedi \u0111\u1ebfn \u0111\u1ecba ch\u1ec9 email \u0111\u00e3 \u0111\u0103ng k\u00fd c\u1ee7a b\u1ea1n. Nh\u1eadp c\u00e1c th\u00f4ng tin c\u1ea7n thi\u1ebft kh\u00e1c \u0111\u1ec3 ti\u1ebfp t\u1ee5c.<\/p>\n<\/div>\n\n\n\n<div class=\"wp-block-column effect01 fadeTimeB is-layout-flow wp-block-column-is-layout-flow\">\n<p class=\"has-text-align-center\"><strong>B\u01af\u1edaC 3<\/strong><\/p>\n\n\n\n<figure class=\"wp-block-image aligncenter size-full\"><img loading=\"lazy\" decoding=\"async\" width=\"321\" height=\"321\" src=\"https:\/\/bitwallet.com\/wp-content\/uploads\/2023\/06\/icon_step3.png\" alt=\"\" class=\"wp-image-192\"\/><\/figure>\n\n\n\n<p>\u0110\u0103ng nh\u1eadp v\u00e0 t\u1ea3i l\u00ean c\u00e1c t\u00e0i li\u1ec7u x\u00e1c minh danh t\u00ednh c\u1ee7a b\u1ea1n, b\u1eb1ng ch\u1ee9ng v\u1ec1 \u0111\u1ecba ch\u1ec9 c\u01b0 tr\u00fa v\u00e0 \u1ea2nh selfie tr\u00ean trang G\u1eedi t\u00e0i li\u1ec7u x\u00e1c minh.<\/p>\n<\/div>\n\n\n\n<div class=\"wp-block-column effect01 fadeTimeC is-layout-flow wp-block-column-is-layout-flow\">\n<p class=\"has-text-align-center\"><strong>B\u01af\u1edaC 4<\/strong><\/p>\n\n\n\n<figure class=\"wp-block-image aligncenter size-full\"><img loading=\"lazy\" decoding=\"async\" width=\"321\" height=\"321\" src=\"https:\/\/bitwallet.com\/wp-content\/uploads\/2023\/06\/icon_step4.png\" alt=\"\" class=\"wp-image-193\"\/><\/figure>\n\n\n\n<p>V\u00e0o gi\u1edd l\u00e0m vi\u1ec7c b\u00ecnh th\u01b0\u1eddng, c\u00f4ng vi\u1ec7c x\u00e1c nh\u1eadn s\u1ebd \u0111\u01b0\u1ee3c ho\u00e0n th\u00e0nh trong t\u1ed1i thi\u1ec3u 30 ph\u00fat. Khi n\u00f3 \u0111\u00e3 \u0111\u01b0\u1ee3c x\u00e1c minh v\u00e0 ph\u00ea duy\u1ec7t, th\u00f4ng tin t\u00e0i kho\u1ea3n c\u1ee7a b\u1ea1n s\u1ebd \u0111\u01b0\u1ee3c g\u1eedi cho b\u1ea1n qua e-mail.<\/p>\n<\/div>\n<\/div>\n\n\n\n<div class=\"wp-block-columns frontpage-cv is-layout-flex wp-container-core-columns-is-layout-9d6595d7 wp-block-columns-is-layout-flex\">\n<div class=\"wp-block-column is-vertically-aligned-center is-layout-flow wp-block-column-is-layout-flow\"><\/div>\n\n\n\n<div class=\"wp-block-column is-layout-flow wp-block-column-is-layout-flow\">\n<div class=\"wp-block-buttons is-content-justification-center is-layout-flex wp-container-core-buttons-is-layout-16018d1d wp-block-buttons-is-layout-flex\">\n<div class=\"wp-block-button has-custom-width wp-block-button__width-100 btn-signup effect01\"><a class=\"wp-block-button__link wp-element-button\" href=\"https:\/\/secure.bitwallet.com\/signup\/certification?lang=en\" target=\"_blank\" rel=\"noreferrer noopener\">T\u1ea1o v\u00ed<\/a><\/div>\n<\/div>\n<\/div>\n\n\n\n<div class=\"wp-block-column is-vertically-aligned-center is-layout-flow wp-block-column-is-layout-flow\">\n<p class=\"has-text-align-center effect01 fadeTimeB\"><a href=\"\/vi\/service\/account-open\/\" data-type=\"page\" data-id=\"78\"><span class=\"only-en\">T\u00ecm hi\u1ec3u th\u00eam<\/span><span class=\"only-ja\">\u30a6\u30a9\u30ec\u30c3\u30c8\u958b\u8a2d\u624b\u9806\u3092\u8a73\u3057\u304f<\/span><\/a><\/p>\n<\/div>\n<\/div>\n<\/div><\/div>\n\n\n\n<div class=\"wp-block-cover alignwide is-light help\"><img loading=\"lazy\" decoding=\"async\" width=\"2048\" height=\"336\" class=\"wp-block-cover__image-background wp-image-289\" alt=\"\" src=\"https:\/\/bitwallet.com\/wp-content\/uploads\/2023\/06\/mv-support-jpg.webp\" style=\"object-position:50% 50%\" data-object-fit=\"cover\" data-object-position=\"50% 50%\"\/><span aria-hidden=\"true\" class=\"wp-block-cover__background has-background-dim-0 has-background-dim\"><\/span><div class=\"wp-block-cover__inner-container has-global-padding is-layout-constrained wp-block-cover-is-layout-constrained\">\n<p class=\"has-large-font-size translation-block\"><strong>B\u1ea1n c\u1ea7n gi\u00fap \u0111\u1ee1?<\/strong><br> <strong>Ch\u00fang t\u00f4i \u1edf \u0111\u00e2y \u0111\u1ec3 h\u1ed7 tr\u1ee3.<\/strong><\/p>\n\n\n\n<p class=\"translation-block\">Nh\u00f3m h\u1ed7 tr\u1ee3 c\u1ee7a ch\u00fang t\u00f4i t\u1eadn t\u00e2m ph\u1ee5c v\u1ee5 b\u1ea1n.<br> H\u00e3y li\u00ean h\u1ec7 v\u1edbi ch\u00fang t\u00f4i n\u1ebfu b\u1ea1n c\u00f3 b\u1ea5t k\u1ef3 c\u00e2u h\u1ecfi n\u00e0o li\u00ean quan \u0111\u1ebfn d\u1ecbch v\u1ee5 c\u1ee7a ch\u00fang t\u00f4i.<\/p>\n\n\n\n<div class=\"wp-block-buttons is-layout-flex wp-block-buttons-is-layout-flex\">\n<div class=\"wp-block-button\"><a class=\"wp-block-button__link wp-element-button\" href=\"\/vi\/support\/contact\/\">Li\u00ean h\u1ec7 ch\u00fang t\u00f4i<\/a><\/div>\n<\/div>\n<\/div><\/div>","protected":false},"excerpt":{"rendered":"<p>Qu\u1ea3n l\u00fd t\u00e0i ch\u00ednh c\u00e1 nh\u00e2n c\u1ee7a b\u1ea1n tr\u00ean bitwallet. N\u1ec1n t\u1ea3ng c\u1ee7a ch\u00fang t\u00f4i cung c\u1ea5p c\u00e1c gi\u1ea3i ph\u00e1p nhanh ch\u00f3ng, an to\u00e0n v\u00e0 thu\u1eadn ti\u1ec7n \u0111\u1ec3 qu\u1ea3n l\u00fd ti\u1ec1n c\u1ee7a b\u1ea1n. \u0110\u0103ng k\u00fd t\u00e0i kho\u1ea3n mi\u1ec5n ph\u00ed ngay h\u00f4m nay.<\/p>","protected":false},"author":5,"featured_media":0,"parent":24,"menu_order":32,"comment_status":"closed","ping_status":"closed","template":"","meta":{"footnotes":""},"class_list":["post-26","page","type-page","status-publish","hentry"],"_links":{"self":[{"href":"https:\/\/bitwallet.com\/vi\/wp-json\/wp\/v2\/pages\/26","targetHints":{"allow":["GET"]}}],"collection":[{"href":"https:\/\/bitwallet.com\/vi\/wp-json\/wp\/v2\/pages"}],"about":[{"href":"https:\/\/bitwallet.com\/vi\/wp-json\/wp\/v2\/types\/page"}],"author":[{"embeddable":true,"href":"https:\/\/bitwallet.com\/vi\/wp-json\/wp\/v2\/users\/5"}],"replies":[{"embeddable":true,"href":"https:\/\/bitwallet.com\/vi\/wp-json\/wp\/v2\/comments?post=26"}],"version-history":[{"count":108,"href":"https:\/\/bitwallet.com\/vi\/wp-json\/wp\/v2\/pages\/26\/revisions"}],"predecessor-version":[{"id":5688,"href":"https:\/\/bitwallet.com\/vi\/wp-json\/wp\/v2\/pages\/26\/revisions\/5688"}],"up":[{"embeddable":true,"href":"https:\/\/bitwallet.com\/vi\/wp-json\/wp\/v2\/pages\/24"}],"wp:attachment":[{"href":"https:\/\/bitwallet.com\/vi\/wp-json\/wp\/v2\/media?parent=26"}],"curies":[{"name":"wp","href":"https:\/\/api.w.org\/{rel}","templated":true}]}}