{"id":24,"date":"2023-05-10T02:36:22","date_gmt":"2023-05-10T02:36:22","guid":{"rendered":"https:\/\/bitwallet.com\/?page_id=24"},"modified":"2024-09-26T10:00:57","modified_gmt":"2024-09-26T01:00:57","slug":"feature","status":"publish","type":"page","link":"https:\/\/bitwallet.com\/vi\/feature\/","title":{"rendered":"\u0110\u1eb7c tr\u01b0ng"},"content":{"rendered":"<div class=\"wp-block-cover alignwide is-light header\"><span aria-hidden=\"true\" class=\"wp-block-cover__background has-background-dim-0 has-background-dim\"><\/span><div class=\"wp-block-cover__inner-container has-global-padding is-layout-constrained wp-block-cover-is-layout-constrained\">\n<h1 class=\"wp-block-heading has-text-align-left effect00 has-large-font-size\">\u0110\u1eb7c tr\u01b0ng<\/h1>\n\n\n\n<p class=\"effect00 fadeTimeA\">Gi\u1edbi thi\u1ec7u t\u00e0i kho\u1ea3n bitwallet<\/p>\n<\/div><\/div>\n\n\n\n<div class=\"wp-block-group alignfull menu has-global-padding is-layout-constrained wp-block-group-is-layout-constrained\">\n<div class=\"wp-block-cover alignwide is-light\"><span aria-hidden=\"true\" class=\"wp-block-cover__background has-background-dim-100 has-background-dim\" style=\"background-color:#2bc0ef\"><\/span><div class=\"wp-block-cover__inner-container has-global-padding is-layout-constrained wp-block-cover-is-layout-constrained\">\n<div class=\"wp-block-columns is-layout-flex wp-container-core-columns-is-layout-9d6595d7 wp-block-columns-is-layout-flex\">\n<div class=\"wp-block-column img is-layout-flow wp-block-column-is-layout-flow\" style=\"flex-basis:50%\">\n<p class=\"has-text-align-center effect00\"><a href=\"https:\/\/bitwallet.com\/vi\/feature\/personal\/\" data-type=\"page\" data-id=\"26\"><img loading=\"lazy\" decoding=\"async\" width=\"150\" height=\"38\" class=\"wp-image-105\" style=\"width: 150px;\" src=\"https:\/\/bitwallet.com\/wp-content\/uploads\/2023\/05\/mv-feature-personal-jpg.webp\" alt=\"\"><\/a><\/p>\n<\/div>\n\n\n\n<div class=\"wp-block-column effect00 fadeTimeA is-layout-flow wp-block-column-is-layout-flow\" style=\"flex-basis:50%\">\n<h2 class=\"wp-block-heading\"><a href=\"https:\/\/bitwallet.com\/vi\/feature\/personal\/\" data-type=\"page\" data-id=\"26\">T\u00e0i kho\u1ea3n c\u00e1 nh\u00e2n<\/a><\/h2>\n\n\n\n<p>Discover mang l\u1ea1i tr\u1ea3i nghi\u1ec7m d\u1ec5 d\u00e0ng v\u00e0 li\u1ec1n m\u1ea1ch khi b\u1ea1n thanh to\u00e1n cho ng\u01b0\u1eddi d\u00f9ng ho\u1eb7c ng\u01b0\u1eddi b\u00e1n b\u1eb1ng bitwallet. T\u00e0i kho\u1ea3n v\u00ed ti\u1ec1n c\u00e1 nh\u00e2n c\u1ee7a b\u1ea1n \u0111\u01b0\u1ee3c trang b\u1ecb ti\u00eau chu\u1ea9n b\u1ea3o m\u1eadt cao nh\u1ea5t trong ng\u00e0nh.<\/p>\n<\/div>\n<\/div>\n<\/div><\/div>\n\n\n\n<div class=\"wp-block-cover alignwide\"><span aria-hidden=\"true\" class=\"wp-block-cover__background has-background-dim-100 has-background-dim\" style=\"background-color:#003f97\"><\/span><div class=\"wp-block-cover__inner-container has-global-padding is-layout-constrained wp-block-cover-is-layout-constrained\">\n<div class=\"wp-block-columns is-layout-flex wp-container-core-columns-is-layout-9d6595d7 wp-block-columns-is-layout-flex\">\n<div class=\"wp-block-column effect00 fadeTimeA is-layout-flow wp-block-column-is-layout-flow\" style=\"flex-basis:50%\">\n<h2 class=\"wp-block-heading\"><a href=\"https:\/\/bitwallet.com\/vi\/feature\/business\/\" data-type=\"page\" data-id=\"60\">T\u00e0i kho\u1ea3n kinh doanh<\/a><\/h2>\n\n\n\n<p>\u0110\u01a1n gi\u1ea3n h\u00f3a th\u1ee7 t\u1ee5c thanh to\u00e1n cho c\u1eeda h\u00e0ng th\u01b0\u01a1ng m\u1ea1i \u0111i\u1ec7n t\u1eed c\u1ee7a b\u1ea1n. Nh\u1eadn t\u1ea5t c\u1ea3 c\u00e1c kho\u1ea3n thanh to\u00e1n qua ng\u00e2n h\u00e0ng, th\u1ebb t\u00edn d\u1ee5ng ho\u1eb7c th\u00f4ng qua c\u00e1c d\u1ecbch v\u1ee5 ti\u1ec1n t\u1ec7 c\u00f3 s\u1eb5n t\u1ea1i bitwallet.<\/p>\n<\/div>\n\n\n\n<div class=\"wp-block-column img is-layout-flow wp-block-column-is-layout-flow\" style=\"flex-basis:50%\">\n<p class=\"has-text-align-center effect00\"><a href=\"https:\/\/bitwallet.com\/vi\/feature\/business\/\"><img loading=\"lazy\" decoding=\"async\" width=\"150\" height=\"38\" class=\"wp-image-1134\" style=\"width: 150px;\" src=\"https:\/\/bitwallet.com\/wp-content\/uploads\/2023\/09\/mv-feature-business-jpg.webp\" alt=\"\"><\/a><\/p>\n<\/div>\n<\/div>\n<\/div><\/div>\n\n\n\n<div class=\"wp-block-cover alignwide\"><span aria-hidden=\"true\" class=\"wp-block-cover__background has-background-dim-100 has-background-dim\" style=\"background-color:#15305b\"><\/span><div class=\"wp-block-cover__inner-container has-global-padding is-layout-constrained wp-block-cover-is-layout-constrained\">\n<div class=\"wp-block-columns is-layout-flex wp-container-core-columns-is-layout-9d6595d7 wp-block-columns-is-layout-flex\">\n<div class=\"wp-block-column img is-layout-flow wp-block-column-is-layout-flow\" style=\"flex-basis:50%\">\n<p class=\"has-text-align-center effect00\"><a href=\"https:\/\/bitwallet.com\/vi\/feature\/merchant\/\"><img loading=\"lazy\" decoding=\"async\" width=\"150\" height=\"39\" class=\"wp-image-1138\" style=\"width: 150px;\" src=\"https:\/\/bitwallet.com\/wp-content\/uploads\/2023\/09\/mv-feature-merchant-jpg.webp\" alt=\"\"><\/a><\/p>\n<\/div>\n\n\n\n<div class=\"wp-block-column effect00 fadeTimeA is-layout-flow wp-block-column-is-layout-flow\" style=\"flex-basis:50%\">\n<h2 class=\"wp-block-heading\"><a href=\"https:\/\/bitwallet.com\/vi\/feature\/merchant\/\" data-type=\"page\" data-id=\"62\">T\u00e0i kho\u1ea3n ng\u01b0\u1eddi b\u00e1n<\/a><\/h2>\n\n\n\n<p>N\u00e2ng cao d\u1ecbch v\u1ee5 g\u1eedi v\u00e0 r\u00fat ti\u1ec1n hi\u1ec7n t\u1ea1i c\u1ee7a b\u1ea1n b\u1eb1ng c\u00e1ch t\u00edch h\u1ee3p gi\u1ea3i ph\u00e1p thanh to\u00e1n c\u1ee7a ch\u00fang t\u00f4i v\u00e0o trang web c\u1ee7a b\u1ea1n. Qu\u1ea3n l\u00fd giao d\u1ecbch \u0111\u01b0\u1ee3c th\u1ef1c hi\u1ec7n \u0111\u01a1n gi\u1ea3n h\u01a1n v\u1edbi bitwallet.<\/p>\n<\/div>\n<\/div>\n<\/div><\/div>\n<\/div>","protected":false},"excerpt":{"rendered":"<p>C\u00e1c t\u00ednh n\u0103ng v\u00e0 l\u1ee3i \u00edch \u0111\u1ed9c \u0111\u00e1o c\u1ee7a Discover c\u1ee7a bitwallet. N\u1ec1n t\u1ea3ng c\u1ee7a ch\u00fang t\u00f4i cung c\u1ea5p t\u00ednh b\u1ea3o m\u1eadt, t\u00ednh linh ho\u1ea1t v\u00e0 ti\u1ec7n l\u1ee3i n\u00e2ng cao. \u0110\u0103ng k\u00ed \u0111\u1ec3 c\u00f3 t\u00e0i kho\u1ea3n mi\u1ec5n ph\u00ed h\u00f4m nay.<\/p>","protected":false},"author":5,"featured_media":0,"parent":0,"menu_order":31,"comment_status":"closed","ping_status":"closed","template":"","meta":{"footnotes":""},"class_list":["post-24","page","type-page","status-publish","hentry"],"_links":{"self":[{"href":"https:\/\/bitwallet.com\/vi\/wp-json\/wp\/v2\/pages\/24","targetHints":{"allow":["GET"]}}],"collection":[{"href":"https:\/\/bitwallet.com\/vi\/wp-json\/wp\/v2\/pages"}],"about":[{"href":"https:\/\/bitwallet.com\/vi\/wp-json\/wp\/v2\/types\/page"}],"author":[{"embeddable":true,"href":"https:\/\/bitwallet.com\/vi\/wp-json\/wp\/v2\/users\/5"}],"replies":[{"embeddable":true,"href":"https:\/\/bitwallet.com\/vi\/wp-json\/wp\/v2\/comments?post=24"}],"version-history":[{"count":35,"href":"https:\/\/bitwallet.com\/vi\/wp-json\/wp\/v2\/pages\/24\/revisions"}],"predecessor-version":[{"id":4951,"href":"https:\/\/bitwallet.com\/vi\/wp-json\/wp\/v2\/pages\/24\/revisions\/4951"}],"wp:attachment":[{"href":"https:\/\/bitwallet.com\/vi\/wp-json\/wp\/v2\/media?parent=24"}],"curies":[{"name":"wp","href":"https:\/\/api.w.org\/{rel}","templated":true}]}}