{"id":1593,"date":"2023-10-16T14:43:05","date_gmt":"2023-10-16T05:43:05","guid":{"rendered":"https:\/\/bitwallet.com\/?page_id=1593"},"modified":"2024-08-16T12:21:01","modified_gmt":"2024-08-16T03:21:01","slug":"media-inquiry","status":"publish","type":"page","link":"https:\/\/bitwallet.com\/vi\/support\/contact\/media-inquiry\/","title":{"rendered":"D\u00e0nh cho c\u00e1c c\u00e2u h\u1ecfi v\u1ec1 ph\u01b0\u01a1ng ti\u1ec7n truy\u1ec1n th\u00f4ng"},"content":{"rendered":"<div class=\"wp-block-cover alignwide header\"><span aria-hidden=\"true\" class=\"wp-block-cover__background has-background-dim-0 has-background-dim\"><\/span><img loading=\"lazy\" decoding=\"async\" width=\"2000\" height=\"360\" class=\"wp-block-cover__image-background wp-image-1033\" alt=\"\" src=\"https:\/\/bitwallet.com\/wp-content\/uploads\/2023\/09\/mv-support-contact-jpg.webp\" data-object-fit=\"cover\"\/><div class=\"wp-block-cover__inner-container has-global-padding is-layout-constrained wp-block-cover-is-layout-constrained\">\n<h1 class=\"wp-block-heading has-text-align-left effect00\">Li\u00ean h\u1ec7 ch\u00fang t\u00f4i<\/h1>\n\n\n\n<p class=\"effect00 fadeTimeA\">Y\u00eau c\u1ea7u d\u1ecbch v\u1ee5<\/p>\n<\/div><\/div>\n\n\n\n<h2 class=\"wp-block-heading effect01\">D\u00e0nh cho c\u00e1c c\u00e2u h\u1ecfi v\u1ec1 ph\u01b0\u01a1ng ti\u1ec7n truy\u1ec1n th\u00f4ng<\/h2>\n\n\n\n<p><\/p>\n\n\n\n<div class=\"wp-block-group box effect01 has-global-padding is-layout-constrained wp-block-group-is-layout-constrained\">\n<h3 class=\"wp-block-heading\">D\u00e0nh cho c\u00e1c c\u00e2u h\u1ecfi v\u1ec1 ph\u01b0\u01a1ng ti\u1ec7n truy\u1ec1n th\u00f4ng<\/h3>\n\n\n\n<p>N\u1ebfu b\u1ea1n l\u00e0 th\u00e0nh vi\u00ean c\u1ee7a gi\u1edbi truy\u1ec1n th\u00f4ng ho\u1eb7c mu\u1ed1n li\u00ean h\u1ec7 v\u00ec m\u1ee5c \u0111\u00edch truy\u1ec1n th\u00f4ng ho\u1eb7c ti\u1ebfp th\u1ecb, vui l\u00f2ng li\u00ean h\u1ec7 v\u1edbi ch\u00fang t\u00f4i.<\/p>\n\n\n\n<h4 class=\"wp-block-heading\">E-mail<\/h4>\n\n\n\n<p>C\u00f3 s\u1eb5n: 24 gi\u1edd<br>Gi\u1edd ho\u1ea1t \u0111\u1ed9ng: Th\u1ee9 Hai \u0111\u1ebfn Th\u1ee9 B\u1ea3y, 9:00 ~ 17:00 (JST)<\/p>\n\n\n\n<p class=\"has-text-align-center media-inquiry not-honyaku\"><strong>media\uff20bitwallet.com<\/strong><\/p>\n\n\n\n<p class=\"has-text-align-center has-small-font-size\">(Vui l\u00f2ng thay \u0111\u1ed5i \u201c@\u201d th\u00e0nh k\u00fd t\u1ef1 n\u1eeda \u0111\u1ed9 r\u1ed9ng \u0111\u1ec3 g\u1eedi e-mail)<\/p>\n\n\n\n<h4 class=\"wp-block-heading\">G\u1ecdi cho ch\u00fang t\u00f4i<\/h4>\n\n\n\n<p class=\"only-en\">C\u00f3 s\u1eb5n: 24 gi\u1edd<\/p>\n\n\n\n<p class=\"only-ja\">\u5bfe\u5fdc\u6642\u9593:\u5e73\u65e5 9:00\uff5e17:00 *\u65e5\u672c\u6642\u9593<\/p>\n\n\n\n<p class=\"has-text-align-center media-inquiry\"><strong><strong>+65-6221-0111<\/strong><\/strong><\/p>\n\n\n\n<p class=\"has-text-align-center has-small-font-size\">(G\u1ecdi qu\u1ed1c t\u1ebf: Singapore)<\/p>\n\n\n\n<p class=\"mx0 mt3em has-vivid-red-color has-text-color\">\u0110\u1ec3 ng\u0103n ch\u1eb7n s\u1ef1 l\u00e2y lan c\u1ee7a virus Corona m\u1edbi (Covid-19), ch\u00fang t\u00f4i s\u1ebd t\u1ea1m d\u1eebng h\u1ed7 tr\u1ee3 qua \u0111i\u1ec7n tho\u1ea1i trong th\u1eddi gian n\u00e0y theo y\u00eau c\u1ea7u c\u1ee7a ch\u00ednh ph\u1ee7. N\u1ebfu c\u00f3 th\u1eafc m\u1eafc, vui l\u00f2ng g\u1eedi c\u00e2u h\u1ecfi c\u1ee7a b\u1ea1n \u0111\u1ebfn \u0111\u1ecba ch\u1ec9 email tr\u00ean. Ch\u00fang t\u00f4i xin l\u1ed7i v\u00ec s\u1ef1 c\u1ed1 n\u00e0y. s\u1ef1 b\u1ea5t ti\u1ec7n g\u00e2y ra v\u00e0 c\u1ea3m \u01a1n s\u1ef1 th\u00f4ng c\u1ea3m c\u1ee7a b\u1ea1n.<\/p>\n<\/div>\n\n\n\n<div class=\"wp-block-cover alignwide is-light help\"><span aria-hidden=\"true\" class=\"wp-block-cover__background has-background-dim-0 has-background-dim\"><\/span><img loading=\"lazy\" decoding=\"async\" width=\"2048\" height=\"336\" class=\"wp-block-cover__image-background wp-image-289\" alt=\"\" src=\"https:\/\/bitwallet.com\/wp-content\/uploads\/2023\/06\/mv-support-jpg.webp\" style=\"object-position:50% 50%\" data-object-fit=\"cover\" data-object-position=\"50% 50%\"\/><div class=\"wp-block-cover__inner-container has-global-padding is-layout-constrained wp-block-cover-is-layout-constrained\">\n<p class=\"has-large-font-size translation-block\"><strong>B\u1ea1n c\u1ea7n gi\u00fap \u0111\u1ee1?<\/strong><br> <strong>Ch\u00fang t\u00f4i \u1edf \u0111\u00e2y \u0111\u1ec3 h\u1ed7 tr\u1ee3.<\/strong><\/p>\n\n\n\n<p class=\"translation-block\">Nh\u00f3m h\u1ed7 tr\u1ee3 c\u1ee7a ch\u00fang t\u00f4i t\u1eadn t\u00e2m ph\u1ee5c v\u1ee5 b\u1ea1n.<br> H\u00e3y li\u00ean h\u1ec7 v\u1edbi ch\u00fang t\u00f4i n\u1ebfu b\u1ea1n c\u00f3 b\u1ea5t k\u1ef3 c\u00e2u h\u1ecfi n\u00e0o li\u00ean quan \u0111\u1ebfn d\u1ecbch v\u1ee5 c\u1ee7a ch\u00fang t\u00f4i.<\/p>\n\n\n\n<div class=\"wp-block-buttons is-layout-flex wp-block-buttons-is-layout-flex\">\n<div class=\"wp-block-button\"><a class=\"wp-block-button__link wp-element-button\" href=\"\/vi\/support\/contact\/\">Li\u00ean h\u1ec7 ch\u00fang t\u00f4i<\/a><\/div>\n<\/div>\n<\/div><\/div>","protected":false},"excerpt":{"rendered":"<p>\u0110\u1ed1i v\u1edbi c\u00e1c c\u00e2u h\u1ecfi v\u1ec1 truy\u1ec1n th\u00f4ng v\u00e0 c\u00e1c c\u00e2u h\u1ecfi kh\u00e1c li\u00ean quan \u0111\u1ebfn b\u00e1o ch\u00ed, h\u00e3y li\u00ean h\u1ec7 v\u1edbi media@bitwallet.com \u0111\u1ec3 bi\u1ebft th\u00eam th\u00f4ng tin. H\u00e3y li\u00ean l\u1ea1c v\u1edbi ch\u00fang t\u00f4i ngay b\u00e2y gi\u1edd!<\/p>","protected":false},"author":5,"featured_media":0,"parent":1028,"menu_order":14,"comment_status":"closed","ping_status":"closed","template":"","meta":{"footnotes":""},"class_list":["post-1593","page","type-page","status-publish","hentry"],"_links":{"self":[{"href":"https:\/\/bitwallet.com\/vi\/wp-json\/wp\/v2\/pages\/1593","targetHints":{"allow":["GET"]}}],"collection":[{"href":"https:\/\/bitwallet.com\/vi\/wp-json\/wp\/v2\/pages"}],"about":[{"href":"https:\/\/bitwallet.com\/vi\/wp-json\/wp\/v2\/types\/page"}],"author":[{"embeddable":true,"href":"https:\/\/bitwallet.com\/vi\/wp-json\/wp\/v2\/users\/5"}],"replies":[{"embeddable":true,"href":"https:\/\/bitwallet.com\/vi\/wp-json\/wp\/v2\/comments?post=1593"}],"version-history":[{"count":18,"href":"https:\/\/bitwallet.com\/vi\/wp-json\/wp\/v2\/pages\/1593\/revisions"}],"predecessor-version":[{"id":4927,"href":"https:\/\/bitwallet.com\/vi\/wp-json\/wp\/v2\/pages\/1593\/revisions\/4927"}],"up":[{"embeddable":true,"href":"https:\/\/bitwallet.com\/vi\/wp-json\/wp\/v2\/pages\/1028"}],"wp:attachment":[{"href":"https:\/\/bitwallet.com\/vi\/wp-json\/wp\/v2\/media?parent=1593"}],"curies":[{"name":"wp","href":"https:\/\/api.w.org\/{rel}","templated":true}]}}