{"id":1591,"date":"2023-10-15T18:57:18","date_gmt":"2023-10-15T09:57:18","guid":{"rendered":"https:\/\/bitwallet.com\/?page_id=1591"},"modified":"2024-08-16T12:19:46","modified_gmt":"2024-08-16T03:19:46","slug":"merchant-inquiry","status":"publish","type":"page","link":"https:\/\/bitwallet.com\/vi\/support\/contact\/merchant-inquiry\/","title":{"rendered":"D\u00e0nh cho th\u01b0\u01a1ng gia"},"content":{"rendered":"<div class=\"wp-block-cover alignwide header\"><span aria-hidden=\"true\" class=\"wp-block-cover__background has-background-dim-0 has-background-dim\"><\/span><img loading=\"lazy\" decoding=\"async\" width=\"2000\" height=\"360\" class=\"wp-block-cover__image-background wp-image-1033\" alt=\"\" src=\"https:\/\/bitwallet.com\/wp-content\/uploads\/2023\/09\/mv-support-contact-jpg.webp\" data-object-fit=\"cover\"\/><div class=\"wp-block-cover__inner-container has-global-padding is-layout-constrained wp-block-cover-is-layout-constrained\">\n<h1 class=\"wp-block-heading has-text-align-left effect00\">Li\u00ean h\u1ec7 ch\u00fang t\u00f4i<\/h1>\n\n\n\n<p class=\"effect00 fadeTimeA\">Y\u00eau c\u1ea7u d\u1ecbch v\u1ee5<\/p>\n<\/div><\/div>\n\n\n\n<h2 class=\"wp-block-heading effect01\">D\u00e0nh cho th\u01b0\u01a1ng gia<\/h2>\n\n\n\n<p><\/p>\n\n\n\n<div class=\"wp-block-group box effect01 has-global-padding is-layout-constrained wp-block-group-is-layout-constrained\">\n<h3 class=\"wp-block-heading\">D\u00e0nh cho th\u01b0\u01a1ng gia<\/h3>\n\n\n\n<p>N\u1ebfu b\u1ea1n l\u00e0 th\u00e0nh vi\u00ean c\u1ee7a ng\u01b0\u1eddi b\u00e1n ho\u1eb7c \u0111ang c\u00e2n nh\u1eafc \u0111\u0103ng k\u00fd l\u00e0m ng\u01b0\u1eddi b\u00e1n, vui l\u00f2ng li\u00ean h\u1ec7 v\u1edbi ch\u00fang t\u00f4i t\u1ea1i \u0111\u00e2y.<\/p>\n\n\n\n<h4 class=\"wp-block-heading\">M\u00e2u li\u00ean h\u00ea\u0323<\/h4>\n\n\n\n<p>C\u00f3 s\u1eb5n: 24 gi\u1edd<br>Gi\u1edd ho\u1ea1t \u0111\u1ed9ng: Th\u1ee9 Hai \u0111\u1ebfn Th\u1ee9 B\u1ea3y, 9:00 ~ 17:00 (JST)<\/p>\n\n\n\n<div class=\"wp-block-buttons is-content-justification-center is-layout-flex wp-container-core-buttons-is-layout-16018d1d wp-block-buttons-is-layout-flex\">\n<div class=\"wp-block-button effect01 only-en\"><a class=\"wp-block-button__link wp-element-button\" href=\"https:\/\/secure.bitwallet.com\/contact\/inquiry2\/5?lang=en\">Li\u00ean h\u1ec7 ch\u00fang t\u00f4i<\/a><\/div>\n\n\n\n<div class=\"wp-block-button effect01 only-ja\"><a class=\"wp-block-button__link wp-element-button\" href=\"https:\/\/secure.bitwallet.com\/contact\/inquiry2\/5?lang=ja\">\u304a\u554f\u3044\u5408\u308f\u305b\u30d5\u30a9\u30fc\u30e0<\/a><\/div>\n<\/div>\n<\/div>\n\n\n\n<div class=\"wp-block-cover alignwide is-light help\"><span aria-hidden=\"true\" class=\"wp-block-cover__background has-background-dim-0 has-background-dim\"><\/span><img loading=\"lazy\" decoding=\"async\" width=\"2048\" height=\"336\" class=\"wp-block-cover__image-background wp-image-289\" alt=\"\" src=\"https:\/\/bitwallet.com\/wp-content\/uploads\/2023\/06\/mv-support-jpg.webp\" style=\"object-position:50% 50%\" data-object-fit=\"cover\" data-object-position=\"50% 50%\"\/><div class=\"wp-block-cover__inner-container has-global-padding is-layout-constrained wp-block-cover-is-layout-constrained\">\n<p class=\"has-large-font-size translation-block\"><strong>B\u1ea1n c\u1ea7n gi\u00fap \u0111\u1ee1?<\/strong><br> <strong>Ch\u00fang t\u00f4i \u1edf \u0111\u00e2y \u0111\u1ec3 h\u1ed7 tr\u1ee3.<\/strong><\/p>\n\n\n\n<p class=\"translation-block\">Nh\u00f3m h\u1ed7 tr\u1ee3 c\u1ee7a ch\u00fang t\u00f4i t\u1eadn t\u00e2m ph\u1ee5c v\u1ee5 b\u1ea1n.<br> H\u00e3y li\u00ean h\u1ec7 v\u1edbi ch\u00fang t\u00f4i n\u1ebfu b\u1ea1n c\u00f3 b\u1ea5t k\u1ef3 c\u00e2u h\u1ecfi n\u00e0o li\u00ean quan \u0111\u1ebfn d\u1ecbch v\u1ee5 c\u1ee7a ch\u00fang t\u00f4i.<\/p>\n\n\n\n<div class=\"wp-block-buttons is-layout-flex wp-block-buttons-is-layout-flex\">\n<div class=\"wp-block-button\"><a class=\"wp-block-button__link wp-element-button\" href=\"\/vi\/support\/contact\/\">Li\u00ean h\u1ec7 ch\u00fang t\u00f4i<\/a><\/div>\n<\/div>\n<\/div><\/div>","protected":false},"excerpt":{"rendered":"<p>D\u00e0nh cho Th\u01b0\u01a1ng nh\u00e2n D\u00e0nh cho Th\u01b0\u01a1ng nh\u00e2n N\u1ebfu b\u1ea1n l\u00e0 th\u00e0nh vi\u00ean c\u1ee7a th\u01b0\u01a1ng nh\u00e2n ho\u1eb7c \u0111ang c\u00e2n nh\u1eafc \u0111\u0103ng k\u00fd l\u00e0m th\u01b0\u01a1ng nh\u00e2n, vui l\u00f2ng li\u00ean h\u1ec7 v\u1edbi ch\u00fang t\u00f4i t\u1ea1i \u0111\u00e2y. Bi\u1ec3u m\u1eabu li\u00ean h\u1ec7 C\u00f3 s\u1eb5n: 24 gi\u1eddGi\u1edd l\u00e0m vi\u1ec7c: Th\u1ee9 Hai \u0111\u1ebfn Th\u1ee9 B\u1ea3y, 9:00 ~ 17:00 (JST)<\/p>","protected":false},"author":5,"featured_media":0,"parent":1028,"menu_order":13,"comment_status":"closed","ping_status":"closed","template":"","meta":{"footnotes":""},"class_list":["post-1591","page","type-page","status-publish","hentry"],"_links":{"self":[{"href":"https:\/\/bitwallet.com\/vi\/wp-json\/wp\/v2\/pages\/1591","targetHints":{"allow":["GET"]}}],"collection":[{"href":"https:\/\/bitwallet.com\/vi\/wp-json\/wp\/v2\/pages"}],"about":[{"href":"https:\/\/bitwallet.com\/vi\/wp-json\/wp\/v2\/types\/page"}],"author":[{"embeddable":true,"href":"https:\/\/bitwallet.com\/vi\/wp-json\/wp\/v2\/users\/5"}],"replies":[{"embeddable":true,"href":"https:\/\/bitwallet.com\/vi\/wp-json\/wp\/v2\/comments?post=1591"}],"version-history":[{"count":12,"href":"https:\/\/bitwallet.com\/vi\/wp-json\/wp\/v2\/pages\/1591\/revisions"}],"predecessor-version":[{"id":4926,"href":"https:\/\/bitwallet.com\/vi\/wp-json\/wp\/v2\/pages\/1591\/revisions\/4926"}],"up":[{"embeddable":true,"href":"https:\/\/bitwallet.com\/vi\/wp-json\/wp\/v2\/pages\/1028"}],"wp:attachment":[{"href":"https:\/\/bitwallet.com\/vi\/wp-json\/wp\/v2\/media?parent=1591"}],"curies":[{"name":"wp","href":"https:\/\/api.w.org\/{rel}","templated":true}]}}