{"id":1118,"date":"2023-09-21T18:00:22","date_gmt":"2023-09-21T09:00:22","guid":{"rendered":"https:\/\/bitwallet.com\/?page_id=1118"},"modified":"2026-03-25T12:58:20","modified_gmt":"2026-03-25T03:58:20","slug":"api","status":"publish","type":"page","link":"https:\/\/bitwallet.com\/vi\/support\/api\/","title":{"rendered":"\u0110\u1eb7c t\u1ea3 API"},"content":{"rendered":"<div class=\"wp-block-cover alignwide header\"><img loading=\"lazy\" decoding=\"async\" width=\"2000\" height=\"360\" class=\"wp-block-cover__image-background wp-image-1120\" alt=\"\" src=\"https:\/\/bitwallet.com\/wp-content\/uploads\/2023\/09\/mv-support-api-jpg.webp\" data-object-fit=\"cover\"\/><span aria-hidden=\"true\" class=\"wp-block-cover__background has-background-dim-0 has-background-dim\"><\/span><div class=\"wp-block-cover__inner-container has-global-padding is-layout-constrained wp-block-cover-is-layout-constrained\">\n<h1 class=\"wp-block-heading has-text-align-left effect00\">\u0110\u1eb7c t\u1ea3 API<\/h1>\n\n\n\n<p class=\"effect00 fadeTimeA\">\u0110\u1eb7c t\u1ea3 ch\u01b0\u01a1ng tr\u00ecnh d\u00e0nh cho nh\u00e0 ph\u00e1t tri\u1ec3n<\/p>\n<\/div><\/div>\n\n\n\n<h2 class=\"wp-block-heading effect00\">API web bitwallet<\/h2>\n\n\n\n<p class=\"effect00 fadeTimeA\">bitwallet cung c\u1ea5p l\u1eddi gi\u1ea3i th\u00edch to\u00e0n di\u1ec7n v\u1ec1 \u0111\u1eb7c t\u1ea3 API nh\u01b0 API bitwallet v\u00e0 API trao \u0111\u1ed5i bitwallet cho nh\u00e0 ph\u00e1t tri\u1ec3n. API ng\u01b0\u1eddi b\u00e1n bitwallet cho ph\u00e9p t\u00e0i kho\u1ea3n ng\u01b0\u1eddi b\u00e1n k\u1ebft n\u1ed1i v\u1edbi c\u00e1c d\u1ecbch v\u1ee5 x\u00e1c th\u1ef1c v\u00e0 thanh to\u00e1n c\u1ee7a ch\u00fang t\u00f4i \u0111\u1ec3 c\u00f3 m\u1ed9t m\u00f4i tr\u01b0\u1eddng thanh to\u00e1n li\u1ec1n m\u1ea1ch.<\/p>\n\n\n\n<div class=\"wp-block-group box effect00 fadeTimeB has-global-padding is-layout-constrained wp-block-group-is-layout-constrained\">\n<h3 class=\"wp-block-heading fiat\">API web bitwallet<\/h3>\n\n\n\n<h4 class=\"wp-block-heading\">API thanh to\u00e1n bitwallet\uff08BPA)<\/h4>\n\n\n\n<p>BPA l\u00e0 API c\u1ed5ng cho giao d\u1ecbch th\u1ebb t\u00edn d\u1ee5ng bitwallet, cho ph\u00e9p qu\u00e1 tr\u00ecnh thanh to\u00e1n d\u1ec5 d\u00e0ng (th\u1ebb t\u00edn d\u1ee5ng v\u00e0 chuy\u1ec3n kho\u1ea3n ng\u00e2n h\u00e0ng) tr\u00ean n\u1ec1n t\u1ea3ng bitwallet.<\/p>\n\n\n\n<p class=\"blank\"><a href=\"#\">\u0110\u1eb7c \u0111i\u1ec3m BPA (Chu\u1ea9n b\u1ecb)<\/a><\/p>\n\n\n\n<hr class=\"wp-block-separator has-alpha-channel-opacity\"\/>\n\n\n\n<h4 class=\"wp-block-heading\">API trao \u0111\u1ed5i bitwallet\uff08BEA)<\/h4>\n\n\n\n<p>BEA l\u00e0 API chuy\u00ean trao \u0111\u1ed5i ti\u1ec1n t\u1ec7 c\u00f3 s\u1eb5n tr\u00ean n\u1ec1n t\u1ea3ng bitwallet. BEA \u0111\u01b0\u1ee3c chia l\u00e0m 2 lo\u1ea1i l\u00e0 Public API v\u00e0 Secure API. API c\u00f4ng khai kh\u00f4ng s\u1eed d\u1ee5ng x\u00e1c th\u1ef1c ng\u01b0\u1eddi d\u00f9ng trong khi API b\u1ea3o m\u1eadt y\u00eau c\u1ea7u x\u00e1c th\u1ef1c. API c\u00f4ng khai cung c\u1ea5p d\u1eef li\u1ec7u k\u1ebft h\u1ee3p nh\u01b0 th\u00f4ng tin v\u1ec1 gi\u00e1 v\u00e0 API b\u1ea3o m\u1eadt \u0111\u1ea3m b\u1ea3o t\u00ednh b\u1ea3o m\u1eadt c\u1ee7a th\u00f4ng tin, g\u1eedi v\u00e0 r\u00fat ti\u1ec1n m\u00e0 n\u00f3 x\u1eed l\u00fd th\u00f4ng qua API.<\/p>\n\n\n\n<p class=\"blank\"><a href=\"#\">Th\u00f4ng s\u1ed1 BEA (Chu\u1ea9n b\u1ecb) <\/a><\/p>\n\n\n\n<hr class=\"wp-block-separator has-alpha-channel-opacity\"\/>\n\n\n\n<h4 class=\"wp-block-heading\">API ng\u01b0\u1eddi b\u00e1n bitwallet\uff08BMA)<\/h4>\n\n\n\n<p>BMA l\u00e0 API m\u00e0 bitwallet \u0111\u00e3 tri\u1ec3n khai v\u1edbi t\u00ednh n\u0103ng v\u00ed tr\u00ean n\u1ec1n t\u1ea3ng c\u1ee7a n\u00f3. API \u0111\u01b0\u1ee3c chuy\u00ean bi\u1ec7t h\u00f3a v\u00e0 nh\u1eafm m\u1ee5c ti\u00eau cho t\u00e0i kho\u1ea3n ng\u01b0\u1eddi b\u00e1n b\u1eb1ng c\u00e1ch t\u00edch h\u1ee3p h\u1ec7 th\u1ed1ng thanh to\u00e1n bitwallet, c\u00e1c t\u00ednh n\u0103ng c\u1ee7a v\u00ed v\u00e0 cho ph\u00e9p x\u00e1c th\u1ef1c danh t\u00ednh OpenID Connect tr\u00ean trang web c\u1ee7a h\u1ecd.<\/p>\n\n\n\n<p class=\"blank\"><a href=\"https:\/\/secure.bitwallet.com\/docs\/merchant?lang=en\" target=\"_blank\" rel=\"noreferrer noopener\">Th\u00f4ng s\u1ed1 k\u1ef9 thu\u1eadt BMA (2026.03.25) phi\u00ean b\u1ea3n 2.06<\/a><\/p>\n<\/div>","protected":false},"excerpt":{"rendered":"<p>API Web bitwallet bitwallet cung c\u1ea5p l\u1eddi gi\u1ea3i th\u00edch to\u00e0n di\u1ec7n v\u1ec1 \u0111\u1eb7c t\u1ea3 API nh\u01b0 API bitwallet v\u00e0 API trao \u0111\u1ed5i bitwallet cho nh\u00e0 ph\u00e1t tri\u1ec3n. API ng\u01b0\u1eddi b\u00e1n bitwallet cho ph\u00e9p t\u00e0i kho\u1ea3n ng\u01b0\u1eddi b\u00e1n k\u1ebft n\u1ed1i v\u1edbi c\u00e1c d\u1ecbch v\u1ee5 x\u00e1c th\u1ef1c v\u00e0 thanh to\u00e1n c\u1ee7a ch\u00fang t\u00f4i \u0111\u1ec3 c\u00f3 m\u1ed9t m\u00f4i tr\u01b0\u1eddng thanh to\u00e1n li\u1ec1n m\u1ea1ch. bitwallet Web API bitwallet Payment API\uff08BPA) BPA l\u00e0 API c\u1ed5ng cho giao d\u1ecbch th\u1ebb t\u00edn d\u1ee5ng bitwallet, cho ph\u00e9p qu\u00e1 tr\u00ecnh thanh to\u00e1n d\u1ec5 d\u00e0ng (th\u1ebb t\u00edn d\u1ee5ng v\u00e0 chuy\u1ec3n kho\u1ea3n ng\u00e2n h\u00e0ng) tr\u00ean n\u1ec1n t\u1ea3ng bitwallet. \u0110\u1eb7c t\u1ea3 BPA (\u0110ang chu\u1ea9n b\u1ecb) API trao \u0111\u1ed5i bitwallet\uff08BEA) BEA l\u00e0 API chuy\u00ean bi\u1ec7t v\u1ec1 trao \u0111\u1ed5i ti\u1ec1n t\u1ec7 c\u00f3 s\u1eb5n tr\u00ean n\u1ec1n t\u1ea3ng bitwallet. BEA \u0111\u01b0\u1ee3c chia l\u00e0m 2 lo\u1ea1i l\u00e0 Public API v\u00e0 Secure API. API c\u00f4ng khai kh\u00f4ng s\u1eed d\u1ee5ng x\u00e1c th\u1ef1c ng\u01b0\u1eddi d\u00f9ng trong khi API b\u1ea3o m\u1eadt y\u00eau c\u1ea7u x\u00e1c th\u1ef1c. API c\u00f4ng khai\u2026<\/p>","protected":false},"author":5,"featured_media":0,"parent":310,"menu_order":17,"comment_status":"closed","ping_status":"closed","template":"","meta":{"footnotes":""},"class_list":["post-1118","page","type-page","status-publish","hentry"],"_links":{"self":[{"href":"https:\/\/bitwallet.com\/vi\/wp-json\/wp\/v2\/pages\/1118","targetHints":{"allow":["GET"]}}],"collection":[{"href":"https:\/\/bitwallet.com\/vi\/wp-json\/wp\/v2\/pages"}],"about":[{"href":"https:\/\/bitwallet.com\/vi\/wp-json\/wp\/v2\/types\/page"}],"author":[{"embeddable":true,"href":"https:\/\/bitwallet.com\/vi\/wp-json\/wp\/v2\/users\/5"}],"replies":[{"embeddable":true,"href":"https:\/\/bitwallet.com\/vi\/wp-json\/wp\/v2\/comments?post=1118"}],"version-history":[{"count":18,"href":"https:\/\/bitwallet.com\/vi\/wp-json\/wp\/v2\/pages\/1118\/revisions"}],"predecessor-version":[{"id":5774,"href":"https:\/\/bitwallet.com\/vi\/wp-json\/wp\/v2\/pages\/1118\/revisions\/5774"}],"up":[{"embeddable":true,"href":"https:\/\/bitwallet.com\/vi\/wp-json\/wp\/v2\/pages\/310"}],"wp:attachment":[{"href":"https:\/\/bitwallet.com\/vi\/wp-json\/wp\/v2\/media?parent=1118"}],"curies":[{"name":"wp","href":"https:\/\/api.w.org\/{rel}","templated":true}]}}