{"id":1063,"date":"2023-09-21T17:27:29","date_gmt":"2023-09-21T08:27:29","guid":{"rendered":"https:\/\/bitwallet.com\/?page_id=1063"},"modified":"2026-01-07T11:36:23","modified_gmt":"2026-01-07T02:36:23","slug":"unauthorized-transactions","status":"publish","type":"page","link":"https:\/\/bitwallet.com\/vi\/support\/unauthorized-transactions\/","title":{"rendered":"Giao d\u1ecbch th\u1ebb t\u00edn d\u1ee5ng tr\u00e1i ph\u00e9p"},"content":{"rendered":"<div class=\"wp-block-cover alignwide header\"><img loading=\"lazy\" decoding=\"async\" width=\"2000\" height=\"360\" class=\"wp-block-cover__image-background wp-image-1097\" alt=\"\" src=\"https:\/\/bitwallet.com\/wp-content\/uploads\/2023\/09\/mv-support-unauthorizedtransactions-jpg.webp\" data-object-fit=\"cover\"\/><span aria-hidden=\"true\" class=\"wp-block-cover__background has-background-dim-0 has-background-dim\"><\/span><div class=\"wp-block-cover__inner-container has-global-padding is-layout-constrained wp-block-cover-is-layout-constrained\">\n<h1 class=\"wp-block-heading has-text-align-left effect00\">Giao d\u1ecbch th\u1ebb t\u00edn d\u1ee5ng tr\u00e1i ph\u00e9p<\/h1>\n\n\n\n<p class=\"effect00 fadeTimeA\">L\u00e0m th\u1ebf n\u00e0o \u0111\u1ec3 ng\u0103n ch\u1eb7n n\u00f3<\/p>\n<\/div><\/div>\n\n\n\n<div class=\"wp-block-group box effect00 has-global-padding is-layout-constrained wp-block-group-is-layout-constrained\">\n<h3 class=\"wp-block-heading fiat\">Giao d\u1ecbch th\u1ebb tr\u00e1i ph\u00e9p l\u00e0 g\u00ec?<\/h3>\n\n\n\n<div class=\"wp-block-group effect00 fadeTimeA has-global-padding is-layout-constrained wp-block-group-is-layout-constrained\">\n<p>Giao d\u1ecbch th\u1ebb tr\u00e1i ph\u00e9p l\u00e0 c\u00e1c giao d\u1ecbch kh\u00f4ng ph\u1ea3i do b\u1ea1n th\u1ef1c hi\u1ec7n ho\u1eb7c c\u00e1c giao d\u1ecbch \u0111\u01b0\u1ee3c th\u1ef1c hi\u1ec7n m\u00e0 kh\u00f4ng c\u00f3 s\u1ef1 \u0111\u1ed3ng \u00fd c\u1ee7a b\u1ea1n. C\u00e1c giao d\u1ecbch tr\u00e1i ph\u00e9p th\u01b0\u1eddng x\u1ea3y ra khi th\u1ebb t\u00edn d\u1ee5ng c\u1ee7a b\u1ea1n b\u1ecb m\u1ea5t ho\u1eb7c th\u00f4ng tin b\u1ecb \u0111\u00e1nh c\u1eafp tr\u1ef1c tuy\u1ebfn.<\/p>\n\n\n\n<p>Bitwallet coi c\u00e1c giao d\u1ecbch tr\u00e1i ph\u00e9p l\u00e0 m\u1ed9t h\u00e0nh vi ph\u1ea1m t\u1ed9i nghi\u00eam tr\u1ecdng v\u00e0 mong mu\u1ed1n t\u1ea5t c\u1ea3 ng\u01b0\u1eddi d\u00f9ng h\u1ee3p t\u00e1c \u0111\u1ec3 ng\u0103n ch\u1eb7n c\u00e1c giao d\u1ecbch \u0111\u00f3 x\u1ea3y ra.<\/p>\n<\/div>\n<\/div>\n\n\n\n<div class=\"wp-block-group box contact has-global-padding is-content-justification-center is-layout-constrained wp-block-group-is-layout-constrained\">\n<h2 class=\"wp-block-heading has-text-align-center\">Th\u00f4ng tin li\u00ean l\u1ea1c<\/h2>\n\n\n\n<div class=\"wp-block-group only-en has-global-padding is-layout-constrained wp-block-group-is-layout-constrained\">\n<p class=\"has-text-align-center\">N\u1ebfu b\u1ea1n ph\u00e1t hi\u1ec7n b\u1ea5t k\u1ef3 giao d\u1ecbch n\u00e0o b\u1ea5t th\u01b0\u1eddng ho\u1eb7c nghi ng\u1edd ho\u1ea1t \u0111\u1ed9ng gian l\u1eadn,<br>Vui l\u00f2ng li\u00ean h\u1ec7 v\u1edbi ch\u00fang t\u00f4i b\u1eb1ng m\u1ed9t trong nh\u1eefng ph\u01b0\u01a1ng th\u1ee9c d\u01b0\u1edbi \u0111\u00e2y.<\/p>\n\n\n\n<p class=\"has-text-align-center\">H\u1ed7 tr\u1ee3 kh\u00e1ch h\u00e0ng bitwallet<\/p>\n\n\n\n<div class=\"wp-block-buttons btn-contact-info is-content-justification-center is-layout-flex wp-container-core-buttons-is-layout-16018d1d wp-block-buttons-is-layout-flex\">\n<div class=\"wp-block-button\"><a class=\"wp-block-button__link wp-element-button\" href=\"https:\/\/secure.bitwallet.com\/contact\/inquiry\/?lang=en\">Li\u00ean h\u1ec7 <\/a><\/div>\n<\/div>\n\n\n\n<p class=\"has-text-align-center\">\u0110i\u1ec7n tho\u1ea1i: <strong>03-6893-0958<\/strong><br>Gi\u1edd h\u1ed7 tr\u1ee3: Th\u1ee9 Hai - Th\u1ee9 S\u00e1u, <strong>9:00-18:00<\/strong><\/p>\n\n\n\n<p class=\"has-text-align-center\">Gi\u1edd l\u00e0m vi\u1ec7c trong c\u00e1c ng\u00e0y l\u1ec5 tu\u00e2n theo l\u1ecbch ho\u1ea1t \u0111\u1ed9ng c\u1ee7a c\u00f4ng ty ch\u00fang t\u00f4i.<\/p>\n<\/div>\n\n\n\n<div class=\"wp-block-group only-ja nothonyaku has-global-padding is-layout-constrained wp-block-group-is-layout-constrained\" data-no-translation=\"\">\n<p class=\"has-text-align-center\">\u8eab\u306b\u899a\u3048\u306e\u306a\u3044\u53d6\u5f15\u3084\u4e0d\u6b63\u53d6\u5f15\u306e\u7591\u3044\u304c\u3042\u308b\u306a\u3069\u306e\u3054\u76f8\u8ac7\u306f\u3001<br>\u4e0b\u8a18\u3044\u305a\u308c\u304b\u306e\u65b9\u6cd5\u306b\u3066\u3054\u9023\u7d61\u3092\u304a\u9858\u3044\u3044\u305f\u3057\u307e\u3059\u3002<\/p>\n\n\n\n<p class=\"has-text-align-center\">bitwallet \u30ab\u30b9\u30bf\u30de\u30fc\u30b5\u30dd\u30fc\u30c8<\/p>\n\n\n\n<div class=\"wp-block-buttons btn-contact-info is-content-justification-center is-layout-flex wp-container-core-buttons-is-layout-16018d1d wp-block-buttons-is-layout-flex\">\n<div class=\"wp-block-button\"><a class=\"wp-block-button__link wp-element-button\" href=\"https:\/\/secure.bitwallet.com\/contact\/inquiry\/?lang=ja\">\u304a\u554f\u3044\u5408\u308f\u305b<\/a><\/div>\n<\/div>\n\n\n\n<p class=\"has-text-align-center\">\u96fb\u8a71\u3000<strong>03-6893-0958<\/strong><br>\u5bfe\u5fdc\u6642\u9593\uff1a\u6708\u301c\u91d1\u66dc\u65e5\u3000<strong>9:00\u301c18:00<\/strong><\/p>\n\n\n\n<p class=\"has-text-align-center\">\u203b\u5e74\u672b\u5e74\u59cb\u306f\u3001\u5f0a\u793e\u55b6\u696d\u30ab\u30ec\u30f3\u30c0\u30fc\u306b\u57fa\u3065\u304d\u307e\u3059\u3002<\/p>\n<\/div>\n<\/div>\n\n\n\n<div class=\"wp-block-group box has-global-padding is-layout-constrained wp-block-group-is-layout-constrained\">\n<h3 class=\"wp-block-heading fiat\">Ng\u0103n ch\u1eb7n c\u00e1c giao d\u1ecbch tr\u00e1i ph\u00e9p<\/h3>\n<\/div>\n\n\n\n<div class=\"wp-block-group prevention has-global-padding is-layout-constrained wp-block-group-is-layout-constrained\">\n<div class=\"wp-block-columns is-layout-flex wp-container-core-columns-is-layout-9d6595d7 wp-block-columns-is-layout-flex\">\n<div class=\"wp-block-column is-layout-flow wp-block-column-is-layout-flow\">\n<figure class=\"wp-block-image aligncenter size-full is-resized\"><img loading=\"lazy\" decoding=\"async\" width=\"173\" height=\"155\" src=\"https:\/\/bitwallet.com\/wp-content\/uploads\/2023\/09\/icon_ut_safety01.png\" alt=\"\" class=\"wp-image-1091\" style=\"object-fit:contain;width:undefinedpx;height:80px\"\/><\/figure>\n\n\n\n<h4 class=\"wp-block-heading has-text-align-center\"><strong>An to\u00e0n t\u00e0i kho\u1ea3n<\/strong><\/h4>\n\n\n\n<ul class=\"wp-block-list\">\n<li class=\"check\">Thi\u1ebft l\u1eadp x\u00e1c th\u1ef1c hai y\u1ebfu t\u1ed1 (2FA) cho t\u00e0i kho\u1ea3n c\u1ee7a b\u1ea1n.<\/li>\n\n\n\n<li>Kh\u00f4ng n\u00ean chia s\u1ebb t\u00e0i kho\u1ea3n email c\u00e1 nh\u00e2n v\u00e0 t\u00e0i kho\u1ea3n c\u1ee7a b\u1ea1n v\u1edbi ng\u01b0\u1eddi kh\u00e1c.<\/li>\n\n\n\n<li>Kh\u00f4ng \u1ee7y quy\u1ec1n cho ng\u01b0\u1eddi kh\u00e1c s\u1eed d\u1ee5ng t\u00e0i kho\u1ea3n c\u1ee7a b\u1ea1n.<\/li>\n\n\n\n<li>Kh\u00f4ng t\u1ea1o t\u00e0i kho\u1ea3n thay cho ng\u01b0\u1eddi kh\u00e1c.<\/li>\n\n\n\n<li>Kh\u00f4ng g\u1eedi ti\u1ec1n thay cho ng\u01b0\u1eddi kh\u00e1c.<\/li>\n\n\n\n<li>Kh\u00f4ng ti\u1ebft l\u1ed9 th\u00f4ng tin c\u00e1 nh\u00e2n cho ng\u01b0\u1eddi kh\u00e1c t\u1ea1o t\u00e0i kho\u1ea3n thay b\u1ea1n.<\/li>\n<\/ul>\n<\/div>\n\n\n\n<div class=\"wp-block-column is-layout-flow wp-block-column-is-layout-flow\">\n<figure class=\"wp-block-image aligncenter size-full is-resized\"><img loading=\"lazy\" decoding=\"async\" width=\"203\" height=\"158\" src=\"https:\/\/bitwallet.com\/wp-content\/uploads\/2023\/09\/icon_ut_safety02.png\" alt=\"\" class=\"wp-image-1092\" style=\"object-fit:contain;width:undefinedpx;height:80px\"\/><\/figure>\n\n\n\n<h4 class=\"wp-block-heading has-text-align-center\"><strong>B\u1ea3o v\u1ec7 th\u1ebb t\u00edn d\u1ee5ng<\/strong><\/h4>\n\n\n\n<ul class=\"wp-block-list\">\n<li class=\"check\">N\u1ebfu b\u1ea1n l\u00e0m th\u1ea5t l\u1ea1c th\u1ebb, vui l\u00f2ng li\u00ean h\u1ec7 ng\u00e2n h\u00e0ng \u0111\u1ec3 h\u1ee7y th\u1ebb ngay l\u1eadp t\u1ee9c.<\/li>\n\n\n\n<li class=\"check\">Theo d\u00f5i ch\u1eb7t ch\u1ebd c\u00e1c h\u00f3a \u0111\u01a1n v\u00e0 giao d\u1ecbch th\u1ebb t\u00edn d\u1ee5ng c\u1ee7a b\u1ea1n.<\/li>\n\n\n\n<li>Kh\u00f4ng chia s\u1ebb th\u00f4ng tin th\u1ebb t\u00edn d\u1ee5ng c\u1ee7a b\u1ea1n v\u1edbi ng\u01b0\u1eddi kh\u00e1c.<\/li>\n\n\n\n<li>Kh\u00f4ng s\u1eed d\u1ee5ng th\u1ebb t\u00edn d\u1ee5ng kh\u00f4ng thu\u1ed9c s\u1edf h\u1eefu c\u1ee7a b\u1ea1n \u0111\u1ec3 th\u1ef1c hi\u1ec7n giao d\u1ecbch.<\/li>\n\n\n\n<li>Kh\u00f4ng \u1ee7y quy\u1ec1n cho ng\u01b0\u1eddi kh\u00e1c s\u1eed d\u1ee5ng th\u1ebb t\u00edn d\u1ee5ng c\u1ee7a b\u1ea1n cho m\u1ee5c \u0111\u00edch giao d\u1ecbch.<\/li>\n<\/ul>\n<\/div>\n<\/div>\n<\/div>\n\n\n\n<div class=\"wp-block-group box has-global-padding is-layout-constrained wp-block-group-is-layout-constrained\">\n<h3 class=\"wp-block-heading nobar has-deep-blue-color has-text-color has-link-color wp-elements-26ed70d1d74a1d53cbf942f362e72613\"><strong>B\u1ea1n \u0111\u01b0\u1ee3c khuy\u1ebfn c\u00e1o kh\u00f4ng n\u00ean chia s\u1ebb th\u00f4ng tin th\u1ebb c\u1ee7a m\u00ecnh v\u1edbi b\u1ea5t k\u1ef3 ai \u0111\u1ec3 ng\u0103n ch\u1eb7n m\u1ecdi giao d\u1ecbch th\u1ebb tr\u00e1i ph\u00e9p.<\/strong><\/h3>\n<\/div>\n\n\n\n<div class=\"wp-block-group box has-global-padding is-layout-constrained wp-block-group-is-layout-constrained\">\n<h3 class=\"wp-block-heading fiat\">Khi n\u00e0o c\u1ea7n b\u00e1o c\u00e1o giao d\u1ecbch tr\u00e1i ph\u00e9p?<\/h3>\n\n\n\n<p>Vui l\u00f2ng xem c\u00e1c v\u00ed d\u1ee5 sau tr\u01b0\u1edbc khi b\u00e1o c\u00e1o giao d\u1ecbch tr\u00e1i ph\u00e9p.<\/p>\n<\/div>\n\n\n\n<div class=\"wp-block-group prevention has-global-padding is-layout-constrained wp-block-group-is-layout-constrained\">\n<div class=\"wp-block-columns is-layout-flex wp-container-core-columns-is-layout-9d6595d7 wp-block-columns-is-layout-flex\">\n<div class=\"wp-block-column is-layout-flow wp-block-column-is-layout-flow\">\n<figure class=\"wp-block-image aligncenter size-full is-resized\"><img loading=\"lazy\" decoding=\"async\" width=\"247\" height=\"197\" src=\"https:\/\/bitwallet.com\/wp-content\/uploads\/2023\/09\/icon_ut_when01.png\" alt=\"\" class=\"wp-image-1071\" style=\"object-fit:contain;width:undefinedpx;height:80px\"\/><\/figure>\n\n\n\n<p>Ki\u1ec3m tra xem b\u1ea1n c\u00f3 l\u00e0m th\u1ea5t l\u1ea1c th\u1ebb t\u00edn d\u1ee5ng c\u1ee7a m\u00ecnh kh\u00f4ng.<\/p>\n\n\n\n<p>Vui l\u00f2ng ki\u1ec3m tra \u0111\u1ed3 \u0111\u1ea1c c\u1ee7a b\u1ea1n \u0111\u1ec3 \u0111\u1ea3m b\u1ea3o th\u1ebb t\u00edn d\u1ee5ng th\u1ef1c c\u1ee7a b\u1ea1n kh\u00f4ng b\u1ecb thi\u1ebfu.<\/p>\n<\/div>\n\n\n\n<div class=\"wp-block-column is-layout-flow wp-block-column-is-layout-flow\">\n<figure class=\"wp-block-image aligncenter size-full is-resized\"><img loading=\"lazy\" decoding=\"async\" width=\"280\" height=\"228\" src=\"https:\/\/bitwallet.com\/wp-content\/uploads\/2023\/09\/icon_ut_when02.png\" alt=\"\" class=\"wp-image-1072\" style=\"object-fit:contain;width:undefinedpx;height:80px\"\/><\/figure>\n\n\n\n<p>Ki\u1ec3m tra xem c\u00f3 th\u00e0nh vi\u00ean n\u00e0o trong gia \u0111\u00ecnh b\u1ea1n g\u1ea7n \u0111\u00e2y \u0111\u00e3 s\u1eed d\u1ee5ng th\u1ebb t\u00edn d\u1ee5ng c\u1ee7a b\u1ea1n \u0111\u1ec3 thanh to\u00e1n tr\u1ef1c tuy\u1ebfn hay kh\u00f4ng.<\/p>\n\n\n\n<p>R\u1ea5t th\u01b0\u1eddng xuy\u00ean, c\u00e1c th\u00e0nh vi\u00ean gia \u0111\u00ecnh c\u1ee7a ch\u1ee7 th\u1ebb c\u00f3 quy\u1ec1n truy c\u1eadp v\u00e0o th\u1ebb t\u00edn d\u1ee5ng c\u1ee7a h\u1ecd.<\/p>\n<\/div>\n<\/div>\n\n\n\n<div class=\"wp-block-columns is-layout-flex wp-container-core-columns-is-layout-9d6595d7 wp-block-columns-is-layout-flex\">\n<div class=\"wp-block-column is-layout-flow wp-block-column-is-layout-flow\">\n<figure class=\"wp-block-image aligncenter size-full is-resized\"><img loading=\"lazy\" decoding=\"async\" width=\"189\" height=\"196\" src=\"https:\/\/bitwallet.com\/wp-content\/uploads\/2023\/09\/icon_ut_when03.png\" alt=\"\" class=\"wp-image-1078\" style=\"object-fit:contain;width:undefinedpx;height:80px\"\/><\/figure>\n\n\n\n<p>Ki\u1ec3m tra xem b\u1ea1n c\u00f3 b\u1ecb t\u00ednh ph\u00ed cho t\u01b0 c\u00e1ch th\u00e0nh vi\u00ean h\u00e0ng n\u0103m hay kh\u00f4ng.<\/p>\n\n\n\n<p>T\u01b0 c\u00e1ch th\u00e0nh vi\u00ean th\u01b0\u1eddng \u0111\u01b0\u1ee3c gia h\u1ea1n t\u1ef1 \u0111\u1ed9ng. Vui l\u00f2ng ki\u1ec3m tra v\u1edbi nh\u00e0 cung c\u1ea5p d\u1ecbch v\u1ee5 c\u1ee7a b\u1ea1n \u0111\u1ec3 bi\u1ebft th\u00eam th\u00f4ng tin.<\/p>\n<\/div>\n\n\n\n<div class=\"wp-block-column is-layout-flow wp-block-column-is-layout-flow\">\n<figure class=\"wp-block-image aligncenter size-full is-resized\"><img loading=\"lazy\" decoding=\"async\" width=\"167\" height=\"192\" src=\"https:\/\/bitwallet.com\/wp-content\/uploads\/2023\/09\/icon_ut_when04.png\" alt=\"\" class=\"wp-image-1079\" style=\"object-fit:contain;width:undefinedpx;height:80px\"\/><\/figure>\n\n\n\n<p>Ki\u1ec3m tra v\u1edbi ng\u01b0\u1eddi b\u00e1n m\u00e0 b\u1ea1n \u0111\u00e3 thanh to\u00e1n \u0111\u1ec3 bi\u1ebft ph\u1ea7n m\u00f4 t\u1ea3 thanh to\u00e1n<\/p>\n\n\n\n<p>Theo d\u00f5i c\u00e1c giao d\u1ecbch mua g\u1ea7n \u0111\u00e2y c\u1ee7a b\u1ea1n v\u00e0 x\u00e1c minh c\u00e1c m\u1eb7t h\u00e0ng b\u1eb1ng h\u00f3a \u0111\u01a1n \u0111\u01b0\u1ee3c cung c\u1ea5p cho b\u1ea1n. H\u00f3a \u0111\u01a1n c\u00f3 th\u1ec3 \u1edf d\u1ea1ng h\u00f3a \u0111\u01a1n gi\u1ea5y ho\u1eb7c h\u00f3a \u0111\u01a1n k\u1ef9 thu\u1eadt s\u1ed1 \u0111\u01b0\u1ee3c t\u00ecm th\u1ea5y trong email c\u1ee7a b\u1ea1n.<\/p>\n<\/div>\n<\/div>\n\n\n\n<div class=\"wp-block-columns is-layout-flex wp-container-core-columns-is-layout-9d6595d7 wp-block-columns-is-layout-flex\">\n<div class=\"wp-block-column is-layout-flow wp-block-column-is-layout-flow\">\n<figure class=\"wp-block-image aligncenter size-full is-resized\"><img loading=\"lazy\" decoding=\"async\" width=\"178\" height=\"187\" src=\"https:\/\/bitwallet.com\/wp-content\/uploads\/2023\/09\/icon_ut_when05.png\" alt=\"\" class=\"wp-image-1080\" style=\"object-fit:contain;width:undefinedpx;height:80px\"\/><\/figure>\n\n\n\n<p>Ki\u1ec3m tra xem b\u1ea1n c\u00f3 b\u1ecb t\u00ednh ph\u00ed cho m\u1ed9t d\u1ecbch v\u1ee5 c\u00f3 t\u00ean kh\u00e1c hay kh\u00f4ng.<\/p>\n\n\n\n<p>C\u00f3 m\u1ed9t s\u1ed1 ng\u01b0\u1eddi b\u00e1n th\u00edch hi\u1ec3n th\u1ecb t\u00ean m\u1eb7t h\u00e0ng h\u1ecd cung c\u1ea5p h\u01a1n l\u00e0 s\u1eed d\u1ee5ng t\u00ean c\u1eeda h\u00e0ng.<\/p>\n\n\n\n<p>V\u00ed d\u1ee5: C\u1eeda h\u00e0ng th\u1eddi trang tr\u1ef1c tuy\u1ebfn c\u00f3 t\u00ean \u201cFlash Fashion\u201d hi\u1ec3n th\u1ecb l\u00e0 \u201ccardigan \/ blouse \/ jeans\u201d tr\u00ean b\u1ea3ng sao k\u00ea th\u1ebb c\u1ee7a b\u1ea1n.<\/p>\n<\/div>\n\n\n\n<div class=\"wp-block-column is-layout-flow wp-block-column-is-layout-flow\">\n<figure class=\"wp-block-image aligncenter size-full is-resized\"><img loading=\"lazy\" decoding=\"async\" width=\"242\" height=\"186\" src=\"https:\/\/bitwallet.com\/wp-content\/uploads\/2023\/09\/icon_ut_when06.png\" alt=\"\" class=\"wp-image-1081\" style=\"object-fit:contain;width:undefinedpx;height:80px\"\/><\/figure>\n\n\n\n<p>C\u00f3 nh\u1eefng th\u01b0\u01a1ng nh\u00e2n c\u00f3 t\u00ean c\u00f4ng ty \u0111\u01b0\u1ee3c hi\u1ec3n th\u1ecb tr\u00ean h\u00f3a \u0111\u01a1n thay v\u00ec t\u00ean c\u1eeda h\u00e0ng.<\/p>\n\n\n\n<p>C\u00f3 m\u1ed9t s\u1ed1 th\u01b0\u01a1ng nh\u00e2n c\u00f3 t\u00ean c\u00f4ng ty kh\u00e1c v\u1edbi t\u00ean c\u1eeda h\u00e0ng.<\/p>\n\n\n\n<p>V\u00ed d\u1ee5: T\u00ean c\u00f4ng ty \u201cc\u1eeda h\u00e0ng th\u1eddi trang Pte Ltd\u201d \u0111\u01b0\u1ee3c hi\u1ec3n th\u1ecb tr\u00ean b\u1ea3ng sao k\u00ea th\u1ebb c\u1ee7a b\u1ea1n trong khi t\u00ean c\u1eeda h\u00e0ng l\u00e0 \u201cFlash Fashion\u201d.<\/p>\n<\/div>\n<\/div>\n<\/div>\n\n\n\n<div class=\"wp-block-group box has-global-padding is-layout-constrained wp-block-group-is-layout-constrained\">\n<h3 class=\"wp-block-heading fiat\">Nh\u1eefng l\u1ed7i th\u01b0\u1eddng g\u1eb7p c\u1ee7a ch\u1ee7 th\u1ebb.<\/h3>\n\n\n\n<p>Trong s\u1ed1 c\u00e1c tr\u01b0\u1eddng h\u1ee3p \u0111\u01b0\u1ee3c b\u00e1o c\u00e1o, nhi\u1ec1u tr\u01b0\u1eddng h\u1ee3p li\u00ean quan \u0111\u1ebfn giao d\u1ecbch \u0111\u01b0\u1ee3c th\u1ef1c hi\u1ec7n b\u1edfi c\u00e1c th\u00e0nh vi\u00ean gia \u0111\u00ecnh ho\u1eb7c ng\u01b0\u1eddi quen v\u1edbi s\u1ef1 \u0111\u1ed3ng \u00fd c\u1ee7a ch\u1ee7 th\u1ebb. Tr\u01b0\u1edbc khi b\u00e1o c\u00e1o giao d\u1ecbch th\u1ebb tr\u00e1i ph\u00e9p, vui l\u00f2ng ki\u1ec3m tra v\u1edbi c\u00e1c th\u00e0nh vi\u00ean gia \u0111\u00ecnh v\u00e0 ng\u01b0\u1eddi quen xem h\u1ecd c\u00f3 s\u1eed d\u1ee5ng th\u1ebb c\u1ee7a b\u1ea1n cho c\u00e1c kho\u1ea3n thanh to\u00e1n ho\u1eb7c mua s\u1eafm tr\u1ef1c tuy\u1ebfn g\u1ea7n \u0111\u00e2y hay kh\u00f4ng.<\/p>\n<\/div>\n\n\n\n<div class=\"wp-block-group box has-global-padding is-layout-constrained wp-block-group-is-layout-constrained\">\n<h3 class=\"wp-block-heading fiat\">Vui l\u00f2ng ki\u1ec3m tra c\u00e1c t\u00ecnh hu\u1ed1ng tr\u00ean tr\u01b0\u1edbc khi li\u00ean h\u1ec7 v\u1edbi ch\u00fang t\u00f4i.<\/h3>\n\n\n\n<p>Bitwallet Pte. Ltd. s\u1ebd kh\u00f4ng ng\u1ea7n ng\u1ea1i h\u1ee7y giao d\u1ecbch n\u1ebfu ph\u00e1t hi\u1ec7n th\u1ebb t\u00edn d\u1ee5ng c\u1ee7a ng\u01b0\u1eddi d\u00f9ng b\u1ecb s\u1eed d\u1ee5ng tr\u00e1i ph\u00e9p.<\/p>\n\n\n\n<p>N\u1ebfu b\u1ea1n kh\u00f4ng th\u1ec3 x\u00e1c \u0111\u1ecbnh \u0111\u01b0\u1ee3c t\u00ecnh hu\u1ed1ng t\u1eeb c\u00e1c v\u00ed d\u1ee5 \u0111\u01b0\u1ee3c li\u1ec7t k\u00ea, vui l\u00f2ng li\u00ean h\u1ec7 v\u1edbi ch\u00fang t\u00f4i ngay l\u1eadp t\u1ee9c.<\/p>\n\n\n\n<p>Nh\u00f3m bitwallet \u0111ang l\u00e0m vi\u1ec7c \u0111\u1ec3 \u0111\u1ea3m b\u1ea3o an to\u00e0n cho t\u00e0i kho\u1ea3n v\u00e0 giao d\u1ecbch c\u1ee7a b\u1ea1n.<\/p>\n<\/div>\n\n\n\n<div class=\"wp-block-group  inquiry has-global-padding is-layout-constrained wp-block-group-is-layout-constrained\">\n<p class=\"has-text-align-center\"><strong>N\u1ebfu b\u1ea1n mu\u1ed1n li\u00ean h\u1ec7 v\u1edbi nh\u00f3m \u0111\u1ec3 b\u00e1o c\u00e1o v\u1ec1 b\u1ea5t k\u1ef3 giao d\u1ecbch tr\u00e1i ph\u00e9p n\u00e0o.<\/strong><\/p>\n\n\n\n<div class=\"wp-block-buttons is-content-justification-center is-layout-flex wp-container-core-buttons-is-layout-16018d1d wp-block-buttons-is-layout-flex\">\n<div class=\"wp-block-button\"><a class=\"wp-block-button__link wp-element-button\" href=\"https:\/\/secure.bitwallet.com\/contact\/?lang=en\">Li\u00ean h\u1ec7 ch\u00fang t\u00f4i<\/a><\/div>\n<\/div>\n<\/div>\n\n\n\n<p><\/p>","protected":false},"excerpt":{"rendered":"<p>Ng\u01b0\u1eddi d\u00f9ng \u0111\u01b0\u1ee3c khuy\u1ebfn kh\u00edch h\u1ee3p t\u00e1c v\u1edbi bitwallet \u0111\u1ec3 ng\u0103n ch\u1eb7n c\u00e1c giao d\u1ecbch tr\u00e1i ph\u00e9p x\u1ea3y ra.<\/p>","protected":false},"author":5,"featured_media":0,"parent":310,"menu_order":16,"comment_status":"closed","ping_status":"closed","template":"","meta":{"footnotes":""},"class_list":["post-1063","page","type-page","status-publish","hentry"],"_links":{"self":[{"href":"https:\/\/bitwallet.com\/vi\/wp-json\/wp\/v2\/pages\/1063","targetHints":{"allow":["GET"]}}],"collection":[{"href":"https:\/\/bitwallet.com\/vi\/wp-json\/wp\/v2\/pages"}],"about":[{"href":"https:\/\/bitwallet.com\/vi\/wp-json\/wp\/v2\/types\/page"}],"author":[{"embeddable":true,"href":"https:\/\/bitwallet.com\/vi\/wp-json\/wp\/v2\/users\/5"}],"replies":[{"embeddable":true,"href":"https:\/\/bitwallet.com\/vi\/wp-json\/wp\/v2\/comments?post=1063"}],"version-history":[{"count":80,"href":"https:\/\/bitwallet.com\/vi\/wp-json\/wp\/v2\/pages\/1063\/revisions"}],"predecessor-version":[{"id":5763,"href":"https:\/\/bitwallet.com\/vi\/wp-json\/wp\/v2\/pages\/1063\/revisions\/5763"}],"up":[{"embeddable":true,"href":"https:\/\/bitwallet.com\/vi\/wp-json\/wp\/v2\/pages\/310"}],"wp:attachment":[{"href":"https:\/\/bitwallet.com\/vi\/wp-json\/wp\/v2\/media?parent=1063"}],"curies":[{"name":"wp","href":"https:\/\/api.w.org\/{rel}","templated":true}]}}