{"id":1045,"date":"2023-09-21T10:05:37","date_gmt":"2023-09-21T01:05:37","guid":{"rendered":"https:\/\/bitwallet.com\/?page_id=1045"},"modified":"2024-08-16T12:19:15","modified_gmt":"2024-08-16T03:19:15","slug":"customer-inquiry","status":"publish","type":"page","link":"https:\/\/bitwallet.com\/vi\/support\/contact\/customer-inquiry\/","title":{"rendered":"\u0110\u1ec3 \u0111\u01b0\u1ee3c h\u1ed7 tr\u1ee3 kh\u00e1ch h\u00e0ng"},"content":{"rendered":"<div class=\"wp-block-cover alignwide header\"><span aria-hidden=\"true\" class=\"wp-block-cover__background has-background-dim-0 has-background-dim\"><\/span><img loading=\"lazy\" decoding=\"async\" width=\"2000\" height=\"360\" class=\"wp-block-cover__image-background wp-image-1033\" alt=\"\" src=\"https:\/\/bitwallet.com\/wp-content\/uploads\/2023\/09\/mv-support-contact-jpg.webp\" data-object-fit=\"cover\"\/><div class=\"wp-block-cover__inner-container has-global-padding is-layout-constrained wp-block-cover-is-layout-constrained\">\n<h1 class=\"wp-block-heading has-text-align-left effect00\">Li\u00ean h\u1ec7 ch\u00fang t\u00f4i<\/h1>\n\n\n\n<p class=\"effect00 fadeTimeA\">Y\u00eau c\u1ea7u d\u1ecbch v\u1ee5<\/p>\n<\/div><\/div>\n\n\n\n<h2 class=\"wp-block-heading effect01\">\u0110\u1ec3 \u0111\u01b0\u1ee3c h\u1ed7 tr\u1ee3 kh\u00e1ch h\u00e0ng<\/h2>\n\n\n\n<p><\/p>\n\n\n\n<div class=\"wp-block-group box effect01 has-global-padding is-layout-constrained wp-block-group-is-layout-constrained\">\n<h3 class=\"wp-block-heading\">\u0110\u1ec3 \u0111\u01b0\u1ee3c h\u1ed7 tr\u1ee3 kh\u00e1ch h\u00e0ng<\/h3>\n\n\n\n<p>N\u1ebfu b\u1ea1n c\u00f3 b\u1ea5t k\u1ef3 c\u00e2u h\u1ecfi n\u00e0o li\u00ean quan \u0111\u1ebfn vi\u1ec7c m\u1edf t\u00e0i kho\u1ea3n, c\u00e1ch s\u1eed d\u1ee5ng t\u00e0i kho\u1ea3n ho\u1eb7c d\u1ecbch v\u1ee5 c\u1ee7a ch\u00fang t\u00f4i, vui l\u00f2ng li\u00ean h\u1ec7 v\u1edbi ch\u00fang t\u00f4i t\u1ea1i \u0111\u00e2y.<\/p>\n\n\n\n<h4 class=\"wp-block-heading\">M\u00e2u li\u00ean h\u00ea\u0323<\/h4>\n\n\n\n<p>C\u00f3 s\u1eb5n: 24 gi\u1edd<br>Gi\u1edd ho\u1ea1t \u0111\u1ed9ng: Th\u1ee9 Hai \u0111\u1ebfn Th\u1ee9 B\u1ea3y, 9:00 ~ 17:00 (JST)<\/p>\n\n\n\n<p>N\u1ebfu b\u1ea1n \u0111\u00e3 c\u00f3 t\u00e0i kho\u1ea3n, vui l\u00f2ng \u0111\u0103ng nh\u1eadp b\u1eb1ng c\u00e1ch ch\u1ecdn n\u00fat b\u00ean d\u01b0\u1edbi v\u00e0 li\u00ean h\u1ec7 v\u1edbi ch\u00fang t\u00f4i.<\/p>\n\n\n\n<div class=\"wp-block-buttons is-content-justification-center is-layout-flex wp-container-core-buttons-is-layout-16018d1d wp-block-buttons-is-layout-flex\">\n<div class=\"wp-block-button effect01\"><a class=\"wp-block-button__link wp-element-button\" href=\"https:\/\/secure.bitwallet.com\/signin\/?a=contact\/lists&amp;lang=en\" target=\"_blank\" rel=\"noreferrer noopener\">Ng\u01b0\u1eddi d\u00f9ng c\u00f3 t\u00e0i kho\u1ea3n bitwallet<\/a><\/div>\n<\/div>\n\n\n\n<p>N\u1ebfu b\u1ea1n ch\u01b0a c\u00f3 t\u00e0i kho\u1ea3n ho\u1eb7c kh\u00f4ng th\u1ec3 \u0111\u0103ng nh\u1eadp, vui l\u00f2ng li\u00ean h\u1ec7 v\u1edbi ch\u00fang t\u00f4i b\u1eb1ng c\u00e1ch ch\u1ecdn c\u00e1c t\u00f9y ch\u1ecdn sau.<\/p>\n\n\n\n<div class=\"wp-block-buttons is-content-justification-center is-layout-flex wp-container-core-buttons-is-layout-16018d1d wp-block-buttons-is-layout-flex\">\n<div class=\"wp-block-button effect01 translation-block\"><a class=\"wp-block-button__link wp-element-button\" href=\"https:\/\/secure.bitwallet.com\/contact\/inquiry\/?lang=en\" target=\"_blank\" rel=\"noreferrer noopener\">Kh\u00e1ch h\u00e0ng ch\u01b0a c\u00f3 t\u00e0i kho\u1ea3n<br> Ng\u01b0\u1eddi d\u00f9ng kh\u00f4ng th\u1ec3 \u0111\u0103ng nh\u1eadp<\/a><\/div>\n<\/div>\n\n\n\n<h4 class=\"wp-block-heading\">H\u1ed7 tr\u1ee3 tra c\u1ee9u th\u00f4ng qua h\u01b0\u1edbng d\u1eabn b\u1eb1ng gi\u1ecdng n\u00f3i (Ti\u1ebfng Nh\u1eadt)<\/h4>\n\n\n\n<p>\u0110\u1ed1i v\u1edbi c\u00e1c c\u00e2u h\u1ecfi chung, b\u1ea1n c\u0169ng c\u00f3 th\u1ec3 s\u1eed d\u1ee5ng h\u01b0\u1edbng d\u1eabn qua \u0111i\u1ec7n tho\u1ea1i. N\u1ebfu b\u1ea1n c\u00f3 b\u1ea5t k\u1ef3 c\u00e2u h\u1ecfi c\u1ee5 th\u1ec3 n\u00e0o v\u1ec1 t\u00e0i kho\u1ea3n c\u1ee7a m\u00ecnh, vui l\u00f2ng li\u00ean h\u1ec7 qua m\u1eabu y\u00eau c\u1ea7u \u1edf tr\u00ean.<\/p>\n\n\n\n<p>C\u00f3 s\u1eb5n: 24 gi\u1edd<br><span class=\"only-en\">Gi\u1edd ho\u1ea1t \u0111\u1ed9ng: Th\u1ee9 Hai \u0111\u1ebfn Th\u1ee9 B\u1ea3y, 9:00 ~ 17:00 (JST)<br><\/span><span class=\"only-ja\">\u30aa\u30da\u30ec\u30fc\u30bf\u30fc\u5bfe\u5fdc\u6642\u9593\uff1a\u5e73\u65e5 9:00\uff5e17:00 *\u65e5\u672c\u6642\u9593<\/span><\/p>\n\n\n\n<p class=\"has-text-align-center customer-inquiry\">(+81) 050-3204-0823<\/p>\n\n\n\n<p class=\"note has-small-font-size translation-block\">Th\u00f4ng tin c\u00e1 nh\u00e2n do b\u1ea1n cung c\u1ea5p s\u1ebd ch\u1ec9 \u0111\u01b0\u1ee3c s\u1eed d\u1ee5ng \u0111\u1ec3 tr\u1ea3 l\u1eddi c\u00e2u h\u1ecfi c\u1ee7a b\u1ea1n. Ch\u00fang t\u00f4i kh\u00f4ng s\u1eed d\u1ee5ng th\u00f4ng tin \u0111\u00f3 cho b\u1ea5t k\u1ef3 m\u1ee5c \u0111\u00edch n\u00e0o kh\u00e1c ho\u1eb7c cung c\u1ea5p cho b\u00ean th\u1ee9 ba m\u00e0 kh\u00f4ng \u0111\u01b0\u1ee3c ph\u00e9p. Ch\u00fang t\u00f4i s\u1ebd x\u1eed l\u00fd th\u00f4ng tin c\u00e1 nh\u00e2n c\u1ee7a b\u1ea1n m\u1ed9t c\u00e1ch c\u1ea9n th\u1eadn theo <a href=\"https:\/\/bitwallet.com\/vi\/aboutus\/privacy\/\" target=\"_self\">Ch\u00ednh s\u00e1ch quy\u1ec1n ri\u00eang t\u01b0<\/a> c\u1ee7a ch\u00fang t\u00f4i.<\/p>\n<\/div>\n\n\n\n<div class=\"wp-block-cover alignwide is-light help\"><span aria-hidden=\"true\" class=\"wp-block-cover__background has-background-dim-0 has-background-dim\"><\/span><img loading=\"lazy\" decoding=\"async\" width=\"2048\" height=\"336\" class=\"wp-block-cover__image-background wp-image-289\" alt=\"\" src=\"https:\/\/bitwallet.com\/wp-content\/uploads\/2023\/06\/mv-support-jpg.webp\" style=\"object-position:50% 50%\" data-object-fit=\"cover\" data-object-position=\"50% 50%\"\/><div class=\"wp-block-cover__inner-container has-global-padding is-layout-constrained wp-block-cover-is-layout-constrained\">\n<p class=\"has-large-font-size translation-block\"><strong>B\u1ea1n c\u1ea7n gi\u00fap \u0111\u1ee1?<\/strong><br> <strong>Ch\u00fang t\u00f4i \u1edf \u0111\u00e2y \u0111\u1ec3 h\u1ed7 tr\u1ee3.<\/strong><\/p>\n\n\n\n<p class=\"translation-block\">Nh\u00f3m h\u1ed7 tr\u1ee3 c\u1ee7a ch\u00fang t\u00f4i t\u1eadn t\u00e2m ph\u1ee5c v\u1ee5 b\u1ea1n.<br> H\u00e3y li\u00ean h\u1ec7 v\u1edbi ch\u00fang t\u00f4i n\u1ebfu b\u1ea1n c\u00f3 b\u1ea5t k\u1ef3 c\u00e2u h\u1ecfi n\u00e0o li\u00ean quan \u0111\u1ebfn d\u1ecbch v\u1ee5 c\u1ee7a ch\u00fang t\u00f4i.<\/p>\n\n\n\n<div class=\"wp-block-buttons is-layout-flex wp-block-buttons-is-layout-flex\">\n<div class=\"wp-block-button\"><a class=\"wp-block-button__link wp-element-button\" href=\"\/vi\/support\/contact\/\">Li\u00ean h\u1ec7 ch\u00fang t\u00f4i<\/a><\/div>\n<\/div>\n<\/div><\/div>","protected":false},"excerpt":{"rendered":"<p>\u0110\u1ec3 \u0111\u01b0\u1ee3c h\u1ed7 tr\u1ee3 kh\u00e1ch h\u00e0ng \u0110\u1ec3 \u0111\u01b0\u1ee3c h\u1ed7 tr\u1ee3 kh\u00e1ch h\u00e0ng N\u1ebfu b\u1ea1n c\u00f3 b\u1ea5t k\u1ef3 c\u00e2u h\u1ecfi n\u00e0o li\u00ean quan \u0111\u1ebfn vi\u1ec7c m\u1edf t\u00e0i kho\u1ea3n, s\u1eed d\u1ee5ng t\u00e0i kho\u1ea3n ho\u1eb7c d\u1ecbch v\u1ee5 c\u1ee7a ch\u00fang t\u00f4i, vui l\u00f2ng li\u00ean h\u1ec7 v\u1edbi ch\u00fang t\u00f4i t\u1ea1i \u0111\u00e2y. Bi\u1ec3u m\u1eabu li\u00ean h\u1ec7 C\u00f3 s\u1eb5n: 24 gi\u1eddGi\u1edd ho\u1ea1t \u0111\u1ed9ng: Th\u1ee9 Hai \u0111\u1ebfn Th\u1ee9 B\u1ea3y, 9:00 ~ 17:00 (JST) N\u1ebfu b\u1ea1n \u0111\u00e3 c\u00f3 t\u00e0i kho\u1ea3n, vui l\u00f2ng \u0111\u0103ng nh\u1eadp b\u1eb1ng c\u00e1ch ch\u1ecdn n\u00fat b\u00ean d\u01b0\u1edbi v\u00e0 li\u00ean h\u1ec7 v\u1edbi ch\u00fang t\u00f4i. N\u1ebfu b\u1ea1n kh\u00f4ng c\u00f3 t\u00e0i kho\u1ea3n ho\u1eb7c kh\u00f4ng th\u1ec3 \u0111\u0103ng nh\u1eadp, vui l\u00f2ng li\u00ean h\u1ec7 v\u1edbi ch\u00fang t\u00f4i b\u1eb1ng c\u00e1ch ch\u1ecdn c\u00e1c t\u00f9y ch\u1ecdn sau. H\u1ed7 tr\u1ee3 y\u00eau c\u1ea7u th\u00f4ng qua h\u01b0\u1edbng d\u1eabn b\u1eb1ng gi\u1ecdng n\u00f3i (Ti\u1ebfng Nh\u1eadt) \u0110\u1ed1i v\u1edbi c\u00e1c c\u00e2u h\u1ecfi chung, b\u1ea1n c\u0169ng c\u00f3 th\u1ec3 s\u1eed d\u1ee5ng h\u01b0\u1edbng d\u1eabn qua \u0111i\u1ec7n tho\u1ea1i. N\u1ebfu b\u1ea1n c\u00f3 b\u1ea5t k\u1ef3 c\u00e2u h\u1ecfi c\u1ee5 th\u1ec3 n\u00e0o v\u1ec1 t\u00e0i kho\u1ea3n c\u1ee7a m\u00ecnh, vui l\u00f2ng li\u00ean h\u1ec7 qua bi\u1ec3u m\u1eabu y\u00eau c\u1ea7u \u1edf tr\u00ean. C\u00f3 s\u1eb5n:\u2026<\/p>","protected":false},"author":5,"featured_media":0,"parent":1028,"menu_order":12,"comment_status":"closed","ping_status":"closed","template":"","meta":{"footnotes":""},"class_list":["post-1045","page","type-page","status-publish","hentry"],"_links":{"self":[{"href":"https:\/\/bitwallet.com\/vi\/wp-json\/wp\/v2\/pages\/1045","targetHints":{"allow":["GET"]}}],"collection":[{"href":"https:\/\/bitwallet.com\/vi\/wp-json\/wp\/v2\/pages"}],"about":[{"href":"https:\/\/bitwallet.com\/vi\/wp-json\/wp\/v2\/types\/page"}],"author":[{"embeddable":true,"href":"https:\/\/bitwallet.com\/vi\/wp-json\/wp\/v2\/users\/5"}],"replies":[{"embeddable":true,"href":"https:\/\/bitwallet.com\/vi\/wp-json\/wp\/v2\/comments?post=1045"}],"version-history":[{"count":36,"href":"https:\/\/bitwallet.com\/vi\/wp-json\/wp\/v2\/pages\/1045\/revisions"}],"predecessor-version":[{"id":4925,"href":"https:\/\/bitwallet.com\/vi\/wp-json\/wp\/v2\/pages\/1045\/revisions\/4925"}],"up":[{"embeddable":true,"href":"https:\/\/bitwallet.com\/vi\/wp-json\/wp\/v2\/pages\/1028"}],"wp:attachment":[{"href":"https:\/\/bitwallet.com\/vi\/wp-json\/wp\/v2\/media?parent=1045"}],"curies":[{"name":"wp","href":"https:\/\/api.w.org\/{rel}","templated":true}]}}