{"id":948,"date":"2023-09-20T15:36:40","date_gmt":"2023-09-20T06:36:40","guid":{"rendered":"https:\/\/bitwallet.com\/?page_id=948"},"modified":"2024-03-19T16:21:20","modified_gmt":"2024-03-19T07:21:20","slug":"company","status":"publish","type":"page","link":"https:\/\/bitwallet.com\/tr\/aboutus\/company\/","title":{"rendered":"\u015eirket"},"content":{"rendered":"<div class=\"wp-block-cover alignwide header\"><span aria-hidden=\"true\" class=\"wp-block-cover__background has-black-background-color has-background-dim-0 has-background-dim\"><\/span><img loading=\"lazy\" decoding=\"async\" width=\"2000\" height=\"360\" class=\"wp-block-cover__image-background wp-image-956\" alt=\"\" src=\"https:\/\/bitwallet.com\/wp-content\/uploads\/2023\/09\/mv-aboutus-company-jpg.webp\" data-object-fit=\"cover\"\/><div class=\"wp-block-cover__inner-container has-global-padding is-layout-constrained wp-block-cover-is-layout-constrained\">\n<h1 class=\"wp-block-heading has-text-align-left\">\u015eirket<\/h1>\n\n\n\n<p>K\u00fcresel \u015eirket Bilgileri<\/p>\n<\/div><\/div>\n\n\n\n<div class=\"wp-block-group box has-global-padding is-layout-constrained wp-block-group-is-layout-constrained\">\n<h3 class=\"wp-block-heading\">Hakk\u0131m\u0131zda<\/h3>\n\n\n\n<p>2012 y\u0131l\u0131nda Singapur&#039;daki kurulu\u015fumuzdan bu yana, Asya \u00fclkelerine ve d\u00fcnyan\u0131n di\u011fer \u00fclkelerine geni\u015f bir yelpazede \u00f6deme hizmetleri sa\u011flad\u0131k. \u0130\u015fyerlerine ve onlar\u0131n m\u00fc\u015fterilerine daha iyi \u00f6deme \u00e7\u00f6z\u00fcmleri sunma olanaklar\u0131n\u0131 ara\u015ft\u0131rmaya devam ettik ve hizmetlerimizi geli\u015ftirirken \u201cbitwallet\u201d hizmetleri de sunmaya ba\u015flad\u0131k. Finansal piyasalardaki \u00e7evrimi\u00e7i uluslararas\u0131 \u00f6deme y\u00f6ntemleri ile teknoloji end\u00fcstrileri aras\u0131ndaki bo\u015fluklar\u0131 anl\u0131yor ve bunlara a\u015finay\u0131z ve misyonumuzun d\u00fcnya \u00e7ap\u0131ndaki t\u00fcm i\u015fletme sahipleri ve m\u00fc\u015fterileri i\u00e7in kusursuz bir \u00f6deme platformu olu\u015fturmak ve sa\u011flamak oldu\u011funun bilincindeyiz.<\/p>\n<\/div>\n\n\n\n<p>bitwallet hizmetiyle ilgili herhangi bir sorunuz varsa l\u00fctfen a\u015fa\u011f\u0131daki se\u00e7enekleri se\u00e7erek bizimle ileti\u015fime ge\u00e7in.<\/p>\n\n\n\n<div class=\"wp-block-group box has-global-padding is-layout-constrained wp-block-group-is-layout-constrained\">\n<h3 class=\"wp-block-heading\">M\u00fc\u015fteri deste\u011fi i\u00e7in<\/h3>\n\n\n\n<p>Hesap a\u00e7ma, hesab\u0131n\u0131z\u0131n kullan\u0131m\u0131 veya hizmetlerimizle ilgili herhangi bir sorunuz varsa l\u00fctfen bizimle buradan ileti\u015fime ge\u00e7in.<\/p>\n\n\n\n<div class=\"wp-block-buttons is-content-justification-center is-layout-flex wp-container-core-buttons-is-layout-16018d1d wp-block-buttons-is-layout-flex\">\n<div class=\"wp-block-button effect01\"><a class=\"wp-block-button__link wp-element-button\" href=\"\/tr\/support\/contact\/customer-inquiry\/\">M\u00fc\u015fteri deste\u011fi i\u00e7in<\/a><\/div>\n<\/div>\n<\/div>\n\n\n\n<div class=\"wp-block-group box has-global-padding is-layout-constrained wp-block-group-is-layout-constrained\">\n<h3 class=\"wp-block-heading\">T\u00fcccarlar i\u00e7in<\/h3>\n\n\n\n<p>T\u00fcccar\u0131n bir \u00fcyesiyseniz veya t\u00fcccar olarak kaydolmay\u0131 d\u00fc\u015f\u00fcn\u00fcyorsan\u0131z, l\u00fctfen bizimle buradan ileti\u015fime ge\u00e7in.<\/p>\n\n\n\n<div class=\"wp-block-buttons is-content-justification-center is-layout-flex wp-container-core-buttons-is-layout-16018d1d wp-block-buttons-is-layout-flex\">\n<div class=\"wp-block-button effect01\"><a class=\"wp-block-button__link wp-element-button\" href=\"\/tr\/support\/contact\/merchant-inquiry\/\">T\u00fcccarlar i\u00e7in<\/a><\/div>\n<\/div>\n<\/div>\n\n\n\n<div class=\"wp-block-group box has-global-padding is-layout-constrained wp-block-group-is-layout-constrained\">\n<h3 class=\"wp-block-heading\">Medya Sorular\u0131 \u0130\u00e7in<\/h3>\n\n\n\n<p>Medya \u00fcyesiyseniz veya medya veya pazarlama amac\u0131yla ileti\u015fime ge\u00e7mek istiyorsan\u0131z l\u00fctfen bizimle ileti\u015fime ge\u00e7in.<\/p>\n\n\n\n<div class=\"wp-block-buttons is-content-justification-center is-layout-flex wp-container-core-buttons-is-layout-16018d1d wp-block-buttons-is-layout-flex\">\n<div class=\"wp-block-button effect01\"><a class=\"wp-block-button__link wp-element-button\" href=\"\/tr\/support\/contact\/media-inquiry\/\">Medya Sorular\u0131 \u0130\u00e7in<\/a><\/div>\n<\/div>\n<\/div>","protected":false},"excerpt":{"rendered":"<p>Hakk\u0131m\u0131zda 2012 y\u0131l\u0131nda Singapur&#039;daki kurulu\u015fumuzdan bu yana, Asya \u00fclkelerine ve d\u00fcnyan\u0131n di\u011fer \u00fclkelerine geni\u015f bir yelpazede \u00f6deme hizmetleri sa\u011flad\u0131k. \u0130\u015fyerlerine ve onlar\u0131n m\u00fc\u015fterilerine daha iyi \u00f6deme \u00e7\u00f6z\u00fcmleri sunma olanaklar\u0131n\u0131 ara\u015ft\u0131rmaya devam ettik ve hizmetlerimizi geli\u015ftirirken \u201cbitwallet\u201d hizmetleri de sunmaya ba\u015flad\u0131k. Finansal piyasalardaki \u00e7evrimi\u00e7i uluslararas\u0131 \u00f6deme y\u00f6ntemleri ile teknoloji end\u00fcstrileri aras\u0131ndaki bo\u015fluklar\u0131 anl\u0131yor ve bunlara a\u015finay\u0131z ve misyonumuzun d\u00fcnya \u00e7ap\u0131ndaki t\u00fcm i\u015fletme sahipleri ve m\u00fc\u015fterileri i\u00e7in kusursuz bir \u00f6deme platformu olu\u015fturmak ve sa\u011flamak oldu\u011funun bilincindeyiz. bitwallet hizmetiyle ilgili herhangi bir sorunuz varsa, l\u00fctfen a\u015fa\u011f\u0131daki se\u00e7ene\u011fi se\u00e7erek bizimle ileti\u015fime ge\u00e7in\u2026<\/p>","protected":false},"author":5,"featured_media":0,"parent":322,"menu_order":9,"comment_status":"closed","ping_status":"closed","template":"","meta":{"footnotes":""},"class_list":["post-948","page","type-page","status-publish","hentry"],"_links":{"self":[{"href":"https:\/\/bitwallet.com\/tr\/wp-json\/wp\/v2\/pages\/948","targetHints":{"allow":["GET"]}}],"collection":[{"href":"https:\/\/bitwallet.com\/tr\/wp-json\/wp\/v2\/pages"}],"about":[{"href":"https:\/\/bitwallet.com\/tr\/wp-json\/wp\/v2\/types\/page"}],"author":[{"embeddable":true,"href":"https:\/\/bitwallet.com\/tr\/wp-json\/wp\/v2\/users\/5"}],"replies":[{"embeddable":true,"href":"https:\/\/bitwallet.com\/tr\/wp-json\/wp\/v2\/comments?post=948"}],"version-history":[{"count":13,"href":"https:\/\/bitwallet.com\/tr\/wp-json\/wp\/v2\/pages\/948\/revisions"}],"predecessor-version":[{"id":4665,"href":"https:\/\/bitwallet.com\/tr\/wp-json\/wp\/v2\/pages\/948\/revisions\/4665"}],"up":[{"embeddable":true,"href":"https:\/\/bitwallet.com\/tr\/wp-json\/wp\/v2\/pages\/322"}],"wp:attachment":[{"href":"https:\/\/bitwallet.com\/tr\/wp-json\/wp\/v2\/media?parent=948"}],"curies":[{"name":"wp","href":"https:\/\/api.w.org\/{rel}","templated":true}]}}