{"id":927,"date":"2023-09-13T17:23:14","date_gmt":"2023-09-13T08:23:14","guid":{"rendered":"https:\/\/bitwallet.com\/?page_id=927"},"modified":"2024-03-06T15:57:43","modified_gmt":"2024-03-06T06:57:43","slug":"security","status":"publish","type":"page","link":"https:\/\/bitwallet.com\/tr\/service\/security\/","title":{"rendered":"G\u00fcvenlik"},"content":{"rendered":"<div class=\"wp-block-cover alignwide header\"><span aria-hidden=\"true\" class=\"wp-block-cover__background has-black-background-color has-background-dim-0 has-background-dim\"><\/span><img loading=\"lazy\" decoding=\"async\" width=\"2000\" height=\"360\" class=\"wp-block-cover__image-background wp-image-2022\" alt=\"\" src=\"https:\/\/bitwallet.com\/wp-content\/uploads\/2023\/11\/mv-service_security-jpg.webp\" data-object-fit=\"cover\"\/><div class=\"wp-block-cover__inner-container has-global-padding is-layout-constrained wp-block-cover-is-layout-constrained\">\n<h1 class=\"wp-block-heading has-text-align-left effect00\">G\u00fcvenlik<\/h1>\n\n\n\n<p class=\"effect00 fadeTimeA\">G\u00fcvenli\u011fe Genel Bak\u0131\u015f<\/p>\n<\/div><\/div>\n\n\n\n<h2 class=\"wp-block-heading effect00\">bitwallet G\u00fcvenlik \u00d6nlemleri<\/h2>\n\n\n\n<div class=\"wp-block-group effect00 fadeTimeA has-global-padding is-layout-constrained wp-block-group-is-layout-constrained\">\n<p>bitwallet (Bitwallet Hizmet Grubu), m\u00fc\u015fterilerin fonlar\u0131n\u0131 platformumuzda g\u00fcvende ve emniyette tutmak i\u00e7in hem \u00e7evrimi\u00e7i hem de \u00e7evrimd\u0131\u015f\u0131 y\u00fcksek d\u00fczeyde g\u00fcvenli\u011fe sahip, lider bir \u00f6deme hizmeti sa\u011flay\u0131c\u0131s\u0131d\u0131r. Misyonumuz, t\u00fcm kullan\u0131c\u0131lar i\u00e7in sezgisel bir tarama deneyimi sa\u011flarken g\u00fcvenli\u011fin iyile\u015ftirilmesi i\u00e7in s\u00fcrekli \u00e7aba g\u00f6stermektir. Ekip, platformumuzda daha iyi bir g\u00fcvenlik olu\u015fturman\u0131n m\u00fc\u015fterilerimizle aram\u0131zdaki g\u00fcveni g\u00fc\u00e7lendirece\u011fine inan\u0131yor.<\/p>\n\n\n\n<p>Ekibimiz doland\u0131r\u0131c\u0131l\u0131k ve izinsiz kullan\u0131ma kar\u015f\u0131 g\u00fcvenlik \u00f6nlemlerini ciddiyetle almaktad\u0131r. Platformumuzda uluslararas\u0131 uyumluluk standartlar\u0131n\u0131n sa\u011flanmas\u0131 i\u00e7in AML (Kara Para Aklaman\u0131n \u00d6nlenmesi), KYC (M\u00fc\u015fteri Kimli\u011finizi Do\u011frulay\u0131n) vb. d\u00fczenlemeler hayata ge\u00e7irilmi\u015ftir.<\/p>\n\n\n\n<p>A\u015fa\u011f\u0131da ayr\u0131nt\u0131l\u0131 g\u00fcvenlik \u00f6nlemlerini g\u00f6r\u00fcnt\u00fcleyin<\/p>\n<\/div>\n\n\n\n<div class=\"wp-block-group box security effect00 fadeTimeB has-global-padding is-layout-constrained wp-block-group-is-layout-constrained\">\n<h3 class=\"wp-block-heading\">G\u00fcvenlik<\/h3>\n\n\n\n<p>Siber g\u00fcvenli\u011fin tehlikeye at\u0131lmas\u0131, ki\u015fisel finansal varl\u0131klar\u0131n\u0131z i\u00e7in b\u00fcy\u00fck bir tehdit olu\u015fturabilir. bitwallet, m\u00fc\u015fterilerimizi g\u00fcvenlik tehditlerine kar\u015f\u0131 korumak i\u00e7in s\u00fcrekli olarak stratejiler geli\u015ftirmektedir.<\/p>\n\n\n\n<p>bitwallet, Kritik Altyap\u0131 Siber G\u00fcvenli\u011finin \u0130yile\u015ftirilmesi ba\u015fl\u0131\u011f\u0131 alt\u0131ndaki Y\u00f6netici Emri&#039;nde yaz\u0131l\u0131 sekt\u00f6rdeki en iyi uygulamalar\u0131 ve ilkeleri g\u00f6zetmektedir. Bu, bitwallet&#039;nin uluslararas\u0131 g\u00fcvenlik standartlar\u0131n\u0131 kar\u015f\u0131lamas\u0131n\u0131 ve altyap\u0131n\u0131n dayan\u0131kl\u0131l\u0131\u011f\u0131n\u0131 art\u0131rmas\u0131n\u0131 sa\u011flar. A\u015fa\u011f\u0131dakiler, \u00fc\u00e7 b\u00f6l\u00fcmden olu\u015fan Ulusal Standartlar ve Teknoloji Enstit\u00fcs\u00fc (NIST) \u00c7er\u00e7evesini temel alan bilgi g\u00fcvenli\u011fi \u00f6nlemleridir: \u00c7er\u00e7eve \u00c7ekirde\u011fi, Uygulama Katmanlar\u0131 ve \u00c7er\u00e7eve Profilleri.<\/p>\n\n\n\n<h4 class=\"wp-block-heading\"><strong>\u00c7er\u00e7eve \u00c7ekirde\u011fi<\/strong><\/h4>\n\n\n\n<p>\u00c7er\u00e7eve \u00c7ekirde\u011fi be\u015f i\u015flevden olu\u015fur: Tan\u0131mla, Koru, Alg\u0131la, Yan\u0131tla, Kurtar.<\/p>\n\n\n\n<h5 class=\"wp-block-heading\">1. Tan\u0131mlay\u0131n<\/h5>\n\n\n\n<h6 class=\"wp-block-heading\"><strong>(1) M\u00fc\u015fteri varl\u0131klar\u0131n\u0131n saklanmas\u0131 ve y\u00f6netiminin sa\u011flanmas\u0131<\/strong><\/h6>\n\n\n\n<p>Kullan\u0131c\u0131 varl\u0131klar\u0131 bitwallet&#039;de g\u00fcvenle korunur. Para birimi gibi varl\u0131klar g\u00fcvenli bir \u015fekilde ayr\u0131 ayr\u0131 y\u00f6netilir.<\/p>\n\n\n\n<h6 class=\"wp-block-heading\"><strong>(2) \u00dcst D\u00fczey Finansal Kurum Y\u00f6netimi<\/strong><\/h6>\n\n\n\n<p>\u00dcst d\u00fczey finans kurumu bayisi sadece sistemin kendisinde g\u00fcvenlik \u00f6nlemleri almamal\u0131, ayn\u0131 zamanda organizasyon ve s\u00fcreci de iyile\u015ftirmelidir. Bu nedenle bitwallet, anormallik tespiti \u00fczerine bir kurtarma s\u00fcrecini tetikleyebilen bir g\u00fcvenlik \u00e7er\u00e7evesi uygulam\u0131\u015ft\u0131r; Temel nedeni belirlemek ve anomaliyi derhal te\u015fhis etmek. Bu \u00f6zelli\u011fi uygulamaya koymay\u0131 ve daha da iyile\u015ftirmeyi ama\u00e7l\u0131yoruz.<\/p>\n\n\n\n<h5 class=\"wp-block-heading\">2. Koruyun<\/h5>\n\n\n\n<h6 class=\"wp-block-heading\"><strong>2.1 \u015eifreleme<\/strong><\/h6>\n\n\n\n<h6 class=\"wp-block-heading\"><strong>(1) SSL Sertifikas\u0131<\/strong><\/h6>\n\n\n\n<p>bitwallet veri ileti\u015fimi i\u00e7in SSL \u015fifreleme teknolojisini kullan\u0131r. SSL, t\u00fcm verilerin gizli kalmas\u0131n\u0131 sa\u011flarken platformumuz ile sunucumuz aras\u0131nda g\u00fcvenli bir ba\u011flant\u0131 kurulmas\u0131n\u0131 sa\u011flayan bir g\u00fcvenlik sertifikas\u0131d\u0131r.<\/p>\n\n\n\n<h6 class=\"wp-block-heading\"><strong>(2) SSL-VPN Sertifikas\u0131<\/strong><\/h6>\n\n\n\n<p>T\u00fcm veriler iletilmeden \u00f6nce \u015fifrelenece\u011finden, yetkisiz \u00fc\u00e7\u00fcnc\u00fc taraf eri\u015fiminin veri \u00e7almas\u0131n\u0131 \u00f6nlemek i\u00e7in a\u011f sunucumuz SSL-VPN \u015fifrelenmi\u015ftir.<\/p>\n\n\n\n<h6 class=\"wp-block-heading\"><strong>2.2 G\u00fcvenlik Duvar\u0131 A\u011f G\u00fcvenli\u011fi<\/strong><\/h6>\n\n\n\n<h6 class=\"wp-block-heading\"><strong>(1) G\u00fcvenlik Duvar\u0131<\/strong><\/h6>\n\n\n\n<p>G\u00fcvenlik duvar\u0131, a\u011f ile internet aras\u0131nda bir filtre g\u00f6revi g\u00f6r\u00fcr. Firewall, k\u00f6t\u00fc ama\u00e7l\u0131 yaz\u0131l\u0131m, vir\u00fcs gibi tehditlerin bula\u015fmas\u0131n\u0131 \u00f6nledi\u011fi i\u00e7in sunucumuza g\u00fcvenlik katar.<\/p>\n\n\n\n<h6 class=\"wp-block-heading\"><strong>(2) Web Uygulamas\u0131 G\u00fcvenlik Duvar\u0131<\/strong><\/h6>\n\n\n\n<p>bitwallet, sistemimizi tehlikeye atmaya veya verilerimizi s\u0131zd\u0131rmaya y\u00f6nelik k\u00f6t\u00fc niyetli giri\u015fimlere kar\u015f\u0131 koruma sa\u011flamak i\u00e7in web uygulamas\u0131 g\u00fcvenlik duvar\u0131n\u0131 (WAF) kullan\u0131r. bitwallet WAF, i\u015fletim sistemimiz, yaz\u0131l\u0131m\u0131m\u0131z ve hizmetimiz i\u00e7in yayg\u0131n sald\u0131r\u0131 modelini engeller.<\/p>\n\n\n\n<h6 class=\"wp-block-heading\"><strong>(3) IP Her Noktaya Yay\u0131n<\/strong><\/h6>\n\n\n\n<p>Dos (Hizmet Reddi) sald\u0131r\u0131s\u0131, kullan\u0131c\u0131 a\u011f\u0131n\u0131 i\u015fe yaramaz trafikle doldurma, spam e-postalarla (posta bombas\u0131) sald\u0131r\u0131 ve bir makinenin veya a\u011f\u0131n kapanmas\u0131na neden olan ve onu hedeflenen kullan\u0131c\u0131lar i\u00e7in eri\u015filemez hale getiren \u00e7oklu ping istek paketleri ile sald\u0131r\u0131 giri\u015fimidir. . A\u011f i\u015flevselli\u011fini kal\u0131c\u0131 olarak \u00e7\u00f6kertecek DDoS sald\u0131r\u0131lar\u0131 da vard\u0131r. bitwallet, iste\u011fi y\u00f6nlendirmek i\u00e7in IP Anycast&#039;i kullan\u0131r.<\/p>\n\n\n\n<h6 class=\"wp-block-heading\"><strong>(4) Sald\u0131r\u0131 Tespit Sistemi (IDS)<\/strong><\/h6>\n\n\n\n<p>Sunucuya birden fazla a\u011f trafi\u011fi al\u0131nd\u0131\u011f\u0131nda IDS, \u015f\u00fcpheli etkinlikleri izleyip tespit edebilir ve bunlar aras\u0131nda uyar\u0131lar yay\u0131nlayabilir. Sistem, ke\u015ffedilen k\u00f6t\u00fc ama\u00e7l\u0131 etkinlik ve anormal trafik konusunda harekete ge\u00e7me kapasitesine sahiptir. bitwallet 2 t\u00fcr sistem kullan\u0131r: A\u011f \u0130zinsiz Giri\u015f Tespit Sistemi ve Ana Bilgisayar \u0130zinsiz Giri\u015f Tespit Sistemi. A\u011fa izinsiz giri\u015f tespiti, gelen ve giden trafi\u011fi izlerken, ana bilgisayar izinsiz giri\u015f tespiti, ana bilgisayar\u0131n kendisinden gelen k\u00f6t\u00fc ama\u00e7l\u0131 trafi\u011fi tan\u0131mlayabilir.<\/p>\n\n\n\n<h6 class=\"wp-block-heading\"><strong>(5) Birle\u015fik Tehdit Y\u00f6netimi (UTM)<\/strong><\/h6>\n\n\n\n<p>UTM, bitwallet&#039;yi g\u00fcvenlik tehditlerinden korumak i\u00e7in IDS, IPS ve di\u011fer web i\u00e7erikleri gibi birden fazla g\u00fcvenlik hizmetini ve \u00f6zelli\u011fini birle\u015ftirir.<\/p>\n\n\n\n<h6 class=\"wp-block-heading\"><strong>2.3 Kimlik Do\u011frulamas\u0131<\/strong><\/h6>\n\n\n\n<h6 class=\"wp-block-heading\"><strong>(1) G\u00fc\u00e7l\u00fc \u015eifre<\/strong><\/h6>\n\n\n\n<p>Tekrar kullanmak veya yaln\u0131zca \u201cbitcoin\u201d gibi harflerden olu\u015fan basit bir \u015fifre olu\u015fturmak, \u015fifreyi zay\u0131flat\u0131r ve k\u0131r\u0131lmas\u0131n\u0131 kolayla\u015ft\u0131r\u0131r. bitwallet yaln\u0131zca b\u00fcy\u00fck ve k\u00fc\u00e7\u00fck harfler, say\u0131lar ve noktalama i\u015faretlerinden olu\u015fan uzun bir kombinasyon i\u00e7eren g\u00fc\u00e7l\u00fc \u015fifrelere izin verir, bu da k\u0131r\u0131lmas\u0131n\u0131 zorla\u015ft\u0131r\u0131r.<\/p>\n\n\n\n<h6 class=\"wp-block-heading\"><strong>(2) Hesap Kilidi<\/strong><\/h6>\n\n\n\n<p>Kullan\u0131c\u0131n\u0131n birden fazla ba\u015far\u0131s\u0131z giri\u015f denemesi olmas\u0131 durumunda, bu \u00fc\u00e7\u00fcnc\u00fc taraf\u0131n yetkisiz eri\u015fimi olarak kabul edilecek ve sonu\u00e7 olarak hesap kilitlenecektir. \u015eifrenizi unuttuysan\u0131z s\u0131f\u0131rlay\u0131n. Hesab\u0131n\u0131z yaln\u0131zca kimlik do\u011frulama i\u015flemini ger\u00e7ekle\u015ftirdi\u011finizde kurtar\u0131lacakt\u0131r.<\/p>\n\n\n\n<h6 class=\"wp-block-heading\"><strong>(3) 2 Fakt\u00f6rl\u00fc Kimlik Do\u011frulama<\/strong><\/h6>\n\n\n\n<p>\u00dc\u00e7\u00fcnc\u00fc taraflar\u0131n yetkisiz eri\u015fimini \u00f6nlemek i\u00e7in, 2 Fakt\u00f6rl\u00fc Kimlik Do\u011frulama (2FA), bitwallet&#039;ye giri\u015f yapt\u0131\u011f\u0131n\u0131zda ekstra bir g\u00fcvenlik katman\u0131 g\u00f6revi g\u00f6recektir. Kullan\u0131c\u0131n\u0131n, hesab\u0131na eri\u015fmek i\u00e7in hesap \u015fifresine ve kendi jetonuyla ikinci kez giri\u015f yapmas\u0131na gerek olacakt\u0131r. Bu, oturum a\u00e7mak i\u00e7in gerekli jetonlara sahip olmad\u0131klar\u0131 i\u00e7in potansiyel davetsiz misafirlerin eri\u015fim kazanmas\u0131n\u0131 zorla\u015ft\u0131r\u0131r.<\/p>\n\n\n\n<h6 class=\"wp-block-heading\"><strong>(4) Giri\u015f Ge\u00e7mi\u015fini \u0130zleyin<\/strong><\/h6>\n\n\n\n<p>Oturum a\u00e7ma ge\u00e7mi\u015finiz, genel konum ve IP adresi de dahil olmak \u00fczere, belirli bir cihazdan veya web \u00fczerinden her oturum a\u00e7\u0131\u015f\u0131n\u0131zda sunucuya kaydedilecektir. Tan\u0131nmayan herhangi bir giri\u015f olup olmad\u0131\u011f\u0131n\u0131 g\u00f6rmek i\u00e7in bunlar\u0131 g\u00f6r\u00fcnt\u00fcleyin.<\/p>\n\n\n\n<h6 class=\"wp-block-heading\"><strong>(5) Oturum Zaman A\u015f\u0131m\u0131<\/strong><\/h6>\n\n\n\n<p>Giri\u015f yapt\u0131ktan sonra bir s\u00fcre hareketsiz kal\u0131rsan\u0131z, yetkisiz eri\u015fimi \u00f6nlemek i\u00e7in hesab\u0131n\u0131zdaki oturumunuz otomatik olarak kapat\u0131lacakt\u0131r.<\/p>\n\n\n\n<h6 class=\"wp-block-heading\"><strong>2.4 Program \u00d6nlemleri<\/strong><\/h6>\n\n\n\n<h6 class=\"wp-block-heading\"><strong>(1) Siteler Aras\u0131 Komut Dosyas\u0131 \u00c7al\u0131\u015ft\u0131rma<\/strong><\/h6>\n\n\n\n<p>Siteler aras\u0131 komut dosyas\u0131 \u00e7al\u0131\u015ft\u0131rma, sald\u0131rgan\u0131n di\u011fer g\u00fcvenilir web sitelerindeki savunmas\u0131z bir web sitesinin pe\u015fine d\u00fc\u015febilece\u011fi bir g\u00fcvenlik sald\u0131r\u0131s\u0131d\u0131r. bitwallet bu t\u00fcr sald\u0131r\u0131lar\u0131 \u00f6nlemek i\u00e7in sterilize edilmi\u015ftir. Potansiyel olarak tehlikeli veriler, i\u015flem s\u0131ras\u0131nda kald\u0131r\u0131lacak veya de\u011fi\u015ftirilerek y\u00fcr\u00fct\u00fclemez hale getirilecektir.<\/p>\n\n\n\n<h6 class=\"wp-block-heading\"><strong>(2) SQL Enjeksiyonu<\/strong><\/h6>\n\n\n\n<p>SQL enjeksiyonu, savunmas\u0131z ve a\u00e7\u0131k kaynakl\u0131 veritabanlar\u0131yla ileti\u015fim kurmak i\u00e7in kullan\u0131lan bir programlama dilidir. Kullan\u0131c\u0131 bilgilerini if\u015fa etmek i\u00e7in sunucuya komutlar g\u00f6nderecektir. bitwallet giri\u015f temizlemeyi kullanarak k\u00f6t\u00fc niyetli ileti\u015fimin y\u00fcr\u00fct\u00fclmesini engeller. Veriler \u00e7al\u0131\u015ft\u0131r\u0131lamayan SQL diline de\u011fi\u015ftirilecek.<\/p>\n\n\n\n<h6 class=\"wp-block-heading\"><strong>(3) Siteler Aras\u0131 Talep Sahtecili\u011fi<\/strong><\/h6>\n\n\n\n<p>Siteler aras\u0131 istek sahtecili\u011fi, kullan\u0131c\u0131y\u0131 kimli\u011fi do\u011frulanmam\u0131\u015f istenmeyen eylemler ger\u00e7ekle\u015ftirmeye zorlayan bir g\u00fcvenlik sald\u0131r\u0131s\u0131d\u0131r. bitwallet, g\u00fcvenlik sistemini izlerken bu t\u00fcr olas\u0131 zararl\u0131 sald\u0131r\u0131lar\u0131 engellemek i\u00e7in g\u00fcvenli kodlama ve WAF kullan\u0131r.<\/p>\n\n\n\n<h6 class=\"wp-block-heading\"><strong>(4) Kaba Kuvvet Sald\u0131r\u0131s\u0131<\/strong><\/h6>\n\n\n\n<p>Kaba kuvvet sald\u0131r\u0131s\u0131, hesab\u0131n\u0131z\u0131 zorla k\u0131rmak i\u00e7in \u00e7e\u015fitli \u015fifrelerin kodunu \u00e7\u00f6zerek deneme yan\u0131lma yoluyla \u015fifre k\u0131rma y\u00f6ntemidir. Hesab\u0131n\u0131z s\u0131n\u0131rl\u0131 say\u0131da denemede kilitlenece\u011finden hesab\u0131n\u0131z\u0131 bu sald\u0131r\u0131ya kar\u015f\u0131 g\u00fc\u00e7lendirmek i\u00e7in g\u00fc\u00e7l\u00fc \u015fifre kullanmak ve 2FA ayarlamak.<\/p>\n\n\n\n<h6 class=\"wp-block-heading\"><strong>(5) \u015eifre \u015eifreleme<\/strong><\/h6>\n\n\n\n<p>Girdi\u011finiz \u015fifre \u015fifrelenip veri taban\u0131na kaydedilecek, \u015fifreye tuz eklenerek karma i\u015flemine tabi tutulacak, okunmas\u0131 karma\u015f\u0131k hale getirilecektir.<\/p>\n\n\n\n<h6 class=\"wp-block-heading\"><strong>(6) IP Beyaz Listesi<\/strong><\/h6>\n\n\n\n<p>bitwallet&#039;de yaln\u0131zca beyaz listeye al\u0131nan IP adresi \u00f6deme i\u015flemine devam edebilir. Tan\u0131nmayan herhangi bir IP adresinin kullan\u0131m\u0131 ve eri\u015fimi engellenecektir.<\/p>\n\n\n\n<h6 class=\"wp-block-heading\"><strong>2.5 Operasyonel Kontrol<\/strong><\/h6>\n\n\n\n<h6 class=\"wp-block-heading\"><strong>(1) Selfie G\u00f6nderimi<\/strong><\/h6>\n\n\n\n<p>Kimlik Belgesi, \u0130kamet Adresi Kan\u0131t\u0131 ve Selfie&#039;nin ibraz edilmesi gerekmektedir. Selfie, \u00e7evrimi\u00e7i kimlik do\u011frulama amac\u0131yla \u00e7e\u015fitli Bat\u0131 \u00fclkeleri taraf\u0131ndan benimsenmi\u015ftir. Bu t\u00fcr bir prosed\u00fcr\u00fcn do\u011frulama amac\u0131, sahte kimlik h\u0131rs\u0131zl\u0131\u011f\u0131n\u0131n ger\u00e7ekle\u015fmesini \u00f6nlemektir.<\/p>\n\n\n\n<h6 class=\"wp-block-heading\"><strong>(2) Posta veya SMS Kimlik Do\u011frulamas\u0131<\/strong><\/h6>\n\n\n\n<p>Kredi kart\u0131 limitini art\u0131rmak istemeniz durumunda, kimlik do\u011frulama i\u00e7in size posta veya SMS yoluyla olu\u015fturulan bir kimlik g\u00f6nderilecektir. Kimlik do\u011frulama, verilen s\u00fcre i\u00e7erisinde kimli\u011fi girdi\u011finizde tamamlanacakt\u0131r.<\/p>\n\n\n\n<h6 class=\"wp-block-heading\"><strong>(3) Para \u00c7ekme Banka Hesab\u0131 Onay\u0131<\/strong><\/h6>\n\n\n\n<p>Ekibimiz her g\u00fcn banka ad\u0131, \u015fube ad\u0131 ve hesap numaras\u0131 gibi hatal\u0131 hesap bilgilerini kontrol edecektir.<\/p>\n\n\n\n<h6 class=\"wp-block-heading\"><strong>(4) Havaleci Hesab\u0131 Onay\u0131<\/strong><\/h6>\n\n\n\n<p>T\u00fcm i\u015flem bilgileri g\u00f6nderilmeden \u00f6nce do\u011frulanacakt\u0131r ve kontrol i\u00e7in gereken ek s\u00fcre nedeniyle gecikme ya\u015fanabilir. L\u00fctfen banka havalesi s\u0131ras\u0131nda G\u00f6ndericinin Ad\u0131na Hesap Kimlik Numaran\u0131z\u0131 (Hesap Kimli\u011fi + 3 Haneli) ekleyin.<\/p>\n\n\n\n<h6 class=\"wp-block-heading\"><strong>(5) D\u0131\u015f Kaynak Yetkisiz Kullan\u0131m Kontrolleri<\/strong><\/h6>\n\n\n\n<p>Yetkisiz kullan\u0131ma kar\u015f\u0131 \u00f6nlem almak amac\u0131yla her kullan\u0131c\u0131n\u0131n g\u00fcnl\u00fck kullan\u0131m\u0131n\u0131 izlemek \u00fczere bir d\u0131\u015f kaynak hizmeti kiralad\u0131k.<\/p>\n\n\n\n<h6 class=\"wp-block-heading\"><strong>(6) Para \u00c7ekme ve \u0130ade Esaslar\u0131<\/strong><\/h6>\n\n\n\n<p>Kara para aklama ve kredi kart\u0131n\u0131n k\u00f6t\u00fcye kullan\u0131lmas\u0131 durumlar\u0131n\u0131 \u00f6nlemek amac\u0131yla herhangi bir iade ve para \u00e7ekme i\u015flemi yap\u0131lmadan \u00f6nce \u00f6ncelikle kullan\u0131c\u0131n\u0131n ge\u00e7mi\u015f kullan\u0131m ge\u00e7mi\u015fi manuel olarak incelenecektir. Bu, herhangi bir kart sahtekarl\u0131\u011f\u0131n\u0131n zaman\u0131nda durdurulmas\u0131na yard\u0131mc\u0131 olacakt\u0131r.<\/p>\n\n\n\n<h5 class=\"wp-block-heading\">3. Alg\u0131la<\/h5>\n\n\n\n<h6 class=\"wp-block-heading\"><strong>(1) Sunucu \u0130ncelemesi<\/strong><\/h6>\n\n\n\n<p>Sunucumuzda herhangi bir hata tespit edildi\u011finde, planlanm\u0131\u015f otomatik sunucu incelememiz arac\u0131l\u0131\u011f\u0131yla bir acil \u00e7a\u011fr\u0131 devreye girecek ve olu\u015fabilecek zararlar\u0131 en aza indirmek i\u00e7in t\u00fcm sistem kapat\u0131lacakt\u0131r.<\/p>\n\n\n\n<h6 class=\"wp-block-heading\"><strong>(2) Veritaban\u0131 \u015eifreleme<\/strong><\/h6>\n\n\n\n<p>Hassas verileriniz veritaban\u0131m\u0131zda saklan\u0131rken \u015fifrelenecektir. \u015eifrelenmi\u015f verilerin \u015fifresini \u00e7\u00f6zmek zordur.<\/p>\n\n\n\n<h6 class=\"wp-block-heading\"><strong>(3) Ba\u011f\u0131ms\u0131z Doland\u0131r\u0131c\u0131l\u0131k Tespit Sistemi<\/strong><\/h6>\n\n\n\n<p>Herkese a\u00e7\u0131k bir blockchain, \u00e7oklu d\u00fc\u011f\u00fcmlerle olu\u015fturulan bir a\u011fd\u0131r. Tamamen a\u00e7\u0131kt\u0131r ve herkes a\u011fa kat\u0131labilir ve kat\u0131labilir. D\u00fc\u011f\u00fcm\u00fcn s\u00fcreci ve performans\u0131n\u0131n izlenmesi gerekir. bitwallet, g\u00fcnl\u00fck kayd\u0131n\u0131 kaydederken her nota ili\u015fkin ger\u00e7ek zamanl\u0131 bilgi toplanmas\u0131na olanak tan\u0131yan bir izleme sunucusu uygulad\u0131. Bu, d\u00fc\u011f\u00fcmlerin i\u015flemleri aras\u0131ndaki do\u011frulamay\u0131 kullanarak erken tespit edilen herhangi bir yetkisiz eri\u015fimi veya i\u015flemi kontrol etmemize ve eyleme ge\u00e7irmemize olanak tan\u0131r.<\/p>\n\n\n\n<h5 class=\"wp-block-heading\">4. Yan\u0131t verin<\/h5>\n\n\n\n<h6 class=\"wp-block-heading\"><strong>(1) Acil Durum Planlar\u0131<\/strong><\/h6>\n\n\n\n<p>G\u00fcvenlik sorunlar\u0131na \u00e7\u00f6z\u00fcm bulmak i\u00e7in acil durum planlar\u0131 mevcuttur. Kar\u015f\u0131 \u00f6nlemler ve \u00f6nleme, g\u00fcvenlik hatalar\u0131n\u0131 taklit eden kapsaml\u0131 senaryo bazl\u0131 zorluklarla etkin bir \u015fekilde form\u00fcle edilir ve uygulan\u0131r.<\/p>\n\n\n\n<h6 class=\"wp-block-heading\"><strong>(2) Olay Analizi<\/strong><\/h6>\n\n\n\n<p>bitwallet, geli\u015ftirme s\u00fcreci boyunca bir\u00e7ok do\u011frulama testinden ve analizinden ge\u00e7mi\u015ftir ve yay\u0131nland\u0131ktan sonra da g\u00fcvenlik kontrol\u00fc yapmaya devam edecektir. Kontrol s\u0131ras\u0131nda herhangi bir g\u00fcvenlik a\u00e7\u0131\u011f\u0131 tespit edilirse ekip, sorunu h\u0131zl\u0131 bir \u015fekilde tespit edip d\u00fczeltmek i\u00e7in \u00e7al\u0131\u015facak.<\/p>\n\n\n\n<h5 class=\"wp-block-heading\">5. Kurtar<\/h5>\n\n\n\n<h6 class=\"wp-block-heading\"><strong>(1) Planlar\u0131 Kurtarmak<\/strong><\/h6>\n\n\n\n<p>G\u00fcvenlik ar\u0131zalar\u0131n\u0131 gidermek i\u00e7in kurtarma planlar\u0131 mevcuttur ve daha h\u0131zl\u0131 kurtarma s\u00fcresi sa\u011flayan, sorun giderme k\u0131lavuzunda yaz\u0131lan kapsaml\u0131 ve ayr\u0131nt\u0131l\u0131 ad\u0131mlara dayal\u0131 olarak y\u00fcr\u00fct\u00fcl\u00fcr.<\/p>\n\n\n\n<h6 class=\"wp-block-heading\"><strong>(2) M\u00fchendislik ekibi s\u00fcrekli olarak stabiliteyi iyile\u015ftirmek ve yeni riskler i\u00e7in \u00e7\u00f6z\u00fcm form\u00fcle etmek i\u00e7in \u00e7al\u0131\u015f\u0131yor<\/strong><\/h6>\n\n\n\n<p>bitwallet ekibi, \u015fifreleme uzmanlar\u0131ndan, profesyonel ki\u015filerden ve en son teknolojiyle beklenmedik risklerle m\u00fccadele eden yetenekli m\u00fchendislerden olu\u015fur.<\/p>\n\n\n\n<h6 class=\"wp-block-heading\"><strong>(3) G\u00fcvenlik Yan\u0131t\u0131 S\u00fcrecini \u0130yile\u015ftirin<\/strong><\/h6>\n\n\n\n<p>Birden fazla \u015firket aras\u0131nda ortak bir g\u00fcvenlik ar\u0131zas\u0131 olmas\u0131 durumunda, veri yaz\u0131\u015fmas\u0131n\u0131 iyile\u015ftirmek amac\u0131yla bilgiler payla\u015f\u0131lmak \u00fczere kaydedilecek ve ar\u015fivlenecektir. Ayr\u0131ca, g\u00fcvenlik ihlalleriyle ba\u015fa \u00e7\u0131kmak i\u00e7in m\u00fcdahale s\u00fcrecinde s\u00fcrekli incelemeler ve iyile\u015ftirmeler yap\u0131l\u0131yor.<\/p>\n\n\n\n<h4 class=\"wp-block-heading\"><strong>Uygulama Katmanlar\u0131<\/strong><\/h4>\n\n\n\n<p>Katmanlar, bir kurulu\u015fun temel i\u015flevleri nas\u0131l uygulad\u0131\u011f\u0131n\u0131 ve risklerini nas\u0131l y\u00f6netti\u011fini yans\u0131t\u0131r. bitwallet, geli\u015fmi\u015f y\u00f6netim s\u00fcreciyle en y\u00fcksek seviyeye ula\u015fmay\u0131 ama\u00e7lamaktad\u0131r.<\/p>\n\n\n\n<h5 class=\"wp-block-heading\">1. Risk Y\u00f6netimi S\u00fcreci<\/h5>\n\n\n\n<p>bitwallet&#039;de g\u00fcvenlik riski y\u00f6netimi \u00f6nlemleri y\u00f6netim taraf\u0131ndan onaylan\u0131r ve politika olarak olu\u015fturulur. Ekibimiz g\u00fcvenlik \u00f6nlemlerini birinci \u00f6ncelik olarak ele alacakt\u0131r.<\/p>\n\n\n\n<h5 class=\"wp-block-heading\">2. Entegre Risk Y\u00f6netimi Program\u0131<\/h5>\n\n\n\n<p>bitwallet \u00e7al\u0131\u015fanlar\u0131n\u0131n t\u00fcm\u00fc siber g\u00fcvenlik bilgileriyle ilgili risk y\u00f6netimine kat\u0131l\u0131r.<\/p>\n\n\n\n<h4 class=\"wp-block-heading\"><strong>\u00c7er\u00e7eve Profili<\/strong><\/h4>\n\n\n\n<p>bitwallet&#039;nin siber g\u00fcvenlik riskini azaltmak i\u00e7in bir yol haritas\u0131 olu\u015fturmas\u0131na ve mevcut durumumuzu, istenen hedef durumu ve risk y\u00f6netimi s\u00fcrecini tan\u0131mlamas\u0131na yard\u0131mc\u0131 olan profil.<\/p>\n\n\n\n<p>bitwallet, Amerika Birle\u015fik Devletleri Y\u00f6netici Emri \u2013 \u201cKritik Altyap\u0131 Siber G\u00fcvenli\u011fini \u0130yile\u015ftirme \u00c7er\u00e7evesi\u201dni temel al\u0131r ve sekt\u00f6rdeki en iyi uygulamalar\u0131 uluslararas\u0131 bir perspektiften birle\u015ftirir.<\/p>\n\n\n\n<hr class=\"wp-block-separator has-alpha-channel-opacity\"\/>\n\n\n\n<p>Ek H\u00fck\u00fcmler<\/p>\n\n\n\n<p>G\u00f6r\u00fcnt\u00fclenen \u00fccret 1 Temmuz 2018&#039;den itibaren ba\u015flayacakt\u0131r.<\/p>\n\n\n\n<p>Revizyon<\/p>\n\n\n\n<p>2.5 Operasyonel Kontrol (1) Selfie G\u00f6nderimi 1 A\u011fustos 2018&#039;de revize edilmi\u015ftir.<br>1. Kimlik 21 Ocak 2022 tarihinde revize edilmi\u015ftir.<\/p>\n<\/div>\n\n\n\n<div class=\"wp-block-cover alignwide is-light help\"><span aria-hidden=\"true\" class=\"wp-block-cover__background has-background-dim-0 has-background-dim\"><\/span><img loading=\"lazy\" decoding=\"async\" width=\"2048\" height=\"336\" class=\"wp-block-cover__image-background wp-image-289\" alt=\"\" src=\"https:\/\/bitwallet.com\/wp-content\/uploads\/2023\/06\/mv-support-jpg.webp\" style=\"object-position:50% 50%\" data-object-fit=\"cover\" data-object-position=\"50% 50%\"\/><div class=\"wp-block-cover__inner-container has-global-padding is-layout-constrained wp-block-cover-is-layout-constrained\">\n<p class=\"has-large-font-size translation-block\"><strong>Yard\u0131ma ihtiyac\u0131n var m\u0131?<\/strong><br> <strong>Yard\u0131mc\u0131 olmak i\u00e7in buraday\u0131z.<\/strong><\/p>\n\n\n\n<p class=\"translation-block\">Destek ekibimiz size hizmet etmeye adanm\u0131\u015ft\u0131r.<br> Hizmetlerimizle ilgili sorular\u0131n\u0131z varsa bize ula\u015f\u0131n.<\/p>\n\n\n\n<div class=\"wp-block-buttons is-layout-flex wp-block-buttons-is-layout-flex\">\n<div class=\"wp-block-button\"><a class=\"wp-block-button__link wp-element-button\" href=\"\/tr\/support\/contact\/\">Bize Ula\u015f\u0131n<\/a><\/div>\n<\/div>\n<\/div><\/div>","protected":false},"excerpt":{"rendered":"<p>bitwallet G\u00fcvenlik \u00d6nlemleri bitwallet (Bitwallet Hizmet Grubu), m\u00fc\u015fterilerin fonlar\u0131n\u0131 platformumuzda g\u00fcvende ve emniyette tutmak i\u00e7in hem \u00e7evrimi\u00e7i hem de \u00e7evrimd\u0131\u015f\u0131 y\u00fcksek d\u00fczeyde g\u00fcvenli\u011fe sahip, lider bir \u00f6deme hizmeti sa\u011flay\u0131c\u0131s\u0131d\u0131r. Misyonumuz, t\u00fcm kullan\u0131c\u0131lar i\u00e7in sezgisel bir tarama deneyimi elde ederken g\u00fcvenli\u011fin iyile\u015ftirilmesi i\u00e7in s\u00fcrekli \u00e7aba g\u00f6stermektir. Ekip, platformumuzda daha iyi bir g\u00fcvenlik olu\u015fturman\u0131n m\u00fc\u015fterilerimizle aram\u0131zdaki g\u00fcveni g\u00fc\u00e7lendirece\u011fine inan\u0131yor. Ekibimiz doland\u0131r\u0131c\u0131l\u0131k ve izinsiz kullan\u0131ma kar\u015f\u0131 g\u00fcvenlik \u00f6nlemlerini ciddiyetle almaktad\u0131r. Platformumuzda uluslararas\u0131 uyumluluk standartlar\u0131n\u0131n sa\u011flanmas\u0131 amac\u0131yla AML (Kara Para Aklaman\u0131n \u00d6nlenmesi), KYC (M\u00fc\u015fteri Kimli\u011finizi Do\u011frulay\u0131n) vb. d\u00fczenlemeler hayata ge\u00e7irilmi\u015ftir. G\u00f6r\u00fcnt\u00fcle\u2026<\/p>","protected":false},"author":5,"featured_media":0,"parent":32,"menu_order":21,"comment_status":"closed","ping_status":"closed","template":"","meta":{"footnotes":""},"class_list":["post-927","page","type-page","status-publish","hentry"],"_links":{"self":[{"href":"https:\/\/bitwallet.com\/tr\/wp-json\/wp\/v2\/pages\/927","targetHints":{"allow":["GET"]}}],"collection":[{"href":"https:\/\/bitwallet.com\/tr\/wp-json\/wp\/v2\/pages"}],"about":[{"href":"https:\/\/bitwallet.com\/tr\/wp-json\/wp\/v2\/types\/page"}],"author":[{"embeddable":true,"href":"https:\/\/bitwallet.com\/tr\/wp-json\/wp\/v2\/users\/5"}],"replies":[{"embeddable":true,"href":"https:\/\/bitwallet.com\/tr\/wp-json\/wp\/v2\/comments?post=927"}],"version-history":[{"count":26,"href":"https:\/\/bitwallet.com\/tr\/wp-json\/wp\/v2\/pages\/927\/revisions"}],"predecessor-version":[{"id":4648,"href":"https:\/\/bitwallet.com\/tr\/wp-json\/wp\/v2\/pages\/927\/revisions\/4648"}],"up":[{"embeddable":true,"href":"https:\/\/bitwallet.com\/tr\/wp-json\/wp\/v2\/pages\/32"}],"wp:attachment":[{"href":"https:\/\/bitwallet.com\/tr\/wp-json\/wp\/v2\/media?parent=927"}],"curies":[{"name":"wp","href":"https:\/\/api.w.org\/{rel}","templated":true}]}}