{"id":922,"date":"2023-09-13T16:55:29","date_gmt":"2023-09-13T07:55:29","guid":{"rendered":"https:\/\/bitwallet.com\/?page_id=922"},"modified":"2024-03-25T15:11:00","modified_gmt":"2024-03-25T06:11:00","slug":"status","status":"publish","type":"page","link":"https:\/\/bitwallet.com\/tr\/service\/status\/","title":{"rendered":"hesap durumu"},"content":{"rendered":"<div class=\"wp-block-cover alignwide header\"><span aria-hidden=\"true\" class=\"wp-block-cover__background has-black-background-color has-background-dim-0 has-background-dim\"><\/span><img loading=\"lazy\" decoding=\"async\" width=\"2000\" height=\"360\" class=\"wp-block-cover__image-background wp-image-1127\" alt=\"\" src=\"https:\/\/bitwallet.com\/wp-content\/uploads\/2023\/09\/mv-serive_status-jpg.webp\" data-object-fit=\"cover\"\/><div class=\"wp-block-cover__inner-container has-global-padding is-layout-constrained wp-block-cover-is-layout-constrained\">\n<h1 class=\"wp-block-heading has-text-align-left effect00\">hesap durumu<\/h1>\n\n\n\n<p class=\"effect00 fadeTimeA\">Kulland\u0131k\u00e7a daha fazla ek \u00f6zellik kullan\u0131labilir<\/p>\n<\/div><\/div>\n\n\n\n<h2 class=\"wp-block-heading has-text-align-left effect00\">hesap durumu<\/h2>\n\n\n\n<p>Gerekli kimlik do\u011frulama belgelerini y\u00fcklerken hesap durumunuzu y\u00fckseltin. Daha fazla eklenen \u00f6zelli\u011fi geni\u015fletin. Hesap kullan\u0131m\u0131n\u0131z\u0131 biriktirdik\u00e7e yar\u0131 oran\u0131nda para yat\u0131rma ve \u00e7ekme \u00fccretinin tad\u0131n\u0131 \u00e7\u0131kar\u0131n.<\/p>\n\n\n\n<p>Y\u0131l i\u00e7erisinde kulland\u0131k\u00e7a hesap durumu de\u011fi\u015fecektir. Daha fazla ekleme \u00f6zelli\u011fi ve ayr\u0131cal\u0131\u011f\u0131 kullan\u0131m\u0131n\u0131za sunulacakt\u0131r.<\/p>\n\n\n\n<div class=\"wp-block-group box account-status effect00 fadeTimeB has-global-padding is-layout-constrained wp-block-group-is-layout-constrained\">\n<h3 class=\"wp-block-heading\">Hesap Durumunu G\u00f6r\u00fcnt\u00fcle<\/h3>\n\n\n\n<h4 class=\"wp-block-heading\">Kay\u0131t Durumu ve Kullan\u0131m<\/h4>\n\n\n\n<div class=\"tblScrl\">\n<!-- table start -->\n<div class=\"statusTable01 statusTable01Information01 spaceCommon04\">\n\n<!-- table header start -->\n<div class=\"flexCommon01 statusTable01Header01 statusTable01Layout01\">\n<div class=\"statusTrial01\">\n<p class=\"statusTable01Header01Name01\">Duru\u015fma<\/p>\n<p class=\"statusTable01Header01Txt01\">\nHesab\u0131n\u0131z kaydedildi. Do\u011frulama belgelerini g\u00f6nderirseniz hesap durumunuz y\u00fckseltilecektir.\n<\/p>\n<\/div>\n<div class=\"statusBasic01\">\n<p class=\"statusTable01Header01Name01\">Temel<\/p>\n<p class=\"statusTable01Header01Txt01\">\nHer do\u011frulama belgesini y\u00fckledikten sonra t\u00fcm bitwallet \u00f6zelliklerinin keyfini \u00e7\u0131kar\u0131n.\n<\/p>\n<\/div>\n<div class=\"statusPro01\">\n<p class=\"statusTable01Header01Name01\">Profesyonel<\/p>\n<p class=\"statusTable01Header01Txt01 translation-block\">Sabit depozitolu kullan\u0131c\u0131lar, normal \u00fccretten daha az 25% ile para \u00e7ekebilirler. <span class=\"pl10 fs07\">(\u203b1)<\/span><\/p>\n<\/div>\n<div class=\"statusUnlimited01\">\n<p class=\"statusTable01Header01Name01\"><span class=\"only-en\">S\u0131n\u0131rs\u0131z<\/span><span class=\"only-ja\">bu<\/span><\/p>\n<p class=\"statusTable01Header01Txt01 translation-block\">Daha fazla kulland\u0131k\u00e7a 50% daha az para \u00e7ekme \u00fccretinin keyfini \u00e7\u0131kar\u0131n. <span class=\"pl10 fs07\">(\u203b1)<\/span><\/p>\n<\/div>\n<\/div>\n<!-- table header end -->\n\n<!-- table body start -->\n<div class=\"statusTable01Body01 statusTable01Layout01\">\n<div class=\"statusTable01Body01Inner01 statusTable01Layout01\">\n<div class=\"statusTable01Body01Inner02 statusTable01Layout01\">\n<div class=\"statusTable01Body01Inner03 statusTable01Layout01\">\n\n<ul class=\"listLayout30\">\n\n<!-- table tbody start -->\n<li class=\"statusTable01Tbody01\">\n\n<!-- table tbody chapter start -->\n<p class=\"statusTable01Tbody01Name02 chapterCommon01 styleA fcBlue01\">\nDo\u011frulama Belgelerinin G\u00f6nderimi\n<\/p>\n<!-- table tbody chapter end -->\n\n<ul class=\"listLayout15\">\n\n<!-- table tr start -->\n<li class=\"statusTable01Tr01\">\n<div class=\"statusTable01Tr01Name01\"><p>\nKimlik Selfie do\u011frulamas\u0131 tamamland\u0131\n<\/p><\/div>\n<p class=\"statusTable01Td01 tdColspan3 tdStart2\"><\/p>\n<\/li>\n<!-- table tr end -->\n\n<!-- table tr start -->\n<li class=\"statusTable01Tr01\">\n<div class=\"statusTable01Tr01Name01\"><p>\nMevcut konut do\u011frulamas\u0131n\u0131n tamamland\u0131\u011f\u0131na dair kan\u0131t (3 ay i\u00e7inde verilir)\n<\/p><\/div>\n<p class=\"statusTable01Td01 tdColspan3 tdStart2\"><\/p>\n<\/li>\n<!-- table tr end -->\n\n<\/ul>\n\n<\/li>\n<!-- table tbody end -->\n\n<!-- table tbody start -->\n<li class=\"statusTable01Tbody01\">\n\n<!-- table tbody chapter start -->\n<p class=\"chapterCommon01 styleA fcBlue01 mb15\">\n<span class=\"only-en\">G\u00fcvenlik<\/span><span class=\"only-ja\">\u30bb\u30ad\u30e5\u30ea\u30c6\u30a3<\/span>\n<\/p>\n<!-- table tbody chapter end -->\n\n<ul class=\"listLayout15\">\n\n<!-- table tr start -->\n<li class=\"statusTable01Tr01\">\n<div class=\"statusTable01Tr01Name01\"><p>\nBelirte\u00e7le iki fakt\u00f6rl\u00fc kimlik do\u011frulama ba\u015far\u0131yla tamamland\u0131\n<\/p><\/div>\n<p class=\"statusTable01Td01 tdColspan3 tdStart2\"><\/p>\n<\/li>\n<!-- table tr end -->\n\n<\/ul>\n\n<\/li>\n<!-- table tbody end -->\n\n<!-- table tbody start -->\n<li class=\"statusTable01Tbody01\">\n\n<!-- table tbody chapter start -->\n<p class=\"chapterCommon01 styleA fcBlue01 mb15\">\nKullan\u0131m\n<\/p>\n<!-- table tbody chapter end -->\n\n<ul class=\"listLayout15\">\n\n<!-- table tr start -->\n<li class=\"statusTable01Tr01\">\n<div class=\"statusTable01Tr01Name01\"><p>\nBir y\u0131l i\u00e7inde yat\u0131r\u0131lan tutar\n<\/p><\/div>\n<p class=\"statusTable01Td01 tdColspan1 tdStart3\">\n10.000 USD ve \u00fczeri\n<\/p>\n<p class=\"statusTable01Td01 tdColspan1 tdStart4\">\n30.000 USD ve \u00fczeri\n<\/p>\n<\/li>\n<!-- table tr end -->\n\n<!-- table tr start -->\n<li class=\"statusTable01Tr01\">\n<div class=\"statusTable01Tr01Name01\"><p>\nBir y\u0131l i\u00e7indeki para yat\u0131rma, \u00e7ekme ve g\u00f6nderme i\u015flemlerinin s\u00fcreleri\n<\/p><\/div>\n<p class=\"statusTable01Td01 tdColspan1 tdStart3\">\n10 kat ve \u00fczeri\n<\/p>\n<p class=\"statusTable01Td01 tdColspan1 tdStart4\">\n30 kat ve \u00fczeri\n<\/p>\n<\/li>\n<!-- table tr end -->\n\n<\/ul>\n\n<\/li>\n<!-- table tbody end -->\n\n<\/ul>\n\n<\/div>\n<\/div>\n<\/div>\n<\/div>\n<!-- table body end -->\n\n<\/div>\n<!-- table end -->\n<\/div>\n\n\n\n<ul class=\"note kome wp-block-list\">\n<li>\u0130ndirim yaln\u0131zca sabit para \u00e7ekme \u00fccreti i\u00e7in ge\u00e7erlidir.<\/li>\n<\/ul>\n\n\n\n<h4 class=\"wp-block-heading\">Mevcut Hizmetler<\/h4>\n\n\n\n<div class=\"tblScrl\">\n<!-- table start -->\n<div class=\"statusTable01 statusTable01Service01 spaceCommon04\">\n\n<!-- table header start -->\n<div class=\"flexCommon01 statusTable01Header01 statusTable01Layout01\">\n<div class=\"statusTrial01\">\n<p class=\"statusTable01Header01Name02\">Duru\u015fma<span class=\"pl10 fs07\">(\u203b)<\/span><\/p>\n<\/div>\n<div class=\"statusBasic01\">\n<p class=\"statusTable01Header01Name02\">Temel<\/p>\n<\/div>\n<div class=\"statusPro01\">\n<p class=\"statusTable01Header01Name02\">Profesyonel<\/p>\n<\/div>\n<div class=\"statusUnlimited01\">\n<p class=\"statusTable01Header01Name02\"><span class=\"only-en\">S\u0131n\u0131rs\u0131z<\/span><span class=\"only-ja\">bu<\/span><\/p>\n<\/div>\n<\/div>\n<!-- table header end -->\n\n<!-- table body start -->\n<div class=\"statusTable01Body01 statusTable01Layout01\">\n<div class=\"statusTable01Body01Inner01 statusTable01Layout01\">\n<div class=\"statusTable01Body01Inner02 statusTable01Layout01\">\n<div class=\"statusTable01Body01Inner03 statusTable01Layout01\">\n\n<ul class=\"listLayout30\">\n\n<!-- table tbody start -->\n<li class=\"statusTable01Tbody01\">\n\n<!-- table tbody chapter start -->\n<p class=\"statusTable01Tbody01Name01 chapterCommon01 styleA fcBlue01\">\n<span class=\"only-en\">Depozito<\/span><span class=\"only-ja\">\u3054\u5165\u91d1<\/span>\n<\/p>\n<!-- table tbody chapter end -->\n\n<ul class=\"listLayout15\">\n\n<!-- table tr start -->\n<li class=\"statusTable01Tr01\">\n<div class=\"statusTable01Tr01Name01\"><p>\nT\u00fcm kredi\/banka kartlar\u0131yla para yat\u0131rma\n<span class=\"pl10 fs07\">(\u203b1)<\/span><\/p><\/div>\n<p class=\"statusTable01Td01 tdColspan1 tdStart2\">\nLimit 25.000 USD \/ ay\n<\/p>\n<p class=\"statusTable01Td01 tdColspan1 tdStart3\">\nLimit 50.000 USD \/ ay\n<\/p>\n<p class=\"statusTable01Td01 tdColspan1 tdStart4\">S\u0131n\u0131rs\u0131z<\/p>\n<\/li>\n<!-- table tr end -->\n\n<!-- table tr start -->\n<li class=\"statusTable01Tr01\">\n<div class=\"statusTable01Tr01Name01\"><p>\nBanka havalesi yoluyla para yat\u0131rma\n<\/p><\/div>\n<p class=\"statusTable01Td01 tdColspan3 tdStart2\">S\u0131n\u0131rs\u0131z<\/p>\n<\/li>\n<!-- table tr end -->\n\t\n<\/ul>\n\n<\/li>\n<!-- table tbody end -->\n\n<!-- table tbody start -->\n<li class=\"statusTable01Tbody01\">\n\n<!-- table tbody chapter start -->\n<p class=\"chapterCommon01 styleA fcBlue01 mb15\">\n<span class=\"only-en\">Geri \u00e7ekilmek<\/span><span class=\"only-ja\">\u3054\u51fa\u91d1<\/span>\n<\/p>\n<!-- table tbody chapter end -->\n\n<ul class=\"listLayout15\">\n\n<!-- table tr start -->\n<li class=\"statusTable01Tr01\">\n<div class=\"statusTable01Tr01Name01\"><p>\nBanka havalesi yoluyla para \u00e7ekme<\/p><\/div>\n<p class=\"statusTable01Td01 tdColspan1 tdStart2\">S\u0131n\u0131rs\u0131z<span class=\"fs07\">(\u203b2)<\/span><\/p>\n<p class=\"statusTable01Td01 tdColspan1 tdStart3\">\nS\u0131n\u0131rs\u0131z<span class=\"fs07\">(\u203b2)<\/span> &amp; 25% daha az \u00fccret\n<\/p>\n<p class=\"statusTable01Td01 tdColspan1 tdStart4\">\nS\u0131n\u0131rs\u0131z<span class=\"fs07\">(\u203b2)<\/span> &amp; 50% daha az \u00fccret\n<\/p>\n<\/li>\n<!-- table tr end -->\n\n<\/ul>\n\n<\/li>\n<!-- table tbody end -->\n\n<!-- table tbody start -->\n<li class=\"statusTable01Tbody01\">\n\n<!-- table tbody chapter start -->\n<p class=\"chapterCommon01 styleA fcBlue01 mb15\">\n<span class=\"only-en\">\u00d6deme<\/span><span class=\"only-ja\">\u304a\u652f\u6255<\/span>\n<\/p>\n<!-- table tbody chapter end -->\n\n<ul class=\"listLayout15\">\n\n<!-- table tr start -->\n<li class=\"statusTable01Tr01\">\n<div class=\"statusTable01Tr01Name01\"><p>\nbitwallet kullan\u0131c\u0131lar\u0131 aras\u0131nda para birimi g\u00f6nder\n<\/p><\/div>\n<p class=\"statusTable01Td01 tdColspan3 tdStart2\">S\u0131n\u0131rs\u0131z<\/p>\n<\/li>\n<!-- table tr end -->\n\n<\/ul>\n\n<\/li>\n<!-- table tbody end -->\n\n<!-- table tbody start -->\n<li class=\"statusTable01Tbody01\">\n\n<!-- table tbody chapter start -->\n<p class=\"chapterCommon01 styleA fcBlue01 mb15\">\n<span class=\"only-en\">De\u011fi\u015fme<\/span><span class=\"only-ja\">\u4e21\u66ff<\/span>\n<\/p>\n<!-- table tbody chapter end -->\n\n<ul class=\"listLayout15\">\n\n<!-- table tr start -->\n<li class=\"statusTable01Tr01\">\n<div class=\"statusTable01Tr01Name01\"><p>\nPara birimi aras\u0131 de\u011fi\u015fim\n<\/p><\/div>\n<p class=\"statusTable01Td01 tdColspan3 tdStart2\">S\u0131n\u0131rs\u0131z<\/p>\n<\/li>\n<!-- table tr end -->\n\n<\/ul>\n\n<\/li>\n<!-- table tbody end -->\n\n<\/ul>\n\n<\/div>\n<\/div>\n<\/div>\n<\/div>\n<!-- table body end -->\n\n<\/div>\n<!-- table end -->\n<\/div>\n\n\n\n<ul class=\"note kome wp-block-list\">\n<li class=\"nonum\">bitwallet&#039;nin s\u0131n\u0131rl\u0131 \u00f6zelliklerine eri\u015filebilir.<\/li>\n<\/ul>\n\n\n\n<ul class=\"note kome wp-block-list\">\n<li>Onay s\u00fcrecini tamamlad\u0131ktan (kart g\u00f6rselini y\u00fckledikten) sonra kart\u0131 kullanabilirsiniz.<\/li>\n\n\n\n<li>Ki\u015fisel (bireysel) hesaplar i\u00e7in maksimum para \u00e7ekme tutar\u0131 tek seferde $5.000 ABD Dolar\u0131 ve g\u00fcnl\u00fck $20.000 ABD Dolar\u0131d\u0131r. Para \u00e7ekme ko\u015fullar\u0131 \u00fclkeye ve para birimine ba\u011fl\u0131 olarak de\u011fi\u015febilir.<\/li>\n\n\n\n<li class=\"only-ja\">Daha fazla bilgi i\u00e7in: bu bir ger\u00e7ek.<\/li>\n<\/ul>\n<\/div>\n\n\n\n<div class=\"wp-block-cover alignwide is-light help\"><span aria-hidden=\"true\" class=\"wp-block-cover__background has-background-dim-0 has-background-dim\"><\/span><img loading=\"lazy\" decoding=\"async\" width=\"2048\" height=\"336\" class=\"wp-block-cover__image-background wp-image-289\" alt=\"\" src=\"https:\/\/bitwallet.com\/wp-content\/uploads\/2023\/06\/mv-support-jpg.webp\" style=\"object-position:50% 50%\" data-object-fit=\"cover\" data-object-position=\"50% 50%\"\/><div class=\"wp-block-cover__inner-container has-global-padding is-layout-constrained wp-block-cover-is-layout-constrained\">\n<p class=\"has-large-font-size translation-block\"><strong>Yard\u0131ma ihtiyac\u0131n var m\u0131?<\/strong><br> <strong>Yard\u0131mc\u0131 olmak i\u00e7in buraday\u0131z.<\/strong><\/p>\n\n\n\n<p class=\"translation-block\">Destek ekibimiz size hizmet etmeye adanm\u0131\u015ft\u0131r.<br> Hizmetlerimizle ilgili sorular\u0131n\u0131z varsa bize ula\u015f\u0131n.<\/p>\n\n\n\n<div class=\"wp-block-buttons is-layout-flex wp-block-buttons-is-layout-flex\">\n<div class=\"wp-block-button\"><a class=\"wp-block-button__link wp-element-button\" href=\"\/tr\/support\/contact\/\">Bize Ula\u015f\u0131n<\/a><\/div>\n<\/div>\n<\/div><\/div>","protected":false},"excerpt":{"rendered":"<p>Para \u00e7ekme \u00fccretlerinde indirimlerden yararlanmak i\u00e7in daha y\u00fcksek hesap durumu seviyelerine y\u00fckseltin. Mevduat\u0131n\u0131z\u0131 ve i\u015flemlerinizi kolayl\u0131kla takip edin. Bug\u00fcn \u00fccretsiz kaydolun.<\/p>","protected":false},"author":5,"featured_media":0,"parent":32,"menu_order":19,"comment_status":"closed","ping_status":"closed","template":"","meta":{"footnotes":""},"class_list":["post-922","page","type-page","status-publish","hentry"],"_links":{"self":[{"href":"https:\/\/bitwallet.com\/tr\/wp-json\/wp\/v2\/pages\/922","targetHints":{"allow":["GET"]}}],"collection":[{"href":"https:\/\/bitwallet.com\/tr\/wp-json\/wp\/v2\/pages"}],"about":[{"href":"https:\/\/bitwallet.com\/tr\/wp-json\/wp\/v2\/types\/page"}],"author":[{"embeddable":true,"href":"https:\/\/bitwallet.com\/tr\/wp-json\/wp\/v2\/users\/5"}],"replies":[{"embeddable":true,"href":"https:\/\/bitwallet.com\/tr\/wp-json\/wp\/v2\/comments?post=922"}],"version-history":[{"count":39,"href":"https:\/\/bitwallet.com\/tr\/wp-json\/wp\/v2\/pages\/922\/revisions"}],"predecessor-version":[{"id":4701,"href":"https:\/\/bitwallet.com\/tr\/wp-json\/wp\/v2\/pages\/922\/revisions\/4701"}],"up":[{"embeddable":true,"href":"https:\/\/bitwallet.com\/tr\/wp-json\/wp\/v2\/pages\/32"}],"wp:attachment":[{"href":"https:\/\/bitwallet.com\/tr\/wp-json\/wp\/v2\/media?parent=922"}],"curies":[{"name":"wp","href":"https:\/\/api.w.org\/{rel}","templated":true}]}}