{"id":80,"date":"2023-05-10T16:18:02","date_gmt":"2023-05-10T07:18:02","guid":{"rendered":"https:\/\/bitwallet.com\/?page_id=80"},"modified":"2026-01-08T10:28:41","modified_gmt":"2026-01-08T01:28:41","slug":"handling-fee","status":"publish","type":"page","link":"https:\/\/bitwallet.com\/tr\/service\/handling-fee\/","title":{"rendered":"T\u00fcm \u00dccretler"},"content":{"rendered":"<div class=\"wp-block-cover alignwide header\"><img loading=\"lazy\" decoding=\"async\" width=\"2000\" height=\"360\" class=\"wp-block-cover__image-background wp-image-92\" alt=\"\" src=\"https:\/\/bitwallet.com\/wp-content\/uploads\/2023\/05\/handlingfee_visual01-jpg.webp\" data-object-fit=\"cover\"\/><span aria-hidden=\"true\" class=\"wp-block-cover__background has-black-background-color has-background-dim-0 has-background-dim\"><\/span><div class=\"wp-block-cover__inner-container has-global-padding is-layout-constrained wp-block-cover-is-layout-constrained\">\n<h1 class=\"wp-block-heading has-text-align-left effect00\">T\u00fcm \u00dccretler<\/h1>\n\n\n\n<p class=\"effect00 fadeTimeA\">Ge\u00e7erli \u00fccretlerin listesi<\/p>\n<\/div><\/div>\n\n\n\n<h2 class=\"wp-block-heading effect00\">Farkl\u0131 hesap t\u00fcrleri i\u00e7in \u00fccretler<\/h2>\n\n\n\n<p>bitwallet hizmetlerimizi kullan\u0131rken hesap t\u00fcrlerinize (Ki\u015fisel, Ticari ve Ticari hesap) g\u00f6re a\u015fa\u011f\u0131daki \u00fccretler uygulanacakt\u0131r.<\/p>\n\n\n\n<div class=\"wp-block-group box effect00 fadeTimeB has-global-padding is-layout-constrained wp-block-group-is-layout-constrained\">\n<h3 class=\"wp-block-heading\">Ge\u00e7erli \u00dccretlerin Listesi<\/h3>\n\n\n\n<h4 class=\"wp-block-heading only-en\">\u00d6DEMEYE HAZIRLANIN<\/h4>\n\n\n\n<h4 class=\"wp-block-heading only-ja\">\u304a\u652f\u6255\u6e96\u5099<\/h4>\n\n\n\n<div class=\"wp-block-group tblScrl has-global-padding is-layout-constrained wp-block-group-is-layout-constrained\">\n<table style=\"width: 100%; height: 64px;\">\n<tbody>\n<tr style=\"height: 41px;\">\n<th class=\"w30p\" style=\"height: 41px;\"><span class=\"only-en\">Y\u00f6ntem<\/span><span class=\"only-ja\">Yenilik<span><\/th>\n<th class=\"w20p\" style=\"height: 41px;\">Kanal<\/th>\n<th class=\"w25p bl translation-block\" style=\"height: 41px;\">Ki\u015fisel\/\u0130\u015f<br> Hesap<\/th>\n<th class=\"w25p bl translation-block\" style=\"height: 41px;\">T\u00fcccar<br> Hesap<\/th>\n<\/tr>\n<tr style=\"height: 23px;\">\n<td style=\"height: 23px;\" class=\"translation-block\">Banka Havalesi <sub>\uff08\u203b1\uff09<\/sub><\/td>\n<td style=\"height: 23px;\" class=\"translation-block\">\u00e7e\u015fitli yerel bankalar arac\u0131l\u0131\u011f\u0131yla <sub>\uff08\u203b2\uff09<\/sub><\/td>\n<td style=\"height: 23px;\" colspan=\"2\">\u00dclkeye ba\u011fl\u0131 olarak $0&#039;dan<sub>\uff08\u203b2\uff09<\/sub><\/td>\n<\/tr>\n<\/tbody>\n<\/table>\n<\/div>\n\n\n\n<ul class=\"wp-block-list note kome\">\n<li>Banka havalesi veya arac\u0131 banka havalesi \u00fccreti i\u00e7in ek \u00fccretler ge\u00e7erlidir.<\/li>\n\n\n\n<li>Hesab\u0131n\u0131za giri\u015f yapt\u0131\u011f\u0131n\u0131zda daha fazla bilgiye ula\u015fabilirsiniz.<\/li>\n<\/ul>\n\n\n\n<h4 class=\"wp-block-heading only-en\">\u00d6DEME<\/h4>\n\n\n\n<h4 class=\"wp-block-heading only-ja\">\u304a\u652f\u6255<\/h4>\n\n\n\n<div class=\"wp-block-group tblScrl has-global-padding is-layout-constrained wp-block-group-is-layout-constrained\">\n<table style=\"width: 100%; height: 128px;\">\n<tbody>\n<tr style=\"height: 20px;\">\n<th class=\"w30p\" style=\"height: 20px;\">Y\u00f6ntem<\/th>\n<th class=\"w20p\" style=\"height: 20px;\">Marka\/Para Birimi<\/th>\n<th class=\"w25p bl translation-block\" style=\"height: 20px;\">Ki\u015fisel\/\u0130\u015f<br> Hesap<\/th>\n<th class=\"w25p bl translation-block\" style=\"height: 20px;\">T\u00fcccar<br> Hesap<\/th>\n<\/tr>\n<tr style=\"height: 88px;\">\n<td style=\"height: 88px;\">bitwallet \u00f6demesi<\/td>\n<td style=\"height: 88px;\">Mevcut t\u00fcm para birimleri<\/td>\n<td style=\"height: 88px;\" colspan=\"2\">\n<p>$0 kadar d\u00fc\u015f\u00fck<\/p>\n<\/td>\n<\/tr>\n<tr style=\"height: 20px;\">\n<td style=\"height: 20px;\">Kredi \/ Banka Kart\u0131<\/td>\n<td style=\"height: 20px;\">T\u00fcm \u00f6nemli kartlar<\/td>\n<td style=\"height: 20px;\" colspan=\"2\">Kart markas\u0131na ba\u011fl\u0131 olarak<\/td>\n<\/tr>\n<\/tbody>\n<\/table>\n<\/div>\n\n\n\n<h4 class=\"wp-block-heading only-en\">\u00d6DEME ALIN<\/h4>\n\n\n\n<h4 class=\"wp-block-heading only-ja\">\u304a\u53d7\u53d6<\/h4>\n\n\n\n<div class=\"wp-block-group tblScrl has-global-padding is-layout-constrained wp-block-group-is-layout-constrained\">\n<table style=\"width: 100%; height: 222px;\">\n<tbody>\n<tr style=\"height: 62px;\">\n<th class=\"w30p\" style=\"height: 62px;\">Y\u00f6ntem<\/th>\n<th class=\"w20p\" style=\"height: 62px;\"><span class=\"only-en\">Para birimi<\/span><span class=\"only-ja\">\u901a\u8ca8<\/span><\/th>\n<th class=\"w30p\" style=\"height: 62px;\">\u00dccret<\/th>\n<th class=\"w20p\" style=\"height: 62px;\"><span class=\"only-en\">Asgari<br>\u00f6deme<br>miktar<\/span><span class=\"only-ja\">En son ne zaman bir \u015fey yapaca\u011f\u0131m?<\/span><\/th>\n<\/tr>\n<tr style=\"height: 20px;\">\n<td style=\"height: 80px;\" rowspan=\"4\" class=\"translation-block\">Banka Havalesi<br> bireyler<br> <sub>\uff08\u203b1\uff09<\/sub><\/td>\n<td style=\"height: 20px;\">USD<\/td>\n<td style=\"height: 80px;\" rowspan=\"4\" class=\"translation-block\">USD 10 veya \u00fclkeye ba\u011fl\u0131 olarak e\u015fde\u011fer miktar <sub>\uff08\u203b2\uff09<\/sub><\/td>\n<td style=\"height: 20px;\">USD 10<\/td>\n<\/tr>\n<tr style=\"height: 20px;\">\n<td class=\"notfC\" style=\"height: 20px;\">EUR<\/td>\n<td style=\"height: 20px;\">EUR 10<\/td>\n<\/tr>\n<tr style=\"height: 20px;\">\n<td class=\"notfC\" style=\"height: 20px;\">JPY<\/td>\n<td style=\"height: 20px;\">JPY 1.000<\/td>\n<\/tr>\n<tr style=\"height: 20px;\">\n<td class=\"notfC\" style=\"height: 20px;\">AUD<\/td>\n<td style=\"height: 20px;\">AUD 10<\/td>\n<\/tr>\n<tr style=\"height: 20px;\">\n<td class=\"lRfC translation-block\" style=\"height: 80px;\" rowspan=\"4\">Elektronik transfer<br> i\u015fletmeler i\u00e7in <sub>\uff08\u203b1\uff09<\/sub><\/td>\n<td style=\"height: 20px;\">USD<\/td>\n<td style=\"height: 80px;\" rowspan=\"4\" class=\"translation-block\">0.8%&#039;den itibaren, i\u015f t\u00fcr\u00fcne ba\u011fl\u0131d\u0131r <sub>\uff08\u203b2\uff09<\/sub> &amp; <sub>\uff08\u203b3\uff09<\/sub><\/td>\n<td style=\"height: 20px;\">USD 10<\/td>\n<\/tr>\n<tr style=\"height: 20px;\">\n<td class=\"notfC\" style=\"height: 20px;\">EUR<\/td>\n<td style=\"height: 20px;\">EUR 10<\/td>\n<\/tr>\n<tr style=\"height: 20px;\">\n<td class=\"notfC\" style=\"height: 20px;\">JPY<\/td>\n<td style=\"height: 20px;\">JPY 1.000<\/td>\n<\/tr>\n<tr style=\"height: 20px;\">\n<td class=\"notfC\" style=\"height: 20px;\">AUD<\/td>\n<td style=\"height: 20px;\">AUD 10<\/td>\n<\/tr>\n<\/tbody>\n<\/table>\n<\/div>\n\n\n\n<ul class=\"wp-block-list note kome\">\n<li>Banka havalesi veya arac\u0131 banka havalesi \u00fccreti i\u00e7in ek \u00fccretler ge\u00e7erlidir.<\/li>\n\n\n\n<li>Hesab\u0131n\u0131za giri\u015f yapt\u0131\u011f\u0131n\u0131zda daha fazla bilgiye ula\u015fabilirsiniz.<\/li>\n\n\n\n<li>Ticari hesap ve ticari hesap \u00fccretleri i\u00e7in l\u00fctfen hesab\u0131n\u0131za giri\u015f yapt\u0131ktan sonra bize bir soru g\u00f6nderin.<\/li>\n\n\n\n<li class=\"only-ja nothonyaku\" data-no-translation=\"\">\u53d7\u53d6\u9280\u884c\u307e\u305f\u306f\u4e2d\u7d99\u9280\u884c\u306b\u3088\u3063\u3066\u306f10\u65e5\u4ee5\u4e0a\u304b\u304b\u308b\u5834\u5408\u3082\u3054\u3056\u3044\u307e\u3059\u3002<\/li>\n\n\n\n<li class=\"nonum\">Kara para aklama, kredi kart\u0131n\u0131n k\u00f6t\u00fcye kullan\u0131lmas\u0131 ve nakit avans gibi doland\u0131r\u0131c\u0131l\u0131klar\u0131n \u00f6nlenmesi amac\u0131yla, kredi kart\u0131 ve \u00f6n \u00f6demeli kartla bir ay i\u00e7erisinde yap\u0131lan \u00f6deme ve depozitolar dikkatlice incelenecek ve bitwallet&#039;nin takdirine ba\u011fl\u0131 olarak al\u0131c\u0131n\u0131n banka hesab\u0131na aktar\u0131lacakt\u0131r. \u0130\u015fleme i\u00e7in ekstra s\u00fcreye ihtiya\u00e7 duyulabilir.<\/li>\n\n\n\n<li class=\"nonum translation-block\">A\u015fa\u011f\u0131da para transferinin yasak oldu\u011fu \u00fclkelerdeki bankalara para transferi yapamazs\u0131n\u0131z.<br> Bu listede yer almayan baz\u0131 \u00fclkeler, duruma g\u00f6re ayr\u0131 ayr\u0131 de\u011ferlendirilecektir.<br> Afganistan, Benin, Bonaire, Burundi, Orta Afrika Cumhuriyeti, \u00c7ad, Kongo, K\u0131r\u0131m, K\u00fcba, Cibuti, Ekvator Ginesi, Eritre, Gabon, Gambiya, Gine, Gine-Bissau, Guyana, \u0130ran, Irak, Kazakistan, K\u0131rg\u0131zistan, Lao Demokratik Halk Cumhuriyeti, Liberya, Libya Madagaskar, Malavi, Mali, Moritanya, Montserrat, Myanmar, Nauru, Nijer, Norfolk Adas\u0131, Kuzey Kore, Palau, Papua Yeni Gine, St. Barth\u00e9lemy Adas\u0131, St. Kitts ve Nevis, St. Martin, Sint Maarten Adas\u0131, Sierra Leone, Sudan (Kuzey ve G\u00fcney), Surinam, Suriye, Tacikistan, Do\u011fu Timor, Togo, T\u00fcrkmenistan, \u00d6zbekistan, Bat\u0131 Sahra, Yemen, Rusya, Peru, G\u00fcney Afrika, Banglade\u015f, G\u00fcrcistan<\/li>\n<\/ul>\n\n\n\n<h4 class=\"wp-block-heading only-en\">DE\u011e\u0130\u015eME<\/h4>\n\n\n\n<h4 class=\"wp-block-heading only-ja\">\u4e21\u66ff<\/h4>\n\n\n\n<div class=\"wp-block-group tblScrl has-global-padding is-layout-constrained wp-block-group-is-layout-constrained\">\n<table style=\"width: 100%; height: 61px;\">\n<tbody>\n<tr style=\"height: 41px;\">\n<th class=\"w50p\" style=\"height: 41px;\">Y\u00f6ntem<\/th>\n<th class=\"w25p bl translation-block\" style=\"height: 41px;\">Ki\u015fisel\/\u0130\u015f<br> Hesap<\/th>\n<th class=\"w25p bl translation-block\" style=\"height: 41px;\">T\u00fcccar<br> Hesap<\/th>\n<\/tr>\n<tr style=\"height: 20px;\">\n<td style=\"height: 20px;\">D\u00f6viz de\u011fi\u015fimi<\/td>\n<td style=\"height: 20px;\" colspan=\"2\">Hesaba giri\u015f yapt\u0131ktan sonra d\u00f6viz kuruna bak\u0131n<\/td>\n<\/tr>\n<\/tbody>\n<\/table>\n<\/div>\n<\/div>\n\n\n\n<div class=\"wp-block-cover alignwide is-light help\"><span aria-hidden=\"true\" class=\"wp-block-cover__background has-background-dim-0 has-background-dim\"><\/span><img loading=\"lazy\" decoding=\"async\" width=\"2048\" height=\"336\" class=\"wp-block-cover__image-background wp-image-289\" alt=\"\" src=\"https:\/\/bitwallet.com\/wp-content\/uploads\/2023\/06\/mv-support-jpg.webp\" style=\"object-position:50% 50%\" data-object-fit=\"cover\" data-object-position=\"50% 50%\"\/><div class=\"wp-block-cover__inner-container has-global-padding is-layout-constrained wp-block-cover-is-layout-constrained\">\n<p class=\"has-large-font-size translation-block\"><strong>Yard\u0131ma ihtiyac\u0131n var m\u0131?<\/strong><br> <strong>Yard\u0131mc\u0131 olmak i\u00e7in buraday\u0131z.<\/strong><\/p>\n\n\n\n<p class=\"translation-block\">Destek ekibimiz size hizmet etmeye adanm\u0131\u015ft\u0131r.<br> Hizmetlerimizle ilgili sorular\u0131n\u0131z varsa bize ula\u015f\u0131n.<\/p>\n\n\n\n<div class=\"wp-block-buttons is-layout-flex wp-block-buttons-is-layout-flex\">\n<div class=\"wp-block-button\"><a class=\"wp-block-button__link wp-element-button\" href=\"\/tr\/support\/contact\/\">Bize Ula\u015f\u0131n<\/a><\/div>\n<\/div>\n<\/div><\/div>","protected":false},"excerpt":{"rendered":"<p>bitwallet ile \u015feffaf ve uygun fiyatl\u0131 i\u015flem \u00fccretleri. Bug\u00fcn \u00fccretsiz bir hesap i\u00e7in kaydolun! bitwallet ile g\u00fcvenilir hizmeti deneyimleyin.<\/p>","protected":false},"author":5,"featured_media":0,"parent":32,"menu_order":27,"comment_status":"closed","ping_status":"closed","template":"","meta":{"footnotes":""},"class_list":["post-80","page","type-page","status-publish","hentry"],"_links":{"self":[{"href":"https:\/\/bitwallet.com\/tr\/wp-json\/wp\/v2\/pages\/80","targetHints":{"allow":["GET"]}}],"collection":[{"href":"https:\/\/bitwallet.com\/tr\/wp-json\/wp\/v2\/pages"}],"about":[{"href":"https:\/\/bitwallet.com\/tr\/wp-json\/wp\/v2\/types\/page"}],"author":[{"embeddable":true,"href":"https:\/\/bitwallet.com\/tr\/wp-json\/wp\/v2\/users\/5"}],"replies":[{"embeddable":true,"href":"https:\/\/bitwallet.com\/tr\/wp-json\/wp\/v2\/comments?post=80"}],"version-history":[{"count":97,"href":"https:\/\/bitwallet.com\/tr\/wp-json\/wp\/v2\/pages\/80\/revisions"}],"predecessor-version":[{"id":5764,"href":"https:\/\/bitwallet.com\/tr\/wp-json\/wp\/v2\/pages\/80\/revisions\/5764"}],"up":[{"embeddable":true,"href":"https:\/\/bitwallet.com\/tr\/wp-json\/wp\/v2\/pages\/32"}],"wp:attachment":[{"href":"https:\/\/bitwallet.com\/tr\/wp-json\/wp\/v2\/media?parent=80"}],"curies":[{"name":"wp","href":"https:\/\/api.w.org\/{rel}","templated":true}]}}