{"id":78,"date":"2023-05-10T16:14:10","date_gmt":"2023-05-10T07:14:10","guid":{"rendered":"https:\/\/bitwallet.com\/?page_id=78"},"modified":"2025-09-17T16:28:16","modified_gmt":"2025-09-17T07:28:16","slug":"account-open","status":"publish","type":"page","link":"https:\/\/bitwallet.com\/tr\/service\/account-open\/","title":{"rendered":"Yeni hesap"},"content":{"rendered":"<div class=\"wp-block-cover alignwide is-light header\"><img loading=\"lazy\" decoding=\"async\" width=\"2000\" height=\"360\" class=\"wp-block-cover__image-background wp-image-1125\" alt=\"\" src=\"https:\/\/bitwallet.com\/wp-content\/uploads\/2023\/09\/mv-serivice_account-open-jpg.webp\" data-object-fit=\"cover\"\/><span aria-hidden=\"true\" class=\"wp-block-cover__background has-black-background-color has-background-dim-0 has-background-dim\"><\/span><div class=\"wp-block-cover__inner-container has-global-padding is-layout-constrained wp-block-cover-is-layout-constrained\">\n<h1 class=\"wp-block-heading has-text-align-left effect00\">Yeni hesap<\/h1>\n\n\n\n<p class=\"effect00 fadeTimeA\">bitwallet Hesap Kayd\u0131<\/p>\n<\/div><\/div>\n\n\n\n<h2 class=\"wp-block-heading effect00\">bitwallet ile Hesap A\u00e7\u0131n: Temel Gereksinim<\/h2>\n\n\n\n<p class=\"effect00 fadeTimeA\">bitwallet hesap ba\u015fvurusu i\u00e7in a\u015fa\u011f\u0131daki gereklilikleri yerine getirmeniz gerekecektir.<\/p>\n\n\n\n<div class=\"wp-block-group effect00 fadeTimeB has-global-padding is-layout-constrained wp-block-group-is-layout-constrained\">\n<h4 class=\"wp-block-heading\">Ki\u015fisel Hesap Ba\u015fvurusu<\/h4>\n\n\n\n<ul class=\"wp-block-list account-open\">\n<li>Ba\u015fvuru sahibi 20 ya\u015f ve \u00fczerindedir.<\/li>\n\n\n\n<li>Ba\u015fvuru sahibi, kapasitesi olmayan (kendi kararlar\u0131n\u0131 verebilecek) bir ki\u015fi de\u011fildir.<\/li>\n\n\n\n<li>Ba\u015fvuru sahibi, ABD&#039;de veya hizmetimizin kullan\u0131m\u0131n\u0131n k\u0131s\u0131tl\u0131 oldu\u011fu di\u011fer \u00fclkelerde ikamet etmemektedir.<\/li>\n\n\n\n<li>Kay\u0131tl\u0131 oldu\u011funuz temel bilgiler di\u011fer kullan\u0131c\u0131larla e\u015fle\u015fmiyor<\/li>\n\n\n\n<li>Ba\u015fvuru sahibi, Yabanc\u0131 Siyasi N\u00fcfuzu Olan Ki\u015filer (Yabanc\u0131 KEP&#039;ler) de\u011fildir.<\/li>\n\n\n\n<li>Ba\u015fvuru sahibi Anti-Sosyal G\u00fc\u00e7lere ait de\u011fildir veya bunlarla akraba de\u011fildir.<\/li>\n<\/ul>\n\n\n\n<h4 class=\"wp-block-heading\">Ticari Hesap Ba\u015fvurusu<\/h4>\n\n\n\n<ul class=\"wp-block-list account-open\">\n<li>\u015eirket yasal olarak kay\u0131tl\u0131d\u0131r ve kan\u0131t\u0131 (belgeyi) destek ekibine sunabilmektedir.<\/li>\n\n\n\n<li>Ba\u015fvuru s\u0131ras\u0131nda sorumlu ki\u015fi 20 ya\u015f ve \u00fczerindedir.<\/li>\n\n\n\n<li>Sorumlu ki\u015fi kapasitesi olmayan (kendi kararlar\u0131n\u0131 verebilen) bir ki\u015fi de\u011fildir.<\/li>\n\n\n\n<li>Sorumlu ki\u015fi ABD&#039;de veya hizmetimizin kullan\u0131m\u0131n\u0131n k\u0131s\u0131tl\u0131 oldu\u011fu di\u011fer \u00fclkelerde ikamet etmiyor.<\/li>\n\n\n\n<li>Sorumlu ki\u015fi fiziksel olarak ABD&#039;de veya hizmetimizin kullan\u0131m\u0131n\u0131n k\u0131s\u0131tl\u0131 oldu\u011fu di\u011fer \u00fclkelerde bulunmuyor.<\/li>\n\n\n\n<li>Sorumlu ki\u015fi, kay\u0131t s\u0131ras\u0131nda di\u011fer bitwallet kullan\u0131c\u0131lar\u0131 ile ayn\u0131 ileti\u015fim bilgilerini (e-posta adresi, telefon numaras\u0131 vb.) kullanmaz.<\/li>\n\n\n\n<li>Sorumlu ki\u015fi, Yabanc\u0131 Siyasi N\u00fcfuz Sahibi Ki\u015filer (Yabanc\u0131 PEP&#039;ler) de\u011fil<\/li>\n\n\n\n<li>\u015eirket ve sorumlu ki\u015fi Anti-Sosyal G\u00fc\u00e7lere ait de\u011fildir ve bunlarla ilgili de\u011fildir.<\/li>\n\n\n\n<li>\u015eirket iflasla kar\u015f\u0131 kar\u015f\u0131ya de\u011fil veya iflas etmi\u015f durumda de\u011fil.<\/li>\n<\/ul>\n<\/div>\n\n\n\n<h2 class=\"wp-block-heading effect01\" id=\"certificate\">C\u00fczdan Hesab\u0131 \u0130\u00e7in Gerekli Belgeler<\/h2>\n\n\n\n<p class=\"effect01 fadeTimeA\">C\u00fczdan\u0131n\u0131z\u0131 kullanmak i\u00e7in a\u015fa\u011f\u0131daki gerekli belgeleri g\u00f6ndermeniz gerekecektir.<\/p>\n\n\n\n<div class=\"wp-block-group box effect01 fadeTimeB has-global-padding is-layout-constrained wp-block-group-is-layout-constrained\">\n<h3 class=\"wp-block-heading\">bitwallet&#039;de Kimli\u011finizi Do\u011frulay\u0131n: Belge Gereksinimi<\/h3>\n\n\n\n<p>\u201cSu\u00e7 Gelirlerinin Transferinin \u00d6nlenmesi Hakk\u0131nda Kanun\u201d uyar\u0131nca bitwallet, de\u011ferli varl\u0131klar\u0131n\u0131z\u0131 korumak i\u00e7in kapsaml\u0131 bir kimlik do\u011frulamas\u0131 gerektirir. Bu nedenle \u201cKimlik Do\u011frulama Belgenizi\u201d ve \u201cG\u00fcncel Adres Do\u011frulama Belgenizi\u201d ibraz etmenizi rica ediyoruz.<\/p>\n\n\n\n<hr class=\"wp-block-separator has-alpha-channel-opacity\"\/>\n\n\n\n<p>G\u00f6ndermeniz gereken sertifikalar\u0131n listesine genel bir bak\u0131\u015f i\u00e7in l\u00fctfen a\u015fa\u011f\u0131daki listeye bak\u0131n.<br>Yeni bir c\u00fczdan a\u00e7t\u0131ktan sonra hesab\u0131n\u0131zda g\u00f6nderilen materyallerin ayr\u0131nt\u0131lar\u0131n\u0131 kontrol edebilirsiniz.<\/p>\n\n\n\n<hr class=\"wp-block-separator has-alpha-channel-opacity\"\/>\n\n\n\n<h4 class=\"wp-block-heading\">1. Kimlik do\u011frulama belgeleri<\/h4>\n\n\n\n<p>C\u00fczdan\u0131 kaydeden ki\u015finin foto\u011frafl\u0131 kimli\u011fini (bireysel) ve bir selfieyi (y\u00fcz tan\u0131ma) g\u00f6ndermenizi isteyece\u011fiz.<\/p>\n\n\n\n<p>G\u00f6nderiminizi onaylamak i\u00e7in selfie&#039;leri (y\u00fcz tan\u0131ma) kullan\u0131ma sunduk. Bu, \u00e7evrimi\u00e7i ortamda bile kendinizi y\u00fcz y\u00fcze oldu\u011fundan daha yak\u0131ndan tan\u0131mlaman\u0131za olanak tan\u0131r.<\/p>\n\n\n\n<hr class=\"wp-block-separator has-alpha-channel-opacity\"\/>\n\n\n\n<h4 class=\"wp-block-heading\">2\uff0e G\u00fcncel Adres Kan\u0131t\u0131<\/h4>\n\n\n\n<p>L\u00fctfen c\u00fczdan kurucusunun (bireysel) g\u00fcncel adresini i\u00e7eren bir belge g\u00f6nderin.<br>Kamu hizmet faturalar\u0131, makbuzlar\u0131, devlet daireleri taraf\u0131ndan verilen materyaller vb. tarihinden itibaren 3 ay i\u00e7inde olmal\u0131d\u0131r.<\/p>\n\n\n\n<hr class=\"wp-block-separator has-alpha-channel-opacity\"\/>\n\n\n\n<h4 class=\"wp-block-heading anchor\" id=\"company01\">3\uff0e Ticari Kullan\u0131c\u0131 i\u00e7in Gerekli Belgeler (Yaln\u0131zca Ticari Hesap)<\/h4>\n\n\n\n<p>C\u00fczdan kurucusunun (kurumsal) kurumsal kayd\u0131na ili\u015fkin belgeleri g\u00f6ndermenizi rica ediyoruz.<\/p>\n\n\n\n<hr class=\"wp-block-separator has-alpha-channel-opacity\"\/>\n\n\n\n<h4 class=\"wp-block-heading\">4\uff0e Resmi m\u00fch\u00fcrl\u00fc sertifikalar (Yaln\u0131zca \u0130\u015fletme Hesab\u0131)<\/h4>\n\n\n\n<p>L\u00fctfen c\u00fczdan kurucusunun (kurumsal) kurumsal m\u00fch\u00fcr onay materyallerini g\u00f6nderin.<\/p>\n\n\n\n<hr class=\"wp-block-separator has-alpha-channel-opacity\"\/>\n\n\n\n<h4 class=\"wp-block-heading\">5\uff0e Mevcut \u015eirket Adresinin Kan\u0131t\u0131 (Ticaret Hesab\u0131)<\/h4>\n\n\n\n<p>L\u00fctfen c\u00fczdan kurucusunun (kurumsal) ad\u0131n\u0131 ve mevcut adresini i\u00e7eren bir belge g\u00f6nderin.<\/p>\n\n\n\n<hr class=\"wp-block-separator has-alpha-channel-opacity\"\/>\n\n\n\n<h4 class=\"wp-block-heading\">6\uff0e \u0130ntifa hakk\u0131 beyan\u0131 (Yaln\u0131zca Ticari hesap i\u00e7in)<\/h4>\n\n\n\n<p>Sizden as\u0131l cetvelle ilgili birka\u00e7 belge sunman\u0131z\u0131 rica ediyoruz.<\/p>\n<\/div>\n\n\n\n<h2 class=\"wp-block-heading effect01\">Hesap Kayd\u0131<\/h2>\n\n\n\n<p class=\"effect01 fadeTimeA\">bitwallet hesab\u0131na kay\u0131t i\u015flemi a\u015fa\u011f\u0131daki gibidir:<\/p>\n\n\n\n<div class=\"wp-block-group box account-open effect01 fadeTimeB has-global-padding is-layout-constrained wp-block-group-is-layout-constrained\">\n<h3 class=\"wp-block-heading\">Hesap Kay\u0131t S\u00fcreci<\/h3>\n\n\n\n<div class=\"wp-block-group has-global-padding is-layout-constrained wp-block-group-is-layout-constrained\">\n<h4 class=\"wp-block-heading\"><strong>A\u015eAMA 1<\/strong><\/h4>\n\n\n\n<figure class=\"wp-block-image size-full\"><img loading=\"lazy\" decoding=\"async\" width=\"321\" height=\"321\" src=\"https:\/\/bitwallet.com\/wp-content\/uploads\/2023\/06\/icon_step1.png\" alt=\"\" class=\"wp-image-190\"\/><\/figure>\n\n\n\n<p>Herhangi bir cihazdan kaydolun. Ba\u015flamak i\u00e7in kay\u0131t sayfas\u0131na temel bilgilerinizi girin.<\/p>\n\n\n\n<figure class=\"wp-block-image size-full is-resized\"><img loading=\"lazy\" decoding=\"async\" width=\"1440\" height=\"886\" src=\"https:\/\/bitwallet.com\/wp-content\/uploads\/2024\/01\/STEP1en.webp\" alt=\"\" class=\"wp-image-3134\" style=\"width:1000px;height:undefinedpx\"\/><\/figure>\n<\/div>\n\n\n\n<div class=\"wp-block-group has-global-padding is-layout-constrained wp-block-group-is-layout-constrained\">\n<h4 class=\"wp-block-heading\"><strong>ADIM 2<\/strong><\/h4>\n\n\n\n<figure class=\"wp-block-image size-full\"><img loading=\"lazy\" decoding=\"async\" width=\"321\" height=\"321\" src=\"https:\/\/bitwallet.com\/wp-content\/uploads\/2023\/06\/icon_step2.png\" alt=\"\" class=\"wp-image-191\"\/><\/figure>\n\n\n\n<p>Devam etmek i\u00e7in di\u011fer gerekli bilgileri girin.<\/p>\n\n\n\n<figure class=\"wp-block-image size-full is-resized\"><img loading=\"lazy\" decoding=\"async\" width=\"1440\" height=\"1308\" src=\"https:\/\/bitwallet.com\/wp-content\/uploads\/2024\/01\/STEP2en.webp\" alt=\"\" class=\"wp-image-3135\" style=\"width:1000px;height:undefinedpx\"\/><\/figure>\n<\/div>\n\n\n\n<div class=\"wp-block-group has-global-padding is-layout-constrained wp-block-group-is-layout-constrained\">\n<h4 class=\"wp-block-heading\"><strong>A\u015eAMA 3<\/strong><\/h4>\n\n\n\n<figure class=\"wp-block-image size-full\"><img loading=\"lazy\" decoding=\"async\" width=\"321\" height=\"321\" src=\"https:\/\/bitwallet.com\/wp-content\/uploads\/2023\/06\/icon_step3.png\" alt=\"\" class=\"wp-image-192\"\/><\/figure>\n\n\n\n<p>Giri\u015f yap\u0131n ve kimlik do\u011frulama belgelerinizi, ikamet adresi belgenizi ve Kimlik Selfie&#039;nizi Do\u011frulama Belgeleri G\u00f6nderim sayfas\u0131na y\u00fckleyin.<\/p>\n\n\n\n<figure class=\"wp-block-image size-full is-resized\"><img loading=\"lazy\" decoding=\"async\" width=\"1074\" height=\"245\" src=\"https:\/\/bitwallet.com\/wp-content\/uploads\/2024\/01\/STEP3en.webp\" alt=\"\" class=\"wp-image-3136\" style=\"width:1000px;height:undefinedpx\"\/><\/figure>\n<\/div>\n\n\n\n<div class=\"wp-block-group has-global-padding is-layout-constrained wp-block-group-is-layout-constrained\">\n<h4 class=\"wp-block-heading\"><strong>ADIM-4<\/strong><\/h4>\n\n\n\n<figure class=\"wp-block-image size-full\"><img loading=\"lazy\" decoding=\"async\" width=\"321\" height=\"321\" src=\"https:\/\/bitwallet.com\/wp-content\/uploads\/2023\/06\/icon_step4.png\" alt=\"\" class=\"wp-image-193\"\/><\/figure>\n\n\n\n<p>Ba\u015fvuru i\u015f g\u00fcnlerinde yakla\u015f\u0131k 24 saat i\u00e7inde i\u015fleme al\u0131n\u0131r. Do\u011frulan\u0131p onayland\u0131ktan sonra hesap bilgileriniz taraf\u0131n\u0131za e-posta yoluyla g\u00f6nderilecektir.<br>\u203bUygulama durumuna ba\u011fl\u0131 olarak biraz zaman alabilir.<\/p>\n\n\n\n<p>ve bitti! \u00c7abuk ve kolay.<\/p>\n\n\n\n<p class=\"logo-bw step-goal\"><strong><em>bitwallet<\/em> \u015eimdi kullanmaya ba\u015flay\u0131n!<\/strong><\/p>\n<\/div>\n<\/div>\n\n\n\n<div class=\"wp-block-cover alignwide is-light help\"><img loading=\"lazy\" decoding=\"async\" width=\"2048\" height=\"336\" class=\"wp-block-cover__image-background wp-image-289\" alt=\"\" src=\"https:\/\/bitwallet.com\/wp-content\/uploads\/2023\/06\/mv-support-jpg.webp\" style=\"object-position:50% 50%\" data-object-fit=\"cover\" data-object-position=\"50% 50%\"\/><span aria-hidden=\"true\" class=\"wp-block-cover__background has-background-dim-0 has-background-dim\"><\/span><div class=\"wp-block-cover__inner-container has-global-padding is-layout-constrained wp-block-cover-is-layout-constrained\">\n<p class=\"has-large-font-size translation-block\"><strong>Yard\u0131ma ihtiyac\u0131n var m\u0131?<\/strong><br> <strong>Yard\u0131mc\u0131 olmak i\u00e7in buraday\u0131z.<\/strong><\/p>\n\n\n\n<p class=\"translation-block\">Destek ekibimiz size hizmet etmeye adanm\u0131\u015ft\u0131r.<br> Hizmetlerimizle ilgili sorular\u0131n\u0131z varsa bize ula\u015f\u0131n.<\/p>\n\n\n\n<div class=\"wp-block-buttons is-layout-flex wp-block-buttons-is-layout-flex\">\n<div class=\"wp-block-button\"><a class=\"wp-block-button__link wp-element-button\" href=\"\/tr\/support\/contact\/\">Bize Ula\u015f\u0131n<\/a><\/div>\n<\/div>\n<\/div><\/div>","protected":false},"excerpt":{"rendered":"<p>Bug\u00fcn bir Bitwallet hesab\u0131 a\u00e7\u0131n ve h\u0131zl\u0131, g\u00fcvenli ve rahat i\u015flemlerin keyfini \u00e7\u0131kar\u0131n. USD, JPY, EUR ve AUD para birimlerini destekliyoruz. \u015eimdi kay\u0131t ol!<\/p>","protected":false},"author":5,"featured_media":0,"parent":32,"menu_order":28,"comment_status":"closed","ping_status":"closed","template":"","meta":{"footnotes":""},"class_list":["post-78","page","type-page","status-publish","hentry"],"_links":{"self":[{"href":"https:\/\/bitwallet.com\/tr\/wp-json\/wp\/v2\/pages\/78","targetHints":{"allow":["GET"]}}],"collection":[{"href":"https:\/\/bitwallet.com\/tr\/wp-json\/wp\/v2\/pages"}],"about":[{"href":"https:\/\/bitwallet.com\/tr\/wp-json\/wp\/v2\/types\/page"}],"author":[{"embeddable":true,"href":"https:\/\/bitwallet.com\/tr\/wp-json\/wp\/v2\/users\/5"}],"replies":[{"embeddable":true,"href":"https:\/\/bitwallet.com\/tr\/wp-json\/wp\/v2\/comments?post=78"}],"version-history":[{"count":56,"href":"https:\/\/bitwallet.com\/tr\/wp-json\/wp\/v2\/pages\/78\/revisions"}],"predecessor-version":[{"id":5205,"href":"https:\/\/bitwallet.com\/tr\/wp-json\/wp\/v2\/pages\/78\/revisions\/5205"}],"up":[{"embeddable":true,"href":"https:\/\/bitwallet.com\/tr\/wp-json\/wp\/v2\/pages\/32"}],"wp:attachment":[{"href":"https:\/\/bitwallet.com\/tr\/wp-json\/wp\/v2\/media?parent=78"}],"curies":[{"name":"wp","href":"https:\/\/api.w.org\/{rel}","templated":true}]}}