{"id":74,"date":"2023-05-10T16:11:03","date_gmt":"2023-05-10T07:11:03","guid":{"rendered":"https:\/\/bitwallet.com\/?page_id=74"},"modified":"2024-12-04T10:53:08","modified_gmt":"2024-12-04T01:53:08","slug":"payment","status":"publish","type":"page","link":"https:\/\/bitwallet.com\/tr\/service\/payment\/","title":{"rendered":"ONLINE \u00d6DEME"},"content":{"rendered":"<div class=\"wp-block-cover alignwide is-light header\"><span aria-hidden=\"true\" class=\"wp-block-cover__background has-background-dim-0 has-background-dim\"><\/span><img loading=\"lazy\" decoding=\"async\" width=\"2000\" height=\"360\" class=\"wp-block-cover__image-background wp-image-863\" alt=\"\" src=\"https:\/\/bitwallet.com\/wp-content\/uploads\/2023\/09\/mv-service_payment-jpg.webp\" data-object-fit=\"cover\"\/><div class=\"wp-block-cover__inner-container has-global-padding is-layout-constrained wp-block-cover-is-layout-constrained\">\n<h1 class=\"wp-block-heading effect00\">ONLINE \u00d6DEME<\/h1>\n\n\n\n<p class=\"effect00 fadeTimeA\">Benzersiz: OneClick \u00d6deme<\/p>\n<\/div><\/div>\n\n\n\n<h2 class=\"wp-block-heading cur effect00\" id=\"fiat\">Zahmetsiz 7\/24 ger\u00e7ek zamanl\u0131 \u00f6deme <sup><span class=\"only-en\">\u00d6DEME<\/span><span class=\"only-ja\">\u304a\u652f\u6255<\/span><\/sup><\/h2>\n\n\n\n<div class=\"wp-block-columns fdCRsp effect00 fadeTimeA is-layout-flex wp-container-core-columns-is-layout-9d6595d7 wp-block-columns-is-layout-flex\">\n<div class=\"wp-block-column is-layout-flow wp-block-column-is-layout-flow\">\n<p>bitwallet ile di\u011fer kullan\u0131c\u0131lara tek t\u0131klamayla zahmetsizce USD, JPY, EUR veya AUD \u00f6demesi yapabilirsiniz.<\/p>\n\n\n\n<p>365 g\u00fcn, 24 saat ger\u00e7ek zamanl\u0131 i\u015flem yap\u0131n.<\/p>\n\n\n\n<ul class=\"wp-block-list note kome mt2em\">\n<li class=\"only-ja\">Daha fazla bilgi i\u00e7in: bu bir ger\u00e7ek.<\/li>\n<\/ul>\n\n\n\n<div class=\"wp-block-columns are-vertically-aligned-center is-not-stacked-on-mobile oneclick payment is-layout-flex wp-container-core-columns-is-layout-9d6595d7 wp-block-columns-is-layout-flex\">\n<div class=\"wp-block-column is-vertically-aligned-center icon is-layout-flow wp-block-column-is-layout-flow\">\n<figure class=\"wp-block-image size-full is-resized\"><img loading=\"lazy\" decoding=\"async\" width=\"336\" height=\"235\" src=\"https:\/\/bitwallet.com\/wp-content\/uploads\/2024\/08\/icon_oneclickpayment.png\" alt=\"\" class=\"wp-image-4911\" style=\"width:80px\"\/><\/figure>\n<\/div>\n\n\n\n<div class=\"wp-block-column is-vertically-aligned-center text is-layout-flow wp-block-column-is-layout-flow\">\n<p class=\"has-small-font-size\">OneClick Payment, Bitwallet Service Group ticari markas\u0131d\u0131r.<\/p>\n<\/div>\n<\/div>\n<\/div>\n\n\n\n<div class=\"wp-block-column fb280pxtb is-layout-flow wp-block-column-is-layout-flow\">\n<div class=\"wp-block-group service-payment-diagram has-global-padding is-layout-constrained wp-block-group-is-layout-constrained\">\n<figure class=\"wp-block-image aligncenter size-large\"><img decoding=\"async\" src=\"https:\/\/bitwallet.com\/wp-content\/uploads\/2023\/09\/transfer_img01.png?1\" alt=\"\"\/><\/figure>\n\n\n\n<h4 class=\"wp-block-heading has-text-align-center\"><strong>OneClick \u00d6deme\u2122<\/strong><\/h4>\n<\/div>\n<\/div>\n<\/div>\n\n\n\n<div class=\"wp-block-cover alignwide is-light service\" style=\"min-height:255px;aspect-ratio:unset;\"><span aria-hidden=\"true\" class=\"wp-block-cover__background has-background-dim-0 has-background-dim\"><\/span><img loading=\"lazy\" decoding=\"async\" width=\"2000\" height=\"390\" class=\"wp-block-cover__image-background wp-image-864\" alt=\"\" src=\"https:\/\/bitwallet.com\/wp-content\/uploads\/2023\/09\/mv-service_payment2-jpg.webp\" data-object-fit=\"cover\"\/><div class=\"wp-block-cover__inner-container has-global-padding is-layout-constrained wp-block-cover-is-layout-constrained\">\n<h2 class=\"wp-block-heading effect01\">\u00d6deme \u00fccreti yok<\/h2>\n\n\n\n<p class=\"effect01 fadeTimeA\">Hi\u00e7bir masraf \u00f6demeden ba\u015flayarak sat\u0131n alma i\u015flemleri i\u00e7in \u00f6deme yapabilirsiniz.<\/p>\n<\/div><\/div>\n\n\n\n<div class=\"wp-block-group box effect01 has-global-padding is-layout-constrained wp-block-group-is-layout-constrained\">\n<h3 class=\"wp-block-heading\">Detay<\/h3>\n\n\n\n<div class=\"wp-block-group flex service-payout-select has-global-padding is-layout-constrained wp-block-group-is-layout-constrained\">\n<h4 class=\"wp-block-heading\">\u00d6DEME<\/h4>\n\n\n\n<!--div>\n<label for=\"currency\">Shown\uff1a<\/label>\n<select name=\"currency\" id=\"currency\" class=\"selectNice01\">\n  <option value=\"USD\">USD<\/option>\n  <option value=\"JPY\" selected>JPY<\/option>\n  <option value=\"EUR\">EUR<\/option>\n  <option value=\"AUD\">AUD<\/option>\n<\/select>\n<\/div-->\n<\/div>\n\n\n\n<div class=\"wp-block-group tblScrl has-global-padding is-layout-constrained wp-block-group-is-layout-constrained\">\n<table id=\"tbl-payment\" style=\"width:100%;\">\n    <tbody>\n        <tr>\n            <th><span class=\"only-en\">Y\u00f6ntem<\/span><span class=\"only-ja\">Yenilik<span><\/th>\n            <th><span class=\"only-en\">\u00dccret<\/span><span class=\"only-ja\">Yeni Y\u0131l<span><\/th>\n            <th><span class=\"only-en\">Miktar<\/span><span class=\"only-ja\">Bu videoyu be\u011fendiyseniz l\u00fctfen yorum yapmay\u0131 unutmay\u0131n<span><\/th>\n            <th>D\u00fc\u015f\u00fcnme zaman\u0131<\/th>\n        <\/tr>\n        <tr>\n            <td>bitwallet \u00f6demesi<\/td>\n            <td>$0 kadar d\u00fc\u015f\u00fck<\/td>\n            <td class=\"amount\">\n                <table class=\"tbl-payment-inner\">\n                    <tr><th>USD<\/th><td>1.00 USD \uff5e S\u0131n\u0131rs\u0131z<\/td><\/tr>\n                    <tr><th>JPY<\/th><td>100 JPY \uff5e S\u0131n\u0131rs\u0131z<\/td><\/tr>\n                    <tr><th>EUR<\/th><td>1.00 EUR \uff5e S\u0131n\u0131rs\u0131z<\/td><\/tr>\n                    <tr><th>AUD<\/th><td>1.00 AUD \uff5e S\u0131n\u0131rs\u0131z<\/td><\/tr>\n                <\/table>\n            <\/td>\n            <td><img loading=\"lazy\" decoding=\"async\" class=\"alignnone size-full wp-image-861\" src=\"\/wp-content\/uploads\/2023\/09\/icon_pay_realtime01.png\" alt=\"\" width=\"135\" height=\"33\"><\/td>\n        <\/tr>\n    <\/tbody>\n<\/table>\n<style>\n    #tbl-payment td > table.tbl-payment-inner { width: auto !important; min-width: unset !important; margin: 1em auto !important; }\n    table.tbl-payment-inner th, table.tbl-payment-inner td { border: none !important; position: relative; }\n    table.tbl-payment-inner th { text-align: center !important; background-color: transparent !important; padding-right: 1em !important; }\n    table.tbl-payment-inner th::after { content: ':'; position: absolute; right: 0; }\n    table.tbl-payment-inner td { text-align: right !important; }\n<\/style>\n<\/div>\n<\/div>\n\n\n\n<div class=\"wp-block-cover alignwide is-light help\"><span aria-hidden=\"true\" class=\"wp-block-cover__background has-background-dim-0 has-background-dim\"><\/span><img loading=\"lazy\" decoding=\"async\" width=\"2048\" height=\"336\" class=\"wp-block-cover__image-background wp-image-289\" alt=\"\" src=\"https:\/\/bitwallet.com\/wp-content\/uploads\/2023\/06\/mv-support-jpg.webp\" style=\"object-position:50% 50%\" data-object-fit=\"cover\" data-object-position=\"50% 50%\"\/><div class=\"wp-block-cover__inner-container has-global-padding is-layout-constrained wp-block-cover-is-layout-constrained\">\n<p class=\"has-large-font-size translation-block\"><strong>Yard\u0131ma ihtiyac\u0131n var m\u0131?<\/strong><br> <strong>Yard\u0131mc\u0131 olmak i\u00e7in buraday\u0131z.<\/strong><\/p>\n\n\n\n<p class=\"translation-block\">Destek ekibimiz size hizmet etmeye adanm\u0131\u015ft\u0131r.<br> Hizmetlerimizle ilgili sorular\u0131n\u0131z varsa bize ula\u015f\u0131n.<\/p>\n\n\n\n<div class=\"wp-block-buttons is-layout-flex wp-block-buttons-is-layout-flex\">\n<div class=\"wp-block-button\"><a class=\"wp-block-button__link wp-element-button\" href=\"\/tr\/support\/contact\/\">Bize Ula\u015f\u0131n<\/a><\/div>\n<\/div>\n<\/div><\/div>","protected":false},"excerpt":{"rendered":"<p>H\u0131zl\u0131 ve g\u00fcvenli \u00f6deme hizmetlerimizle bitwallet ile i\u015fletmelere ve t\u00fcccarlara uluslararas\u0131 \u00f6demeler kolayla\u015ft\u0131. Bug\u00fcn \u00fccretsiz bir hesap i\u00e7in kaydolun.<\/p>","protected":false},"author":5,"featured_media":0,"parent":32,"menu_order":25,"comment_status":"closed","ping_status":"closed","template":"","meta":{"footnotes":""},"class_list":["post-74","page","type-page","status-publish","hentry"],"_links":{"self":[{"href":"https:\/\/bitwallet.com\/tr\/wp-json\/wp\/v2\/pages\/74","targetHints":{"allow":["GET"]}}],"collection":[{"href":"https:\/\/bitwallet.com\/tr\/wp-json\/wp\/v2\/pages"}],"about":[{"href":"https:\/\/bitwallet.com\/tr\/wp-json\/wp\/v2\/types\/page"}],"author":[{"embeddable":true,"href":"https:\/\/bitwallet.com\/tr\/wp-json\/wp\/v2\/users\/5"}],"replies":[{"embeddable":true,"href":"https:\/\/bitwallet.com\/tr\/wp-json\/wp\/v2\/comments?post=74"}],"version-history":[{"count":83,"href":"https:\/\/bitwallet.com\/tr\/wp-json\/wp\/v2\/pages\/74\/revisions"}],"predecessor-version":[{"id":5045,"href":"https:\/\/bitwallet.com\/tr\/wp-json\/wp\/v2\/pages\/74\/revisions\/5045"}],"up":[{"embeddable":true,"href":"https:\/\/bitwallet.com\/tr\/wp-json\/wp\/v2\/pages\/32"}],"wp:attachment":[{"href":"https:\/\/bitwallet.com\/tr\/wp-json\/wp\/v2\/media?parent=74"}],"curies":[{"name":"wp","href":"https:\/\/api.w.org\/{rel}","templated":true}]}}