{"id":72,"date":"2023-05-10T16:08:34","date_gmt":"2023-05-10T07:08:34","guid":{"rendered":"https:\/\/bitwallet.com\/?page_id=72"},"modified":"2026-01-08T10:42:10","modified_gmt":"2026-01-08T01:42:10","slug":"receive","status":"publish","type":"page","link":"https:\/\/bitwallet.com\/tr\/service\/receive\/","title":{"rendered":"\u00d6DEME ALIN"},"content":{"rendered":"<div class=\"wp-block-cover alignwide is-light header\"><img loading=\"lazy\" decoding=\"async\" width=\"2000\" height=\"360\" class=\"wp-block-cover__image-background wp-image-934\" alt=\"\" src=\"https:\/\/bitwallet.com\/wp-content\/uploads\/2023\/09\/mv-service_payout-jpg.webp\" data-object-fit=\"cover\"\/><span aria-hidden=\"true\" class=\"wp-block-cover__background has-background-dim-0 has-background-dim\"><\/span><div class=\"wp-block-cover__inner-container has-global-padding is-layout-constrained wp-block-cover-is-layout-constrained\">\n<h1 class=\"wp-block-heading effect00\">\u00d6DEME ALIN<\/h1>\n\n\n\n<p class=\"effect00 fadeTimeA\">Bizden \u00f6deme al\u0131nmas\u0131<\/p>\n<\/div><\/div>\n\n\n\n<h2 class=\"wp-block-heading cur effect00\">D\u00fcnya \u00e7ap\u0131ndaki finans kurulu\u015funuza \u00f6deme al\u0131n<sup><span class=\"only-en\">ALMAK<\/span><span class=\"only-ja\">\u304a\u53d7\u53d6<\/span><\/sup><\/h2>\n\n\n\n<div class=\"wp-block-columns fdCRsp effect00 fadeTimeA is-layout-flex wp-container-core-columns-is-layout-9d6595d7 wp-block-columns-is-layout-flex\">\n<div class=\"wp-block-column is-layout-flow wp-block-column-is-layout-flow\">\n<p>bitwallet ile para \u00e7ekme talebinizi ABD dolar\u0131, Japon yeni, Avrupa eurosu ve Avustralya dolar\u0131 ile derhal i\u015fleme koyaca\u011f\u0131z.<\/p>\n\n\n\n<p>Kullan\u0131c\u0131lar\u0131n an\u0131nda \u00f6deme alabilmelerini sa\u011flamak i\u00e7in d\u00fcnyan\u0131n d\u00f6rt bir yan\u0131ndaki b\u00fcy\u00fck bankalarla ba\u011flant\u0131 halindeyiz ve bu sayede i\u015flemlerin h\u0131zl\u0131 bir \u015fekilde ger\u00e7ekle\u015fmesini sa\u011fl\u0131yoruz.<\/p>\n\n\n\n<div class=\"wp-block-columns is-not-stacked-on-mobile cssctrl gap20 mt2em is-layout-flex wp-container-core-columns-is-layout-9d6595d7 wp-block-columns-is-layout-flex\">\n<div class=\"wp-block-column flexShrink0 is-layout-flow wp-block-column-is-layout-flow\" style=\"flex-basis:148px\">\n<figure class=\"wp-block-image size-full is-resized w100\"><img loading=\"lazy\" decoding=\"async\" width=\"148\" height=\"75\" src=\"https:\/\/bitwallet.com\/wp-content\/uploads\/2023\/07\/logo_aml01.png\" alt=\"\" class=\"wp-image-469\" style=\"width:148px;height:undefinedpx\"\/><\/figure>\n<\/div>\n\n\n\n<div class=\"wp-block-column is-layout-flow wp-block-column-is-layout-flow\">\n<ul class=\"wp-block-list note kome\">\n<li>\u015eirketimiz kara para aklamay\u0131 \u00f6nlemek i\u00e7in s\u0131k\u0131 bir \u015fekilde \u00e7al\u0131\u015fmaktad\u0131r. Bu nedenle, M\u00fc\u015fterinizi Tan\u0131y\u0131n (KYC) toplanmas\u0131 s\u0131ras\u0131nda kullan\u0131c\u0131lar\u0131n \u00f6ncelikle destekleyici kimlik belgeleri ve adres kan\u0131t\u0131 ile kimliklerini do\u011frulamalar\u0131 gerekir. Kullan\u0131c\u0131lar\u0131n ayr\u0131ca hesap etkinle\u015ftirmeden \u00f6nce kredi kart\u0131 ve al\u0131c\u0131 banka hesap bilgilerinin bir kopyas\u0131n\u0131 g\u00f6ndermeleri gerekebilir.<\/li>\n<\/ul>\n<\/div>\n<\/div>\n<\/div>\n\n\n\n<div class=\"wp-block-column fb280pxtb is-layout-flow wp-block-column-is-layout-flow\">\n<figure class=\"wp-block-image aligncenter size-full\"><img loading=\"lazy\" decoding=\"async\" width=\"800\" height=\"325\" src=\"https:\/\/bitwallet.com\/wp-content\/uploads\/2024\/12\/service_img_withdrawal_.png\" alt=\"\" class=\"wp-image-4965\"\/><\/figure>\n<\/div>\n<\/div>\n\n\n\n<div class=\"wp-block-cover alignwide is-light service\" style=\"min-height:255px;aspect-ratio:unset;\"><img loading=\"lazy\" decoding=\"async\" width=\"2000\" height=\"390\" class=\"wp-block-cover__image-background wp-image-838\" alt=\"\" src=\"https:\/\/bitwallet.com\/wp-content\/uploads\/2023\/09\/mv-service_payout2-jpg.webp\" data-object-fit=\"cover\"\/><span aria-hidden=\"true\" class=\"wp-block-cover__background has-background-dim-0 has-background-dim\"><\/span><div class=\"wp-block-cover__inner-container has-global-padding is-layout-constrained wp-block-cover-is-layout-constrained\">\n<h2 class=\"wp-block-heading effect01\">Uygun para \u00e7ekme \u00fccreti<\/h2>\n\n\n\n<p class=\"effect01 fadeTimeA\">Bitwallet \u00fccreti 10 USD kadar d\u00fc\u015f\u00fck olabiliyor.<\/p>\n<\/div><\/div>\n\n\n\n<div class=\"wp-block-group box effect01 has-global-padding is-layout-constrained wp-block-group-is-layout-constrained\">\n<h3 class=\"wp-block-heading\"><span class=\"only-en\">Detay<\/span><span class=\"only-ja\">\u00c7inli<\/span><\/h3>\n\n\n\n<h4 class=\"wp-block-heading\"><span class=\"only-en\">\u00d6DEME ALIN<\/span><span class=\"only-ja\">\u304a\u53d7\u53d6<\/span><\/h4>\n\n\n\n<div class=\"wp-block-group tblScrl has-global-padding is-layout-constrained wp-block-group-is-layout-constrained\">\n<table>\n<tbody>\n<tr>\n<th class=\"w30p\">Y\u00f6ntem<\/th>\n<th class=\"w20p\">Para birimi<\/th>\n<th class=\"w30p\">\u00dccret<\/th>\n<th class=\"w20p\"><span class=\"only-en\">Asgari<br \/>\u00f6deme<br \/>miktar<\/span><span class=\"only-ja\">En son ne zaman bir \u015fey yapaca\u011f\u0131m?<\/span><\/th>\n<\/tr>\n<tr>\n<td rowspan=\"4\" class=\"translation-block\">Banka Havalesi<br> bireyler<br> <sub>\uff08\u203b1\uff09<\/sub><\/td>\n<td>USD<\/td>\n<td rowspan=\"4\" class=\"translation-block\">USD 10 veya \u00fclkeye ba\u011fl\u0131 olarak e\u015fde\u011fer miktar <sub>\uff08\u203b2\uff09<\/sub><\/td>\n<td>USD 10<\/td>\n<\/tr>\n<tr>\n<td class=\"notfC\">EUR<\/td>\n<td>EUR 10<\/td>\n<\/tr>\n<tr>\n<td class=\"notfC\">JPY<\/td>\n<td>JPY 1.000<\/td>\n<\/tr>\n<tr>\n<td class=\"notfC\">AUD<\/td>\n<td>AUD 10<\/td>\n<\/tr>\n<tr>\n<td class=\"lRfC translation-block\" rowspan=\"4\">Elektronik transfer<br> i\u015fletmeler i\u00e7in <sub>\uff08\u203b1\uff09<\/sub><\/td>\n<td>USD<\/td>\n<td rowspan=\"4\" class=\"translation-block\">0.8%&#039;den itibaren, i\u015f t\u00fcr\u00fcne ba\u011fl\u0131d\u0131r <sub>\uff08\u203b2\uff09<\/sub> &amp; <sub>\uff08\u203b3\uff09<\/sub><\/td>\n<td>USD 10<\/td>\n<\/tr>\n<tr>\n<td class=\"notfC\">EUR<\/td>\n<td>EUR 10<\/td>\n<\/tr>\n<tr>\n<td class=\"notfC\">JPY<\/td>\n<td>JPY 1.000<\/td>\n<\/tr>\n<tr>\n<td class=\"notfC\">AUD<\/td>\n<td>AUD 10<\/td>\n<\/tr>\n<\/tbody>\n<\/table>\n<\/div>\n\n\n\n<ul class=\"wp-block-list note kome\">\n<li>Banka havalesi veya arac\u0131 banka havalesi \u00fccreti i\u00e7in ek \u00fccretler ge\u00e7erlidir.<\/li>\n\n\n\n<li>Hesab\u0131n\u0131za giri\u015f yapt\u0131\u011f\u0131n\u0131zda daha fazla bilgiye ula\u015fabilirsiniz.<\/li>\n\n\n\n<li>Ticari hesap ve ticari hesap \u00fccretleri i\u00e7in l\u00fctfen hesab\u0131n\u0131za giri\u015f yapt\u0131ktan sonra bize bir soru g\u00f6nderin.<\/li>\n\n\n\n<li class=\"nonum\">Kara para aklama, kredi kart\u0131n\u0131n k\u00f6t\u00fcye kullan\u0131lmas\u0131 ve nakit avans gibi doland\u0131r\u0131c\u0131l\u0131klar\u0131n \u00f6nlenmesi amac\u0131yla, kredi kart\u0131 ve \u00f6n \u00f6demeli kartla bir ay i\u00e7erisinde yap\u0131lan \u00f6deme ve depozitolar dikkatlice incelenecek ve bitwallet&#039;nin takdirine ba\u011fl\u0131 olarak al\u0131c\u0131n\u0131n banka hesab\u0131na aktar\u0131lacakt\u0131r. \u0130\u015fleme i\u00e7in ekstra s\u00fcreye ihtiya\u00e7 duyulabilir.<\/li>\n\n\n\n<li class=\"nonum translation-block\">A\u015fa\u011f\u0131da para transferinin yasak oldu\u011fu \u00fclkelerdeki bankalara para transferi yapamazs\u0131n\u0131z.<br> Bu listede yer almayan baz\u0131 \u00fclkeler, duruma g\u00f6re ayr\u0131 ayr\u0131 de\u011ferlendirilecektir.<br> Afganistan, Benin, Bonaire, Burundi, Orta Afrika Cumhuriyeti, \u00c7ad, Kongo, K\u0131r\u0131m, K\u00fcba, Cibuti, Ekvator Ginesi, Eritre, Gabon, Gambiya, Gine, Gine-Bissau, Guyana, \u0130ran, Irak, Kazakistan, K\u0131rg\u0131zistan, Lao Demokratik Halk Cumhuriyeti, Liberya, Libya Madagaskar, Malavi, Mali, Moritanya, Montserrat, Myanmar, Nauru, Nijer, Norfolk Adas\u0131, Kuzey Kore, Palau, Papua Yeni Gine, St. Barth\u00e9lemy Adas\u0131, St. Kitts ve Nevis, St. Martin, Sint Maarten Adas\u0131, Sierra Leone, Sudan (Kuzey ve G\u00fcney), Surinam, Suriye, Tacikistan, Do\u011fu Timor, Togo, T\u00fcrkmenistan, \u00d6zbekistan, Bat\u0131 Sahra, Yemen, Rusya, Peru, G\u00fcney Afrika, Banglade\u015f, G\u00fcrcistan<\/li>\n<\/ul>\n<\/div>\n\n\n\n<div class=\"wp-block-cover alignwide is-light help\"><img loading=\"lazy\" decoding=\"async\" width=\"2048\" height=\"336\" class=\"wp-block-cover__image-background wp-image-289\" alt=\"\" src=\"https:\/\/bitwallet.com\/wp-content\/uploads\/2023\/06\/mv-support-jpg.webp\" style=\"object-position:50% 50%\" data-object-fit=\"cover\" data-object-position=\"50% 50%\"\/><span aria-hidden=\"true\" class=\"wp-block-cover__background has-background-dim-0 has-background-dim\"><\/span><div class=\"wp-block-cover__inner-container has-global-padding is-layout-constrained wp-block-cover-is-layout-constrained\">\n<p class=\"has-large-font-size translation-block\"><strong>Yard\u0131ma ihtiyac\u0131n var m\u0131?<\/strong><br> <strong>Yard\u0131mc\u0131 olmak i\u00e7in buraday\u0131z.<\/strong><\/p>\n\n\n\n<p class=\"translation-block\">Destek ekibimiz size hizmet etmeye adanm\u0131\u015ft\u0131r.<br> Hizmetlerimizle ilgili sorular\u0131n\u0131z varsa bize ula\u015f\u0131n.<\/p>\n\n\n\n<div class=\"wp-block-buttons is-layout-flex wp-block-buttons-is-layout-flex\">\n<div class=\"wp-block-button\"><a class=\"wp-block-button__link wp-element-button\" href=\"\/tr\/support\/contact\/\">Bize Ula\u015f\u0131n<\/a><\/div>\n<\/div>\n<\/div><\/div>","protected":false},"excerpt":{"rendered":"<p>Bug\u00fcn bir hesap i\u00e7in kaydolun! Do\u011frudan banka hesab\u0131n\u0131za h\u0131zl\u0131, g\u00fcvenli ve kullan\u0131\u015fl\u0131 para \u00e7ekme y\u00f6ntemleri sunuyoruz. Yeni dijital \u00f6demeleri deneyimleyin.<\/p>","protected":false},"author":5,"featured_media":0,"parent":32,"menu_order":20,"comment_status":"closed","ping_status":"closed","template":"","meta":{"footnotes":""},"class_list":["post-72","page","type-page","status-publish","hentry"],"_links":{"self":[{"href":"https:\/\/bitwallet.com\/tr\/wp-json\/wp\/v2\/pages\/72","targetHints":{"allow":["GET"]}}],"collection":[{"href":"https:\/\/bitwallet.com\/tr\/wp-json\/wp\/v2\/pages"}],"about":[{"href":"https:\/\/bitwallet.com\/tr\/wp-json\/wp\/v2\/types\/page"}],"author":[{"embeddable":true,"href":"https:\/\/bitwallet.com\/tr\/wp-json\/wp\/v2\/users\/5"}],"replies":[{"embeddable":true,"href":"https:\/\/bitwallet.com\/tr\/wp-json\/wp\/v2\/comments?post=72"}],"version-history":[{"count":76,"href":"https:\/\/bitwallet.com\/tr\/wp-json\/wp\/v2\/pages\/72\/revisions"}],"predecessor-version":[{"id":5765,"href":"https:\/\/bitwallet.com\/tr\/wp-json\/wp\/v2\/pages\/72\/revisions\/5765"}],"up":[{"embeddable":true,"href":"https:\/\/bitwallet.com\/tr\/wp-json\/wp\/v2\/pages\/32"}],"wp:attachment":[{"href":"https:\/\/bitwallet.com\/tr\/wp-json\/wp\/v2\/media?parent=72"}],"curies":[{"name":"wp","href":"https:\/\/api.w.org\/{rel}","templated":true}]}}