{"id":62,"date":"2023-05-10T13:51:53","date_gmt":"2023-05-10T04:51:53","guid":{"rendered":"https:\/\/bitwallet.com\/?page_id=62"},"modified":"2024-02-21T13:46:11","modified_gmt":"2024-02-21T04:46:11","slug":"merchant","status":"publish","type":"page","link":"https:\/\/bitwallet.com\/tr\/feature\/merchant\/","title":{"rendered":"Sat\u0131c\u0131 Hesab\u0131"},"content":{"rendered":"<div class=\"wp-block-cover alignwide is-light header\"><span aria-hidden=\"true\" class=\"wp-block-cover__background has-background-dim-0 has-background-dim\"><\/span><img loading=\"lazy\" decoding=\"async\" width=\"2000\" height=\"518\" class=\"wp-block-cover__image-background wp-image-1138\" alt=\"\" src=\"https:\/\/bitwallet.com\/wp-content\/uploads\/2023\/09\/mv-feature-merchant-jpg.webp\" data-object-fit=\"cover\"\/><div class=\"wp-block-cover__inner-container has-global-padding is-layout-constrained wp-block-cover-is-layout-constrained\">\n<h1 class=\"wp-block-heading has-text-align-left effect00\">Sat\u0131c\u0131 Hesab\u0131<\/h1>\n\n\n\n<p class=\"effect00 fadeTimeA\">\u00d6deme \u00e7\u00f6z\u00fcm\u00fcm\u00fcz\u00fc web sitenize entegre ederek mevcut para yat\u0131rma ve \u00e7ekme hizmetinizi geli\u015ftirin. bitwallet ile i\u015flemlerin y\u00f6netimi daha kolay hale geldi.<\/p>\n\n\n\n<div class=\"wp-block-buttons effect00 fadeTimeB is-layout-flex wp-block-buttons-is-layout-flex\">\n<div class=\"wp-block-button btn-merchant\"><a class=\"wp-block-button__link wp-element-button\" href=\"\/tr\/support\/contact\/\">\u015eimdi soruyoruz<\/a><\/div>\n<\/div>\n<\/div><\/div>\n\n\n\n<div class=\"wp-block-cover alignwide is-light headcopy\" style=\"min-height:138px;aspect-ratio:unset;\" id=\"maincontetnts\"><span aria-hidden=\"true\" class=\"wp-block-cover__background has-background-dim-100 has-background-dim\" style=\"background-color:#f7f7f7\"><\/span><div class=\"wp-block-cover__inner-container has-global-padding is-layout-constrained wp-block-cover-is-layout-constrained\">\n<p class=\"has-text-align-center effect00\">Merhaba basitlik, g\u00fcle g\u00fcle karma\u015f\u0131kl\u0131k.<br>bitwallet&#039;de ihtiyac\u0131n\u0131z olan her \u015fey.<\/p>\n<\/div><\/div>\n\n\n\n<div class=\"wp-block-cover alignwide is-light case-merchant\"><span aria-hidden=\"true\" class=\"wp-block-cover__background has-background-dim-0 has-background-dim\"><\/span><div class=\"wp-block-cover__inner-container has-global-padding is-layout-constrained wp-block-cover-is-layout-constrained\">\n<h2 class=\"wp-block-heading has-text-align-center effect00\"><strong>Mutlak ticari \u00f6deme deste\u011finiz<\/strong><\/h2>\n\n\n\n<div class=\"wp-block-columns is-layout-flex wp-container-core-columns-is-layout-9d6595d7 wp-block-columns-is-layout-flex\">\n<div class=\"wp-block-column effect00 fadeTimeA is-layout-flow wp-block-column-is-layout-flow\">\n<div class=\"wp-block-group has-global-padding is-layout-constrained wp-block-group-is-layout-constrained\">\n<h3 class=\"wp-block-heading has-text-align-center\"><strong><strong><strong>Kullan\u0131c\u0131lar<\/strong><\/strong><\/strong><\/h3>\n\n\n\n<figure class=\"wp-block-image aligncenter size-full\"><img loading=\"lazy\" decoding=\"async\" width=\"373\" height=\"209\" src=\"https:\/\/bitwallet.com\/wp-content\/uploads\/2023\/10\/service_merchant_case1.png\" alt=\"\" class=\"wp-image-1367\"\/><\/figure>\n\n\n\n<p>\u00c7evrimi\u00e7i hizmet web sitenizde bir hesaba kaydolmak i\u00e7in ki\u015fisel bilgilerinizi sa\u011flay\u0131n.<\/p>\n<\/div>\n<\/div>\n\n\n\n<div class=\"wp-block-column effect00 fadeTimeB is-layout-flow wp-block-column-is-layout-flow\">\n<div class=\"wp-block-group has-global-padding is-layout-constrained wp-block-group-is-layout-constrained\">\n<h3 class=\"wp-block-heading has-text-align-center\"><strong><strong><strong>\u00c7evrimi\u00e7i hizmetiniz<\/strong><\/strong><\/strong><\/h3>\n\n\n\n<figure class=\"wp-block-image aligncenter size-full\"><img loading=\"lazy\" decoding=\"async\" width=\"373\" height=\"209\" src=\"https:\/\/bitwallet.com\/wp-content\/uploads\/2023\/10\/service_merchant_case2.png\" alt=\"\" class=\"wp-image-1369\"\/><\/figure>\n\n\n\n<p>Kayd\u0131 onaylamadan \u00f6nce kullan\u0131c\u0131n\u0131n temel bilgilerini ve hesap bilgilerini do\u011frulay\u0131n.<\/p>\n<\/div>\n<\/div>\n\n\n\n<div class=\"wp-block-column effect00 fadeTimeC is-layout-flow wp-block-column-is-layout-flow\">\n<div class=\"wp-block-group has-global-padding is-layout-constrained wp-block-group-is-layout-constrained\">\n<h3 class=\"wp-block-heading has-text-align-center\"><strong><strong><strong>\u00d6deme ve Para \u00c7ekme<\/strong><\/strong><\/strong><\/h3>\n\n\n\n<figure class=\"wp-block-image aligncenter size-full\"><img loading=\"lazy\" decoding=\"async\" width=\"373\" height=\"209\" src=\"https:\/\/bitwallet.com\/wp-content\/uploads\/2023\/10\/service_merchant_case3.png\" alt=\"\" class=\"wp-image-1370\"\/><\/figure>\n\n\n\n<p>Hizmet \u00fccretleri ve emtia dahil olmak \u00fczere \u00f6demeyi tahsil edin, depozito i\u00e7in herhangi bir geri \u00f6demeyi ve para \u00e7ekme i\u015flemini ger\u00e7ekle\u015ftirin.<\/p>\n<\/div>\n<\/div>\n<\/div>\n<\/div><\/div>\n\n\n\n<div class=\"wp-block-cover alignwide is-light available\"><span aria-hidden=\"true\" class=\"wp-block-cover__background has-background-dim-0 has-background-dim\"><\/span><div class=\"wp-block-cover__inner-container has-global-padding is-layout-constrained wp-block-cover-is-layout-constrained\">\n<h2 class=\"wp-block-heading has-text-align-center effect01\"><strong>Sat\u0131c\u0131 hesab\u0131na y\u00fckseltirken a\u015fa\u011f\u0131daki hizmetlerin keyfini \u00e7\u0131kar\u0131n<\/strong><\/h2>\n\n\n\n<div class=\"wp-block-columns is-layout-flex wp-container-core-columns-is-layout-9d6595d7 wp-block-columns-is-layout-flex\">\n<div class=\"wp-block-column is-vertically-aligned-center is-layout-flow wp-block-column-is-layout-flow\" style=\"flex-basis:320px\">\n<figure class=\"wp-block-image aligncenter size-full is-resized\"><img loading=\"lazy\" decoding=\"async\" width=\"409\" height=\"85\" src=\"https:\/\/bitwallet.com\/wp-content\/uploads\/2023\/09\/guideline_img01.png\" alt=\"\" class=\"wp-image-1115\" style=\"width:200px;height:undefinedpx\"\/><\/figure>\n\n\n\n<h3 class=\"wp-block-heading has-text-align-center\">T\u00fcccarlar i\u00e7in tasarlanm\u0131\u015f m\u00fckemmel \u00e7\u00f6z\u00fcm<\/h3>\n\n\n\n<figure class=\"wp-block-image aligncenter size-full\"><img loading=\"lazy\" decoding=\"async\" width=\"100\" height=\"109\" src=\"https:\/\/bitwallet.com\/wp-content\/uploads\/2023\/10\/service_merchant_available.png\" alt=\"\" class=\"wp-image-1379\"\/><\/figure>\n<\/div>\n\n\n\n<div class=\"wp-block-column is-layout-flow wp-block-column-is-layout-flow\">\n<div class=\"wp-block-columns is-layout-flex wp-container-core-columns-is-layout-9d6595d7 wp-block-columns-is-layout-flex\">\n<div class=\"wp-block-column effect01 fadeTimeA is-layout-flow wp-block-column-is-layout-flow\">\n<h4 class=\"wp-block-heading has-text-align-center\"><strong>kimlik do\u011frulama<\/strong><\/h4>\n\n\n\n<p>Y\u00fcklenen kimlik belgeleri ve adres kan\u0131t\u0131 dikkatlice incelenecek ve kullan\u0131mdan \u00f6nce kan\u0131tlanm\u0131\u015f kimli\u011fi yans\u0131tacakt\u0131r.<\/p>\n<\/div>\n\n\n\n<div class=\"wp-block-column effect01 fadeTimeB is-layout-flow wp-block-column-is-layout-flow\">\n<h4 class=\"wp-block-heading has-text-align-center\"><strong>c\u00fczdan API&#039;si<\/strong><\/h4>\n\n\n\n<p>\u00dcr\u00fcn markan\u0131za uygun para yat\u0131rma ve \u00e7ekme hizmetleri sa\u011flayan \u00f6zelle\u015ftirilmi\u015f bir c\u00fczdan API entegrasyonu.<\/p>\n<\/div>\n\n\n\n<div class=\"wp-block-column effect01 fadeTimeC is-layout-flow wp-block-column-is-layout-flow\">\n<h4 class=\"wp-block-heading has-text-align-center\"><strong>\u00d6deme Tahsilat Hizmeti<\/strong><\/h4>\n\n\n\n<p>Platformda \u00e7e\u015fitli \u00f6deme \u00e7\u00f6z\u00fcmlerini destekleyin: kredi kart\u0131 ve banka havalesiyle \u00f6deme.<\/p>\n<\/div>\n<\/div>\n\n\n\n<div class=\"wp-block-columns is-layout-flex wp-container-core-columns-is-layout-9d6595d7 wp-block-columns-is-layout-flex\">\n<div class=\"wp-block-column effect01 fadeTimeD is-layout-flow wp-block-column-is-layout-flow\">\n<h4 class=\"wp-block-heading has-text-align-center\"><strong>Tek Oturum A\u00e7ma (SSO)<\/strong><\/h4>\n\n\n\n<p>bitwallet kimlik do\u011frulamal\u0131 oturum a\u00e7ma kimlik bilgileri seti ile birden fazla uygulamaya eri\u015fin. Kullan\u0131c\u0131 hesab\u0131 etkinliklerinin izlenmesine ve d\u00fczenlenmesine yard\u0131mc\u0131 olur.<\/p>\n<\/div>\n\n\n\n<div class=\"wp-block-column effect01 fadeTimeE is-layout-flow wp-block-column-is-layout-flow\">\n<h4 class=\"wp-block-heading has-text-align-center\"><strong>\u00d6deme Banka Hesab\u0131<\/strong><\/h4>\n\n\n\n<p>Banka hesab\u0131 \u00fcye i\u015fyerine faaliyet g\u00f6sterdi\u011fi b\u00f6lgeye g\u00f6re atan\u0131r.<\/p>\n<\/div>\n\n\n\n<div class=\"wp-block-column effect01 fadeTimeF is-layout-flow wp-block-column-is-layout-flow\">\n<h4 class=\"wp-block-heading has-text-align-center\"><strong>Doland\u0131r\u0131c\u0131l\u0131k \u00d6nleme Sistemi<\/strong><\/h4>\n\n\n\n<p>Kredi kart\u0131 doland\u0131r\u0131c\u0131l\u0131\u011f\u0131 ve kredi kart\u0131ndan nakit elde etme gibi kredi kart\u0131n\u0131n k\u00f6t\u00fcye kullan\u0131lmas\u0131 durumlar\u0131na kar\u015f\u0131 kullan\u0131c\u0131 bilgilerini toplay\u0131n ve sa\u011flay\u0131n.<\/p>\n<\/div>\n<\/div>\n<\/div>\n<\/div>\n<\/div><\/div>\n\n\n\n<div class=\"wp-block-cover alignwide has-parallax footer-mercahnt\"><span aria-hidden=\"true\" class=\"wp-block-cover__background has-cyan-bluish-gray-background-color has-background-dim-0 has-background-dim\"><\/span><div role=\"img\" class=\"wp-block-cover__image-background wp-image-1146 has-parallax\" style=\"background-position:50% 50%;background-image:url(https:\/\/bitwallet.com\/wp-content\/uploads\/2023\/09\/mv-feature-merchant-bg-jpg.webp)\"><\/div><div class=\"wp-block-cover__inner-container has-global-padding is-layout-constrained wp-block-cover-is-layout-constrained\">\n<p class=\"has-text-align-center effect01\">bitwallet, k\u00fcresel para yat\u0131rma ve \u00e7ekme hizmetlerinin verimlili\u011fini desteklemek ve art\u0131rmak i\u00e7in olu\u015fturulmu\u015ftur.<\/p>\n\n\n\n<p class=\"has-text-align-center effect01 fadeTimeA\">Sat\u0131c\u0131 hesab\u0131na ge\u00e7i\u015f i\u00e7in bizimle ileti\u015fime ge\u00e7in. Yaln\u0131zca premium deneyimini ya\u015fay\u0131n.<\/p>\n\n\n\n<div class=\"wp-block-buttons effect01 fadeTimeB is-content-justification-center is-layout-flex wp-container-core-buttons-is-layout-16018d1d wp-block-buttons-is-layout-flex\">\n<div class=\"wp-block-button btn-merchant\"><a class=\"wp-block-button__link wp-element-button\" href=\"\/tr\/support\/contact\/\">\u015eimdi soruyoruz<\/a><\/div>\n<\/div>\n<\/div><\/div>","protected":false},"excerpt":{"rendered":"","protected":false},"author":5,"featured_media":0,"parent":24,"menu_order":34,"comment_status":"closed","ping_status":"closed","template":"","meta":{"footnotes":""},"class_list":["post-62","page","type-page","status-publish","hentry"],"_links":{"self":[{"href":"https:\/\/bitwallet.com\/tr\/wp-json\/wp\/v2\/pages\/62","targetHints":{"allow":["GET"]}}],"collection":[{"href":"https:\/\/bitwallet.com\/tr\/wp-json\/wp\/v2\/pages"}],"about":[{"href":"https:\/\/bitwallet.com\/tr\/wp-json\/wp\/v2\/types\/page"}],"author":[{"embeddable":true,"href":"https:\/\/bitwallet.com\/tr\/wp-json\/wp\/v2\/users\/5"}],"replies":[{"embeddable":true,"href":"https:\/\/bitwallet.com\/tr\/wp-json\/wp\/v2\/comments?post=62"}],"version-history":[{"count":45,"href":"https:\/\/bitwallet.com\/tr\/wp-json\/wp\/v2\/pages\/62\/revisions"}],"predecessor-version":[{"id":4468,"href":"https:\/\/bitwallet.com\/tr\/wp-json\/wp\/v2\/pages\/62\/revisions\/4468"}],"up":[{"embeddable":true,"href":"https:\/\/bitwallet.com\/tr\/wp-json\/wp\/v2\/pages\/24"}],"wp:attachment":[{"href":"https:\/\/bitwallet.com\/tr\/wp-json\/wp\/v2\/media?parent=62"}],"curies":[{"name":"wp","href":"https:\/\/api.w.org\/{rel}","templated":true}]}}