{"id":60,"date":"2023-05-10T13:51:13","date_gmt":"2023-05-10T04:51:13","guid":{"rendered":"https:\/\/bitwallet.com\/?page_id=60"},"modified":"2024-08-02T13:02:35","modified_gmt":"2024-08-02T04:02:35","slug":"business","status":"publish","type":"page","link":"https:\/\/bitwallet.com\/tr\/feature\/business\/","title":{"rendered":"\u0130\u015f hesab\u0131"},"content":{"rendered":"<div class=\"wp-block-cover alignwide is-light header\"><span aria-hidden=\"true\" class=\"wp-block-cover__background has-background-dim-0 has-background-dim\"><\/span><img loading=\"lazy\" decoding=\"async\" width=\"2048\" height=\"518\" class=\"wp-block-cover__image-background wp-image-1134\" alt=\"\" src=\"https:\/\/bitwallet.com\/wp-content\/uploads\/2023\/09\/mv-feature-business-jpg.webp\" data-object-fit=\"cover\"\/><div class=\"wp-block-cover__inner-container has-global-padding is-layout-constrained wp-block-cover-is-layout-constrained\">\n<h1 class=\"wp-block-heading has-text-align-left effect00\">\u0130\u015f hesab\u0131<\/h1>\n\n\n\n<p class=\"effect00 fadeTimeA\">E-ticaret ma\u011fazan\u0131z i\u00e7in \u00f6deme prosed\u00fcrlerini basitle\u015ftirin. T\u00fcm \u00f6demeleri banka, kredi kart\u0131 veya bitwallet&#039;deki mevcut para birimi hizmetleri arac\u0131l\u0131\u011f\u0131yla al\u0131n.<\/p>\n\n\n\n<div class=\"wp-block-buttons effect00 fadeTimeB is-layout-flex wp-block-buttons-is-layout-flex\">\n<div class=\"wp-block-button btn-signup\"><a class=\"wp-block-button__link wp-element-button\" href=\"https:\/\/secure.bitwallet.com\/signup\/certification?lang=en\" target=\"_blank\" rel=\"noreferrer noopener\">C\u00fczdan Olu\u015ftur<\/a><\/div>\n<\/div>\n<\/div><\/div>\n\n\n\n<div class=\"wp-block-cover alignwide is-light headcopy\" style=\"min-height:138px;aspect-ratio:unset;\" id=\"maincontetnts\"><span aria-hidden=\"true\" class=\"wp-block-cover__background has-background-dim-100 has-background-dim\" style=\"background-color:#f7f7f7\"><\/span><div class=\"wp-block-cover__inner-container has-global-padding is-layout-constrained wp-block-cover-is-layout-constrained\">\n<p class=\"has-text-align-center effect00\">\u00c7evrimi\u00e7i ma\u011fazan\u0131z i\u00e7in bitwallet&#039;yi se\u00e7ti\u011finizde ho\u015f ve basit bir \u00f6deme deneyimine ho\u015f geldiniz.<br>\u00d6demeyi \u00e7e\u015fitli \u015fekillerde yap\u0131n.<\/p>\n<\/div><\/div>\n\n\n\n<div class=\"wp-block-cover alignwide is-light business-point\"><span aria-hidden=\"true\" class=\"wp-block-cover__background has-background-dim-0 has-background-dim\"><\/span><div class=\"wp-block-cover__inner-container has-global-padding is-layout-constrained wp-block-cover-is-layout-constrained\">\n<div class=\"wp-block-columns tab is-layout-flex wp-container-core-columns-is-layout-9d6595d7 wp-block-columns-is-layout-flex\">\n<div class=\"wp-block-column is-layout-flow wp-block-column-is-layout-flow\" style=\"flex-basis:33.33%\">\n<div class=\"wp-block-buttons tab-menu is-horizontal is-content-justification-center is-layout-flex wp-container-core-buttons-is-layout-499968f5 wp-block-buttons-is-layout-flex\">\n<div class=\"wp-block-button current effect00\"><a class=\"wp-block-button__link has-text-align-left wp-element-button\">Kredi kart\u0131 ve c\u00fczdan \u00f6demesini ger\u00e7ekle\u015ftirin<\/a><\/div>\n\n\n\n<div class=\"wp-block-button effect00 fadeTimeB\"><a class=\"wp-block-button__link has-text-align-left wp-element-button\">Faturay\u0131 belirli ki\u015filere g\u00f6nder<\/a><\/div>\n\n\n\n<div class=\"wp-block-button effect00 fadeTimeC\"><a class=\"wp-block-button__link has-text-align-left wp-element-button\">Ma\u011faza veya \u015firket ad\u0131 alt\u0131nda y\u00f6netin<\/a><\/div>\n<\/div>\n<\/div>\n\n\n\n<div class=\"wp-block-column tab-contents is-layout-flow wp-block-column-is-layout-flow\" style=\"flex-basis:66.66%\">\n<div class=\"wp-block-group has-global-padding is-layout-constrained wp-block-group-is-layout-constrained\">\n<div class=\"wp-block-columns has-background is-layout-flex wp-container-core-columns-is-layout-9d6595d7 wp-block-columns-is-layout-flex\" style=\"background-color:#f4f4f4\">\n<div class=\"wp-block-column is-layout-flow wp-block-column-is-layout-flow\">\n<h3 class=\"wp-block-heading\">Kredi kart\u0131 ve c\u00fczdan \u00f6demesini ger\u00e7ekle\u015ftirin<\/h3>\n\n\n\n<p>E-ticaret ma\u011fazan\u0131z veya bilgi \u00fcr\u00fcnleri perakende sat\u0131\u015f\u0131n\u0131z i\u00e7in \u00f6deme i\u015flemlerini geli\u015ftirin. Hesab\u0131n\u0131z\u0131n g\u00fcvenlik d\u00fczeyini g\u00fc\u00e7lendirdik\u00e7e, kredi kart\u0131yla \u00f6deme gibi ek \u00f6zellikler ve daha fazlas\u0131 kullan\u0131ma sunulacakt\u0131r.<\/p>\n\n\n\n<p>bitwallet, tamamen PCI DSS(*) uyumludur ve \u00f6deme platformumuzda daha y\u00fcksek d\u00fczeyde veri g\u00fcvenli\u011fi sa\u011flama ve kullan\u0131c\u0131 bilgilerini koruma a\u00e7\u0131s\u0131ndan PCI Standard\u0131na s\u0131k\u0131 s\u0131k\u0131ya ba\u011fl\u0131d\u0131r.<\/p>\n\n\n\n<figure class=\"wp-block-image alignright size-full\"><img loading=\"lazy\" decoding=\"async\" width=\"95\" height=\"37\" src=\"https:\/\/bitwallet.com\/wp-content\/uploads\/2023\/06\/icon_pci01.png\" alt=\"\" class=\"wp-image-205\"\/><\/figure>\n<\/div>\n\n\n\n<div class=\"wp-block-column is-layout-flow wp-block-column-is-layout-flow\">\n<h4 class=\"wp-block-heading\">Kabul Edilen Kredi Kartlar\u0131<\/h4>\n\n\n\n<div class=\"wp-block-group gap20 has-white-background-color has-background is-content-justification-center is-nowrap is-layout-flex wp-container-core-group-is-layout-94bc23d7 wp-block-group-is-layout-flex\">\n<figure class=\"wp-block-image alignleft size-full\"><img loading=\"lazy\" decoding=\"async\" width=\"87\" height=\"28\" src=\"https:\/\/bitwallet.com\/wp-content\/uploads\/2023\/10\/logo_card_visa01.png\" alt=\"\" class=\"wp-image-1345\"\/><\/figure>\n\n\n\n<figure class=\"wp-block-image alignleft size-full\"><img loading=\"lazy\" decoding=\"async\" width=\"75\" height=\"59\" src=\"https:\/\/bitwallet.com\/wp-content\/uploads\/2023\/10\/logo_card_master01.png\" alt=\"\" class=\"wp-image-1349\"\/><\/figure>\n\n\n\n<figure class=\"wp-block-image alignleft size-full\"><img loading=\"lazy\" decoding=\"async\" width=\"86\" height=\"66\" src=\"https:\/\/bitwallet.com\/wp-content\/uploads\/2023\/10\/logo_card_jcb02.png\" alt=\"\" class=\"wp-image-1348\"\/><\/figure>\n\n\n\n<figure class=\"wp-block-image alignleft size-full\"><img loading=\"lazy\" decoding=\"async\" width=\"118\" height=\"32\" src=\"https:\/\/bitwallet.com\/wp-content\/uploads\/2023\/10\/logo_card_diners01.png\" alt=\"\" class=\"wp-image-1346\"\/><\/figure>\n\n\n\n<figure class=\"wp-block-image alignleft size-full\"><img loading=\"lazy\" decoding=\"async\" width=\"77\" height=\"48\" src=\"https:\/\/bitwallet.com\/wp-content\/uploads\/2023\/10\/logo_card_discover01.png\" alt=\"\" class=\"wp-image-1347\"\/><\/figure>\n<\/div>\n<\/div>\n<\/div>\n\n\n\n<ul class=\"wp-block-list note kome\">\n<li class=\"nonum\">PCI DSS (Payment Card Industry Data Security Standard) k\u00fcresel kart g\u00fcvenlik standard\u0131d\u0131r ve kart sahibi veri g\u00fcvenli\u011fini art\u0131rmak i\u00e7in 5 b\u00fcy\u00fck uluslararas\u0131 kredi kart\u0131 markas\u0131 taraf\u0131ndan geli\u015ftirilip s\u00fcrd\u00fcr\u00fclmektedir: American Express, Discover, JCB, Mastercard ve VISA.<\/li>\n<\/ul>\n<\/div>\n\n\n\n<div class=\"wp-block-group has-global-padding is-layout-constrained wp-block-group-is-layout-constrained\">\n<div class=\"wp-block-columns has-background is-layout-flex wp-container-core-columns-is-layout-9d6595d7 wp-block-columns-is-layout-flex\" style=\"background-color:#f4f4f4\">\n<div class=\"wp-block-column is-layout-flow wp-block-column-is-layout-flow\">\n<h3 class=\"wp-block-heading\">Faturay\u0131 belirli ki\u015filere g\u00f6nder<\/h3>\n\n\n\n<p>bitwallet \u00d6deme Talebi i\u015flevi, sat\u0131c\u0131lar\u0131n ve kullan\u0131c\u0131lar\u0131n bitwallet hesap sahiplerinden \u00e7evrimi\u00e7i \u00f6deme talep etmelerine ve toplamalar\u0131na olanak tan\u0131r. T\u00fcm \u00d6deme Talepleri, her iki tarafa da otomatik olarak g\u00f6nderilen \u00f6deme makbuzlar\u0131n\u0131n eksiksiz takibini sa\u011flar. Faturan\u0131z\u0131 \u00fcr\u00fcn ad\u0131, tutar, fatura numaras\u0131 vb. gerekli bilgilerle ki\u015fiselle\u015ftirin. Fatura, kullan\u0131c\u0131lar\u0131n ger\u00e7ek zamanl\u0131 \u00f6deme s\u00fcrecini takip etmesine ve izlemesine olanak tan\u0131r.<\/p>\n<\/div>\n\n\n\n<div class=\"wp-block-column is-layout-flow wp-block-column-is-layout-flow\">\n<h4 class=\"wp-block-heading\">Dahil edilecek bilgiler<\/h4>\n\n\n\n<ul class=\"wp-block-list ast\">\n<li>Dahil edilecek bilgiler<\/li>\n\n\n\n<li>E-posta Adresi<\/li>\n\n\n\n<li>Miktar<\/li>\n\n\n\n<li>Tan\u0131m<br>Fatura numaras\u0131<br>PDF olarak d\u0131\u015fa aktar<br>\u00d6deme \u015eekli (bitwallet hesab\u0131 i\u00e7in)<br>Haf\u0131za<\/li>\n<\/ul>\n\n\n\n<p class=\"has-text-align-right\">* Gerekli alan<\/p>\n<\/div>\n<\/div>\n<\/div>\n\n\n\n<div class=\"wp-block-group has-global-padding is-layout-constrained wp-block-group-is-layout-constrained\">\n<div class=\"wp-block-columns has-background is-layout-flex wp-container-core-columns-is-layout-9d6595d7 wp-block-columns-is-layout-flex\" style=\"background-color:#f4f4f4\">\n<div class=\"wp-block-column is-layout-flow wp-block-column-is-layout-flow\">\n<h3 class=\"wp-block-heading w50pc\">Ma\u011faza veya \u015firket ad\u0131yla y\u00f6netin<\/h3>\n\n\n\n<p>\u0130\u015fletme Hesab\u0131 kullan\u0131c\u0131lar\u0131, ma\u011faza adlar\u0131n\u0131 ve di\u011fer gerekli bilgileri profillerine ekleyebilir. Bu, m\u00fc\u015fterilerin sat\u0131n alma ge\u00e7mi\u015flerini daha iyi g\u00f6rmelerine ve net bir \u015fekilde anlamalar\u0131na yard\u0131mc\u0131 olur.<\/p>\n\n\n\n<p>bitwallet, herkes taraf\u0131ndan memnuniyetle kar\u015f\u0131lanan daha iyi bir hizmet ve aray\u00fcz deneyimi sunmak i\u00e7in her zaman kullan\u0131c\u0131lardan toplanan geri bildirimleri ve tavsiyeleri do\u011fa\u00e7lama olarak kullanm\u0131\u015ft\u0131r.<\/p>\n<\/div>\n<\/div>\n<\/div>\n<\/div>\n<\/div>\n<\/div><\/div>\n\n\n\n<div class=\"wp-block-cover alignwide is-light superiority\"><span aria-hidden=\"true\" class=\"wp-block-cover__background has-background-dim-100 has-background-dim\" style=\"background-color:#f7f7f7\"><\/span><div class=\"wp-block-cover__inner-container has-global-padding is-layout-constrained wp-block-cover-is-layout-constrained\">\n<h2 class=\"wp-block-heading has-text-align-center effect01\">bitwallet&#039;yi elit bir platform yapan nedir?<\/h2>\n\n\n\n<div class=\"wp-block-columns is-layout-flex wp-container-core-columns-is-layout-9d6595d7 wp-block-columns-is-layout-flex\">\n<div class=\"wp-block-column effect01 is-layout-flow wp-block-column-is-layout-flow\">\n<h3 class=\"wp-block-heading has-text-align-center\">Kay\u0131t \u00fccreti<\/h3>\n\n\n\n<h3 class=\"wp-block-heading has-text-align-center\">\u00d6zg\u00fcr<\/h3>\n\n\n\n<p>Bizimle bir c\u00fczdan olu\u015fturdu\u011funuzda \u00fccretsizdir. Kay\u0131t \u00fccreti gerekmez.<\/p>\n<\/div>\n\n\n\n<div class=\"wp-block-column effect01 fadeTimeA is-layout-flow wp-block-column-is-layout-flow\">\n<h3 class=\"wp-block-heading has-text-align-center\">Ayl\u0131k Kullan\u0131m<\/h3>\n\n\n\n<h3 class=\"wp-block-heading has-text-align-center\">\u00d6zg\u00fcr<\/h3>\n\n\n\n<p>Bizi kulland\u0131\u011f\u0131n\u0131zda ekstra \u00fccret \u00f6demezsiniz.<\/p>\n<\/div>\n\n\n\n<div class=\"wp-block-column effect01 fadeTimeB is-layout-flow wp-block-column-is-layout-flow\">\n<h3 class=\"wp-block-heading has-text-align-center\">\u0130\u015flem \u00fccreti<\/h3>\n\n\n\n<h3 class=\"wp-block-heading has-text-align-center\">\u00dccretsiz~<\/h3>\n\n\n\n<p>bitwallet ile yap\u0131lan \u00f6demeler 0 i\u015flem \u00fccretiyle ba\u015flar.<\/p>\n<\/div>\n\n\n\n<div class=\"wp-block-column effect01 fadeTimeC is-layout-flow wp-block-column-is-layout-flow\">\n<h3 class=\"wp-block-heading has-text-align-center\">Japonya Bankalar\u0131na Para \u00c7ekme<\/h3>\n\n\n\n<h3 class=\"wp-block-heading has-text-align-center translation-block\">824 <sub>JPY<\/sub><br> +<br> 0,8 <sub>%<br> para \u00e7ekme tutar\u0131<br> her biri en d\u00fc\u015f\u00fck seviyede<\/sub><\/h3>\n<\/div>\n<\/div>\n\n\n\n<p class=\"effect01\">Minimum oranda veya \u00fccretsiz olarak herhangi bir i\u015flemin keyfini \u00e7\u0131kar\u0131n. M\u00fckemmel \u00f6deme \u00e7\u00f6z\u00fcm\u00fcn\u00fcn inan\u0131lmaz \u00f6deme deneyimiyle bulu\u015ftu\u011fu yer yaln\u0131zca bitwallet&#039;de. Herkese uygun fiyatlarla hizmet sunarak a\u011f\u0131r i\u015flem maliyetlerinin y\u00fck\u00fcn\u00fc hafifletmeyi hedefliyoruz.<\/p>\n\n\n\n<div class=\"wp-block-buttons effect01 fadeTimeB is-content-justification-center is-layout-flex wp-container-core-buttons-is-layout-16018d1d wp-block-buttons-is-layout-flex\">\n<div class=\"wp-block-button\"><a class=\"wp-block-button__link wp-element-button\" href=\"\/tr\/service\/handling-fee\/\">Daha fazla bilgi edin<\/a><\/div>\n<\/div>\n<\/div><\/div>\n\n\n\n<div class=\"wp-block-cover alignwide is-light solution\"><span aria-hidden=\"true\" class=\"wp-block-cover__background has-background-dim-0 has-background-dim\"><\/span><img loading=\"lazy\" decoding=\"async\" width=\"3000\" height=\"460\" class=\"wp-block-cover__image-background wp-image-1154\" alt=\"\" src=\"https:\/\/bitwallet.com\/wp-content\/uploads\/2023\/09\/mv-feature-business2-jpg.webp\" data-object-fit=\"cover\"\/><div class=\"wp-block-cover__inner-container has-global-padding is-layout-constrained wp-block-cover-is-layout-constrained\">\n<h2 class=\"wp-block-heading has-text-align-center\"><strong>Yurtd\u0131\u015f\u0131 i\u015fler i\u00e7in m\u00fckemmel \u00f6deme \u00e7\u00f6z\u00fcm\u00fc<\/strong><\/h2>\n\n\n\n<div class=\"wp-block-buttons is-content-justification-center is-layout-flex wp-container-core-buttons-is-layout-16018d1d wp-block-buttons-is-layout-flex\">\n<div class=\"wp-block-button btn-signup effect01\"><a class=\"wp-block-button__link wp-element-button\" href=\"https:\/\/secure.bitwallet.com\/signup\/certification?lang=en\" target=\"_blank\" rel=\"noreferrer noopener\">C\u00fczdan Olu\u015ftur<\/a><\/div>\n<\/div>\n<\/div><\/div>\n\n\n\n<div class=\"wp-block-cover alignwide is-light case\"><span aria-hidden=\"true\" class=\"wp-block-cover__background has-background-dim-0 has-background-dim\"><\/span><img loading=\"lazy\" decoding=\"async\" width=\"3000\" height=\"484\" class=\"wp-block-cover__image-background wp-image-1297\" alt=\"\" src=\"https:\/\/bitwallet.com\/wp-content\/uploads\/2023\/10\/mv-business_example-jpg.webp\" data-object-fit=\"cover\"\/><div class=\"wp-block-cover__inner-container has-global-padding is-layout-constrained wp-block-cover-is-layout-constrained\">\n<h2 class=\"wp-block-heading alignwide has-text-align-center\"><strong>C\u00fczdan Hizmetinin Uygulanmas\u0131<\/strong><\/h2>\n\n\n\n<div class=\"wp-block-group swiper business effect01 fadeTimeA has-global-padding is-layout-constrained wp-block-group-is-layout-constrained\">\n<div class=\"wp-block-group swiper-wrapper has-global-padding is-layout-constrained wp-block-group-is-layout-constrained\">\n<div class=\"wp-block-columns swiper-slide is-layout-flex wp-container-core-columns-is-layout-9d6595d7 wp-block-columns-is-layout-flex\">\n<div class=\"wp-block-column is-layout-flow wp-block-column-is-layout-flow\" style=\"flex-basis:470px\">\n<figure class=\"wp-block-image size-full\"><img loading=\"lazy\" decoding=\"async\" width=\"470\" height=\"383\" src=\"https:\/\/bitwallet.com\/wp-content\/uploads\/2023\/10\/business_case_fsg.png\" alt=\"\" class=\"wp-image-1301\"\/><\/figure>\n<\/div>\n\n\n\n<div class=\"wp-block-column is-layout-flow wp-block-column-is-layout-flow\">\n<p>\u00c7evrimi\u00e7i \u00d6deme Durumlar\u0131<\/p>\n\n\n\n<h3 class=\"wp-block-heading\">FSG Y\u00f6netimi<\/h3>\n\n\n\n<p>FSG Y\u00f6netim A.\u015e., Ltd<\/p>\n\n\n\n<p>FSG Management, muhasebenin yan\u0131 s\u0131ra psikoloji de dahil olmak \u00fczere \u00e7e\u015fitli alanlarda y\u00f6netim konusunda uzmanla\u015fm\u0131\u015f bir dan\u0131\u015fmanl\u0131k firmas\u0131d\u0131r. Kurs \u00fccretleri ve dan\u0131\u015fmanl\u0131k \u00fccretleri bitwallet online \u00f6deme sistemi ile i\u015flenerek i\u015f f\u0131rsat\u0131 art\u0131r\u0131l\u0131r ve an\u0131nda \u00f6deme g\u00fcvence alt\u0131na al\u0131n\u0131r.<\/p>\n\n\n\n<div class=\"wp-block-columns is-layout-flex wp-container-core-columns-is-layout-9d6595d7 wp-block-columns-is-layout-flex\">\n<div class=\"wp-block-column is-layout-flow wp-block-column-is-layout-flow\" style=\"flex-basis:16em\">\n<p>\u0130\u015f hesab\u0131<\/p>\n<\/div>\n\n\n\n<div class=\"wp-block-column is-layout-flow wp-block-column-is-layout-flow\">\n<p><a href=\"http:\/\/www.fsg-group.co.jp\/\" target=\"_blank\" rel=\"noreferrer noopener\">http:\/\/www.fsg-group.co.jp\/<\/a><\/p>\n<\/div>\n<\/div>\n<\/div>\n<\/div>\n\n\n\n<div class=\"wp-block-columns swiper-slide is-layout-flex wp-container-core-columns-is-layout-9d6595d7 wp-block-columns-is-layout-flex\">\n<div class=\"wp-block-column is-layout-flow wp-block-column-is-layout-flow\" style=\"flex-basis:470px\">\n<figure class=\"wp-block-image size-full\"><img loading=\"lazy\" decoding=\"async\" width=\"470\" height=\"383\" src=\"https:\/\/bitwallet.com\/wp-content\/uploads\/2023\/10\/business_case_kensetsu.png\" alt=\"\" class=\"wp-image-1302\"\/><\/figure>\n<\/div>\n\n\n\n<div class=\"wp-block-column is-layout-flow wp-block-column-is-layout-flow\">\n<p>\u00c7evrimi\u00e7i \u00d6deme Durumlar\u0131<\/p>\n\n\n\n<h3 class=\"wp-block-heading\">\u0130n\u015faat Onay\u0131.com<\/h3>\n\n\n\n<p>\u0130dari Katip \u015eirket Hedefi<\/p>\n\n\n\n<p>\u0130n\u015faat Approval.com h\u0131zl\u0131 ve kolay in\u015faat i\u015fi onay ba\u015fvuru hizmeti sa\u011flar. Ba\u015far\u0131l\u0131 olan her ba\u015fvuru i\u00e7in \u00fccret bitwallet \u00f6deme sistemi taraf\u0131ndan tahsil edilmektedir.<\/p>\n\n\n\n<div class=\"wp-block-columns is-layout-flex wp-container-core-columns-is-layout-9d6595d7 wp-block-columns-is-layout-flex\">\n<div class=\"wp-block-column is-layout-flow wp-block-column-is-layout-flow\" style=\"flex-basis:16em\">\n<p>\u0130\u015f hesab\u0131<\/p>\n<\/div>\n\n\n\n<div class=\"wp-block-column is-layout-flow wp-block-column-is-layout-flow\">\n<p><a rel=\"noreferrer noopener\" href=\"https:\/\/www.kensetsu-kinki.com\/\" target=\"_blank\">https:\/\/www.kensetsu-kinki.com\/<\/a><\/p>\n<\/div>\n<\/div>\n<\/div>\n<\/div>\n<\/div>\n<\/div>\n<\/div><\/div>\n\n\n\n<div class=\"wp-block-cover alignwide has-parallax info-step\"><span aria-hidden=\"true\" class=\"wp-block-cover__background has-cyan-bluish-gray-background-color has-background-dim-0 has-background-dim\"><\/span><div class=\"wp-block-cover__image-background wp-image-1269 has-parallax\" style=\"background-position:50% 50%;background-image:url(https:\/\/bitwallet.com\/wp-content\/uploads\/2023\/10\/mv-feature-business-step-jpg.webp)\"><\/div><div class=\"wp-block-cover__inner-container has-global-padding is-layout-constrained wp-block-cover-is-layout-constrained\">\n<h3 class=\"wp-block-heading has-text-align-center effect01\"><strong>Sadece 4 basit ad\u0131m.<\/strong><br> <strong>C\u00fczdan\u0131n haz\u0131r olmas\u0131 i\u00e7in en az 30 dakika gerekiyor.<\/strong><\/h3>\n\n\n\n<div class=\"wp-block-columns step is-layout-flex wp-container-core-columns-is-layout-9d6595d7 wp-block-columns-is-layout-flex\">\n<div class=\"wp-block-column effect01 is-layout-flow wp-block-column-is-layout-flow\">\n<p class=\"has-text-align-center\"><strong>A\u015eAMA 1<\/strong><\/p>\n\n\n\n<figure class=\"wp-block-image aligncenter size-full\"><img loading=\"lazy\" decoding=\"async\" width=\"321\" height=\"321\" src=\"https:\/\/bitwallet.com\/wp-content\/uploads\/2023\/10\/icon_step1-wh.png\" alt=\"\" class=\"wp-image-1275\"\/><\/figure>\n\n\n\n<p>Herhangi bir cihazdan kaydolun. Ba\u015flamak i\u00e7in kay\u0131t sayfas\u0131na temel bilgilerinizi girin.<\/p>\n<\/div>\n\n\n\n<div class=\"wp-block-column effect01 fadeTimeA is-layout-flow wp-block-column-is-layout-flow\">\n<p class=\"has-text-align-center\"><strong>ADIM 2<\/strong><\/p>\n\n\n\n<figure class=\"wp-block-image aligncenter size-full\"><img loading=\"lazy\" decoding=\"async\" width=\"321\" height=\"321\" src=\"https:\/\/bitwallet.com\/wp-content\/uploads\/2023\/10\/icon_step2-wh.png\" alt=\"\" class=\"wp-image-1276\"\/><\/figure>\n\n\n\n<p>Kay\u0131tl\u0131 e-posta adresinize do\u011frulama linki g\u00f6nderilecektir. Devam etmek i\u00e7in gerekli di\u011fer bilgileri girin.<\/p>\n<\/div>\n\n\n\n<div class=\"wp-block-column effect01 fadeTimeB is-layout-flow wp-block-column-is-layout-flow\">\n<p class=\"has-text-align-center\"><strong>A\u015eAMA 3<\/strong><\/p>\n\n\n\n<figure class=\"wp-block-image aligncenter size-full\"><img loading=\"lazy\" decoding=\"async\" width=\"321\" height=\"321\" src=\"https:\/\/bitwallet.com\/wp-content\/uploads\/2023\/10\/icon_step3-wh.png\" alt=\"\" class=\"wp-image-1277\"\/><\/figure>\n\n\n\n<p>Giri\u015f yap\u0131n ve kimlik do\u011frulama belgelerinizi, ikamet adresi belgenizi ve Selfie&#039;nizi Do\u011frulama Belgeleri G\u00f6nderim sayfas\u0131na y\u00fckleyin.<\/p>\n<\/div>\n\n\n\n<div class=\"wp-block-column effect01 fadeTimeC is-layout-flow wp-block-column-is-layout-flow\">\n<p class=\"has-text-align-center\"><strong>ADIM-4<\/strong><\/p>\n\n\n\n<figure class=\"wp-block-image aligncenter size-full\"><img loading=\"lazy\" decoding=\"async\" width=\"321\" height=\"321\" src=\"https:\/\/bitwallet.com\/wp-content\/uploads\/2023\/10\/icon_step4-wh.png\" alt=\"\" class=\"wp-image-1278\"\/><\/figure>\n\n\n\n<p>Normal i\u015f saatleri i\u00e7erisinde teyit \u00e7al\u0131\u015fmas\u0131 minimum 30 dakika i\u00e7erisinde tamamlanacakt\u0131r. Do\u011frulan\u0131p onayland\u0131ktan sonra hesap bilgileriniz taraf\u0131n\u0131za e-posta yoluyla g\u00f6nderilecektir.<\/p>\n<\/div>\n<\/div>\n\n\n\n<div class=\"wp-block-columns frontpage-cv is-layout-flex wp-container-core-columns-is-layout-9d6595d7 wp-block-columns-is-layout-flex\">\n<div class=\"wp-block-column is-vertically-aligned-center is-layout-flow wp-block-column-is-layout-flow\"><\/div>\n\n\n\n<div class=\"wp-block-column is-layout-flow wp-block-column-is-layout-flow\">\n<div class=\"wp-block-buttons is-content-justification-center is-layout-flex wp-container-core-buttons-is-layout-16018d1d wp-block-buttons-is-layout-flex\">\n<div class=\"wp-block-button has-custom-width wp-block-button__width-100 btn-signup effect01\"><a class=\"wp-block-button__link wp-element-button\" href=\"https:\/\/secure.bitwallet.com\/signup\/certification?lang=en\" target=\"_blank\" rel=\"noreferrer noopener\">C\u00fczdan Olu\u015ftur<\/a><\/div>\n<\/div>\n<\/div>\n\n\n\n<div class=\"wp-block-column is-vertically-aligned-center is-layout-flow wp-block-column-is-layout-flow\">\n<p class=\"has-text-align-center effect01 fadeTimeB only-en\"><a href=\"\/tr\/service\/account-open\/\" data-type=\"page\" data-id=\"78\">Daha fazlas\u0131n\u0131 bul<\/a><\/p>\n\n\n\n<p class=\"has-text-align-center effect01 fadeTimeB only-ja mt0\"><a href=\"\/tr\/service\/account-open\/\" data-type=\"page\" data-id=\"78\">\u30a6\u30a9\u30ec\u30c3\u30c8\u958b\u8a2d\u624b\u9806\u3092\u8a73\u3057\u304f<\/a><\/p>\n<\/div>\n<\/div>\n<\/div><\/div>\n\n\n\n<div class=\"wp-block-cover alignwide is-light help\"><span aria-hidden=\"true\" class=\"wp-block-cover__background has-background-dim-0 has-background-dim\"><\/span><img loading=\"lazy\" decoding=\"async\" width=\"2048\" height=\"336\" class=\"wp-block-cover__image-background wp-image-289\" alt=\"\" src=\"https:\/\/bitwallet.com\/wp-content\/uploads\/2023\/06\/mv-support-jpg.webp\" style=\"object-position:50% 50%\" data-object-fit=\"cover\" data-object-position=\"50% 50%\"\/><div class=\"wp-block-cover__inner-container has-global-padding is-layout-constrained wp-block-cover-is-layout-constrained\">\n<p class=\"has-large-font-size translation-block\"><strong>Yard\u0131ma ihtiyac\u0131n var m\u0131?<\/strong><br> <strong>Yard\u0131mc\u0131 olmak i\u00e7in buraday\u0131z.<\/strong><\/p>\n\n\n\n<p class=\"translation-block\">Destek ekibimiz size hizmet etmeye adanm\u0131\u015ft\u0131r.<br> Hizmetlerimizle ilgili sorular\u0131n\u0131z varsa bize ula\u015f\u0131n.<\/p>\n\n\n\n<div class=\"wp-block-buttons is-layout-flex wp-block-buttons-is-layout-flex\">\n<div class=\"wp-block-button\"><a class=\"wp-block-button__link wp-element-button\" href=\"\/tr\/support\/contact\/\">Bize Ula\u015f\u0131n<\/a><\/div>\n<\/div>\n<\/div><\/div>","protected":false},"excerpt":{"rendered":"","protected":false},"author":5,"featured_media":0,"parent":24,"menu_order":33,"comment_status":"closed","ping_status":"closed","template":"","meta":{"footnotes":""},"class_list":["post-60","page","type-page","status-publish","hentry"],"_links":{"self":[{"href":"https:\/\/bitwallet.com\/tr\/wp-json\/wp\/v2\/pages\/60","targetHints":{"allow":["GET"]}}],"collection":[{"href":"https:\/\/bitwallet.com\/tr\/wp-json\/wp\/v2\/pages"}],"about":[{"href":"https:\/\/bitwallet.com\/tr\/wp-json\/wp\/v2\/types\/page"}],"author":[{"embeddable":true,"href":"https:\/\/bitwallet.com\/tr\/wp-json\/wp\/v2\/users\/5"}],"replies":[{"embeddable":true,"href":"https:\/\/bitwallet.com\/tr\/wp-json\/wp\/v2\/comments?post=60"}],"version-history":[{"count":132,"href":"https:\/\/bitwallet.com\/tr\/wp-json\/wp\/v2\/pages\/60\/revisions"}],"predecessor-version":[{"id":4907,"href":"https:\/\/bitwallet.com\/tr\/wp-json\/wp\/v2\/pages\/60\/revisions\/4907"}],"up":[{"embeddable":true,"href":"https:\/\/bitwallet.com\/tr\/wp-json\/wp\/v2\/pages\/24"}],"wp:attachment":[{"href":"https:\/\/bitwallet.com\/tr\/wp-json\/wp\/v2\/media?parent=60"}],"curies":[{"name":"wp","href":"https:\/\/api.w.org\/{rel}","templated":true}]}}