{"id":32,"date":"2023-05-10T02:48:24","date_gmt":"2023-05-10T02:48:24","guid":{"rendered":"https:\/\/bitwallet.com\/?page_id=32"},"modified":"2024-12-02T13:24:22","modified_gmt":"2024-12-02T04:24:22","slug":"service","status":"publish","type":"page","link":"https:\/\/bitwallet.com\/tr\/service\/","title":{"rendered":"Hizmetler"},"content":{"rendered":"<div class=\"wp-block-cover alignwide is-light header\"><span aria-hidden=\"true\" class=\"wp-block-cover__background has-background-dim-0 has-background-dim\"><\/span><div class=\"wp-block-cover__inner-container has-global-padding is-layout-constrained wp-block-cover-is-layout-constrained\">\n<h1 class=\"wp-block-heading has-text-align-left effect00 has-large-font-size\">Hizmetler<\/h1>\n\n\n\n<p class=\"effect00 fadeTimeA\">bitwallet hizmetleriyle tan\u0131\u015f\u0131n<\/p>\n<\/div><\/div>\n\n\n\n<div class=\"wp-block-group alignfull menu has-global-padding is-layout-constrained wp-block-group-is-layout-constrained\">\n<div class=\"wp-block-cover alignwide\"><span aria-hidden=\"true\" class=\"wp-block-cover__background has-background-dim-100 has-background-dim\" style=\"background-color:#003f97\"><\/span><div class=\"wp-block-cover__inner-container has-global-padding is-layout-constrained wp-block-cover-is-layout-constrained\">\n<div class=\"wp-block-columns is-layout-flex wp-container-core-columns-is-layout-9d6595d7 wp-block-columns-is-layout-flex\">\n<div class=\"wp-block-column img is-layout-flow wp-block-column-is-layout-flow\" style=\"flex-basis:50%\">\n<p class=\"has-text-align-center effect00\"><a href=\"https:\/\/bitwallet.com\/tr\/service\/prepare\/\" data-type=\"link\" data-id=\"https:\/\/bitwallet.com\/service\/deposit\/\"><img loading=\"lazy\" decoding=\"async\" width=\"150\" height=\"27\" class=\"wp-image-728\" style=\"width: 150px;\" src=\"https:\/\/bitwallet.com\/wp-content\/uploads\/2023\/08\/mv-service_payin-jpg.webp\" alt=\"\"><\/a><\/p>\n<\/div>\n\n\n\n<div class=\"wp-block-column effect00 fadeTimeA is-layout-flow wp-block-column-is-layout-flow\" style=\"flex-basis:50%\">\n<h2 class=\"wp-block-heading\"><a href=\"https:\/\/bitwallet.com\/tr\/service\/prepare\/\" data-type=\"page\" data-id=\"70\">\u00d6DEMEYE HAZIRLANIN<\/a><\/h2>\n\n\n\n<p>\u00d6deme yapmak i\u00e7in nas\u0131l y\u00fckleme yap\u0131l\u0131r<\/p>\n\n\n\n<ul class=\"wp-block-list\">\n<li><a href=\"https:\/\/bitwallet.com\/tr\/service\/prepare\/#fiat\" data-type=\"link\" data-id=\"https:\/\/bitwallet.com\/service\/deposit\/#fiat\">\u00c7e\u015fitli \u015fekillerde \u00f6deme yapmak i\u00e7in y\u00fckleme yap\u0131n<\/a><\/li>\n\n\n\n<li><a href=\"https:\/\/bitwallet.com\/tr\/service\/prepare\/#both\" data-type=\"link\" data-id=\"https:\/\/bitwallet.com\/service\/payin\/#both\">An\u0131nda yans\u0131ma!<\/a><\/li>\n<\/ul>\n<\/div>\n<\/div>\n<\/div><\/div>\n\n\n\n<div class=\"wp-block-cover alignwide\"><span aria-hidden=\"true\" class=\"wp-block-cover__background has-background-dim-100 has-background-dim\" style=\"background-color:#15305b\"><\/span><div class=\"wp-block-cover__inner-container has-global-padding is-layout-constrained wp-block-cover-is-layout-constrained\">\n<div class=\"wp-block-columns is-layout-flex wp-container-core-columns-is-layout-9d6595d7 wp-block-columns-is-layout-flex\">\n<div class=\"wp-block-column effect01 fadeTimeA is-layout-flow wp-block-column-is-layout-flow\" style=\"flex-basis:50%\">\n<h2 class=\"wp-block-heading\"><a href=\"https:\/\/bitwallet.com\/tr\/service\/payment\/\" data-type=\"page\" data-id=\"74\">ONLINE \u00d6DEME<\/a><\/h2>\n\n\n\n<p>Benzersiz: OneClick \u00d6deme<\/p>\n\n\n\n<ul class=\"wp-block-list\">\n<li><a href=\"https:\/\/bitwallet.com\/tr\/service\/payment\/#both\">Zahmetsiz 7\/24 ger\u00e7ek zamanl\u0131 \u00f6deme<\/a><\/li>\n<\/ul>\n<\/div>\n\n\n\n<div class=\"wp-block-column img is-layout-flow wp-block-column-is-layout-flow\" style=\"flex-basis:50%\">\n<p class=\"has-text-align-center effect01\"><a href=\"https:\/\/bitwallet.com\/tr\/service\/payment\/\" data-type=\"link\" data-id=\"https:\/\/bitwallet.com\/service\/payment\/\"><img loading=\"lazy\" decoding=\"async\" width=\"150\" height=\"27\" class=\"wp-image-863\" style=\"width: 150px;\" src=\"https:\/\/bitwallet.com\/wp-content\/uploads\/2023\/09\/mv-service_payment-jpg.webp\" alt=\"\"><\/a><\/p>\n<\/div>\n<\/div>\n<\/div><\/div>\n\n\n\n<div class=\"wp-block-cover alignwide is-light\"><span aria-hidden=\"true\" class=\"wp-block-cover__background has-background-dim-100 has-background-dim\" style=\"background-color:#2bc0ef\"><\/span><div class=\"wp-block-cover__inner-container has-global-padding is-layout-constrained wp-block-cover-is-layout-constrained\">\n<div class=\"wp-block-columns is-layout-flex wp-container-core-columns-is-layout-9d6595d7 wp-block-columns-is-layout-flex\">\n<div class=\"wp-block-column img is-layout-flow wp-block-column-is-layout-flow\" style=\"flex-basis:50%\">\n<p class=\"has-text-align-center effect00 fadeTimeC\"><a href=\"https:\/\/bitwallet.com\/tr\/service\/receive\/\" data-type=\"link\" data-id=\"https:\/\/bitwallet.com\/service\/withdrawal\/\"><img loading=\"lazy\" decoding=\"async\" width=\"150\" height=\"27\" class=\"wp-image-934\" style=\"width: 150px;\" src=\"https:\/\/bitwallet.com\/wp-content\/uploads\/2023\/09\/mv-service_payout-jpg.webp\" alt=\"\"><\/a><\/p>\n<\/div>\n\n\n\n<div class=\"wp-block-column effect00 fadeTimeB is-layout-flow wp-block-column-is-layout-flow\" style=\"flex-basis:50%\">\n<h2 class=\"wp-block-heading\"><a href=\"https:\/\/bitwallet.com\/tr\/service\/receive\/\" data-type=\"page\" data-id=\"72\">\u00d6DEME ALIN<\/a><\/h2>\n\n\n\n<p>Bizden \u00f6deme al\u0131nmas\u0131<\/p>\n\n\n\n<ul class=\"wp-block-list\">\n<li><a href=\"https:\/\/bitwallet.com\/tr\/service\/receive\/#fiat\" data-type=\"link\" data-id=\"https:\/\/bitwallet.com\/service\/withdrawal\/#fiat\">D\u00fcnya \u00e7ap\u0131ndaki finans kurulu\u015funuza \u00f6deme al\u0131n<\/a><\/li>\n<\/ul>\n<\/div>\n<\/div>\n<\/div><\/div>\n\n\n\n<div class=\"wp-block-cover alignwide\"><span aria-hidden=\"true\" class=\"wp-block-cover__background has-background-dim-100 has-background-dim\" style=\"background-color:#003f97\"><\/span><div class=\"wp-block-cover__inner-container has-global-padding is-layout-constrained wp-block-cover-is-layout-constrained\">\n<div class=\"wp-block-columns is-layout-flex wp-container-core-columns-is-layout-9d6595d7 wp-block-columns-is-layout-flex\">\n<div class=\"wp-block-column effect01 fadeTimeA is-layout-flow wp-block-column-is-layout-flow\" style=\"flex-basis:50%\">\n<h2 class=\"wp-block-heading\"><a href=\"https:\/\/bitwallet.com\/tr\/service\/exchange\/\" data-type=\"page\" data-id=\"76\">FARKLI PARA B\u0130R\u0130M\u0130NDE \u00d6DEME<\/a><\/h2>\n\n\n\n<p>Rahat\u00e7a \u00f6deme yapmak i\u00e7in d\u00f6viz bozdurma<\/p>\n\n\n\n<ul class=\"wp-block-list\">\n<li><a href=\"https:\/\/bitwallet.com\/tr\/service\/exchange\/#fiat\">En iyi oranda takas<\/a><\/li>\n<\/ul>\n<\/div>\n\n\n\n<div class=\"wp-block-column img is-layout-flow wp-block-column-is-layout-flow\" style=\"flex-basis:50%\">\n<p class=\"has-text-align-center effect01\"><a href=\"https:\/\/bitwallet.com\/tr\/service\/exchange\/\" data-type=\"page\" data-id=\"76\"><img loading=\"lazy\" decoding=\"async\" width=\"150\" height=\"27\" class=\"wp-image-874\" style=\"width: 150px;\" src=\"https:\/\/bitwallet.com\/wp-content\/uploads\/2023\/09\/mv-service_exchange-jpg.webp\" alt=\"\"><\/a><\/p>\n<\/div>\n<\/div>\n<\/div><\/div>\n<\/div>\n\n\n\n<div class=\"wp-block-group menu-button has-global-padding is-layout-constrained wp-block-group-is-layout-constrained\">\n<div class=\"wp-block-buttons is-content-justification-left is-layout-flex wp-container-core-buttons-is-layout-fdcfc74e wp-block-buttons-is-layout-flex\">\n<div class=\"wp-block-button has-custom-width wp-block-button__width-50\"><a class=\"wp-block-button__link wp-element-button\" href=\"https:\/\/bitwallet.com\/ja\/service\/account-open\/\"><img loading=\"lazy\" decoding=\"async\" width=\"150\" height=\"27\" class=\"wp-image-1125\" style=\"width: 150px;\" src=\"https:\/\/bitwallet.com\/wp-content\/uploads\/2023\/09\/mv-serivice_account-open-jpg.webp\" alt=\"\"><br><strong>Yeni hesap<\/strong><br>bitwallet Hesap Kayd\u0131<\/a><\/div>\n\n\n\n<div class=\"wp-block-button has-custom-width wp-block-button__width-50\"><a class=\"wp-block-button__link wp-element-button\" href=\"https:\/\/bitwallet.com\/ja\/service\/handling-fee\/\" rel=\"\"><img loading=\"lazy\" decoding=\"async\" width=\"150\" height=\"27\" class=\"wp-image-92\" style=\"width: 150px;\" src=\"https:\/\/bitwallet.com\/wp-content\/uploads\/2023\/05\/handlingfee_visual01-jpg.webp\" alt=\"\"><br><strong>T\u00fcm \u00dccretler<\/strong><br>Ge\u00e7erli \u00fccretlerin listesi<\/a><\/div>\n<\/div>\n\n\n\n<div class=\"wp-block-buttons is-content-justification-left is-layout-flex wp-container-core-buttons-is-layout-fdcfc74e wp-block-buttons-is-layout-flex\">\n<div class=\"wp-block-button has-custom-width wp-block-button__width-50\"><a class=\"wp-block-button__link wp-element-button\" href=\"https:\/\/bitwallet.com\/ja\/service\/status\/\"><img loading=\"lazy\" decoding=\"async\" width=\"150\" height=\"27\" class=\"wp-image-1127\" style=\"width: 150px;\" src=\"https:\/\/bitwallet.com\/wp-content\/uploads\/2023\/09\/mv-serive_status-jpg.webp\" alt=\"\"><br><strong>hesap durumu<\/strong><br>Kulland\u0131k\u00e7a daha fazla ek \u00f6zellik kullan\u0131labilir<\/a><\/div>\n\n\n\n<div class=\"wp-block-button has-custom-width wp-block-button__width-50\"><a class=\"wp-block-button__link wp-element-button\" href=\"https:\/\/bitwallet.com\/ja\/service\/real-time-currency-chart\/\" rel=\"\"><img loading=\"lazy\" decoding=\"async\" width=\"150\" height=\"27\" class=\"wp-image-1129\" style=\"width: 150px;\" src=\"https:\/\/bitwallet.com\/wp-content\/uploads\/2023\/09\/mv-service_realtimecurrencychart-jpg.webp\" alt=\"\"><br><strong>Ger\u00e7ek Zamanl\u0131 D\u00f6viz Tablosu<\/strong><br>T\u00fcm ticari \u00fcr\u00fcnleri (para birimleri) g\u00f6r\u00fcnt\u00fcle<\/a><\/div>\n<\/div>\n\n\n\n<div class=\"wp-block-buttons is-content-justification-left is-layout-flex wp-container-core-buttons-is-layout-fdcfc74e wp-block-buttons-is-layout-flex\">\n<div class=\"wp-block-button has-custom-width wp-block-button__width-50\"><a class=\"wp-block-button__link wp-element-button\" href=\"\/ja\/support\/guideline\/\"><img loading=\"lazy\" decoding=\"async\" width=\"150\" height=\"27\" class=\"wp-image-2022\" style=\"width: 150px;\" src=\"https:\/\/bitwallet.com\/wp-content\/uploads\/2023\/11\/mv-service_security-jpg.webp\" alt=\"\"><br><strong>G\u00fcvenlik<\/strong><br>G\u00fcvenli\u011fe Genel Bak\u0131\u015f<\/a><\/div>\n<\/div>\n<\/div>","protected":false},"excerpt":{"rendered":"","protected":false},"author":5,"featured_media":0,"parent":0,"menu_order":18,"comment_status":"closed","ping_status":"closed","template":"","meta":{"footnotes":""},"class_list":["post-32","page","type-page","status-publish","hentry"],"_links":{"self":[{"href":"https:\/\/bitwallet.com\/tr\/wp-json\/wp\/v2\/pages\/32","targetHints":{"allow":["GET"]}}],"collection":[{"href":"https:\/\/bitwallet.com\/tr\/wp-json\/wp\/v2\/pages"}],"about":[{"href":"https:\/\/bitwallet.com\/tr\/wp-json\/wp\/v2\/types\/page"}],"author":[{"embeddable":true,"href":"https:\/\/bitwallet.com\/tr\/wp-json\/wp\/v2\/users\/5"}],"replies":[{"embeddable":true,"href":"https:\/\/bitwallet.com\/tr\/wp-json\/wp\/v2\/comments?post=32"}],"version-history":[{"count":84,"href":"https:\/\/bitwallet.com\/tr\/wp-json\/wp\/v2\/pages\/32\/revisions"}],"predecessor-version":[{"id":5026,"href":"https:\/\/bitwallet.com\/tr\/wp-json\/wp\/v2\/pages\/32\/revisions\/5026"}],"wp:attachment":[{"href":"https:\/\/bitwallet.com\/tr\/wp-json\/wp\/v2\/media?parent=32"}],"curies":[{"name":"wp","href":"https:\/\/api.w.org\/{rel}","templated":true}]}}