{"id":26,"date":"2023-05-10T02:44:42","date_gmt":"2023-05-10T02:44:42","guid":{"rendered":"https:\/\/bitwallet.com\/?page_id=26"},"modified":"2025-10-27T11:14:43","modified_gmt":"2025-10-27T02:14:43","slug":"personal","status":"publish","type":"page","link":"https:\/\/bitwallet.com\/tr\/feature\/personal\/","title":{"rendered":"Ki\u015fisel hesap"},"content":{"rendered":"<div class=\"wp-block-cover alignwide is-light header\"><img loading=\"lazy\" decoding=\"async\" width=\"2048\" height=\"518\" class=\"wp-block-cover__image-background wp-image-105\" alt=\"\" src=\"https:\/\/bitwallet.com\/wp-content\/uploads\/2023\/05\/mv-feature-personal-jpg.webp\" style=\"object-position:76% 41%\" data-object-fit=\"cover\" data-object-position=\"76% 41%\"\/><span aria-hidden=\"true\" class=\"wp-block-cover__background has-background-dim-0 has-background-dim\"><\/span><div class=\"wp-block-cover__inner-container has-global-padding is-layout-constrained wp-block-cover-is-layout-constrained\">\n<h1 class=\"wp-block-heading has-text-align-left effect00\">Ki\u015fisel hesap<\/h1>\n\n\n\n<p class=\"effect00 fadeTimeA\">Discover, bitwallet ile kullan\u0131c\u0131lara veya sat\u0131c\u0131lara \u00f6deme yapt\u0131\u011f\u0131n\u0131zda kolay ve sorunsuz bir deneyim. Sekt\u00f6rdeki en y\u00fcksek g\u00fcvenlik standard\u0131yla donat\u0131lm\u0131\u015f ki\u015fisel para c\u00fczdan\u0131 hesab\u0131n\u0131z.<\/p>\n\n\n\n<div class=\"wp-block-buttons is-layout-flex wp-block-buttons-is-layout-flex\">\n<div class=\"wp-block-button btn-signup effect00 fadeTimeB\"><a class=\"wp-block-button__link wp-element-button\" href=\"https:\/\/secure.bitwallet.com\/signup\/certification?lang=en\" target=\"_blank\" rel=\"noreferrer noopener\">C\u00fczdan Olu\u015ftur<\/a><\/div>\n<\/div>\n<\/div><\/div>\n\n\n\n<div class=\"wp-block-cover alignwide is-light headcopy\" style=\"min-height:138px;aspect-ratio:unset;\" id=\"maincontetnts\"><span aria-hidden=\"true\" class=\"wp-block-cover__background has-background-dim-100 has-background-dim\" style=\"background-color:#f7f7f7\"><\/span><div class=\"wp-block-cover__inner-container has-global-padding is-layout-constrained wp-block-cover-is-layout-constrained\">\n<p class=\"has-text-align-center effect00\">bitwallet, en \u00e7ok i\u015flem g\u00f6ren 4 para biriminde (USD, JPY, EUR ve AUD) \u00f6deme \u00e7\u00f6z\u00fcmleri sunar. Birinci s\u0131n\u0131f g\u00fcvenlikle donat\u0131lm\u0131\u015f dijital bir c\u00fczdan.<\/p>\n<\/div><\/div>\n\n\n\n<div class=\"wp-block-cover alignwide is-light\"><span aria-hidden=\"true\" class=\"wp-block-cover__background has-background-dim-0 has-background-dim\"><\/span><div class=\"wp-block-cover__inner-container has-global-padding is-layout-constrained wp-block-cover-is-layout-constrained\">\n<div class=\"wp-block-group swiper feature effect01 fadeTimeA has-global-padding is-layout-constrained wp-block-group-is-layout-constrained\">\n<div class=\"wp-block-group swiper-wrapper has-global-padding is-layout-constrained wp-block-group-is-layout-constrained\">\n<div class=\"wp-block-columns swiper-slide is-layout-flex wp-container-core-columns-is-layout-9d6595d7 wp-block-columns-is-layout-flex\">\n<div class=\"wp-block-column is-layout-flow wp-block-column-is-layout-flow\">\n<figure class=\"wp-block-image size-full personalAnime01\"><img loading=\"lazy\" decoding=\"async\" width=\"616\" height=\"492\" src=\"https:\/\/bitwallet.com\/wp-content\/uploads\/2023\/06\/personal_quality_img01.png\" alt=\"\" class=\"wp-image-195\"\/><\/figure>\n<\/div>\n\n\n\n<div class=\"wp-block-column is-layout-flow wp-block-column-is-layout-flow\">\n<h2 class=\"wp-block-heading personalAnime02\">En sezgisel c\u00fczdan<\/h2>\n\n\n\n<p class=\"personalAnime03\">bitwallet, \u00e7e\u015fitli para birimlerinde kullan\u0131c\u0131 i\u015flemlerine olanak tan\u0131r. En g\u00fcvenli ve en \u00e7ok y\u00f6nl\u00fc dijital c\u00fczdan hizmeti.<\/p>\n\n\n\n<p class=\"personalAnime03\">bitwallet, tamamen PCI DSS(*) uyumludur ve daha y\u00fcksek d\u00fczeyde veri g\u00fcvenli\u011fi sa\u011flama ve \u00f6deme platformunda kullan\u0131c\u0131 bilgilerini koruma konusunda PCI Standard\u0131na s\u0131k\u0131 s\u0131k\u0131ya ba\u011fl\u0131d\u0131r. 4 ana para biriminde (USD, JPY, EUR, AUD) g\u00fcvenle para yat\u0131r\u0131n.<\/p>\n\n\n\n<div class=\"wp-block-columns is-not-stacked-on-mobile gap20 mt2em personalAnime04 is-layout-flex wp-container-core-columns-is-layout-9d6595d7 wp-block-columns-is-layout-flex\">\n<div class=\"wp-block-column is-layout-flow wp-block-column-is-layout-flow\" style=\"flex-basis:95px\">\n<figure class=\"wp-block-image size-full w100\"><img loading=\"lazy\" decoding=\"async\" width=\"95\" height=\"37\" src=\"https:\/\/bitwallet.com\/wp-content\/uploads\/2023\/06\/icon_pci01.png\" alt=\"\" class=\"wp-image-205\"\/><\/figure>\n<\/div>\n\n\n\n<div class=\"wp-block-column is-layout-flow wp-block-column-is-layout-flow\">\n<p class=\"note has-small-font-size\">PCI DSS (Payment Card Industry Data Security Standard), k\u00fcresel kart g\u00fcvenlik standard\u0131d\u0131r ve kart sahibi veri g\u00fcvenli\u011fini art\u0131rmak i\u00e7in 5 b\u00fcy\u00fck uluslararas\u0131 kredi kart\u0131 markas\u0131 taraf\u0131ndan geli\u015ftirilip s\u00fcrd\u00fcr\u00fclmektedir: American Express, Discover, JCB, Mastercard ve VISA.<\/p>\n<\/div>\n<\/div>\n<\/div>\n<\/div>\n\n\n\n<div class=\"wp-block-columns swiper-slide is-layout-flex wp-container-core-columns-is-layout-9d6595d7 wp-block-columns-is-layout-flex\">\n<div class=\"wp-block-column is-layout-flow wp-block-column-is-layout-flow\">\n<figure class=\"wp-block-image size-full personalAnime01\"><img loading=\"lazy\" decoding=\"async\" width=\"690\" height=\"490\" src=\"https:\/\/bitwallet.com\/wp-content\/uploads\/2023\/06\/personal_quality_img03.png\" alt=\"\" class=\"wp-image-199\"\/><\/figure>\n<\/div>\n\n\n\n<div class=\"wp-block-column is-layout-flow wp-block-column-is-layout-flow\">\n<h2 class=\"wp-block-heading personalAnime02\">\u00c7e\u015fitli \u00f6deme se\u00e7enekleri<\/h2>\n\n\n\n<p class=\"personalAnime03\">bitwallet \u00e7e\u015fitli banka havalesi y\u00f6ntemlerini destekleyerek banka hesab\u0131n\u0131zdan sat\u0131c\u0131lara \u00f6demelerin sorunsuz ve zahmetsizce yap\u0131lmas\u0131n\u0131 sa\u011flar.<\/p>\n\n\n\n<p class=\"personalAnime03\">bitwallet ile rekabet\u00e7i komisyon oranlar\u0131yla h\u0131zl\u0131 bir \u015fekilde \u00f6deme yapabilir ve alabilirsiniz.<\/p>\n<\/div>\n<\/div>\n<\/div>\n<\/div>\n\n<\/div><\/div>\n\n\n\n<div class=\"wp-block-cover alignwide is-light info-feature\" style=\"min-height:140px;aspect-ratio:unset;\"><span aria-hidden=\"true\" class=\"wp-block-cover__background has-background-dim-100 has-background-dim\" style=\"background-color:#f1f1f1\"><\/span><div class=\"wp-block-cover__inner-container has-global-padding is-layout-constrained wp-block-cover-is-layout-constrained\">\n<div class=\"wp-block-columns is-layout-flex wp-container-core-columns-is-layout-9d6595d7 wp-block-columns-is-layout-flex\">\n<div class=\"wp-block-column effect01 is-layout-flow wp-block-column-is-layout-flow\" style=\"flex-basis:25%\">\n<div class=\"wp-block-buttons is-horizontal is-content-justification-center is-layout-flex wp-container-core-buttons-is-layout-499968f5 wp-block-buttons-is-layout-flex\">\n<div class=\"wp-block-button is-style-fill only-en\"><a class=\"wp-block-button__link wp-element-button\" href=\"https:\/\/bitwallet.com\/tr\/service\/deposit\/\" style=\"border-radius:0px\"><img loading=\"lazy\" decoding=\"async\" width=\"180\" height=\"128\" class=\"wp-image-5015\" style=\"width: 180px;\" src=\"https:\/\/bitwallet.com\/wp-content\/uploads\/2024\/12\/icon_personal_prepare.png\" alt=\"\"><br>HAZIRLANMAK<\/a><\/div>\n\n\n\n<div class=\"wp-block-button is-style-fill only-ja\"><a class=\"wp-block-button__link wp-element-button\" href=\"https:\/\/bitwallet.com\/tr\/service\/prepare\/\" style=\"border-radius:0px\"><img loading=\"lazy\" decoding=\"async\" width=\"180\" height=\"128\" class=\"wp-image-5015\" style=\"width: 180px;\" src=\"https:\/\/bitwallet.com\/wp-content\/uploads\/2024\/12\/icon_personal_prepare.png\" alt=\"\"><br>\u3054\u6e96\u5099<\/a><\/div>\n<\/div>\n\n\n\n<p>D\u00fcnya \u00e7ap\u0131ndaki finans kurulu\u015flar\u0131ndan kredi kart\u0131, internet bankac\u0131l\u0131\u011f\u0131 ve ATM yoluyla kolay \u00f6deme y\u00f6ntemini destekleyin.<\/p>\n<\/div>\n\n\n\n<div class=\"wp-block-column effect01 fadeTimeB is-layout-flow wp-block-column-is-layout-flow\" style=\"flex-basis:25%\">\n<div class=\"wp-block-buttons is-horizontal is-content-justification-center is-layout-flex wp-container-core-buttons-is-layout-499968f5 wp-block-buttons-is-layout-flex\">\n<div class=\"wp-block-button is-style-fill only-en\"><a class=\"wp-block-button__link wp-element-button\" href=\"https:\/\/bitwallet.com\/tr\/service\/payment\/\" style=\"border-radius:0px\"><img loading=\"lazy\" decoding=\"async\" width=\"180\" height=\"128\" class=\"wp-image-5014\" style=\"width: 180px;\" src=\"https:\/\/bitwallet.com\/wp-content\/uploads\/2024\/12\/icon_personal_payment.png\" alt=\"\"><br>\u00d6DEME<\/a><\/div>\n\n\n\n<div class=\"wp-block-button is-style-fill only-ja\"><a class=\"wp-block-button__link wp-element-button\" href=\"https:\/\/bitwallet.com\/tr\/service\/payment\/\" style=\"border-radius:0px\"><img loading=\"lazy\" decoding=\"async\" width=\"180\" height=\"128\" class=\"wp-image-5014\" style=\"width: 180px;\" src=\"https:\/\/bitwallet.com\/wp-content\/uploads\/2024\/12\/icon_personal_payment.png\" alt=\"\"><br>\u304a\u652f\u6255<\/a><\/div>\n<\/div>\n\n\n\n<p>bitwallet ile di\u011fer kullan\u0131c\u0131lara tek t\u0131klamayla zahmetsizce USD, JPY, EUR veya AUD \u00f6demesi yapabilirsiniz. \u0130\u015flemler 7\/24, 365 g\u00fcn ger\u00e7ekle\u015ftirilir.<\/p>\n<\/div>\n\n\n\n<div class=\"wp-block-column effect01 fadeTimeA is-layout-flow wp-block-column-is-layout-flow\" style=\"flex-basis:25%\">\n<div class=\"wp-block-buttons is-horizontal is-content-justification-center is-layout-flex wp-container-core-buttons-is-layout-499968f5 wp-block-buttons-is-layout-flex\">\n<div class=\"wp-block-button is-style-fill only-en\"><a class=\"wp-block-button__link wp-element-button\" href=\"https:\/\/bitwallet.com\/tr\/service\/receive\/\" style=\"border-radius:0px\"><img loading=\"lazy\" decoding=\"async\" width=\"180\" height=\"128\" class=\"wp-image-5012\" style=\"width: 180px;\" src=\"https:\/\/bitwallet.com\/wp-content\/uploads\/2024\/12\/icon_personal_recieve.png\" alt=\"\"><br>ALMAK<\/a><\/div>\n\n\n\n<div class=\"wp-block-button is-style-fill only-ja\"><a class=\"wp-block-button__link wp-element-button\" href=\"https:\/\/bitwallet.com\/tr\/service\/receive\/\" style=\"border-radius:0px\"><img loading=\"lazy\" decoding=\"async\" width=\"180\" height=\"128\" class=\"wp-image-5012\" style=\"width: 180px;\" src=\"https:\/\/bitwallet.com\/wp-content\/uploads\/2024\/12\/icon_personal_recieve.png\" alt=\"\"><br>\u304a\u53d7\u53d6<\/a><\/div>\n<\/div>\n\n\n\n<p>Belirlenen banka hesab\u0131n\u0131za mevcut para birimleriyle para \u00e7ekin: USD, JPY, EUR, AUD(\u203b1).<\/p>\n<\/div>\n\n\n\n<div class=\"wp-block-column effect01 fadeTimeC is-layout-flow wp-block-column-is-layout-flow\" style=\"flex-basis:25%\">\n<div class=\"wp-block-buttons is-horizontal is-content-justification-center is-layout-flex wp-container-core-buttons-is-layout-499968f5 wp-block-buttons-is-layout-flex\">\n<div class=\"wp-block-button is-style-fill only-en\"><a class=\"wp-block-button__link wp-element-button\" href=\"https:\/\/bitwallet.com\/tr\/service\/exchange\/\" style=\"border-radius:0px\"><img loading=\"lazy\" decoding=\"async\" width=\"180\" height=\"128\" class=\"wp-image-5013\" style=\"width: 180px;\" src=\"https:\/\/bitwallet.com\/wp-content\/uploads\/2024\/12\/icon_personal_exchange.png\" alt=\"\"><br>DE\u011e\u0130\u015eME<\/a><\/div>\n\n\n\n<div class=\"wp-block-button is-style-fill only-ja\"><a class=\"wp-block-button__link wp-element-button\" href=\"https:\/\/bitwallet.com\/tr\/service\/exchange\/\" style=\"border-radius:0px\"><img loading=\"lazy\" decoding=\"async\" width=\"180\" height=\"128\" class=\"wp-image-5013\" style=\"width: 180px;\" src=\"https:\/\/bitwallet.com\/wp-content\/uploads\/2024\/12\/icon_personal_exchange.png\" alt=\"\"><br>\u4e21\u66ff<\/a><\/div>\n<\/div>\n\n\n\n<p>Tercihli oranlarda d\u00f6viz bozdurun. bitwallet, 24 saat boyunca USD, JPY, EUR ve AUD d\u00f6viz bozdurma hizmeti sunmaktad\u0131r. De\u011fi\u015fimin 7\/24 ger\u00e7ek zamanl\u0131 i\u015flenmesi.<\/p>\n<\/div>\n<\/div>\n\n\n\n<ul class=\"wp-block-list note mt2em\">\n<li class=\"has-small-font-size\">(\u203b1) Yaln\u0131zca normal bankac\u0131l\u0131k saatlerinde kullan\u0131labilir.<\/li>\n<\/ul>\n<\/div><\/div>\n\n\n\n<div class=\"wp-block-cover alignwide is-light point-personal1 effect01\"><img loading=\"lazy\" decoding=\"async\" width=\"3000\" height=\"525\" class=\"wp-block-cover__image-background wp-image-127\" alt=\"\" src=\"https:\/\/bitwallet.com\/wp-content\/uploads\/2023\/05\/mv-feature-personal1.jpg\" data-object-fit=\"cover\"\/><span aria-hidden=\"true\" class=\"wp-block-cover__background has-background-dim-0 has-background-dim\"><\/span><div class=\"wp-block-cover__inner-container has-global-padding is-layout-constrained wp-block-cover-is-layout-constrained\">\n<p class=\"has-text-align-left has-large-font-size\">An\u0131nda k\u00fcresel d\u00f6viz de\u011fi\u015fimi<\/p>\n\n\n\n<p>Pahal\u0131 de\u011fi\u015fim \u00fccretine veda edin. bitwallet d\u00f6viz bozdurma hizmetini hi\u00e7bir \u00fccret \u00f6demeden deneyimleyin.<\/p>\n<\/div><\/div>\n\n\n\n<div class=\"wp-block-cover alignwide is-light point-personal2 effect01\"><img loading=\"lazy\" decoding=\"async\" width=\"3000\" height=\"525\" class=\"wp-block-cover__image-background wp-image-129\" alt=\"\" src=\"https:\/\/bitwallet.com\/wp-content\/uploads\/2023\/05\/mv-feature-personal2-jpg.webp\" data-object-fit=\"cover\"\/><span aria-hidden=\"true\" class=\"wp-block-cover__background has-background-dim-0 has-background-dim\"><\/span><div class=\"wp-block-cover__inner-container has-global-padding is-layout-constrained wp-block-cover-is-layout-constrained\">\n<p class=\"has-text-align-left has-large-font-size\">Yurtd\u0131\u015f\u0131 \u00f6demelerde en \u00e7ok tercih edilen platform.<\/p>\n\n\n\n<p>bitwallet, h\u0131zl\u0131 para yat\u0131rma ve \u00e7ekme hizmetleri sa\u011flamas\u0131 nedeniyle bir\u00e7ok ki\u015fi taraf\u0131ndan en ideal \u00f6deme \u00e7\u00f6z\u00fcm\u00fc olarak se\u00e7ilmektedir.<\/p>\n<\/div><\/div>\n\n\n\n<div class=\"wp-block-cover alignwide is-light point-personal3 effect01\" style=\"min-height:430px;aspect-ratio:unset;\"><img loading=\"lazy\" decoding=\"async\" width=\"3000\" height=\"525\" class=\"wp-block-cover__image-background wp-image-130\" alt=\"\" src=\"https:\/\/bitwallet.com\/wp-content\/uploads\/2023\/05\/mv-feature-personal3-jpg.webp\" data-object-fit=\"cover\"\/><span aria-hidden=\"true\" class=\"wp-block-cover__background has-background-dim-0 has-background-dim\"><\/span><div class=\"wp-block-cover__inner-container has-global-padding is-layout-constrained wp-block-cover-is-layout-constrained\">\n<p class=\"has-text-align-left has-large-font-size\">Her yerden \u00e7ekilin<\/p>\n\n\n\n<p>Herhangi bir banka hesab\u0131na \u00e7ekin ve 1 i\u015f g\u00fcn\u00fc i\u00e7inde al\u0131n. Tercih etti\u011finiz \u00fclkeye diledi\u011finiz tarifeyle transfer.<\/p>\n<\/div><\/div>\n\n\n\n<div class=\"wp-block-group alignwide info-lets is-layout-flow wp-block-group-is-layout-flow\">\n<p class=\"has-text-align-center effect01\">D\u00fcnyan\u0131n en iyi dijital c\u00fczdan\u0131n\u0131 deneyimleyin<\/p>\n\n\n\n<h2 class=\"wp-block-heading has-text-align-center effect01\">\u015eimdi bize kat\u0131l\u0131n<\/h2>\n\n\n\n<div class=\"wp-block-columns alignwide are-vertically-aligned-center is-not-stacked-on-mobile effect01 fadeTimeB is-layout-flex wp-container-core-columns-is-layout-9d6595d7 wp-block-columns-is-layout-flex\">\n<div class=\"wp-block-column is-vertically-aligned-center has-vivid-cyan-blue-background-color has-background is-layout-flow wp-block-column-is-layout-flow\">\n<p class=\"has-text-align-right translation-block\">Kay\u0131t \u00fccreti<br> Ayl\u0131k \u00fccret<\/p>\n<\/div>\n\n\n\n<div class=\"wp-block-column is-vertically-aligned-center has-pale-cyan-blue-background-color has-background is-layout-flow wp-block-column-is-layout-flow\">\n<p>0Yen<\/p>\n<\/div>\n<\/div>\n<\/div>\n\n\n\n<div class=\"wp-block-cover alignwide is-light info-step\"><span aria-hidden=\"true\" class=\"wp-block-cover__background has-background-dim-0 has-background-dim\"><\/span><div class=\"wp-block-cover__inner-container has-global-padding is-layout-constrained wp-block-cover-is-layout-constrained\">\n<h3 class=\"wp-block-heading has-text-align-center effect01\"><strong>Sadece 4 basit ad\u0131m.<\/strong><br> <strong>C\u00fczdan\u0131n haz\u0131r olmas\u0131 i\u00e7in en az 30 dakika gerekiyor.<\/strong><\/h3>\n\n\n\n<div class=\"wp-block-columns step is-layout-flex wp-container-core-columns-is-layout-9d6595d7 wp-block-columns-is-layout-flex\">\n<div class=\"wp-block-column effect01 is-layout-flow wp-block-column-is-layout-flow\">\n<p class=\"has-text-align-center\"><strong>A\u015eAMA 1<\/strong><\/p>\n\n\n\n<figure class=\"wp-block-image aligncenter size-full\"><img loading=\"lazy\" decoding=\"async\" width=\"321\" height=\"321\" src=\"https:\/\/bitwallet.com\/wp-content\/uploads\/2023\/06\/icon_step1.png\" alt=\"\" class=\"wp-image-190\"\/><\/figure>\n\n\n\n<p>Herhangi bir cihazdan kaydolun. Ba\u015flamak i\u00e7in kay\u0131t sayfas\u0131na temel bilgilerinizi girin.<\/p>\n<\/div>\n\n\n\n<div class=\"wp-block-column effect01 fadeTimeA is-layout-flow wp-block-column-is-layout-flow\">\n<p class=\"has-text-align-center\"><strong>ADIM 2<\/strong><\/p>\n\n\n\n<figure class=\"wp-block-image aligncenter size-full\"><img loading=\"lazy\" decoding=\"async\" width=\"321\" height=\"321\" src=\"https:\/\/bitwallet.com\/wp-content\/uploads\/2023\/06\/icon_step2.png\" alt=\"\" class=\"wp-image-191\"\/><\/figure>\n\n\n\n<p>Kay\u0131tl\u0131 e-posta adresinize do\u011frulama linki g\u00f6nderilecektir. Devam etmek i\u00e7in gerekli di\u011fer bilgileri girin.<\/p>\n<\/div>\n\n\n\n<div class=\"wp-block-column effect01 fadeTimeB is-layout-flow wp-block-column-is-layout-flow\">\n<p class=\"has-text-align-center\"><strong>A\u015eAMA 3<\/strong><\/p>\n\n\n\n<figure class=\"wp-block-image aligncenter size-full\"><img loading=\"lazy\" decoding=\"async\" width=\"321\" height=\"321\" src=\"https:\/\/bitwallet.com\/wp-content\/uploads\/2023\/06\/icon_step3.png\" alt=\"\" class=\"wp-image-192\"\/><\/figure>\n\n\n\n<p>Giri\u015f yap\u0131n ve kimlik do\u011frulama belgelerinizi, ikamet adresi belgenizi ve Selfie&#039;nizi Do\u011frulama Belgeleri G\u00f6nderim sayfas\u0131na y\u00fckleyin.<\/p>\n<\/div>\n\n\n\n<div class=\"wp-block-column effect01 fadeTimeC is-layout-flow wp-block-column-is-layout-flow\">\n<p class=\"has-text-align-center\"><strong>ADIM-4<\/strong><\/p>\n\n\n\n<figure class=\"wp-block-image aligncenter size-full\"><img loading=\"lazy\" decoding=\"async\" width=\"321\" height=\"321\" src=\"https:\/\/bitwallet.com\/wp-content\/uploads\/2023\/06\/icon_step4.png\" alt=\"\" class=\"wp-image-193\"\/><\/figure>\n\n\n\n<p>Normal i\u015f saatleri i\u00e7erisinde teyit \u00e7al\u0131\u015fmas\u0131 minimum 30 dakika i\u00e7erisinde tamamlanacakt\u0131r. Do\u011frulan\u0131p onayland\u0131ktan sonra hesap bilgileriniz taraf\u0131n\u0131za e-posta yoluyla g\u00f6nderilecektir.<\/p>\n<\/div>\n<\/div>\n\n\n\n<div class=\"wp-block-columns frontpage-cv is-layout-flex wp-container-core-columns-is-layout-9d6595d7 wp-block-columns-is-layout-flex\">\n<div class=\"wp-block-column is-vertically-aligned-center is-layout-flow wp-block-column-is-layout-flow\"><\/div>\n\n\n\n<div class=\"wp-block-column is-layout-flow wp-block-column-is-layout-flow\">\n<div class=\"wp-block-buttons is-content-justification-center is-layout-flex wp-container-core-buttons-is-layout-16018d1d wp-block-buttons-is-layout-flex\">\n<div class=\"wp-block-button has-custom-width wp-block-button__width-100 btn-signup effect01\"><a class=\"wp-block-button__link wp-element-button\" href=\"https:\/\/secure.bitwallet.com\/signup\/certification?lang=en\" target=\"_blank\" rel=\"noreferrer noopener\">C\u00fczdan Olu\u015ftur<\/a><\/div>\n<\/div>\n<\/div>\n\n\n\n<div class=\"wp-block-column is-vertically-aligned-center is-layout-flow wp-block-column-is-layout-flow\">\n<p class=\"has-text-align-center effect01 fadeTimeB\"><a href=\"\/tr\/service\/account-open\/\" data-type=\"page\" data-id=\"78\"><span class=\"only-en\">Daha fazlas\u0131n\u0131 bul<\/span><span class=\"only-ja\">\u30a6\u30a9\u30ec\u30c3\u30c8\u958b\u8a2d\u624b\u9806\u3092\u8a73\u3057\u304f<\/span><\/a><\/p>\n<\/div>\n<\/div>\n<\/div><\/div>\n\n\n\n<div class=\"wp-block-cover alignwide is-light help\"><img loading=\"lazy\" decoding=\"async\" width=\"2048\" height=\"336\" class=\"wp-block-cover__image-background wp-image-289\" alt=\"\" src=\"https:\/\/bitwallet.com\/wp-content\/uploads\/2023\/06\/mv-support-jpg.webp\" style=\"object-position:50% 50%\" data-object-fit=\"cover\" data-object-position=\"50% 50%\"\/><span aria-hidden=\"true\" class=\"wp-block-cover__background has-background-dim-0 has-background-dim\"><\/span><div class=\"wp-block-cover__inner-container has-global-padding is-layout-constrained wp-block-cover-is-layout-constrained\">\n<p class=\"has-large-font-size translation-block\"><strong>Yard\u0131ma ihtiyac\u0131n var m\u0131?<\/strong><br> <strong>Yard\u0131mc\u0131 olmak i\u00e7in buraday\u0131z.<\/strong><\/p>\n\n\n\n<p class=\"translation-block\">Destek ekibimiz size hizmet etmeye adanm\u0131\u015ft\u0131r.<br> Hizmetlerimizle ilgili sorular\u0131n\u0131z varsa bize ula\u015f\u0131n.<\/p>\n\n\n\n<div class=\"wp-block-buttons is-layout-flex wp-block-buttons-is-layout-flex\">\n<div class=\"wp-block-button\"><a class=\"wp-block-button__link wp-element-button\" href=\"\/tr\/support\/contact\/\">Bize Ula\u015f\u0131n<\/a><\/div>\n<\/div>\n<\/div><\/div>","protected":false},"excerpt":{"rendered":"<p>Ki\u015fisel mali durumunuzu bitwallet&#039;de y\u00f6netin. Platformumuz paran\u0131z\u0131 y\u00f6netmek i\u00e7in h\u0131zl\u0131, g\u00fcvenli ve kullan\u0131\u015fl\u0131 \u00e7\u00f6z\u00fcmler sunar. Bug\u00fcn \u00fccretsiz hesap i\u00e7in kaydolun.<\/p>","protected":false},"author":5,"featured_media":0,"parent":24,"menu_order":32,"comment_status":"closed","ping_status":"closed","template":"","meta":{"footnotes":""},"class_list":["post-26","page","type-page","status-publish","hentry"],"_links":{"self":[{"href":"https:\/\/bitwallet.com\/tr\/wp-json\/wp\/v2\/pages\/26","targetHints":{"allow":["GET"]}}],"collection":[{"href":"https:\/\/bitwallet.com\/tr\/wp-json\/wp\/v2\/pages"}],"about":[{"href":"https:\/\/bitwallet.com\/tr\/wp-json\/wp\/v2\/types\/page"}],"author":[{"embeddable":true,"href":"https:\/\/bitwallet.com\/tr\/wp-json\/wp\/v2\/users\/5"}],"replies":[{"embeddable":true,"href":"https:\/\/bitwallet.com\/tr\/wp-json\/wp\/v2\/comments?post=26"}],"version-history":[{"count":108,"href":"https:\/\/bitwallet.com\/tr\/wp-json\/wp\/v2\/pages\/26\/revisions"}],"predecessor-version":[{"id":5688,"href":"https:\/\/bitwallet.com\/tr\/wp-json\/wp\/v2\/pages\/26\/revisions\/5688"}],"up":[{"embeddable":true,"href":"https:\/\/bitwallet.com\/tr\/wp-json\/wp\/v2\/pages\/24"}],"wp:attachment":[{"href":"https:\/\/bitwallet.com\/tr\/wp-json\/wp\/v2\/media?parent=26"}],"curies":[{"name":"wp","href":"https:\/\/api.w.org\/{rel}","templated":true}]}}