{"id":24,"date":"2023-05-10T02:36:22","date_gmt":"2023-05-10T02:36:22","guid":{"rendered":"https:\/\/bitwallet.com\/?page_id=24"},"modified":"2024-09-26T10:00:57","modified_gmt":"2024-09-26T01:00:57","slug":"feature","status":"publish","type":"page","link":"https:\/\/bitwallet.com\/tr\/feature\/","title":{"rendered":"\u00d6zellikler"},"content":{"rendered":"<div class=\"wp-block-cover alignwide is-light header\"><span aria-hidden=\"true\" class=\"wp-block-cover__background has-background-dim-0 has-background-dim\"><\/span><div class=\"wp-block-cover__inner-container has-global-padding is-layout-constrained wp-block-cover-is-layout-constrained\">\n<h1 class=\"wp-block-heading has-text-align-left effect00 has-large-font-size\">\u00d6zellikler<\/h1>\n\n\n\n<p class=\"effect00 fadeTimeA\">bitwallet hesaplar\u0131yla tan\u0131\u015f\u0131n<\/p>\n<\/div><\/div>\n\n\n\n<div class=\"wp-block-group alignfull menu has-global-padding is-layout-constrained wp-block-group-is-layout-constrained\">\n<div class=\"wp-block-cover alignwide is-light\"><span aria-hidden=\"true\" class=\"wp-block-cover__background has-background-dim-100 has-background-dim\" style=\"background-color:#2bc0ef\"><\/span><div class=\"wp-block-cover__inner-container has-global-padding is-layout-constrained wp-block-cover-is-layout-constrained\">\n<div class=\"wp-block-columns is-layout-flex wp-container-core-columns-is-layout-9d6595d7 wp-block-columns-is-layout-flex\">\n<div class=\"wp-block-column img is-layout-flow wp-block-column-is-layout-flow\" style=\"flex-basis:50%\">\n<p class=\"has-text-align-center effect00\"><a href=\"https:\/\/bitwallet.com\/tr\/feature\/personal\/\" data-type=\"page\" data-id=\"26\"><img loading=\"lazy\" decoding=\"async\" width=\"150\" height=\"38\" class=\"wp-image-105\" style=\"width: 150px;\" src=\"https:\/\/bitwallet.com\/wp-content\/uploads\/2023\/05\/mv-feature-personal-jpg.webp\" alt=\"\"><\/a><\/p>\n<\/div>\n\n\n\n<div class=\"wp-block-column effect00 fadeTimeA is-layout-flow wp-block-column-is-layout-flow\" style=\"flex-basis:50%\">\n<h2 class=\"wp-block-heading\"><a href=\"https:\/\/bitwallet.com\/tr\/feature\/personal\/\" data-type=\"page\" data-id=\"26\">Ki\u015fisel hesap<\/a><\/h2>\n\n\n\n<p>Discover, bitwallet ile kullan\u0131c\u0131lara veya sat\u0131c\u0131lara \u00f6deme yapt\u0131\u011f\u0131n\u0131zda kolay ve sorunsuz bir deneyim. Sekt\u00f6rdeki en y\u00fcksek g\u00fcvenlik standard\u0131yla donat\u0131lm\u0131\u015f ki\u015fisel para c\u00fczdan\u0131 hesab\u0131n\u0131z.<\/p>\n<\/div>\n<\/div>\n<\/div><\/div>\n\n\n\n<div class=\"wp-block-cover alignwide\"><span aria-hidden=\"true\" class=\"wp-block-cover__background has-background-dim-100 has-background-dim\" style=\"background-color:#003f97\"><\/span><div class=\"wp-block-cover__inner-container has-global-padding is-layout-constrained wp-block-cover-is-layout-constrained\">\n<div class=\"wp-block-columns is-layout-flex wp-container-core-columns-is-layout-9d6595d7 wp-block-columns-is-layout-flex\">\n<div class=\"wp-block-column effect00 fadeTimeA is-layout-flow wp-block-column-is-layout-flow\" style=\"flex-basis:50%\">\n<h2 class=\"wp-block-heading\"><a href=\"https:\/\/bitwallet.com\/tr\/feature\/business\/\" data-type=\"page\" data-id=\"60\">\u0130\u015f hesab\u0131<\/a><\/h2>\n\n\n\n<p>E-ticaret ma\u011fazan\u0131z i\u00e7in \u00f6deme prosed\u00fcrlerini basitle\u015ftirin. T\u00fcm \u00f6demeleri banka, kredi kart\u0131 veya bitwallet&#039;deki mevcut para birimi hizmetleri arac\u0131l\u0131\u011f\u0131yla al\u0131n.<\/p>\n<\/div>\n\n\n\n<div class=\"wp-block-column img is-layout-flow wp-block-column-is-layout-flow\" style=\"flex-basis:50%\">\n<p class=\"has-text-align-center effect00\"><a href=\"https:\/\/bitwallet.com\/tr\/feature\/business\/\"><img loading=\"lazy\" decoding=\"async\" width=\"150\" height=\"38\" class=\"wp-image-1134\" style=\"width: 150px;\" src=\"https:\/\/bitwallet.com\/wp-content\/uploads\/2023\/09\/mv-feature-business-jpg.webp\" alt=\"\"><\/a><\/p>\n<\/div>\n<\/div>\n<\/div><\/div>\n\n\n\n<div class=\"wp-block-cover alignwide\"><span aria-hidden=\"true\" class=\"wp-block-cover__background has-background-dim-100 has-background-dim\" style=\"background-color:#15305b\"><\/span><div class=\"wp-block-cover__inner-container has-global-padding is-layout-constrained wp-block-cover-is-layout-constrained\">\n<div class=\"wp-block-columns is-layout-flex wp-container-core-columns-is-layout-9d6595d7 wp-block-columns-is-layout-flex\">\n<div class=\"wp-block-column img is-layout-flow wp-block-column-is-layout-flow\" style=\"flex-basis:50%\">\n<p class=\"has-text-align-center effect00\"><a href=\"https:\/\/bitwallet.com\/tr\/feature\/merchant\/\"><img loading=\"lazy\" decoding=\"async\" width=\"150\" height=\"39\" class=\"wp-image-1138\" style=\"width: 150px;\" src=\"https:\/\/bitwallet.com\/wp-content\/uploads\/2023\/09\/mv-feature-merchant-jpg.webp\" alt=\"\"><\/a><\/p>\n<\/div>\n\n\n\n<div class=\"wp-block-column effect00 fadeTimeA is-layout-flow wp-block-column-is-layout-flow\" style=\"flex-basis:50%\">\n<h2 class=\"wp-block-heading\"><a href=\"https:\/\/bitwallet.com\/tr\/feature\/merchant\/\" data-type=\"page\" data-id=\"62\">Sat\u0131c\u0131 Hesab\u0131<\/a><\/h2>\n\n\n\n<p>\u00d6deme \u00e7\u00f6z\u00fcm\u00fcm\u00fcz\u00fc web sitenize entegre ederek mevcut para yat\u0131rma ve \u00e7ekme hizmetinizi geli\u015ftirin. bitwallet ile i\u015flemlerin y\u00f6netimi daha kolay hale geldi.<\/p>\n<\/div>\n<\/div>\n<\/div><\/div>\n<\/div>","protected":false},"excerpt":{"rendered":"<p>Discover&#039;nin benzersiz \u00f6zellikleri ve bitwallet&#039;nin avantajlar\u0131. Platformumuz geli\u015fmi\u015f g\u00fcvenlik, esneklik ve rahatl\u0131k sunar. Bug\u00fcn \u00fccretsiz bir hesap i\u00e7in kaydolun.<\/p>","protected":false},"author":5,"featured_media":0,"parent":0,"menu_order":31,"comment_status":"closed","ping_status":"closed","template":"","meta":{"footnotes":""},"class_list":["post-24","page","type-page","status-publish","hentry"],"_links":{"self":[{"href":"https:\/\/bitwallet.com\/tr\/wp-json\/wp\/v2\/pages\/24","targetHints":{"allow":["GET"]}}],"collection":[{"href":"https:\/\/bitwallet.com\/tr\/wp-json\/wp\/v2\/pages"}],"about":[{"href":"https:\/\/bitwallet.com\/tr\/wp-json\/wp\/v2\/types\/page"}],"author":[{"embeddable":true,"href":"https:\/\/bitwallet.com\/tr\/wp-json\/wp\/v2\/users\/5"}],"replies":[{"embeddable":true,"href":"https:\/\/bitwallet.com\/tr\/wp-json\/wp\/v2\/comments?post=24"}],"version-history":[{"count":35,"href":"https:\/\/bitwallet.com\/tr\/wp-json\/wp\/v2\/pages\/24\/revisions"}],"predecessor-version":[{"id":4951,"href":"https:\/\/bitwallet.com\/tr\/wp-json\/wp\/v2\/pages\/24\/revisions\/4951"}],"wp:attachment":[{"href":"https:\/\/bitwallet.com\/tr\/wp-json\/wp\/v2\/media?parent=24"}],"curies":[{"name":"wp","href":"https:\/\/api.w.org\/{rel}","templated":true}]}}