{"id":1591,"date":"2023-10-15T18:57:18","date_gmt":"2023-10-15T09:57:18","guid":{"rendered":"https:\/\/bitwallet.com\/?page_id=1591"},"modified":"2024-08-16T12:19:46","modified_gmt":"2024-08-16T03:19:46","slug":"merchant-inquiry","status":"publish","type":"page","link":"https:\/\/bitwallet.com\/tr\/support\/contact\/merchant-inquiry\/","title":{"rendered":"T\u00fcccarlar i\u00e7in"},"content":{"rendered":"<div class=\"wp-block-cover alignwide header\"><span aria-hidden=\"true\" class=\"wp-block-cover__background has-background-dim-0 has-background-dim\"><\/span><img loading=\"lazy\" decoding=\"async\" width=\"2000\" height=\"360\" class=\"wp-block-cover__image-background wp-image-1033\" alt=\"\" src=\"https:\/\/bitwallet.com\/wp-content\/uploads\/2023\/09\/mv-support-contact-jpg.webp\" data-object-fit=\"cover\"\/><div class=\"wp-block-cover__inner-container has-global-padding is-layout-constrained wp-block-cover-is-layout-constrained\">\n<h1 class=\"wp-block-heading has-text-align-left effect00\">Bize Ula\u015f\u0131n<\/h1>\n\n\n\n<p class=\"effect00 fadeTimeA\">Hizmet Sorgulama<\/p>\n<\/div><\/div>\n\n\n\n<h2 class=\"wp-block-heading effect01\">T\u00fcccarlar i\u00e7in<\/h2>\n\n\n\n<p><\/p>\n\n\n\n<div class=\"wp-block-group box effect01 has-global-padding is-layout-constrained wp-block-group-is-layout-constrained\">\n<h3 class=\"wp-block-heading\">T\u00fcccarlar i\u00e7in<\/h3>\n\n\n\n<p>T\u00fcccar\u0131n bir \u00fcyesiyseniz veya t\u00fcccar olarak kaydolmay\u0131 d\u00fc\u015f\u00fcn\u00fcyorsan\u0131z, l\u00fctfen bizimle buradan ileti\u015fime ge\u00e7in.<\/p>\n\n\n\n<h4 class=\"wp-block-heading\">\u0130leti\u015fim Formu<\/h4>\n\n\n\n<p>Mevcut: 24 saat<br>\u00c7al\u0131\u015fma Saatleri: Pazartesi&#039;den Cumartesi&#039;ye, 9:00 ~ 17:00 (JST)<\/p>\n\n\n\n<div class=\"wp-block-buttons is-content-justification-center is-layout-flex wp-container-core-buttons-is-layout-16018d1d wp-block-buttons-is-layout-flex\">\n<div class=\"wp-block-button effect01 only-en\"><a class=\"wp-block-button__link wp-element-button\" href=\"https:\/\/secure.bitwallet.com\/contact\/inquiry2\/5?lang=en\">Bize Ula\u015f\u0131n<\/a><\/div>\n\n\n\n<div class=\"wp-block-button effect01 only-ja\"><a class=\"wp-block-button__link wp-element-button\" href=\"https:\/\/secure.bitwallet.com\/contact\/inquiry2\/5?lang=ja\">bu bir ger\u00e7ek<\/a><\/div>\n<\/div>\n<\/div>\n\n\n\n<div class=\"wp-block-cover alignwide is-light help\"><span aria-hidden=\"true\" class=\"wp-block-cover__background has-background-dim-0 has-background-dim\"><\/span><img loading=\"lazy\" decoding=\"async\" width=\"2048\" height=\"336\" class=\"wp-block-cover__image-background wp-image-289\" alt=\"\" src=\"https:\/\/bitwallet.com\/wp-content\/uploads\/2023\/06\/mv-support-jpg.webp\" style=\"object-position:50% 50%\" data-object-fit=\"cover\" data-object-position=\"50% 50%\"\/><div class=\"wp-block-cover__inner-container has-global-padding is-layout-constrained wp-block-cover-is-layout-constrained\">\n<p class=\"has-large-font-size translation-block\"><strong>Yard\u0131ma ihtiyac\u0131n var m\u0131?<\/strong><br> <strong>Yard\u0131mc\u0131 olmak i\u00e7in buraday\u0131z.<\/strong><\/p>\n\n\n\n<p class=\"translation-block\">Destek ekibimiz size hizmet etmeye adanm\u0131\u015ft\u0131r.<br> Hizmetlerimizle ilgili sorular\u0131n\u0131z varsa bize ula\u015f\u0131n.<\/p>\n\n\n\n<div class=\"wp-block-buttons is-layout-flex wp-block-buttons-is-layout-flex\">\n<div class=\"wp-block-button\"><a class=\"wp-block-button__link wp-element-button\" href=\"\/tr\/support\/contact\/\">Bize Ula\u015f\u0131n<\/a><\/div>\n<\/div>\n<\/div><\/div>","protected":false},"excerpt":{"rendered":"<p>T\u00fcccarlar \u0130\u00e7in T\u00fcccarlar \u0130\u00e7in T\u00fcccar\u0131n bir \u00fcyesiyseniz veya t\u00fcccar olarak kaydolmay\u0131 d\u00fc\u015f\u00fcn\u00fcyorsan\u0131z, l\u00fctfen bizimle buradan ileti\u015fime ge\u00e7in. \u0130leti\u015fim formu Mevcut: 24 saat\u00c7al\u0131\u015fma Saatleri: Pazartesiden Cumartesiye, 9:00 ~ 17:00 (JST)<\/p>","protected":false},"author":5,"featured_media":0,"parent":1028,"menu_order":13,"comment_status":"closed","ping_status":"closed","template":"","meta":{"footnotes":""},"class_list":["post-1591","page","type-page","status-publish","hentry"],"_links":{"self":[{"href":"https:\/\/bitwallet.com\/tr\/wp-json\/wp\/v2\/pages\/1591","targetHints":{"allow":["GET"]}}],"collection":[{"href":"https:\/\/bitwallet.com\/tr\/wp-json\/wp\/v2\/pages"}],"about":[{"href":"https:\/\/bitwallet.com\/tr\/wp-json\/wp\/v2\/types\/page"}],"author":[{"embeddable":true,"href":"https:\/\/bitwallet.com\/tr\/wp-json\/wp\/v2\/users\/5"}],"replies":[{"embeddable":true,"href":"https:\/\/bitwallet.com\/tr\/wp-json\/wp\/v2\/comments?post=1591"}],"version-history":[{"count":12,"href":"https:\/\/bitwallet.com\/tr\/wp-json\/wp\/v2\/pages\/1591\/revisions"}],"predecessor-version":[{"id":4926,"href":"https:\/\/bitwallet.com\/tr\/wp-json\/wp\/v2\/pages\/1591\/revisions\/4926"}],"up":[{"embeddable":true,"href":"https:\/\/bitwallet.com\/tr\/wp-json\/wp\/v2\/pages\/1028"}],"wp:attachment":[{"href":"https:\/\/bitwallet.com\/tr\/wp-json\/wp\/v2\/media?parent=1591"}],"curies":[{"name":"wp","href":"https:\/\/api.w.org\/{rel}","templated":true}]}}