{"id":1118,"date":"2023-09-21T18:00:22","date_gmt":"2023-09-21T09:00:22","guid":{"rendered":"https:\/\/bitwallet.com\/?page_id=1118"},"modified":"2026-03-25T12:58:20","modified_gmt":"2026-03-25T03:58:20","slug":"api","status":"publish","type":"page","link":"https:\/\/bitwallet.com\/tr\/support\/api\/","title":{"rendered":"API Spesifikasyonu"},"content":{"rendered":"<div class=\"wp-block-cover alignwide header\"><img loading=\"lazy\" decoding=\"async\" width=\"2000\" height=\"360\" class=\"wp-block-cover__image-background wp-image-1120\" alt=\"\" src=\"https:\/\/bitwallet.com\/wp-content\/uploads\/2023\/09\/mv-support-api-jpg.webp\" data-object-fit=\"cover\"\/><span aria-hidden=\"true\" class=\"wp-block-cover__background has-background-dim-0 has-background-dim\"><\/span><div class=\"wp-block-cover__inner-container has-global-padding is-layout-constrained wp-block-cover-is-layout-constrained\">\n<h1 class=\"wp-block-heading has-text-align-left effect00\">API Spesifikasyonu<\/h1>\n\n\n\n<p class=\"effect00 fadeTimeA\">Geli\u015ftiriciler i\u00e7in Program Spesifikasyonu<\/p>\n<\/div><\/div>\n\n\n\n<h2 class=\"wp-block-heading effect00\">bitwallet Web API&#039;si<\/h2>\n\n\n\n<p class=\"effect00 fadeTimeA\">bitwallet, geli\u015ftiriciler i\u00e7in bitwallet API ve bitwallet Exchange API gibi API spesifikasyonunda b\u00fct\u00fcnsel bir a\u00e7\u0131klama sa\u011flar. bitwallet Sat\u0131c\u0131 API&#039;si, sorunsuz bir \u00f6deme ortam\u0131 i\u00e7in sat\u0131c\u0131 hesab\u0131n\u0131n \u00f6deme ve kimlik do\u011frulama hizmetlerimize ba\u011flanmas\u0131na olanak tan\u0131r.<\/p>\n\n\n\n<div class=\"wp-block-group box effect00 fadeTimeB has-global-padding is-layout-constrained wp-block-group-is-layout-constrained\">\n<h3 class=\"wp-block-heading fiat\">bitwallet Web API&#039;si<\/h3>\n\n\n\n<h4 class=\"wp-block-heading\">bitwallet \u00d6deme API&#039;si (BPA)<\/h4>\n\n\n\n<p>BPA, bitwallet kredi kart\u0131 i\u015flemlerine y\u00f6nelik bir a\u011f ge\u00e7idi API&#039;sidir ve bitwallet platformunda kolay \u00f6deme i\u015flemine (kredi kart\u0131 ve banka havalesi) olanak tan\u0131r.<\/p>\n\n\n\n<p class=\"blank\"><a href=\"#\">BPA Spesifikasyonu (Haz\u0131rlan\u0131yor)<\/a><\/p>\n\n\n\n<hr class=\"wp-block-separator has-alpha-channel-opacity\"\/>\n\n\n\n<h4 class=\"wp-block-heading\">bitwallet De\u011fi\u015fim API&#039;si (BEA)<\/h4>\n\n\n\n<p>BEA, bitwallet platformunda bulunan d\u00f6viz bozdurma konusunda uzmanla\u015fm\u0131\u015f bir API&#039;dir. BEA, Genel API ve G\u00fcvenli API olmak \u00fczere iki t\u00fcre ayr\u0131lm\u0131\u015ft\u0131r. Genel API, kullan\u0131c\u0131 kimlik do\u011frulamas\u0131n\u0131 kullanmazken G\u00fcvenli API, kimlik do\u011frulama gerektirir. Public API, fiyatland\u0131rma bilgileri gibi hibrit veriler sa\u011flar ve Secure API, API arac\u0131l\u0131\u011f\u0131yla i\u015fledi\u011fi bilgilerin gizlili\u011fini, yat\u0131rma ve \u00e7ekme i\u015flemlerini garanti eder.<\/p>\n\n\n\n<p class=\"blank\"><a href=\"#\">BEA Spesifikasyonu (Haz\u0131rlan\u0131yor) <\/a><\/p>\n\n\n\n<hr class=\"wp-block-separator has-alpha-channel-opacity\"\/>\n\n\n\n<h4 class=\"wp-block-heading\">bitwallet Sat\u0131c\u0131 API&#039;si (BMA)<\/h4>\n\n\n\n<p>BMA, bitwallet&#039;nin platformunda c\u00fczdan \u00f6zelli\u011fi ile uygulad\u0131\u011f\u0131 bir API&#039;dir. API, bitwallet \u00f6deme sistemini, c\u00fczdan \u00f6zelliklerini entegre ederek ve web sitelerinde OpenID Connect kimlik do\u011frulamas\u0131na izin vererek sat\u0131c\u0131 hesab\u0131 i\u00e7in uzmanla\u015fm\u0131\u015ft\u0131r ve hedeflenmi\u015ftir.<\/p>\n\n\n\n<p class=\"blank\"><a href=\"https:\/\/secure.bitwallet.com\/docs\/merchant?lang=en\" target=\"_blank\" rel=\"noreferrer noopener\">BMA Spesifikasyonu (2026.03.25) s\u00fcr\u00fcm 2.06<\/a><\/p>\n<\/div>","protected":false},"excerpt":{"rendered":"<p>bitwallet Web API bitwallet, geli\u015ftiriciler i\u00e7in bitwallet API ve bitwallet Exchange API gibi API spesifikasyonunda b\u00fct\u00fcnsel bir a\u00e7\u0131klama sa\u011flar. bitwallet Sat\u0131c\u0131 API&#039;si, sorunsuz bir \u00f6deme ortam\u0131 i\u00e7in sat\u0131c\u0131 hesab\u0131n\u0131n \u00f6deme ve kimlik do\u011frulama hizmetlerimize ba\u011flanmas\u0131na olanak tan\u0131r. bitwallet Web API bitwallet \u00d6deme API&#039;si\uff08BPA) BPA, bitwallet kredi kart\u0131 i\u015flemlerine y\u00f6nelik bir a\u011f ge\u00e7idi API&#039;sidir ve bitwallet platformunda kolay \u00f6deme i\u015flemine (kredi kart\u0131 ve banka havalesi) olanak tan\u0131r. BPA Spesifikasyonu (Haz\u0131rlan\u0131yor) bitwallet Exchange API\uff08BEA) BEA, bitwallet platformunda mevcut olan bir d\u00f6viz bozdurma \u00f6zel API&#039;sidir. BEA, Genel API ve G\u00fcvenli API olmak \u00fczere iki t\u00fcre ayr\u0131lm\u0131\u015ft\u0131r. Genel API, kullan\u0131c\u0131 kimlik do\u011frulamas\u0131n\u0131 kullanmazken G\u00fcvenli API, kimlik do\u011frulama gerektirir. Genel API\u2026<\/p>","protected":false},"author":5,"featured_media":0,"parent":310,"menu_order":17,"comment_status":"closed","ping_status":"closed","template":"","meta":{"footnotes":""},"class_list":["post-1118","page","type-page","status-publish","hentry"],"_links":{"self":[{"href":"https:\/\/bitwallet.com\/tr\/wp-json\/wp\/v2\/pages\/1118","targetHints":{"allow":["GET"]}}],"collection":[{"href":"https:\/\/bitwallet.com\/tr\/wp-json\/wp\/v2\/pages"}],"about":[{"href":"https:\/\/bitwallet.com\/tr\/wp-json\/wp\/v2\/types\/page"}],"author":[{"embeddable":true,"href":"https:\/\/bitwallet.com\/tr\/wp-json\/wp\/v2\/users\/5"}],"replies":[{"embeddable":true,"href":"https:\/\/bitwallet.com\/tr\/wp-json\/wp\/v2\/comments?post=1118"}],"version-history":[{"count":18,"href":"https:\/\/bitwallet.com\/tr\/wp-json\/wp\/v2\/pages\/1118\/revisions"}],"predecessor-version":[{"id":5774,"href":"https:\/\/bitwallet.com\/tr\/wp-json\/wp\/v2\/pages\/1118\/revisions\/5774"}],"up":[{"embeddable":true,"href":"https:\/\/bitwallet.com\/tr\/wp-json\/wp\/v2\/pages\/310"}],"wp:attachment":[{"href":"https:\/\/bitwallet.com\/tr\/wp-json\/wp\/v2\/media?parent=1118"}],"curies":[{"name":"wp","href":"https:\/\/api.w.org\/{rel}","templated":true}]}}