{"id":1045,"date":"2023-09-21T10:05:37","date_gmt":"2023-09-21T01:05:37","guid":{"rendered":"https:\/\/bitwallet.com\/?page_id=1045"},"modified":"2024-08-16T12:19:15","modified_gmt":"2024-08-16T03:19:15","slug":"customer-inquiry","status":"publish","type":"page","link":"https:\/\/bitwallet.com\/tr\/support\/contact\/customer-inquiry\/","title":{"rendered":"M\u00fc\u015fteri deste\u011fi i\u00e7in"},"content":{"rendered":"<div class=\"wp-block-cover alignwide header\"><span aria-hidden=\"true\" class=\"wp-block-cover__background has-background-dim-0 has-background-dim\"><\/span><img loading=\"lazy\" decoding=\"async\" width=\"2000\" height=\"360\" class=\"wp-block-cover__image-background wp-image-1033\" alt=\"\" src=\"https:\/\/bitwallet.com\/wp-content\/uploads\/2023\/09\/mv-support-contact-jpg.webp\" data-object-fit=\"cover\"\/><div class=\"wp-block-cover__inner-container has-global-padding is-layout-constrained wp-block-cover-is-layout-constrained\">\n<h1 class=\"wp-block-heading has-text-align-left effect00\">Bize Ula\u015f\u0131n<\/h1>\n\n\n\n<p class=\"effect00 fadeTimeA\">Hizmet Sorgulama<\/p>\n<\/div><\/div>\n\n\n\n<h2 class=\"wp-block-heading effect01\">M\u00fc\u015fteri deste\u011fi i\u00e7in<\/h2>\n\n\n\n<p><\/p>\n\n\n\n<div class=\"wp-block-group box effect01 has-global-padding is-layout-constrained wp-block-group-is-layout-constrained\">\n<h3 class=\"wp-block-heading\">M\u00fc\u015fteri deste\u011fi i\u00e7in<\/h3>\n\n\n\n<p>Hesap a\u00e7ma, hesab\u0131n\u0131z\u0131n kullan\u0131m\u0131 veya hizmetlerimizle ilgili herhangi bir sorunuz varsa l\u00fctfen bizimle buradan ileti\u015fime ge\u00e7in.<\/p>\n\n\n\n<h4 class=\"wp-block-heading\">\u0130leti\u015fim Formu<\/h4>\n\n\n\n<p>Mevcut: 24 saat<br>\u00c7al\u0131\u015fma Saatleri: Pazartesi&#039;den Cumartesi&#039;ye, 9:00 ~ 17:00 (JST)<\/p>\n\n\n\n<p>Zaten bir hesab\u0131n\u0131z varsa, l\u00fctfen a\u015fa\u011f\u0131daki d\u00fc\u011fmeyi se\u00e7erek giri\u015f yap\u0131n ve bizimle ileti\u015fime ge\u00e7in.<\/p>\n\n\n\n<div class=\"wp-block-buttons is-content-justification-center is-layout-flex wp-container-core-buttons-is-layout-16018d1d wp-block-buttons-is-layout-flex\">\n<div class=\"wp-block-button effect01\"><a class=\"wp-block-button__link wp-element-button\" href=\"https:\/\/secure.bitwallet.com\/signin\/?a=contact\/lists&amp;lang=en\" target=\"_blank\" rel=\"noreferrer noopener\">bitwallet hesab\u0131na sahip kullan\u0131c\u0131lar<\/a><\/div>\n<\/div>\n\n\n\n<p>Hesab\u0131n\u0131z yoksa veya giri\u015f yapam\u0131yorsan\u0131z l\u00fctfen a\u015fa\u011f\u0131daki se\u00e7enekleri se\u00e7erek bizimle ileti\u015fime ge\u00e7in.<\/p>\n\n\n\n<div class=\"wp-block-buttons is-content-justification-center is-layout-flex wp-container-core-buttons-is-layout-16018d1d wp-block-buttons-is-layout-flex\">\n<div class=\"wp-block-button effect01 translation-block\"><a class=\"wp-block-button__link wp-element-button\" href=\"https:\/\/secure.bitwallet.com\/contact\/inquiry\/?lang=en\" target=\"_blank\" rel=\"noreferrer noopener\">Hesab\u0131 olmayan m\u00fc\u015fteriler<br> Giri\u015f yapamayan kullan\u0131c\u0131lar<\/a><\/div>\n<\/div>\n\n\n\n<h4 class=\"wp-block-heading\">Sesli rehberlik yoluyla sorgulama deste\u011fi (Japonca)<\/h4>\n\n\n\n<p>Genel sorular\u0131n\u0131z i\u00e7in telefon rehberini de kullanabilirsiniz. Hesab\u0131n\u0131zla ilgili \u00f6zel sorular\u0131n\u0131z varsa l\u00fctfen yukar\u0131daki sorgulama formunu kullanarak ileti\u015fime ge\u00e7in.<\/p>\n\n\n\n<p>Mevcut: 24 saat<br><span class=\"only-en\">\u00c7al\u0131\u015fma Saatleri: Pazartesi&#039;den Cumartesi&#039;ye, 9:00 ~ 17:00 (JST)<br><\/span><span class=\"only-ja\">Saat 9:00\uff5e17:00 * Saat 13:00<\/span><\/p>\n\n\n\n<p class=\"has-text-align-center customer-inquiry\">(+81) 050-3204-0823<\/p>\n\n\n\n<p class=\"note has-small-font-size translation-block\">Taraf\u0131n\u0131zdan sa\u011flanan ki\u015fisel bilgiler yaln\u0131zca sorunuza yan\u0131t vermek i\u00e7in kullan\u0131lacakt\u0131r. Bu bilgileri ba\u015fka hi\u00e7bir ama\u00e7la kullanmay\u0131z veya izinsiz olarak \u00fc\u00e7\u00fcnc\u00fc taraflara vermeyiz. Ki\u015fisel bilgilerinizi <a href=\"https:\/\/bitwallet.com\/tr\/aboutus\/privacy\/\" target=\"_self\">Gizlilik Politikam\u0131za<\/a> uygun olarak dikkatli bir \u015fekilde kullanaca\u011f\u0131z.<\/p>\n<\/div>\n\n\n\n<div class=\"wp-block-cover alignwide is-light help\"><span aria-hidden=\"true\" class=\"wp-block-cover__background has-background-dim-0 has-background-dim\"><\/span><img loading=\"lazy\" decoding=\"async\" width=\"2048\" height=\"336\" class=\"wp-block-cover__image-background wp-image-289\" alt=\"\" src=\"https:\/\/bitwallet.com\/wp-content\/uploads\/2023\/06\/mv-support-jpg.webp\" style=\"object-position:50% 50%\" data-object-fit=\"cover\" data-object-position=\"50% 50%\"\/><div class=\"wp-block-cover__inner-container has-global-padding is-layout-constrained wp-block-cover-is-layout-constrained\">\n<p class=\"has-large-font-size translation-block\"><strong>Yard\u0131ma ihtiyac\u0131n var m\u0131?<\/strong><br> <strong>Yard\u0131mc\u0131 olmak i\u00e7in buraday\u0131z.<\/strong><\/p>\n\n\n\n<p class=\"translation-block\">Destek ekibimiz size hizmet etmeye adanm\u0131\u015ft\u0131r.<br> Hizmetlerimizle ilgili sorular\u0131n\u0131z varsa bize ula\u015f\u0131n.<\/p>\n\n\n\n<div class=\"wp-block-buttons is-layout-flex wp-block-buttons-is-layout-flex\">\n<div class=\"wp-block-button\"><a class=\"wp-block-button__link wp-element-button\" href=\"\/tr\/support\/contact\/\">Bize Ula\u015f\u0131n<\/a><\/div>\n<\/div>\n<\/div><\/div>","protected":false},"excerpt":{"rendered":"<p>M\u00fc\u015fteri deste\u011fi i\u00e7in M\u00fc\u015fteri deste\u011fi i\u00e7in Hesap a\u00e7ma, hesab\u0131n\u0131z\u0131n kullan\u0131m\u0131 veya hizmetimizle ilgili herhangi bir sorunuz varsa l\u00fctfen bizimle buradan ileti\u015fime ge\u00e7in. \u0130leti\u015fim formu Mevcut: 24 saat \u00c7al\u0131\u015fma Saatleri: Pazartesiden Cumartesiye, 9:00 ~ 17:00 (JST) Zaten bir hesab\u0131n\u0131z varsa l\u00fctfen a\u015fa\u011f\u0131daki d\u00fc\u011fmeyi se\u00e7erek oturum a\u00e7\u0131n ve bizimle ileti\u015fime ge\u00e7in. Hesab\u0131n\u0131z yoksa veya oturum a\u00e7am\u0131yorsan\u0131z l\u00fctfen a\u015fa\u011f\u0131daki se\u00e7enekleri se\u00e7erek bizimle ileti\u015fime ge\u00e7in. Sesli rehberlik arac\u0131l\u0131\u011f\u0131yla sorgulama deste\u011fi (Japonca) Genel sorular\u0131n\u0131z i\u00e7in telefon rehberli\u011fini de kullanabilirsiniz. Hesab\u0131n\u0131zla ilgili \u00f6zel sorular\u0131n\u0131z varsa l\u00fctfen yukar\u0131daki sorgulama formu arac\u0131l\u0131\u011f\u0131yla ileti\u015fime ge\u00e7in. Mevcut:\u2026<\/p>","protected":false},"author":5,"featured_media":0,"parent":1028,"menu_order":12,"comment_status":"closed","ping_status":"closed","template":"","meta":{"footnotes":""},"class_list":["post-1045","page","type-page","status-publish","hentry"],"_links":{"self":[{"href":"https:\/\/bitwallet.com\/tr\/wp-json\/wp\/v2\/pages\/1045","targetHints":{"allow":["GET"]}}],"collection":[{"href":"https:\/\/bitwallet.com\/tr\/wp-json\/wp\/v2\/pages"}],"about":[{"href":"https:\/\/bitwallet.com\/tr\/wp-json\/wp\/v2\/types\/page"}],"author":[{"embeddable":true,"href":"https:\/\/bitwallet.com\/tr\/wp-json\/wp\/v2\/users\/5"}],"replies":[{"embeddable":true,"href":"https:\/\/bitwallet.com\/tr\/wp-json\/wp\/v2\/comments?post=1045"}],"version-history":[{"count":36,"href":"https:\/\/bitwallet.com\/tr\/wp-json\/wp\/v2\/pages\/1045\/revisions"}],"predecessor-version":[{"id":4925,"href":"https:\/\/bitwallet.com\/tr\/wp-json\/wp\/v2\/pages\/1045\/revisions\/4925"}],"up":[{"embeddable":true,"href":"https:\/\/bitwallet.com\/tr\/wp-json\/wp\/v2\/pages\/1028"}],"wp:attachment":[{"href":"https:\/\/bitwallet.com\/tr\/wp-json\/wp\/v2\/media?parent=1045"}],"curies":[{"name":"wp","href":"https:\/\/api.w.org\/{rel}","templated":true}]}}