{"id":1028,"date":"2023-09-21T09:08:14","date_gmt":"2023-09-21T00:08:14","guid":{"rendered":"https:\/\/bitwallet.com\/?page_id=1028"},"modified":"2024-02-21T20:31:05","modified_gmt":"2024-02-21T11:31:05","slug":"contact","status":"publish","type":"page","link":"https:\/\/bitwallet.com\/tr\/support\/contact\/","title":{"rendered":"Bize Ula\u015f\u0131n"},"content":{"rendered":"<div class=\"wp-block-cover alignwide header\"><span aria-hidden=\"true\" class=\"wp-block-cover__background has-background-dim-0 has-background-dim\"><\/span><img loading=\"lazy\" decoding=\"async\" width=\"2000\" height=\"360\" class=\"wp-block-cover__image-background wp-image-1033\" alt=\"\" src=\"https:\/\/bitwallet.com\/wp-content\/uploads\/2023\/09\/mv-support-contact-jpg.webp\" data-object-fit=\"cover\"\/><div class=\"wp-block-cover__inner-container has-global-padding is-layout-constrained wp-block-cover-is-layout-constrained\">\n<h1 class=\"wp-block-heading has-text-align-left effect00\">Bize Ula\u015f\u0131n<\/h1>\n\n\n\n<p class=\"effect00 fadeTimeA\">Hizmet Sorgulama<\/p>\n<\/div><\/div>\n\n\n\n\n\n\n<h2 class=\"wp-block-heading effect01\">Bize Ula\u015f\u0131n<\/h2>\n\n\n\n<p class=\"effect01 fadeTimeA\">bitwallet hizmetiyle ilgili herhangi bir sorunuz varsa l\u00fctfen a\u015fa\u011f\u0131daki se\u00e7enekleri se\u00e7erek bizimle ileti\u015fime ge\u00e7in.<\/p>\n\n\n\n<div class=\"wp-block-group box effect01 has-global-padding is-layout-constrained wp-block-group-is-layout-constrained\">\n<h3 class=\"wp-block-heading\">M\u00fc\u015fteri deste\u011fi i\u00e7in<\/h3>\n\n\n\n<p>Hesap a\u00e7ma, hesab\u0131n\u0131z\u0131n kullan\u0131m\u0131 veya hizmetlerimizle ilgili herhangi bir sorunuz varsa l\u00fctfen bizimle buradan ileti\u015fime ge\u00e7in.<\/p>\n\n\n\n<div class=\"wp-block-buttons is-content-justification-center is-layout-flex wp-container-core-buttons-is-layout-16018d1d wp-block-buttons-is-layout-flex\">\n<div class=\"wp-block-button effect01\"><a class=\"wp-block-button__link wp-element-button\" href=\"https:\/\/bitwallet.com\/tr\/support\/contact\/customer-inquiry\/\">M\u00fc\u015fteri deste\u011fi i\u00e7in<\/a><\/div>\n<\/div>\n<\/div>\n\n\n\n<div class=\"wp-block-group box effect01 has-global-padding is-layout-constrained wp-block-group-is-layout-constrained\">\n<h3 class=\"wp-block-heading\">T\u00fcccarlar i\u00e7in<\/h3>\n\n\n\n<p>T\u00fcccar\u0131n bir \u00fcyesiyseniz veya t\u00fcccar olarak kaydolmay\u0131 d\u00fc\u015f\u00fcn\u00fcyorsan\u0131z, l\u00fctfen bizimle buradan ileti\u015fime ge\u00e7in.<\/p>\n\n\n\n<div class=\"wp-block-buttons is-content-justification-center is-layout-flex wp-container-core-buttons-is-layout-16018d1d wp-block-buttons-is-layout-flex\">\n<div class=\"wp-block-button effect01\"><a class=\"wp-block-button__link wp-element-button\" href=\"https:\/\/bitwallet.com\/tr\/support\/contact\/merchant-inquiry\/\">T\u00fcccarlar i\u00e7in<\/a><\/div>\n<\/div>\n<\/div>\n\n\n\n<div class=\"wp-block-group box has-global-padding is-layout-constrained wp-block-group-is-layout-constrained\">\n<h3 class=\"wp-block-heading\">Medya Sorular\u0131 \u0130\u00e7in<\/h3>\n\n\n\n<p>Medya \u00fcyesiyseniz veya medya veya pazarlama amac\u0131yla ileti\u015fime ge\u00e7mek istiyorsan\u0131z l\u00fctfen bizimle ileti\u015fime ge\u00e7in.<\/p>\n\n\n\n<div class=\"wp-block-buttons is-content-justification-center is-layout-flex wp-container-core-buttons-is-layout-16018d1d wp-block-buttons-is-layout-flex\">\n<div class=\"wp-block-button effect01\"><a class=\"wp-block-button__link wp-element-button\" href=\"https:\/\/bitwallet.com\/tr\/support\/contact\/media-inquiry\/\">Medya Sorular\u0131 \u0130\u00e7in<\/a><\/div>\n<\/div>\n<\/div>","protected":false},"excerpt":{"rendered":"<p>Bize Ula\u015f\u0131n bitwallet hizmetiyle ilgili herhangi bir sorunuz varsa, l\u00fctfen a\u015fa\u011f\u0131daki se\u00e7enekleri se\u00e7erek bizimle ileti\u015fime ge\u00e7in. M\u00fc\u015fteri deste\u011fi i\u00e7in Hesap a\u00e7ma, hesab\u0131n\u0131z\u0131n kullan\u0131m\u0131 veya hizmetlerimizle ilgili sorular\u0131n\u0131z varsa l\u00fctfen bizimle buradan ileti\u015fime ge\u00e7in. T\u00fcccarlar i\u00e7in T\u00fcccar\u0131n bir \u00fcyesiyseniz veya t\u00fcccar olarak kaydolmay\u0131 d\u00fc\u015f\u00fcn\u00fcyorsan\u0131z, l\u00fctfen bizimle buradan ileti\u015fime ge\u00e7in. Medya Sorular\u0131 \u0130\u00e7in Medya \u00fcyesiyseniz veya medya veya pazarlama amac\u0131yla ileti\u015fime ge\u00e7mek istiyorsan\u0131z l\u00fctfen bizimle ileti\u015fime ge\u00e7in.<\/p>","protected":false},"author":5,"featured_media":0,"parent":310,"menu_order":11,"comment_status":"closed","ping_status":"closed","template":"","meta":{"footnotes":""},"class_list":["post-1028","page","type-page","status-publish","hentry"],"_links":{"self":[{"href":"https:\/\/bitwallet.com\/tr\/wp-json\/wp\/v2\/pages\/1028","targetHints":{"allow":["GET"]}}],"collection":[{"href":"https:\/\/bitwallet.com\/tr\/wp-json\/wp\/v2\/pages"}],"about":[{"href":"https:\/\/bitwallet.com\/tr\/wp-json\/wp\/v2\/types\/page"}],"author":[{"embeddable":true,"href":"https:\/\/bitwallet.com\/tr\/wp-json\/wp\/v2\/users\/5"}],"replies":[{"embeddable":true,"href":"https:\/\/bitwallet.com\/tr\/wp-json\/wp\/v2\/comments?post=1028"}],"version-history":[{"count":41,"href":"https:\/\/bitwallet.com\/tr\/wp-json\/wp\/v2\/pages\/1028\/revisions"}],"predecessor-version":[{"id":4477,"href":"https:\/\/bitwallet.com\/tr\/wp-json\/wp\/v2\/pages\/1028\/revisions\/4477"}],"up":[{"embeddable":true,"href":"https:\/\/bitwallet.com\/tr\/wp-json\/wp\/v2\/pages\/310"}],"wp:attachment":[{"href":"https:\/\/bitwallet.com\/tr\/wp-json\/wp\/v2\/media?parent=1028"}],"curies":[{"name":"wp","href":"https:\/\/api.w.org\/{rel}","templated":true}]}}