{"id":948,"date":"2023-09-20T15:36:40","date_gmt":"2023-09-20T06:36:40","guid":{"rendered":"https:\/\/bitwallet.com\/?page_id=948"},"modified":"2024-03-19T16:21:20","modified_gmt":"2024-03-19T07:21:20","slug":"company","status":"publish","type":"page","link":"https:\/\/bitwallet.com\/pt\/aboutus\/company\/","title":{"rendered":"Empresa"},"content":{"rendered":"<div class=\"wp-block-cover alignwide header\"><span aria-hidden=\"true\" class=\"wp-block-cover__background has-black-background-color has-background-dim-0 has-background-dim\"><\/span><img loading=\"lazy\" decoding=\"async\" width=\"2000\" height=\"360\" class=\"wp-block-cover__image-background wp-image-956\" alt=\"\" src=\"https:\/\/bitwallet.com\/wp-content\/uploads\/2023\/09\/mv-aboutus-company-jpg.webp\" data-object-fit=\"cover\"\/><div class=\"wp-block-cover__inner-container has-global-padding is-layout-constrained wp-block-cover-is-layout-constrained\">\n<h1 class=\"wp-block-heading has-text-align-left\">Empresa<\/h1>\n\n\n\n<p>Informa\u00e7\u00f5es globais da empresa<\/p>\n<\/div><\/div>\n\n\n\n<div class=\"wp-block-group box has-global-padding is-layout-constrained wp-block-group-is-layout-constrained\">\n<h3 class=\"wp-block-heading\">Sobre n\u00f3s<\/h3>\n\n\n\n<p>Desde a nossa funda\u00e7\u00e3o em Singapura em 2012, fornecemos uma ampla gama de servi\u00e7os de pagamento para pa\u00edses asi\u00e1ticos e outros pa\u00edses ao redor do mundo. Continuamos buscando possibilidades de fornecer melhores solu\u00e7\u00f5es de pagamento aos comerciantes e seus clientes, e come\u00e7amos a oferecer servi\u00e7os \u201cbitwallet\u201d ao mesmo tempo em que atualizamos nossos servi\u00e7os. Compreendemos e estamos familiarizados com as lacunas entre os m\u00e9todos de pagamento internacionais online e as ind\u00fastrias tecnol\u00f3gicas nos mercados financeiros e reconhecemos que a nossa miss\u00e3o \u00e9 criar e fornecer uma plataforma de pagamento integrada para todos os propriet\u00e1rios de empresas e seus clientes em todo o mundo.<\/p>\n<\/div>\n\n\n\n<p>Se voc\u00ea tiver alguma d\u00favida sobre o servi\u00e7o bitwallet, entre em contato conosco selecionando as seguintes op\u00e7\u00f5es.<\/p>\n\n\n\n<div class=\"wp-block-group box has-global-padding is-layout-constrained wp-block-group-is-layout-constrained\">\n<h3 class=\"wp-block-heading\">Para suporte ao cliente<\/h3>\n\n\n\n<p>Se voc\u00ea tiver alguma d\u00favida sobre a abertura de uma conta, o uso da sua conta ou nosso servi\u00e7o, entre em contato conosco aqui.<\/p>\n\n\n\n<div class=\"wp-block-buttons is-content-justification-center is-layout-flex wp-container-core-buttons-is-layout-16018d1d wp-block-buttons-is-layout-flex\">\n<div class=\"wp-block-button effect01\"><a class=\"wp-block-button__link wp-element-button\" href=\"\/pt\/support\/contact\/customer-inquiry\/\">Para suporte ao cliente<\/a><\/div>\n<\/div>\n<\/div>\n\n\n\n<div class=\"wp-block-group box has-global-padding is-layout-constrained wp-block-group-is-layout-constrained\">\n<h3 class=\"wp-block-heading\">Para comerciantes<\/h3>\n\n\n\n<p>Se voc\u00ea \u00e9 membro do comerciante ou est\u00e1 pensando em se inscrever como comerciante, entre em contato conosco aqui.<\/p>\n\n\n\n<div class=\"wp-block-buttons is-content-justification-center is-layout-flex wp-container-core-buttons-is-layout-16018d1d wp-block-buttons-is-layout-flex\">\n<div class=\"wp-block-button effect01\"><a class=\"wp-block-button__link wp-element-button\" href=\"\/pt\/support\/contact\/merchant-inquiry\/\">Para comerciantes<\/a><\/div>\n<\/div>\n<\/div>\n\n\n\n<div class=\"wp-block-group box has-global-padding is-layout-constrained wp-block-group-is-layout-constrained\">\n<h3 class=\"wp-block-heading\">Para consultas de m\u00eddia<\/h3>\n\n\n\n<p>Se voc\u00ea \u00e9 membro da m\u00eddia ou deseja entrar em contato para fins de m\u00eddia ou marketing, entre em contato conosco.<\/p>\n\n\n\n<div class=\"wp-block-buttons is-content-justification-center is-layout-flex wp-container-core-buttons-is-layout-16018d1d wp-block-buttons-is-layout-flex\">\n<div class=\"wp-block-button effect01\"><a class=\"wp-block-button__link wp-element-button\" href=\"\/pt\/support\/contact\/media-inquiry\/\">Para consultas de m\u00eddia<\/a><\/div>\n<\/div>\n<\/div>","protected":false},"excerpt":{"rendered":"<p>Sobre n\u00f3s Desde a nossa funda\u00e7\u00e3o em Singapura em 2012, fornecemos uma ampla gama de servi\u00e7os de pagamento para pa\u00edses asi\u00e1ticos e outros pa\u00edses ao redor do mundo. Continuamos buscando possibilidades de fornecer melhores solu\u00e7\u00f5es de pagamento aos comerciantes e seus clientes, e come\u00e7amos a oferecer servi\u00e7os \u201cbitwallet\u201d ao mesmo tempo em que atualizamos nossos servi\u00e7os. Compreendemos e estamos familiarizados com as lacunas entre os m\u00e9todos de pagamento internacionais online e as ind\u00fastrias tecnol\u00f3gicas nos mercados financeiros e reconhecemos que a nossa miss\u00e3o \u00e9 criar e fornecer uma plataforma de pagamento integrada para todos os propriet\u00e1rios de empresas e seus clientes em todo o mundo. Se voc\u00ea tiver alguma d\u00favida sobre o servi\u00e7o bitwallet, entre em contato conosco selecionando\u2026<\/p>","protected":false},"author":5,"featured_media":0,"parent":322,"menu_order":9,"comment_status":"closed","ping_status":"closed","template":"","meta":{"footnotes":""},"class_list":["post-948","page","type-page","status-publish","hentry"],"_links":{"self":[{"href":"https:\/\/bitwallet.com\/pt\/wp-json\/wp\/v2\/pages\/948","targetHints":{"allow":["GET"]}}],"collection":[{"href":"https:\/\/bitwallet.com\/pt\/wp-json\/wp\/v2\/pages"}],"about":[{"href":"https:\/\/bitwallet.com\/pt\/wp-json\/wp\/v2\/types\/page"}],"author":[{"embeddable":true,"href":"https:\/\/bitwallet.com\/pt\/wp-json\/wp\/v2\/users\/5"}],"replies":[{"embeddable":true,"href":"https:\/\/bitwallet.com\/pt\/wp-json\/wp\/v2\/comments?post=948"}],"version-history":[{"count":13,"href":"https:\/\/bitwallet.com\/pt\/wp-json\/wp\/v2\/pages\/948\/revisions"}],"predecessor-version":[{"id":4665,"href":"https:\/\/bitwallet.com\/pt\/wp-json\/wp\/v2\/pages\/948\/revisions\/4665"}],"up":[{"embeddable":true,"href":"https:\/\/bitwallet.com\/pt\/wp-json\/wp\/v2\/pages\/322"}],"wp:attachment":[{"href":"https:\/\/bitwallet.com\/pt\/wp-json\/wp\/v2\/media?parent=948"}],"curies":[{"name":"wp","href":"https:\/\/api.w.org\/{rel}","templated":true}]}}