{"id":927,"date":"2023-09-13T17:23:14","date_gmt":"2023-09-13T08:23:14","guid":{"rendered":"https:\/\/bitwallet.com\/?page_id=927"},"modified":"2024-03-06T15:57:43","modified_gmt":"2024-03-06T06:57:43","slug":"security","status":"publish","type":"page","link":"https:\/\/bitwallet.com\/pt\/service\/security\/","title":{"rendered":"Seguran\u00e7a"},"content":{"rendered":"<div class=\"wp-block-cover alignwide header\"><span aria-hidden=\"true\" class=\"wp-block-cover__background has-black-background-color has-background-dim-0 has-background-dim\"><\/span><img loading=\"lazy\" decoding=\"async\" width=\"2000\" height=\"360\" class=\"wp-block-cover__image-background wp-image-2022\" alt=\"\" src=\"https:\/\/bitwallet.com\/wp-content\/uploads\/2023\/11\/mv-service_security-jpg.webp\" data-object-fit=\"cover\"\/><div class=\"wp-block-cover__inner-container has-global-padding is-layout-constrained wp-block-cover-is-layout-constrained\">\n<h1 class=\"wp-block-heading has-text-align-left effect00\">Seguran\u00e7a<\/h1>\n\n\n\n<p class=\"effect00 fadeTimeA\">Nossa Vis\u00e3o Geral de Seguran\u00e7a<\/p>\n<\/div><\/div>\n\n\n\n<h2 class=\"wp-block-heading effect00\">Medidas de seguran\u00e7a bitwallet<\/h2>\n\n\n\n<div class=\"wp-block-group effect00 fadeTimeA has-global-padding is-layout-constrained wp-block-group-is-layout-constrained\">\n<p>bitwallet (Bitwallet Service Group) \u00e9 um provedor l\u00edder de servi\u00e7os de pagamento que possui altos n\u00edveis de seguran\u00e7a tanto online quanto offline para manter os fundos dos clientes seguros e protegidos em nossa plataforma. Nossa miss\u00e3o \u00e9 nos esfor\u00e7armos continuamente para melhorar a seguran\u00e7a e, ao mesmo tempo, alcan\u00e7ar uma experi\u00eancia de navega\u00e7\u00e3o intuitiva para todos os usu\u00e1rios. A equipe acredita que ao estabelecer uma melhor seguran\u00e7a em nossa plataforma, fortalecer\u00e1 a confian\u00e7a entre nossos clientes e n\u00f3s.<\/p>\n\n\n\n<p>Nossa equipe leva a s\u00e9rio as medidas de seguran\u00e7a contra fraude e uso n\u00e3o autorizado. Regulamenta\u00e7\u00f5es como AML (Anti-Lavagem de Dinheiro), KYC (Know Your Customer Identity Verification), etc. foram implementadas para garantir padr\u00f5es de conformidade internacionais em nossa plataforma.<\/p>\n\n\n\n<p>Veja as medidas de seguran\u00e7a detalhadas abaixo<\/p>\n<\/div>\n\n\n\n<div class=\"wp-block-group box security effect00 fadeTimeB has-global-padding is-layout-constrained wp-block-group-is-layout-constrained\">\n<h3 class=\"wp-block-heading\">Seguran\u00e7a<\/h3>\n\n\n\n<p>Comprometer a seguran\u00e7a cibern\u00e9tica pode representar uma grande amea\u00e7a aos seus ativos financeiros pessoais. A bitwallet est\u00e1 constantemente desenvolvendo estrat\u00e9gias para proteger nossos clientes contra amea\u00e7as \u00e0 seguran\u00e7a.<\/p>\n\n\n\n<p>O bitwallet observa as melhores pr\u00e1ticas e princ\u00edpios do setor escritos na Ordem Executiva em Melhoria da Seguran\u00e7a Cibern\u00e9tica de Infraestruturas Cr\u00edticas. Isto permite que o bitwallet cumpra os padr\u00f5es internacionais de seguran\u00e7a e melhore a resili\u00eancia da infraestrutura. A seguir est\u00e3o as medidas de seguran\u00e7a da informa\u00e7\u00e3o baseadas na Estrutura do Instituto Nacional de Padr\u00f5es e Tecnologia (NIST), que consiste em tr\u00eas partes: o N\u00facleo da Estrutura, os N\u00edveis de Implementa\u00e7\u00e3o e os Perfis da Estrutura.<\/p>\n\n\n\n<h4 class=\"wp-block-heading\"><strong>N\u00facleo da Estrutura<\/strong><\/h4>\n\n\n\n<p>O Framwork Core \u00e9 composto por cinco fun\u00e7\u00f5es \u2013 Identificar, Proteger, Detectar, Responder, Recuperar.<\/p>\n\n\n\n<h5 class=\"wp-block-heading\">1. Identifique<\/h5>\n\n\n\n<h6 class=\"wp-block-heading\"><strong>(1) Oferecer cust\u00f3dia e gest\u00e3o de ativos do cliente<\/strong><\/h6>\n\n\n\n<p>Os ativos do usu\u00e1rio s\u00e3o protegidos com seguran\u00e7a no bitwallet. Ativos como moeda s\u00e3o gerenciados separadamente e de maneira segura.<\/p>\n\n\n\n<h6 class=\"wp-block-heading\"><strong>(2) Gest\u00e3o de institui\u00e7\u00f5es financeiras de alto n\u00edvel<\/strong><\/h6>\n\n\n\n<p>O revendedor de institui\u00e7\u00f5es financeiras de alto n\u00edvel n\u00e3o deve apenas implementar medidas de seguran\u00e7a no pr\u00f3prio sistema, mas tamb\u00e9m melhorar a organiza\u00e7\u00e3o e o processo. Como tal, o bitwallet implementou uma estrutura de seguran\u00e7a capaz de desencadear um processo de recupera\u00e7\u00e3o ap\u00f3s a detec\u00e7\u00e3o de anomalias; identificar a causa raiz e diagnosticar a anomalia prontamente. Pretendemos implementar esse recurso e refin\u00e1-lo ainda mais.<\/p>\n\n\n\n<h5 class=\"wp-block-heading\">2. Proteja<\/h5>\n\n\n\n<h6 class=\"wp-block-heading\"><strong>2.1 Criptografia<\/strong><\/h6>\n\n\n\n<h6 class=\"wp-block-heading\"><strong>(1) Certificado SSL<\/strong><\/h6>\n\n\n\n<p>bitwallet usa tecnologia de criptografia SSL para comunica\u00e7\u00f5es de dados. SSL \u00e9 um certificado de seguran\u00e7a que permite uma conex\u00e3o segura entre nossa plataforma e o servidor, garantindo que todos os dados permane\u00e7am confidenciais.<\/p>\n\n\n\n<h6 class=\"wp-block-heading\"><strong>(2) Certificado SSL-VPN<\/strong><\/h6>\n\n\n\n<p>Nosso servidor de rede SSL-VPN \u00e9 criptografado para evitar o roubo de dados por acesso n\u00e3o autorizado de terceiros, pois todos os dados ser\u00e3o criptografados antes da transmiss\u00e3o.<\/p>\n\n\n\n<h6 class=\"wp-block-heading\"><strong>2.2 Firewall de seguran\u00e7a de rede<\/strong><\/h6>\n\n\n\n<h6 class=\"wp-block-heading\"><strong>(1) Firewall<\/strong><\/h6>\n\n\n\n<p>O firewall atua como um filtro entre a rede e a Internet. O firewall adiciona seguran\u00e7a ao nosso servidor, pois evita a transmiss\u00e3o de amea\u00e7as como malware e v\u00edrus.<\/p>\n\n\n\n<h6 class=\"wp-block-heading\"><strong>(2) Firewall de aplicativos da Web<\/strong><\/h6>\n\n\n\n<p>O bitwallet usa firewall de aplicativo da web (WAF) para prote\u00e7\u00e3o contra tentativas maliciosas de comprometer nosso sistema ou exfiltrar nossos dados. bitwallet WAF bloqueia padr\u00f5es de ataque comuns para nosso sistema operacional, software e servi\u00e7o.<\/p>\n\n\n\n<h6 class=\"wp-block-heading\"><strong>(3) IP Anycast<\/strong><\/h6>\n\n\n\n<p>Um ataque Dos (Denial of Service) \u00e9 uma tentativa de inundar a rede do usu\u00e1rio com tr\u00e1fego in\u00fatil, ataque com e-mails de spam (mail bomb) e v\u00e1rios pacotes de solicita\u00e7\u00e3o de ping que fazem com que uma m\u00e1quina ou rede seja desligada, tornando-a inacess\u00edvel aos usu\u00e1rios pretendidos. . Existem tamb\u00e9m ataques DDoS que travar\u00e3o permanentemente a funcionalidade da rede. bitwallet usa IP Anycast para redirecionar a solicita\u00e7\u00e3o.<\/p>\n\n\n\n<h6 class=\"wp-block-heading\"><strong>(4) Sistema de Detec\u00e7\u00e3o de Intrus\u00e3o (IDS)<\/strong><\/h6>\n\n\n\n<p>Ao receber v\u00e1rios tr\u00e1fegos de rede no servidor, o IDS \u00e9 capaz de monitorar e detectar atividades suspeitas e emitir alertas entre elas. O sistema \u00e9 capaz de tomar medidas em rela\u00e7\u00e3o a atividades maliciosas descobertas e tr\u00e1fego anormal. bitwallet usa 2 tipos de sistemas \u2013 Sistema de detec\u00e7\u00e3o de intrus\u00e3o de rede e Sistema de detec\u00e7\u00e3o de intrus\u00e3o de host. A detec\u00e7\u00e3o de intrus\u00e3o de rede monitora o tr\u00e1fego de entrada e sa\u00edda, enquanto a detec\u00e7\u00e3o de intrus\u00e3o de host pode identificar o tr\u00e1fego malicioso que chega ao pr\u00f3prio host.<\/p>\n\n\n\n<h6 class=\"wp-block-heading\"><strong>(5) Gerenciamento Unificado de Amea\u00e7as (UTM)<\/strong><\/h6>\n\n\n\n<p>UTM consolida v\u00e1rios servi\u00e7os e recursos de seguran\u00e7a, como IDS, IPS e outros conte\u00fados da web para proteger bitwallet contra amea\u00e7as \u00e0 seguran\u00e7a.<\/p>\n\n\n\n<h6 class=\"wp-block-heading\"><strong>2.3 Verifica\u00e7\u00e3o de Identidade<\/strong><\/h6>\n\n\n\n<h6 class=\"wp-block-heading\"><strong>(1) Senha forte<\/strong><\/h6>\n\n\n\n<p>Reutilizar ou criar uma senha simples apenas com letras como \u201cbitcoin\u201d torna-a fraca e f\u00e1cil de ser quebrada. bitwallet permite apenas senhas fortes que contenham uma longa combina\u00e7\u00e3o de caracteres mai\u00fasculos e min\u00fasculos, n\u00fameros e sinais de pontua\u00e7\u00e3o, dificultando a quebra.<\/p>\n\n\n\n<h6 class=\"wp-block-heading\"><strong>(2) Bloqueio de conta<\/strong><\/h6>\n\n\n\n<p>Se o usu\u00e1rio tiver v\u00e1rias tentativas de login malsucedidas, isso ser\u00e1 considerado como acesso n\u00e3o autorizado de terceiros e, como resultado, a conta ser\u00e1 bloqueada. Redefina sua senha caso a tenha esquecido. Sua conta s\u00f3 ser\u00e1 recuperada quando voc\u00ea passar pela autentica\u00e7\u00e3o de identidade.<\/p>\n\n\n\n<h6 class=\"wp-block-heading\"><strong>(3) Autentica\u00e7\u00e3o de 2 fatores<\/strong><\/h6>\n\n\n\n<p>Para evitar o acesso n\u00e3o autorizado de terceiros, a autentica\u00e7\u00e3o de 2 fatores (2FA) atuar\u00e1 como uma camada extra de seguran\u00e7a quando voc\u00ea fizer login no bitwallet. O usu\u00e1rio exigir\u00e1 a senha da conta e um segundo login com seu pr\u00f3prio token para acessar sua conta. Isso torna mais dif\u00edcil o acesso de poss\u00edveis invasores, pois eles n\u00e3o possuem o token para fazer login.<\/p>\n\n\n\n<h6 class=\"wp-block-heading\"><strong>(4) Monitorar hist\u00f3rico de login<\/strong><\/h6>\n\n\n\n<p>Seu hist\u00f3rico de login ser\u00e1 salvo no servidor sempre que voc\u00ea fizer login em um dispositivo espec\u00edfico ou pela web, incluindo a localiza\u00e7\u00e3o geral e o endere\u00e7o IP. Visualize-os para ver se h\u00e1 algum login n\u00e3o reconhecido.<\/p>\n\n\n\n<h6 class=\"wp-block-heading\"><strong>(5) Tempo limite da sess\u00e3o<\/strong><\/h6>\n\n\n\n<p>Se voc\u00ea ficar inativo por algum tempo ap\u00f3s fazer login, voc\u00ea ser\u00e1 automaticamente desconectado da sua conta para evitar acesso n\u00e3o autorizado.<\/p>\n\n\n\n<h6 class=\"wp-block-heading\"><strong>2.4 Medidas do Programa<\/strong><\/h6>\n\n\n\n<h6 class=\"wp-block-heading\"><strong>(1) Scripting entre sites<\/strong><\/h6>\n\n\n\n<p>O script entre sites \u00e9 um ataque de seguran\u00e7a em que o invasor pode perseguir um site vulner\u00e1vel de outro site confi\u00e1vel. O bitwallet \u00e9 higienizado para evitar esse tipo de ataque. Dados potencialmente perigosos ser\u00e3o removidos ou alterados no processo, tornando-os inexecut\u00e1veis.<\/p>\n\n\n\n<h6 class=\"wp-block-heading\"><strong>(2) Inje\u00e7\u00e3o SQL<\/strong><\/h6>\n\n\n\n<p>A inje\u00e7\u00e3o de SQL \u00e9 uma linguagem de programa\u00e7\u00e3o usada para se comunicar com bancos de dados vulner\u00e1veis e de c\u00f3digo aberto. Ele enviar\u00e1 comandos ao servidor para divulgar informa\u00e7\u00f5es do usu\u00e1rio. bitwallet usa higieniza\u00e7\u00e3o de entrada para impedir a execu\u00e7\u00e3o de comunica\u00e7\u00f5es maliciosas. Os dados ser\u00e3o alterados para linguagem SQL inexecut\u00e1vel.<\/p>\n\n\n\n<h6 class=\"wp-block-heading\"><strong>(3) Falsifica\u00e7\u00e3o de solicita\u00e7\u00e3o entre sites<\/strong><\/h6>\n\n\n\n<p>A falsifica\u00e7\u00e3o de solicita\u00e7\u00e3o entre sites \u00e9 um ataque \u00e0 seguran\u00e7a que for\u00e7a o usu\u00e1rio a executar a\u00e7\u00f5es indesejadas que n\u00e3o s\u00e3o autenticadas. bitwallet usa codifica\u00e7\u00e3o segura e WAF para bloquear ataques potencialmente prejudiciais enquanto monitora o sistema de seguran\u00e7a.<\/p>\n\n\n\n<h6 class=\"wp-block-heading\"><strong>(4) Ataque de For\u00e7a Bruta<\/strong><\/h6>\n\n\n\n<p>O ataque de for\u00e7a bruta \u00e9 um m\u00e9todo de tentativa e erro de quebra de senha, decodificando v\u00e1rias senhas para invadir sua conta \u00e0 for\u00e7a. Usando uma senha forte e configurando 2FA para fortalecer sua conta contra esse ataque, pois sua conta ser\u00e1 bloqueada em tentativas limitadas.<\/p>\n\n\n\n<h6 class=\"wp-block-heading\"><strong>(5) Criptografia de senha<\/strong><\/h6>\n\n\n\n<p>A senha que voc\u00ea digitou ser\u00e1 criptografada e salva no banco de dados, passando por um processo de hash adicionando salt \u00e0 senha, tornando-a complexa de ler.<\/p>\n\n\n\n<h6 class=\"wp-block-heading\"><strong>(6) Lista de permiss\u00f5es de IP<\/strong><\/h6>\n\n\n\n<p>Somente endere\u00e7os IP na lista de permiss\u00f5es podem prosseguir com a transa\u00e7\u00e3o de pagamento em bitwallet. O uso e o acesso de qualquer endere\u00e7o IP n\u00e3o reconhecido ser\u00e3o bloqueados.<\/p>\n\n\n\n<h6 class=\"wp-block-heading\"><strong>2.5 Verifica\u00e7\u00e3o Operacional<\/strong><\/h6>\n\n\n\n<h6 class=\"wp-block-heading\"><strong>(1) Envio de selfie<\/strong><\/h6>\n\n\n\n<p>\u00c9 necess\u00e1ria apresenta\u00e7\u00e3o de Documento de Identidade, Comprovante de Endere\u00e7o Residencial e Selfie. Selfie foi adotado por v\u00e1rios pa\u00edses ocidentais para fins de verifica\u00e7\u00e3o de identidade online. O objetivo de verifica\u00e7\u00e3o de tal procedimento \u00e9 evitar a ocorr\u00eancia de roubo de identidade falsa.<\/p>\n\n\n\n<h6 class=\"wp-block-heading\"><strong>(2) Autentica\u00e7\u00e3o de correio ou SMS<\/strong><\/h6>\n\n\n\n<p>Um ID gerado ser\u00e1 enviado a voc\u00ea por correio ou SMS para autentica\u00e7\u00e3o se desejar aumentar o limite do cart\u00e3o de cr\u00e9dito. A autentica\u00e7\u00e3o ser\u00e1 conclu\u00edda assim que voc\u00ea inserir o ID dentro do prazo determinado.<\/p>\n\n\n\n<h6 class=\"wp-block-heading\"><strong>(3) Confirma\u00e7\u00e3o de retirada de conta banc\u00e1ria<\/strong><\/h6>\n\n\n\n<p>Nossa equipe verificar\u00e1 diariamente informa\u00e7\u00f5es incorretas da conta, como nome do banco, nome da ag\u00eancia e n\u00famero da conta.<\/p>\n\n\n\n<h6 class=\"wp-block-heading\"><strong>(4) Confirma\u00e7\u00e3o da conta do remetente<\/strong><\/h6>\n\n\n\n<p>Todas as informa\u00e7\u00f5es da transa\u00e7\u00e3o ser\u00e3o verificadas antes do envio e poder\u00e3o sofrer atrasos devido ao tempo adicional necess\u00e1rio para verifica\u00e7\u00e3o. Inclua o n\u00famero de identifica\u00e7\u00e3o da sua conta (ID da conta + 3 d\u00edgitos) no nome do remetente durante uma transfer\u00eancia banc\u00e1ria.<\/p>\n\n\n\n<h6 class=\"wp-block-heading\"><strong>(5) Terceirizar verifica\u00e7\u00f5es de uso n\u00e3o autorizado<\/strong><\/h6>\n\n\n\n<p>Contratamos um servi\u00e7o terceirizado para monitorar o uso di\u00e1rio de cada usu\u00e1rio e verificar qualquer uso n\u00e3o autorizado.<\/p>\n\n\n\n<h6 class=\"wp-block-heading\"><strong>(6) Diretrizes para retirada e reembolso<\/strong><\/h6>\n\n\n\n<p>Para evitar casos de lavagem de dinheiro e uso indevido de cart\u00e3o de cr\u00e9dito, primeiro revisaremos manualmente o hist\u00f3rico de uso anterior do usu\u00e1rio antes que qualquer transa\u00e7\u00e3o de reembolso e retirada possa ser feita. Isso ajudar\u00e1 a impedir qualquer fraude com cart\u00e3o a tempo.<\/p>\n\n\n\n<h5 class=\"wp-block-heading\">3. Detectar<\/h5>\n\n\n\n<h6 class=\"wp-block-heading\"><strong>(1) Exame do Servidor<\/strong><\/h6>\n\n\n\n<p>Assim que for encontrado algum erro em nosso servidor, uma chamada de emerg\u00eancia ser\u00e1 ativada atrav\u00e9s de nosso exame autom\u00e1tico programado do servidor, desligando todo o sistema para minimizar os danos que possam ocorrer.<\/p>\n\n\n\n<h6 class=\"wp-block-heading\"><strong>(2) Criptografia de banco de dados<\/strong><\/h6>\n\n\n\n<p>Seus dados confidenciais ser\u00e3o todos criptografados durante o armazenamento em nosso banco de dados. Os dados criptografados s\u00e3o dif\u00edceis de descriptografar.<\/p>\n\n\n\n<h6 class=\"wp-block-heading\"><strong>(3) Sistema Independente de Detec\u00e7\u00e3o de Fraude<\/strong><\/h6>\n\n\n\n<p>Um blockchain p\u00fablico \u00e9 uma rede criada com m\u00faltiplos n\u00f3s. \u00c9 totalmente aberto e qualquer pessoa pode aderir e participar da rede. O Node requer monitoramento de seu processo e desempenho. O bitwallet implementou um servidor de monitoramento que permite a coleta de informa\u00e7\u00f5es em tempo real de cada nota enquanto salva seu log. Isso nos permite verificar e agir em caso de qualquer acesso ou transa\u00e7\u00e3o n\u00e3o autorizada detectada antecipadamente, usando a valida\u00e7\u00e3o entre as transa\u00e7\u00f5es dos n\u00f3s.<\/p>\n\n\n\n<h5 class=\"wp-block-heading\">4. Responda<\/h5>\n\n\n\n<h6 class=\"wp-block-heading\"><strong>(1) Planos de Conting\u00eancia<\/strong><\/h6>\n\n\n\n<p>Existem planos de conting\u00eancia para resolver falhas de seguran\u00e7a. As contramedidas e a preven\u00e7\u00e3o s\u00e3o formuladas e executadas com efici\u00eancia por meio de extensos desafios baseados em cen\u00e1rios que imitam falhas de seguran\u00e7a.<\/p>\n\n\n\n<h6 class=\"wp-block-heading\"><strong>(2) An\u00e1lise de Incidentes<\/strong><\/h6>\n\n\n\n<p>O bitwallet passou por muitos testes de valida\u00e7\u00e3o e an\u00e1lises durante o processo de desenvolvimento e continuar\u00e1 a realizar verifica\u00e7\u00f5es de seguran\u00e7a ap\u00f3s ser lan\u00e7ado. Caso seja descoberta alguma falha de seguran\u00e7a durante a verifica\u00e7\u00e3o, a equipe trabalhar\u00e1 para localizar e corrigir o problema rapidamente.<\/p>\n\n\n\n<h5 class=\"wp-block-heading\">5. Recuperar<\/h5>\n\n\n\n<h6 class=\"wp-block-heading\"><strong>(1) Planos de Recupera\u00e7\u00e3o<\/strong><\/h6>\n\n\n\n<p>Planos de recupera\u00e7\u00e3o est\u00e3o em vigor para resolver falhas de seguran\u00e7a e s\u00e3o executados com base nas etapas extensas e detalhadas escritas no manual de solu\u00e7\u00e3o de problemas que permitem um tempo de recupera\u00e7\u00e3o mais r\u00e1pido.<\/p>\n\n\n\n<h6 class=\"wp-block-heading\"><strong>(2) A equipe de engenharia trabalha constantemente para melhorar a estabilidade e formular solu\u00e7\u00f5es para novos riscos<\/strong><\/h6>\n\n\n\n<p>A equipe bitwallet \u00e9 formada por especialistas em criptografia, profissionais e engenheiros habilidosos no combate a riscos inesperados com a tecnologia mais recente.<\/p>\n\n\n\n<h6 class=\"wp-block-heading\"><strong>(3) Melhorar o processo de resposta de seguran\u00e7a<\/strong><\/h6>\n\n\n\n<p>No caso de uma falha de seguran\u00e7a conjunta entre v\u00e1rias empresas, as informa\u00e7\u00f5es ser\u00e3o salvas e arquivadas para compartilhamento para melhorar a correspond\u00eancia de dados. Al\u00e9m disso, s\u00e3o feitas revis\u00f5es e melhorias constantes no processo de resposta para lidar com viola\u00e7\u00f5es de seguran\u00e7a.<\/p>\n\n\n\n<h4 class=\"wp-block-heading\"><strong>Os n\u00edveis de implementa\u00e7\u00e3o<\/strong><\/h4>\n\n\n\n<p>Os n\u00edveis refletem como uma organiza\u00e7\u00e3o implementa as fun\u00e7\u00f5es essenciais e gerencia seus riscos. O bitwallet visa atingir o n\u00edvel mais alto com processo de gerenciamento aprimorado.<\/p>\n\n\n\n<h5 class=\"wp-block-heading\">1. Processo de Gest\u00e3o de Riscos<\/h5>\n\n\n\n<p>No bitwallet, as medidas de gest\u00e3o de riscos de seguran\u00e7a s\u00e3o aprovadas pela administra\u00e7\u00e3o e estabelecidas como uma pol\u00edtica. Nossa equipe abordar\u00e1 as medidas de seguran\u00e7a como prioridade m\u00e1xima.<\/p>\n\n\n\n<h5 class=\"wp-block-heading\">2. Programa Integrado de Gest\u00e3o de Riscos<\/h5>\n\n\n\n<p>Todo e qualquer funcion\u00e1rio do bitwallet participa do gerenciamento de riscos relacionados \u00e0s informa\u00e7\u00f5es de seguran\u00e7a cibern\u00e9tica.<\/p>\n\n\n\n<h4 class=\"wp-block-heading\"><strong>Perfil da Estrutura<\/strong><\/h4>\n\n\n\n<p>O perfil que ajuda o bitwallet a estabelecer um roteiro para reduzir o risco de seguran\u00e7a cibern\u00e9tica e a descrever nosso estado atual, o estado alvo desejado e o processo de gerenciamento de riscos.<\/p>\n\n\n\n<p>O bitwallet \u00e9 baseado na Ordem Executiva dos Estados Unidos \u2013 \u201cEstrutura para Melhorar a Seguran\u00e7a Cibern\u00e9tica de Infraestruturas Cr\u00edticas\u201d e combina as melhores pr\u00e1ticas do setor a partir de uma perspectiva internacional.<\/p>\n\n\n\n<hr class=\"wp-block-separator has-alpha-channel-opacity\"\/>\n\n\n\n<p>Cl\u00e1usulas Adicionais<\/p>\n\n\n\n<p>A taxa exibida come\u00e7ar\u00e1 a partir de 1\u00ba de julho de 2018.<\/p>\n\n\n\n<p>Revis\u00e3o<\/p>\n\n\n\n<p>A Verifica\u00e7\u00e3o Operacional 2.5 (1) Envio de Selfie foi revisada em 1\u00ba de agosto de 2018.<br>O 1. Identifique foi revisado em 21 de janeiro de 2022.<\/p>\n<\/div>\n\n\n\n<div class=\"wp-block-cover alignwide is-light help\"><span aria-hidden=\"true\" class=\"wp-block-cover__background has-background-dim-0 has-background-dim\"><\/span><img loading=\"lazy\" decoding=\"async\" width=\"2048\" height=\"336\" class=\"wp-block-cover__image-background wp-image-289\" alt=\"\" src=\"https:\/\/bitwallet.com\/wp-content\/uploads\/2023\/06\/mv-support-jpg.webp\" style=\"object-position:50% 50%\" data-object-fit=\"cover\" data-object-position=\"50% 50%\"\/><div class=\"wp-block-cover__inner-container has-global-padding is-layout-constrained wp-block-cover-is-layout-constrained\">\n<p class=\"has-large-font-size translation-block\"><strong>Voc\u00ea precisa de ajuda?<\/strong><br> <strong>Estamos aqui para ajudar.<\/strong><\/p>\n\n\n\n<p class=\"translation-block\">Nossa equipe de suporte est\u00e1 dedicada a atender voc\u00ea.<br> Entre em contato conosco se tiver alguma d\u00favida sobre nossos servi\u00e7os.<\/p>\n\n\n\n<div class=\"wp-block-buttons is-layout-flex wp-block-buttons-is-layout-flex\">\n<div class=\"wp-block-button\"><a class=\"wp-block-button__link wp-element-button\" href=\"\/pt\/support\/contact\/\">Contate-nos<\/a><\/div>\n<\/div>\n<\/div><\/div>","protected":false},"excerpt":{"rendered":"<p>Medidas de seguran\u00e7a bitwallet bitwallet (Bitwallet Service Group) \u00e9 um provedor l\u00edder de servi\u00e7os de pagamento que possui altos n\u00edveis de seguran\u00e7a online e offline para manter os fundos dos clientes seguros e protegidos em nossa plataforma. Nossa miss\u00e3o \u00e9 nos esfor\u00e7armos continuamente para melhorar a seguran\u00e7a e, ao mesmo tempo, alcan\u00e7ar uma experi\u00eancia de navega\u00e7\u00e3o intuitiva para todos os usu\u00e1rios. A equipe acredita que ao estabelecer uma melhor seguran\u00e7a em nossa plataforma, fortalecer\u00e1 a confian\u00e7a entre nossos clientes e n\u00f3s. Nossa equipe leva a s\u00e9rio as medidas de seguran\u00e7a contra fraude e uso n\u00e3o autorizado. Regulamenta\u00e7\u00f5es como AML (Anti-Lavagem de Dinheiro), KYC (Know Your Customer Identity Verification), etc. foram implementadas para garantir padr\u00f5es de conformidade internacionais em nossa plataforma. Veja o\u2026<\/p>","protected":false},"author":5,"featured_media":0,"parent":32,"menu_order":21,"comment_status":"closed","ping_status":"closed","template":"","meta":{"footnotes":""},"class_list":["post-927","page","type-page","status-publish","hentry"],"_links":{"self":[{"href":"https:\/\/bitwallet.com\/pt\/wp-json\/wp\/v2\/pages\/927","targetHints":{"allow":["GET"]}}],"collection":[{"href":"https:\/\/bitwallet.com\/pt\/wp-json\/wp\/v2\/pages"}],"about":[{"href":"https:\/\/bitwallet.com\/pt\/wp-json\/wp\/v2\/types\/page"}],"author":[{"embeddable":true,"href":"https:\/\/bitwallet.com\/pt\/wp-json\/wp\/v2\/users\/5"}],"replies":[{"embeddable":true,"href":"https:\/\/bitwallet.com\/pt\/wp-json\/wp\/v2\/comments?post=927"}],"version-history":[{"count":26,"href":"https:\/\/bitwallet.com\/pt\/wp-json\/wp\/v2\/pages\/927\/revisions"}],"predecessor-version":[{"id":4648,"href":"https:\/\/bitwallet.com\/pt\/wp-json\/wp\/v2\/pages\/927\/revisions\/4648"}],"up":[{"embeddable":true,"href":"https:\/\/bitwallet.com\/pt\/wp-json\/wp\/v2\/pages\/32"}],"wp:attachment":[{"href":"https:\/\/bitwallet.com\/pt\/wp-json\/wp\/v2\/media?parent=927"}],"curies":[{"name":"wp","href":"https:\/\/api.w.org\/{rel}","templated":true}]}}