{"id":80,"date":"2023-05-10T16:18:02","date_gmt":"2023-05-10T07:18:02","guid":{"rendered":"https:\/\/bitwallet.com\/?page_id=80"},"modified":"2026-01-08T10:28:41","modified_gmt":"2026-01-08T01:28:41","slug":"handling-fee","status":"publish","type":"page","link":"https:\/\/bitwallet.com\/pt\/service\/handling-fee\/","title":{"rendered":"Todas as taxas"},"content":{"rendered":"<div class=\"wp-block-cover alignwide header\"><img loading=\"lazy\" decoding=\"async\" width=\"2000\" height=\"360\" class=\"wp-block-cover__image-background wp-image-92\" alt=\"\" src=\"https:\/\/bitwallet.com\/wp-content\/uploads\/2023\/05\/handlingfee_visual01-jpg.webp\" data-object-fit=\"cover\"\/><span aria-hidden=\"true\" class=\"wp-block-cover__background has-black-background-color has-background-dim-0 has-background-dim\"><\/span><div class=\"wp-block-cover__inner-container has-global-padding is-layout-constrained wp-block-cover-is-layout-constrained\">\n<h1 class=\"wp-block-heading has-text-align-left effect00\">Todas as taxas<\/h1>\n\n\n\n<p class=\"effect00 fadeTimeA\">Lista de taxas aplic\u00e1veis<\/p>\n<\/div><\/div>\n\n\n\n<h2 class=\"wp-block-heading effect00\">Taxas para diferentes tipos de conta<\/h2>\n\n\n\n<p>As taxas a seguir ser\u00e3o aplicadas de acordo com seus tipos de conta (conta pessoal, empresarial e comercial) ao usar nossos servi\u00e7os bitwallet.<\/p>\n\n\n\n<div class=\"wp-block-group box effect00 fadeTimeB has-global-padding is-layout-constrained wp-block-group-is-layout-constrained\">\n<h3 class=\"wp-block-heading\">Lista de taxas aplic\u00e1veis<\/h3>\n\n\n\n<h4 class=\"wp-block-heading only-en\">PREPARE-SE PARA O PAGAMENTO<\/h4>\n\n\n\n<h4 class=\"wp-block-heading only-ja\">\u304a\u652f\u6255\u6e96\u5099<\/h4>\n\n\n\n<div class=\"wp-block-group tblScrl has-global-padding is-layout-constrained wp-block-group-is-layout-constrained\">\n<table style=\"width: 100%; height: 64px;\">\n<tbody>\n<tr style=\"height: 41px;\">\n<th class=\"w30p\" style=\"height: 41px;\"><span class=\"only-en\">M\u00e9todo<\/span><span class=\"only-ja\">N\u00e3o<span><\/th>\n<th class=\"w20p\" style=\"height: 41px;\">Canal<\/th>\n<th class=\"w25p bl translation-block\" style=\"height: 41px;\">Pessoal\/Neg\u00f3cios<br> Conta<\/th>\n<th class=\"w25p bl translation-block\" style=\"height: 41px;\">Comerciante<br> Conta<\/th>\n<\/tr>\n<tr style=\"height: 23px;\">\n<td style=\"height: 23px;\" class=\"translation-block\">Transfer\u00eancia Banc\u00e1ria <sub>\uff08\u203b1\uff09<\/sub><\/td>\n<td style=\"height: 23px;\" class=\"translation-block\">atrav\u00e9s de v\u00e1rios bancos locais <sub>\uff08\u203b2\uff09<\/sub><\/td>\n<td style=\"height: 23px;\" colspan=\"2\">A partir de $0 dependendo do pa\u00eds<sub>\uff08\u203b2\uff09<\/sub><\/td>\n<\/tr>\n<\/tbody>\n<\/table>\n<\/div>\n\n\n\n<ul class=\"wp-block-list note kome\">\n<li>Aplicam-se sobretaxas para transfer\u00eancia banc\u00e1ria ou taxa de transfer\u00eancia banc\u00e1ria intermedi\u00e1ria.<\/li>\n\n\n\n<li>Mais informa\u00e7\u00f5es podem ser encontradas ao fazer login em sua conta.<\/li>\n<\/ul>\n\n\n\n<h4 class=\"wp-block-heading only-en\">PAGAMENTO<\/h4>\n\n\n\n<h4 class=\"wp-block-heading only-ja\">\u304a\u652f\u6255<\/h4>\n\n\n\n<div class=\"wp-block-group tblScrl has-global-padding is-layout-constrained wp-block-group-is-layout-constrained\">\n<table style=\"width: 100%; height: 128px;\">\n<tbody>\n<tr style=\"height: 20px;\">\n<th class=\"w30p\" style=\"height: 20px;\">M\u00e9todo<\/th>\n<th class=\"w20p\" style=\"height: 20px;\">Marca\/Moeda<\/th>\n<th class=\"w25p bl translation-block\" style=\"height: 20px;\">Pessoal\/Neg\u00f3cios<br> Conta<\/th>\n<th class=\"w25p bl translation-block\" style=\"height: 20px;\">Comerciante<br> Conta<\/th>\n<\/tr>\n<tr style=\"height: 88px;\">\n<td style=\"height: 88px;\">Pagamento bitwallet<\/td>\n<td style=\"height: 88px;\">Todas as moedas dispon\u00edveis<\/td>\n<td style=\"height: 88px;\" colspan=\"2\">\n<p>T\u00e3o baixo quanto $0<\/p>\n<\/td>\n<\/tr>\n<tr style=\"height: 20px;\">\n<td style=\"height: 20px;\">Cart\u00e3o de Cr\u00e9dito \/ D\u00e9bito<\/td>\n<td style=\"height: 20px;\">Todos os principais cart\u00f5es<\/td>\n<td style=\"height: 20px;\" colspan=\"2\">Dependendo da marca do cart\u00e3o<\/td>\n<\/tr>\n<\/tbody>\n<\/table>\n<\/div>\n\n\n\n<h4 class=\"wp-block-heading only-en\">RECEBER PAGAMENTO<\/h4>\n\n\n\n<h4 class=\"wp-block-heading only-ja\">\u304a\u53d7\u53d6<\/h4>\n\n\n\n<div class=\"wp-block-group tblScrl has-global-padding is-layout-constrained wp-block-group-is-layout-constrained\">\n<table style=\"width: 100%; height: 222px;\">\n<tbody>\n<tr style=\"height: 62px;\">\n<th class=\"w30p\" style=\"height: 62px;\">M\u00e9todo<\/th>\n<th class=\"w20p\" style=\"height: 62px;\"><span class=\"only-en\">Moeda<\/span><span class=\"only-ja\">\u901a\u8ca8<\/span><\/th>\n<th class=\"w30p\" style=\"height: 62px;\">Taxa<\/th>\n<th class=\"w20p\" style=\"height: 62px;\"><span class=\"only-en\">M\u00ednimo<br>pagamento<br>quantia<\/span><span class=\"only-ja\">\u304a\u53d7\u53d6\u6700\u4f4e\u91d1\u984d<\/span><\/th>\n<\/tr>\n<tr style=\"height: 20px;\">\n<td style=\"height: 80px;\" rowspan=\"4\" class=\"translation-block\">Transfer\u00eancia Banc\u00e1ria para<br> indiv\u00edduos<br> <sub>\uff08\u203b1\uff09<\/sub><\/td>\n<td style=\"height: 20px;\">USD<\/td>\n<td style=\"height: 80px;\" rowspan=\"4\" class=\"translation-block\">USD 10 ou valor equivalente dependendo do pa\u00eds <sub>\uff08\u203b2\uff09<\/sub><\/td>\n<td style=\"height: 20px;\">USD 10<\/td>\n<\/tr>\n<tr style=\"height: 20px;\">\n<td class=\"notfC\" style=\"height: 20px;\">EUR<\/td>\n<td style=\"height: 20px;\">EUR 10<\/td>\n<\/tr>\n<tr style=\"height: 20px;\">\n<td class=\"notfC\" style=\"height: 20px;\">JPY<\/td>\n<td style=\"height: 20px;\">JPY 1.000<\/td>\n<\/tr>\n<tr style=\"height: 20px;\">\n<td class=\"notfC\" style=\"height: 20px;\">AUD<\/td>\n<td style=\"height: 20px;\">AUD 10<\/td>\n<\/tr>\n<tr style=\"height: 20px;\">\n<td class=\"lRfC translation-block\" style=\"height: 80px;\" rowspan=\"4\">Transfer\u00eancia banc\u00e1ria<br> para empresas <sub>\uff08\u203b1\uff09<\/sub><\/td>\n<td style=\"height: 20px;\">USD<\/td>\n<td style=\"height: 80px;\" rowspan=\"4\" class=\"translation-block\">0,8% em diante, depende do tipo de neg\u00f3cio <sub>\uff08\u203b2\uff09<\/sub> e <sub>\uff08\u203b3\uff09<\/sub><\/td>\n<td style=\"height: 20px;\">USD 10<\/td>\n<\/tr>\n<tr style=\"height: 20px;\">\n<td class=\"notfC\" style=\"height: 20px;\">EUR<\/td>\n<td style=\"height: 20px;\">EUR 10<\/td>\n<\/tr>\n<tr style=\"height: 20px;\">\n<td class=\"notfC\" style=\"height: 20px;\">JPY<\/td>\n<td style=\"height: 20px;\">JPY 1.000<\/td>\n<\/tr>\n<tr style=\"height: 20px;\">\n<td class=\"notfC\" style=\"height: 20px;\">AUD<\/td>\n<td style=\"height: 20px;\">AUD 10<\/td>\n<\/tr>\n<\/tbody>\n<\/table>\n<\/div>\n\n\n\n<ul class=\"wp-block-list note kome\">\n<li>Aplicam-se sobretaxas para transfer\u00eancia banc\u00e1ria ou taxa de transfer\u00eancia banc\u00e1ria intermedi\u00e1ria.<\/li>\n\n\n\n<li>Mais informa\u00e7\u00f5es podem ser encontradas ao fazer login em sua conta.<\/li>\n\n\n\n<li>Para taxas de contas comerciais e de comerciantes, envie-nos uma consulta ap\u00f3s fazer login em sua conta.<\/li>\n\n\n\n<li class=\"only-ja nothonyaku\" data-no-translation=\"\">\u53d7\u53d6\u9280\u884c\u307e\u305f\u306f\u4e2d\u7d99\u9280\u884c\u306b\u3088\u3063\u3066\u306f10\u65e5\u4ee5\u4e0a\u304b\u304b\u308b\u5834\u5408\u3082\u3054\u3056\u3044\u307e\u3059\u3002<\/li>\n\n\n\n<li class=\"nonum\">Para evitar fraudes como lavagem de dinheiro, uso indevido de cart\u00e3o de cr\u00e9dito e adiantamento de dinheiro, o pagamento e o dep\u00f3sito feitos com cart\u00e3o de cr\u00e9dito e cart\u00e3o pr\u00e9-pago dentro de um m\u00eas ser\u00e3o cuidadosamente revisados e transferidos para a conta banc\u00e1ria do destinat\u00e1rio, a crit\u00e9rio da bitwallet. Pode ser necess\u00e1rio tempo extra para processamento.<\/li>\n\n\n\n<li class=\"nonum translation-block\">N\u00e3o \u00e9 poss\u00edvel transferir dinheiro para um banco nos seguintes pa\u00edses onde as remessas s\u00e3o proibidas.<br> Alguns pa\u00edses que n\u00e3o constam desta lista ser\u00e3o analisados caso a caso.<br> Afeganist\u00e3o, Benin, Bonaire, Burundi, Rep\u00fablica Centro-Africana, Chade, Congo, Crimeia, Cuba, Djibuti, Guin\u00e9 Equatorial, Eritreia, Gab\u00e3o, G\u00e2mbia, Guin\u00e9, Guin\u00e9-Bissau, Guiana, Ir\u00e3o, Iraque, Cazaquist\u00e3o, Quirguizist\u00e3o, Rep\u00fablica Democr\u00e1tica Popular do Laos, Lib\u00e9ria, L\u00edbia Madag\u00e1scar, Malawi, Mali, Maurit\u00e2nia, Montserrat, Myanmar, Nauru, N\u00edger, Ilha Norfolk, Norte Coreia, Palau, Papua Nova Guin\u00e9, Ilha de S\u00e3o Bartolomeu, S\u00e3o Crist\u00f3v\u00e3o e Nevis, S\u00e3o Martinho, Ilha de Sint Maarten, Serra Leoa, Sud\u00e3o (Norte e Sul), Suriname, S\u00edria, Tajiquist\u00e3o, Timor Leste, Togo, Turcomenist\u00e3o, Uzbequist\u00e3o, Saara Ocidental, I\u00eamen, R\u00fassia, Peru, \u00c1frica do Sul, Bangladesh, Ge\u00f3rgia<\/li>\n<\/ul>\n\n\n\n<h4 class=\"wp-block-heading only-en\">INTERC\u00c2MBIO<\/h4>\n\n\n\n<h4 class=\"wp-block-heading only-ja\">\u4e21\u66ff<\/h4>\n\n\n\n<div class=\"wp-block-group tblScrl has-global-padding is-layout-constrained wp-block-group-is-layout-constrained\">\n<table style=\"width: 100%; height: 61px;\">\n<tbody>\n<tr style=\"height: 41px;\">\n<th class=\"w50p\" style=\"height: 41px;\">M\u00e9todo<\/th>\n<th class=\"w25p bl translation-block\" style=\"height: 41px;\">Pessoal\/Neg\u00f3cios<br> Conta<\/th>\n<th class=\"w25p bl translation-block\" style=\"height: 41px;\">Comerciante<br> Conta<\/th>\n<\/tr>\n<tr style=\"height: 20px;\">\n<td style=\"height: 20px;\">C\u00e2mbio monet\u00e1rio<\/td>\n<td style=\"height: 20px;\" colspan=\"2\">Consulte a taxa de c\u00e2mbio ap\u00f3s fazer login na conta<\/td>\n<\/tr>\n<\/tbody>\n<\/table>\n<\/div>\n<\/div>\n\n\n\n<div class=\"wp-block-cover alignwide is-light help\"><span aria-hidden=\"true\" class=\"wp-block-cover__background has-background-dim-0 has-background-dim\"><\/span><img loading=\"lazy\" decoding=\"async\" width=\"2048\" height=\"336\" class=\"wp-block-cover__image-background wp-image-289\" alt=\"\" src=\"https:\/\/bitwallet.com\/wp-content\/uploads\/2023\/06\/mv-support-jpg.webp\" style=\"object-position:50% 50%\" data-object-fit=\"cover\" data-object-position=\"50% 50%\"\/><div class=\"wp-block-cover__inner-container has-global-padding is-layout-constrained wp-block-cover-is-layout-constrained\">\n<p class=\"has-large-font-size translation-block\"><strong>Voc\u00ea precisa de ajuda?<\/strong><br> <strong>Estamos aqui para ajudar.<\/strong><\/p>\n\n\n\n<p class=\"translation-block\">Nossa equipe de suporte est\u00e1 dedicada a atender voc\u00ea.<br> Entre em contato conosco se tiver alguma d\u00favida sobre nossos servi\u00e7os.<\/p>\n\n\n\n<div class=\"wp-block-buttons is-layout-flex wp-block-buttons-is-layout-flex\">\n<div class=\"wp-block-button\"><a class=\"wp-block-button__link wp-element-button\" href=\"\/pt\/support\/contact\/\">Contate-nos<\/a><\/div>\n<\/div>\n<\/div><\/div>","protected":false},"excerpt":{"rendered":"<p>Taxas de manuseio transparentes e acess\u00edveis com bitwallet. Cadastre-se para uma conta gratuita hoje! Experimente um servi\u00e7o confi\u00e1vel com bitwallet.<\/p>","protected":false},"author":5,"featured_media":0,"parent":32,"menu_order":27,"comment_status":"closed","ping_status":"closed","template":"","meta":{"footnotes":""},"class_list":["post-80","page","type-page","status-publish","hentry"],"_links":{"self":[{"href":"https:\/\/bitwallet.com\/pt\/wp-json\/wp\/v2\/pages\/80","targetHints":{"allow":["GET"]}}],"collection":[{"href":"https:\/\/bitwallet.com\/pt\/wp-json\/wp\/v2\/pages"}],"about":[{"href":"https:\/\/bitwallet.com\/pt\/wp-json\/wp\/v2\/types\/page"}],"author":[{"embeddable":true,"href":"https:\/\/bitwallet.com\/pt\/wp-json\/wp\/v2\/users\/5"}],"replies":[{"embeddable":true,"href":"https:\/\/bitwallet.com\/pt\/wp-json\/wp\/v2\/comments?post=80"}],"version-history":[{"count":97,"href":"https:\/\/bitwallet.com\/pt\/wp-json\/wp\/v2\/pages\/80\/revisions"}],"predecessor-version":[{"id":5764,"href":"https:\/\/bitwallet.com\/pt\/wp-json\/wp\/v2\/pages\/80\/revisions\/5764"}],"up":[{"embeddable":true,"href":"https:\/\/bitwallet.com\/pt\/wp-json\/wp\/v2\/pages\/32"}],"wp:attachment":[{"href":"https:\/\/bitwallet.com\/pt\/wp-json\/wp\/v2\/media?parent=80"}],"curies":[{"name":"wp","href":"https:\/\/api.w.org\/{rel}","templated":true}]}}