{"id":78,"date":"2023-05-10T16:14:10","date_gmt":"2023-05-10T07:14:10","guid":{"rendered":"https:\/\/bitwallet.com\/?page_id=78"},"modified":"2025-09-17T16:28:16","modified_gmt":"2025-09-17T07:28:16","slug":"account-open","status":"publish","type":"page","link":"https:\/\/bitwallet.com\/pt\/service\/account-open\/","title":{"rendered":"Nova conta"},"content":{"rendered":"<div class=\"wp-block-cover alignwide is-light header\"><img loading=\"lazy\" decoding=\"async\" width=\"2000\" height=\"360\" class=\"wp-block-cover__image-background wp-image-1125\" alt=\"\" src=\"https:\/\/bitwallet.com\/wp-content\/uploads\/2023\/09\/mv-serivice_account-open-jpg.webp\" data-object-fit=\"cover\"\/><span aria-hidden=\"true\" class=\"wp-block-cover__background has-black-background-color has-background-dim-0 has-background-dim\"><\/span><div class=\"wp-block-cover__inner-container has-global-padding is-layout-constrained wp-block-cover-is-layout-constrained\">\n<h1 class=\"wp-block-heading has-text-align-left effect00\">Nova conta<\/h1>\n\n\n\n<p class=\"effect00 fadeTimeA\">Registro de conta bitwallet<\/p>\n<\/div><\/div>\n\n\n\n<h2 class=\"wp-block-heading effect00\">Abra uma conta com bitwallet: o requisito b\u00e1sico<\/h2>\n\n\n\n<p class=\"effect00 fadeTimeA\">Para solicitar uma conta bitwallet, voc\u00ea precisar\u00e1 seguir os requisitos abaixo.<\/p>\n\n\n\n<div class=\"wp-block-group effect00 fadeTimeB has-global-padding is-layout-constrained wp-block-group-is-layout-constrained\">\n<h4 class=\"wp-block-heading\">Aplicativo de conta pessoal<\/h4>\n\n\n\n<ul class=\"wp-block-list account-open\">\n<li>O requerente tem 20 anos ou mais.<\/li>\n\n\n\n<li>O candidato n\u00e3o \u00e9 uma pessoa sem capacidade (capaz de tomar as suas pr\u00f3prias decis\u00f5es).<\/li>\n\n\n\n<li>O solicitante n\u00e3o reside nos EUA ou em outros pa\u00edses onde o uso do nosso servi\u00e7o \u00e9 restrito.<\/li>\n\n\n\n<li>Voc\u00ea registrou informa\u00e7\u00f5es b\u00e1sicas que n\u00e3o correspondem \u00e0s de outros usu\u00e1rios<\/li>\n\n\n\n<li>O requerente n\u00e3o \u00e9 uma Pessoa Estrangeira Politicamente Exposta (PEPs Estrangeiros).<\/li>\n\n\n\n<li>O requerente n\u00e3o pertence nem est\u00e1 relacionado com as For\u00e7as Antissociais.<\/li>\n<\/ul>\n\n\n\n<h4 class=\"wp-block-heading\">Solicita\u00e7\u00e3o de conta comercial<\/h4>\n\n\n\n<ul class=\"wp-block-list account-open\">\n<li>A empresa est\u00e1 legalmente registada e pode apresentar o comprovativo (documento) para suporte.<\/li>\n\n\n\n<li>O respons\u00e1vel tem 20 anos ou mais no momento da inscri\u00e7\u00e3o.<\/li>\n\n\n\n<li>O respons\u00e1vel n\u00e3o \u00e9 uma pessoa sem capacidade (capaz de tomar as suas pr\u00f3prias decis\u00f5es).<\/li>\n\n\n\n<li>O respons\u00e1vel n\u00e3o reside nos EUA ou em outros pa\u00edses onde o uso do nosso servi\u00e7o \u00e9 restrito.<\/li>\n\n\n\n<li>O respons\u00e1vel n\u00e3o est\u00e1 fisicamente nos EUA ou em outros pa\u00edses onde o uso do nosso servi\u00e7o \u00e9 restrito.<\/li>\n\n\n\n<li>O respons\u00e1vel n\u00e3o utiliza informa\u00e7\u00f5es de contato id\u00eanticas (endere\u00e7o de e-mail, n\u00famero de telefone, etc.) de outros usu\u00e1rios bitwallet durante o registro.<\/li>\n\n\n\n<li>O respons\u00e1vel n\u00e3o \u00e9 uma Pessoa Estrangeira Politicamente Exposta (PEPs Estrangeiros)<\/li>\n\n\n\n<li>A empresa e o respons\u00e1vel n\u00e3o pertencem nem est\u00e3o relacionados com as For\u00e7as Anti-Sociais.<\/li>\n\n\n\n<li>A empresa n\u00e3o est\u00e1 em situa\u00e7\u00e3o de insolv\u00eancia ou insolvente.<\/li>\n<\/ul>\n<\/div>\n\n\n\n<h2 class=\"wp-block-heading effect01\" id=\"certificate\">Documentos necess\u00e1rios para uma conta Wallet<\/h2>\n\n\n\n<p class=\"effect01 fadeTimeA\">Para usar sua carteira, voc\u00ea precisar\u00e1 enviar os documentos exigidos abaixo.<\/p>\n\n\n\n<div class=\"wp-block-group box effect01 fadeTimeB has-global-padding is-layout-constrained wp-block-group-is-layout-constrained\">\n<h3 class=\"wp-block-heading\">Verifique sua identidade em bitwallet: o requisito do documento<\/h3>\n\n\n\n<p>De acordo com a \u201cLei de Preven\u00e7\u00e3o da Transfer\u00eancia de Produtos Criminais\u201d, a bitwallet exige uma verifica\u00e7\u00e3o completa da identidade para proteger os seus bens valiosos. Portanto, solicitamos que voc\u00ea envie seu \u201cDocumento de Verifica\u00e7\u00e3o de Identidade\u201d e \u201cDocumento de Verifica\u00e7\u00e3o de Endere\u00e7o Atual\u201d.<\/p>\n\n\n\n<hr class=\"wp-block-separator has-alpha-channel-opacity\"\/>\n\n\n\n<p>Consulte a lista abaixo para obter uma vis\u00e3o geral da lista de certificados que voc\u00ea precisar\u00e1 enviar.<br>Voc\u00ea pode verificar os detalhes dos materiais enviados em sua conta ap\u00f3s abrir uma nova carteira.<\/p>\n\n\n\n<hr class=\"wp-block-separator has-alpha-channel-opacity\"\/>\n\n\n\n<h4 class=\"wp-block-heading\">1\uff0e Documentos de verifica\u00e7\u00e3o de identidade<\/h4>\n\n\n\n<p>Solicitaremos que voc\u00ea apresente um documento de identifica\u00e7\u00e3o com foto da pessoa que cadastra a carteira (individual) e uma selfie (reconhecimento facial).<\/p>\n\n\n\n<p>Introduzimos selfies (reconhecimento facial) para confirmar seu envio. Isso permite que voc\u00ea se identifique mais de perto do que pessoalmente, mesmo online.<\/p>\n\n\n\n<hr class=\"wp-block-separator has-alpha-channel-opacity\"\/>\n\n\n\n<h4 class=\"wp-block-heading\">2\uff0e Comprovante de endere\u00e7o atual<\/h4>\n\n\n\n<p>Por favor, envie um documento com o endere\u00e7o atual do fundador da carteira (pessoa f\u00edsica).<br>Deve estar dentro de 3 meses de contas de servi\u00e7os p\u00fablicos, recibos, materiais emitidos por reparti\u00e7\u00f5es governamentais, etc.<\/p>\n\n\n\n<hr class=\"wp-block-separator has-alpha-channel-opacity\"\/>\n\n\n\n<h4 class=\"wp-block-heading anchor\" id=\"company01\">3. Documentos necess\u00e1rios para usu\u00e1rio empresarial (somente conta empresarial)<\/h4>\n\n\n\n<p>Solicitamos que voc\u00ea apresente documentos referentes ao registro societ\u00e1rio do fundador da carteira (sociedade).<\/p>\n\n\n\n<hr class=\"wp-block-separator has-alpha-channel-opacity\"\/>\n\n\n\n<h4 class=\"wp-block-heading\">4. Certificados com selo oficial (somente conta empresarial)<\/h4>\n\n\n\n<p>Envie os materiais de confirma\u00e7\u00e3o do selo corporativo do fundador da carteira (corporativo).<\/p>\n\n\n\n<hr class=\"wp-block-separator has-alpha-channel-opacity\"\/>\n\n\n\n<h4 class=\"wp-block-heading\">5\uff0e Comprovante de endere\u00e7o atual da empresa (conta comercial)<\/h4>\n\n\n\n<p>Envie um documento com o nome do fundador da carteira (corporativo) e seu endere\u00e7o atual.<\/p>\n\n\n\n<hr class=\"wp-block-separator has-alpha-channel-opacity\"\/>\n\n\n\n<h4 class=\"wp-block-heading\">6\uff0e Declara\u00e7\u00e3o de propriedade benefici\u00e1ria (apenas para conta empresarial)<\/h4>\n\n\n\n<p>Solicitamos que apresente v\u00e1rios documentos sobre a r\u00e9gua substantiva.<\/p>\n<\/div>\n\n\n\n<h2 class=\"wp-block-heading effect01\">Registro de conta<\/h2>\n\n\n\n<p class=\"effect01 fadeTimeA\">O processo de registro da conta bitwallet \u00e9 o seguinte:<\/p>\n\n\n\n<div class=\"wp-block-group box account-open effect01 fadeTimeB has-global-padding is-layout-constrained wp-block-group-is-layout-constrained\">\n<h3 class=\"wp-block-heading\">Processo de registro de conta<\/h3>\n\n\n\n<div class=\"wp-block-group has-global-padding is-layout-constrained wp-block-group-is-layout-constrained\">\n<h4 class=\"wp-block-heading\"><strong>PASSO 1<\/strong><\/h4>\n\n\n\n<figure class=\"wp-block-image size-full\"><img loading=\"lazy\" decoding=\"async\" width=\"321\" height=\"321\" src=\"https:\/\/bitwallet.com\/wp-content\/uploads\/2023\/06\/icon_step1.png\" alt=\"\" class=\"wp-image-190\"\/><\/figure>\n\n\n\n<p>Registre-se em qualquer dispositivo. Insira suas informa\u00e7\u00f5es b\u00e1sicas na p\u00e1gina de registro para come\u00e7ar.<\/p>\n\n\n\n<figure class=\"wp-block-image size-full is-resized\"><img loading=\"lazy\" decoding=\"async\" width=\"1440\" height=\"886\" src=\"https:\/\/bitwallet.com\/wp-content\/uploads\/2024\/01\/STEP1en.webp\" alt=\"\" class=\"wp-image-3134\" style=\"width:1000px;height:undefinedpx\"\/><\/figure>\n<\/div>\n\n\n\n<div class=\"wp-block-group has-global-padding is-layout-constrained wp-block-group-is-layout-constrained\">\n<h4 class=\"wp-block-heading\"><strong>PASSO 2<\/strong><\/h4>\n\n\n\n<figure class=\"wp-block-image size-full\"><img loading=\"lazy\" decoding=\"async\" width=\"321\" height=\"321\" src=\"https:\/\/bitwallet.com\/wp-content\/uploads\/2023\/06\/icon_step2.png\" alt=\"\" class=\"wp-image-191\"\/><\/figure>\n\n\n\n<p>Insira outras informa\u00e7\u00f5es necess\u00e1rias para prosseguir.<\/p>\n\n\n\n<figure class=\"wp-block-image size-full is-resized\"><img loading=\"lazy\" decoding=\"async\" width=\"1440\" height=\"1308\" src=\"https:\/\/bitwallet.com\/wp-content\/uploads\/2024\/01\/STEP2en.webp\" alt=\"\" class=\"wp-image-3135\" style=\"width:1000px;height:undefinedpx\"\/><\/figure>\n<\/div>\n\n\n\n<div class=\"wp-block-group has-global-padding is-layout-constrained wp-block-group-is-layout-constrained\">\n<h4 class=\"wp-block-heading\"><strong>ETAPA 3<\/strong><\/h4>\n\n\n\n<figure class=\"wp-block-image size-full\"><img loading=\"lazy\" decoding=\"async\" width=\"321\" height=\"321\" src=\"https:\/\/bitwallet.com\/wp-content\/uploads\/2023\/06\/icon_step3.png\" alt=\"\" class=\"wp-image-192\"\/><\/figure>\n\n\n\n<p>Fa\u00e7a login e carregue seus documentos de verifica\u00e7\u00e3o de identidade, comprovante de endere\u00e7o residencial e ID Selfie na p\u00e1gina de envio de documentos de verifica\u00e7\u00e3o.<\/p>\n\n\n\n<figure class=\"wp-block-image size-full is-resized\"><img loading=\"lazy\" decoding=\"async\" width=\"1074\" height=\"245\" src=\"https:\/\/bitwallet.com\/wp-content\/uploads\/2024\/01\/STEP3en.webp\" alt=\"\" class=\"wp-image-3136\" style=\"width:1000px;height:undefinedpx\"\/><\/figure>\n<\/div>\n\n\n\n<div class=\"wp-block-group has-global-padding is-layout-constrained wp-block-group-is-layout-constrained\">\n<h4 class=\"wp-block-heading\"><strong>PASSO 4<\/strong><\/h4>\n\n\n\n<figure class=\"wp-block-image size-full\"><img loading=\"lazy\" decoding=\"async\" width=\"321\" height=\"321\" src=\"https:\/\/bitwallet.com\/wp-content\/uploads\/2023\/06\/icon_step4.png\" alt=\"\" class=\"wp-image-193\"\/><\/figure>\n\n\n\n<p>A inscri\u00e7\u00e3o \u00e9 processada em aproximadamente 24 horas em dias \u00fateis. Depois de verificado e aprovado, as informa\u00e7\u00f5es da sua conta ser\u00e3o enviadas a voc\u00ea por e-mail.<br>\u203bPode levar algum tempo dependendo do status da inscri\u00e7\u00e3o.<\/p>\n\n\n\n<p>e pronto! R\u00e1pido e f\u00e1cil.<\/p>\n\n\n\n<p class=\"logo-bw step-goal\"><strong><em>bitwallet<\/em> Comece a usar agora!<\/strong><\/p>\n<\/div>\n<\/div>\n\n\n\n<div class=\"wp-block-cover alignwide is-light help\"><img loading=\"lazy\" decoding=\"async\" width=\"2048\" height=\"336\" class=\"wp-block-cover__image-background wp-image-289\" alt=\"\" src=\"https:\/\/bitwallet.com\/wp-content\/uploads\/2023\/06\/mv-support-jpg.webp\" style=\"object-position:50% 50%\" data-object-fit=\"cover\" data-object-position=\"50% 50%\"\/><span aria-hidden=\"true\" class=\"wp-block-cover__background has-background-dim-0 has-background-dim\"><\/span><div class=\"wp-block-cover__inner-container has-global-padding is-layout-constrained wp-block-cover-is-layout-constrained\">\n<p class=\"has-large-font-size translation-block\"><strong>Voc\u00ea precisa de ajuda?<\/strong><br> <strong>Estamos aqui para ajudar.<\/strong><\/p>\n\n\n\n<p class=\"translation-block\">Nossa equipe de suporte est\u00e1 dedicada a atender voc\u00ea.<br> Entre em contato conosco se tiver alguma d\u00favida sobre nossos servi\u00e7os.<\/p>\n\n\n\n<div class=\"wp-block-buttons is-layout-flex wp-block-buttons-is-layout-flex\">\n<div class=\"wp-block-button\"><a class=\"wp-block-button__link wp-element-button\" href=\"\/pt\/support\/contact\/\">Contate-nos<\/a><\/div>\n<\/div>\n<\/div><\/div>","protected":false},"excerpt":{"rendered":"<p>Abra uma conta Bitwallet hoje e desfrute de transa\u00e7\u00f5es r\u00e1pidas, seguras e convenientes. Oferecemos suporte \u00e0s moedas USD, JPY, EUR e AUD. Inscreva-se agora!<\/p>","protected":false},"author":5,"featured_media":0,"parent":32,"menu_order":28,"comment_status":"closed","ping_status":"closed","template":"","meta":{"footnotes":""},"class_list":["post-78","page","type-page","status-publish","hentry"],"_links":{"self":[{"href":"https:\/\/bitwallet.com\/pt\/wp-json\/wp\/v2\/pages\/78","targetHints":{"allow":["GET"]}}],"collection":[{"href":"https:\/\/bitwallet.com\/pt\/wp-json\/wp\/v2\/pages"}],"about":[{"href":"https:\/\/bitwallet.com\/pt\/wp-json\/wp\/v2\/types\/page"}],"author":[{"embeddable":true,"href":"https:\/\/bitwallet.com\/pt\/wp-json\/wp\/v2\/users\/5"}],"replies":[{"embeddable":true,"href":"https:\/\/bitwallet.com\/pt\/wp-json\/wp\/v2\/comments?post=78"}],"version-history":[{"count":56,"href":"https:\/\/bitwallet.com\/pt\/wp-json\/wp\/v2\/pages\/78\/revisions"}],"predecessor-version":[{"id":5205,"href":"https:\/\/bitwallet.com\/pt\/wp-json\/wp\/v2\/pages\/78\/revisions\/5205"}],"up":[{"embeddable":true,"href":"https:\/\/bitwallet.com\/pt\/wp-json\/wp\/v2\/pages\/32"}],"wp:attachment":[{"href":"https:\/\/bitwallet.com\/pt\/wp-json\/wp\/v2\/media?parent=78"}],"curies":[{"name":"wp","href":"https:\/\/api.w.org\/{rel}","templated":true}]}}