{"id":76,"date":"2023-05-10T16:11:50","date_gmt":"2023-05-10T07:11:50","guid":{"rendered":"https:\/\/bitwallet.com\/?page_id=76"},"modified":"2024-12-02T08:52:20","modified_gmt":"2024-12-01T23:52:20","slug":"exchange","status":"publish","type":"page","link":"https:\/\/bitwallet.com\/pt\/service\/exchange\/","title":{"rendered":"PAGUE EM MOEDA DIFERENTE"},"content":{"rendered":"<div class=\"wp-block-cover alignwide is-light header\"><span aria-hidden=\"true\" class=\"wp-block-cover__background has-background-dim-0 has-background-dim\"><\/span><img loading=\"lazy\" decoding=\"async\" width=\"2000\" height=\"360\" class=\"wp-block-cover__image-background wp-image-874\" alt=\"\" src=\"https:\/\/bitwallet.com\/wp-content\/uploads\/2023\/09\/mv-service_exchange-jpg.webp\" data-object-fit=\"cover\"\/><div class=\"wp-block-cover__inner-container has-global-padding is-layout-constrained wp-block-cover-is-layout-constrained\">\n<h1 class=\"wp-block-heading\">PAGUE EM MOEDA DIFERENTE<\/h1>\n\n\n\n<p>C\u00e2mbio de moeda para pagar com facilidade<\/p>\n<\/div><\/div>\n\n\n\n<h2 class=\"wp-block-heading cur effect00\">Troque pela melhor taxa <sup><span class=\"only-en\">INTERC\u00c2MBIO<\/span><span class=\"only-ja\">\u4e21\u66ff<\/span><\/sup><\/h2>\n\n\n\n<div class=\"wp-block-columns fdCRsp effect00 fadeTimeA is-layout-flex wp-container-core-columns-is-layout-9d6595d7 wp-block-columns-is-layout-flex\">\n<div class=\"wp-block-column is-layout-flow wp-block-column-is-layout-flow\">\n<p>Com bitwallet, agora voc\u00ea pode trocar moedas em USD, JPY, EUR, AUD para outras com a taxa mais satisfat\u00f3ria.<\/p>\n\n\n\n<p>Supostamente voc\u00ea est\u00e1 sacando para um banco do Jap\u00e3o, mas a \u00fanica moeda que voc\u00ea possui \u00e9 USD. Simplesmente troque em bitwallet para evitar incorrer em altas taxas de c\u00e2mbio do banco. Dispon\u00edvel em todas as 4 moedas, 24 horas por dia, 7 dias por semana, processamento em tempo real.<\/p>\n<\/div>\n\n\n\n<div class=\"wp-block-column fb180pxtb is-layout-flow wp-block-column-is-layout-flow\">\n<figure class=\"wp-block-image aligncenter size-large w180pxtb\"><img loading=\"lazy\" decoding=\"async\" width=\"1024\" height=\"458\" src=\"https:\/\/bitwallet.com\/wp-content\/uploads\/2023\/07\/img_exchange-1024x458.png\" alt=\"\" class=\"wp-image-430\"\/><\/figure>\n<\/div>\n<\/div>\n\n\n\n<h4 class=\"wp-block-heading circle\">Taxa de privil\u00e9gio para moeda<\/h4>\n\n\n\r\n<link rel=\"stylesheet\" type=\"text\/css\" href=\"\/common\/select\/nice-select.css\">\r\n<link rel=\"stylesheet\" type=\"text\/css\" href=\"https:\/\/bitwallet.com\/wp-content\/themes\/bw2024\/assets\/css\/filter_structure.css\">\r\n<link rel=\"stylesheet\" type=\"text\/css\" href=\"https:\/\/bitwallet.com\/wp-content\/themes\/bw2024\/assets\/css\/filter_basis_select_parts.css\">\r\n\r\n    <div class=\"exchangeBox02 effect01 fadeTimeA\" data-no-translation=\"\">\r\n<div class=\"clearfix spaceCommon02\">\r\n<div class=\"dispTable fr\">\r\n<p><img decoding=\"async\" src=\"\/common\/images\/common\/icon_time01.png\" alt=\"Time\" class=\"vm\"><\/p>\r\n<p class=\"pl10 pt02 fs09p\"><span class=\"timeUpdate\"><\/span> Now<\/p>\r\n<\/div>\r\n<\/div>\r\n<div>\r\n<table class=\"tableCommon01 styleA tableExchange02 tableExchange02Layout01 tableExchangeCurrency02USDJPY\">\r\n<thead>\r\n<tr>\r\n<td class=\"tc\">\r\n<div class=\"dispTablePU mlaPU mraPU\">\r\n<p>\r\nCurrency Pair\r\n<span class=\"dispNonePO\">:<\/span><\/p>\r\n<div class=\"dispNonePO w180px pl10pu\">\r\n<select class=\"selectNice01 selectStyle01 w100 fs11s tableExchange02Select01\">\r\n<option value=\"tableExchangeCurrency02USDJPY\" selected>USD \/ JPY<\/option>\r\n<option value=\"tableExchangeCurrency02AUDJPY\">AUD \/ JPY<\/option>\r\n<option value=\"tableExchangeCurrency02EURJPY\">EUR \/ JPY<\/option>\r\n<option value=\"tableExchangeCurrency02EURUSD\">EUR \/ USD<\/option>\r\n<option value=\"tableExchangeCurrency02AUDUSD\">AUD \/ USD<\/option>\r\n<option value=\"tableExchangeCurrency02AUDEUR\">AUD \/ EUR<\/option>\r\n<\/select>\r\n<\/div>\r\n<\/div>\r\n<\/td>\r\n<td class=\"cellExchange02bPO tc\">Sell<\/td>\r\n<td class=\"tc\">Buy<\/td>\r\n<td class=\"tc\">Spread<\/td>\r\n<\/tr>\r\n<\/thead>\r\n<tbody>\r\n<tr class=\"exchangePair01 exchangeUSDJPY\">\r\n<td class=\"tc\"><div class=\"dispTablePO\"><div class=\"pr10po mb05pu\"><div class=\"iconCommon06\"><img decoding=\"async\" src=\"\/common\/images\/common\/icon_currency_usd02.png\" alt=\"USD\" class=\"flag01\"><img decoding=\"async\" src=\"\/common\/images\/common\/icon_currency_jpy02.png\" alt=\"JPY\" class=\"flag02\"><\/div><\/div><p>USD \/ JPY<\/p><\/div><\/td>\r\n<td class=\"cellExchange02bPO cellExchange03\" id=\"EXCHANGE_BID_USDJPY\"><p class=\"cellExchange03Arrow01\" id=\"ICON_EXCHANGE_BID_USDJPY\"><\/p><p id=\"PRICE_BID_USDJPY\">0<\/p><\/td>\r\n<td class=\"cellExchange03\" id=\"EXCHANGE_ASK_USDJPY\"><p class=\"cellExchange03Arrow01\" id=\"ICON_EXCHANGE_ASK_USDJPY\"><\/p><p id=\"PRICE_ASK_USDJPY\">0<\/p><\/td>\r\n<td class=\"cellExchange03\"><p id=\"SPREAD_USDJPY\">0<\/p><\/td>\r\n<\/tr>\r\n<tr class=\"exchangePair01 exchangeEURJPY\">\r\n<td class=\"tc\"><div class=\"dispTablePO\"><div class=\"pr10po mb05pu\"><div class=\"iconCommon06\"><img decoding=\"async\" src=\"\/common\/images\/common\/icon_currency_eur02.png\" alt=\"EUR\" class=\"flag01\"><img decoding=\"async\" src=\"\/common\/images\/common\/icon_currency_jpy02.png\" alt=\"JPY\" class=\"flag02\"><\/div><\/div><p>EUR \/ JPY<\/p><\/div><\/td>\r\n<td class=\"cellExchange02bPO cellExchange03\" id=\"EXCHANGE_BID_EURJPY\"><p class=\"cellExchange03Arrow01\" id=\"ICON_EXCHANGE_BID_EURJPY\"><\/p><p id=\"PRICE_BID_EURJPY\">0<\/p><\/td>\r\n<td class=\"cellExchange03\" id=\"EXCHANGE_ASK_EURJPY\"><p class=\"cellExchange03Arrow01\" id=\"ICON_EXCHANGE_ASK_EURJPY\"><\/p><p id=\"PRICE_ASK_EURJPY\">0<\/p><\/td>\r\n<td class=\"cellExchange03\"><p id=\"SPREAD_EURJPY\">0<\/p><\/td>\r\n<\/tr>\r\n<tr class=\"exchangePair01 exchangeAUDJPY\">\r\n<td class=\"tc\"><div class=\"dispTablePO\"><div class=\"pr10po mb05pu\"><div class=\"iconCommon06\"><img decoding=\"async\" src=\"\/common\/images\/common\/icon_currency_aud02.png\" alt=\"AUD\" class=\"flag01\"><img decoding=\"async\" src=\"\/common\/images\/common\/icon_currency_jpy02.png\" alt=\"JPY\" class=\"flag02\"><\/div><\/div><p>AUD \/ JPY<\/p><\/div><\/td>\r\n<td class=\"cellExchange02bPO cellExchange03\" id=\"EXCHANGE_BID_AUDJPY\"><p class=\"cellExchange03Arrow01\" id=\"ICON_EXCHANGE_BID_AUDJPY\"><\/p><p id=\"PRICE_BID_AUDJPY\">0<\/p><\/td>\r\n<td class=\"cellExchange03\" id=\"EXCHANGE_ASK_AUDJPY\"><p class=\"cellExchange03Arrow01\" id=\"ICON_EXCHANGE_ASK_AUDJPY\"><\/p><p id=\"PRICE_ASK_AUDJPY\">0<\/p><\/td>\r\n<td class=\"cellExchange03\"><p id=\"SPREAD_AUDJPY\">0<\/p><\/td>\r\n<\/tr>\r\n\r\n<tr class=\"exchangePair01 exchangeEURUSD\">\r\n<td class=\"tc\"><div class=\"dispTablePO\"><div class=\"pr10po mb05pu\"><div class=\"iconCommon06\"><img decoding=\"async\" src=\"\/common\/images\/common\/icon_currency_eur02.png\" alt=\"EUR\" class=\"flag01\"><img decoding=\"async\" src=\"\/common\/images\/common\/icon_currency_usd02.png\" alt=\"USD\" class=\"flag02\"><\/div><\/div><p>EUR \/ USD<\/p><\/div><\/td>\r\n<td class=\"cellExchange02bPO cellExchange03\" id=\"EXCHANGE_BID_EURUSD\"><p class=\"cellExchange03Arrow01\" id=\"ICON_EXCHANGE_BID_EURUSD\"><\/p><p id=\"PRICE_BID_EURUSD\">0<\/p><\/td>\r\n<td class=\"cellExchange03\" id=\"EXCHANGE_ASK_EURUSD\"><p class=\"cellExchange03Arrow01\" id=\"ICON_EXCHANGE_ASK_EURUSD\"><\/p><p id=\"PRICE_ASK_EURUSD\">0<\/p><\/td>\r\n<td class=\"cellExchange03\"><p id=\"SPREAD_EURUSD\">0<\/p><\/td>\r\n<\/tr>\r\n<tr class=\"exchangePair01 exchangeAUDUSD\">\r\n<td class=\"tc\"><div class=\"dispTablePO\"><div class=\"pr10po mb05pu\"><div class=\"iconCommon06\"><img decoding=\"async\" src=\"\/common\/images\/common\/icon_currency_aud02.png\" alt=\"AUD\" class=\"flag01\"><img decoding=\"async\" src=\"\/common\/images\/common\/icon_currency_usd02.png\" alt=\"USD\" class=\"flag02\"><\/div><\/div><p>AUD \/ USD<\/p><\/div><\/td>\r\n<td class=\"cellExchange02bPO cellExchange03\" id=\"EXCHANGE_BID_AUDUSD\"><p class=\"cellExchange03Arrow01\" id=\"ICON_EXCHANGE_BID_AUDUSD\"><\/p><p id=\"PRICE_BID_AUDUSD\">0<\/p><\/td>\r\n<td class=\"cellExchange03\" id=\"EXCHANGE_ASK_AUDUSD\"><p class=\"cellExchange03Arrow01\" id=\"ICON_EXCHANGE_ASK_AUDUSD\"><\/p><p id=\"PRICE_ASK_AUDUSD\">0<\/p><\/td>\r\n<td class=\"cellExchange03\"><p id=\"SPREAD_AUDUSD\">0<\/p><\/td>\r\n<\/tr>\r\n\r\n<tr class=\"exchangePair01 exchangeAUDEUR\">\r\n<td class=\"tc\"><div class=\"dispTablePO\"><div class=\"pr10po mb05pu\"><div class=\"iconCommon06\"><img decoding=\"async\" src=\"\/common\/images\/common\/icon_currency_aud02.png\" alt=\"AUD\" class=\"flag01\"><img decoding=\"async\" src=\"\/common\/images\/common\/icon_currency_eur02.png\" alt=\"EUR\" class=\"flag02\"><\/div><\/div><p>AUD \/ EUR<\/p><\/div><\/td>\r\n<td class=\"cellExchange02bPO cellExchange03\" id=\"EXCHANGE_BID_AUDEUR\"><p class=\"cellExchange03Arrow01\" id=\"ICON_EXCHANGE_BID_AUDEUR\"><\/p><p id=\"PRICE_BID_AUDEUR\">0<\/p><\/td>\r\n<td class=\"cellExchange03\" id=\"EXCHANGE_ASK_AUDEUR\"><p class=\"cellExchange03Arrow01\" id=\"ICON_EXCHANGE_ASK_AUDEUR\"><\/p><p id=\"PRICE_ASK_AUDEUR\">0<\/p><\/td>\r\n<td class=\"cellExchange03\"><p id=\"SPREAD_AUDEUR\">0<\/p><\/td>\r\n<\/tr>\r\n\r\n<\/tbody>\r\n<\/table>\r\n<\/div>\r\n<\/div>\r\n\r\n\r\n\r\n<script src=\"https:\/\/bitwallet.com\/wp-content\/themes\/bw2024\/assets\/js\/calc.js\"><\/script>\r\n<script src=\"\/common\/select\/jquery.nice-select.js\"><\/script>\r\n<script src=\"https:\/\/cdnjs.cloudflare.com\/ajax\/libs\/socket.io\/1.7.2\/socket.io.js\"><\/script>\r\n<script src=\"https:\/\/code.jquery.com\/ui\/1.12.1\/jquery-ui.js\"><\/script>\r\n<script src=\"\/common\/js\/pi\/live.js?v20200722001\"><\/script>\r\n\n\n\n\n<div class=\"wp-block-cover alignwide is-light service\" style=\"min-height:255px;aspect-ratio:unset;\"><span aria-hidden=\"true\" class=\"wp-block-cover__background has-background-dim-0 has-background-dim\"><\/span><img loading=\"lazy\" decoding=\"async\" width=\"2000\" height=\"390\" class=\"wp-block-cover__image-background wp-image-873\" alt=\"\" src=\"https:\/\/bitwallet.com\/wp-content\/uploads\/2023\/09\/mv-service_exchange2-jpg.webp\" data-object-fit=\"cover\"\/><div class=\"wp-block-cover__inner-container has-global-padding is-layout-constrained wp-block-cover-is-layout-constrained\">\n<h2 class=\"wp-block-heading\" id=\"effect01\">Transa\u00e7\u00e3o al\u00e9m das expectativas<\/h2>\n\n\n\n<p>bitwallet, uma carteira digital como nunca antes. Repleto de recursos de c\u00e2mbio e muito mais.<\/p>\n<\/div><\/div>\n\n\n\n<div class=\"wp-block-cover alignwide is-light help\"><span aria-hidden=\"true\" class=\"wp-block-cover__background has-background-dim-0 has-background-dim\"><\/span><img loading=\"lazy\" decoding=\"async\" width=\"2048\" height=\"336\" class=\"wp-block-cover__image-background wp-image-289\" alt=\"\" src=\"https:\/\/bitwallet.com\/wp-content\/uploads\/2023\/06\/mv-support-jpg.webp\" style=\"object-position:50% 50%\" data-object-fit=\"cover\" data-object-position=\"50% 50%\"\/><div class=\"wp-block-cover__inner-container has-global-padding is-layout-constrained wp-block-cover-is-layout-constrained\">\n<p class=\"has-large-font-size translation-block\"><strong>Voc\u00ea precisa de ajuda?<\/strong><br> <strong>Estamos aqui para ajudar.<\/strong><\/p>\n\n\n\n<p class=\"translation-block\">Nossa equipe de suporte est\u00e1 dedicada a atender voc\u00ea.<br> Entre em contato conosco se tiver alguma d\u00favida sobre nossos servi\u00e7os.<\/p>\n\n\n\n<div class=\"wp-block-buttons is-layout-flex wp-block-buttons-is-layout-flex\">\n<div class=\"wp-block-button\"><a class=\"wp-block-button__link wp-element-button\" href=\"\/pt\/support\/contact\/\">Contate-nos<\/a><\/div>\n<\/div>\n<\/div><\/div>","protected":false},"excerpt":{"rendered":"<p>Trocar na melhor taxa EXCHANGE\u4e21\u66ff Com bitwallet, agora voc\u00ea pode trocar moeda em USD, JPY, EUR, AUD para outros na taxa mais satisfat\u00f3ria. Suponha que voc\u00ea esteja sacando para um banco japon\u00eas, mas a \u00fanica moeda que voc\u00ea tem \u00e9 em USD. Simplesmente troque em bitwallet para evitar incorrer em altas taxas de c\u00e2mbio do banco. Dispon\u00edvel em todas as 4 moedas, 24\/7, processamento em tempo real. Taxa de privil\u00e9gio para moeda<\/p>","protected":false},"author":5,"featured_media":0,"parent":32,"menu_order":24,"comment_status":"closed","ping_status":"closed","template":"","meta":{"footnotes":""},"class_list":["post-76","page","type-page","status-publish","hentry"],"_links":{"self":[{"href":"https:\/\/bitwallet.com\/pt\/wp-json\/wp\/v2\/pages\/76","targetHints":{"allow":["GET"]}}],"collection":[{"href":"https:\/\/bitwallet.com\/pt\/wp-json\/wp\/v2\/pages"}],"about":[{"href":"https:\/\/bitwallet.com\/pt\/wp-json\/wp\/v2\/types\/page"}],"author":[{"embeddable":true,"href":"https:\/\/bitwallet.com\/pt\/wp-json\/wp\/v2\/users\/5"}],"replies":[{"embeddable":true,"href":"https:\/\/bitwallet.com\/pt\/wp-json\/wp\/v2\/comments?post=76"}],"version-history":[{"count":40,"href":"https:\/\/bitwallet.com\/pt\/wp-json\/wp\/v2\/pages\/76\/revisions"}],"predecessor-version":[{"id":4956,"href":"https:\/\/bitwallet.com\/pt\/wp-json\/wp\/v2\/pages\/76\/revisions\/4956"}],"up":[{"embeddable":true,"href":"https:\/\/bitwallet.com\/pt\/wp-json\/wp\/v2\/pages\/32"}],"wp:attachment":[{"href":"https:\/\/bitwallet.com\/pt\/wp-json\/wp\/v2\/media?parent=76"}],"curies":[{"name":"wp","href":"https:\/\/api.w.org\/{rel}","templated":true}]}}