{"id":72,"date":"2023-05-10T16:08:34","date_gmt":"2023-05-10T07:08:34","guid":{"rendered":"https:\/\/bitwallet.com\/?page_id=72"},"modified":"2026-01-08T10:42:10","modified_gmt":"2026-01-08T01:42:10","slug":"receive","status":"publish","type":"page","link":"https:\/\/bitwallet.com\/pt\/service\/receive\/","title":{"rendered":"RECEBER PAGAMENTO"},"content":{"rendered":"<div class=\"wp-block-cover alignwide is-light header\"><img loading=\"lazy\" decoding=\"async\" width=\"2000\" height=\"360\" class=\"wp-block-cover__image-background wp-image-934\" alt=\"\" src=\"https:\/\/bitwallet.com\/wp-content\/uploads\/2023\/09\/mv-service_payout-jpg.webp\" data-object-fit=\"cover\"\/><span aria-hidden=\"true\" class=\"wp-block-cover__background has-background-dim-0 has-background-dim\"><\/span><div class=\"wp-block-cover__inner-container has-global-padding is-layout-constrained wp-block-cover-is-layout-constrained\">\n<h1 class=\"wp-block-heading effect00\">RECEBER PAGAMENTO<\/h1>\n\n\n\n<p class=\"effect00 fadeTimeA\">Recebendo pagamento por n\u00f3s<\/p>\n<\/div><\/div>\n\n\n\n<h2 class=\"wp-block-heading cur effect00\">Receba pagamentos em sua institui\u00e7\u00e3o financeira em todo o mundo<sup><span class=\"only-en\">RECEBER<\/span><span class=\"only-ja\">\u304a\u53d7\u53d6<\/span><\/sup><\/h2>\n\n\n\n<div class=\"wp-block-columns fdCRsp effect00 fadeTimeA is-layout-flex wp-container-core-columns-is-layout-9d6595d7 wp-block-columns-is-layout-flex\">\n<div class=\"wp-block-column is-layout-flow wp-block-column-is-layout-flow\">\n<p>Com o bitwallet, processaremos prontamente sua solicita\u00e7\u00e3o de saque em d\u00f3lares americanos, ienes japoneses, euros europeus e d\u00f3lares australianos.<\/p>\n\n\n\n<p>Para garantir que os usu\u00e1rios possam receber pagamentos instantaneamente, estamos conectados aos principais bancos do mundo, permitindo o processamento r\u00e1pido das transa\u00e7\u00f5es.<\/p>\n\n\n\n<div class=\"wp-block-columns is-not-stacked-on-mobile cssctrl gap20 mt2em is-layout-flex wp-container-core-columns-is-layout-9d6595d7 wp-block-columns-is-layout-flex\">\n<div class=\"wp-block-column flexShrink0 is-layout-flow wp-block-column-is-layout-flow\" style=\"flex-basis:148px\">\n<figure class=\"wp-block-image size-full is-resized w100\"><img loading=\"lazy\" decoding=\"async\" width=\"148\" height=\"75\" src=\"https:\/\/bitwallet.com\/wp-content\/uploads\/2023\/07\/logo_aml01.png\" alt=\"\" class=\"wp-image-469\" style=\"width:148px;height:undefinedpx\"\/><\/figure>\n<\/div>\n\n\n\n<div class=\"wp-block-column is-layout-flow wp-block-column-is-layout-flow\">\n<ul class=\"wp-block-list note kome\">\n<li>Nossa empresa trabalha estritamente para prevenir a lavagem de dinheiro. Como tal, os utilizadores t\u00eam primeiro de verificar a sua identidade com documentos de identifica\u00e7\u00e3o e comprovativo de morada durante a recolha do Know-Your-Client (KYC). Os usu\u00e1rios tamb\u00e9m podem ter que enviar uma c\u00f3pia das informa\u00e7\u00f5es do cart\u00e3o de cr\u00e9dito e da conta banc\u00e1ria do destinat\u00e1rio antes da ativa\u00e7\u00e3o da conta.<\/li>\n<\/ul>\n<\/div>\n<\/div>\n<\/div>\n\n\n\n<div class=\"wp-block-column fb280pxtb is-layout-flow wp-block-column-is-layout-flow\">\n<figure class=\"wp-block-image aligncenter size-full\"><img loading=\"lazy\" decoding=\"async\" width=\"800\" height=\"325\" src=\"https:\/\/bitwallet.com\/wp-content\/uploads\/2024\/12\/service_img_withdrawal_.png\" alt=\"\" class=\"wp-image-4965\"\/><\/figure>\n<\/div>\n<\/div>\n\n\n\n<div class=\"wp-block-cover alignwide is-light service\" style=\"min-height:255px;aspect-ratio:unset;\"><img loading=\"lazy\" decoding=\"async\" width=\"2000\" height=\"390\" class=\"wp-block-cover__image-background wp-image-838\" alt=\"\" src=\"https:\/\/bitwallet.com\/wp-content\/uploads\/2023\/09\/mv-service_payout2-jpg.webp\" data-object-fit=\"cover\"\/><span aria-hidden=\"true\" class=\"wp-block-cover__background has-background-dim-0 has-background-dim\"><\/span><div class=\"wp-block-cover__inner-container has-global-padding is-layout-constrained wp-block-cover-is-layout-constrained\">\n<h2 class=\"wp-block-heading effect01\">Taxa de retirada acess\u00edvel<\/h2>\n\n\n\n<p class=\"effect01 fadeTimeA\">A taxa do Bitwallet pode ser t\u00e3o baixa quanto 10 USD.<\/p>\n<\/div><\/div>\n\n\n\n<div class=\"wp-block-group box effect01 has-global-padding is-layout-constrained wp-block-group-is-layout-constrained\">\n<h3 class=\"wp-block-heading\"><span class=\"only-en\">Detalhe<\/span><span class=\"only-ja\">\u4ed5\u69d8<\/span><\/h3>\n\n\n\n<h4 class=\"wp-block-heading\"><span class=\"only-en\">RECEBER PAGAMENTO<\/span><span class=\"only-ja\">\u304a\u53d7\u53d6<\/span><\/h4>\n\n\n\n<div class=\"wp-block-group tblScrl has-global-padding is-layout-constrained wp-block-group-is-layout-constrained\">\n<table>\n<tbody>\n<tr>\n<th class=\"w30p\">M\u00e9todo<\/th>\n<th class=\"w20p\">Moeda<\/th>\n<th class=\"w30p\">Taxa<\/th>\n<th class=\"w20p\"><span class=\"only-en\">M\u00ednimo<br \/>pagamento<br \/>quantia<\/span><span class=\"only-ja\">\u304a\u53d7\u53d6\u6700\u4f4e\u91d1\u984d<\/span><\/th>\n<\/tr>\n<tr>\n<td rowspan=\"4\" class=\"translation-block\">Transfer\u00eancia Banc\u00e1ria para<br> indiv\u00edduos<br> <sub>\uff08\u203b1\uff09<\/sub><\/td>\n<td>USD<\/td>\n<td rowspan=\"4\" class=\"translation-block\">USD 10 ou valor equivalente dependendo do pa\u00eds <sub>\uff08\u203b2\uff09<\/sub><\/td>\n<td>USD 10<\/td>\n<\/tr>\n<tr>\n<td class=\"notfC\">EUR<\/td>\n<td>EUR 10<\/td>\n<\/tr>\n<tr>\n<td class=\"notfC\">JPY<\/td>\n<td>JPY 1.000<\/td>\n<\/tr>\n<tr>\n<td class=\"notfC\">AUD<\/td>\n<td>AUD 10<\/td>\n<\/tr>\n<tr>\n<td class=\"lRfC translation-block\" rowspan=\"4\">Transfer\u00eancia banc\u00e1ria<br> para empresas <sub>\uff08\u203b1\uff09<\/sub><\/td>\n<td>USD<\/td>\n<td rowspan=\"4\" class=\"translation-block\">0,8% em diante, depende do tipo de neg\u00f3cio <sub>\uff08\u203b2\uff09<\/sub> e <sub>\uff08\u203b3\uff09<\/sub><\/td>\n<td>USD 10<\/td>\n<\/tr>\n<tr>\n<td class=\"notfC\">EUR<\/td>\n<td>EUR 10<\/td>\n<\/tr>\n<tr>\n<td class=\"notfC\">JPY<\/td>\n<td>JPY 1.000<\/td>\n<\/tr>\n<tr>\n<td class=\"notfC\">AUD<\/td>\n<td>AUD 10<\/td>\n<\/tr>\n<\/tbody>\n<\/table>\n<\/div>\n\n\n\n<ul class=\"wp-block-list note kome\">\n<li>Aplicam-se sobretaxas para transfer\u00eancia banc\u00e1ria ou taxa de transfer\u00eancia banc\u00e1ria intermedi\u00e1ria.<\/li>\n\n\n\n<li>Mais informa\u00e7\u00f5es podem ser encontradas ao fazer login em sua conta.<\/li>\n\n\n\n<li>Para taxas de contas comerciais e de comerciantes, envie-nos uma consulta ap\u00f3s fazer login em sua conta.<\/li>\n\n\n\n<li class=\"nonum\">Para evitar fraudes como lavagem de dinheiro, uso indevido de cart\u00e3o de cr\u00e9dito e adiantamento de dinheiro, o pagamento e o dep\u00f3sito feitos com cart\u00e3o de cr\u00e9dito e cart\u00e3o pr\u00e9-pago dentro de um m\u00eas ser\u00e3o cuidadosamente revisados e transferidos para a conta banc\u00e1ria do destinat\u00e1rio, a crit\u00e9rio da bitwallet. Pode ser necess\u00e1rio tempo extra para processamento.<\/li>\n\n\n\n<li class=\"nonum translation-block\">N\u00e3o \u00e9 poss\u00edvel transferir dinheiro para um banco nos seguintes pa\u00edses onde as remessas s\u00e3o proibidas.<br> Alguns pa\u00edses que n\u00e3o constam desta lista ser\u00e3o analisados caso a caso.<br> Afeganist\u00e3o, Benin, Bonaire, Burundi, Rep\u00fablica Centro-Africana, Chade, Congo, Crimeia, Cuba, Djibuti, Guin\u00e9 Equatorial, Eritreia, Gab\u00e3o, G\u00e2mbia, Guin\u00e9, Guin\u00e9-Bissau, Guiana, Ir\u00e3o, Iraque, Cazaquist\u00e3o, Quirguizist\u00e3o, Rep\u00fablica Democr\u00e1tica Popular do Laos, Lib\u00e9ria, L\u00edbia Madag\u00e1scar, Malawi, Mali, Maurit\u00e2nia, Montserrat, Myanmar, Nauru, N\u00edger, Ilha Norfolk, Norte Coreia, Palau, Papua Nova Guin\u00e9, Ilha de S\u00e3o Bartolomeu, S\u00e3o Crist\u00f3v\u00e3o e Nevis, S\u00e3o Martinho, Ilha de Sint Maarten, Serra Leoa, Sud\u00e3o (Norte e Sul), Suriname, S\u00edria, Tajiquist\u00e3o, Timor Leste, Togo, Turcomenist\u00e3o, Uzbequist\u00e3o, Saara Ocidental, I\u00eamen, R\u00fassia, Peru, \u00c1frica do Sul, Bangladesh, Ge\u00f3rgia<\/li>\n<\/ul>\n<\/div>\n\n\n\n<div class=\"wp-block-cover alignwide is-light help\"><img loading=\"lazy\" decoding=\"async\" width=\"2048\" height=\"336\" class=\"wp-block-cover__image-background wp-image-289\" alt=\"\" src=\"https:\/\/bitwallet.com\/wp-content\/uploads\/2023\/06\/mv-support-jpg.webp\" style=\"object-position:50% 50%\" data-object-fit=\"cover\" data-object-position=\"50% 50%\"\/><span aria-hidden=\"true\" class=\"wp-block-cover__background has-background-dim-0 has-background-dim\"><\/span><div class=\"wp-block-cover__inner-container has-global-padding is-layout-constrained wp-block-cover-is-layout-constrained\">\n<p class=\"has-large-font-size translation-block\"><strong>Voc\u00ea precisa de ajuda?<\/strong><br> <strong>Estamos aqui para ajudar.<\/strong><\/p>\n\n\n\n<p class=\"translation-block\">Nossa equipe de suporte est\u00e1 dedicada a atender voc\u00ea.<br> Entre em contato conosco se tiver alguma d\u00favida sobre nossos servi\u00e7os.<\/p>\n\n\n\n<div class=\"wp-block-buttons is-layout-flex wp-block-buttons-is-layout-flex\">\n<div class=\"wp-block-button\"><a class=\"wp-block-button__link wp-element-button\" href=\"\/pt\/support\/contact\/\">Contate-nos<\/a><\/div>\n<\/div>\n<\/div><\/div>","protected":false},"excerpt":{"rendered":"<p>Inscreva-se para ter uma conta hoje! Oferecemos m\u00e9todos de saque r\u00e1pidos, seguros e convenientes diretamente para sua conta banc\u00e1ria. Experimente novos pagamentos digitais.<\/p>","protected":false},"author":5,"featured_media":0,"parent":32,"menu_order":20,"comment_status":"closed","ping_status":"closed","template":"","meta":{"footnotes":""},"class_list":["post-72","page","type-page","status-publish","hentry"],"_links":{"self":[{"href":"https:\/\/bitwallet.com\/pt\/wp-json\/wp\/v2\/pages\/72","targetHints":{"allow":["GET"]}}],"collection":[{"href":"https:\/\/bitwallet.com\/pt\/wp-json\/wp\/v2\/pages"}],"about":[{"href":"https:\/\/bitwallet.com\/pt\/wp-json\/wp\/v2\/types\/page"}],"author":[{"embeddable":true,"href":"https:\/\/bitwallet.com\/pt\/wp-json\/wp\/v2\/users\/5"}],"replies":[{"embeddable":true,"href":"https:\/\/bitwallet.com\/pt\/wp-json\/wp\/v2\/comments?post=72"}],"version-history":[{"count":76,"href":"https:\/\/bitwallet.com\/pt\/wp-json\/wp\/v2\/pages\/72\/revisions"}],"predecessor-version":[{"id":5765,"href":"https:\/\/bitwallet.com\/pt\/wp-json\/wp\/v2\/pages\/72\/revisions\/5765"}],"up":[{"embeddable":true,"href":"https:\/\/bitwallet.com\/pt\/wp-json\/wp\/v2\/pages\/32"}],"wp:attachment":[{"href":"https:\/\/bitwallet.com\/pt\/wp-json\/wp\/v2\/media?parent=72"}],"curies":[{"name":"wp","href":"https:\/\/api.w.org\/{rel}","templated":true}]}}