{"id":62,"date":"2023-05-10T13:51:53","date_gmt":"2023-05-10T04:51:53","guid":{"rendered":"https:\/\/bitwallet.com\/?page_id=62"},"modified":"2024-02-21T13:46:11","modified_gmt":"2024-02-21T04:46:11","slug":"merchant","status":"publish","type":"page","link":"https:\/\/bitwallet.com\/pt\/feature\/merchant\/","title":{"rendered":"Conta do comerciante"},"content":{"rendered":"<div class=\"wp-block-cover alignwide is-light header\"><span aria-hidden=\"true\" class=\"wp-block-cover__background has-background-dim-0 has-background-dim\"><\/span><img loading=\"lazy\" decoding=\"async\" width=\"2000\" height=\"518\" class=\"wp-block-cover__image-background wp-image-1138\" alt=\"\" src=\"https:\/\/bitwallet.com\/wp-content\/uploads\/2023\/09\/mv-feature-merchant-jpg.webp\" data-object-fit=\"cover\"\/><div class=\"wp-block-cover__inner-container has-global-padding is-layout-constrained wp-block-cover-is-layout-constrained\">\n<h1 class=\"wp-block-heading has-text-align-left effect00\">Conta do comerciante<\/h1>\n\n\n\n<p class=\"effect00 fadeTimeA\">Aprimore seu servi\u00e7o existente de dep\u00f3sito e retirada integrando nossa solu\u00e7\u00e3o de pagamento ao seu site. Gerenciamento de transa\u00e7\u00f5es simplificado com bitwallet.<\/p>\n\n\n\n<div class=\"wp-block-buttons effect00 fadeTimeB is-layout-flex wp-block-buttons-is-layout-flex\">\n<div class=\"wp-block-button btn-merchant\"><a class=\"wp-block-button__link wp-element-button\" href=\"\/pt\/support\/contact\/\">Pergunte agora<\/a><\/div>\n<\/div>\n<\/div><\/div>\n\n\n\n<div class=\"wp-block-cover alignwide is-light headcopy\" style=\"min-height:138px;aspect-ratio:unset;\" id=\"maincontetnts\"><span aria-hidden=\"true\" class=\"wp-block-cover__background has-background-dim-100 has-background-dim\" style=\"background-color:#f7f7f7\"><\/span><div class=\"wp-block-cover__inner-container has-global-padding is-layout-constrained wp-block-cover-is-layout-constrained\">\n<p class=\"has-text-align-center effect00\">Ol\u00e1 simplicidade, adeus complexidade.<br>Tudo o que voc\u00ea precisa em bitwallet.<\/p>\n<\/div><\/div>\n\n\n\n<div class=\"wp-block-cover alignwide is-light case-merchant\"><span aria-hidden=\"true\" class=\"wp-block-cover__background has-background-dim-0 has-background-dim\"><\/span><div class=\"wp-block-cover__inner-container has-global-padding is-layout-constrained wp-block-cover-is-layout-constrained\">\n<h2 class=\"wp-block-heading has-text-align-center effect00\"><strong>Seu suporte absoluto para pagamentos comerciais<\/strong><\/h2>\n\n\n\n<div class=\"wp-block-columns is-layout-flex wp-container-core-columns-is-layout-9d6595d7 wp-block-columns-is-layout-flex\">\n<div class=\"wp-block-column effect00 fadeTimeA is-layout-flow wp-block-column-is-layout-flow\">\n<div class=\"wp-block-group has-global-padding is-layout-constrained wp-block-group-is-layout-constrained\">\n<h3 class=\"wp-block-heading has-text-align-center\"><strong><strong><strong>Usu\u00e1rios<\/strong><\/strong><\/strong><\/h3>\n\n\n\n<figure class=\"wp-block-image aligncenter size-full\"><img loading=\"lazy\" decoding=\"async\" width=\"373\" height=\"209\" src=\"https:\/\/bitwallet.com\/wp-content\/uploads\/2023\/10\/service_merchant_case1.png\" alt=\"\" class=\"wp-image-1367\"\/><\/figure>\n\n\n\n<p>Forne\u00e7a informa\u00e7\u00f5es pessoais para se inscrever em uma conta no site de servi\u00e7o online.<\/p>\n<\/div>\n<\/div>\n\n\n\n<div class=\"wp-block-column effect00 fadeTimeB is-layout-flow wp-block-column-is-layout-flow\">\n<div class=\"wp-block-group has-global-padding is-layout-constrained wp-block-group-is-layout-constrained\">\n<h3 class=\"wp-block-heading has-text-align-center\"><strong><strong><strong>Seu servi\u00e7o on-line<\/strong><\/strong><\/strong><\/h3>\n\n\n\n<figure class=\"wp-block-image aligncenter size-full\"><img loading=\"lazy\" decoding=\"async\" width=\"373\" height=\"209\" src=\"https:\/\/bitwallet.com\/wp-content\/uploads\/2023\/10\/service_merchant_case2.png\" alt=\"\" class=\"wp-image-1369\"\/><\/figure>\n\n\n\n<p>Verifique as informa\u00e7\u00f5es b\u00e1sicas e da conta do usu\u00e1rio antes de aprovar a inscri\u00e7\u00e3o.<\/p>\n<\/div>\n<\/div>\n\n\n\n<div class=\"wp-block-column effect00 fadeTimeC is-layout-flow wp-block-column-is-layout-flow\">\n<div class=\"wp-block-group has-global-padding is-layout-constrained wp-block-group-is-layout-constrained\">\n<h3 class=\"wp-block-heading has-text-align-center\"><strong><strong><strong>Pagamento e Retirada<\/strong><\/strong><\/strong><\/h3>\n\n\n\n<figure class=\"wp-block-image aligncenter size-full\"><img loading=\"lazy\" decoding=\"async\" width=\"373\" height=\"209\" src=\"https:\/\/bitwallet.com\/wp-content\/uploads\/2023\/10\/service_merchant_case3.png\" alt=\"\" class=\"wp-image-1370\"\/><\/figure>\n\n\n\n<p>Receba o pagamento, incluindo taxas de servi\u00e7o e mercadorias, processe qualquer reembolso e retirada para dep\u00f3sito.<\/p>\n<\/div>\n<\/div>\n<\/div>\n<\/div><\/div>\n\n\n\n<div class=\"wp-block-cover alignwide is-light available\"><span aria-hidden=\"true\" class=\"wp-block-cover__background has-background-dim-0 has-background-dim\"><\/span><div class=\"wp-block-cover__inner-container has-global-padding is-layout-constrained wp-block-cover-is-layout-constrained\">\n<h2 class=\"wp-block-heading has-text-align-center effect01\"><strong>Aproveite os seguintes servi\u00e7os ao atualizar para uma conta de comerciante<\/strong><\/h2>\n\n\n\n<div class=\"wp-block-columns is-layout-flex wp-container-core-columns-is-layout-9d6595d7 wp-block-columns-is-layout-flex\">\n<div class=\"wp-block-column is-vertically-aligned-center is-layout-flow wp-block-column-is-layout-flow\" style=\"flex-basis:320px\">\n<figure class=\"wp-block-image aligncenter size-full is-resized\"><img loading=\"lazy\" decoding=\"async\" width=\"409\" height=\"85\" src=\"https:\/\/bitwallet.com\/wp-content\/uploads\/2023\/09\/guideline_img01.png\" alt=\"\" class=\"wp-image-1115\" style=\"width:200px;height:undefinedpx\"\/><\/figure>\n\n\n\n<h3 class=\"wp-block-heading has-text-align-center\">Solu\u00e7\u00e3o perfeita, projetada para comerciantes<\/h3>\n\n\n\n<figure class=\"wp-block-image aligncenter size-full\"><img loading=\"lazy\" decoding=\"async\" width=\"100\" height=\"109\" src=\"https:\/\/bitwallet.com\/wp-content\/uploads\/2023\/10\/service_merchant_available.png\" alt=\"\" class=\"wp-image-1379\"\/><\/figure>\n<\/div>\n\n\n\n<div class=\"wp-block-column is-layout-flow wp-block-column-is-layout-flow\">\n<div class=\"wp-block-columns is-layout-flex wp-container-core-columns-is-layout-9d6595d7 wp-block-columns-is-layout-flex\">\n<div class=\"wp-block-column effect01 fadeTimeA is-layout-flow wp-block-column-is-layout-flow\">\n<h4 class=\"wp-block-heading has-text-align-center\"><strong>Verifica\u00e7\u00e3o de Identidade<\/strong><\/h4>\n\n\n\n<p>Os documentos de identidade e comprovantes de endere\u00e7o enviados ser\u00e3o cuidadosamente revisados e refletir\u00e3o a identidade comprovada antes do uso.<\/p>\n<\/div>\n\n\n\n<div class=\"wp-block-column effect01 fadeTimeB is-layout-flow wp-block-column-is-layout-flow\">\n<h4 class=\"wp-block-heading has-text-align-center\"><strong>API de carteira<\/strong><\/h4>\n\n\n\n<p>Uma integra\u00e7\u00e3o de API de carteira personalizada que fornece servi\u00e7os de dep\u00f3sito e retirada de acordo com a marca do seu produto.<\/p>\n<\/div>\n\n\n\n<div class=\"wp-block-column effect01 fadeTimeC is-layout-flow wp-block-column-is-layout-flow\">\n<h4 class=\"wp-block-heading has-text-align-center\"><strong>Servi\u00e7o de cobran\u00e7a de pagamentos<\/strong><\/h4>\n\n\n\n<p>Suporta diversas solu\u00e7\u00f5es de pagamento na plataforma: cart\u00e3o de cr\u00e9dito e pagamento por transfer\u00eancia banc\u00e1ria.<\/p>\n<\/div>\n<\/div>\n\n\n\n<div class=\"wp-block-columns is-layout-flex wp-container-core-columns-is-layout-9d6595d7 wp-block-columns-is-layout-flex\">\n<div class=\"wp-block-column effect01 fadeTimeD is-layout-flow wp-block-column-is-layout-flow\">\n<h4 class=\"wp-block-heading has-text-align-center\"><strong>Logon \u00fanico (SSO)<\/strong><\/h4>\n\n\n\n<p>Acesse v\u00e1rios aplicativos com conjunto de credenciais de login autenticadas bitwallet. Ajuda a monitorar e organizar as atividades da conta do usu\u00e1rio.<\/p>\n<\/div>\n\n\n\n<div class=\"wp-block-column effect01 fadeTimeE is-layout-flow wp-block-column-is-layout-flow\">\n<h4 class=\"wp-block-heading has-text-align-center\"><strong>Conta banc\u00e1ria de pagamento<\/strong><\/h4>\n\n\n\n<p>A conta banc\u00e1ria \u00e9 atribu\u00edda ao comerciante com base na sua regi\u00e3o operacional.<\/p>\n<\/div>\n\n\n\n<div class=\"wp-block-column effect01 fadeTimeF is-layout-flow wp-block-column-is-layout-flow\">\n<h4 class=\"wp-block-heading has-text-align-center\"><strong>Sistema Antifraude<\/strong><\/h4>\n\n\n\n<p>Coletar e fornecer informa\u00e7\u00f5es do usu\u00e1rio para qualquer uso indevido de casos de cart\u00e3o de cr\u00e9dito, como fraude de cart\u00e3o de cr\u00e9dito e obten\u00e7\u00e3o de dinheiro com cart\u00e3o de cr\u00e9dito.<\/p>\n<\/div>\n<\/div>\n<\/div>\n<\/div>\n<\/div><\/div>\n\n\n\n<div class=\"wp-block-cover alignwide has-parallax footer-mercahnt\"><span aria-hidden=\"true\" class=\"wp-block-cover__background has-cyan-bluish-gray-background-color has-background-dim-0 has-background-dim\"><\/span><div role=\"img\" class=\"wp-block-cover__image-background wp-image-1146 has-parallax\" style=\"background-position:50% 50%;background-image:url(https:\/\/bitwallet.com\/wp-content\/uploads\/2023\/09\/mv-feature-merchant-bg-jpg.webp)\"><\/div><div class=\"wp-block-cover__inner-container has-global-padding is-layout-constrained wp-block-cover-is-layout-constrained\">\n<p class=\"has-text-align-center effect01\">O bitwallet foi criado para apoiar e aumentar a efici\u00eancia dos servi\u00e7os globais de dep\u00f3sito e retirada.<\/p>\n\n\n\n<p class=\"has-text-align-center effect01 fadeTimeA\">Contate-nos para mudar para conta de comerciante. Experimente apenas o premium.<\/p>\n\n\n\n<div class=\"wp-block-buttons effect01 fadeTimeB is-content-justification-center is-layout-flex wp-container-core-buttons-is-layout-16018d1d wp-block-buttons-is-layout-flex\">\n<div class=\"wp-block-button btn-merchant\"><a class=\"wp-block-button__link wp-element-button\" href=\"\/pt\/support\/contact\/\">Pergunte agora<\/a><\/div>\n<\/div>\n<\/div><\/div>","protected":false},"excerpt":{"rendered":"","protected":false},"author":5,"featured_media":0,"parent":24,"menu_order":34,"comment_status":"closed","ping_status":"closed","template":"","meta":{"footnotes":""},"class_list":["post-62","page","type-page","status-publish","hentry"],"_links":{"self":[{"href":"https:\/\/bitwallet.com\/pt\/wp-json\/wp\/v2\/pages\/62","targetHints":{"allow":["GET"]}}],"collection":[{"href":"https:\/\/bitwallet.com\/pt\/wp-json\/wp\/v2\/pages"}],"about":[{"href":"https:\/\/bitwallet.com\/pt\/wp-json\/wp\/v2\/types\/page"}],"author":[{"embeddable":true,"href":"https:\/\/bitwallet.com\/pt\/wp-json\/wp\/v2\/users\/5"}],"replies":[{"embeddable":true,"href":"https:\/\/bitwallet.com\/pt\/wp-json\/wp\/v2\/comments?post=62"}],"version-history":[{"count":45,"href":"https:\/\/bitwallet.com\/pt\/wp-json\/wp\/v2\/pages\/62\/revisions"}],"predecessor-version":[{"id":4468,"href":"https:\/\/bitwallet.com\/pt\/wp-json\/wp\/v2\/pages\/62\/revisions\/4468"}],"up":[{"embeddable":true,"href":"https:\/\/bitwallet.com\/pt\/wp-json\/wp\/v2\/pages\/24"}],"wp:attachment":[{"href":"https:\/\/bitwallet.com\/pt\/wp-json\/wp\/v2\/media?parent=62"}],"curies":[{"name":"wp","href":"https:\/\/api.w.org\/{rel}","templated":true}]}}