{"id":60,"date":"2023-05-10T13:51:13","date_gmt":"2023-05-10T04:51:13","guid":{"rendered":"https:\/\/bitwallet.com\/?page_id=60"},"modified":"2024-08-02T13:02:35","modified_gmt":"2024-08-02T04:02:35","slug":"business","status":"publish","type":"page","link":"https:\/\/bitwallet.com\/pt\/feature\/business\/","title":{"rendered":"Conta de neg\u00f3cios"},"content":{"rendered":"<div class=\"wp-block-cover alignwide is-light header\"><span aria-hidden=\"true\" class=\"wp-block-cover__background has-background-dim-0 has-background-dim\"><\/span><img loading=\"lazy\" decoding=\"async\" width=\"2048\" height=\"518\" class=\"wp-block-cover__image-background wp-image-1134\" alt=\"\" src=\"https:\/\/bitwallet.com\/wp-content\/uploads\/2023\/09\/mv-feature-business-jpg.webp\" data-object-fit=\"cover\"\/><div class=\"wp-block-cover__inner-container has-global-padding is-layout-constrained wp-block-cover-is-layout-constrained\">\n<h1 class=\"wp-block-heading has-text-align-left effect00\">Conta de neg\u00f3cios<\/h1>\n\n\n\n<p class=\"effect00 fadeTimeA\">Simplifique os procedimentos de pagamento para sua loja de com\u00e9rcio eletr\u00f4nico. Receba todos os pagamentos por banco, cart\u00e3o de cr\u00e9dito ou atrav\u00e9s dos servi\u00e7os monet\u00e1rios dispon\u00edveis no bitwallet.<\/p>\n\n\n\n<div class=\"wp-block-buttons effect00 fadeTimeB is-layout-flex wp-block-buttons-is-layout-flex\">\n<div class=\"wp-block-button btn-signup\"><a class=\"wp-block-button__link wp-element-button\" href=\"https:\/\/secure.bitwallet.com\/signup\/certification?lang=en\" target=\"_blank\" rel=\"noreferrer noopener\">Criar carteira<\/a><\/div>\n<\/div>\n<\/div><\/div>\n\n\n\n<div class=\"wp-block-cover alignwide is-light headcopy\" style=\"min-height:138px;aspect-ratio:unset;\" id=\"maincontetnts\"><span aria-hidden=\"true\" class=\"wp-block-cover__background has-background-dim-100 has-background-dim\" style=\"background-color:#f7f7f7\"><\/span><div class=\"wp-block-cover__inner-container has-global-padding is-layout-constrained wp-block-cover-is-layout-constrained\">\n<p class=\"has-text-align-center effect00\">Receba uma experi\u00eancia de pagamento agrad\u00e1vel e direta ao escolher bitwallet para sua loja online.<br>Liquidar o pagamento de diversas formas.<\/p>\n<\/div><\/div>\n\n\n\n<div class=\"wp-block-cover alignwide is-light business-point\"><span aria-hidden=\"true\" class=\"wp-block-cover__background has-background-dim-0 has-background-dim\"><\/span><div class=\"wp-block-cover__inner-container has-global-padding is-layout-constrained wp-block-cover-is-layout-constrained\">\n<div class=\"wp-block-columns tab is-layout-flex wp-container-core-columns-is-layout-9d6595d7 wp-block-columns-is-layout-flex\">\n<div class=\"wp-block-column is-layout-flow wp-block-column-is-layout-flow\" style=\"flex-basis:33.33%\">\n<div class=\"wp-block-buttons tab-menu is-horizontal is-content-justification-center is-layout-flex wp-container-core-buttons-is-layout-499968f5 wp-block-buttons-is-layout-flex\">\n<div class=\"wp-block-button current effect00\"><a class=\"wp-block-button__link has-text-align-left wp-element-button\">Realize pagamentos com cart\u00e3o de cr\u00e9dito e carteira<\/a><\/div>\n\n\n\n<div class=\"wp-block-button effect00 fadeTimeB\"><a class=\"wp-block-button__link has-text-align-left wp-element-button\">Enviar fatura para indiv\u00edduos espec\u00edficos<\/a><\/div>\n\n\n\n<div class=\"wp-block-button effect00 fadeTimeC\"><a class=\"wp-block-button__link has-text-align-left wp-element-button\">Gerencie sob o nome da loja ou da empresa<\/a><\/div>\n<\/div>\n<\/div>\n\n\n\n<div class=\"wp-block-column tab-contents is-layout-flow wp-block-column-is-layout-flow\" style=\"flex-basis:66.66%\">\n<div class=\"wp-block-group has-global-padding is-layout-constrained wp-block-group-is-layout-constrained\">\n<div class=\"wp-block-columns has-background is-layout-flex wp-container-core-columns-is-layout-9d6595d7 wp-block-columns-is-layout-flex\" style=\"background-color:#f4f4f4\">\n<div class=\"wp-block-column is-layout-flow wp-block-column-is-layout-flow\">\n<h3 class=\"wp-block-heading\">Realize pagamentos com cart\u00e3o de cr\u00e9dito e carteira<\/h3>\n\n\n\n<p>Aprimore as transa\u00e7\u00f5es de pagamento para sua loja de com\u00e9rcio eletr\u00f4nico ou varejo de produtos de informa\u00e7\u00e3o. Recursos adicionais, como pagamento com cart\u00e3o de cr\u00e9dito e muito mais, ser\u00e3o disponibilizados \u00e0 medida que voc\u00ea fortalece o n\u00edvel de seguran\u00e7a da sua conta.<\/p>\n\n\n\n<p>O bitwallet \u00e9 totalmente compat\u00edvel com PCI DSS(*) e segue rigorosamente o padr\u00e3o PCI para fornecer um n\u00edvel mais alto de seguran\u00e7a de dados e proteger as informa\u00e7\u00f5es do usu\u00e1rio em nossa plataforma de pagamento.<\/p>\n\n\n\n<figure class=\"wp-block-image alignright size-full\"><img loading=\"lazy\" decoding=\"async\" width=\"95\" height=\"37\" src=\"https:\/\/bitwallet.com\/wp-content\/uploads\/2023\/06\/icon_pci01.png\" alt=\"\" class=\"wp-image-205\"\/><\/figure>\n<\/div>\n\n\n\n<div class=\"wp-block-column is-layout-flow wp-block-column-is-layout-flow\">\n<h4 class=\"wp-block-heading\">Cart\u00f5es de cr\u00e9dito aceitos<\/h4>\n\n\n\n<div class=\"wp-block-group gap20 has-white-background-color has-background is-content-justification-center is-nowrap is-layout-flex wp-container-core-group-is-layout-94bc23d7 wp-block-group-is-layout-flex\">\n<figure class=\"wp-block-image alignleft size-full\"><img loading=\"lazy\" decoding=\"async\" width=\"87\" height=\"28\" src=\"https:\/\/bitwallet.com\/wp-content\/uploads\/2023\/10\/logo_card_visa01.png\" alt=\"\" class=\"wp-image-1345\"\/><\/figure>\n\n\n\n<figure class=\"wp-block-image alignleft size-full\"><img loading=\"lazy\" decoding=\"async\" width=\"75\" height=\"59\" src=\"https:\/\/bitwallet.com\/wp-content\/uploads\/2023\/10\/logo_card_master01.png\" alt=\"\" class=\"wp-image-1349\"\/><\/figure>\n\n\n\n<figure class=\"wp-block-image alignleft size-full\"><img loading=\"lazy\" decoding=\"async\" width=\"86\" height=\"66\" src=\"https:\/\/bitwallet.com\/wp-content\/uploads\/2023\/10\/logo_card_jcb02.png\" alt=\"\" class=\"wp-image-1348\"\/><\/figure>\n\n\n\n<figure class=\"wp-block-image alignleft size-full\"><img loading=\"lazy\" decoding=\"async\" width=\"118\" height=\"32\" src=\"https:\/\/bitwallet.com\/wp-content\/uploads\/2023\/10\/logo_card_diners01.png\" alt=\"\" class=\"wp-image-1346\"\/><\/figure>\n\n\n\n<figure class=\"wp-block-image alignleft size-full\"><img loading=\"lazy\" decoding=\"async\" width=\"77\" height=\"48\" src=\"https:\/\/bitwallet.com\/wp-content\/uploads\/2023\/10\/logo_card_discover01.png\" alt=\"\" class=\"wp-image-1347\"\/><\/figure>\n<\/div>\n<\/div>\n<\/div>\n\n\n\n<ul class=\"wp-block-list note kome\">\n<li class=\"nonum\">O PCI DSS (Payment Card Industry Data Security Standard) \u00e9 o padr\u00e3o global de seguran\u00e7a de cart\u00e3o e \u00e9 desenvolvido e mantido por cinco grandes marcas internacionais de cart\u00e3o de cr\u00e9dito: American Express, Discover, JCB, Mastercard e VISA para aprimorar a seguran\u00e7a dos dados do titular do cart\u00e3o.<\/li>\n<\/ul>\n<\/div>\n\n\n\n<div class=\"wp-block-group has-global-padding is-layout-constrained wp-block-group-is-layout-constrained\">\n<div class=\"wp-block-columns has-background is-layout-flex wp-container-core-columns-is-layout-9d6595d7 wp-block-columns-is-layout-flex\" style=\"background-color:#f4f4f4\">\n<div class=\"wp-block-column is-layout-flow wp-block-column-is-layout-flow\">\n<h3 class=\"wp-block-heading\">Enviar fatura para indiv\u00edduos espec\u00edficos<\/h3>\n\n\n\n<p>A fun\u00e7\u00e3o de solicita\u00e7\u00e3o de pagamento bitwallet permite que comerciantes e usu\u00e1rios solicitem e recebam pagamentos online de titulares de contas bitwallet. Todas as solicita\u00e7\u00f5es de pagamento fornecem rastreamento completo dos recibos de pagamento enviados automaticamente a ambas as partes. Personalize sua fatura com as informa\u00e7\u00f5es necess\u00e1rias, como nome do produto, valor, n\u00famero da fatura, etc. A fatura permite aos usu\u00e1rios rastrear e monitorar o processo de pagamento em tempo real.<\/p>\n<\/div>\n\n\n\n<div class=\"wp-block-column is-layout-flow wp-block-column-is-layout-flow\">\n<h4 class=\"wp-block-heading\">Informa\u00e7\u00f5es a serem inclu\u00eddas<\/h4>\n\n\n\n<ul class=\"wp-block-list ast\">\n<li>Informa\u00e7\u00f5es a serem inclu\u00eddas<\/li>\n\n\n\n<li>Endere\u00e7o de email<\/li>\n\n\n\n<li>Quantia<\/li>\n\n\n\n<li>Descri\u00e7\u00e3o<br>N\u00famero da fatura<br>Exportar como PDF<br>Modo de pagamento (para conta bitwallet)<br>Memorando<\/li>\n<\/ul>\n\n\n\n<p class=\"has-text-align-right\">* Campo obrigat\u00f3rio<\/p>\n<\/div>\n<\/div>\n<\/div>\n\n\n\n<div class=\"wp-block-group has-global-padding is-layout-constrained wp-block-group-is-layout-constrained\">\n<div class=\"wp-block-columns has-background is-layout-flex wp-container-core-columns-is-layout-9d6595d7 wp-block-columns-is-layout-flex\" style=\"background-color:#f4f4f4\">\n<div class=\"wp-block-column is-layout-flow wp-block-column-is-layout-flow\">\n<h3 class=\"wp-block-heading w50pc\">Gerenciar com nome da loja ou empresa<\/h3>\n\n\n\n<p>Os usu\u00e1rios da conta comercial podem incluir o nome da loja e outras informa\u00e7\u00f5es necess\u00e1rias em seu perfil. Isso ajuda os clientes a ter uma vis\u00e3o melhor e uma compreens\u00e3o clara de seu hist\u00f3rico de compras.<\/p>\n\n\n\n<p>A bitwallet sempre improvisou feedback e conselhos coletados dos usu\u00e1rios para fornecer um melhor servi\u00e7o e experi\u00eancia de interface, encantando a todos.<\/p>\n<\/div>\n<\/div>\n<\/div>\n<\/div>\n<\/div>\n<\/div><\/div>\n\n\n\n<div class=\"wp-block-cover alignwide is-light superiority\"><span aria-hidden=\"true\" class=\"wp-block-cover__background has-background-dim-100 has-background-dim\" style=\"background-color:#f7f7f7\"><\/span><div class=\"wp-block-cover__inner-container has-global-padding is-layout-constrained wp-block-cover-is-layout-constrained\">\n<h2 class=\"wp-block-heading has-text-align-center effect01\">O que torna o bitwallet uma plataforma de elite?<\/h2>\n\n\n\n<div class=\"wp-block-columns is-layout-flex wp-container-core-columns-is-layout-9d6595d7 wp-block-columns-is-layout-flex\">\n<div class=\"wp-block-column effect01 is-layout-flow wp-block-column-is-layout-flow\">\n<h3 class=\"wp-block-heading has-text-align-center\">Taxa de registro<\/h3>\n\n\n\n<h3 class=\"wp-block-heading has-text-align-center\">Livre<\/h3>\n\n\n\n<p>\u00c9 gr\u00e1tis quando voc\u00ea cria uma carteira conosco. N\u00e3o \u00e9 necess\u00e1ria taxa de inscri\u00e7\u00e3o.<\/p>\n<\/div>\n\n\n\n<div class=\"wp-block-column effect01 fadeTimeA is-layout-flow wp-block-column-is-layout-flow\">\n<h3 class=\"wp-block-heading has-text-align-center\">Uso Mensal<\/h3>\n\n\n\n<h3 class=\"wp-block-heading has-text-align-center\">Livre<\/h3>\n\n\n\n<p>Sem custos adicionais quando voc\u00ea nos usa.<\/p>\n<\/div>\n\n\n\n<div class=\"wp-block-column effect01 fadeTimeB is-layout-flow wp-block-column-is-layout-flow\">\n<h3 class=\"wp-block-heading has-text-align-center\">Taxa de transa\u00e7\u00e3o<\/h3>\n\n\n\n<h3 class=\"wp-block-heading has-text-align-center\">Gr\u00e1tis ~<\/h3>\n\n\n\n<p>Os pagamentos com bitwallet come\u00e7am com 0 taxas de manuseio.<\/p>\n<\/div>\n\n\n\n<div class=\"wp-block-column effect01 fadeTimeC is-layout-flow wp-block-column-is-layout-flow\">\n<h3 class=\"wp-block-heading has-text-align-center\">Retirada para bancos japoneses<\/h3>\n\n\n\n<h3 class=\"wp-block-heading has-text-align-center translation-block\">824 <sub>JPY<\/sub><br> \uff0b<br> 0,8 <sub>% do<br> quantidade retirada<br> cada um no n\u00edvel mais baixo<\/sub><\/h3>\n<\/div>\n<\/div>\n\n\n\n<p class=\"effect01\">Aproveite qualquer transa\u00e7\u00e3o com taxa m\u00ednima ou gratuitamente. Somente no bitwallet, onde a solu\u00e7\u00e3o de pagamento perfeita encontra uma experi\u00eancia de pagamento incr\u00edvel. Nosso objetivo \u00e9 aliviar o fardo dos pesados custos de transa\u00e7\u00e3o, oferecendo servi\u00e7os a pre\u00e7os acess\u00edveis para todos.<\/p>\n\n\n\n<div class=\"wp-block-buttons effect01 fadeTimeB is-content-justification-center is-layout-flex wp-container-core-buttons-is-layout-16018d1d wp-block-buttons-is-layout-flex\">\n<div class=\"wp-block-button\"><a class=\"wp-block-button__link wp-element-button\" href=\"\/pt\/service\/handling-fee\/\">Saber mais<\/a><\/div>\n<\/div>\n<\/div><\/div>\n\n\n\n<div class=\"wp-block-cover alignwide is-light solution\"><span aria-hidden=\"true\" class=\"wp-block-cover__background has-background-dim-0 has-background-dim\"><\/span><img loading=\"lazy\" decoding=\"async\" width=\"3000\" height=\"460\" class=\"wp-block-cover__image-background wp-image-1154\" alt=\"\" src=\"https:\/\/bitwallet.com\/wp-content\/uploads\/2023\/09\/mv-feature-business2-jpg.webp\" data-object-fit=\"cover\"\/><div class=\"wp-block-cover__inner-container has-global-padding is-layout-constrained wp-block-cover-is-layout-constrained\">\n<h2 class=\"wp-block-heading has-text-align-center\"><strong>Solu\u00e7\u00e3o de pagamento perfeita para neg\u00f3cios no exterior<\/strong><\/h2>\n\n\n\n<div class=\"wp-block-buttons is-content-justification-center is-layout-flex wp-container-core-buttons-is-layout-16018d1d wp-block-buttons-is-layout-flex\">\n<div class=\"wp-block-button btn-signup effect01\"><a class=\"wp-block-button__link wp-element-button\" href=\"https:\/\/secure.bitwallet.com\/signup\/certification?lang=en\" target=\"_blank\" rel=\"noreferrer noopener\">Criar carteira<\/a><\/div>\n<\/div>\n<\/div><\/div>\n\n\n\n<div class=\"wp-block-cover alignwide is-light case\"><span aria-hidden=\"true\" class=\"wp-block-cover__background has-background-dim-0 has-background-dim\"><\/span><img loading=\"lazy\" decoding=\"async\" width=\"3000\" height=\"484\" class=\"wp-block-cover__image-background wp-image-1297\" alt=\"\" src=\"https:\/\/bitwallet.com\/wp-content\/uploads\/2023\/10\/mv-business_example-jpg.webp\" data-object-fit=\"cover\"\/><div class=\"wp-block-cover__inner-container has-global-padding is-layout-constrained wp-block-cover-is-layout-constrained\">\n<h2 class=\"wp-block-heading alignwide has-text-align-center\"><strong>Implementa\u00e7\u00e3o de servi\u00e7o de carteira<\/strong><\/h2>\n\n\n\n<div class=\"wp-block-group swiper business effect01 fadeTimeA has-global-padding is-layout-constrained wp-block-group-is-layout-constrained\">\n<div class=\"wp-block-group swiper-wrapper has-global-padding is-layout-constrained wp-block-group-is-layout-constrained\">\n<div class=\"wp-block-columns swiper-slide is-layout-flex wp-container-core-columns-is-layout-9d6595d7 wp-block-columns-is-layout-flex\">\n<div class=\"wp-block-column is-layout-flow wp-block-column-is-layout-flow\" style=\"flex-basis:470px\">\n<figure class=\"wp-block-image size-full\"><img loading=\"lazy\" decoding=\"async\" width=\"470\" height=\"383\" src=\"https:\/\/bitwallet.com\/wp-content\/uploads\/2023\/10\/business_case_fsg.png\" alt=\"\" class=\"wp-image-1301\"\/><\/figure>\n<\/div>\n\n\n\n<div class=\"wp-block-column is-layout-flow wp-block-column-is-layout-flow\">\n<p>Casos de pagamento on-line<\/p>\n\n\n\n<h3 class=\"wp-block-heading\">Gest\u00e3o FSG<\/h3>\n\n\n\n<p>Gest\u00e3o FSG Co., Ltd<\/p>\n\n\n\n<p>A FSG Management \u00e9 uma empresa de consultoria especializada em gest\u00e3o em diversas \u00e1reas, incluindo contabilidade e psicologia. As taxas do curso e de consultoria s\u00e3o processadas com o sistema de pagamento online bitwallet, aumentando as oportunidades de neg\u00f3cios e garantindo o pagamento instant\u00e2neo.<\/p>\n\n\n\n<div class=\"wp-block-columns is-layout-flex wp-container-core-columns-is-layout-9d6595d7 wp-block-columns-is-layout-flex\">\n<div class=\"wp-block-column is-layout-flow wp-block-column-is-layout-flow\" style=\"flex-basis:16em\">\n<p>Conta de neg\u00f3cios<\/p>\n<\/div>\n\n\n\n<div class=\"wp-block-column is-layout-flow wp-block-column-is-layout-flow\">\n<p><a href=\"http:\/\/www.fsg-group.co.jp\/\" target=\"_blank\" rel=\"noreferrer noopener\">http:\/\/www.fsg-group.co.jp\/<\/a><\/p>\n<\/div>\n<\/div>\n<\/div>\n<\/div>\n\n\n\n<div class=\"wp-block-columns swiper-slide is-layout-flex wp-container-core-columns-is-layout-9d6595d7 wp-block-columns-is-layout-flex\">\n<div class=\"wp-block-column is-layout-flow wp-block-column-is-layout-flow\" style=\"flex-basis:470px\">\n<figure class=\"wp-block-image size-full\"><img loading=\"lazy\" decoding=\"async\" width=\"470\" height=\"383\" src=\"https:\/\/bitwallet.com\/wp-content\/uploads\/2023\/10\/business_case_kensetsu.png\" alt=\"\" class=\"wp-image-1302\"\/><\/figure>\n<\/div>\n\n\n\n<div class=\"wp-block-column is-layout-flow wp-block-column-is-layout-flow\">\n<p>Casos de pagamento on-line<\/p>\n\n\n\n<h3 class=\"wp-block-heading\">Aprova\u00e7\u00e3o de constru\u00e7\u00e3o.com<\/h3>\n\n\n\n<p>Objetivo da empresa do Scrivener Administrativo<\/p>\n\n\n\n<p>Construction Approval.com fornece um servi\u00e7o de solicita\u00e7\u00e3o de aprova\u00e7\u00e3o de obras de constru\u00e7\u00e3o r\u00e1pido e f\u00e1cil. A remunera\u00e7\u00e3o de cada inscri\u00e7\u00e3o bem-sucedida \u00e9 cobrada pelo sistema de pagamento bitwallet.<\/p>\n\n\n\n<div class=\"wp-block-columns is-layout-flex wp-container-core-columns-is-layout-9d6595d7 wp-block-columns-is-layout-flex\">\n<div class=\"wp-block-column is-layout-flow wp-block-column-is-layout-flow\" style=\"flex-basis:16em\">\n<p>Conta de neg\u00f3cios<\/p>\n<\/div>\n\n\n\n<div class=\"wp-block-column is-layout-flow wp-block-column-is-layout-flow\">\n<p><a rel=\"noreferrer noopener\" href=\"https:\/\/www.kensetsu-kinki.com\/\" target=\"_blank\">https:\/\/www.kensetsu-kinki.com\/<\/a><\/p>\n<\/div>\n<\/div>\n<\/div>\n<\/div>\n<\/div>\n<\/div>\n<\/div><\/div>\n\n\n\n<div class=\"wp-block-cover alignwide has-parallax info-step\"><span aria-hidden=\"true\" class=\"wp-block-cover__background has-cyan-bluish-gray-background-color has-background-dim-0 has-background-dim\"><\/span><div class=\"wp-block-cover__image-background wp-image-1269 has-parallax\" style=\"background-position:50% 50%;background-image:url(https:\/\/bitwallet.com\/wp-content\/uploads\/2023\/10\/mv-feature-business-step-jpg.webp)\"><\/div><div class=\"wp-block-cover__inner-container has-global-padding is-layout-constrained wp-block-cover-is-layout-constrained\">\n<h3 class=\"wp-block-heading has-text-align-center effect01\"><strong>Apenas 4 passos simples.<\/strong><br> <strong>A carteira requer pelo menos 30 minutos para ficar pronta.<\/strong><\/h3>\n\n\n\n<div class=\"wp-block-columns step is-layout-flex wp-container-core-columns-is-layout-9d6595d7 wp-block-columns-is-layout-flex\">\n<div class=\"wp-block-column effect01 is-layout-flow wp-block-column-is-layout-flow\">\n<p class=\"has-text-align-center\"><strong>PASSO 1<\/strong><\/p>\n\n\n\n<figure class=\"wp-block-image aligncenter size-full\"><img loading=\"lazy\" decoding=\"async\" width=\"321\" height=\"321\" src=\"https:\/\/bitwallet.com\/wp-content\/uploads\/2023\/10\/icon_step1-wh.png\" alt=\"\" class=\"wp-image-1275\"\/><\/figure>\n\n\n\n<p>Registre-se em qualquer dispositivo. Insira suas informa\u00e7\u00f5es b\u00e1sicas na p\u00e1gina de registro para come\u00e7ar.<\/p>\n<\/div>\n\n\n\n<div class=\"wp-block-column effect01 fadeTimeA is-layout-flow wp-block-column-is-layout-flow\">\n<p class=\"has-text-align-center\"><strong>PASSO 2<\/strong><\/p>\n\n\n\n<figure class=\"wp-block-image aligncenter size-full\"><img loading=\"lazy\" decoding=\"async\" width=\"321\" height=\"321\" src=\"https:\/\/bitwallet.com\/wp-content\/uploads\/2023\/10\/icon_step2-wh.png\" alt=\"\" class=\"wp-image-1276\"\/><\/figure>\n\n\n\n<p>Um link de verifica\u00e7\u00e3o ser\u00e1 enviado para o seu endere\u00e7o de e-mail cadastrado. Insira outras informa\u00e7\u00f5es necess\u00e1rias para prosseguir.<\/p>\n<\/div>\n\n\n\n<div class=\"wp-block-column effect01 fadeTimeB is-layout-flow wp-block-column-is-layout-flow\">\n<p class=\"has-text-align-center\"><strong>ETAPA 3<\/strong><\/p>\n\n\n\n<figure class=\"wp-block-image aligncenter size-full\"><img loading=\"lazy\" decoding=\"async\" width=\"321\" height=\"321\" src=\"https:\/\/bitwallet.com\/wp-content\/uploads\/2023\/10\/icon_step3-wh.png\" alt=\"\" class=\"wp-image-1277\"\/><\/figure>\n\n\n\n<p>Fa\u00e7a login e carregue seus documentos de verifica\u00e7\u00e3o de identidade, comprovante de endere\u00e7o residencial e selfie na p\u00e1gina de envio de documentos de verifica\u00e7\u00e3o.<\/p>\n<\/div>\n\n\n\n<div class=\"wp-block-column effect01 fadeTimeC is-layout-flow wp-block-column-is-layout-flow\">\n<p class=\"has-text-align-center\"><strong>PASSO 4<\/strong><\/p>\n\n\n\n<figure class=\"wp-block-image aligncenter size-full\"><img loading=\"lazy\" decoding=\"async\" width=\"321\" height=\"321\" src=\"https:\/\/bitwallet.com\/wp-content\/uploads\/2023\/10\/icon_step4-wh.png\" alt=\"\" class=\"wp-image-1278\"\/><\/figure>\n\n\n\n<p>No hor\u00e1rio comercial normal, o trabalho de confirma\u00e7\u00e3o ser\u00e1 conclu\u00eddo em no m\u00ednimo 30 minutos. Depois de verificado e aprovado, as informa\u00e7\u00f5es da sua conta ser\u00e3o enviadas a voc\u00ea por e-mail.<\/p>\n<\/div>\n<\/div>\n\n\n\n<div class=\"wp-block-columns frontpage-cv is-layout-flex wp-container-core-columns-is-layout-9d6595d7 wp-block-columns-is-layout-flex\">\n<div class=\"wp-block-column is-vertically-aligned-center is-layout-flow wp-block-column-is-layout-flow\"><\/div>\n\n\n\n<div class=\"wp-block-column is-layout-flow wp-block-column-is-layout-flow\">\n<div class=\"wp-block-buttons is-content-justification-center is-layout-flex wp-container-core-buttons-is-layout-16018d1d wp-block-buttons-is-layout-flex\">\n<div class=\"wp-block-button has-custom-width wp-block-button__width-100 btn-signup effect01\"><a class=\"wp-block-button__link wp-element-button\" href=\"https:\/\/secure.bitwallet.com\/signup\/certification?lang=en\" target=\"_blank\" rel=\"noreferrer noopener\">Criar carteira<\/a><\/div>\n<\/div>\n<\/div>\n\n\n\n<div class=\"wp-block-column is-vertically-aligned-center is-layout-flow wp-block-column-is-layout-flow\">\n<p class=\"has-text-align-center effect01 fadeTimeB only-en\"><a href=\"\/pt\/service\/account-open\/\" data-type=\"page\" data-id=\"78\">Descubra mais<\/a><\/p>\n\n\n\n<p class=\"has-text-align-center effect01 fadeTimeB only-ja mt0\"><a href=\"\/pt\/service\/account-open\/\" data-type=\"page\" data-id=\"78\">\u30a6\u30a9\u30ec\u30c3\u30c8\u958b\u8a2d\u624b\u9806\u3092\u8a73\u3057\u304f<\/a><\/p>\n<\/div>\n<\/div>\n<\/div><\/div>\n\n\n\n<div class=\"wp-block-cover alignwide is-light help\"><span aria-hidden=\"true\" class=\"wp-block-cover__background has-background-dim-0 has-background-dim\"><\/span><img loading=\"lazy\" decoding=\"async\" width=\"2048\" height=\"336\" class=\"wp-block-cover__image-background wp-image-289\" alt=\"\" src=\"https:\/\/bitwallet.com\/wp-content\/uploads\/2023\/06\/mv-support-jpg.webp\" style=\"object-position:50% 50%\" data-object-fit=\"cover\" data-object-position=\"50% 50%\"\/><div class=\"wp-block-cover__inner-container has-global-padding is-layout-constrained wp-block-cover-is-layout-constrained\">\n<p class=\"has-large-font-size translation-block\"><strong>Voc\u00ea precisa de ajuda?<\/strong><br> <strong>Estamos aqui para ajudar.<\/strong><\/p>\n\n\n\n<p class=\"translation-block\">Nossa equipe de suporte est\u00e1 dedicada a atender voc\u00ea.<br> Entre em contato conosco se tiver alguma d\u00favida sobre nossos servi\u00e7os.<\/p>\n\n\n\n<div class=\"wp-block-buttons is-layout-flex wp-block-buttons-is-layout-flex\">\n<div class=\"wp-block-button\"><a class=\"wp-block-button__link wp-element-button\" href=\"\/pt\/support\/contact\/\">Contate-nos<\/a><\/div>\n<\/div>\n<\/div><\/div>","protected":false},"excerpt":{"rendered":"","protected":false},"author":5,"featured_media":0,"parent":24,"menu_order":33,"comment_status":"closed","ping_status":"closed","template":"","meta":{"footnotes":""},"class_list":["post-60","page","type-page","status-publish","hentry"],"_links":{"self":[{"href":"https:\/\/bitwallet.com\/pt\/wp-json\/wp\/v2\/pages\/60","targetHints":{"allow":["GET"]}}],"collection":[{"href":"https:\/\/bitwallet.com\/pt\/wp-json\/wp\/v2\/pages"}],"about":[{"href":"https:\/\/bitwallet.com\/pt\/wp-json\/wp\/v2\/types\/page"}],"author":[{"embeddable":true,"href":"https:\/\/bitwallet.com\/pt\/wp-json\/wp\/v2\/users\/5"}],"replies":[{"embeddable":true,"href":"https:\/\/bitwallet.com\/pt\/wp-json\/wp\/v2\/comments?post=60"}],"version-history":[{"count":132,"href":"https:\/\/bitwallet.com\/pt\/wp-json\/wp\/v2\/pages\/60\/revisions"}],"predecessor-version":[{"id":4907,"href":"https:\/\/bitwallet.com\/pt\/wp-json\/wp\/v2\/pages\/60\/revisions\/4907"}],"up":[{"embeddable":true,"href":"https:\/\/bitwallet.com\/pt\/wp-json\/wp\/v2\/pages\/24"}],"wp:attachment":[{"href":"https:\/\/bitwallet.com\/pt\/wp-json\/wp\/v2\/media?parent=60"}],"curies":[{"name":"wp","href":"https:\/\/api.w.org\/{rel}","templated":true}]}}