{"id":26,"date":"2023-05-10T02:44:42","date_gmt":"2023-05-10T02:44:42","guid":{"rendered":"https:\/\/bitwallet.com\/?page_id=26"},"modified":"2025-10-27T11:14:43","modified_gmt":"2025-10-27T02:14:43","slug":"personal","status":"publish","type":"page","link":"https:\/\/bitwallet.com\/pt\/feature\/personal\/","title":{"rendered":"Conta pessoal"},"content":{"rendered":"<div class=\"wp-block-cover alignwide is-light header\"><img loading=\"lazy\" decoding=\"async\" width=\"2048\" height=\"518\" class=\"wp-block-cover__image-background wp-image-105\" alt=\"\" src=\"https:\/\/bitwallet.com\/wp-content\/uploads\/2023\/05\/mv-feature-personal-jpg.webp\" style=\"object-position:76% 41%\" data-object-fit=\"cover\" data-object-position=\"76% 41%\"\/><span aria-hidden=\"true\" class=\"wp-block-cover__background has-background-dim-0 has-background-dim\"><\/span><div class=\"wp-block-cover__inner-container has-global-padding is-layout-constrained wp-block-cover-is-layout-constrained\">\n<h1 class=\"wp-block-heading has-text-align-left effect00\">Conta pessoal<\/h1>\n\n\n\n<p class=\"effect00 fadeTimeA\">Discover \u00e9 uma experi\u00eancia f\u00e1cil e integrada ao efetuar pagamentos a usu\u00e1rios ou comerciantes com bitwallet. Sua conta de carteira pessoal equipada com o mais alto padr\u00e3o de seguran\u00e7a do setor.<\/p>\n\n\n\n<div class=\"wp-block-buttons is-layout-flex wp-block-buttons-is-layout-flex\">\n<div class=\"wp-block-button btn-signup effect00 fadeTimeB\"><a class=\"wp-block-button__link wp-element-button\" href=\"https:\/\/secure.bitwallet.com\/signup\/certification?lang=en\" target=\"_blank\" rel=\"noreferrer noopener\">Criar carteira<\/a><\/div>\n<\/div>\n<\/div><\/div>\n\n\n\n<div class=\"wp-block-cover alignwide is-light headcopy\" style=\"min-height:138px;aspect-ratio:unset;\" id=\"maincontetnts\"><span aria-hidden=\"true\" class=\"wp-block-cover__background has-background-dim-100 has-background-dim\" style=\"background-color:#f7f7f7\"><\/span><div class=\"wp-block-cover__inner-container has-global-padding is-layout-constrained wp-block-cover-is-layout-constrained\">\n<p class=\"has-text-align-center effect00\">bitwallet, fornecendo solu\u00e7\u00f5es de pagamento nas 4 principais moedas negociadas (USD, JPY, EUR e AUD). Uma carteira digital equipada com seguran\u00e7a de classe mundial.<\/p>\n<\/div><\/div>\n\n\n\n<div class=\"wp-block-cover alignwide is-light\"><span aria-hidden=\"true\" class=\"wp-block-cover__background has-background-dim-0 has-background-dim\"><\/span><div class=\"wp-block-cover__inner-container has-global-padding is-layout-constrained wp-block-cover-is-layout-constrained\">\n<div class=\"wp-block-group swiper feature effect01 fadeTimeA has-global-padding is-layout-constrained wp-block-group-is-layout-constrained\">\n<div class=\"wp-block-group swiper-wrapper has-global-padding is-layout-constrained wp-block-group-is-layout-constrained\">\n<div class=\"wp-block-columns swiper-slide is-layout-flex wp-container-core-columns-is-layout-9d6595d7 wp-block-columns-is-layout-flex\">\n<div class=\"wp-block-column is-layout-flow wp-block-column-is-layout-flow\">\n<figure class=\"wp-block-image size-full personalAnime01\"><img loading=\"lazy\" decoding=\"async\" width=\"616\" height=\"492\" src=\"https:\/\/bitwallet.com\/wp-content\/uploads\/2023\/06\/personal_quality_img01.png\" alt=\"\" class=\"wp-image-195\"\/><\/figure>\n<\/div>\n\n\n\n<div class=\"wp-block-column is-layout-flow wp-block-column-is-layout-flow\">\n<h2 class=\"wp-block-heading personalAnime02\">A carteira mais intuitiva<\/h2>\n\n\n\n<p class=\"personalAnime03\">bitwallet permite transa\u00e7\u00f5es de usu\u00e1rios em v\u00e1rias moedas. O servi\u00e7o de carteira digital mais seguro e vers\u00e1til.<\/p>\n\n\n\n<p class=\"personalAnime03\">O bitwallet \u00e9 totalmente compat\u00edvel com PCI DSS(*) e segue rigorosamente o padr\u00e3o PCI para fornecer um n\u00edvel mais alto de seguran\u00e7a de dados e proteger as informa\u00e7\u00f5es do usu\u00e1rio na plataforma de pagamento. Deposite em 4 moedas principais (USD, JPY, EUR, AUD) com seguran\u00e7a.<\/p>\n\n\n\n<div class=\"wp-block-columns is-not-stacked-on-mobile gap20 mt2em personalAnime04 is-layout-flex wp-container-core-columns-is-layout-9d6595d7 wp-block-columns-is-layout-flex\">\n<div class=\"wp-block-column is-layout-flow wp-block-column-is-layout-flow\" style=\"flex-basis:95px\">\n<figure class=\"wp-block-image size-full w100\"><img loading=\"lazy\" decoding=\"async\" width=\"95\" height=\"37\" src=\"https:\/\/bitwallet.com\/wp-content\/uploads\/2023\/06\/icon_pci01.png\" alt=\"\" class=\"wp-image-205\"\/><\/figure>\n<\/div>\n\n\n\n<div class=\"wp-block-column is-layout-flow wp-block-column-is-layout-flow\">\n<p class=\"note has-small-font-size\">PCI DSS (Payment Card Industry Data Security Standard) \u00e9 o padr\u00e3o global de seguran\u00e7a de cart\u00e3o e \u00e9 desenvolvido e mantido por cinco grandes marcas internacionais de cart\u00e3o de cr\u00e9dito: American Express, Discover, JCB, Mastercard e VISA para aprimorar a seguran\u00e7a dos dados do titular do cart\u00e3o.<\/p>\n<\/div>\n<\/div>\n<\/div>\n<\/div>\n\n\n\n<div class=\"wp-block-columns swiper-slide is-layout-flex wp-container-core-columns-is-layout-9d6595d7 wp-block-columns-is-layout-flex\">\n<div class=\"wp-block-column is-layout-flow wp-block-column-is-layout-flow\">\n<figure class=\"wp-block-image size-full personalAnime01\"><img loading=\"lazy\" decoding=\"async\" width=\"690\" height=\"490\" src=\"https:\/\/bitwallet.com\/wp-content\/uploads\/2023\/06\/personal_quality_img03.png\" alt=\"\" class=\"wp-image-199\"\/><\/figure>\n<\/div>\n\n\n\n<div class=\"wp-block-column is-layout-flow wp-block-column-is-layout-flow\">\n<h2 class=\"wp-block-heading personalAnime02\">V\u00e1rias op\u00e7\u00f5es de pagamento<\/h2>\n\n\n\n<p class=\"personalAnime03\">bitwallet oferece suporte a v\u00e1rios m\u00e9todos de transfer\u00eancia banc\u00e1ria, fazendo pagamentos de sua conta banc\u00e1ria para comerciantes de forma simples e f\u00e1cil.<\/p>\n\n\n\n<p class=\"personalAnime03\">Com o bitwallet, voc\u00ea pode fazer e receber pagamentos rapidamente com taxas competitivas.<\/p>\n<\/div>\n<\/div>\n<\/div>\n<\/div>\n\n<\/div><\/div>\n\n\n\n<div class=\"wp-block-cover alignwide is-light info-feature\" style=\"min-height:140px;aspect-ratio:unset;\"><span aria-hidden=\"true\" class=\"wp-block-cover__background has-background-dim-100 has-background-dim\" style=\"background-color:#f1f1f1\"><\/span><div class=\"wp-block-cover__inner-container has-global-padding is-layout-constrained wp-block-cover-is-layout-constrained\">\n<div class=\"wp-block-columns is-layout-flex wp-container-core-columns-is-layout-9d6595d7 wp-block-columns-is-layout-flex\">\n<div class=\"wp-block-column effect01 is-layout-flow wp-block-column-is-layout-flow\" style=\"flex-basis:25%\">\n<div class=\"wp-block-buttons is-horizontal is-content-justification-center is-layout-flex wp-container-core-buttons-is-layout-499968f5 wp-block-buttons-is-layout-flex\">\n<div class=\"wp-block-button is-style-fill only-en\"><a class=\"wp-block-button__link wp-element-button\" href=\"https:\/\/bitwallet.com\/pt\/service\/deposit\/\" style=\"border-radius:0px\"><img loading=\"lazy\" decoding=\"async\" width=\"180\" height=\"128\" class=\"wp-image-5015\" style=\"width: 180px;\" src=\"https:\/\/bitwallet.com\/wp-content\/uploads\/2024\/12\/icon_personal_prepare.png\" alt=\"\"><br>PREPARAR<\/a><\/div>\n\n\n\n<div class=\"wp-block-button is-style-fill only-ja\"><a class=\"wp-block-button__link wp-element-button\" href=\"https:\/\/bitwallet.com\/pt\/service\/prepare\/\" style=\"border-radius:0px\"><img loading=\"lazy\" decoding=\"async\" width=\"180\" height=\"128\" class=\"wp-image-5015\" style=\"width: 180px;\" src=\"https:\/\/bitwallet.com\/wp-content\/uploads\/2024\/12\/icon_personal_prepare.png\" alt=\"\"><br>\u3054\u6e96\u5099<\/a><\/div>\n<\/div>\n\n\n\n<p>Aceite m\u00e9todos de pagamento f\u00e1ceis via cart\u00e3o de cr\u00e9dito, internet banking e caixas eletr\u00f4nicos de institui\u00e7\u00f5es financeiras do mundo todo.<\/p>\n<\/div>\n\n\n\n<div class=\"wp-block-column effect01 fadeTimeB is-layout-flow wp-block-column-is-layout-flow\" style=\"flex-basis:25%\">\n<div class=\"wp-block-buttons is-horizontal is-content-justification-center is-layout-flex wp-container-core-buttons-is-layout-499968f5 wp-block-buttons-is-layout-flex\">\n<div class=\"wp-block-button is-style-fill only-en\"><a class=\"wp-block-button__link wp-element-button\" href=\"https:\/\/bitwallet.com\/pt\/service\/payment\/\" style=\"border-radius:0px\"><img loading=\"lazy\" decoding=\"async\" width=\"180\" height=\"128\" class=\"wp-image-5014\" style=\"width: 180px;\" src=\"https:\/\/bitwallet.com\/wp-content\/uploads\/2024\/12\/icon_personal_payment.png\" alt=\"\"><br>PAGAMENTO<\/a><\/div>\n\n\n\n<div class=\"wp-block-button is-style-fill only-ja\"><a class=\"wp-block-button__link wp-element-button\" href=\"https:\/\/bitwallet.com\/pt\/service\/payment\/\" style=\"border-radius:0px\"><img loading=\"lazy\" decoding=\"async\" width=\"180\" height=\"128\" class=\"wp-image-5014\" style=\"width: 180px;\" src=\"https:\/\/bitwallet.com\/wp-content\/uploads\/2024\/12\/icon_personal_payment.png\" alt=\"\"><br>\u304a\u652f\u6255<\/a><\/div>\n<\/div>\n\n\n\n<p>Com bitwallet, voc\u00ea pode pagar facilmente USD, JPY, EUR ou AUD a outros usu\u00e1rios com apenas um clique. As transa\u00e7\u00f5es s\u00e3o processadas 24 horas por dia, 7 dias por semana, 365 dias.<\/p>\n<\/div>\n\n\n\n<div class=\"wp-block-column effect01 fadeTimeA is-layout-flow wp-block-column-is-layout-flow\" style=\"flex-basis:25%\">\n<div class=\"wp-block-buttons is-horizontal is-content-justification-center is-layout-flex wp-container-core-buttons-is-layout-499968f5 wp-block-buttons-is-layout-flex\">\n<div class=\"wp-block-button is-style-fill only-en\"><a class=\"wp-block-button__link wp-element-button\" href=\"https:\/\/bitwallet.com\/pt\/service\/receive\/\" style=\"border-radius:0px\"><img loading=\"lazy\" decoding=\"async\" width=\"180\" height=\"128\" class=\"wp-image-5012\" style=\"width: 180px;\" src=\"https:\/\/bitwallet.com\/wp-content\/uploads\/2024\/12\/icon_personal_recieve.png\" alt=\"\"><br>RECEBER<\/a><\/div>\n\n\n\n<div class=\"wp-block-button is-style-fill only-ja\"><a class=\"wp-block-button__link wp-element-button\" href=\"https:\/\/bitwallet.com\/pt\/service\/receive\/\" style=\"border-radius:0px\"><img loading=\"lazy\" decoding=\"async\" width=\"180\" height=\"128\" class=\"wp-image-5012\" style=\"width: 180px;\" src=\"https:\/\/bitwallet.com\/wp-content\/uploads\/2024\/12\/icon_personal_recieve.png\" alt=\"\"><br>\u304a\u53d7\u53d6<\/a><\/div>\n<\/div>\n\n\n\n<p>Retire para sua conta banc\u00e1ria designada nas moedas dispon\u00edveis: USD, JPY, EUR, AUD(\u203b1).<\/p>\n<\/div>\n\n\n\n<div class=\"wp-block-column effect01 fadeTimeC is-layout-flow wp-block-column-is-layout-flow\" style=\"flex-basis:25%\">\n<div class=\"wp-block-buttons is-horizontal is-content-justification-center is-layout-flex wp-container-core-buttons-is-layout-499968f5 wp-block-buttons-is-layout-flex\">\n<div class=\"wp-block-button is-style-fill only-en\"><a class=\"wp-block-button__link wp-element-button\" href=\"https:\/\/bitwallet.com\/pt\/service\/exchange\/\" style=\"border-radius:0px\"><img loading=\"lazy\" decoding=\"async\" width=\"180\" height=\"128\" class=\"wp-image-5013\" style=\"width: 180px;\" src=\"https:\/\/bitwallet.com\/wp-content\/uploads\/2024\/12\/icon_personal_exchange.png\" alt=\"\"><br>INTERC\u00c2MBIO<\/a><\/div>\n\n\n\n<div class=\"wp-block-button is-style-fill only-ja\"><a class=\"wp-block-button__link wp-element-button\" href=\"https:\/\/bitwallet.com\/pt\/service\/exchange\/\" style=\"border-radius:0px\"><img loading=\"lazy\" decoding=\"async\" width=\"180\" height=\"128\" class=\"wp-image-5013\" style=\"width: 180px;\" src=\"https:\/\/bitwallet.com\/wp-content\/uploads\/2024\/12\/icon_personal_exchange.png\" alt=\"\"><br>\u4e21\u66ff<\/a><\/div>\n<\/div>\n\n\n\n<p>Troque moeda a taxas preferenciais. bitwallet oferece servi\u00e7o de c\u00e2mbio USD, JPY, EUR e AUD 24 horas por dia. Processamento de troca em tempo real 24 horas por dia, 7 dias por semana.<\/p>\n<\/div>\n<\/div>\n\n\n\n<ul class=\"wp-block-list note mt2em\">\n<li class=\"has-small-font-size\">(\u203b1) Dispon\u00edvel apenas durante o hor\u00e1rio banc\u00e1rio normal.<\/li>\n<\/ul>\n<\/div><\/div>\n\n\n\n<div class=\"wp-block-cover alignwide is-light point-personal1 effect01\"><img loading=\"lazy\" decoding=\"async\" width=\"3000\" height=\"525\" class=\"wp-block-cover__image-background wp-image-127\" alt=\"\" src=\"https:\/\/bitwallet.com\/wp-content\/uploads\/2023\/05\/mv-feature-personal1.jpg\" data-object-fit=\"cover\"\/><span aria-hidden=\"true\" class=\"wp-block-cover__background has-background-dim-0 has-background-dim\"><\/span><div class=\"wp-block-cover__inner-container has-global-padding is-layout-constrained wp-block-cover-is-layout-constrained\">\n<p class=\"has-text-align-left has-large-font-size\">C\u00e2mbio global instant\u00e2neo<\/p>\n\n\n\n<p>D\u00ea adeus \u00e0 cara taxa de c\u00e2mbio. Experimente o servi\u00e7o de c\u00e2mbio bitwallet sem nenhum custo.<\/p>\n<\/div><\/div>\n\n\n\n<div class=\"wp-block-cover alignwide is-light point-personal2 effect01\"><img loading=\"lazy\" decoding=\"async\" width=\"3000\" height=\"525\" class=\"wp-block-cover__image-background wp-image-129\" alt=\"\" src=\"https:\/\/bitwallet.com\/wp-content\/uploads\/2023\/05\/mv-feature-personal2-jpg.webp\" data-object-fit=\"cover\"\/><span aria-hidden=\"true\" class=\"wp-block-cover__background has-background-dim-0 has-background-dim\"><\/span><div class=\"wp-block-cover__inner-container has-global-padding is-layout-constrained wp-block-cover-is-layout-constrained\">\n<p class=\"has-text-align-left has-large-font-size\">Plataforma preferida para pagamentos no exterior.<\/p>\n\n\n\n<p>O bitwallet \u00e9 escolhido como a solu\u00e7\u00e3o de pagamento ideal por muitos indiv\u00edduos por fornecer servi\u00e7os r\u00e1pidos de dep\u00f3sito e retirada.<\/p>\n<\/div><\/div>\n\n\n\n<div class=\"wp-block-cover alignwide is-light point-personal3 effect01\" style=\"min-height:430px;aspect-ratio:unset;\"><img loading=\"lazy\" decoding=\"async\" width=\"3000\" height=\"525\" class=\"wp-block-cover__image-background wp-image-130\" alt=\"\" src=\"https:\/\/bitwallet.com\/wp-content\/uploads\/2023\/05\/mv-feature-personal3-jpg.webp\" data-object-fit=\"cover\"\/><span aria-hidden=\"true\" class=\"wp-block-cover__background has-background-dim-0 has-background-dim\"><\/span><div class=\"wp-block-cover__inner-container has-global-padding is-layout-constrained wp-block-cover-is-layout-constrained\">\n<p class=\"has-text-align-left has-large-font-size\">Retire de qualquer lugar<\/p>\n\n\n\n<p>Retire para qualquer conta banc\u00e1ria e receba em at\u00e9 1 dia \u00fatil. Transfira para qualquer pa\u00eds de sua prefer\u00eancia na taxa que desejar.<\/p>\n<\/div><\/div>\n\n\n\n<div class=\"wp-block-group alignwide info-lets is-layout-flow wp-block-group-is-layout-flow\">\n<p class=\"has-text-align-center effect01\">Experimente a carteira digital mais importante do mundo<\/p>\n\n\n\n<h2 class=\"wp-block-heading has-text-align-center effect01\">Junte-se a n\u00f3s agora<\/h2>\n\n\n\n<div class=\"wp-block-columns alignwide are-vertically-aligned-center is-not-stacked-on-mobile effect01 fadeTimeB is-layout-flex wp-container-core-columns-is-layout-9d6595d7 wp-block-columns-is-layout-flex\">\n<div class=\"wp-block-column is-vertically-aligned-center has-vivid-cyan-blue-background-color has-background is-layout-flow wp-block-column-is-layout-flow\">\n<p class=\"has-text-align-right translation-block\">Taxa de registro<br> Taxa mensal<\/p>\n<\/div>\n\n\n\n<div class=\"wp-block-column is-vertically-aligned-center has-pale-cyan-blue-background-color has-background is-layout-flow wp-block-column-is-layout-flow\">\n<p>0 ienes<\/p>\n<\/div>\n<\/div>\n<\/div>\n\n\n\n<div class=\"wp-block-cover alignwide is-light info-step\"><span aria-hidden=\"true\" class=\"wp-block-cover__background has-background-dim-0 has-background-dim\"><\/span><div class=\"wp-block-cover__inner-container has-global-padding is-layout-constrained wp-block-cover-is-layout-constrained\">\n<h3 class=\"wp-block-heading has-text-align-center effect01\"><strong>Apenas 4 passos simples.<\/strong><br> <strong>A carteira requer pelo menos 30 minutos para ficar pronta.<\/strong><\/h3>\n\n\n\n<div class=\"wp-block-columns step is-layout-flex wp-container-core-columns-is-layout-9d6595d7 wp-block-columns-is-layout-flex\">\n<div class=\"wp-block-column effect01 is-layout-flow wp-block-column-is-layout-flow\">\n<p class=\"has-text-align-center\"><strong>PASSO 1<\/strong><\/p>\n\n\n\n<figure class=\"wp-block-image aligncenter size-full\"><img loading=\"lazy\" decoding=\"async\" width=\"321\" height=\"321\" src=\"https:\/\/bitwallet.com\/wp-content\/uploads\/2023\/06\/icon_step1.png\" alt=\"\" class=\"wp-image-190\"\/><\/figure>\n\n\n\n<p>Registre-se em qualquer dispositivo. Insira suas informa\u00e7\u00f5es b\u00e1sicas na p\u00e1gina de registro para come\u00e7ar.<\/p>\n<\/div>\n\n\n\n<div class=\"wp-block-column effect01 fadeTimeA is-layout-flow wp-block-column-is-layout-flow\">\n<p class=\"has-text-align-center\"><strong>PASSO 2<\/strong><\/p>\n\n\n\n<figure class=\"wp-block-image aligncenter size-full\"><img loading=\"lazy\" decoding=\"async\" width=\"321\" height=\"321\" src=\"https:\/\/bitwallet.com\/wp-content\/uploads\/2023\/06\/icon_step2.png\" alt=\"\" class=\"wp-image-191\"\/><\/figure>\n\n\n\n<p>Um link de verifica\u00e7\u00e3o ser\u00e1 enviado para o seu endere\u00e7o de e-mail cadastrado. Insira outras informa\u00e7\u00f5es necess\u00e1rias para prosseguir.<\/p>\n<\/div>\n\n\n\n<div class=\"wp-block-column effect01 fadeTimeB is-layout-flow wp-block-column-is-layout-flow\">\n<p class=\"has-text-align-center\"><strong>ETAPA 3<\/strong><\/p>\n\n\n\n<figure class=\"wp-block-image aligncenter size-full\"><img loading=\"lazy\" decoding=\"async\" width=\"321\" height=\"321\" src=\"https:\/\/bitwallet.com\/wp-content\/uploads\/2023\/06\/icon_step3.png\" alt=\"\" class=\"wp-image-192\"\/><\/figure>\n\n\n\n<p>Fa\u00e7a login e carregue seus documentos de verifica\u00e7\u00e3o de identidade, comprovante de endere\u00e7o residencial e selfie na p\u00e1gina de envio de documentos de verifica\u00e7\u00e3o.<\/p>\n<\/div>\n\n\n\n<div class=\"wp-block-column effect01 fadeTimeC is-layout-flow wp-block-column-is-layout-flow\">\n<p class=\"has-text-align-center\"><strong>PASSO 4<\/strong><\/p>\n\n\n\n<figure class=\"wp-block-image aligncenter size-full\"><img loading=\"lazy\" decoding=\"async\" width=\"321\" height=\"321\" src=\"https:\/\/bitwallet.com\/wp-content\/uploads\/2023\/06\/icon_step4.png\" alt=\"\" class=\"wp-image-193\"\/><\/figure>\n\n\n\n<p>No hor\u00e1rio comercial normal, o trabalho de confirma\u00e7\u00e3o ser\u00e1 conclu\u00eddo em no m\u00ednimo 30 minutos. Depois de verificado e aprovado, as informa\u00e7\u00f5es da sua conta ser\u00e3o enviadas a voc\u00ea por e-mail.<\/p>\n<\/div>\n<\/div>\n\n\n\n<div class=\"wp-block-columns frontpage-cv is-layout-flex wp-container-core-columns-is-layout-9d6595d7 wp-block-columns-is-layout-flex\">\n<div class=\"wp-block-column is-vertically-aligned-center is-layout-flow wp-block-column-is-layout-flow\"><\/div>\n\n\n\n<div class=\"wp-block-column is-layout-flow wp-block-column-is-layout-flow\">\n<div class=\"wp-block-buttons is-content-justification-center is-layout-flex wp-container-core-buttons-is-layout-16018d1d wp-block-buttons-is-layout-flex\">\n<div class=\"wp-block-button has-custom-width wp-block-button__width-100 btn-signup effect01\"><a class=\"wp-block-button__link wp-element-button\" href=\"https:\/\/secure.bitwallet.com\/signup\/certification?lang=en\" target=\"_blank\" rel=\"noreferrer noopener\">Criar carteira<\/a><\/div>\n<\/div>\n<\/div>\n\n\n\n<div class=\"wp-block-column is-vertically-aligned-center is-layout-flow wp-block-column-is-layout-flow\">\n<p class=\"has-text-align-center effect01 fadeTimeB\"><a href=\"\/pt\/service\/account-open\/\" data-type=\"page\" data-id=\"78\"><span class=\"only-en\">Descubra mais<\/span><span class=\"only-ja\">\u30a6\u30a9\u30ec\u30c3\u30c8\u958b\u8a2d\u624b\u9806\u3092\u8a73\u3057\u304f<\/span><\/a><\/p>\n<\/div>\n<\/div>\n<\/div><\/div>\n\n\n\n<div class=\"wp-block-cover alignwide is-light help\"><img loading=\"lazy\" decoding=\"async\" width=\"2048\" height=\"336\" class=\"wp-block-cover__image-background wp-image-289\" alt=\"\" src=\"https:\/\/bitwallet.com\/wp-content\/uploads\/2023\/06\/mv-support-jpg.webp\" style=\"object-position:50% 50%\" data-object-fit=\"cover\" data-object-position=\"50% 50%\"\/><span aria-hidden=\"true\" class=\"wp-block-cover__background has-background-dim-0 has-background-dim\"><\/span><div class=\"wp-block-cover__inner-container has-global-padding is-layout-constrained wp-block-cover-is-layout-constrained\">\n<p class=\"has-large-font-size translation-block\"><strong>Voc\u00ea precisa de ajuda?<\/strong><br> <strong>Estamos aqui para ajudar.<\/strong><\/p>\n\n\n\n<p class=\"translation-block\">Nossa equipe de suporte est\u00e1 dedicada a atender voc\u00ea.<br> Entre em contato conosco se tiver alguma d\u00favida sobre nossos servi\u00e7os.<\/p>\n\n\n\n<div class=\"wp-block-buttons is-layout-flex wp-block-buttons-is-layout-flex\">\n<div class=\"wp-block-button\"><a class=\"wp-block-button__link wp-element-button\" href=\"\/pt\/support\/contact\/\">Contate-nos<\/a><\/div>\n<\/div>\n<\/div><\/div>","protected":false},"excerpt":{"rendered":"<p>Gerencie suas finan\u00e7as pessoais no bitwallet. Nossa plataforma oferece solu\u00e7\u00f5es r\u00e1pidas, seguras e convenientes para gerenciar seu dinheiro. Cadastre-se para uma conta gratuita hoje.<\/p>","protected":false},"author":5,"featured_media":0,"parent":24,"menu_order":32,"comment_status":"closed","ping_status":"closed","template":"","meta":{"footnotes":""},"class_list":["post-26","page","type-page","status-publish","hentry"],"_links":{"self":[{"href":"https:\/\/bitwallet.com\/pt\/wp-json\/wp\/v2\/pages\/26","targetHints":{"allow":["GET"]}}],"collection":[{"href":"https:\/\/bitwallet.com\/pt\/wp-json\/wp\/v2\/pages"}],"about":[{"href":"https:\/\/bitwallet.com\/pt\/wp-json\/wp\/v2\/types\/page"}],"author":[{"embeddable":true,"href":"https:\/\/bitwallet.com\/pt\/wp-json\/wp\/v2\/users\/5"}],"replies":[{"embeddable":true,"href":"https:\/\/bitwallet.com\/pt\/wp-json\/wp\/v2\/comments?post=26"}],"version-history":[{"count":108,"href":"https:\/\/bitwallet.com\/pt\/wp-json\/wp\/v2\/pages\/26\/revisions"}],"predecessor-version":[{"id":5688,"href":"https:\/\/bitwallet.com\/pt\/wp-json\/wp\/v2\/pages\/26\/revisions\/5688"}],"up":[{"embeddable":true,"href":"https:\/\/bitwallet.com\/pt\/wp-json\/wp\/v2\/pages\/24"}],"wp:attachment":[{"href":"https:\/\/bitwallet.com\/pt\/wp-json\/wp\/v2\/media?parent=26"}],"curies":[{"name":"wp","href":"https:\/\/api.w.org\/{rel}","templated":true}]}}