{"id":1591,"date":"2023-10-15T18:57:18","date_gmt":"2023-10-15T09:57:18","guid":{"rendered":"https:\/\/bitwallet.com\/?page_id=1591"},"modified":"2024-08-16T12:19:46","modified_gmt":"2024-08-16T03:19:46","slug":"merchant-inquiry","status":"publish","type":"page","link":"https:\/\/bitwallet.com\/pt\/support\/contact\/merchant-inquiry\/","title":{"rendered":"Para comerciantes"},"content":{"rendered":"<div class=\"wp-block-cover alignwide header\"><span aria-hidden=\"true\" class=\"wp-block-cover__background has-background-dim-0 has-background-dim\"><\/span><img loading=\"lazy\" decoding=\"async\" width=\"2000\" height=\"360\" class=\"wp-block-cover__image-background wp-image-1033\" alt=\"\" src=\"https:\/\/bitwallet.com\/wp-content\/uploads\/2023\/09\/mv-support-contact-jpg.webp\" data-object-fit=\"cover\"\/><div class=\"wp-block-cover__inner-container has-global-padding is-layout-constrained wp-block-cover-is-layout-constrained\">\n<h1 class=\"wp-block-heading has-text-align-left effect00\">Contate-nos<\/h1>\n\n\n\n<p class=\"effect00 fadeTimeA\">Consulta de servi\u00e7o<\/p>\n<\/div><\/div>\n\n\n\n<h2 class=\"wp-block-heading effect01\">Para comerciantes<\/h2>\n\n\n\n<p><\/p>\n\n\n\n<div class=\"wp-block-group box effect01 has-global-padding is-layout-constrained wp-block-group-is-layout-constrained\">\n<h3 class=\"wp-block-heading\">Para comerciantes<\/h3>\n\n\n\n<p>Se voc\u00ea \u00e9 membro do comerciante ou est\u00e1 pensando em se inscrever como comerciante, entre em contato conosco aqui.<\/p>\n\n\n\n<h4 class=\"wp-block-heading\">Formul\u00e1rio de Contato<\/h4>\n\n\n\n<p>Dispon\u00edvel: 24 horas<br>Hor\u00e1rio de funcionamento: segunda a s\u00e1bado, das 9h00 \u00e0s 17h00 (JST)<\/p>\n\n\n\n<div class=\"wp-block-buttons is-content-justification-center is-layout-flex wp-container-core-buttons-is-layout-16018d1d wp-block-buttons-is-layout-flex\">\n<div class=\"wp-block-button effect01 only-en\"><a class=\"wp-block-button__link wp-element-button\" href=\"https:\/\/secure.bitwallet.com\/contact\/inquiry2\/5?lang=en\">Contate-nos<\/a><\/div>\n\n\n\n<div class=\"wp-block-button effect01 only-ja\"><a class=\"wp-block-button__link wp-element-button\" href=\"https:\/\/secure.bitwallet.com\/contact\/inquiry2\/5?lang=ja\">\u304a\u554f\u3044\u5408\u308f\u305b\u30d5\u30a9\u30fc\u30e0<\/a><\/div>\n<\/div>\n<\/div>\n\n\n\n<div class=\"wp-block-cover alignwide is-light help\"><span aria-hidden=\"true\" class=\"wp-block-cover__background has-background-dim-0 has-background-dim\"><\/span><img loading=\"lazy\" decoding=\"async\" width=\"2048\" height=\"336\" class=\"wp-block-cover__image-background wp-image-289\" alt=\"\" src=\"https:\/\/bitwallet.com\/wp-content\/uploads\/2023\/06\/mv-support-jpg.webp\" style=\"object-position:50% 50%\" data-object-fit=\"cover\" data-object-position=\"50% 50%\"\/><div class=\"wp-block-cover__inner-container has-global-padding is-layout-constrained wp-block-cover-is-layout-constrained\">\n<p class=\"has-large-font-size translation-block\"><strong>Voc\u00ea precisa de ajuda?<\/strong><br> <strong>Estamos aqui para ajudar.<\/strong><\/p>\n\n\n\n<p class=\"translation-block\">Nossa equipe de suporte est\u00e1 dedicada a atender voc\u00ea.<br> Entre em contato conosco se tiver alguma d\u00favida sobre nossos servi\u00e7os.<\/p>\n\n\n\n<div class=\"wp-block-buttons is-layout-flex wp-block-buttons-is-layout-flex\">\n<div class=\"wp-block-button\"><a class=\"wp-block-button__link wp-element-button\" href=\"\/pt\/support\/contact\/\">Contate-nos<\/a><\/div>\n<\/div>\n<\/div><\/div>","protected":false},"excerpt":{"rendered":"<p>Para comerciantes Para comerciantes Se voc\u00ea \u00e9 um membro do comerciante ou est\u00e1 pensando em se registrar como comerciante, entre em contato conosco aqui. Formul\u00e1rio de contato Dispon\u00edvel: 24 horasHor\u00e1rio de funcionamento: Segunda a s\u00e1bado, 9:00 ~ 17:00 (JST)<\/p>","protected":false},"author":5,"featured_media":0,"parent":1028,"menu_order":13,"comment_status":"closed","ping_status":"closed","template":"","meta":{"footnotes":""},"class_list":["post-1591","page","type-page","status-publish","hentry"],"_links":{"self":[{"href":"https:\/\/bitwallet.com\/pt\/wp-json\/wp\/v2\/pages\/1591","targetHints":{"allow":["GET"]}}],"collection":[{"href":"https:\/\/bitwallet.com\/pt\/wp-json\/wp\/v2\/pages"}],"about":[{"href":"https:\/\/bitwallet.com\/pt\/wp-json\/wp\/v2\/types\/page"}],"author":[{"embeddable":true,"href":"https:\/\/bitwallet.com\/pt\/wp-json\/wp\/v2\/users\/5"}],"replies":[{"embeddable":true,"href":"https:\/\/bitwallet.com\/pt\/wp-json\/wp\/v2\/comments?post=1591"}],"version-history":[{"count":12,"href":"https:\/\/bitwallet.com\/pt\/wp-json\/wp\/v2\/pages\/1591\/revisions"}],"predecessor-version":[{"id":4926,"href":"https:\/\/bitwallet.com\/pt\/wp-json\/wp\/v2\/pages\/1591\/revisions\/4926"}],"up":[{"embeddable":true,"href":"https:\/\/bitwallet.com\/pt\/wp-json\/wp\/v2\/pages\/1028"}],"wp:attachment":[{"href":"https:\/\/bitwallet.com\/pt\/wp-json\/wp\/v2\/media?parent=1591"}],"curies":[{"name":"wp","href":"https:\/\/api.w.org\/{rel}","templated":true}]}}