{"id":1244,"date":"2023-10-10T17:13:46","date_gmt":"2023-10-10T08:13:46","guid":{"rendered":"https:\/\/bitwallet.com\/?page_id=1244"},"modified":"2024-01-09T18:54:34","modified_gmt":"2024-01-09T09:54:34","slug":"sitemap","status":"publish","type":"page","link":"https:\/\/bitwallet.com\/pt\/aboutus\/sitemap\/","title":{"rendered":"Mapa do site"},"content":{"rendered":"","protected":false},"excerpt":{"rendered":"<p>O Sitemap bitwallet mostra uma vis\u00e3o geral do que est\u00e1 dispon\u00edvel no bitwallet.<\/p>","protected":false},"author":5,"featured_media":0,"parent":322,"menu_order":5,"comment_status":"closed","ping_status":"closed","template":"","meta":{"footnotes":""},"class_list":["post-1244","page","type-page","status-publish","hentry"],"_links":{"self":[{"href":"https:\/\/bitwallet.com\/pt\/wp-json\/wp\/v2\/pages\/1244","targetHints":{"allow":["GET"]}}],"collection":[{"href":"https:\/\/bitwallet.com\/pt\/wp-json\/wp\/v2\/pages"}],"about":[{"href":"https:\/\/bitwallet.com\/pt\/wp-json\/wp\/v2\/types\/page"}],"author":[{"embeddable":true,"href":"https:\/\/bitwallet.com\/pt\/wp-json\/wp\/v2\/users\/5"}],"replies":[{"embeddable":true,"href":"https:\/\/bitwallet.com\/pt\/wp-json\/wp\/v2\/comments?post=1244"}],"version-history":[{"count":4,"href":"https:\/\/bitwallet.com\/pt\/wp-json\/wp\/v2\/pages\/1244\/revisions"}],"predecessor-version":[{"id":3146,"href":"https:\/\/bitwallet.com\/pt\/wp-json\/wp\/v2\/pages\/1244\/revisions\/3146"}],"up":[{"embeddable":true,"href":"https:\/\/bitwallet.com\/pt\/wp-json\/wp\/v2\/pages\/322"}],"wp:attachment":[{"href":"https:\/\/bitwallet.com\/pt\/wp-json\/wp\/v2\/media?parent=1244"}],"curies":[{"name":"wp","href":"https:\/\/api.w.org\/{rel}","templated":true}]}}