{"id":1118,"date":"2023-09-21T18:00:22","date_gmt":"2023-09-21T09:00:22","guid":{"rendered":"https:\/\/bitwallet.com\/?page_id=1118"},"modified":"2026-03-25T12:58:20","modified_gmt":"2026-03-25T03:58:20","slug":"api","status":"publish","type":"page","link":"https:\/\/bitwallet.com\/pt\/support\/api\/","title":{"rendered":"Especifica\u00e7\u00e3o da API"},"content":{"rendered":"<div class=\"wp-block-cover alignwide header\"><img loading=\"lazy\" decoding=\"async\" width=\"2000\" height=\"360\" class=\"wp-block-cover__image-background wp-image-1120\" alt=\"\" src=\"https:\/\/bitwallet.com\/wp-content\/uploads\/2023\/09\/mv-support-api-jpg.webp\" data-object-fit=\"cover\"\/><span aria-hidden=\"true\" class=\"wp-block-cover__background has-background-dim-0 has-background-dim\"><\/span><div class=\"wp-block-cover__inner-container has-global-padding is-layout-constrained wp-block-cover-is-layout-constrained\">\n<h1 class=\"wp-block-heading has-text-align-left effect00\">Especifica\u00e7\u00e3o da API<\/h1>\n\n\n\n<p class=\"effect00 fadeTimeA\">Especifica\u00e7\u00e3o do programa para desenvolvedores<\/p>\n<\/div><\/div>\n\n\n\n<h2 class=\"wp-block-heading effect00\">API Web bitwallet<\/h2>\n\n\n\n<p class=\"effect00 fadeTimeA\">bitwallet fornece uma explica\u00e7\u00e3o hol\u00edstica na especifica\u00e7\u00e3o da API, como API bitwallet e API bitwallet Exchange para desenvolvedores. A API do comerciante bitwallet permite que a conta do comerciante se conecte aos nossos servi\u00e7os de pagamento e autentica\u00e7\u00e3o para um ambiente de pagamento perfeito.<\/p>\n\n\n\n<div class=\"wp-block-group box effect00 fadeTimeB has-global-padding is-layout-constrained wp-block-group-is-layout-constrained\">\n<h3 class=\"wp-block-heading fiat\">API Web bitwallet<\/h3>\n\n\n\n<h4 class=\"wp-block-heading\">API de pagamento bitwallet (BPA)<\/h4>\n\n\n\n<p>BPA \u00e9 uma API de gateway para transa\u00e7\u00f5es com cart\u00e3o de cr\u00e9dito bitwallet, permitindo f\u00e1cil processo de pagamento (cart\u00e3o de cr\u00e9dito e transfer\u00eancia banc\u00e1ria) na plataforma bitwallet.<\/p>\n\n\n\n<p class=\"blank\"><a href=\"#\">Especifica\u00e7\u00e3o BPA (prepara\u00e7\u00e3o)<\/a><\/p>\n\n\n\n<hr class=\"wp-block-separator has-alpha-channel-opacity\"\/>\n\n\n\n<h4 class=\"wp-block-heading\">API de troca bitwallet (BEA)<\/h4>\n\n\n\n<p>BEA \u00e9 uma API especializada em c\u00e2mbio de moeda dispon\u00edvel na plataforma bitwallet. BEA \u00e9 dividido em dois tipos, API P\u00fablica e API Segura. A API p\u00fablica n\u00e3o emprega autentica\u00e7\u00e3o de usu\u00e1rio, enquanto a API segura requer autentica\u00e7\u00e3o. A API p\u00fablica fornece dados h\u00edbridos, como informa\u00e7\u00f5es de pre\u00e7os, e a API segura garante a confidencialidade das informa\u00e7\u00f5es, dep\u00f3sitos e retiradas que processa via API.<\/p>\n\n\n\n<p class=\"blank\"><a href=\"#\">Especifica\u00e7\u00e3o BEA (prepara\u00e7\u00e3o) <\/a><\/p>\n\n\n\n<hr class=\"wp-block-separator has-alpha-channel-opacity\"\/>\n\n\n\n<h4 class=\"wp-block-heading\">API do comerciante bitwallet (BMA)<\/h4>\n\n\n\n<p>BMA \u00e9 uma API que bitwallet implementou com recurso de carteira em sua plataforma. A API \u00e9 especializada e direcionada para contas de comerciantes, integrando sistema de pagamento bitwallet, recursos de carteira e permitindo autentica\u00e7\u00e3o de identidade OpenID Connect em seus sites.<\/p>\n\n\n\n<p class=\"blank\"><a href=\"https:\/\/secure.bitwallet.com\/docs\/merchant?lang=en\" target=\"_blank\" rel=\"noreferrer noopener\">Especifica\u00e7\u00e3o BMA (2026.03.25) ver.2.06<\/a><\/p>\n<\/div>","protected":false},"excerpt":{"rendered":"<p>API da Web bitwallet bitwallet fornece uma explica\u00e7\u00e3o hol\u00edstica na especifica\u00e7\u00e3o da API, como API bitwallet e API bitwallet Exchange para desenvolvedores. A API do comerciante bitwallet permite que a conta do comerciante se conecte aos nossos servi\u00e7os de pagamento e autentica\u00e7\u00e3o para um ambiente de pagamento perfeito. API Web bitwallet API de pagamento bitwallet (BPA) BPA \u00e9 uma API de gateway para transa\u00e7\u00f5es com cart\u00e3o de cr\u00e9dito bitwallet, permitindo f\u00e1cil processo de pagamento (cart\u00e3o de cr\u00e9dito e transfer\u00eancia banc\u00e1ria) na plataforma bitwallet. Especifica\u00e7\u00e3o BPA (prepara\u00e7\u00e3o) API de c\u00e2mbio bitwallet (BEA) BEA \u00e9 uma API especializada em c\u00e2mbio de moeda dispon\u00edvel na plataforma bitwallet. BEA \u00e9 dividido em dois tipos, API P\u00fablica e API Segura. A API p\u00fablica n\u00e3o emprega autentica\u00e7\u00e3o de usu\u00e1rio, enquanto a API segura requer autentica\u00e7\u00e3o. API p\u00fablica\u2026<\/p>","protected":false},"author":5,"featured_media":0,"parent":310,"menu_order":17,"comment_status":"closed","ping_status":"closed","template":"","meta":{"footnotes":""},"class_list":["post-1118","page","type-page","status-publish","hentry"],"_links":{"self":[{"href":"https:\/\/bitwallet.com\/pt\/wp-json\/wp\/v2\/pages\/1118","targetHints":{"allow":["GET"]}}],"collection":[{"href":"https:\/\/bitwallet.com\/pt\/wp-json\/wp\/v2\/pages"}],"about":[{"href":"https:\/\/bitwallet.com\/pt\/wp-json\/wp\/v2\/types\/page"}],"author":[{"embeddable":true,"href":"https:\/\/bitwallet.com\/pt\/wp-json\/wp\/v2\/users\/5"}],"replies":[{"embeddable":true,"href":"https:\/\/bitwallet.com\/pt\/wp-json\/wp\/v2\/comments?post=1118"}],"version-history":[{"count":18,"href":"https:\/\/bitwallet.com\/pt\/wp-json\/wp\/v2\/pages\/1118\/revisions"}],"predecessor-version":[{"id":5774,"href":"https:\/\/bitwallet.com\/pt\/wp-json\/wp\/v2\/pages\/1118\/revisions\/5774"}],"up":[{"embeddable":true,"href":"https:\/\/bitwallet.com\/pt\/wp-json\/wp\/v2\/pages\/310"}],"wp:attachment":[{"href":"https:\/\/bitwallet.com\/pt\/wp-json\/wp\/v2\/media?parent=1118"}],"curies":[{"name":"wp","href":"https:\/\/api.w.org\/{rel}","templated":true}]}}