{"id":1045,"date":"2023-09-21T10:05:37","date_gmt":"2023-09-21T01:05:37","guid":{"rendered":"https:\/\/bitwallet.com\/?page_id=1045"},"modified":"2024-08-16T12:19:15","modified_gmt":"2024-08-16T03:19:15","slug":"customer-inquiry","status":"publish","type":"page","link":"https:\/\/bitwallet.com\/pt\/support\/contact\/customer-inquiry\/","title":{"rendered":"Para suporte ao cliente"},"content":{"rendered":"<div class=\"wp-block-cover alignwide header\"><span aria-hidden=\"true\" class=\"wp-block-cover__background has-background-dim-0 has-background-dim\"><\/span><img loading=\"lazy\" decoding=\"async\" width=\"2000\" height=\"360\" class=\"wp-block-cover__image-background wp-image-1033\" alt=\"\" src=\"https:\/\/bitwallet.com\/wp-content\/uploads\/2023\/09\/mv-support-contact-jpg.webp\" data-object-fit=\"cover\"\/><div class=\"wp-block-cover__inner-container has-global-padding is-layout-constrained wp-block-cover-is-layout-constrained\">\n<h1 class=\"wp-block-heading has-text-align-left effect00\">Contate-nos<\/h1>\n\n\n\n<p class=\"effect00 fadeTimeA\">Consulta de servi\u00e7o<\/p>\n<\/div><\/div>\n\n\n\n<h2 class=\"wp-block-heading effect01\">Para suporte ao cliente<\/h2>\n\n\n\n<p><\/p>\n\n\n\n<div class=\"wp-block-group box effect01 has-global-padding is-layout-constrained wp-block-group-is-layout-constrained\">\n<h3 class=\"wp-block-heading\">Para suporte ao cliente<\/h3>\n\n\n\n<p>Se voc\u00ea tiver alguma d\u00favida sobre a abertura de uma conta, o uso da sua conta ou nosso servi\u00e7o, entre em contato conosco aqui.<\/p>\n\n\n\n<h4 class=\"wp-block-heading\">Formul\u00e1rio de Contato<\/h4>\n\n\n\n<p>Dispon\u00edvel: 24 horas<br>Hor\u00e1rio de funcionamento: segunda a s\u00e1bado, das 9h00 \u00e0s 17h00 (JST)<\/p>\n\n\n\n<p>Se voc\u00ea j\u00e1 possui uma conta, fa\u00e7a login selecionando o bot\u00e3o abaixo e entre em contato conosco.<\/p>\n\n\n\n<div class=\"wp-block-buttons is-content-justification-center is-layout-flex wp-container-core-buttons-is-layout-16018d1d wp-block-buttons-is-layout-flex\">\n<div class=\"wp-block-button effect01\"><a class=\"wp-block-button__link wp-element-button\" href=\"https:\/\/secure.bitwallet.com\/signin\/?a=contact\/lists&amp;lang=en\" target=\"_blank\" rel=\"noreferrer noopener\">Usu\u00e1rios com conta bitwallet<\/a><\/div>\n<\/div>\n\n\n\n<p>Se voc\u00ea n\u00e3o possui uma conta ou n\u00e3o consegue fazer login, entre em contato conosco selecionando as seguintes op\u00e7\u00f5es.<\/p>\n\n\n\n<div class=\"wp-block-buttons is-content-justification-center is-layout-flex wp-container-core-buttons-is-layout-16018d1d wp-block-buttons-is-layout-flex\">\n<div class=\"wp-block-button effect01 translation-block\"><a class=\"wp-block-button__link wp-element-button\" href=\"https:\/\/secure.bitwallet.com\/contact\/inquiry\/?lang=en\" target=\"_blank\" rel=\"noreferrer noopener\">Clientes que n\u00e3o possuem conta<br> Usu\u00e1rios que n\u00e3o conseguem fazer login<\/a><\/div>\n<\/div>\n\n\n\n<h4 class=\"wp-block-heading\">Suporte para consultas por meio de orienta\u00e7\u00e3o por voz (idioma japon\u00eas)<\/h4>\n\n\n\n<p>Para d\u00favidas gerais, voc\u00ea tamb\u00e9m pode usar as orienta\u00e7\u00f5es por telefone. Se voc\u00ea tiver alguma d\u00favida espec\u00edfica sobre sua conta, entre em contato atrav\u00e9s do formul\u00e1rio de consulta acima.<\/p>\n\n\n\n<p>Dispon\u00edvel: 24 horas<br><span class=\"only-en\">Hor\u00e1rio de funcionamento: segunda a s\u00e1bado, das 9h00 \u00e0s 17h00 (JST)<br><\/span><span class=\"only-ja\">\u30aa\u30da\u30ec\u30fc\u30bf\u30fc\u5bfe\u5fdc\u6642\u9593\uff1a\u5e73\u65e5 9:00\uff5e17:00 *Hoje em dia<\/span><\/p>\n\n\n\n<p class=\"has-text-align-center customer-inquiry\">(+81) 050-3204-0823<\/p>\n\n\n\n<p class=\"note has-small-font-size translation-block\">As informa\u00e7\u00f5es pessoais fornecidas por voc\u00ea ser\u00e3o usadas apenas para responder \u00e0 sua consulta. N\u00e3o as usamos para nenhum outro prop\u00f3sito nem as fornecemos a terceiros sem permiss\u00e3o. Trataremos suas informa\u00e7\u00f5es pessoais com cuidado, de acordo com nossa <a href=\"https:\/\/bitwallet.com\/pt\/aboutus\/privacy\/\" target=\"_self\">Pol\u00edtica de Privacidade<\/a> .<\/p>\n<\/div>\n\n\n\n<div class=\"wp-block-cover alignwide is-light help\"><span aria-hidden=\"true\" class=\"wp-block-cover__background has-background-dim-0 has-background-dim\"><\/span><img loading=\"lazy\" decoding=\"async\" width=\"2048\" height=\"336\" class=\"wp-block-cover__image-background wp-image-289\" alt=\"\" src=\"https:\/\/bitwallet.com\/wp-content\/uploads\/2023\/06\/mv-support-jpg.webp\" style=\"object-position:50% 50%\" data-object-fit=\"cover\" data-object-position=\"50% 50%\"\/><div class=\"wp-block-cover__inner-container has-global-padding is-layout-constrained wp-block-cover-is-layout-constrained\">\n<p class=\"has-large-font-size translation-block\"><strong>Voc\u00ea precisa de ajuda?<\/strong><br> <strong>Estamos aqui para ajudar.<\/strong><\/p>\n\n\n\n<p class=\"translation-block\">Nossa equipe de suporte est\u00e1 dedicada a atender voc\u00ea.<br> Entre em contato conosco se tiver alguma d\u00favida sobre nossos servi\u00e7os.<\/p>\n\n\n\n<div class=\"wp-block-buttons is-layout-flex wp-block-buttons-is-layout-flex\">\n<div class=\"wp-block-button\"><a class=\"wp-block-button__link wp-element-button\" href=\"\/pt\/support\/contact\/\">Contate-nos<\/a><\/div>\n<\/div>\n<\/div><\/div>","protected":false},"excerpt":{"rendered":"<p>Para suporte ao cliente Para suporte ao cliente Se voc\u00ea tiver alguma d\u00favida sobre a abertura de uma conta, uso da sua conta ou nosso servi\u00e7o, entre em contato conosco aqui. Formul\u00e1rio de contato Dispon\u00edvel: 24 horas Hor\u00e1rio de funcionamento: Segunda a s\u00e1bado, 9:00 ~ 17:00 (JST) Se voc\u00ea j\u00e1 tem uma conta, fa\u00e7a login selecionando o bot\u00e3o abaixo e entre em contato conosco. Se voc\u00ea n\u00e3o tem uma conta ou n\u00e3o consegue fazer login, entre em contato conosco selecionando as seguintes op\u00e7\u00f5es. Suporte para consulta por meio de orienta\u00e7\u00e3o por voz (idioma japon\u00eas) Para perguntas gerais, voc\u00ea tamb\u00e9m pode usar a orienta\u00e7\u00e3o por telefone. Se voc\u00ea tiver alguma d\u00favida espec\u00edfica sobre sua conta, entre em contato por meio do formul\u00e1rio de consulta acima. Dispon\u00edvel:\u2026<\/p>","protected":false},"author":5,"featured_media":0,"parent":1028,"menu_order":12,"comment_status":"closed","ping_status":"closed","template":"","meta":{"footnotes":""},"class_list":["post-1045","page","type-page","status-publish","hentry"],"_links":{"self":[{"href":"https:\/\/bitwallet.com\/pt\/wp-json\/wp\/v2\/pages\/1045","targetHints":{"allow":["GET"]}}],"collection":[{"href":"https:\/\/bitwallet.com\/pt\/wp-json\/wp\/v2\/pages"}],"about":[{"href":"https:\/\/bitwallet.com\/pt\/wp-json\/wp\/v2\/types\/page"}],"author":[{"embeddable":true,"href":"https:\/\/bitwallet.com\/pt\/wp-json\/wp\/v2\/users\/5"}],"replies":[{"embeddable":true,"href":"https:\/\/bitwallet.com\/pt\/wp-json\/wp\/v2\/comments?post=1045"}],"version-history":[{"count":36,"href":"https:\/\/bitwallet.com\/pt\/wp-json\/wp\/v2\/pages\/1045\/revisions"}],"predecessor-version":[{"id":4925,"href":"https:\/\/bitwallet.com\/pt\/wp-json\/wp\/v2\/pages\/1045\/revisions\/4925"}],"up":[{"embeddable":true,"href":"https:\/\/bitwallet.com\/pt\/wp-json\/wp\/v2\/pages\/1028"}],"wp:attachment":[{"href":"https:\/\/bitwallet.com\/pt\/wp-json\/wp\/v2\/media?parent=1045"}],"curies":[{"name":"wp","href":"https:\/\/api.w.org\/{rel}","templated":true}]}}