{"id":948,"date":"2023-09-20T15:36:40","date_gmt":"2023-09-20T06:36:40","guid":{"rendered":"https:\/\/bitwallet.com\/?page_id=948"},"modified":"2024-03-19T16:21:20","modified_gmt":"2024-03-19T07:21:20","slug":"company","status":"publish","type":"page","link":"https:\/\/bitwallet.com\/lt\/aboutus\/company\/","title":{"rendered":"Bendrov\u0117"},"content":{"rendered":"<div class=\"wp-block-cover alignwide header\"><span aria-hidden=\"true\" class=\"wp-block-cover__background has-black-background-color has-background-dim-0 has-background-dim\"><\/span><img loading=\"lazy\" decoding=\"async\" width=\"2000\" height=\"360\" class=\"wp-block-cover__image-background wp-image-956\" alt=\"\" src=\"https:\/\/bitwallet.com\/wp-content\/uploads\/2023\/09\/mv-aboutus-company-jpg.webp\" data-object-fit=\"cover\"\/><div class=\"wp-block-cover__inner-container has-global-padding is-layout-constrained wp-block-cover-is-layout-constrained\">\n<h1 class=\"wp-block-heading has-text-align-left\">Bendrov\u0117<\/h1>\n\n\n\n<p>Pasaulin\u0117 \u012fmon\u0117s informacija<\/p>\n<\/div><\/div>\n\n\n\n<div class=\"wp-block-group box has-global-padding is-layout-constrained wp-block-group-is-layout-constrained\">\n<h3 class=\"wp-block-heading\">Apie mus<\/h3>\n\n\n\n<p>Nuo pat \u012fsik\u016brimo Singap\u016bre 2012 m. teik\u0117me plat\u0173 mok\u0117jimo paslaug\u0173 spektr\u0105 Azijos \u0161alims ir kitoms pasaulio \u0161alims. Toliau ie\u0161kojome galimybi\u0173 teikti geresnius mok\u0117jimo sprendimus prekybininkams ir j\u0173 klientams, atnaujindami savo paslaugas prad\u0117jome si\u016blyti \u201ebitwallet\u201c paslaugas. Suprantame ir susipa\u017e\u012fstame su skirtumais tarp internetini\u0173 tarptautini\u0173 mok\u0117jimo b\u016bd\u0173 ir technologij\u0173 pramon\u0117s finans\u0173 rinkose ir pripa\u017e\u012fstame, kad m\u016bs\u0173 misija yra sukurti ir teikti vientis\u0105 mok\u0117jimo platform\u0105 visiems verslo savininkams ir j\u0173 klientams visame pasaulyje.<\/p>\n<\/div>\n\n\n\n<p>Jei turite klausim\u0173 d\u0117l bitwallet paslaugos, susisiekite su mumis pasirinkdami \u0161ias parinktis.<\/p>\n\n\n\n<div class=\"wp-block-group box has-global-padding is-layout-constrained wp-block-group-is-layout-constrained\">\n<h3 class=\"wp-block-heading\">D\u0117l klient\u0173 aptarnavimo<\/h3>\n\n\n\n<p>Jei turite klausim\u0173 d\u0117l s\u0105skaitos atidarymo, paskyros naudojimo ar m\u016bs\u0173 paslaug\u0173, susisiekite su mumis \u010dia.<\/p>\n\n\n\n<div class=\"wp-block-buttons is-content-justification-center is-layout-flex wp-container-core-buttons-is-layout-16018d1d wp-block-buttons-is-layout-flex\">\n<div class=\"wp-block-button effect01\"><a class=\"wp-block-button__link wp-element-button\" href=\"\/lt\/support\/contact\/customer-inquiry\/\">D\u0117l klient\u0173 aptarnavimo<\/a><\/div>\n<\/div>\n<\/div>\n\n\n\n<div class=\"wp-block-group box has-global-padding is-layout-constrained wp-block-group-is-layout-constrained\">\n<h3 class=\"wp-block-heading\">Prekybininkams<\/h3>\n\n\n\n<p>Jei esate prekybininko narys arba ketinate registruotis kaip prekybininkas, susisiekite su mumis \u010dia.<\/p>\n\n\n\n<div class=\"wp-block-buttons is-content-justification-center is-layout-flex wp-container-core-buttons-is-layout-16018d1d wp-block-buttons-is-layout-flex\">\n<div class=\"wp-block-button effect01\"><a class=\"wp-block-button__link wp-element-button\" href=\"\/lt\/support\/contact\/merchant-inquiry\/\">Prekybininkams<\/a><\/div>\n<\/div>\n<\/div>\n\n\n\n<div class=\"wp-block-group box has-global-padding is-layout-constrained wp-block-group-is-layout-constrained\">\n<h3 class=\"wp-block-heading\">\u017diniasklaidos pasiteiravimui<\/h3>\n\n\n\n<p>Jei esate \u017einiasklaidos narys arba norite susisiekti \u017einiasklaidos ar rinkodaros tikslais, susisiekite su mumis.<\/p>\n\n\n\n<div class=\"wp-block-buttons is-content-justification-center is-layout-flex wp-container-core-buttons-is-layout-16018d1d wp-block-buttons-is-layout-flex\">\n<div class=\"wp-block-button effect01\"><a class=\"wp-block-button__link wp-element-button\" href=\"\/lt\/support\/contact\/media-inquiry\/\">\u017diniasklaidos pasiteiravimui<\/a><\/div>\n<\/div>\n<\/div>","protected":false},"excerpt":{"rendered":"<p>Apie mus Nuo pat \u012fsik\u016brimo Singap\u016bre 2012 m. teik\u0117me plat\u0173 mok\u0117jimo paslaug\u0173 spektr\u0105 Azijos ir kitoms pasaulio \u0161alims. Toliau ie\u0161kojome galimybi\u0173 teikti geresnius mok\u0117jimo sprendimus prekybininkams ir j\u0173 klientams, atnaujindami savo paslaugas prad\u0117jome si\u016blyti \u201ebitwallet\u201c paslaugas. Suprantame ir susipa\u017e\u012fstame su skirtumais tarp internetini\u0173 tarptautini\u0173 mok\u0117jimo b\u016bd\u0173 ir technologij\u0173 pramon\u0117s finans\u0173 rinkose ir pripa\u017e\u012fstame, kad m\u016bs\u0173 misija yra sukurti ir teikti vientis\u0105 mok\u0117jimo platform\u0105 visiems verslo savininkams ir j\u0173 klientams visame pasaulyje. Jei turite klausim\u0173 d\u0117l bitwallet paslaugos, susisiekite su mumis pasirinkdami\u2026<\/p>","protected":false},"author":5,"featured_media":0,"parent":322,"menu_order":9,"comment_status":"closed","ping_status":"closed","template":"","meta":{"footnotes":""},"class_list":["post-948","page","type-page","status-publish","hentry"],"_links":{"self":[{"href":"https:\/\/bitwallet.com\/lt\/wp-json\/wp\/v2\/pages\/948","targetHints":{"allow":["GET"]}}],"collection":[{"href":"https:\/\/bitwallet.com\/lt\/wp-json\/wp\/v2\/pages"}],"about":[{"href":"https:\/\/bitwallet.com\/lt\/wp-json\/wp\/v2\/types\/page"}],"author":[{"embeddable":true,"href":"https:\/\/bitwallet.com\/lt\/wp-json\/wp\/v2\/users\/5"}],"replies":[{"embeddable":true,"href":"https:\/\/bitwallet.com\/lt\/wp-json\/wp\/v2\/comments?post=948"}],"version-history":[{"count":13,"href":"https:\/\/bitwallet.com\/lt\/wp-json\/wp\/v2\/pages\/948\/revisions"}],"predecessor-version":[{"id":4665,"href":"https:\/\/bitwallet.com\/lt\/wp-json\/wp\/v2\/pages\/948\/revisions\/4665"}],"up":[{"embeddable":true,"href":"https:\/\/bitwallet.com\/lt\/wp-json\/wp\/v2\/pages\/322"}],"wp:attachment":[{"href":"https:\/\/bitwallet.com\/lt\/wp-json\/wp\/v2\/media?parent=948"}],"curies":[{"name":"wp","href":"https:\/\/api.w.org\/{rel}","templated":true}]}}